{"id":63082,"date":"2025-08-05T17:26:12","date_gmt":"2025-08-05T15:26:12","guid":{"rendered":"https:\/\/www.toshiba-storage.com\/?page_id=63082"},"modified":"2025-09-05T08:40:26","modified_gmt":"2025-09-05T06:40:26","slug":"erisilebilirlik-beyani","status":"publish","type":"page","link":"https:\/\/www.toshiba-storage.com\/tr\/erisilebilirlik-beyani\/","title":{"rendered":"Eri\u015filebilirlik Beyan\u0131"},"content":{"rendered":"<div class=\"wpb-content-wrapper\"><p>[vc_row][vc_column][vc_column_text css=&#8221;&#8221;]<\/p>\n<h3><strong>Giri\u015f<\/strong><\/h3>\n<p>Toshiba Electronics Europe GmbH olarak web sitemizin engelli kullan\u0131c\u0131lar da dahil olmak \u00fczere herkes i\u00e7in eri\u015filebilir olmas\u0131n\u0131 sa\u011flamay\u0131 taahh\u00fct ediyoruz. <strong>Web \u0130\u00e7eri\u011fi Eri\u015filebilirlik Y\u00f6nergeleri (WCAG)<\/strong> <strong>2.1, Seviye AA<\/strong>&#8216;da belirtilen gereklilikleri kar\u015f\u0131lamaya veya a\u015fmaya ve <strong>Alman Eri\u015filebilirlik \u0130yile\u015ftirme Yasas\u0131 (Barrierefreiheitsst\u00e4rkungsgesetz, BFSG) ve \u00fcr\u00fcn ve hizmetler i\u00e7in eri\u015filebilirlik gerekliliklerine ili\u015fkin (AB) 2019\/882 say\u0131l\u0131 Direktif (AB Eri\u015filebilirlik Direktifi)<\/strong> ile uyumlu olmaya \u00e7al\u0131\u015f\u0131yoruz.<\/p>\n<p>Bu eri\u015filebilirlik beyan\u0131 a\u015fa\u011f\u0131dakiler i\u00e7in ge\u00e7erlidir:<br \/>\nwww.toshiba-storage.com<strong>\u00a0<\/strong><\/p>\n<p><strong>Dijital Hizmetlerin Genel Tan\u0131m\u0131<\/strong><\/p>\n<p><strong>\u0130leti\u015fim Formu &#8211; HDD \u0130novasyon Laboratuvar\u0131<\/strong><\/p>\n<p>\u0130leti\u015fim formu &#8211; HDD Innovation Lab web sitesi ziyaret\u00e7ilerinin geleneksel e-posta veya di\u011fer y\u00f6ntemleri kullanmalar\u0131na gerek kalmadan Toshiba Electronics Europe GmbH\u2019ye mesaj veya soru g\u00f6ndermelerini sa\u011flayan web tabanl\u0131 bir ara\u00e7t\u0131r.\u00a0\u015eu alanlar bulunmaktad\u0131r:<\/p>\n<ul>\n<li>Ad*<\/li>\n<li>\u015eirket*<\/li>\n<li>E-posta*<\/li>\n<li>Mesaj*<\/li>\n<\/ul>\n<p>*Bu bilgi gereklidir<\/p>\n<p>Gelen iletiler \u015fu e-posta adresine iletilir: <a href=\"mailto:HDDSupport@tee.toshiba.de\">HDDSupport@tee.toshiba.de<\/a>.<\/p>\n<p><strong>\u0130leti\u015fim Formu &#8211; Support<\/strong><\/p>\n<p>\u0130leti\u015fim formu &#8211; Support web sitesi ziyaret\u00e7ilerinin geleneksel e-posta veya di\u011fer y\u00f6ntemleri kullanmalar\u0131na gerek kalmadan Toshiba Electronics Europe GmbH\u2019ye mesaj veya soru g\u00f6ndermelerini sa\u011flayan web tabanl\u0131 bir ara\u00e7t\u0131r.\u00a0\u015eu alanlar bulunmaktad\u0131r:<\/p>\n<ul>\n<li>Ad*<\/li>\n<li>E-posta*<\/li>\n<li>Adres<\/li>\n<li>\u00dcr\u00fcn Kategorisi<\/li>\n<li>Konu<\/li>\n<li>Yorum veya Mesaj*<\/li>\n<\/ul>\n<p>*Bu bilgi gereklidir<\/p>\n<p>Gelen iletiler \u015fu e-posta adresine iletilir: <a href=\"mailto:HDDSupport@tee.toshiba.de\">HDDSupport@tee.toshiba.de<\/a>.<\/p>\n<p><strong>Veri Kurtarma Hizmeti<\/strong><\/p>\n<p>Harici veri kurtarma hizmeti sa\u011flay\u0131c\u0131lar\u0131, sabit diskler gibi depolama cihazlar\u0131ndan kaybolan, silinen veya bozulan verileri geri alma konusunda uzmanl\u0131k sunar.\u00a0Bu hizmetler, donan\u0131mla ilgili veya mant\u0131ksal ar\u0131zalar nedeniyle eri\u015filemeyen verileri kurtarmak i\u00e7in \u00f6zel ara\u00e7lar ve teknikler kullan\u0131r.\u00a0Veri kurtarma, yanl\u0131\u015fl\u0131kla silinen dosyalar\u0131n kurtar\u0131lmas\u0131ndan a\u011f\u0131r hasar g\u00f6rm\u00fc\u015f cihazlardan verilerin geri y\u00fcklenmesine kadar uzanabilir. <a href=\"https:\/\/www.toshiba-storage.com\/data-recovery\/\">Veri Kurtarma &#8211; EMEA<\/a> web sitesi kapsam\u0131nda ziyaret\u00e7iler, veri kurtarma hizmetleri sunan harici hizmet sa\u011flay\u0131c\u0131lara y\u00f6nlendirilecektir.<\/p>\n<p><strong>Garanti \u0130\u015flemcisi<\/strong><\/p>\n<p>Toshiba Electronics Europe GmbH, garanti taleplerini ele almak ve i\u015flemekten sorumlu olan ve m\u00fc\u015fterilerin kusurlu \u00fcr\u00fcnler durumunda uygun deste\u011fi almas\u0131n\u0131 sa\u011flayan harici bir garanti i\u015flemcisi olan StorRepair GmbH\u2019yi kullan\u0131r.\u00a0Bu, talepleri g\u00f6zden ge\u00e7irme, bilgileri do\u011frulama ve herhangi bir sorunu \u00e7\u00f6zmek i\u00e7in \u00e7e\u015fitli taraflarla koordinasyon sa\u011flama gibi g\u00f6revleri i\u00e7erir.<\/p>\n<p><a href=\"https:\/\/www.toshiba-storage.com\/warranty-claims\/\">Garanti &#8211; EMEA<\/a> web sitesi kapsam\u0131nda ziyaret\u00e7iler, harici <a href=\"https:\/\/www.storrepair.com\/toshiba_products\/\">StorRepair GmbH<\/a> hizmet portal\u0131na y\u00f6nlendirilecektir.<\/p>\n<p><strong>Nereden sat\u0131n al\u0131n\u0131r? <\/strong><\/p>\n<p>Nereden sat\u0131n al\u0131n\u0131r? sayfas\u0131, m\u00fc\u015fterilerin ilgilendikleri \u00fcr\u00fcn\u00fc nereden sat\u0131n alaca\u011f\u0131n\u0131 bulmas\u0131na yard\u0131mc\u0131 olur. Web sitesi ziyaret\u00e7ileri \u00fclkelerini ve ilgili sat\u0131c\u0131 t\u00fcr\u00fcn\u00fc se\u00e7ebilir ve ard\u0131ndan e\u015fle\u015fen pazar yerlerine genel bir bak\u0131\u015f elde ederler.\u00a0Logolara t\u0131klad\u0131klar\u0131nda, \u00fcr\u00fcnlerimizi satan d\u0131\u015f tedarik\u00e7ilerin web sitesine y\u00f6nlendirileceklerdir.<\/p>\n<h3><strong>\u00a0<\/strong><strong>Ge\u00e7erli Eri\u015filebilirlik Standartlar\u0131<\/strong><\/h3>\n<p>Bu web sitesi \u015fu gereksinimlere uygundur:<\/p>\n<ul>\n<li><strong>WCAG 2.1 Seviye AA ve<br \/>\n<\/strong><\/li>\n<li><strong>Alman Eri\u015filebilirlik \u0130yile\u015ftirme Yasas\u0131<\/strong>, \u00f6zellikle \u00a73 paragraf 1 BFSG ile ba\u011flant\u0131l\u0131 olarak \u00a714 BFSG ve Eri\u015filebilirlik \u0130yile\u015ftirme Yasas\u0131na ili\u015fkin ilgili Y\u00f6netmelik (Verordnung zum Barrierefreiheitsst\u00e4rkungsgesetz, BFSGV) dahil olmak \u00fczere di\u011fer ilgili mevzuat.<\/li>\n<\/ul>\n<h3><strong>Eri\u015filebilirli\u011fi Sa\u011flamaya Y\u00f6nelik \u00d6nlemler<\/strong><\/h3>\n<p>Eri\u015filebilirli\u011fi desteklemek i\u00e7in:<\/p>\n<ul>\n<li>G\u00f6r\u00fcnt\u00fcler i\u00e7in alternatif metinler \u00fcretiyoruz.<\/li>\n<li>Net ve tutarl\u0131 bir gezinme i\u015flevi kullan\u0131yoruz.<\/li>\n<li>Etkile\u015fimli t\u00fcm \u00f6\u011felerin klavye y\u00f6nlendirmesi ile eri\u015filebilir olmas\u0131n\u0131 sa\u011fl\u0131yoruz.<\/li>\n<li>Ekran okuyucular\u0131 ve di\u011fer yard\u0131mc\u0131 teknolojileri destekliyoruz.<\/li>\n<li>Okuma kolayl\u0131\u011f\u0131 i\u00e7in yeterli d\u00fczeyde renk kontrast\u0131 kullan\u0131yoruz.<\/li>\n<li>Multimedya i\u00e7erikleri i\u00e7in alt yaz\u0131lar veya transkriptler sa\u011fl\u0131yoruz.<\/li>\n<\/ul>\n<h3><strong>Yard\u0131mc\u0131 Teknolojiler<\/strong><\/h3>\n<p>Web sitemiz, a\u015fa\u011f\u0131dakiler de dahil olmak \u00fczere ba\u015fl\u0131ca yard\u0131mc\u0131 teknolojilerle uyumlu olacak \u015fekilde tasarlanm\u0131\u015ft\u0131r:<\/p>\n<ul>\n<li>Ekran okuyucular (\u00f6r. JAWS, NVDA)<\/li>\n<li>Ses tan\u0131ma yaz\u0131l\u0131m\u0131<\/li>\n<li>Ekran b\u00fcy\u00fct\u00fcc\u00fcler<\/li>\n<li>Alternatif giri\u015f cihazlar\u0131<\/li>\n<\/ul>\n<h3><strong>Devam Eden Geli\u015ftirmeler<\/strong><\/h3>\n<p>Web sitemizin eri\u015filebilirli\u011fini art\u0131rmak i\u00e7in s\u00fcrekli olarak \u00e7al\u0131\u015f\u0131yoruz. Ekibimiz siteyi d\u00fczenli olarak test eder, uzmanlara dan\u0131\u015f\u0131r ve s\u00fcrekli uyumluluk ve kullan\u0131labilirlik sa\u011flamak i\u00e7in kullan\u0131c\u0131 geri bildirimlerini dahil eder.<\/p>\n<p><strong>Geri Bildirim ve \u0130leti\u015fim Bilgileri<\/strong><\/p>\n<p>Eri\u015filebilirlikle ilgili herhangi bir engelle kar\u015f\u0131la\u015f\u0131rsan\u0131z veya alternatif bir formatta i\u00e7eri\u011fe ihtiyac\u0131n\u0131z varsa, l\u00fctfen bizimle ileti\u015fime ge\u00e7in:<\/p>\n<p><strong>Toshiba Electronics Europe GmbH<\/strong><\/p>\n<p>Hansaallee 181<\/p>\n<p>40549 D\u00fcsseldorf<\/p>\n<p>Almanya<\/p>\n<p>Telefon: +49 (0) 211 5296-0<\/p>\n<p>E-posta\u00a0: info@toshiba-storage.com<\/p>\n<p>Genel M\u00fcd\u00fcr: Peter Lieberwirth<br \/>\nTicaret sicili: D\u00fcsseldorf HRB 22487<br \/>\nKDV numaras\u0131: DE811207415<\/p>\n<p><strong>Sorumlu Devlet Piyasa G\u00f6zetim Kurumu<\/strong><\/p>\n<p>Ayr\u0131ca, haklar\u0131n\u0131z\u0131 savunman\u0131z konusunda size destek olacak sorumlu devlet piyasa g\u00f6zetim kurumuyla ileti\u015fime ge\u00e7me hakk\u0131na da sahipsiniz:<\/p>\n<p>Markt\u00fcberwachungsstelle der L\u00e4nder f\u00fcr die Barrierefreiheit von Produkten und Dienstleistungen<\/p>\n<p>c\/o Ministerium f\u00fcr Arbeit, Soziales, Gesundheit und Gleichstellung Sachsen-Anhalt<br \/>\nPostfach 39 11 55<br \/>\n39135 Magdeburg<\/p>\n<p>Telefon:\u00a00391 567 6970<br \/>\nE-\u200bposta:\u00a0<a href=\"https:\/\/ms.sachsen-anhalt.de\/themen\/menschen-mit-behinderungen\/aktuelles\/marktueberwachungsstelle-der-laender-fuer-die-barrierefreiheit-von-produkten-und-dienstleistungen\">MLBF(at)ms.sachsen-\u200banhalt.de<\/a>.[\/vc_column_text][\/vc_column][\/vc_row]<\/p>\n<\/div>","protected":false},"excerpt":{"rendered":"<p>[vc_row][vc_column][vc_column_text css=&#8221;&#8221;] Giri\u015f Toshiba Electronics Europe GmbH olarak web sitemizin engelli kullan\u0131c\u0131lar da dahil olmak \u00fczere herkes i\u00e7in eri\u015filebilir olmas\u0131n\u0131 sa\u011flamay\u0131 taahh\u00fct ediyoruz. Web \u0130\u00e7eri\u011fi Eri\u015filebilirlik Y\u00f6nergeleri (WCAG) 2.1, Seviye AA&#8216;da belirtilen gereklilikleri kar\u015f\u0131lamaya veya a\u015fmaya ve Alman Eri\u015filebilirlik \u0130yile\u015ftirme Yasas\u0131 (Barrierefreiheitsst\u00e4rkungsgesetz, BFSG) ve \u00fcr\u00fcn ve hizmetler i\u00e7in eri\u015filebilirlik gerekliliklerine ili\u015fkin (AB) 2019\/882 say\u0131l\u0131 Direktif &hellip;<\/p>\n","protected":false},"author":41,"featured_media":0,"parent":0,"menu_order":0,"comment_status":"closed","ping_status":"closed","template":"page-legal.php","meta":{"_acf_changed":false,"footnotes":""},"class_list":["post-63082","page","type-page","status-publish","hentry"],"acf":[],"yoast_head":"<!-- This site is optimized with the Yoast SEO Premium plugin v27.3 (Yoast SEO v27.3) - https:\/\/yoast.com\/product\/yoast-seo-premium-wordpress\/ -->\n<title>Eri\u015filebilirlik Beyan\u0131 - EMEA<\/title>\n<meta name=\"robots\" content=\"index, follow, max-snippet:-1, max-image-preview:large, max-video-preview:-1\" \/>\n<link rel=\"canonical\" href=\"https:\/\/www.toshiba-storage.com\/tr\/erisilebilirlik-beyani\/\" \/>\n<meta property=\"og:locale\" content=\"tr_TR\" \/>\n<meta property=\"og:type\" content=\"article\" \/>\n<meta property=\"og:title\" content=\"Eri\u015filebilirlik Beyan\u0131\" \/>\n<meta property=\"og:description\" content=\"[vc_row][vc_column][vc_column_text css=&#8221;&#8221;] Giri\u015f Toshiba Electronics Europe GmbH olarak web sitemizin engelli kullan\u0131c\u0131lar da dahil olmak \u00fczere herkes i\u00e7in eri\u015filebilir olmas\u0131n\u0131 sa\u011flamay\u0131 taahh\u00fct ediyoruz. Web \u0130\u00e7eri\u011fi Eri\u015filebilirlik Y\u00f6nergeleri (WCAG) 2.1, Seviye AA&#8216;da belirtilen gereklilikleri kar\u015f\u0131lamaya veya a\u015fmaya ve Alman Eri\u015filebilirlik \u0130yile\u015ftirme Yasas\u0131 (Barrierefreiheitsst\u00e4rkungsgesetz, BFSG) ve \u00fcr\u00fcn ve hizmetler i\u00e7in eri\u015filebilirlik gerekliliklerine ili\u015fkin (AB) 2019\/882 say\u0131l\u0131 Direktif &hellip;\" \/>\n<meta property=\"og:url\" content=\"https:\/\/www.toshiba-storage.com\/tr\/erisilebilirlik-beyani\/\" \/>\n<meta property=\"og:site_name\" content=\"EMEA\" \/>\n<meta property=\"article:publisher\" content=\"https:\/\/www.facebook.com\/ToshibaStorageEU\/\" \/>\n<meta property=\"article:modified_time\" content=\"2025-09-05T06:40:26+00:00\" \/>\n<meta name=\"twitter:card\" content=\"summary_large_image\" \/>\n<meta name=\"twitter:label1\" content=\"Est. reading time\" \/>\n\t<meta name=\"twitter:data1\" content=\"3 minutes\" \/>\n<script type=\"application\/ld+json\" class=\"yoast-schema-graph\">{\"@context\":\"https:\\\/\\\/schema.org\",\"@graph\":[{\"@type\":\"WebPage\",\"@id\":\"https:\\\/\\\/www.toshiba-storage.com\\\/tr\\\/erisilebilirlik-beyani\\\/\",\"url\":\"https:\\\/\\\/www.toshiba-storage.com\\\/tr\\\/erisilebilirlik-beyani\\\/\",\"name\":\"Eri\u015filebilirlik Beyan\u0131 - EMEA\",\"isPartOf\":{\"@id\":\"https:\\\/\\\/www.toshiba-storage.com\\\/tr\\\/#website\"},\"datePublished\":\"2025-08-05T15:26:12+00:00\",\"dateModified\":\"2025-09-05T06:40:26+00:00\",\"inLanguage\":\"tr-TR\",\"potentialAction\":[{\"@type\":\"ReadAction\",\"target\":[\"https:\\\/\\\/www.toshiba-storage.com\\\/tr\\\/erisilebilirlik-beyani\\\/\"]}]},{\"@type\":\"WebSite\",\"@id\":\"https:\\\/\\\/www.toshiba-storage.com\\\/tr\\\/#website\",\"url\":\"https:\\\/\\\/www.toshiba-storage.com\\\/tr\\\/\",\"name\":\"Toshiba Storage Solutions \u2013 EMEA Region\",\"description\":\"Toshiba in Europe and Middle East Asia provides reliable and innovative storage solutions and internal and external HDDs \u2013for Laptops, PC, NAS, Surveillance and Enterprise.\",\"publisher\":{\"@id\":\"https:\\\/\\\/www.toshiba-storage.com\\\/tr\\\/#organization\"},\"potentialAction\":[{\"@type\":\"SearchAction\",\"target\":{\"@type\":\"EntryPoint\",\"urlTemplate\":\"https:\\\/\\\/www.toshiba-storage.com\\\/tr\\\/?s={search_term_string}\"},\"query-input\":{\"@type\":\"PropertyValueSpecification\",\"valueRequired\":true,\"valueName\":\"search_term_string\"}}],\"inLanguage\":\"tr-TR\"},{\"@type\":\"Organization\",\"@id\":\"https:\\\/\\\/www.toshiba-storage.com\\\/tr\\\/#organization\",\"name\":\"Toshiba Electronics Europe GmbH\",\"url\":\"https:\\\/\\\/www.toshiba-storage.com\\\/tr\\\/\",\"logo\":{\"@type\":\"ImageObject\",\"inLanguage\":\"tr-TR\",\"@id\":\"https:\\\/\\\/www.toshiba-storage.com\\\/tr\\\/#\\\/schema\\\/logo\\\/image\\\/\",\"url\":\"https:\\\/\\\/www.toshiba-storage.com\\\/wp\\\/wp-content\\\/uploads\\\/2024\\\/02\\\/toshiba-logo.png\",\"contentUrl\":\"https:\\\/\\\/www.toshiba-storage.com\\\/wp\\\/wp-content\\\/uploads\\\/2024\\\/02\\\/toshiba-logo.png\",\"width\":263,\"height\":40,\"caption\":\"Toshiba Electronics Europe GmbH\"},\"image\":{\"@id\":\"https:\\\/\\\/www.toshiba-storage.com\\\/tr\\\/#\\\/schema\\\/logo\\\/image\\\/\"},\"sameAs\":[\"https:\\\/\\\/www.facebook.com\\\/ToshibaStorageEU\\\/\",\"https:\\\/\\\/www.linkedin.com\\\/company\\\/toshiba-electronics-europe-gmbh\\\/?originalSubdomain=de\",\"https:\\\/\\\/www.youtube.com\\\/user\\\/ToshibaElectronics1\"]}]}<\/script>\n<!-- \/ Yoast SEO Premium plugin. -->","yoast_head_json":{"title":"Eri\u015filebilirlik Beyan\u0131 - EMEA","robots":{"index":"index","follow":"follow","max-snippet":"max-snippet:-1","max-image-preview":"max-image-preview:large","max-video-preview":"max-video-preview:-1"},"canonical":"https:\/\/www.toshiba-storage.com\/tr\/erisilebilirlik-beyani\/","og_locale":"tr_TR","og_type":"article","og_title":"Eri\u015filebilirlik Beyan\u0131","og_description":"[vc_row][vc_column][vc_column_text css=&#8221;&#8221;] Giri\u015f Toshiba Electronics Europe GmbH olarak web sitemizin engelli kullan\u0131c\u0131lar da dahil olmak \u00fczere herkes i\u00e7in eri\u015filebilir olmas\u0131n\u0131 sa\u011flamay\u0131 taahh\u00fct ediyoruz. Web \u0130\u00e7eri\u011fi Eri\u015filebilirlik Y\u00f6nergeleri (WCAG) 2.1, Seviye AA&#8216;da belirtilen gereklilikleri kar\u015f\u0131lamaya veya a\u015fmaya ve Alman Eri\u015filebilirlik \u0130yile\u015ftirme Yasas\u0131 (Barrierefreiheitsst\u00e4rkungsgesetz, BFSG) ve \u00fcr\u00fcn ve hizmetler i\u00e7in eri\u015filebilirlik gerekliliklerine ili\u015fkin (AB) 2019\/882 say\u0131l\u0131 Direktif &hellip;","og_url":"https:\/\/www.toshiba-storage.com\/tr\/erisilebilirlik-beyani\/","og_site_name":"EMEA","article_publisher":"https:\/\/www.facebook.com\/ToshibaStorageEU\/","article_modified_time":"2025-09-05T06:40:26+00:00","twitter_card":"summary_large_image","twitter_misc":{"Est. reading time":"3 minutes"},"schema":{"@context":"https:\/\/schema.org","@graph":[{"@type":"WebPage","@id":"https:\/\/www.toshiba-storage.com\/tr\/erisilebilirlik-beyani\/","url":"https:\/\/www.toshiba-storage.com\/tr\/erisilebilirlik-beyani\/","name":"Eri\u015filebilirlik Beyan\u0131 - EMEA","isPartOf":{"@id":"https:\/\/www.toshiba-storage.com\/tr\/#website"},"datePublished":"2025-08-05T15:26:12+00:00","dateModified":"2025-09-05T06:40:26+00:00","inLanguage":"tr-TR","potentialAction":[{"@type":"ReadAction","target":["https:\/\/www.toshiba-storage.com\/tr\/erisilebilirlik-beyani\/"]}]},{"@type":"WebSite","@id":"https:\/\/www.toshiba-storage.com\/tr\/#website","url":"https:\/\/www.toshiba-storage.com\/tr\/","name":"Toshiba Storage Solutions \u2013 EMEA Region","description":"Toshiba in Europe and Middle East Asia provides reliable and innovative storage solutions and internal and external HDDs \u2013for Laptops, PC, NAS, Surveillance and Enterprise.","publisher":{"@id":"https:\/\/www.toshiba-storage.com\/tr\/#organization"},"potentialAction":[{"@type":"SearchAction","target":{"@type":"EntryPoint","urlTemplate":"https:\/\/www.toshiba-storage.com\/tr\/?s={search_term_string}"},"query-input":{"@type":"PropertyValueSpecification","valueRequired":true,"valueName":"search_term_string"}}],"inLanguage":"tr-TR"},{"@type":"Organization","@id":"https:\/\/www.toshiba-storage.com\/tr\/#organization","name":"Toshiba Electronics Europe GmbH","url":"https:\/\/www.toshiba-storage.com\/tr\/","logo":{"@type":"ImageObject","inLanguage":"tr-TR","@id":"https:\/\/www.toshiba-storage.com\/tr\/#\/schema\/logo\/image\/","url":"https:\/\/www.toshiba-storage.com\/wp\/wp-content\/uploads\/2024\/02\/toshiba-logo.png","contentUrl":"https:\/\/www.toshiba-storage.com\/wp\/wp-content\/uploads\/2024\/02\/toshiba-logo.png","width":263,"height":40,"caption":"Toshiba Electronics Europe GmbH"},"image":{"@id":"https:\/\/www.toshiba-storage.com\/tr\/#\/schema\/logo\/image\/"},"sameAs":["https:\/\/www.facebook.com\/ToshibaStorageEU\/","https:\/\/www.linkedin.com\/company\/toshiba-electronics-europe-gmbh\/?originalSubdomain=de","https:\/\/www.youtube.com\/user\/ToshibaElectronics1"]}]}},"_links":{"self":[{"href":"https:\/\/www.toshiba-storage.com\/tr\/wp-json\/wp\/v2\/pages\/63082","targetHints":{"allow":["GET"]}}],"collection":[{"href":"https:\/\/www.toshiba-storage.com\/tr\/wp-json\/wp\/v2\/pages"}],"about":[{"href":"https:\/\/www.toshiba-storage.com\/tr\/wp-json\/wp\/v2\/types\/page"}],"author":[{"embeddable":true,"href":"https:\/\/www.toshiba-storage.com\/tr\/wp-json\/wp\/v2\/users\/41"}],"replies":[{"embeddable":true,"href":"https:\/\/www.toshiba-storage.com\/tr\/wp-json\/wp\/v2\/comments?post=63082"}],"version-history":[{"count":0,"href":"https:\/\/www.toshiba-storage.com\/tr\/wp-json\/wp\/v2\/pages\/63082\/revisions"}],"wp:attachment":[{"href":"https:\/\/www.toshiba-storage.com\/tr\/wp-json\/wp\/v2\/media?parent=63082"}],"curies":[{"name":"wp","href":"https:\/\/api.w.org\/{rel}","templated":true}]}}