{"id":47246,"date":"2021-08-10T23:20:53","date_gmt":"2021-08-10T21:20:53","guid":{"rendered":"https:\/\/www.toshiba-storage.com\/surveillance-solutions\/"},"modified":"2025-11-04T08:33:04","modified_gmt":"2025-11-04T07:33:04","slug":"surveillance-solutions","status":"publish","type":"page","link":"https:\/\/www.toshiba-storage.com\/tr\/surveillance-solutions\/","title":{"rendered":"Surveillance"},"content":{"rendered":"<div class=\"wpb-content-wrapper\"><p>[vc_row][vc_column][toshiba_text_block]<\/p>\n<h1 style=\"text-align: center\"><strong>Toshiba G\u00f6zetim \u00c7\u00f6z\u00fcmleri<\/strong><\/h1>\n<p>G\u00fcn\u00fcm\u00fcz\u00fcn g\u00f6zetim verilerini depolama pazar\u0131n\u0131n gereksinimlerini tam olarak destekleyen Toshiba&#8217;n\u0131n kapsaml\u0131 g\u00f6zetim HDD serisi, k\u00fc\u00e7\u00fck ve orta \u00f6l\u00e7ekli i\u015fletmelerin, profesyonel ve halka a\u00e7\u0131k alanlar\u0131n artan taleplerini, ayr\u0131ca b\u00fcy\u00fck veri ve analizleri hedef al\u0131r. A\u011f video kaydedicileri (NVR), dijital video kaydedicileri (DVR) veya merkezi arka u\u00e7 depolama i\u00e7in optimize edilmi\u015ftir.[\/toshiba_text_block][\/vc_column][\/vc_row][vc_row][vc_column width=&#8221;1\/3&#8243;][toshiba_product_teaser product=&#8221;S300 G\u00f6zetim Sabit S\u00fcr\u00fcc\u00fclerie (62018)&#8221;][\/vc_column][vc_column width=&#8221;1\/3&#8243;][toshiba_product_teaser product=&#8221;S300 Pro Surveillance Hard Drive (56385)&#8221;][\/vc_column][vc_column width=&#8221;1\/3&#8243;][toshiba_product_teaser product=&#8221;S300 AI G\u00f6zetim Sabit S\u00fcr\u00fcc\u00fcs\u00fc (64068)&#8221;][\/vc_column][\/vc_row][vc_row][vc_column][toshiba_text_block]<\/p>\n<h2 style=\"text-align: center\">Uygulama Alan\u0131<\/h2>\n<p>Toshiba, g\u00fcn\u00fcm\u00fcz\u00fcn b\u00fcy\u00fcyen g\u00f6zetim pazar\u0131ndaki uygulama alanlar\u0131n\u0131n farkl\u0131 gereksinimlerini hedefleyen amaca y\u00f6nelik g\u00f6zetim depolama \u00e7\u00f6z\u00fcmleri sunar. 7\/24 stabil \u00e7al\u0131\u015fma sa\u011flarlar ve \u00f6nde gelen g\u00f6zetim DVR&#8217;leri ve NVR&#8217;lerin ihtiya\u00e7lar\u0131 i\u00e7in optimize edilmi\u015ftir.[\/toshiba_text_block][\/vc_column][\/vc_row][vc_row][vc_column][toshiba_applications applications=&#8221;%5B%7B%22application%22%3A%22Ticari%20(47389)%22%7D%2C%7B%22application%22%3A%22Ula%C5%9F%C4%B1m%20(47411)%22%7D%2C%7B%22application%22%3A%22%C4%B0%C5%9F%20Ortam%C4%B1%20(47433)%22%7D%2C%7B%22application%22%3A%22Lojistik%20(47524)%22%7D%2C%7B%22application%22%3A%22Devlet%20ve%20Kamu%20(47455)%22%7D%2C%7B%22application%22%3A%22Finans%20(47367)%22%7D%2C%7B%22application%22%3A%22Hosteler%C3%ADa%20(47476)%22%7D%2C%7B%22application%22%3A%22Ak%C4%B1ll%C4%B1%20%C5%9Eehir%20(47499)%22%7D%5D&#8221;][\/vc_column][\/vc_row][vc_row][vc_column][toshiba_text_block]<\/p>\n<h2 style=\"text-align: center\">\u00dcr\u00fcn kar\u015f\u0131la\u015ft\u0131rma<\/h2>\n<p>[\/toshiba_text_block][\/vc_column][\/vc_row][vc_row][vc_column][toshiba_product_comparison comparison=&#8221;Surveillance Solution TR (47324)&#8221;][\/vc_column][\/vc_row]<\/p>\n<\/div>","protected":false},"excerpt":{"rendered":"<p>[vc_row][vc_column][toshiba_text_block] Toshiba G\u00f6zetim \u00c7\u00f6z\u00fcmleri G\u00fcn\u00fcm\u00fcz\u00fcn g\u00f6zetim verilerini depolama pazar\u0131n\u0131n gereksinimlerini tam olarak destekleyen Toshiba&#8217;n\u0131n kapsaml\u0131 g\u00f6zetim HDD serisi, k\u00fc\u00e7\u00fck ve orta \u00f6l\u00e7ekli i\u015fletmelerin, profesyonel ve halka a\u00e7\u0131k alanlar\u0131n artan taleplerini, ayr\u0131ca b\u00fcy\u00fck veri ve analizleri hedef al\u0131r. A\u011f video kaydedicileri (NVR), dijital video kaydedicileri (DVR) veya merkezi arka u\u00e7 depolama i\u00e7in optimize edilmi\u015ftir.[\/toshiba_text_block][\/vc_column][\/vc_row][vc_row][vc_column width=&#8221;1\/3&#8243;][toshiba_product_teaser product=&#8221;S300 &hellip;<\/p>\n","protected":false},"author":1,"featured_media":0,"parent":0,"menu_order":0,"comment_status":"closed","ping_status":"closed","template":"page-content-wide.php","meta":{"_acf_changed":false,"footnotes":""},"class_list":["post-47246","page","type-page","status-publish","hentry"],"acf":[],"yoast_head":"<!-- This site is optimized with the Yoast SEO Premium plugin v27.2 (Yoast SEO v27.2) - https:\/\/yoast.com\/product\/yoast-seo-premium-wordpress\/ -->\n<title>Surveillance - EMEA<\/title>\n<meta name=\"robots\" content=\"index, follow, max-snippet:-1, max-image-preview:large, max-video-preview:-1\" \/>\n<link rel=\"canonical\" href=\"https:\/\/www.toshiba-storage.com\/tr\/surveillance-solutions\/\" \/>\n<meta property=\"og:locale\" content=\"tr_TR\" \/>\n<meta property=\"og:type\" content=\"article\" \/>\n<meta property=\"og:title\" content=\"Surveillance\" \/>\n<meta property=\"og:description\" content=\"[vc_row][vc_column][toshiba_text_block] Toshiba G\u00f6zetim \u00c7\u00f6z\u00fcmleri G\u00fcn\u00fcm\u00fcz\u00fcn g\u00f6zetim verilerini depolama pazar\u0131n\u0131n gereksinimlerini tam olarak destekleyen Toshiba&#8217;n\u0131n kapsaml\u0131 g\u00f6zetim HDD serisi, k\u00fc\u00e7\u00fck ve orta \u00f6l\u00e7ekli i\u015fletmelerin, profesyonel ve halka a\u00e7\u0131k alanlar\u0131n artan taleplerini, ayr\u0131ca b\u00fcy\u00fck veri ve analizleri hedef al\u0131r. A\u011f video kaydedicileri (NVR), dijital video kaydedicileri (DVR) veya merkezi arka u\u00e7 depolama i\u00e7in optimize edilmi\u015ftir.[\/toshiba_text_block][\/vc_column][\/vc_row][vc_row][vc_column width=&#8221;1\/3&#8243;][toshiba_product_teaser product=&#8221;S300 &hellip;\" \/>\n<meta property=\"og:url\" content=\"https:\/\/www.toshiba-storage.com\/tr\/surveillance-solutions\/\" \/>\n<meta property=\"og:site_name\" content=\"EMEA\" \/>\n<meta property=\"article:publisher\" content=\"https:\/\/www.facebook.com\/ToshibaStorageEU\/\" \/>\n<meta property=\"article:modified_time\" content=\"2025-11-04T07:33:04+00:00\" \/>\n<meta name=\"twitter:card\" content=\"summary_large_image\" \/>\n<meta name=\"twitter:label1\" content=\"Est. reading time\" \/>\n\t<meta name=\"twitter:data1\" content=\"1 minute\" \/>\n<script type=\"application\/ld+json\" class=\"yoast-schema-graph\">{\"@context\":\"https:\/\/schema.org\",\"@graph\":[{\"@type\":\"WebPage\",\"@id\":\"https:\/\/www.toshiba-storage.com\/tr\/surveillance-solutions\/\",\"url\":\"https:\/\/www.toshiba-storage.com\/tr\/surveillance-solutions\/\",\"name\":\"Surveillance - EMEA\",\"isPartOf\":{\"@id\":\"https:\/\/www.toshiba-storage.com\/tr\/#website\"},\"datePublished\":\"2021-08-10T21:20:53+00:00\",\"dateModified\":\"2025-11-04T07:33:04+00:00\",\"inLanguage\":\"tr-TR\",\"potentialAction\":[{\"@type\":\"ReadAction\",\"target\":[\"https:\/\/www.toshiba-storage.com\/tr\/surveillance-solutions\/\"]}]},{\"@type\":\"WebSite\",\"@id\":\"https:\/\/www.toshiba-storage.com\/tr\/#website\",\"url\":\"https:\/\/www.toshiba-storage.com\/tr\/\",\"name\":\"Toshiba Storage Solutions \u2013 EMEA Region\",\"description\":\"Toshiba in Europe and Middle East Asia provides reliable and innovative storage solutions and internal and external HDDs \u2013for Laptops, PC, NAS, Surveillance and Enterprise.\",\"publisher\":{\"@id\":\"https:\/\/www.toshiba-storage.com\/tr\/#organization\"},\"potentialAction\":[{\"@type\":\"SearchAction\",\"target\":{\"@type\":\"EntryPoint\",\"urlTemplate\":\"https:\/\/www.toshiba-storage.com\/tr\/?s={search_term_string}\"},\"query-input\":{\"@type\":\"PropertyValueSpecification\",\"valueRequired\":true,\"valueName\":\"search_term_string\"}}],\"inLanguage\":\"tr-TR\"},{\"@type\":\"Organization\",\"@id\":\"https:\/\/www.toshiba-storage.com\/tr\/#organization\",\"name\":\"Toshiba Electronics Europe GmbH\",\"url\":\"https:\/\/www.toshiba-storage.com\/tr\/\",\"logo\":{\"@type\":\"ImageObject\",\"inLanguage\":\"tr-TR\",\"@id\":\"https:\/\/www.toshiba-storage.com\/tr\/#\/schema\/logo\/image\/\",\"url\":\"https:\/\/www.toshiba-storage.com\/wp\/wp-content\/uploads\/2024\/02\/toshiba-logo.png\",\"contentUrl\":\"https:\/\/www.toshiba-storage.com\/wp\/wp-content\/uploads\/2024\/02\/toshiba-logo.png\",\"width\":263,\"height\":40,\"caption\":\"Toshiba Electronics Europe GmbH\"},\"image\":{\"@id\":\"https:\/\/www.toshiba-storage.com\/tr\/#\/schema\/logo\/image\/\"},\"sameAs\":[\"https:\/\/www.facebook.com\/ToshibaStorageEU\/\",\"https:\/\/www.linkedin.com\/company\/toshiba-electronics-europe-gmbh\/?originalSubdomain=de\",\"https:\/\/www.youtube.com\/user\/ToshibaElectronics1\"]}]}<\/script>\n<!-- \/ Yoast SEO Premium plugin. -->","yoast_head_json":{"title":"Surveillance - EMEA","robots":{"index":"index","follow":"follow","max-snippet":"max-snippet:-1","max-image-preview":"max-image-preview:large","max-video-preview":"max-video-preview:-1"},"canonical":"https:\/\/www.toshiba-storage.com\/tr\/surveillance-solutions\/","og_locale":"tr_TR","og_type":"article","og_title":"Surveillance","og_description":"[vc_row][vc_column][toshiba_text_block] Toshiba G\u00f6zetim \u00c7\u00f6z\u00fcmleri G\u00fcn\u00fcm\u00fcz\u00fcn g\u00f6zetim verilerini depolama pazar\u0131n\u0131n gereksinimlerini tam olarak destekleyen Toshiba&#8217;n\u0131n kapsaml\u0131 g\u00f6zetim HDD serisi, k\u00fc\u00e7\u00fck ve orta \u00f6l\u00e7ekli i\u015fletmelerin, profesyonel ve halka a\u00e7\u0131k alanlar\u0131n artan taleplerini, ayr\u0131ca b\u00fcy\u00fck veri ve analizleri hedef al\u0131r. A\u011f video kaydedicileri (NVR), dijital video kaydedicileri (DVR) veya merkezi arka u\u00e7 depolama i\u00e7in optimize edilmi\u015ftir.[\/toshiba_text_block][\/vc_column][\/vc_row][vc_row][vc_column width=&#8221;1\/3&#8243;][toshiba_product_teaser product=&#8221;S300 &hellip;","og_url":"https:\/\/www.toshiba-storage.com\/tr\/surveillance-solutions\/","og_site_name":"EMEA","article_publisher":"https:\/\/www.facebook.com\/ToshibaStorageEU\/","article_modified_time":"2025-11-04T07:33:04+00:00","twitter_card":"summary_large_image","twitter_misc":{"Est. reading time":"1 minute"},"schema":{"@context":"https:\/\/schema.org","@graph":[{"@type":"WebPage","@id":"https:\/\/www.toshiba-storage.com\/tr\/surveillance-solutions\/","url":"https:\/\/www.toshiba-storage.com\/tr\/surveillance-solutions\/","name":"Surveillance - EMEA","isPartOf":{"@id":"https:\/\/www.toshiba-storage.com\/tr\/#website"},"datePublished":"2021-08-10T21:20:53+00:00","dateModified":"2025-11-04T07:33:04+00:00","inLanguage":"tr-TR","potentialAction":[{"@type":"ReadAction","target":["https:\/\/www.toshiba-storage.com\/tr\/surveillance-solutions\/"]}]},{"@type":"WebSite","@id":"https:\/\/www.toshiba-storage.com\/tr\/#website","url":"https:\/\/www.toshiba-storage.com\/tr\/","name":"Toshiba Storage Solutions \u2013 EMEA Region","description":"Toshiba in Europe and Middle East Asia provides reliable and innovative storage solutions and internal and external HDDs \u2013for Laptops, PC, NAS, Surveillance and Enterprise.","publisher":{"@id":"https:\/\/www.toshiba-storage.com\/tr\/#organization"},"potentialAction":[{"@type":"SearchAction","target":{"@type":"EntryPoint","urlTemplate":"https:\/\/www.toshiba-storage.com\/tr\/?s={search_term_string}"},"query-input":{"@type":"PropertyValueSpecification","valueRequired":true,"valueName":"search_term_string"}}],"inLanguage":"tr-TR"},{"@type":"Organization","@id":"https:\/\/www.toshiba-storage.com\/tr\/#organization","name":"Toshiba Electronics Europe GmbH","url":"https:\/\/www.toshiba-storage.com\/tr\/","logo":{"@type":"ImageObject","inLanguage":"tr-TR","@id":"https:\/\/www.toshiba-storage.com\/tr\/#\/schema\/logo\/image\/","url":"https:\/\/www.toshiba-storage.com\/wp\/wp-content\/uploads\/2024\/02\/toshiba-logo.png","contentUrl":"https:\/\/www.toshiba-storage.com\/wp\/wp-content\/uploads\/2024\/02\/toshiba-logo.png","width":263,"height":40,"caption":"Toshiba Electronics Europe GmbH"},"image":{"@id":"https:\/\/www.toshiba-storage.com\/tr\/#\/schema\/logo\/image\/"},"sameAs":["https:\/\/www.facebook.com\/ToshibaStorageEU\/","https:\/\/www.linkedin.com\/company\/toshiba-electronics-europe-gmbh\/?originalSubdomain=de","https:\/\/www.youtube.com\/user\/ToshibaElectronics1"]}]}},"_links":{"self":[{"href":"https:\/\/www.toshiba-storage.com\/tr\/wp-json\/wp\/v2\/pages\/47246","targetHints":{"allow":["GET"]}}],"collection":[{"href":"https:\/\/www.toshiba-storage.com\/tr\/wp-json\/wp\/v2\/pages"}],"about":[{"href":"https:\/\/www.toshiba-storage.com\/tr\/wp-json\/wp\/v2\/types\/page"}],"author":[{"embeddable":true,"href":"https:\/\/www.toshiba-storage.com\/tr\/wp-json\/wp\/v2\/users\/1"}],"replies":[{"embeddable":true,"href":"https:\/\/www.toshiba-storage.com\/tr\/wp-json\/wp\/v2\/comments?post=47246"}],"version-history":[{"count":0,"href":"https:\/\/www.toshiba-storage.com\/tr\/wp-json\/wp\/v2\/pages\/47246\/revisions"}],"wp:attachment":[{"href":"https:\/\/www.toshiba-storage.com\/tr\/wp-json\/wp\/v2\/media?parent=47246"}],"curies":[{"name":"wp","href":"https:\/\/api.w.org\/{rel}","templated":true}]}}