{"id":41349,"date":"2020-06-30T15:44:09","date_gmt":"2020-06-30T13:44:09","guid":{"rendered":"https:\/\/toshibastoragecom-preview.preview.pslsrv.com\/data-recovery\/"},"modified":"2025-12-03T08:56:53","modified_gmt":"2025-12-03T07:56:53","slug":"data-recovery","status":"publish","type":"page","link":"https:\/\/www.toshiba-storage.com\/tr\/data-recovery\/","title":{"rendered":"Veri Kurtarma"},"content":{"rendered":"<h1 class=\"has-large-font-size\" style=\"color: #e61e1e;margin: 40px 0 40px;text-align: center;line-height: 1.1\">Sabit s\u00fcr\u00fcc\u00fcn\u00fczde kaybetti\u011finiz verileri kurtarmak ister misiniz?<\/h1>\n<ul class=\"listCase\" style=\"font-size: 20px;line-height: 24px;text-align: center;max-width: 530px;margin-left: auto;margin-right: auto\">\n<li style=\"text-align: left\">T\u00fcm an\u0131lar\u0131n\u0131z\u0131 bir bilgisayar vir\u00fcs\u00fc nedeniyle kay\u0131p m\u0131 ettiniz?<\/li>\n<li style=\"text-align: left\">Sabit s\u00fcr\u00fcc\u00fcn\u00fcz\u00fc yanl\u0131\u015fl\u0131kla yeniden mi bi\u00e7imlendirdiniz*?<\/li>\n<li style=\"text-align: left\">Yanl\u0131\u015fl\u0131kla \u00f6nemli dosyalar\u0131 m\u0131 sildiniz\/dosyalar\u0131n \u00fczerine mi yazd\u0131n\u0131z?<\/li>\n<li style=\"text-align: left\">Sabit s\u00fcr\u00fcc\u00fcn\u00fcz\u00fc d\u00fc\u015f\u00fcrd\u00fcn\u00fcz ve art\u0131k eri\u015femiyor musunuz?<\/li>\n<\/ul>\n<p style=\"text-align: center;font-size: 15px\">*Sabit s\u00fcr\u00fcc\u00fc bi\u00e7imlendirmenin iki t\u00fcr\u00fc vard\u0131r: Mant\u0131ksal bi\u00e7imlendirme ve fiziksel bi\u00e7imlendirme. Fiziksel bi\u00e7imlendirme i\u015flemiyle sabit s\u00fcr\u00fcc\u00fc i\u00e7eri\u011finin tamamen silindi\u011fini ve kurtar\u0131lamayaca\u011f\u0131n\u0131 l\u00fctfen unutmay\u0131n.<\/p>\n<p class=\"p1\" style=\"text-align: center;font-size: 20px\">Umudunuzu kesmeden \u00f6nce, verilerinizi geri getirmek i\u00e7in harici bir veri kurtarma hizmeti \u015firketiyle \u00e7al\u0131\u015fabilirsiniz. Kolayl\u0131k olmas\u0131 i\u00e7in veri kurtarma hizmet sa\u011flay\u0131c\u0131lar\u0131n\u0131n ba\u011flant\u0131lar\u0131n\u0131 sa\u011fl\u0131yoruz.<\/p>\n<p style=\"text-align: center;margin-top: 30px\"><img loading=\"lazy\" decoding=\"async\" class=\"size-full wp-image-34842 aligncenter\" src=\"https:\/\/www.toshiba-storage.com\/wp\/wp-content\/uploads\/2020\/06\/20200630_Toshiba_Storage_Data_Recovery_Icon.gif\" alt=\"\" width=\"89\" height=\"96\" \/><\/p>\n<p style=\"text-align: center\">A\u015fa\u011f\u0131daki logolara t\u0131klayarak yukar\u0131da bulunan belirli yasal uyar\u0131lar\u0131 kabul etmi\u015f olursunuz.<br \/>A\u015fa\u011f\u0131daki hizmet sa\u011flay\u0131c\u0131lar\u0131, Toshiba HDD m\u00fc\u015fterilerine indirimli bir fiyatla veri kurtarma hizmetleri sunmaktad\u0131r.<\/p>\n<div class=\"row\">\n<div class=\"col-xs-6\" style=\"text-align: center;flex-direction: column\">\n<p style=\"flex-grow: 1;flex-direction: column;justify-content: center;align-items: center\"><a href=\"https:\/\/www.toshiba-storage.com\/link-ontrack\/\"><img loading=\"lazy\" decoding=\"async\" class=\"alignnone wp-image-39402 \" src=\"https:\/\/www.toshiba-storage.com\/wp\/wp-content\/uploads\/2020\/09\/ontrack_c-300x71.png\" alt=\"Ontrack\" width=\"232\" height=\"55\" srcset=\"https:\/\/www.toshiba-storage.com\/wp\/wp-content\/uploads\/2020\/09\/ontrack_c-300x71.png 300w, https:\/\/www.toshiba-storage.com\/wp\/wp-content\/uploads\/2020\/09\/ontrack_c-768x181.png 768w, https:\/\/www.toshiba-storage.com\/wp\/wp-content\/uploads\/2020\/09\/ontrack_c-1024x241.png 1024w, https:\/\/www.toshiba-storage.com\/wp\/wp-content\/uploads\/2020\/09\/ontrack_c.png 1785w\" sizes=\"auto, (max-width: 232px) 100vw, 232px\" \/><\/a><\/p>\n<p class=\"p1\"><a href=\"https:\/\/www.toshiba-storage.com\/link-ontrack\/\">Ontrack hakk\u0131nda daha fazla bilgi edinin<\/a><\/p>\n<\/div>\n<div class=\"col-xs-6\" style=\"text-align: center;flex-direction: column\">\n<p style=\"flex-grow: 1;flex-direction: column;justify-content: center;align-items: center\"><a href=\"https:\/\/www.toshiba-storage.com\/drivesavers\/\"><img loading=\"lazy\" decoding=\"async\" class=\"alignnone wp-image-39389 \" src=\"https:\/\/www.toshiba-storage.com\/wp\/wp-content\/uploads\/2020\/09\/DR_DSLogo-300x300.png\" alt=\"DriveSavers\" width=\"156\" height=\"156\" srcset=\"https:\/\/www.toshiba-storage.com\/wp\/wp-content\/uploads\/2020\/09\/DR_DSLogo-300x300.png 300w, https:\/\/www.toshiba-storage.com\/wp\/wp-content\/uploads\/2020\/09\/DR_DSLogo-150x150.png 150w, https:\/\/www.toshiba-storage.com\/wp\/wp-content\/uploads\/2020\/09\/DR_DSLogo-768x769.png 768w, https:\/\/www.toshiba-storage.com\/wp\/wp-content\/uploads\/2020\/09\/DR_DSLogo-1024x1024.png 1024w, https:\/\/www.toshiba-storage.com\/wp\/wp-content\/uploads\/2020\/09\/DR_DSLogo-450x450.png 450w, https:\/\/www.toshiba-storage.com\/wp\/wp-content\/uploads\/2020\/09\/DR_DSLogo.png 1502w\" sizes=\"auto, (max-width: 156px) 100vw, 156px\" \/><\/a><\/p>\n<p class=\"p1\"><a href=\"https:\/\/www.toshiba-storage.com\/drivesavers\/\">DriveSavers hakk\u0131nda daha fazla bilgi edinin<\/a><\/p>\n<\/div>\n<\/div>\n\n\n<div style=\"height:100px\" aria-hidden=\"true\" class=\"wp-block-spacer\"><\/div>\n\n\n\n<h2 class=\"wp-block-heading has-text-align-center has-large-font-size\" id=\"h-yasal-uyari\">Yasal Uyar\u0131<\/h2>\n\n\n\n<p class=\"p1\"><br>(a) A\u015fa\u011f\u0131da listelenen ba\u011f\u0131ms\u0131z ve harici hizmet sa\u011flay\u0131c\u0131lar\u0131ndan (\u201cHizmet Sa\u011flay\u0131c\u0131s\u0131\u201d) birini se\u00e7meniz sonucunda do\u011fabilecek riskler size aittir. Veri kurtarma hizmeti i\u00e7in a\u015fa\u011f\u0131da listelenenler d\u0131\u015f\u0131nda bir hizmet sa\u011flay\u0131c\u0131s\u0131 se\u00e7meniz konusunda hi\u00e7bir k\u0131s\u0131tlama bulunmamaktad\u0131r.<\/p>\n\n\n\n<p class=\"p1\">(b) Bir Hizmet Sa\u011flay\u0131c\u0131s\u0131yla veri kurtarma hizmeti i\u00e7in vard\u0131\u011f\u0131n\u0131z herhangi bir anla\u015fma, yaln\u0131zca sizinle Hizmet Sa\u011flay\u0131c\u0131s\u0131 aras\u0131ndad\u0131r. Toshiba Electronics Europe GmbH ve ba\u011fl\u0131 kurulu\u015flar\u0131 (bundan b\u00f6yle \u201cTOSHIBA\u201d olarak an\u0131lacakt\u0131r) hi\u00e7bir durumda b\u00f6yle bir anla\u015fman\u0131n taraf\u0131 olmayacakt\u0131r.<\/p>\n\n\n\n<p class=\"p1\">(c) TOSHIBA, BA\u011eIMSIZ VE HAR\u0130C\u0130 B\u0130R H\u0130ZMET SA\u011eLAYICISI TARAFINDAN SA\u011eLANAN H\u0130ZMETLERE \u0130L\u0130\u015eK\u0130N OLARAK, BA\u011eIMSIZ VE HAR\u0130C\u0130 H\u0130ZMET SA\u011eLAYICISI TARAFINDAN SA\u011eLANAN H\u0130ZMETLER\u0130N KAL\u0130TES\u0130 VEYA G\u00dcVEN\u0130L\u0130RL\u0130\u011e\u0130, HAK \u0130HLAL\u0130 BULUNMAMASI, SATILAB\u0130L\u0130RL\u0130\u011e\u0130 YA DA BEL\u0130RL\u0130 B\u0130R AMACA UYGUN OLMASI GARANT\u0130LER\u0130 DAH\u0130L ANCAK BUNLARLA SINIRLI OLMAMAK \u00dcZERE A\u00c7IK VEYA ZIMN\u0130 B\u0130R GARANT\u0130 SA\u011eLAMAMAKTA VE H\u0130\u00c7B\u0130R GARANT\u0130Y\u0130 KABUL ETMEMEKTED\u0130R.<\/p>\n\n\n\n<p class=\"p1\">(d) Bir Hizmet Sa\u011flay\u0131c\u0131s\u0131n\u0131n veri kurtarma hizmetlerini kullanmak, sabit s\u00fcr\u00fcc\u00fc sat\u0131n alm\u0131\u015f bir son kullan\u0131c\u0131ya sa\u011flanan (\u201cToshiba Garantisi\u201d), herhangi bir harici ve dahili Toshiba sabit s\u00fcr\u00fcc\u00fcs\u00fcne (\u201csabit s\u00fcr\u00fcc\u00fc\u201d) ili\u015fkin Toshiba Garantisini h\u00fck\u00fcms\u00fcz k\u0131lmayacakt\u0131r. Ancak, Hizmet Sa\u011flay\u0131c\u0131s\u0131n\u0131n veri kurtarma hizmeti sonucunda sabit s\u00fcr\u00fcc\u00fc hasar g\u00f6rm\u00fc\u015f veya kusurlu hale gelmi\u015fse Toshiba Garantisi bu hasar veya kusur i\u00e7in ge\u00e7erli olmayacakt\u0131r.<\/p>\n\n\n\n<p class=\"p1\">(e) Toshiba Garantisi gere\u011fince TOSHIBA, Toshiba sabit s\u00fcr\u00fcc\u00fcde bulunan verilerde \u00f6rne\u011fin yanl\u0131\u015f kullan\u0131m veya kurcalama, yanl\u0131\u015f i\u015fleme veya Toshiba Garantisinde belirtilen di\u011fer nedenlerden kaynakl\u0131 olu\u015fan zarar veya hasarlar dahil ancak bunlarla s\u0131n\u0131rl\u0131 olmamak \u00fczere, Hizmet Sa\u011flay\u0131c\u0131s\u0131n\u0131n sa\u011flad\u0131\u011f\u0131 hizmetlerin performans\u0131yla ilgili olan veya bu performanstan do\u011fan herhangi bir kay\u0131p veya hasardan sorumlu tutulamaz. Verilerinizi kaydetmek (yedeklemek) sizin sorumlulu\u011funuzdur. TOSHIBA, veri kayb\u0131ndan kaynaklanan finansal veya di\u011fer kay\u0131plar i\u00e7in garanti sa\u011flamamaktad\u0131r.<\/p>\n\n\n\n<p class=\"p1\">(f) Veri kurtarma hizmetlerinin ger\u00e7ek ko\u015fullar\u0131, her Hizmet Sa\u011flay\u0131c\u0131s\u0131n\u0131n web sayfas\u0131nda bulunan talimatlara tabidir.<\/p>\n\n\n\n<p class=\"has-text-align-center\">&nbsp;<\/p>\n\n\n\n<p>&nbsp;<\/p>\n","protected":false},"excerpt":{"rendered":"<p>Sabit s\u00fcr\u00fcc\u00fcn\u00fczde kaybetti\u011finiz verileri kurtarmak ister misiniz? T\u00fcm an\u0131lar\u0131n\u0131z\u0131 bir bilgisayar vir\u00fcs\u00fc nedeniyle kay\u0131p m\u0131 ettiniz? Sabit s\u00fcr\u00fcc\u00fcn\u00fcz\u00fc yanl\u0131\u015fl\u0131kla yeniden mi bi\u00e7imlendirdiniz*? Yanl\u0131\u015fl\u0131kla \u00f6nemli dosyalar\u0131 m\u0131 sildiniz\/dosyalar\u0131n \u00fczerine mi yazd\u0131n\u0131z? Sabit s\u00fcr\u00fcc\u00fcn\u00fcz\u00fc d\u00fc\u015f\u00fcrd\u00fcn\u00fcz ve art\u0131k eri\u015femiyor musunuz? *Sabit s\u00fcr\u00fcc\u00fc bi\u00e7imlendirmenin iki t\u00fcr\u00fc vard\u0131r: Mant\u0131ksal bi\u00e7imlendirme ve fiziksel bi\u00e7imlendirme. Fiziksel bi\u00e7imlendirme i\u015flemiyle sabit s\u00fcr\u00fcc\u00fc i\u00e7eri\u011finin tamamen &hellip;<\/p>\n","protected":false},"author":30,"featured_media":45691,"parent":0,"menu_order":0,"comment_status":"closed","ping_status":"closed","template":"page-content-with-hero.php","meta":{"_acf_changed":false,"footnotes":""},"class_list":["post-41349","page","type-page","status-publish","has-post-thumbnail","hentry"],"acf":[],"yoast_head":"<!-- This site is optimized with the Yoast SEO Premium plugin v27.3 (Yoast SEO v27.3) - https:\/\/yoast.com\/product\/yoast-seo-premium-wordpress\/ -->\n<title>Veri Kurtarma - EMEA<\/title>\n<meta name=\"robots\" content=\"index, follow, max-snippet:-1, max-image-preview:large, max-video-preview:-1\" \/>\n<link rel=\"canonical\" href=\"https:\/\/www.toshiba-storage.com\/tr\/data-recovery\/\" \/>\n<meta property=\"og:locale\" content=\"tr_TR\" \/>\n<meta property=\"og:type\" content=\"article\" \/>\n<meta property=\"og:title\" content=\"Veri Kurtarma\" \/>\n<meta property=\"og:description\" content=\"Sabit s\u00fcr\u00fcc\u00fcn\u00fczde kaybetti\u011finiz verileri kurtarmak ister misiniz? T\u00fcm an\u0131lar\u0131n\u0131z\u0131 bir bilgisayar vir\u00fcs\u00fc nedeniyle kay\u0131p m\u0131 ettiniz? Sabit s\u00fcr\u00fcc\u00fcn\u00fcz\u00fc yanl\u0131\u015fl\u0131kla yeniden mi bi\u00e7imlendirdiniz*? Yanl\u0131\u015fl\u0131kla \u00f6nemli dosyalar\u0131 m\u0131 sildiniz\/dosyalar\u0131n \u00fczerine mi yazd\u0131n\u0131z? Sabit s\u00fcr\u00fcc\u00fcn\u00fcz\u00fc d\u00fc\u015f\u00fcrd\u00fcn\u00fcz ve art\u0131k eri\u015femiyor musunuz? *Sabit s\u00fcr\u00fcc\u00fc bi\u00e7imlendirmenin iki t\u00fcr\u00fc vard\u0131r: Mant\u0131ksal bi\u00e7imlendirme ve fiziksel bi\u00e7imlendirme. Fiziksel bi\u00e7imlendirme i\u015flemiyle sabit s\u00fcr\u00fcc\u00fc i\u00e7eri\u011finin tamamen &hellip;\" \/>\n<meta property=\"og:url\" content=\"https:\/\/www.toshiba-storage.com\/tr\/data-recovery\/\" \/>\n<meta property=\"og:site_name\" content=\"EMEA\" \/>\n<meta property=\"article:publisher\" content=\"https:\/\/www.facebook.com\/ToshibaStorageEU\/\" \/>\n<meta property=\"article:modified_time\" content=\"2025-12-03T07:56:53+00:00\" \/>\n<meta property=\"og:image\" content=\"https:\/\/www.toshiba-storage.com\/wp\/wp-content\/uploads\/2021\/06\/TOSH_Kachel_Data_Recovery_450x450_V2.jpg\" \/>\n\t<meta property=\"og:image:width\" content=\"450\" \/>\n\t<meta property=\"og:image:height\" content=\"450\" \/>\n\t<meta property=\"og:image:type\" content=\"image\/jpeg\" \/>\n<meta name=\"twitter:card\" content=\"summary_large_image\" \/>\n<meta name=\"twitter:label1\" content=\"Est. reading time\" \/>\n\t<meta name=\"twitter:data1\" content=\"4 minutes\" \/>\n<script type=\"application\/ld+json\" class=\"yoast-schema-graph\">{\"@context\":\"https:\\\/\\\/schema.org\",\"@graph\":[{\"@type\":\"WebPage\",\"@id\":\"https:\\\/\\\/www.toshiba-storage.com\\\/tr\\\/data-recovery\\\/\",\"url\":\"https:\\\/\\\/www.toshiba-storage.com\\\/tr\\\/data-recovery\\\/\",\"name\":\"Veri Kurtarma - EMEA\",\"isPartOf\":{\"@id\":\"https:\\\/\\\/www.toshiba-storage.com\\\/tr\\\/#website\"},\"primaryImageOfPage\":{\"@id\":\"https:\\\/\\\/www.toshiba-storage.com\\\/tr\\\/data-recovery\\\/#primaryimage\"},\"image\":{\"@id\":\"https:\\\/\\\/www.toshiba-storage.com\\\/tr\\\/data-recovery\\\/#primaryimage\"},\"thumbnailUrl\":\"https:\\\/\\\/www.toshiba-storage.com\\\/wp\\\/wp-content\\\/uploads\\\/2021\\\/06\\\/TOSH_Kachel_Data_Recovery_450x450_V2.jpg\",\"datePublished\":\"2020-06-30T13:44:09+00:00\",\"dateModified\":\"2025-12-03T07:56:53+00:00\",\"inLanguage\":\"tr-TR\",\"potentialAction\":[{\"@type\":\"ReadAction\",\"target\":[\"https:\\\/\\\/www.toshiba-storage.com\\\/tr\\\/data-recovery\\\/\"]}]},{\"@type\":\"ImageObject\",\"inLanguage\":\"tr-TR\",\"@id\":\"https:\\\/\\\/www.toshiba-storage.com\\\/tr\\\/data-recovery\\\/#primaryimage\",\"url\":\"https:\\\/\\\/www.toshiba-storage.com\\\/wp\\\/wp-content\\\/uploads\\\/2021\\\/06\\\/TOSH_Kachel_Data_Recovery_450x450_V2.jpg\",\"contentUrl\":\"https:\\\/\\\/www.toshiba-storage.com\\\/wp\\\/wp-content\\\/uploads\\\/2021\\\/06\\\/TOSH_Kachel_Data_Recovery_450x450_V2.jpg\",\"width\":450,\"height\":450},{\"@type\":\"WebSite\",\"@id\":\"https:\\\/\\\/www.toshiba-storage.com\\\/tr\\\/#website\",\"url\":\"https:\\\/\\\/www.toshiba-storage.com\\\/tr\\\/\",\"name\":\"Toshiba Storage Solutions \u2013 EMEA Region\",\"description\":\"Toshiba in Europe and Middle East Asia provides reliable and innovative storage solutions and internal and external HDDs \u2013for Laptops, PC, NAS, Surveillance and Enterprise.\",\"publisher\":{\"@id\":\"https:\\\/\\\/www.toshiba-storage.com\\\/tr\\\/#organization\"},\"potentialAction\":[{\"@type\":\"SearchAction\",\"target\":{\"@type\":\"EntryPoint\",\"urlTemplate\":\"https:\\\/\\\/www.toshiba-storage.com\\\/tr\\\/?s={search_term_string}\"},\"query-input\":{\"@type\":\"PropertyValueSpecification\",\"valueRequired\":true,\"valueName\":\"search_term_string\"}}],\"inLanguage\":\"tr-TR\"},{\"@type\":\"Organization\",\"@id\":\"https:\\\/\\\/www.toshiba-storage.com\\\/tr\\\/#organization\",\"name\":\"Toshiba Electronics Europe GmbH\",\"url\":\"https:\\\/\\\/www.toshiba-storage.com\\\/tr\\\/\",\"logo\":{\"@type\":\"ImageObject\",\"inLanguage\":\"tr-TR\",\"@id\":\"https:\\\/\\\/www.toshiba-storage.com\\\/tr\\\/#\\\/schema\\\/logo\\\/image\\\/\",\"url\":\"https:\\\/\\\/www.toshiba-storage.com\\\/wp\\\/wp-content\\\/uploads\\\/2024\\\/02\\\/toshiba-logo.png\",\"contentUrl\":\"https:\\\/\\\/www.toshiba-storage.com\\\/wp\\\/wp-content\\\/uploads\\\/2024\\\/02\\\/toshiba-logo.png\",\"width\":263,\"height\":40,\"caption\":\"Toshiba Electronics Europe GmbH\"},\"image\":{\"@id\":\"https:\\\/\\\/www.toshiba-storage.com\\\/tr\\\/#\\\/schema\\\/logo\\\/image\\\/\"},\"sameAs\":[\"https:\\\/\\\/www.facebook.com\\\/ToshibaStorageEU\\\/\",\"https:\\\/\\\/www.linkedin.com\\\/company\\\/toshiba-electronics-europe-gmbh\\\/?originalSubdomain=de\",\"https:\\\/\\\/www.youtube.com\\\/user\\\/ToshibaElectronics1\"]}]}<\/script>\n<!-- \/ Yoast SEO Premium plugin. -->","yoast_head_json":{"title":"Veri Kurtarma - EMEA","robots":{"index":"index","follow":"follow","max-snippet":"max-snippet:-1","max-image-preview":"max-image-preview:large","max-video-preview":"max-video-preview:-1"},"canonical":"https:\/\/www.toshiba-storage.com\/tr\/data-recovery\/","og_locale":"tr_TR","og_type":"article","og_title":"Veri Kurtarma","og_description":"Sabit s\u00fcr\u00fcc\u00fcn\u00fczde kaybetti\u011finiz verileri kurtarmak ister misiniz? T\u00fcm an\u0131lar\u0131n\u0131z\u0131 bir bilgisayar vir\u00fcs\u00fc nedeniyle kay\u0131p m\u0131 ettiniz? Sabit s\u00fcr\u00fcc\u00fcn\u00fcz\u00fc yanl\u0131\u015fl\u0131kla yeniden mi bi\u00e7imlendirdiniz*? Yanl\u0131\u015fl\u0131kla \u00f6nemli dosyalar\u0131 m\u0131 sildiniz\/dosyalar\u0131n \u00fczerine mi yazd\u0131n\u0131z? Sabit s\u00fcr\u00fcc\u00fcn\u00fcz\u00fc d\u00fc\u015f\u00fcrd\u00fcn\u00fcz ve art\u0131k eri\u015femiyor musunuz? *Sabit s\u00fcr\u00fcc\u00fc bi\u00e7imlendirmenin iki t\u00fcr\u00fc vard\u0131r: Mant\u0131ksal bi\u00e7imlendirme ve fiziksel bi\u00e7imlendirme. Fiziksel bi\u00e7imlendirme i\u015flemiyle sabit s\u00fcr\u00fcc\u00fc i\u00e7eri\u011finin tamamen &hellip;","og_url":"https:\/\/www.toshiba-storage.com\/tr\/data-recovery\/","og_site_name":"EMEA","article_publisher":"https:\/\/www.facebook.com\/ToshibaStorageEU\/","article_modified_time":"2025-12-03T07:56:53+00:00","og_image":[{"width":450,"height":450,"url":"https:\/\/www.toshiba-storage.com\/wp\/wp-content\/uploads\/2021\/06\/TOSH_Kachel_Data_Recovery_450x450_V2.jpg","type":"image\/jpeg"}],"twitter_card":"summary_large_image","twitter_misc":{"Est. reading time":"4 minutes"},"schema":{"@context":"https:\/\/schema.org","@graph":[{"@type":"WebPage","@id":"https:\/\/www.toshiba-storage.com\/tr\/data-recovery\/","url":"https:\/\/www.toshiba-storage.com\/tr\/data-recovery\/","name":"Veri Kurtarma - EMEA","isPartOf":{"@id":"https:\/\/www.toshiba-storage.com\/tr\/#website"},"primaryImageOfPage":{"@id":"https:\/\/www.toshiba-storage.com\/tr\/data-recovery\/#primaryimage"},"image":{"@id":"https:\/\/www.toshiba-storage.com\/tr\/data-recovery\/#primaryimage"},"thumbnailUrl":"https:\/\/www.toshiba-storage.com\/wp\/wp-content\/uploads\/2021\/06\/TOSH_Kachel_Data_Recovery_450x450_V2.jpg","datePublished":"2020-06-30T13:44:09+00:00","dateModified":"2025-12-03T07:56:53+00:00","inLanguage":"tr-TR","potentialAction":[{"@type":"ReadAction","target":["https:\/\/www.toshiba-storage.com\/tr\/data-recovery\/"]}]},{"@type":"ImageObject","inLanguage":"tr-TR","@id":"https:\/\/www.toshiba-storage.com\/tr\/data-recovery\/#primaryimage","url":"https:\/\/www.toshiba-storage.com\/wp\/wp-content\/uploads\/2021\/06\/TOSH_Kachel_Data_Recovery_450x450_V2.jpg","contentUrl":"https:\/\/www.toshiba-storage.com\/wp\/wp-content\/uploads\/2021\/06\/TOSH_Kachel_Data_Recovery_450x450_V2.jpg","width":450,"height":450},{"@type":"WebSite","@id":"https:\/\/www.toshiba-storage.com\/tr\/#website","url":"https:\/\/www.toshiba-storage.com\/tr\/","name":"Toshiba Storage Solutions \u2013 EMEA Region","description":"Toshiba in Europe and Middle East Asia provides reliable and innovative storage solutions and internal and external HDDs \u2013for Laptops, PC, NAS, Surveillance and Enterprise.","publisher":{"@id":"https:\/\/www.toshiba-storage.com\/tr\/#organization"},"potentialAction":[{"@type":"SearchAction","target":{"@type":"EntryPoint","urlTemplate":"https:\/\/www.toshiba-storage.com\/tr\/?s={search_term_string}"},"query-input":{"@type":"PropertyValueSpecification","valueRequired":true,"valueName":"search_term_string"}}],"inLanguage":"tr-TR"},{"@type":"Organization","@id":"https:\/\/www.toshiba-storage.com\/tr\/#organization","name":"Toshiba Electronics Europe GmbH","url":"https:\/\/www.toshiba-storage.com\/tr\/","logo":{"@type":"ImageObject","inLanguage":"tr-TR","@id":"https:\/\/www.toshiba-storage.com\/tr\/#\/schema\/logo\/image\/","url":"https:\/\/www.toshiba-storage.com\/wp\/wp-content\/uploads\/2024\/02\/toshiba-logo.png","contentUrl":"https:\/\/www.toshiba-storage.com\/wp\/wp-content\/uploads\/2024\/02\/toshiba-logo.png","width":263,"height":40,"caption":"Toshiba Electronics Europe GmbH"},"image":{"@id":"https:\/\/www.toshiba-storage.com\/tr\/#\/schema\/logo\/image\/"},"sameAs":["https:\/\/www.facebook.com\/ToshibaStorageEU\/","https:\/\/www.linkedin.com\/company\/toshiba-electronics-europe-gmbh\/?originalSubdomain=de","https:\/\/www.youtube.com\/user\/ToshibaElectronics1"]}]}},"_links":{"self":[{"href":"https:\/\/www.toshiba-storage.com\/tr\/wp-json\/wp\/v2\/pages\/41349","targetHints":{"allow":["GET"]}}],"collection":[{"href":"https:\/\/www.toshiba-storage.com\/tr\/wp-json\/wp\/v2\/pages"}],"about":[{"href":"https:\/\/www.toshiba-storage.com\/tr\/wp-json\/wp\/v2\/types\/page"}],"author":[{"embeddable":true,"href":"https:\/\/www.toshiba-storage.com\/tr\/wp-json\/wp\/v2\/users\/30"}],"replies":[{"embeddable":true,"href":"https:\/\/www.toshiba-storage.com\/tr\/wp-json\/wp\/v2\/comments?post=41349"}],"version-history":[{"count":0,"href":"https:\/\/www.toshiba-storage.com\/tr\/wp-json\/wp\/v2\/pages\/41349\/revisions"}],"wp:featuredmedia":[{"embeddable":true,"href":"https:\/\/www.toshiba-storage.com\/tr\/wp-json\/wp\/v2\/media\/45691"}],"wp:attachment":[{"href":"https:\/\/www.toshiba-storage.com\/tr\/wp-json\/wp\/v2\/media?parent=41349"}],"curies":[{"name":"wp","href":"https:\/\/api.w.org\/{rel}","templated":true}]}}