{"id":41309,"date":"2020-07-02T12:10:12","date_gmt":"2020-07-02T10:10:12","guid":{"rendered":"https:\/\/toshibastoragecom-preview.preview.pslsrv.com\/data_recovery_service_provider_info\/"},"modified":"2021-03-04T12:28:08","modified_gmt":"2021-03-04T11:28:08","slug":"data_recovery_service_provider_info","status":"publish","type":"page","link":"https:\/\/www.toshiba-storage.com\/tr\/data_recovery_service_provider_info\/","title":{"rendered":"Veri Kurtarma Hizmet Sa\u011flay\u0131c\u0131s\u0131 Bilgisi"},"content":{"rendered":"<div id=\"main\">\r\n<div id=\"mainInner\">\r\n<section id=\"cont\">\r\n<div class=\"titWrap\">\r\n<h2 id=\"faqTit\" class=\"titMain\" style=\"text-align: center;\"><span class=\"mdlImg\">\r\n<img loading=\"lazy\" decoding=\"async\" class=\"size-full wp-image-34848 aligncenter\" src=\"https:\/\/www.toshiba-storage.com\/wp-content\/uploads\/2020\/06\/20200630_Toshiba_Storage_Data_Recovery_Icon.gif\" alt=\"\" width=\"89\" height=\"96\" \/><\/span><\/h2>\r\n<\/div>\r\n<p class=\"clickNote attention\" style=\"text-align: center; color: red;\">A\u015fa\u011f\u0131daki yasal uyar\u0131y\u0131 anlay\u0131p kabul ettikten sonra l\u00fctfen a\u015fa\u011f\u0131da listelenen hizmet sa\u011flay\u0131c\u0131lardan birine ula\u015f\u0131n.<\/p>\r\n\r\n<div class=\"blockNote block20\">\r\n<p class=\"text\" style=\"text-align: left; font-size: 25px;\">Yasal Uyar\u0131<\/p>\r\n<p class=\"p1\"><span data-sheets-value=\"{&quot;1&quot;:2,&quot;2&quot;:&quot;(a)\u00a0\u00a0\u00a0 A\u015fa\u011f\u0131da listelenen ba\u011f\u0131ms\u0131z ve harici hizmet sa\u011flay\u0131c\u0131lar\u0131ndan (\u201cHizmet Sa\u011flay\u0131c\u0131s\u0131\u201d) birini se\u00e7meniz sonucunda do\u011fabilecek riskler size aittir. Veri kurtarma hizmeti i\u00e7in a\u015fa\u011f\u0131da listelenenler d\u0131\u015f\u0131nda bir hizmet sa\u011flay\u0131c\u0131s\u0131 se\u00e7meniz konusunda hi\u00e7bir k\u0131s\u0131tlama bulunmamaktad\u0131r.&quot;}\" data-sheets-userformat=\"{&quot;2&quot;:10685,&quot;3&quot;:{&quot;1&quot;:0,&quot;3&quot;:1},&quot;5&quot;:{&quot;1&quot;:[{&quot;1&quot;:2,&quot;2&quot;:0,&quot;5&quot;:{&quot;1&quot;:2,&quot;2&quot;:0}},{&quot;1&quot;:0,&quot;2&quot;:0,&quot;3&quot;:3},{&quot;1&quot;:1,&quot;2&quot;:0,&quot;4&quot;:1}]},&quot;6&quot;:{&quot;1&quot;:[{&quot;1&quot;:2,&quot;2&quot;:0,&quot;5&quot;:{&quot;1&quot;:2,&quot;2&quot;:0}},{&quot;1&quot;:0,&quot;2&quot;:0,&quot;3&quot;:3},{&quot;1&quot;:1,&quot;2&quot;:0,&quot;4&quot;:1}]},&quot;7&quot;:{&quot;1&quot;:[{&quot;1&quot;:2,&quot;2&quot;:0,&quot;5&quot;:{&quot;1&quot;:2,&quot;2&quot;:0}},{&quot;1&quot;:0,&quot;2&quot;:0,&quot;3&quot;:3},{&quot;1&quot;:1,&quot;2&quot;:0,&quot;4&quot;:1}]},&quot;8&quot;:{&quot;1&quot;:[{&quot;1&quot;:2,&quot;2&quot;:0,&quot;5&quot;:{&quot;1&quot;:2,&quot;2&quot;:0}},{&quot;1&quot;:0,&quot;2&quot;:0,&quot;3&quot;:3},{&quot;1&quot;:1,&quot;2&quot;:0,&quot;4&quot;:1}]},&quot;10&quot;:0,&quot;11&quot;:4,&quot;14&quot;:{&quot;1&quot;:3,&quot;3&quot;:1},&quot;16&quot;:11}\">(a)\u00a0\u00a0\u00a0 A\u015fa\u011f\u0131da listelenen ba\u011f\u0131ms\u0131z ve harici hizmet sa\u011flay\u0131c\u0131lar\u0131ndan (\u201cHizmet Sa\u011flay\u0131c\u0131s\u0131\u201d) birini se\u00e7meniz sonucunda do\u011fabilecek riskler size aittir. Veri kurtarma hizmeti i\u00e7in a\u015fa\u011f\u0131da listelenenler d\u0131\u015f\u0131nda bir hizmet sa\u011flay\u0131c\u0131s\u0131 se\u00e7meniz konusunda hi\u00e7bir k\u0131s\u0131tlama bulunmamaktad\u0131r.<\/span><\/p>\r\n<p class=\"p1\">(b)\u00a0\u00a0\u00a0 Bir Hizmet Sa\u011flay\u0131c\u0131s\u0131yla veri kurtarma hizmeti i\u00e7in vard\u0131\u011f\u0131n\u0131z herhangi bir anla\u015fma, yaln\u0131zca sizinle Hizmet Sa\u011flay\u0131c\u0131s\u0131 aras\u0131ndad\u0131r. Toshiba Electronics Europe GmbH ve ba\u011fl\u0131 kurulu\u015flar\u0131 (bundan b\u00f6yle \u201cTOSHIBA\u201d olarak an\u0131lacakt\u0131r) hi\u00e7bir durumda b\u00f6yle bir anla\u015fman\u0131n taraf\u0131 olmayacakt\u0131r.<\/p>\r\n<p class=\"p1\">(c)\u00a0\u00a0\u00a0 TOSHIBA, BA\u011eIMSIZ VE HAR\u0130C\u0130 B\u0130R H\u0130ZMET SA\u011eLAYICISI TARAFINDAN SA\u011eLANAN H\u0130ZMETLERE \u0130L\u0130\u015eK\u0130N OLARAK, BA\u011eIMSIZ VE HAR\u0130C\u0130 H\u0130ZMET SA\u011eLAYICISI TARAFINDAN SA\u011eLANAN H\u0130ZMETLER\u0130N KAL\u0130TES\u0130 VEYA G\u00dcVEN\u0130L\u0130RL\u0130\u011e\u0130, HAK \u0130HLAL\u0130 BULUNMAMASI, SATILAB\u0130L\u0130RL\u0130\u011e\u0130 YA DA BEL\u0130RL\u0130 B\u0130R AMACA UYGUN OLMASI GARANT\u0130LER\u0130 DAH\u0130L ANCAK BUNLARLA SINIRLI OLMAMAK \u00dcZERE A\u00c7IK VEYA ZIMN\u0130 B\u0130R GARANT\u0130 SA\u011eLAMAMAKTA VE H\u0130\u00c7B\u0130R GARANT\u0130Y\u0130 KABUL ETMEMEKTED\u0130R.<\/p>\r\n<p class=\"p1\">(d)\u00a0\u00a0\u00a0 Bir Hizmet Sa\u011flay\u0131c\u0131s\u0131n\u0131n veri kurtarma hizmetlerini kullanmak, sabit s\u00fcr\u00fcc\u00fc sat\u0131n alm\u0131\u015f bir son kullan\u0131c\u0131ya sa\u011flanan (\u201cToshiba Garantisi\u201d), herhangi bir harici ve dahili Toshiba sabit s\u00fcr\u00fcc\u00fcs\u00fcne (\u201csabit s\u00fcr\u00fcc\u00fc\u201d) ili\u015fkin Toshiba Garantisini h\u00fck\u00fcms\u00fcz k\u0131lmayacakt\u0131r. Ancak, Hizmet Sa\u011flay\u0131c\u0131s\u0131n\u0131n veri kurtarma hizmeti sonucunda sabit s\u00fcr\u00fcc\u00fc hasar g\u00f6rm\u00fc\u015f veya kusurlu hale gelmi\u015fse Toshiba Garantisi bu hasar veya kusur i\u00e7in ge\u00e7erli olmayacakt\u0131r.<\/p>\r\n<p class=\"p1\">(e) Toshiba Garantisi gere\u011fince TOSHIBA, Toshiba sabit s\u00fcr\u00fcc\u00fcde bulunan verilerde \u00f6rne\u011fin yanl\u0131\u015f kullan\u0131m veya kurcalama, yanl\u0131\u015f i\u015fleme veya Toshiba Garantisinde belirtilen di\u011fer nedenlerden kaynakl\u0131 olu\u015fan zarar veya hasarlar dahil ancak bunlarla s\u0131n\u0131rl\u0131 olmamak \u00fczere, Hizmet Sa\u011flay\u0131c\u0131s\u0131n\u0131n sa\u011flad\u0131\u011f\u0131 hizmetlerin performans\u0131yla ilgili olan veya bu performanstan do\u011fan herhangi bir kay\u0131p veya hasardan sorumlu tutulamaz. Verilerinizi kaydetmek (yedeklemek) sizin sorumlulu\u011funuzdur. TOSHIBA, veri kayb\u0131ndan kaynaklanan finansal veya di\u011fer kay\u0131plar i\u00e7in garanti sa\u011flamamaktad\u0131r.<\/p>\r\n(f) Veri kurtarma hizmetlerinin ger\u00e7ek ko\u015fullar\u0131, her Hizmet Sa\u011flay\u0131c\u0131s\u0131n\u0131n web sayfas\u0131nda bulunan talimatlara tabidir.\r\n<br><br>\r\n<p style=\"text-align: center;\">A\u015fa\u011f\u0131daki logolara t\u0131klayarak yukar\u0131da bulunan belirli yasal uyar\u0131lar\u0131 kabul etmi\u015f olursunuz.\r\nA\u015fa\u011f\u0131daki hizmet sa\u011flay\u0131c\u0131lar\u0131, Toshiba HDD m\u00fc\u015fterilerine indirimli bir fiyatla veri kurtarma hizmetleri sunmaktad\u0131r.<\/p>\r\n<\/div>\r\n\r\n\r\n<div>\r\n<table style=\"width: 100%;\">\r\n<tbody>\r\n<tr>\r\n<th style=\"text-align: center;\"><a href=\"https:\/\/www.toshiba-storage.com\/tr\/link-ontrack\/\"><img loading=\"lazy\" decoding=\"async\" class=\"alignnone wp-image-39408 \" src=\"https:\/\/www.toshiba-storage.com\/wp-content\/uploads\/2020\/09\/ontrack_c-300x71.png\" alt=\"\" width=\"232\" height=\"55\" srcset=\"https:\/\/www.toshiba-storage.com\/wp\/wp-content\/uploads\/2020\/09\/ontrack_c-300x71.png 300w, https:\/\/www.toshiba-storage.com\/wp\/wp-content\/uploads\/2020\/09\/ontrack_c-768x181.png 768w, https:\/\/www.toshiba-storage.com\/wp\/wp-content\/uploads\/2020\/09\/ontrack_c-1024x241.png 1024w, https:\/\/www.toshiba-storage.com\/wp\/wp-content\/uploads\/2020\/09\/ontrack_c.png 1785w\" sizes=\"auto, (max-width: 232px) 100vw, 232px\" \/><\/a><\/th>\r\n<th style=\"text-align: center;\"><a href=\"https:\/\/www.toshiba-storage.com\/tr\/drivesavers\/\"><img loading=\"lazy\" decoding=\"async\" class=\"alignnone wp-image-39396 \" src=\"https:\/\/www.toshiba-storage.com\/wp-content\/uploads\/2020\/09\/DR_DSLogo-300x300.png\" alt=\"\" width=\"156\" height=\"156\" srcset=\"https:\/\/www.toshiba-storage.com\/wp\/wp-content\/uploads\/2020\/09\/DR_DSLogo-300x300.png 300w, https:\/\/www.toshiba-storage.com\/wp\/wp-content\/uploads\/2020\/09\/DR_DSLogo-150x150.png 150w, https:\/\/www.toshiba-storage.com\/wp\/wp-content\/uploads\/2020\/09\/DR_DSLogo-768x769.png 768w, https:\/\/www.toshiba-storage.com\/wp\/wp-content\/uploads\/2020\/09\/DR_DSLogo-1024x1024.png 1024w, https:\/\/www.toshiba-storage.com\/wp\/wp-content\/uploads\/2020\/09\/DR_DSLogo-450x450.png 450w, https:\/\/www.toshiba-storage.com\/wp\/wp-content\/uploads\/2020\/09\/DR_DSLogo.png 1502w\" sizes=\"auto, (max-width: 156px) 100vw, 156px\" \/><\/a><\/th>\r\n<\/tr>\r\n<tr>\r\n<th style=\"text-align: center;\"><a href=\"https:\/\/www.toshiba-storage.com\/tr\/link-ontrack\/\"><strong>Ontrack<\/strong><\/a>\r\n\r\n<a href=\"https:\/\/www.toshiba-storage.com\/tr\/link-ontrack\/\"><span style=\"color: #000000; font-family: Calibri; font-size: medium;\">Buraya t\u0131klay\u0131n, indirim mevcut<\/span><\/a><\/th>\r\n<th style=\"text-align: center;\"><a href=\"https:\/\/www.toshiba-storage.com\/tr\/drivesavers\/\"><strong>Drivesavers<\/strong><\/a>\r\n\r\n<a href=\"https:\/\/www.toshiba-storage.com\/tr\/drivesavers\/\"><span style=\"color: #000000; font-family: Calibri; font-size: medium;\">Buraya t\u0131klay\u0131n, indirim mevcut<\/span><\/a><\/th>\r\n<\/tr>\r\n<\/tbody>\r\n<\/table>\r\n<\/div>\r\n<\/section><\/div>\r\n<\/div>\r\n<!-- \/wp:post-content -->","protected":false},"excerpt":{"rendered":"<p>A\u015fa\u011f\u0131daki yasal uyar\u0131y\u0131 anlay\u0131p kabul ettikten sonra l\u00fctfen a\u015fa\u011f\u0131da listelenen hizmet sa\u011flay\u0131c\u0131lardan birine ula\u015f\u0131n. Yasal Uyar\u0131 (a)\u00a0\u00a0\u00a0 A\u015fa\u011f\u0131da listelenen ba\u011f\u0131ms\u0131z ve harici hizmet sa\u011flay\u0131c\u0131lar\u0131ndan (\u201cHizmet Sa\u011flay\u0131c\u0131s\u0131\u201d) birini se\u00e7meniz sonucunda do\u011fabilecek riskler size aittir. Veri kurtarma hizmeti i\u00e7in a\u015fa\u011f\u0131da listelenenler d\u0131\u015f\u0131nda bir hizmet sa\u011flay\u0131c\u0131s\u0131 se\u00e7meniz konusunda hi\u00e7bir k\u0131s\u0131tlama bulunmamaktad\u0131r. (b)\u00a0\u00a0\u00a0 Bir Hizmet Sa\u011flay\u0131c\u0131s\u0131yla veri kurtarma hizmeti &hellip;<\/p>\n","protected":false},"author":30,"featured_media":0,"parent":0,"menu_order":0,"comment_status":"closed","ping_status":"closed","template":"page-legal.php","meta":{"_acf_changed":false,"footnotes":""},"class_list":["post-41309","page","type-page","status-publish","hentry"],"acf":[],"yoast_head":"<!-- This site is optimized with the Yoast SEO Premium plugin v27.4 (Yoast SEO v27.4) - https:\/\/yoast.com\/product\/yoast-seo-premium-wordpress\/ -->\n<title>Veri Kurtarma Hizmet Sa\u011flay\u0131c\u0131s\u0131 Bilgisi - EMEA<\/title>\n<meta name=\"robots\" content=\"index, follow, max-snippet:-1, max-image-preview:large, max-video-preview:-1\" \/>\n<link rel=\"canonical\" href=\"https:\/\/www.toshiba-storage.com\/tr\/data_recovery_service_provider_info\/\" \/>\n<meta property=\"og:locale\" content=\"tr_TR\" \/>\n<meta property=\"og:type\" content=\"article\" \/>\n<meta property=\"og:title\" content=\"Veri Kurtarma Hizmet Sa\u011flay\u0131c\u0131s\u0131 Bilgisi\" \/>\n<meta property=\"og:description\" content=\"A\u015fa\u011f\u0131daki yasal uyar\u0131y\u0131 anlay\u0131p kabul ettikten sonra l\u00fctfen a\u015fa\u011f\u0131da listelenen hizmet sa\u011flay\u0131c\u0131lardan birine ula\u015f\u0131n. Yasal Uyar\u0131 (a)\u00a0\u00a0\u00a0 A\u015fa\u011f\u0131da listelenen ba\u011f\u0131ms\u0131z ve harici hizmet sa\u011flay\u0131c\u0131lar\u0131ndan (\u201cHizmet Sa\u011flay\u0131c\u0131s\u0131\u201d) birini se\u00e7meniz sonucunda do\u011fabilecek riskler size aittir. Veri kurtarma hizmeti i\u00e7in a\u015fa\u011f\u0131da listelenenler d\u0131\u015f\u0131nda bir hizmet sa\u011flay\u0131c\u0131s\u0131 se\u00e7meniz konusunda hi\u00e7bir k\u0131s\u0131tlama bulunmamaktad\u0131r. (b)\u00a0\u00a0\u00a0 Bir Hizmet Sa\u011flay\u0131c\u0131s\u0131yla veri kurtarma hizmeti &hellip;\" \/>\n<meta property=\"og:url\" content=\"https:\/\/www.toshiba-storage.com\/tr\/data_recovery_service_provider_info\/\" \/>\n<meta property=\"og:site_name\" content=\"EMEA\" \/>\n<meta property=\"article:publisher\" content=\"https:\/\/www.facebook.com\/ToshibaStorageEU\/\" \/>\n<meta property=\"article:modified_time\" content=\"2021-03-04T11:28:08+00:00\" \/>\n<meta property=\"og:image\" content=\"https:\/\/www.wwwtoshibastoragecom.psl.dev\/wp-content\/uploads\/2020\/06\/20200630_Toshiba_Storage_Data_Recovery_Icon.gif\" \/>\n<meta name=\"twitter:card\" content=\"summary_large_image\" \/>\n<meta name=\"twitter:label1\" content=\"Est. reading time\" \/>\n\t<meta name=\"twitter:data1\" content=\"2 minutes\" \/>\n<script type=\"application\/ld+json\" class=\"yoast-schema-graph\">{\"@context\":\"https:\\\/\\\/schema.org\",\"@graph\":[{\"@type\":\"WebPage\",\"@id\":\"https:\\\/\\\/www.toshiba-storage.com\\\/tr\\\/data_recovery_service_provider_info\\\/\",\"url\":\"https:\\\/\\\/www.toshiba-storage.com\\\/tr\\\/data_recovery_service_provider_info\\\/\",\"name\":\"Veri Kurtarma Hizmet Sa\u011flay\u0131c\u0131s\u0131 Bilgisi - EMEA\",\"isPartOf\":{\"@id\":\"https:\\\/\\\/www.toshiba-storage.com\\\/tr\\\/#website\"},\"primaryImageOfPage\":{\"@id\":\"https:\\\/\\\/www.toshiba-storage.com\\\/tr\\\/data_recovery_service_provider_info\\\/#primaryimage\"},\"image\":{\"@id\":\"https:\\\/\\\/www.toshiba-storage.com\\\/tr\\\/data_recovery_service_provider_info\\\/#primaryimage\"},\"thumbnailUrl\":\"https:\\\/\\\/www.toshiba-storage.com\\\/wp-content\\\/uploads\\\/2020\\\/06\\\/20200630_Toshiba_Storage_Data_Recovery_Icon.gif\",\"datePublished\":\"2020-07-02T10:10:12+00:00\",\"dateModified\":\"2021-03-04T11:28:08+00:00\",\"inLanguage\":\"tr-TR\",\"potentialAction\":[{\"@type\":\"ReadAction\",\"target\":[\"https:\\\/\\\/www.toshiba-storage.com\\\/tr\\\/data_recovery_service_provider_info\\\/\"]}]},{\"@type\":\"ImageObject\",\"inLanguage\":\"tr-TR\",\"@id\":\"https:\\\/\\\/www.toshiba-storage.com\\\/tr\\\/data_recovery_service_provider_info\\\/#primaryimage\",\"url\":\"https:\\\/\\\/www.toshiba-storage.com\\\/wp-content\\\/uploads\\\/2020\\\/06\\\/20200630_Toshiba_Storage_Data_Recovery_Icon.gif\",\"contentUrl\":\"https:\\\/\\\/www.toshiba-storage.com\\\/wp-content\\\/uploads\\\/2020\\\/06\\\/20200630_Toshiba_Storage_Data_Recovery_Icon.gif\"},{\"@type\":\"WebSite\",\"@id\":\"https:\\\/\\\/www.toshiba-storage.com\\\/tr\\\/#website\",\"url\":\"https:\\\/\\\/www.toshiba-storage.com\\\/tr\\\/\",\"name\":\"Toshiba Storage Solutions \u2013 EMEA Region\",\"description\":\"Toshiba in Europe and Middle East Asia provides reliable and innovative storage solutions and internal and external HDDs \u2013for Laptops, PC, NAS, Surveillance and Enterprise.\",\"publisher\":{\"@id\":\"https:\\\/\\\/www.toshiba-storage.com\\\/tr\\\/#organization\"},\"potentialAction\":[{\"@type\":\"SearchAction\",\"target\":{\"@type\":\"EntryPoint\",\"urlTemplate\":\"https:\\\/\\\/www.toshiba-storage.com\\\/tr\\\/?s={search_term_string}\"},\"query-input\":{\"@type\":\"PropertyValueSpecification\",\"valueRequired\":true,\"valueName\":\"search_term_string\"}}],\"inLanguage\":\"tr-TR\"},{\"@type\":\"Organization\",\"@id\":\"https:\\\/\\\/www.toshiba-storage.com\\\/tr\\\/#organization\",\"name\":\"Toshiba Electronics Europe GmbH\",\"url\":\"https:\\\/\\\/www.toshiba-storage.com\\\/tr\\\/\",\"logo\":{\"@type\":\"ImageObject\",\"inLanguage\":\"tr-TR\",\"@id\":\"https:\\\/\\\/www.toshiba-storage.com\\\/tr\\\/#\\\/schema\\\/logo\\\/image\\\/\",\"url\":\"https:\\\/\\\/www.toshiba-storage.com\\\/wp\\\/wp-content\\\/uploads\\\/2024\\\/02\\\/toshiba-logo.png\",\"contentUrl\":\"https:\\\/\\\/www.toshiba-storage.com\\\/wp\\\/wp-content\\\/uploads\\\/2024\\\/02\\\/toshiba-logo.png\",\"width\":263,\"height\":40,\"caption\":\"Toshiba Electronics Europe GmbH\"},\"image\":{\"@id\":\"https:\\\/\\\/www.toshiba-storage.com\\\/tr\\\/#\\\/schema\\\/logo\\\/image\\\/\"},\"sameAs\":[\"https:\\\/\\\/www.facebook.com\\\/ToshibaStorageEU\\\/\",\"https:\\\/\\\/www.linkedin.com\\\/company\\\/toshiba-electronics-europe-gmbh\\\/?originalSubdomain=de\",\"https:\\\/\\\/www.youtube.com\\\/user\\\/ToshibaElectronics1\"]}]}<\/script>\n<!-- \/ Yoast SEO Premium plugin. -->","yoast_head_json":{"title":"Veri Kurtarma Hizmet Sa\u011flay\u0131c\u0131s\u0131 Bilgisi - EMEA","robots":{"index":"index","follow":"follow","max-snippet":"max-snippet:-1","max-image-preview":"max-image-preview:large","max-video-preview":"max-video-preview:-1"},"canonical":"https:\/\/www.toshiba-storage.com\/tr\/data_recovery_service_provider_info\/","og_locale":"tr_TR","og_type":"article","og_title":"Veri Kurtarma Hizmet Sa\u011flay\u0131c\u0131s\u0131 Bilgisi","og_description":"A\u015fa\u011f\u0131daki yasal uyar\u0131y\u0131 anlay\u0131p kabul ettikten sonra l\u00fctfen a\u015fa\u011f\u0131da listelenen hizmet sa\u011flay\u0131c\u0131lardan birine ula\u015f\u0131n. Yasal Uyar\u0131 (a)\u00a0\u00a0\u00a0 A\u015fa\u011f\u0131da listelenen ba\u011f\u0131ms\u0131z ve harici hizmet sa\u011flay\u0131c\u0131lar\u0131ndan (\u201cHizmet Sa\u011flay\u0131c\u0131s\u0131\u201d) birini se\u00e7meniz sonucunda do\u011fabilecek riskler size aittir. Veri kurtarma hizmeti i\u00e7in a\u015fa\u011f\u0131da listelenenler d\u0131\u015f\u0131nda bir hizmet sa\u011flay\u0131c\u0131s\u0131 se\u00e7meniz konusunda hi\u00e7bir k\u0131s\u0131tlama bulunmamaktad\u0131r. (b)\u00a0\u00a0\u00a0 Bir Hizmet Sa\u011flay\u0131c\u0131s\u0131yla veri kurtarma hizmeti &hellip;","og_url":"https:\/\/www.toshiba-storage.com\/tr\/data_recovery_service_provider_info\/","og_site_name":"EMEA","article_publisher":"https:\/\/www.facebook.com\/ToshibaStorageEU\/","article_modified_time":"2021-03-04T11:28:08+00:00","og_image":[{"url":"https:\/\/www.wwwtoshibastoragecom.psl.dev\/wp-content\/uploads\/2020\/06\/20200630_Toshiba_Storage_Data_Recovery_Icon.gif","type":"","width":"","height":""}],"twitter_card":"summary_large_image","twitter_misc":{"Est. reading time":"2 minutes"},"schema":{"@context":"https:\/\/schema.org","@graph":[{"@type":"WebPage","@id":"https:\/\/www.toshiba-storage.com\/tr\/data_recovery_service_provider_info\/","url":"https:\/\/www.toshiba-storage.com\/tr\/data_recovery_service_provider_info\/","name":"Veri Kurtarma Hizmet Sa\u011flay\u0131c\u0131s\u0131 Bilgisi - EMEA","isPartOf":{"@id":"https:\/\/www.toshiba-storage.com\/tr\/#website"},"primaryImageOfPage":{"@id":"https:\/\/www.toshiba-storage.com\/tr\/data_recovery_service_provider_info\/#primaryimage"},"image":{"@id":"https:\/\/www.toshiba-storage.com\/tr\/data_recovery_service_provider_info\/#primaryimage"},"thumbnailUrl":"https:\/\/www.toshiba-storage.com\/wp-content\/uploads\/2020\/06\/20200630_Toshiba_Storage_Data_Recovery_Icon.gif","datePublished":"2020-07-02T10:10:12+00:00","dateModified":"2021-03-04T11:28:08+00:00","inLanguage":"tr-TR","potentialAction":[{"@type":"ReadAction","target":["https:\/\/www.toshiba-storage.com\/tr\/data_recovery_service_provider_info\/"]}]},{"@type":"ImageObject","inLanguage":"tr-TR","@id":"https:\/\/www.toshiba-storage.com\/tr\/data_recovery_service_provider_info\/#primaryimage","url":"https:\/\/www.toshiba-storage.com\/wp-content\/uploads\/2020\/06\/20200630_Toshiba_Storage_Data_Recovery_Icon.gif","contentUrl":"https:\/\/www.toshiba-storage.com\/wp-content\/uploads\/2020\/06\/20200630_Toshiba_Storage_Data_Recovery_Icon.gif"},{"@type":"WebSite","@id":"https:\/\/www.toshiba-storage.com\/tr\/#website","url":"https:\/\/www.toshiba-storage.com\/tr\/","name":"Toshiba Storage Solutions \u2013 EMEA Region","description":"Toshiba in Europe and Middle East Asia provides reliable and innovative storage solutions and internal and external HDDs \u2013for Laptops, PC, NAS, Surveillance and Enterprise.","publisher":{"@id":"https:\/\/www.toshiba-storage.com\/tr\/#organization"},"potentialAction":[{"@type":"SearchAction","target":{"@type":"EntryPoint","urlTemplate":"https:\/\/www.toshiba-storage.com\/tr\/?s={search_term_string}"},"query-input":{"@type":"PropertyValueSpecification","valueRequired":true,"valueName":"search_term_string"}}],"inLanguage":"tr-TR"},{"@type":"Organization","@id":"https:\/\/www.toshiba-storage.com\/tr\/#organization","name":"Toshiba Electronics Europe GmbH","url":"https:\/\/www.toshiba-storage.com\/tr\/","logo":{"@type":"ImageObject","inLanguage":"tr-TR","@id":"https:\/\/www.toshiba-storage.com\/tr\/#\/schema\/logo\/image\/","url":"https:\/\/www.toshiba-storage.com\/wp\/wp-content\/uploads\/2024\/02\/toshiba-logo.png","contentUrl":"https:\/\/www.toshiba-storage.com\/wp\/wp-content\/uploads\/2024\/02\/toshiba-logo.png","width":263,"height":40,"caption":"Toshiba Electronics Europe GmbH"},"image":{"@id":"https:\/\/www.toshiba-storage.com\/tr\/#\/schema\/logo\/image\/"},"sameAs":["https:\/\/www.facebook.com\/ToshibaStorageEU\/","https:\/\/www.linkedin.com\/company\/toshiba-electronics-europe-gmbh\/?originalSubdomain=de","https:\/\/www.youtube.com\/user\/ToshibaElectronics1"]}]}},"_links":{"self":[{"href":"https:\/\/www.toshiba-storage.com\/tr\/wp-json\/wp\/v2\/pages\/41309","targetHints":{"allow":["GET"]}}],"collection":[{"href":"https:\/\/www.toshiba-storage.com\/tr\/wp-json\/wp\/v2\/pages"}],"about":[{"href":"https:\/\/www.toshiba-storage.com\/tr\/wp-json\/wp\/v2\/types\/page"}],"author":[{"embeddable":true,"href":"https:\/\/www.toshiba-storage.com\/tr\/wp-json\/wp\/v2\/users\/30"}],"replies":[{"embeddable":true,"href":"https:\/\/www.toshiba-storage.com\/tr\/wp-json\/wp\/v2\/comments?post=41309"}],"version-history":[{"count":0,"href":"https:\/\/www.toshiba-storage.com\/tr\/wp-json\/wp\/v2\/pages\/41309\/revisions"}],"wp:attachment":[{"href":"https:\/\/www.toshiba-storage.com\/tr\/wp-json\/wp\/v2\/media?parent=41309"}],"curies":[{"name":"wp","href":"https:\/\/api.w.org\/{rel}","templated":true}]}}