{"id":41261,"date":"2020-07-02T12:42:44","date_gmt":"2020-07-02T10:42:44","guid":{"rendered":"https:\/\/toshibastoragecom-preview.preview.pslsrv.com\/link-ontrack\/"},"modified":"2020-10-12T15:17:37","modified_gmt":"2020-10-12T13:17:37","slug":"link-ontrack","status":"publish","type":"page","link":"https:\/\/www.toshiba-storage.com\/tr\/link-ontrack\/","title":{"rendered":"Ontrack"},"content":{"rendered":"<div id=\"main\">\n<div id=\"mainInner\">\n<div id=\"cont\">\n<section class=\"service\">\n<div class=\"jumpBlock\">\n<p style=\"font-size: 20px; text-align: center;\">Harici bir web sitesine y\u00f6nlendiriliyorsunuz. Devam etmek i\u00e7in \u201cDevam Et\u201d \u00f6\u011fesini t\u0131klat\u0131n.<\/p>\n<p style=\"font-size: 24px; text-align: center; color: red;\"><a style=\"font-size: 24px; text-align: center; color: red;\" href=\"http:\/\/www.ontrack.com\/en-us\/partners\/toshiba\"><strong>Devam Et<\/strong><\/a><\/p>\n<div>\n<p style=\"text-align: center;\">Toshiba Electronics Europe GmbH web sitesinden Ontrack web sitesine y\u00f6nlendirileceksiniz.<\/p>\n<p style=\"text-align: center;\">Toshiba Electronics Europe GmbH ve ba\u011fl\u0131 kurulu\u015flar\u0131, bu noktadan sonra sa\u011flanacak i\u00e7eriklerden hi\u00e7bir \u015fekilde sorumlu tutulamaz.<\/p>\n<\/div>\n<\/div>\n<\/section>\n<\/div>\n<p><!-- \/#cont --><\/p>\n<\/div>\n<p><!-- \/#mainInner --><\/p>\n<\/div>\n<p><!-- \/#main --><\/p>\n","protected":false},"excerpt":{"rendered":"<p>Harici bir web sitesine y\u00f6nlendiriliyorsunuz. Devam etmek i\u00e7in \u201cDevam Et\u201d \u00f6\u011fesini t\u0131klat\u0131n. Devam Et Toshiba Electronics Europe GmbH web sitesinden Ontrack web sitesine y\u00f6nlendirileceksiniz. Toshiba Electronics Europe GmbH ve ba\u011fl\u0131 kurulu\u015flar\u0131, bu noktadan sonra sa\u011flanacak i\u00e7eriklerden hi\u00e7bir \u015fekilde sorumlu tutulamaz.<\/p>\n","protected":false},"author":30,"featured_media":0,"parent":0,"menu_order":0,"comment_status":"closed","ping_status":"closed","template":"page-legal.php","meta":{"_acf_changed":false,"footnotes":""},"class_list":["post-41261","page","type-page","status-publish","hentry"],"acf":[],"yoast_head":"<!-- This site is optimized with the Yoast SEO Premium plugin v27.3 (Yoast SEO v27.3) - https:\/\/yoast.com\/product\/yoast-seo-premium-wordpress\/ -->\n<title>Ontrack - EMEA<\/title>\n<meta name=\"robots\" content=\"index, follow, max-snippet:-1, max-image-preview:large, max-video-preview:-1\" \/>\n<link rel=\"canonical\" href=\"https:\/\/www.toshiba-storage.com\/tr\/link-ontrack\/\" \/>\n<meta property=\"og:locale\" content=\"tr_TR\" \/>\n<meta property=\"og:type\" content=\"article\" \/>\n<meta property=\"og:title\" content=\"Ontrack\" \/>\n<meta property=\"og:description\" content=\"Harici bir web sitesine y\u00f6nlendiriliyorsunuz. Devam etmek i\u00e7in \u201cDevam Et\u201d \u00f6\u011fesini t\u0131klat\u0131n. Devam Et Toshiba Electronics Europe GmbH web sitesinden Ontrack web sitesine y\u00f6nlendirileceksiniz. Toshiba Electronics Europe GmbH ve ba\u011fl\u0131 kurulu\u015flar\u0131, bu noktadan sonra sa\u011flanacak i\u00e7eriklerden hi\u00e7bir \u015fekilde sorumlu tutulamaz.\" \/>\n<meta property=\"og:url\" content=\"https:\/\/www.toshiba-storage.com\/tr\/link-ontrack\/\" \/>\n<meta property=\"og:site_name\" content=\"EMEA\" \/>\n<meta property=\"article:publisher\" content=\"https:\/\/www.facebook.com\/ToshibaStorageEU\/\" \/>\n<meta property=\"article:modified_time\" content=\"2020-10-12T13:17:37+00:00\" \/>\n<meta name=\"twitter:card\" content=\"summary_large_image\" \/>\n<script type=\"application\/ld+json\" class=\"yoast-schema-graph\">{\"@context\":\"https:\\\/\\\/schema.org\",\"@graph\":[{\"@type\":\"WebPage\",\"@id\":\"https:\\\/\\\/www.toshiba-storage.com\\\/tr\\\/link-ontrack\\\/\",\"url\":\"https:\\\/\\\/www.toshiba-storage.com\\\/tr\\\/link-ontrack\\\/\",\"name\":\"Ontrack - EMEA\",\"isPartOf\":{\"@id\":\"https:\\\/\\\/www.toshiba-storage.com\\\/tr\\\/#website\"},\"datePublished\":\"2020-07-02T10:42:44+00:00\",\"dateModified\":\"2020-10-12T13:17:37+00:00\",\"inLanguage\":\"tr-TR\",\"potentialAction\":[{\"@type\":\"ReadAction\",\"target\":[\"https:\\\/\\\/www.toshiba-storage.com\\\/tr\\\/link-ontrack\\\/\"]}]},{\"@type\":\"WebSite\",\"@id\":\"https:\\\/\\\/www.toshiba-storage.com\\\/tr\\\/#website\",\"url\":\"https:\\\/\\\/www.toshiba-storage.com\\\/tr\\\/\",\"name\":\"Toshiba Storage Solutions \u2013 EMEA Region\",\"description\":\"Toshiba in Europe and Middle East Asia provides reliable and innovative storage solutions and internal and external HDDs \u2013for Laptops, PC, NAS, Surveillance and Enterprise.\",\"publisher\":{\"@id\":\"https:\\\/\\\/www.toshiba-storage.com\\\/tr\\\/#organization\"},\"potentialAction\":[{\"@type\":\"SearchAction\",\"target\":{\"@type\":\"EntryPoint\",\"urlTemplate\":\"https:\\\/\\\/www.toshiba-storage.com\\\/tr\\\/?s={search_term_string}\"},\"query-input\":{\"@type\":\"PropertyValueSpecification\",\"valueRequired\":true,\"valueName\":\"search_term_string\"}}],\"inLanguage\":\"tr-TR\"},{\"@type\":\"Organization\",\"@id\":\"https:\\\/\\\/www.toshiba-storage.com\\\/tr\\\/#organization\",\"name\":\"Toshiba Electronics Europe GmbH\",\"url\":\"https:\\\/\\\/www.toshiba-storage.com\\\/tr\\\/\",\"logo\":{\"@type\":\"ImageObject\",\"inLanguage\":\"tr-TR\",\"@id\":\"https:\\\/\\\/www.toshiba-storage.com\\\/tr\\\/#\\\/schema\\\/logo\\\/image\\\/\",\"url\":\"https:\\\/\\\/www.toshiba-storage.com\\\/wp\\\/wp-content\\\/uploads\\\/2024\\\/02\\\/toshiba-logo.png\",\"contentUrl\":\"https:\\\/\\\/www.toshiba-storage.com\\\/wp\\\/wp-content\\\/uploads\\\/2024\\\/02\\\/toshiba-logo.png\",\"width\":263,\"height\":40,\"caption\":\"Toshiba Electronics Europe GmbH\"},\"image\":{\"@id\":\"https:\\\/\\\/www.toshiba-storage.com\\\/tr\\\/#\\\/schema\\\/logo\\\/image\\\/\"},\"sameAs\":[\"https:\\\/\\\/www.facebook.com\\\/ToshibaStorageEU\\\/\",\"https:\\\/\\\/www.linkedin.com\\\/company\\\/toshiba-electronics-europe-gmbh\\\/?originalSubdomain=de\",\"https:\\\/\\\/www.youtube.com\\\/user\\\/ToshibaElectronics1\"]}]}<\/script>\n<!-- \/ Yoast SEO Premium plugin. -->","yoast_head_json":{"title":"Ontrack - EMEA","robots":{"index":"index","follow":"follow","max-snippet":"max-snippet:-1","max-image-preview":"max-image-preview:large","max-video-preview":"max-video-preview:-1"},"canonical":"https:\/\/www.toshiba-storage.com\/tr\/link-ontrack\/","og_locale":"tr_TR","og_type":"article","og_title":"Ontrack","og_description":"Harici bir web sitesine y\u00f6nlendiriliyorsunuz. Devam etmek i\u00e7in \u201cDevam Et\u201d \u00f6\u011fesini t\u0131klat\u0131n. Devam Et Toshiba Electronics Europe GmbH web sitesinden Ontrack web sitesine y\u00f6nlendirileceksiniz. Toshiba Electronics Europe GmbH ve ba\u011fl\u0131 kurulu\u015flar\u0131, bu noktadan sonra sa\u011flanacak i\u00e7eriklerden hi\u00e7bir \u015fekilde sorumlu tutulamaz.","og_url":"https:\/\/www.toshiba-storage.com\/tr\/link-ontrack\/","og_site_name":"EMEA","article_publisher":"https:\/\/www.facebook.com\/ToshibaStorageEU\/","article_modified_time":"2020-10-12T13:17:37+00:00","twitter_card":"summary_large_image","schema":{"@context":"https:\/\/schema.org","@graph":[{"@type":"WebPage","@id":"https:\/\/www.toshiba-storage.com\/tr\/link-ontrack\/","url":"https:\/\/www.toshiba-storage.com\/tr\/link-ontrack\/","name":"Ontrack - EMEA","isPartOf":{"@id":"https:\/\/www.toshiba-storage.com\/tr\/#website"},"datePublished":"2020-07-02T10:42:44+00:00","dateModified":"2020-10-12T13:17:37+00:00","inLanguage":"tr-TR","potentialAction":[{"@type":"ReadAction","target":["https:\/\/www.toshiba-storage.com\/tr\/link-ontrack\/"]}]},{"@type":"WebSite","@id":"https:\/\/www.toshiba-storage.com\/tr\/#website","url":"https:\/\/www.toshiba-storage.com\/tr\/","name":"Toshiba Storage Solutions \u2013 EMEA Region","description":"Toshiba in Europe and Middle East Asia provides reliable and innovative storage solutions and internal and external HDDs \u2013for Laptops, PC, NAS, Surveillance and Enterprise.","publisher":{"@id":"https:\/\/www.toshiba-storage.com\/tr\/#organization"},"potentialAction":[{"@type":"SearchAction","target":{"@type":"EntryPoint","urlTemplate":"https:\/\/www.toshiba-storage.com\/tr\/?s={search_term_string}"},"query-input":{"@type":"PropertyValueSpecification","valueRequired":true,"valueName":"search_term_string"}}],"inLanguage":"tr-TR"},{"@type":"Organization","@id":"https:\/\/www.toshiba-storage.com\/tr\/#organization","name":"Toshiba Electronics Europe GmbH","url":"https:\/\/www.toshiba-storage.com\/tr\/","logo":{"@type":"ImageObject","inLanguage":"tr-TR","@id":"https:\/\/www.toshiba-storage.com\/tr\/#\/schema\/logo\/image\/","url":"https:\/\/www.toshiba-storage.com\/wp\/wp-content\/uploads\/2024\/02\/toshiba-logo.png","contentUrl":"https:\/\/www.toshiba-storage.com\/wp\/wp-content\/uploads\/2024\/02\/toshiba-logo.png","width":263,"height":40,"caption":"Toshiba Electronics Europe GmbH"},"image":{"@id":"https:\/\/www.toshiba-storage.com\/tr\/#\/schema\/logo\/image\/"},"sameAs":["https:\/\/www.facebook.com\/ToshibaStorageEU\/","https:\/\/www.linkedin.com\/company\/toshiba-electronics-europe-gmbh\/?originalSubdomain=de","https:\/\/www.youtube.com\/user\/ToshibaElectronics1"]}]}},"_links":{"self":[{"href":"https:\/\/www.toshiba-storage.com\/tr\/wp-json\/wp\/v2\/pages\/41261","targetHints":{"allow":["GET"]}}],"collection":[{"href":"https:\/\/www.toshiba-storage.com\/tr\/wp-json\/wp\/v2\/pages"}],"about":[{"href":"https:\/\/www.toshiba-storage.com\/tr\/wp-json\/wp\/v2\/types\/page"}],"author":[{"embeddable":true,"href":"https:\/\/www.toshiba-storage.com\/tr\/wp-json\/wp\/v2\/users\/30"}],"replies":[{"embeddable":true,"href":"https:\/\/www.toshiba-storage.com\/tr\/wp-json\/wp\/v2\/comments?post=41261"}],"version-history":[{"count":0,"href":"https:\/\/www.toshiba-storage.com\/tr\/wp-json\/wp\/v2\/pages\/41261\/revisions"}],"wp:attachment":[{"href":"https:\/\/www.toshiba-storage.com\/tr\/wp-json\/wp\/v2\/media?parent=41261"}],"curies":[{"name":"wp","href":"https:\/\/api.w.org\/{rel}","templated":true}]}}