{"id":11959,"date":"2017-10-26T14:50:26","date_gmt":"2017-10-26T12:50:26","guid":{"rendered":"https:\/\/toshibaelectronicseuropegmbh.preview.pslsrv.com\/urun-sorumluluk-reddi-belgesi\/"},"modified":"2025-03-17T15:34:49","modified_gmt":"2025-03-17T14:34:49","slug":"product-disclaimer","status":"publish","type":"page","link":"https:\/\/www.toshiba-storage.com\/tr\/product-disclaimer\/","title":{"rendered":"\u00dcr\u00fcn Sorumluluk Reddi Belgesi"},"content":{"rendered":"<div class=\"wpb-content-wrapper\"><p>[vc_row][vc_column width=&#8221;1\/2&#8243;][vc_column_text css=&#8221;&#8221;]<\/p>\n<h2>Genel yasal uyar\u0131<\/h2>\n<p>1. \u00dcr\u00fcn \u00f6zellikleri<br \/>\nBahsedilen t\u00fcm \u00fcr\u00fcn \u00f6zellikleri modele, yap\u0131land\u0131rmaya ve \u00fcr\u00fcn\u00fcn bulundu\u011funuz b\u00f6lgede mevcut olup olmad\u0131\u011f\u0131na ba\u011fl\u0131d\u0131r.<\/p>\n<p>2. Garanti<br \/>\nToshiba, m\u00fcnferit \u00fcr\u00fcn a\u00e7\u0131klamas\u0131nda belirtilenlerin veya yasal gereksinimlerin d\u0131\u015f\u0131nda herhangi bir ek garanti sa\u011flamaz.<\/p>\n<p>3. Kapasite<br \/>\n10&#8217;un katlar\u0131 kullan\u0131larak Bir Gigabyte (1 GB) 10 9 = 1.000.000.000 bayt ve Bir Terabyte (1 TB) 10 12 = 1.000.000.000.000 bayt anlam\u0131na gelir. Ancak, bir bilgisayar i\u015fletim sistemi bu tan\u0131mlar i\u00e7in depolama alan\u0131 kapasitesini 2&#8217;nin katlar\u0131 ile belirtir. 1 GB= 2 30 = 1.073.741.824 bayt ve 1 TB = 2 40 = 1.099.511.627.776 bayt. Bu nedenle, daha az depolama alan\u0131 kapasitesi g\u00f6sterir. Kullan\u0131labilir depolama alan\u0131 kapasitesi (\u00e7e\u015fitli ortam dosyas\u0131 \u00f6rneklerini i\u00e7eren), dosya boyutu, formatlama, ayarlar, yaz\u0131l\u0131m, i\u015fletim sistemi ve di\u011fer fakt\u00f6rlere g\u00f6re de\u011fi\u015fiklik g\u00f6sterir.<\/p>\n<p>4. Okuma ve yazma h\u0131z\u0131<br \/>\nOkuma ve yazma h\u0131z\u0131 ana bilgisayar ayg\u0131t\u0131, okuma ve yazma ko\u015fullar\u0131 ve dosya boyutuna g\u00f6re de\u011fi\u015febilir.<\/p>\n<p>5. A\u011f\u0131rl\u0131k<br \/>\nA\u011f\u0131rl\u0131k \u00fcr\u00fcn yap\u0131land\u0131rmas\u0131, sat\u0131c\u0131 bile\u015fenleri, \u00fcretim de\u011fi\u015fkenli\u011fi ve belirlenen se\u00e7eneklere g\u00f6re de\u011fi\u015febilir.<\/p>\n<p>6. 802.11b, g ve n i\u00e7in kablosuz LAN<br \/>\nKablosuz LAN \u00fczerinden iletim h\u0131z\u0131 ve kablosuz LAN&#8217;\u0131n ula\u015fabildi\u011fi mesafe \u00e7evredeki elektromanyetik ortama, engellere, eri\u015fim noktas\u0131 tasar\u0131m\u0131 ve yap\u0131land\u0131rmas\u0131na, istemci tasar\u0131m\u0131na ve yaz\u0131l\u0131m\/donan\u0131m yap\u0131land\u0131rmalar\u0131na g\u00f6re de\u011fi\u015febilir. Fiili iletim h\u0131z\u0131, teorik maksimum h\u0131zdan daha d\u00fc\u015f\u00fck olacakt\u0131r.<\/p>\n<p>7. De\u011fi\u015fiklik<br \/>\nToshiba, yay\u0131nlama s\u0131ras\u0131nda bu belge sunulan bilgilerin do\u011frulu\u011funu sa\u011flamak i\u00e7in azami \u00e7abay\u0131 g\u00f6stermi\u015f olsa da \u00fcr\u00fcn \u00f6zellikleri, yap\u0131land\u0131rmalar, fiyatlar, sistem\/bile\u015fen\/se\u00e7enek kullan\u0131labilirli\u011fi \u00f6nceden haber verilmeden de\u011fi\u015ftirilebilir.\u00a0 \u00dcr\u00fcn tasar\u0131m \u00f6zellikleri ve renkleri, \u00f6nceden haber verilmeden de\u011fi\u015ftirilebilir ve burada g\u00f6sterilenlerden farkl\u0131 olabilir. Hatalar ve eksiklikler hari\u00e7tir.<\/p>\n<p>8. Resimler<br \/>\nWeb sitesi sayfalar\u0131nda g\u00f6r\u00fcnt\u00fclenen resimler yaln\u0131zca \u00f6rnek ama\u00e7l\u0131d\u0131r. Bu resimler, i\u015flevin nas\u0131l \u00e7al\u0131\u015ft\u0131\u011f\u0131n\u0131 g\u00f6stermek i\u00e7in verilmi\u015f olup ger\u00e7ek g\u00f6reli farkl\u0131l\u0131klar\u0131 g\u00f6stermemektedir.[\/vc_column_text][\/vc_column][vc_column width=&#8221;1\/2&#8243;][vc_column_text css=&#8221;&#8221;]<\/p>\n<h2>Model a\u00e7\u0131klamalar\u0131 ve yasal dipnotlar<\/h2>\n<p>1. Windows, Amerika Birle\u015fik Devletleri ve\/veya di\u011fer \u00fclkelerde tescilli Microsoft Corporation&#8217;ticari markas\u0131 veya markalar\u0131d\u0131r.<br \/>\n2. Mac, OS X ve Time Machine, ABD ve di\u011fer \u00fclkelerde tescilli Apple Inc.&#8217;in ticari markalar\u0131d\u0131r.<br \/>\n3. Android TM , Google Inc.&#8217;in ticari markas\u0131d\u0131r.<br \/>\n4. USB Type-C\u00ae ve USB-C\u00ae, USB Implementers Forum&#8217;un tescilli ticari markalar\u0131d\u0131r ve yaln\u0131zca USB Type-C\u00ae kablo ve konekt\u00f6r spesifikasyonunu temel alan ve bunlarla uyumlu \u00fcr\u00fcnlerle kullan\u0131m i\u00e7indir.<\/p>\n<p>Canvio for Smartphone<br \/>\n5. Otomatik yedekleme ve \u015farj etmeyi etkinle\u015ftirmek i\u00e7in Android ak\u0131ll\u0131 telefonu yeterli pil d\u00fczeyine sahipken a\u00e7mal\u0131 ve bu i\u015fe \u00f6zg\u00fc uygulamay\u0131 y\u00fcklemelisiniz.<br \/>\n6. Yedekleme i\u015flemi, ak\u0131ll\u0131 telefonunuzun kalan d\u00fc\u015f\u00fck pil \u00f6mr\u00fc nedeniyle y\u00fcr\u00fct\u00fclmeyebilir.<\/p>\n<p>E300, P300, N300, X300<br \/>\n7. Ana cihaz ile uyumluluk sisteme g\u00f6re de\u011fi\u015fece\u011fi i\u00e7in &amp;quot;Desteklenen S\u00fcr\u00fcc\u00fc Yuvalar\u0131&amp;quot; ile ilgili olarak l\u00fctfen \u00c7\u00f6z\u00fcm Sa\u011flay\u0131c\u0131n\u0131z ile irtibata ge\u00e7in.<br \/>\n8. Alttaki montaj deli\u011finin yeri, \u00fcr\u00fcne ba\u011fl\u0131 olarak farkl\u0131l\u0131k g\u00f6sterebilir. Daha fazla bilgi i\u00e7in l\u00fctfen \u015fu web sitesini ziyaret edin: https:\/\/toshiba.semicon-storage.com\/us\/design- support\/faq\/storage-holes.html<\/p>\n<p>9. Canvio Gaming<br \/>\nTahmini oyun depolama alan\u0131, halihaz\u0131rda kullan\u0131lan oyun nesli i\u00e7in ortalama 36 GB oyun boyutunda t\u00fcketime dayan\u0131r. Ger\u00e7ekte depolanan oyun say\u0131s\u0131 dosya boyutuna, formatlamaya, konsol yaz\u0131l\u0131m\u0131na ve di\u011fer programlara veya etmenlere ba\u011fl\u0131 olarak de\u011fi\u015fiklik g\u00f6sterebilir. Sat\u0131n al\u0131nan ve diskten y\u00fcklenen oyunlar i\u00e7in oyuna sahip olundu\u011funun do\u011frulanmas\u0131 amac\u0131yla orijinal diskler istenebilir. \u0130nternet ba\u011flant\u0131s\u0131 ve orijinal oyun sahibinin hesab\u0131 gerekebilir.[\/vc_column_text][\/vc_column][\/vc_row]<\/p>\n<\/div>","protected":false},"excerpt":{"rendered":"<p>[vc_row][vc_column width=&#8221;1\/2&#8243;][vc_column_text css=&#8221;&#8221;] Genel yasal uyar\u0131 1. \u00dcr\u00fcn \u00f6zellikleri Bahsedilen t\u00fcm \u00fcr\u00fcn \u00f6zellikleri modele, yap\u0131land\u0131rmaya ve \u00fcr\u00fcn\u00fcn bulundu\u011funuz b\u00f6lgede mevcut olup olmad\u0131\u011f\u0131na ba\u011fl\u0131d\u0131r. 2. Garanti Toshiba, m\u00fcnferit \u00fcr\u00fcn a\u00e7\u0131klamas\u0131nda belirtilenlerin veya yasal gereksinimlerin d\u0131\u015f\u0131nda herhangi bir ek garanti sa\u011flamaz. 3. Kapasite 10&#8217;un katlar\u0131 kullan\u0131larak Bir Gigabyte (1 GB) 10 9 = 1.000.000.000 bayt ve Bir &hellip;<\/p>\n","protected":false},"author":43,"featured_media":0,"parent":0,"menu_order":0,"comment_status":"closed","ping_status":"closed","template":"page-legal.php","meta":{"_acf_changed":false,"footnotes":""},"class_list":["post-11959","page","type-page","status-publish","hentry"],"acf":[],"yoast_head":"<!-- This site is optimized with the Yoast SEO Premium plugin v27.3 (Yoast SEO v27.3) - https:\/\/yoast.com\/product\/yoast-seo-premium-wordpress\/ -->\n<title>\u00dcr\u00fcn Sorumluluk Reddi Belgesi - EMEA<\/title>\n<meta name=\"robots\" content=\"index, follow, max-snippet:-1, max-image-preview:large, max-video-preview:-1\" \/>\n<link rel=\"canonical\" href=\"https:\/\/www.toshiba-storage.com\/tr\/product-disclaimer\/\" \/>\n<meta property=\"og:locale\" content=\"tr_TR\" \/>\n<meta property=\"og:type\" content=\"article\" \/>\n<meta property=\"og:title\" content=\"\u00dcr\u00fcn Sorumluluk Reddi Belgesi\" \/>\n<meta property=\"og:description\" content=\"[vc_row][vc_column width=&#8221;1\/2&#8243;][vc_column_text css=&#8221;&#8221;] Genel yasal uyar\u0131 1. \u00dcr\u00fcn \u00f6zellikleri Bahsedilen t\u00fcm \u00fcr\u00fcn \u00f6zellikleri modele, yap\u0131land\u0131rmaya ve \u00fcr\u00fcn\u00fcn bulundu\u011funuz b\u00f6lgede mevcut olup olmad\u0131\u011f\u0131na ba\u011fl\u0131d\u0131r. 2. Garanti Toshiba, m\u00fcnferit \u00fcr\u00fcn a\u00e7\u0131klamas\u0131nda belirtilenlerin veya yasal gereksinimlerin d\u0131\u015f\u0131nda herhangi bir ek garanti sa\u011flamaz. 3. Kapasite 10&#8217;un katlar\u0131 kullan\u0131larak Bir Gigabyte (1 GB) 10 9 = 1.000.000.000 bayt ve Bir &hellip;\" \/>\n<meta property=\"og:url\" content=\"https:\/\/www.toshiba-storage.com\/tr\/product-disclaimer\/\" \/>\n<meta property=\"og:site_name\" content=\"EMEA\" \/>\n<meta property=\"article:publisher\" content=\"https:\/\/www.facebook.com\/ToshibaStorageEU\/\" \/>\n<meta property=\"article:modified_time\" content=\"2025-03-17T14:34:49+00:00\" \/>\n<meta name=\"twitter:card\" content=\"summary_large_image\" \/>\n<meta name=\"twitter:label1\" content=\"Est. reading time\" \/>\n\t<meta name=\"twitter:data1\" content=\"3 minutes\" \/>\n<script type=\"application\/ld+json\" class=\"yoast-schema-graph\">{\"@context\":\"https:\\\/\\\/schema.org\",\"@graph\":[{\"@type\":\"WebPage\",\"@id\":\"https:\\\/\\\/www.toshiba-storage.com\\\/tr\\\/product-disclaimer\\\/\",\"url\":\"https:\\\/\\\/www.toshiba-storage.com\\\/tr\\\/product-disclaimer\\\/\",\"name\":\"\u00dcr\u00fcn Sorumluluk Reddi Belgesi - EMEA\",\"isPartOf\":{\"@id\":\"https:\\\/\\\/www.toshiba-storage.com\\\/tr\\\/#website\"},\"datePublished\":\"2017-10-26T12:50:26+00:00\",\"dateModified\":\"2025-03-17T14:34:49+00:00\",\"inLanguage\":\"tr-TR\",\"potentialAction\":[{\"@type\":\"ReadAction\",\"target\":[\"https:\\\/\\\/www.toshiba-storage.com\\\/tr\\\/product-disclaimer\\\/\"]}]},{\"@type\":\"WebSite\",\"@id\":\"https:\\\/\\\/www.toshiba-storage.com\\\/tr\\\/#website\",\"url\":\"https:\\\/\\\/www.toshiba-storage.com\\\/tr\\\/\",\"name\":\"Toshiba Storage Solutions \u2013 EMEA Region\",\"description\":\"Toshiba in Europe and Middle East Asia provides reliable and innovative storage solutions and internal and external HDDs \u2013for Laptops, PC, NAS, Surveillance and Enterprise.\",\"publisher\":{\"@id\":\"https:\\\/\\\/www.toshiba-storage.com\\\/tr\\\/#organization\"},\"potentialAction\":[{\"@type\":\"SearchAction\",\"target\":{\"@type\":\"EntryPoint\",\"urlTemplate\":\"https:\\\/\\\/www.toshiba-storage.com\\\/tr\\\/?s={search_term_string}\"},\"query-input\":{\"@type\":\"PropertyValueSpecification\",\"valueRequired\":true,\"valueName\":\"search_term_string\"}}],\"inLanguage\":\"tr-TR\"},{\"@type\":\"Organization\",\"@id\":\"https:\\\/\\\/www.toshiba-storage.com\\\/tr\\\/#organization\",\"name\":\"Toshiba Electronics Europe GmbH\",\"url\":\"https:\\\/\\\/www.toshiba-storage.com\\\/tr\\\/\",\"logo\":{\"@type\":\"ImageObject\",\"inLanguage\":\"tr-TR\",\"@id\":\"https:\\\/\\\/www.toshiba-storage.com\\\/tr\\\/#\\\/schema\\\/logo\\\/image\\\/\",\"url\":\"https:\\\/\\\/www.toshiba-storage.com\\\/wp\\\/wp-content\\\/uploads\\\/2024\\\/02\\\/toshiba-logo.png\",\"contentUrl\":\"https:\\\/\\\/www.toshiba-storage.com\\\/wp\\\/wp-content\\\/uploads\\\/2024\\\/02\\\/toshiba-logo.png\",\"width\":263,\"height\":40,\"caption\":\"Toshiba Electronics Europe GmbH\"},\"image\":{\"@id\":\"https:\\\/\\\/www.toshiba-storage.com\\\/tr\\\/#\\\/schema\\\/logo\\\/image\\\/\"},\"sameAs\":[\"https:\\\/\\\/www.facebook.com\\\/ToshibaStorageEU\\\/\",\"https:\\\/\\\/www.linkedin.com\\\/company\\\/toshiba-electronics-europe-gmbh\\\/?originalSubdomain=de\",\"https:\\\/\\\/www.youtube.com\\\/user\\\/ToshibaElectronics1\"]}]}<\/script>\n<!-- \/ Yoast SEO Premium plugin. -->","yoast_head_json":{"title":"\u00dcr\u00fcn Sorumluluk Reddi Belgesi - EMEA","robots":{"index":"index","follow":"follow","max-snippet":"max-snippet:-1","max-image-preview":"max-image-preview:large","max-video-preview":"max-video-preview:-1"},"canonical":"https:\/\/www.toshiba-storage.com\/tr\/product-disclaimer\/","og_locale":"tr_TR","og_type":"article","og_title":"\u00dcr\u00fcn Sorumluluk Reddi Belgesi","og_description":"[vc_row][vc_column width=&#8221;1\/2&#8243;][vc_column_text css=&#8221;&#8221;] Genel yasal uyar\u0131 1. \u00dcr\u00fcn \u00f6zellikleri Bahsedilen t\u00fcm \u00fcr\u00fcn \u00f6zellikleri modele, yap\u0131land\u0131rmaya ve \u00fcr\u00fcn\u00fcn bulundu\u011funuz b\u00f6lgede mevcut olup olmad\u0131\u011f\u0131na ba\u011fl\u0131d\u0131r. 2. Garanti Toshiba, m\u00fcnferit \u00fcr\u00fcn a\u00e7\u0131klamas\u0131nda belirtilenlerin veya yasal gereksinimlerin d\u0131\u015f\u0131nda herhangi bir ek garanti sa\u011flamaz. 3. Kapasite 10&#8217;un katlar\u0131 kullan\u0131larak Bir Gigabyte (1 GB) 10 9 = 1.000.000.000 bayt ve Bir &hellip;","og_url":"https:\/\/www.toshiba-storage.com\/tr\/product-disclaimer\/","og_site_name":"EMEA","article_publisher":"https:\/\/www.facebook.com\/ToshibaStorageEU\/","article_modified_time":"2025-03-17T14:34:49+00:00","twitter_card":"summary_large_image","twitter_misc":{"Est. reading time":"3 minutes"},"schema":{"@context":"https:\/\/schema.org","@graph":[{"@type":"WebPage","@id":"https:\/\/www.toshiba-storage.com\/tr\/product-disclaimer\/","url":"https:\/\/www.toshiba-storage.com\/tr\/product-disclaimer\/","name":"\u00dcr\u00fcn Sorumluluk Reddi Belgesi - EMEA","isPartOf":{"@id":"https:\/\/www.toshiba-storage.com\/tr\/#website"},"datePublished":"2017-10-26T12:50:26+00:00","dateModified":"2025-03-17T14:34:49+00:00","inLanguage":"tr-TR","potentialAction":[{"@type":"ReadAction","target":["https:\/\/www.toshiba-storage.com\/tr\/product-disclaimer\/"]}]},{"@type":"WebSite","@id":"https:\/\/www.toshiba-storage.com\/tr\/#website","url":"https:\/\/www.toshiba-storage.com\/tr\/","name":"Toshiba Storage Solutions \u2013 EMEA Region","description":"Toshiba in Europe and Middle East Asia provides reliable and innovative storage solutions and internal and external HDDs \u2013for Laptops, PC, NAS, Surveillance and Enterprise.","publisher":{"@id":"https:\/\/www.toshiba-storage.com\/tr\/#organization"},"potentialAction":[{"@type":"SearchAction","target":{"@type":"EntryPoint","urlTemplate":"https:\/\/www.toshiba-storage.com\/tr\/?s={search_term_string}"},"query-input":{"@type":"PropertyValueSpecification","valueRequired":true,"valueName":"search_term_string"}}],"inLanguage":"tr-TR"},{"@type":"Organization","@id":"https:\/\/www.toshiba-storage.com\/tr\/#organization","name":"Toshiba Electronics Europe GmbH","url":"https:\/\/www.toshiba-storage.com\/tr\/","logo":{"@type":"ImageObject","inLanguage":"tr-TR","@id":"https:\/\/www.toshiba-storage.com\/tr\/#\/schema\/logo\/image\/","url":"https:\/\/www.toshiba-storage.com\/wp\/wp-content\/uploads\/2024\/02\/toshiba-logo.png","contentUrl":"https:\/\/www.toshiba-storage.com\/wp\/wp-content\/uploads\/2024\/02\/toshiba-logo.png","width":263,"height":40,"caption":"Toshiba Electronics Europe GmbH"},"image":{"@id":"https:\/\/www.toshiba-storage.com\/tr\/#\/schema\/logo\/image\/"},"sameAs":["https:\/\/www.facebook.com\/ToshibaStorageEU\/","https:\/\/www.linkedin.com\/company\/toshiba-electronics-europe-gmbh\/?originalSubdomain=de","https:\/\/www.youtube.com\/user\/ToshibaElectronics1"]}]}},"_links":{"self":[{"href":"https:\/\/www.toshiba-storage.com\/tr\/wp-json\/wp\/v2\/pages\/11959","targetHints":{"allow":["GET"]}}],"collection":[{"href":"https:\/\/www.toshiba-storage.com\/tr\/wp-json\/wp\/v2\/pages"}],"about":[{"href":"https:\/\/www.toshiba-storage.com\/tr\/wp-json\/wp\/v2\/types\/page"}],"author":[{"embeddable":true,"href":"https:\/\/www.toshiba-storage.com\/tr\/wp-json\/wp\/v2\/users\/43"}],"replies":[{"embeddable":true,"href":"https:\/\/www.toshiba-storage.com\/tr\/wp-json\/wp\/v2\/comments?post=11959"}],"version-history":[{"count":0,"href":"https:\/\/www.toshiba-storage.com\/tr\/wp-json\/wp\/v2\/pages\/11959\/revisions"}],"wp:attachment":[{"href":"https:\/\/www.toshiba-storage.com\/tr\/wp-json\/wp\/v2\/media?parent=11959"}],"curies":[{"name":"wp","href":"https:\/\/api.w.org\/{rel}","templated":true}]}}