{"id":10523,"date":"2017-10-15T14:31:31","date_gmt":"2017-10-15T12:31:31","guid":{"rendered":"https:\/\/toshibaelectronicseuropegmbh.preview.pslsrv.com\/iletisim\/"},"modified":"2025-12-03T08:54:21","modified_gmt":"2025-12-03T07:54:21","slug":"contact","status":"publish","type":"page","link":"https:\/\/www.toshiba-storage.com\/tr\/contact\/","title":{"rendered":"\u0130leti\u015fim"},"content":{"rendered":"<div class=\"wpb-content-wrapper\"><p>[vc_row][vc_column width=&#8221;1\/3&#8243;][vc_column_text]<strong>Ad\u0131m 1:<\/strong><\/p>\n<p>Arad\u0131\u011f\u0131n\u0131z bilgi nedir?[\/vc_column_text][\/vc_column][vc_column width=&#8221;1\/3&#8243;][vc_column_text]<strong>Ad\u0131m 2:<\/strong><\/p>\n<p>L\u00fctfen bu bilgiyi bu sayfada,\u00f6rne\u011fin SSS, \u00fcr\u00fcn ar\u015fivi, video \u00f6\u011freticileri vb. b\u00f6l\u00fcmlerinde bulup bulamad\u0131\u011f\u0131n\u0131z\u0131 kontrol edin.[\/vc_column_text][\/vc_column][vc_column width=&#8221;1\/3&#8243;][vc_column_text css=&#8221;&#8221;]<strong>Ad\u0131m 3:<\/strong><\/p>\n<p>Garanti talepleri i\u00e7in l\u00fctfen a\u015fa\u011f\u0131daki ba\u011flant\u0131y\u0131 takip edin. Genel sorular\u0131n\u0131z i\u00e7in servis merkezimizle ileti\u015fime ge\u00e7in.<\/p>\n<p><a href=\"https:\/\/www.toshiba-storage.com\/warranty-claims\/\">Garanti talepleri hakk\u0131nda bilgi edinin<\/a>[\/vc_column_text][\/vc_column][\/vc_row][vc_row][vc_column][vc_column_text]Daha fazla bilgiye ihtiya\u00e7 duyarsan\u0131z l\u00fctfen \u00fccretsiz Do\u011frudan Destek Hatt\u0131m\u0131z (yaln\u0131zca \u0130ngilizce ve Almanca dillerinde) ile ileti\u015fime ge\u00e7in.<\/p>\n<p><strong>00800-THOTLINE (84685463)<\/strong>[\/vc_column_text][\/vc_column][\/vc_row][vc_row css=&#8221;.vc_custom_1542152086144{padding-bottom: 0px !important;}&#8221;][vc_column][vc_column_text css=&#8221;.vc_custom_1543530962428{margin-bottom: 0px !important;border-bottom-width: 0px !important;padding-bottom: 0px !important;}&#8221;]<strong>Desteklenen \u00fclkeler:<\/strong>[\/vc_column_text][vc_row_inner css=&#8221;.vc_custom_1542151967621{padding-bottom: 0px !important;}&#8221;][vc_column_inner width=&#8221;1\/3&#8243;]<p class=\"toshiba-country-list-item\" style=\"background-image: url(https:\/\/www.toshiba-storage.com\/wp\/wp-content\/themes\/toshiba\/assets\/images\/icon-at.png);\">Avusturya<\/p><p class=\"toshiba-country-list-item\" style=\"background-image: url(https:\/\/www.toshiba-storage.com\/wp\/wp-content\/themes\/toshiba\/assets\/images\/icon-be.png);\">Bel\u00e7ika<\/p><p class=\"toshiba-country-list-item\" style=\"background-image: url(https:\/\/www.toshiba-storage.com\/wp\/wp-content\/themes\/toshiba\/assets\/images\/icon-dk.png);\">Danimarka<\/p><p class=\"toshiba-country-list-item\" style=\"background-image: url(https:\/\/www.toshiba-storage.com\/wp\/wp-content\/themes\/toshiba\/assets\/images\/icon-fi.png);\">Finlandiya<\/p><p class=\"toshiba-country-list-item\" style=\"background-image: url(https:\/\/www.toshiba-storage.com\/wp\/wp-content\/themes\/toshiba\/assets\/images\/icon-fr.png);\">Fransa<\/p>[\/vc_column_inner][vc_column_inner width=&#8221;1\/3&#8243;]<p class=\"toshiba-country-list-item\" style=\"background-image: url(https:\/\/www.toshiba-storage.com\/wp\/wp-content\/themes\/toshiba\/assets\/images\/icon-de.png);\">Almanya<\/p><p class=\"toshiba-country-list-item\" style=\"background-image: url(https:\/\/www.toshiba-storage.com\/wp\/wp-content\/themes\/toshiba\/assets\/images\/icon-ie.png);\">\u0130rlanda<\/p><p class=\"toshiba-country-list-item\" style=\"background-image: url(https:\/\/www.toshiba-storage.com\/wp\/wp-content\/themes\/toshiba\/assets\/images\/icon-il.png);\">\u0130srail<\/p><p class=\"toshiba-country-list-item\" style=\"background-image: url(https:\/\/www.toshiba-storage.com\/wp\/wp-content\/themes\/toshiba\/assets\/images\/icon-it.png);\">\u0130talya<\/p><p class=\"toshiba-country-list-item\" style=\"background-image: url(https:\/\/www.toshiba-storage.com\/wp\/wp-content\/themes\/toshiba\/assets\/images\/icon-nl.png);\">Hollanda<\/p>[\/vc_column_inner][vc_column_inner width=&#8221;1\/3&#8243;]<p class=\"toshiba-country-list-item\" style=\"background-image: url(https:\/\/www.toshiba-storage.com\/wp\/wp-content\/themes\/toshiba\/assets\/images\/icon-no.png);\">Norve\u00e7<\/p><p class=\"toshiba-country-list-item\" style=\"background-image: url(https:\/\/www.toshiba-storage.com\/wp\/wp-content\/themes\/toshiba\/assets\/images\/icon-es.png);\">\u0130spanya<\/p><p class=\"toshiba-country-list-item\" style=\"background-image: url(https:\/\/www.toshiba-storage.com\/wp\/wp-content\/themes\/toshiba\/assets\/images\/icon-se.png);\">\u0130sve\u00e7<\/p><p class=\"toshiba-country-list-item\" style=\"background-image: url(https:\/\/www.toshiba-storage.com\/wp\/wp-content\/themes\/toshiba\/assets\/images\/icon-ch.png);\">\u0130svi\u00e7re<\/p><p class=\"toshiba-country-list-item\" style=\"background-image: url(https:\/\/www.toshiba-storage.com\/wp\/wp-content\/themes\/toshiba\/assets\/images\/icon-gb.png);\">\u0130ngiltere<\/p>[\/vc_column_inner][\/vc_row_inner][vc_row_inner css=&#8221;.vc_custom_1542152023653{padding-bottom: 0px !important;}&#8221; el_class=&#8221;toshiba-note&#8221;][vc_column_inner width=&#8221;1\/3&#8243;][vc_column_text]Di\u011fer t\u00fcm \u00fclkeler i\u00e7in: +49 (0) 1805-834373 (\u00fccretlidir)*[\/vc_column_text][\/vc_column_inner][vc_column_inner width=&#8221;1\/3&#8243;][vc_column_text]*Deutsche Telekom sabit telefon hatt\u0131 a\u011f\u0131ndan 0,14 \u20ac\/min. (cep telefonu aramalar\u0131nda fiyat de\u011fi\u015febilir)[\/vc_column_text][\/vc_column_inner][vc_column_inner width=&#8221;1\/3&#8243;][vc_column_text]Bu hizmet \u015fu anda Pazartesi\u2019den Cuma\u2019ya saat 09:00 ile 18:00 (CET) \/ 08:00 ile 17:00 (GMT) aras\u0131nda kullan\u0131labilir.[\/vc_column_text][\/vc_column_inner][\/vc_row_inner][\/vc_column][\/vc_row][vc_row][vc_column]<div class=\"wpforms-container wpforms-container-full toshiba-contat-form\" id=\"wpforms-51806\"><form id=\"wpforms-form-51806\" class=\"wpforms-validate wpforms-form wpforms-ajax-form\" data-formid=\"51806\" method=\"post\" enctype=\"multipart\/form-data\" action=\"\/tr\/wp-json\/wp\/v2\/pages\/10523\" data-token=\"e920f4d3dc5983416f0244b69d899ddf\" data-token-time=\"1775546348\"><noscript class=\"wpforms-error-noscript\">Please enable JavaScript in your browser to complete this form.<\/noscript><div class=\"wpforms-field-container\"><div id=\"wpforms-51806-field_0-container\" class=\"wpforms-field wpforms-field-name\" data-field-id=\"0\"><label class=\"wpforms-field-label\" for=\"wpforms-51806-field_0\">Ad\u0131 <span class=\"wpforms-required-label\">*<\/span><\/label><input type=\"text\" id=\"wpforms-51806-field_0\" class=\"wpforms-field-large wpforms-field-required\" name=\"wpforms[fields][0]\" required><\/div><div id=\"wpforms-51806-field_12-container\" class=\"wpforms-field wpforms-field-name\" data-field-id=\"12\"><label class=\"wpforms-field-label\" for=\"wpforms-51806-field_12\">Soyad\u0131 <span class=\"wpforms-required-label\">*<\/span><\/label><input type=\"text\" id=\"wpforms-51806-field_12\" class=\"wpforms-field-large wpforms-field-required\" name=\"wpforms[fields][12]\" required><\/div><div id=\"wpforms-51806-field_1-container\" class=\"wpforms-field wpforms-field-email\" data-field-id=\"1\"><label class=\"wpforms-field-label\" for=\"wpforms-51806-field_1\">E-posta adresi* <span class=\"wpforms-required-label\">*<\/span><\/label><input type=\"email\" id=\"wpforms-51806-field_1\" class=\"wpforms-field-large wpforms-field-required\" name=\"wpforms[fields][1]\" spellcheck=\"false\" required><\/div><div id=\"wpforms-51806-field_11-container\" class=\"wpforms-field wpforms-field-text\" data-field-id=\"11\"><label class=\"wpforms-field-label\" for=\"wpforms-51806-field_11\">\u00dclke<\/label><input type=\"text\" id=\"wpforms-51806-field_11\" class=\"wpforms-field-large\" name=\"wpforms[fields][11]\" ><\/div><div id=\"wpforms-51806-field_10-container\" class=\"wpforms-field wpforms-field-text\" data-field-id=\"10\"><label class=\"wpforms-field-label\" for=\"wpforms-51806-field_10\">Adres<\/label><input type=\"text\" id=\"wpforms-51806-field_10\" class=\"wpforms-field-large\" name=\"wpforms[fields][10]\" ><\/div><div id=\"wpforms-51806-field_4-container\" class=\"wpforms-field wpforms-field-select wpforms-field-select-style-classic\" data-field-id=\"4\"><label class=\"wpforms-field-label\" for=\"wpforms-51806-field_4\">\u00dcr\u00fcn kategorisini se\u00e7in<\/label><select id=\"wpforms-51806-field_4\" class=\"wpforms-field-large\" name=\"wpforms[fields][4]\"><option value=\"\" class=\"placeholder\" disabled  selected='selected'>\u00dcr\u00fcn kategorisini se\u00e7in<\/option><option value=\"460\"  class=\"choice-0 depth-1\"  >Ak\u0131ll\u0131 Telefon Depolama Alan\u0131<\/option><option value=\"1225\"  class=\"choice-1 depth-1\"  >Dahili Sabit S\u00fcr\u00fcc\u00fcler<\/option><option value=\"6593\"  class=\"choice-2 depth-1\"  >\u0130\u015fletme<\/option><option value=\"463\"  class=\"choice-3 depth-1\"  >Masa\u00fcst\u00fc<\/option><option value=\"65\"  class=\"choice-4 depth-1\"  >Mobil<\/option><option value=\"9353\"  class=\"choice-5 depth-1\"  >NAS<\/option><option value=\"9342\"  class=\"choice-6 depth-1\"  >PC<\/option><option value=\"9322\"  class=\"choice-7 depth-1\"  >Surveillance\/vid\u00e9o<\/option><option value=\"461\"  class=\"choice-8 depth-1\"  >Ta\u015f\u0131nabilir<\/option><option value=\"14108\"  class=\"choice-9 depth-1\"  >Video\/G\u00f6zetim<\/option><\/select><\/div><div id=\"wpforms-51806-field_5-container\" class=\"wpforms-field wpforms-field-select wpforms-field-select-style-classic\" data-field-id=\"5\"><label class=\"wpforms-field-label\" for=\"wpforms-51806-field_5\">Konu se\u00e7in<\/label><select id=\"wpforms-51806-field_5\" class=\"wpforms-field-large\" name=\"wpforms[fields][5]\"><option value=\"\" class=\"placeholder\" disabled  selected='selected'>Konu se\u00e7in<\/option><option value=\"Genel Bilgiler\"  class=\"choice-1 depth-1\"  >Genel Bilgiler<\/option><option value=\"Garanti deste\u011fi\"  class=\"choice-2 depth-1\"  >Garanti deste\u011fi<\/option><option value=\"Servis ve Hizmetler\"  class=\"choice-3 depth-1\"  >Servis ve Hizmetler<\/option><\/select><\/div><div id=\"wpforms-51806-field_2-container\" class=\"wpforms-field wpforms-field-textarea\" data-field-id=\"2\"><label class=\"wpforms-field-label\" for=\"wpforms-51806-field_2\">Yorumunuzu girin <span class=\"wpforms-required-label\">*<\/span><\/label><textarea id=\"wpforms-51806-field_2\" class=\"wpforms-field-medium wpforms-field-required\" name=\"wpforms[fields][2]\" required><\/textarea><\/div><div id=\"wpforms-51806-field_7-container\" class=\"wpforms-field wpforms-field-checkbox contact-form-terms\" data-field-id=\"7\"><label class=\"wpforms-field-label wpforms-label-hide\">Terms <span class=\"wpforms-required-label\">*<\/span><\/label><ul id=\"wpforms-51806-field_7\" class=\"wpforms-field-required\"><li class=\"choice-1 depth-1\"><input type=\"checkbox\" id=\"wpforms-51806-field_7_1\" name=\"wpforms[fields][7][]\" value=\"Toshiba &lt;a href=&quot;\/tr\/privacy-policy\/&quot;&gt;Gizlilik Politikas\u0131n\u0131&lt;\/a&gt; okudum ve kabul ediyorum.\" required ><label class=\"wpforms-field-label-inline\" for=\"wpforms-51806-field_7_1\">Toshiba <a href=\"\/tr\/privacy-policy\/\">Gizlilik Politikas\u0131n\u0131<\/a> okudum ve kabul ediyorum.<\/label><\/li><\/ul><\/div><div id=\"wpforms-51806-field_9-container\" class=\"wpforms-field wpforms-field-html\" data-field-id=\"9\"><div id=\"wpforms-51806-field_9\">* gerekli giri\u015fler<\/div><\/div><\/div><!-- .wpforms-field-container --><div class=\"wpforms-submit-container\" ><input type=\"hidden\" name=\"wpforms[id]\" value=\"51806\"><input type=\"hidden\" name=\"page_title\" value=\"\"><input type=\"hidden\" name=\"page_url\" value=\"https:\/\/www.toshiba-storage.com\/tr\/wp-json\/wp\/v2\/pages\/10523\"><input type=\"hidden\" name=\"url_referer\" value=\"\"><button type=\"submit\" name=\"wpforms[submit]\" id=\"wpforms-submit-51806\" class=\"wpforms-submit form-submit-button\" aria-live=\"assertive\" value=\"wpforms-submit\">E-posta g\u00f6nder<\/button><img loading=\"lazy\" decoding=\"async\" src=\"https:\/\/www.toshiba-storage.com\/wp\/wp-content\/plugins\/wpforms\/assets\/images\/submit-spin.svg\" class=\"wpforms-submit-spinner\" style=\"display: none;\" width=\"26\" height=\"26\" alt=\"Loading\"><\/div><\/form><\/div>  <!-- .wpforms-container -->[\/vc_column][\/vc_row]<\/p>\n<\/div>","protected":false},"excerpt":{"rendered":"<p>[vc_row][vc_column width=&#8221;1\/3&#8243;][vc_column_text]Ad\u0131m 1: Arad\u0131\u011f\u0131n\u0131z bilgi nedir?[\/vc_column_text][\/vc_column][vc_column width=&#8221;1\/3&#8243;][vc_column_text]Ad\u0131m 2: L\u00fctfen bu bilgiyi bu sayfada,\u00f6rne\u011fin SSS, \u00fcr\u00fcn ar\u015fivi, video \u00f6\u011freticileri vb. b\u00f6l\u00fcmlerinde bulup bulamad\u0131\u011f\u0131n\u0131z\u0131 kontrol edin.[\/vc_column_text][\/vc_column][vc_column width=&#8221;1\/3&#8243;][vc_column_text css=&#8221;&#8221;]Ad\u0131m 3: Garanti talepleri i\u00e7in l\u00fctfen a\u015fa\u011f\u0131daki ba\u011flant\u0131y\u0131 takip edin. Genel sorular\u0131n\u0131z i\u00e7in servis merkezimizle ileti\u015fime ge\u00e7in. Garanti talepleri hakk\u0131nda bilgi edinin[\/vc_column_text][\/vc_column][\/vc_row][vc_row][vc_column][vc_column_text]Daha fazla bilgiye ihtiya\u00e7 duyarsan\u0131z l\u00fctfen \u00fccretsiz Do\u011frudan Destek &hellip;<\/p>\n","protected":false},"author":43,"featured_media":24191,"parent":0,"menu_order":0,"comment_status":"closed","ping_status":"closed","template":"page-support-contact.php","meta":{"_acf_changed":false,"footnotes":""},"class_list":["post-10523","page","type-page","status-publish","has-post-thumbnail","hentry"],"acf":[],"yoast_head":"<!-- This site is optimized with the Yoast SEO Premium plugin v27.2 (Yoast SEO v27.2) - https:\/\/yoast.com\/product\/yoast-seo-premium-wordpress\/ -->\n<title>\u0130leti\u015fim - EMEA<\/title>\n<meta name=\"robots\" content=\"index, follow, max-snippet:-1, max-image-preview:large, max-video-preview:-1\" \/>\n<link rel=\"canonical\" href=\"https:\/\/www.toshiba-storage.com\/tr\/contact\/\" \/>\n<meta property=\"og:locale\" content=\"tr_TR\" \/>\n<meta property=\"og:type\" content=\"article\" \/>\n<meta property=\"og:title\" content=\"\u0130leti\u015fim\" \/>\n<meta property=\"og:description\" content=\"[vc_row][vc_column width=&#8221;1\/3&#8243;][vc_column_text]Ad\u0131m 1: Arad\u0131\u011f\u0131n\u0131z bilgi nedir?[\/vc_column_text][\/vc_column][vc_column width=&#8221;1\/3&#8243;][vc_column_text]Ad\u0131m 2: L\u00fctfen bu bilgiyi bu sayfada,\u00f6rne\u011fin SSS, \u00fcr\u00fcn ar\u015fivi, video \u00f6\u011freticileri vb. b\u00f6l\u00fcmlerinde bulup bulamad\u0131\u011f\u0131n\u0131z\u0131 kontrol edin.[\/vc_column_text][\/vc_column][vc_column width=&#8221;1\/3&#8243;][vc_column_text css=&#8221;&#8221;]Ad\u0131m 3: Garanti talepleri i\u00e7in l\u00fctfen a\u015fa\u011f\u0131daki ba\u011flant\u0131y\u0131 takip edin. Genel sorular\u0131n\u0131z i\u00e7in servis merkezimizle ileti\u015fime ge\u00e7in. Garanti talepleri hakk\u0131nda bilgi edinin[\/vc_column_text][\/vc_column][\/vc_row][vc_row][vc_column][vc_column_text]Daha fazla bilgiye ihtiya\u00e7 duyarsan\u0131z l\u00fctfen \u00fccretsiz Do\u011frudan Destek &hellip;\" \/>\n<meta property=\"og:url\" content=\"https:\/\/www.toshiba-storage.com\/tr\/contact\/\" \/>\n<meta property=\"og:site_name\" content=\"EMEA\" \/>\n<meta property=\"article:publisher\" content=\"https:\/\/www.facebook.com\/ToshibaStorageEU\/\" \/>\n<meta property=\"article:modified_time\" content=\"2025-12-03T07:54:21+00:00\" \/>\n<meta name=\"twitter:card\" content=\"summary_large_image\" \/>\n<meta name=\"twitter:label1\" content=\"Est. reading time\" \/>\n\t<meta name=\"twitter:data1\" content=\"1 minute\" \/>\n<script type=\"application\/ld+json\" class=\"yoast-schema-graph\">{\"@context\":\"https:\/\/schema.org\",\"@graph\":[{\"@type\":\"WebPage\",\"@id\":\"https:\/\/www.toshiba-storage.com\/tr\/contact\/\",\"url\":\"https:\/\/www.toshiba-storage.com\/tr\/contact\/\",\"name\":\"\u0130leti\u015fim - EMEA\",\"isPartOf\":{\"@id\":\"https:\/\/www.toshiba-storage.com\/tr\/#website\"},\"primaryImageOfPage\":{\"@id\":\"https:\/\/www.toshiba-storage.com\/tr\/contact\/#primaryimage\"},\"image\":{\"@id\":\"https:\/\/www.toshiba-storage.com\/tr\/contact\/#primaryimage\"},\"thumbnailUrl\":\"\",\"datePublished\":\"2017-10-15T12:31:31+00:00\",\"dateModified\":\"2025-12-03T07:54:21+00:00\",\"inLanguage\":\"tr-TR\",\"potentialAction\":[{\"@type\":\"ReadAction\",\"target\":[\"https:\/\/www.toshiba-storage.com\/tr\/contact\/\"]}]},{\"@type\":\"ImageObject\",\"inLanguage\":\"tr-TR\",\"@id\":\"https:\/\/www.toshiba-storage.com\/tr\/contact\/#primaryimage\",\"url\":\"\",\"contentUrl\":\"\",\"width\":2000,\"height\":1333},{\"@type\":\"WebSite\",\"@id\":\"https:\/\/www.toshiba-storage.com\/tr\/#website\",\"url\":\"https:\/\/www.toshiba-storage.com\/tr\/\",\"name\":\"Toshiba Storage Solutions \u2013 EMEA Region\",\"description\":\"Toshiba in Europe and Middle East Asia provides reliable and innovative storage solutions and internal and external HDDs \u2013for Laptops, PC, NAS, Surveillance and Enterprise.\",\"publisher\":{\"@id\":\"https:\/\/www.toshiba-storage.com\/tr\/#organization\"},\"potentialAction\":[{\"@type\":\"SearchAction\",\"target\":{\"@type\":\"EntryPoint\",\"urlTemplate\":\"https:\/\/www.toshiba-storage.com\/tr\/?s={search_term_string}\"},\"query-input\":{\"@type\":\"PropertyValueSpecification\",\"valueRequired\":true,\"valueName\":\"search_term_string\"}}],\"inLanguage\":\"tr-TR\"},{\"@type\":\"Organization\",\"@id\":\"https:\/\/www.toshiba-storage.com\/tr\/#organization\",\"name\":\"Toshiba Electronics Europe GmbH\",\"url\":\"https:\/\/www.toshiba-storage.com\/tr\/\",\"logo\":{\"@type\":\"ImageObject\",\"inLanguage\":\"tr-TR\",\"@id\":\"https:\/\/www.toshiba-storage.com\/tr\/#\/schema\/logo\/image\/\",\"url\":\"https:\/\/www.toshiba-storage.com\/wp\/wp-content\/uploads\/2024\/02\/toshiba-logo.png\",\"contentUrl\":\"https:\/\/www.toshiba-storage.com\/wp\/wp-content\/uploads\/2024\/02\/toshiba-logo.png\",\"width\":263,\"height\":40,\"caption\":\"Toshiba Electronics Europe GmbH\"},\"image\":{\"@id\":\"https:\/\/www.toshiba-storage.com\/tr\/#\/schema\/logo\/image\/\"},\"sameAs\":[\"https:\/\/www.facebook.com\/ToshibaStorageEU\/\",\"https:\/\/www.linkedin.com\/company\/toshiba-electronics-europe-gmbh\/?originalSubdomain=de\",\"https:\/\/www.youtube.com\/user\/ToshibaElectronics1\"]}]}<\/script>\n<!-- \/ Yoast SEO Premium plugin. -->","yoast_head_json":{"title":"\u0130leti\u015fim - EMEA","robots":{"index":"index","follow":"follow","max-snippet":"max-snippet:-1","max-image-preview":"max-image-preview:large","max-video-preview":"max-video-preview:-1"},"canonical":"https:\/\/www.toshiba-storage.com\/tr\/contact\/","og_locale":"tr_TR","og_type":"article","og_title":"\u0130leti\u015fim","og_description":"[vc_row][vc_column width=&#8221;1\/3&#8243;][vc_column_text]Ad\u0131m 1: Arad\u0131\u011f\u0131n\u0131z bilgi nedir?[\/vc_column_text][\/vc_column][vc_column width=&#8221;1\/3&#8243;][vc_column_text]Ad\u0131m 2: L\u00fctfen bu bilgiyi bu sayfada,\u00f6rne\u011fin SSS, \u00fcr\u00fcn ar\u015fivi, video \u00f6\u011freticileri vb. b\u00f6l\u00fcmlerinde bulup bulamad\u0131\u011f\u0131n\u0131z\u0131 kontrol edin.[\/vc_column_text][\/vc_column][vc_column width=&#8221;1\/3&#8243;][vc_column_text css=&#8221;&#8221;]Ad\u0131m 3: Garanti talepleri i\u00e7in l\u00fctfen a\u015fa\u011f\u0131daki ba\u011flant\u0131y\u0131 takip edin. Genel sorular\u0131n\u0131z i\u00e7in servis merkezimizle ileti\u015fime ge\u00e7in. Garanti talepleri hakk\u0131nda bilgi edinin[\/vc_column_text][\/vc_column][\/vc_row][vc_row][vc_column][vc_column_text]Daha fazla bilgiye ihtiya\u00e7 duyarsan\u0131z l\u00fctfen \u00fccretsiz Do\u011frudan Destek &hellip;","og_url":"https:\/\/www.toshiba-storage.com\/tr\/contact\/","og_site_name":"EMEA","article_publisher":"https:\/\/www.facebook.com\/ToshibaStorageEU\/","article_modified_time":"2025-12-03T07:54:21+00:00","twitter_card":"summary_large_image","twitter_misc":{"Est. reading time":"1 minute"},"schema":{"@context":"https:\/\/schema.org","@graph":[{"@type":"WebPage","@id":"https:\/\/www.toshiba-storage.com\/tr\/contact\/","url":"https:\/\/www.toshiba-storage.com\/tr\/contact\/","name":"\u0130leti\u015fim - EMEA","isPartOf":{"@id":"https:\/\/www.toshiba-storage.com\/tr\/#website"},"primaryImageOfPage":{"@id":"https:\/\/www.toshiba-storage.com\/tr\/contact\/#primaryimage"},"image":{"@id":"https:\/\/www.toshiba-storage.com\/tr\/contact\/#primaryimage"},"thumbnailUrl":"","datePublished":"2017-10-15T12:31:31+00:00","dateModified":"2025-12-03T07:54:21+00:00","inLanguage":"tr-TR","potentialAction":[{"@type":"ReadAction","target":["https:\/\/www.toshiba-storage.com\/tr\/contact\/"]}]},{"@type":"ImageObject","inLanguage":"tr-TR","@id":"https:\/\/www.toshiba-storage.com\/tr\/contact\/#primaryimage","url":"","contentUrl":"","width":2000,"height":1333},{"@type":"WebSite","@id":"https:\/\/www.toshiba-storage.com\/tr\/#website","url":"https:\/\/www.toshiba-storage.com\/tr\/","name":"Toshiba Storage Solutions \u2013 EMEA Region","description":"Toshiba in Europe and Middle East Asia provides reliable and innovative storage solutions and internal and external HDDs \u2013for Laptops, PC, NAS, Surveillance and Enterprise.","publisher":{"@id":"https:\/\/www.toshiba-storage.com\/tr\/#organization"},"potentialAction":[{"@type":"SearchAction","target":{"@type":"EntryPoint","urlTemplate":"https:\/\/www.toshiba-storage.com\/tr\/?s={search_term_string}"},"query-input":{"@type":"PropertyValueSpecification","valueRequired":true,"valueName":"search_term_string"}}],"inLanguage":"tr-TR"},{"@type":"Organization","@id":"https:\/\/www.toshiba-storage.com\/tr\/#organization","name":"Toshiba Electronics Europe GmbH","url":"https:\/\/www.toshiba-storage.com\/tr\/","logo":{"@type":"ImageObject","inLanguage":"tr-TR","@id":"https:\/\/www.toshiba-storage.com\/tr\/#\/schema\/logo\/image\/","url":"https:\/\/www.toshiba-storage.com\/wp\/wp-content\/uploads\/2024\/02\/toshiba-logo.png","contentUrl":"https:\/\/www.toshiba-storage.com\/wp\/wp-content\/uploads\/2024\/02\/toshiba-logo.png","width":263,"height":40,"caption":"Toshiba Electronics Europe GmbH"},"image":{"@id":"https:\/\/www.toshiba-storage.com\/tr\/#\/schema\/logo\/image\/"},"sameAs":["https:\/\/www.facebook.com\/ToshibaStorageEU\/","https:\/\/www.linkedin.com\/company\/toshiba-electronics-europe-gmbh\/?originalSubdomain=de","https:\/\/www.youtube.com\/user\/ToshibaElectronics1"]}]}},"_links":{"self":[{"href":"https:\/\/www.toshiba-storage.com\/tr\/wp-json\/wp\/v2\/pages\/10523","targetHints":{"allow":["GET"]}}],"collection":[{"href":"https:\/\/www.toshiba-storage.com\/tr\/wp-json\/wp\/v2\/pages"}],"about":[{"href":"https:\/\/www.toshiba-storage.com\/tr\/wp-json\/wp\/v2\/types\/page"}],"author":[{"embeddable":true,"href":"https:\/\/www.toshiba-storage.com\/tr\/wp-json\/wp\/v2\/users\/43"}],"replies":[{"embeddable":true,"href":"https:\/\/www.toshiba-storage.com\/tr\/wp-json\/wp\/v2\/comments?post=10523"}],"version-history":[{"count":0,"href":"https:\/\/www.toshiba-storage.com\/tr\/wp-json\/wp\/v2\/pages\/10523\/revisions"}],"wp:featuredmedia":[{"embeddable":true,"href":"https:\/\/www.toshiba-storage.com\/tr\/wp-json\/"}],"wp:attachment":[{"href":"https:\/\/www.toshiba-storage.com\/tr\/wp-json\/wp\/v2\/media?parent=10523"}],"curies":[{"name":"wp","href":"https:\/\/api.w.org\/{rel}","templated":true}]}}