{"id":41296,"date":"2020-07-02T12:10:12","date_gmt":"2020-07-02T10:10:12","guid":{"rendered":"https:\/\/toshibastoragecom-preview.preview.pslsrv.com\/data_recovery_service_provider_info\/"},"modified":"2021-03-04T12:24:21","modified_gmt":"2021-03-04T11:24:21","slug":"data_recovery_service_provider_info","status":"publish","type":"page","link":"https:\/\/www.toshiba-storage.com\/pt-pt\/data_recovery_service_provider_info\/","title":{"rendered":"Informa\u00e7\u00f5es sobre o Fornecedor de Servi\u00e7os de Recupera\u00e7\u00e3o de Dados"},"content":{"rendered":"<div id=\"main\">\r\n<div id=\"mainInner\">\r\n<section id=\"cont\">\r\n<div class=\"titWrap\">\r\n<h2 id=\"faqTit\" class=\"titMain\" style=\"text-align: center;\"><span class=\"mdlImg\">\r\n<img loading=\"lazy\" decoding=\"async\" class=\"size-full wp-image-34845 aligncenter\" src=\"https:\/\/www.toshiba-storage.com\/wp-content\/uploads\/2020\/06\/20200630_Toshiba_Storage_Data_Recovery_Icon.gif\" alt=\"\" width=\"89\" height=\"96\" \/><\/span><\/h2>\r\n<\/div>\r\n<p class=\"clickNote attention\" style=\"text-align: center; color: red;\"><strong>Aceda aos servi\u00e7os de um dos fornecedores de servi\u00e7os abaixo listados ap\u00f3s a compreens\u00e3o e aceita\u00e7\u00e3o da seguinte exclus\u00e3o de responsabilidade.<\/strong><\/p>\r\n\r\n<div class=\"blockNote block20\">\r\n<p class=\"text\" style=\"text-align: left; font-size: 25px;\">Exclus\u00e3o de responsabilidade<\/p>\r\n<p class=\"p1\">(a) \u00a0\u00a0\u00a0 O utilizador seleciona, por sua pr\u00f3pria conta e risco, um dos fornecedores de servi\u00e7os independente e externo (\u201cFornecedor de Servi\u00e7os\u201d) listado abaixo. O utilizador n\u00e3o est\u00e1 de modo algum limitado a escolher outro fornecedor de servi\u00e7os de recupera\u00e7\u00e3o de dados que n\u00e3o os abaixo listados.<\/p>\r\n<p class=\"p1\">(b)\u00a0\u00a0\u00a0 Qualquer acordo realizado com o Fornecedor de Servi\u00e7os relativo a servi\u00e7os de recupera\u00e7\u00e3o de dados \u00e9 realizado exclusivamente entre o utilizador e o Fornecedor de Servi\u00e7os. A Toshiba Electronics Europe GmbH e os seus afiliados (doravante referidos coletivamente como \u201cTOSHIBA\u201d) em caso algum ser\u00e3o parte integrante desse acordo.<\/p>\r\n<p class=\"p1\">(c)\u00a0\u00a0\u00a0 A TOSHIBA N\u00c3O PROPORCIONA QUALQUER GARANTIA, EXPRESSA OU IMPLICITA, E EXCLUI EXPRESSAMENTE TODAS AS GARANTIAS EM RELA\u00c7\u00c3O AOS SERVI\u00c7OS PRESTADOS POR UM FORNCEDOR DE SERVI\u00c7OS INDEPENDENTE E EXTERNO, INCLUINDO MAS N\u00c3O LIMITADO A, QUALQUER GARANTIA EM RELA\u00c7\u00c3O \u00c0 QUALIDADE OU FIABILIDADE DOS SERVI\u00c7OS DO FORNCEDOR DE SERVI\u00c7OS INDEPENDENTE E EXTERNO, A N\u00c3O VIOLA\u00c7\u00c3O, COMERCIALIZA\u00c7\u00c3O OU ADEQUA\u00c7\u00c3O A UM DETERMINADO FIM.<\/p>\r\n<p class=\"p1\">(d)\u00a0\u00a0\u00a0 Recorrer a servi\u00e7os de recupera\u00e7\u00e3o de dados prestados por um Fornecedor de Servi\u00e7os n\u00e3o ir\u00e1 anular a Garantia Toshiba relativa a unidades externas e internas de discos r\u00edgidos (\u201cunidade de disco r\u00edgido\u201d) concedida a um utilizador final que tenha adquirido uma unidade de disco r\u00edgido (\u201cGarantia Toshiba \u201d). No entanto, se a unidade de disco r\u00edgido for danificada ou apresentar defeitos resultantes dos servi\u00e7os prestados pelo Fornecedor de Servi\u00e7os, a Garantia Toshiba n\u00e3o ser\u00e1 aplicada a estes danos ou defeitos.<\/p>\r\n<p class=\"p1\">(e) De acordo com a Garantia Toshiba, a TOSHIBA n\u00e3o assume qualquer responsabilidade por qualquer tipo de perda ou danos relacionados \u00e0, advindos ou resultantes da presta\u00e7\u00e3o de servi\u00e7os do Fornecedor de Servi\u00e7os, incluindo mas n\u00e3o limitado a, qualquer perda de ou danos aos dados presentes numa unidade de disco r\u00edgido da Toshiba, por ex., atribu\u00eddos \u00e0 utiliza\u00e7\u00e3o indevida, adultera\u00e7\u00e3o, manuseio indevido ou outras causas especificadas na Garantia Toshiba. O utilizador \u00e9 respons\u00e1vel por guardar (fazer uma c\u00f3pia de seguran\u00e7a) de quaisquer dados. A TOSHIBA n\u00e3o garante nem cobre qualquer perda financeira ou outra resultante da perda de dados.<\/p>\r\n(f) As condi\u00e7\u00f5es efetivas dos servi\u00e7os de recupera\u00e7\u00e3o de dados est\u00e3o sujeitas \u00e0s instru\u00e7\u00f5es da p\u00e1gina Web de cada Fornecedor de servi\u00e7os.\r\n<br \/><br \/>\r\n<p style=\"text-align: center;\">Ao clicar nos log\u00f3tipos abaixo, aceita as exclus\u00f5es de responsabilidade espec\u00edficas acima.\r\nOs seguintes fornecedores de servi\u00e7os oferecem servi\u00e7os de recupera\u00e7\u00e3o de dados com desconto a clientes com HDDs Toshiba.<\/p>\r\n<\/div>\r\n\r\n\r\n\r\n<div>\r\n<table style=\"width: 100%;\">\r\n<tbody>\r\n<tr>\r\n<th style=\"text-align: center;\"><a href=\"https:\/\/www.toshiba-storage.com\/pt-pt\/link-ontrack\/\"><img loading=\"lazy\" decoding=\"async\" class=\"alignnone wp-image-39405 \" src=\"https:\/\/www.toshiba-storage.com\/wp-content\/uploads\/2020\/09\/ontrack_c-300x71.png\" alt=\"\" width=\"232\" height=\"55\" srcset=\"https:\/\/www.toshiba-storage.com\/wp\/wp-content\/uploads\/2020\/09\/ontrack_c-300x71.png 300w, https:\/\/www.toshiba-storage.com\/wp\/wp-content\/uploads\/2020\/09\/ontrack_c-768x181.png 768w, https:\/\/www.toshiba-storage.com\/wp\/wp-content\/uploads\/2020\/09\/ontrack_c-1024x241.png 1024w, https:\/\/www.toshiba-storage.com\/wp\/wp-content\/uploads\/2020\/09\/ontrack_c.png 1785w\" sizes=\"auto, (max-width: 232px) 100vw, 232px\" \/><\/a><\/th>\r\n<th style=\"text-align: center;\"><a href=\"https:\/\/www.toshiba-storage.com\/pt-pt\/drivesavers\/\"><img loading=\"lazy\" decoding=\"async\" class=\"alignnone wp-image-39393 \" src=\"https:\/\/www.toshiba-storage.com\/wp-content\/uploads\/2020\/09\/DR_DSLogo-300x300.png\" alt=\"\" width=\"156\" height=\"156\" srcset=\"https:\/\/www.toshiba-storage.com\/wp\/wp-content\/uploads\/2020\/09\/DR_DSLogo-300x300.png 300w, https:\/\/www.toshiba-storage.com\/wp\/wp-content\/uploads\/2020\/09\/DR_DSLogo-150x150.png 150w, https:\/\/www.toshiba-storage.com\/wp\/wp-content\/uploads\/2020\/09\/DR_DSLogo-768x769.png 768w, https:\/\/www.toshiba-storage.com\/wp\/wp-content\/uploads\/2020\/09\/DR_DSLogo-1024x1024.png 1024w, https:\/\/www.toshiba-storage.com\/wp\/wp-content\/uploads\/2020\/09\/DR_DSLogo-450x450.png 450w, https:\/\/www.toshiba-storage.com\/wp\/wp-content\/uploads\/2020\/09\/DR_DSLogo.png 1502w\" sizes=\"auto, (max-width: 156px) 100vw, 156px\" \/><\/a><\/th>\r\n<\/tr>\r\n<tr>\r\n<th style=\"text-align: center;\"><a href=\"https:\/\/www.toshiba-storage.com\/pt-pt\/link-ontrack\/\"><strong>Ontrack<\/strong><\/a>\r\n\r\n<span style=\"color: #000000; font-family: Calibri; font-size: medium;\"><a href=\"https:\/\/www.toshiba-storage.com\/pt-pt\/link-ontrack\/\">Clique aqui.<\/a> Desconto dispon\u00edvel.<\/span><\/th>\r\n<th style=\"text-align: center;\"><a href=\"https:\/\/www.toshiba-storage.com\/pt-pt\/drivesavers\/\"><strong>Drivesavers<\/strong><\/a>\r\n\r\n<span style=\"color: #000000; font-family: Calibri; font-size: medium;\"><a href=\"https:\/\/www.toshiba-storage.com\/pt-pt\/drivesavers\/\">Clique aqui.<\/a> Desconto dispon\u00edvel.<\/span><\/th>\r\n<\/tr>\r\n<\/tbody>\r\n<\/table>\r\n<\/div>\r\n<\/section><\/div>\r\n<\/div>\r\n<!-- \/wp:post-content -->","protected":false},"excerpt":{"rendered":"<p>Aceda aos servi\u00e7os de um dos fornecedores de servi\u00e7os abaixo listados ap\u00f3s a compreens\u00e3o e aceita\u00e7\u00e3o da seguinte exclus\u00e3o de responsabilidade. Exclus\u00e3o de responsabilidade (a) \u00a0\u00a0\u00a0 O utilizador seleciona, por sua pr\u00f3pria conta e risco, um dos fornecedores de servi\u00e7os independente e externo (\u201cFornecedor de Servi\u00e7os\u201d) listado abaixo. O utilizador n\u00e3o est\u00e1 de modo algum &hellip;<\/p>\n","protected":false},"author":30,"featured_media":0,"parent":0,"menu_order":0,"comment_status":"closed","ping_status":"closed","template":"page-legal.php","meta":{"_acf_changed":false,"footnotes":""},"class_list":["post-41296","page","type-page","status-publish","hentry"],"acf":[],"yoast_head":"<!-- This site is optimized with the Yoast SEO Premium plugin v27.3 (Yoast SEO v27.3) - https:\/\/yoast.com\/product\/yoast-seo-premium-wordpress\/ -->\n<title>Informa\u00e7\u00f5es sobre o Fornecedor de Servi\u00e7os de Recupera\u00e7\u00e3o de Dados - EMEA<\/title>\n<meta name=\"robots\" content=\"index, follow, max-snippet:-1, max-image-preview:large, max-video-preview:-1\" \/>\n<link rel=\"canonical\" href=\"https:\/\/www.toshiba-storage.com\/pt-pt\/data_recovery_service_provider_info\/\" \/>\n<meta property=\"og:locale\" content=\"pt_PT\" \/>\n<meta property=\"og:type\" content=\"article\" \/>\n<meta property=\"og:title\" content=\"Informa\u00e7\u00f5es sobre o Fornecedor de Servi\u00e7os de Recupera\u00e7\u00e3o de Dados\" \/>\n<meta property=\"og:description\" content=\"Aceda aos servi\u00e7os de um dos fornecedores de servi\u00e7os abaixo listados ap\u00f3s a compreens\u00e3o e aceita\u00e7\u00e3o da seguinte exclus\u00e3o de responsabilidade. Exclus\u00e3o de responsabilidade (a) \u00a0\u00a0\u00a0 O utilizador seleciona, por sua pr\u00f3pria conta e risco, um dos fornecedores de servi\u00e7os independente e externo (\u201cFornecedor de Servi\u00e7os\u201d) listado abaixo. O utilizador n\u00e3o est\u00e1 de modo algum &hellip;\" \/>\n<meta property=\"og:url\" content=\"https:\/\/www.toshiba-storage.com\/pt-pt\/data_recovery_service_provider_info\/\" \/>\n<meta property=\"og:site_name\" content=\"EMEA\" \/>\n<meta property=\"article:publisher\" content=\"https:\/\/www.facebook.com\/ToshibaStorageEU\/\" \/>\n<meta property=\"article:modified_time\" content=\"2021-03-04T11:24:21+00:00\" \/>\n<meta property=\"og:image\" content=\"https:\/\/www.wwwtoshibastoragecom.psl.dev\/wp-content\/uploads\/2020\/06\/20200630_Toshiba_Storage_Data_Recovery_Icon.gif\" \/>\n<meta name=\"twitter:card\" content=\"summary_large_image\" \/>\n<meta name=\"twitter:label1\" content=\"Est. reading time\" \/>\n\t<meta name=\"twitter:data1\" content=\"2 minutes\" \/>\n<script type=\"application\/ld+json\" class=\"yoast-schema-graph\">{\"@context\":\"https:\\\/\\\/schema.org\",\"@graph\":[{\"@type\":\"WebPage\",\"@id\":\"https:\\\/\\\/www.toshiba-storage.com\\\/pt-pt\\\/data_recovery_service_provider_info\\\/\",\"url\":\"https:\\\/\\\/www.toshiba-storage.com\\\/pt-pt\\\/data_recovery_service_provider_info\\\/\",\"name\":\"Informa\u00e7\u00f5es sobre o Fornecedor de Servi\u00e7os de Recupera\u00e7\u00e3o de Dados - EMEA\",\"isPartOf\":{\"@id\":\"https:\\\/\\\/www.toshiba-storage.com\\\/pt-pt\\\/#website\"},\"primaryImageOfPage\":{\"@id\":\"https:\\\/\\\/www.toshiba-storage.com\\\/pt-pt\\\/data_recovery_service_provider_info\\\/#primaryimage\"},\"image\":{\"@id\":\"https:\\\/\\\/www.toshiba-storage.com\\\/pt-pt\\\/data_recovery_service_provider_info\\\/#primaryimage\"},\"thumbnailUrl\":\"https:\\\/\\\/www.toshiba-storage.com\\\/wp-content\\\/uploads\\\/2020\\\/06\\\/20200630_Toshiba_Storage_Data_Recovery_Icon.gif\",\"datePublished\":\"2020-07-02T10:10:12+00:00\",\"dateModified\":\"2021-03-04T11:24:21+00:00\",\"inLanguage\":\"pt-PT\",\"potentialAction\":[{\"@type\":\"ReadAction\",\"target\":[\"https:\\\/\\\/www.toshiba-storage.com\\\/pt-pt\\\/data_recovery_service_provider_info\\\/\"]}]},{\"@type\":\"ImageObject\",\"inLanguage\":\"pt-PT\",\"@id\":\"https:\\\/\\\/www.toshiba-storage.com\\\/pt-pt\\\/data_recovery_service_provider_info\\\/#primaryimage\",\"url\":\"https:\\\/\\\/www.toshiba-storage.com\\\/wp-content\\\/uploads\\\/2020\\\/06\\\/20200630_Toshiba_Storage_Data_Recovery_Icon.gif\",\"contentUrl\":\"https:\\\/\\\/www.toshiba-storage.com\\\/wp-content\\\/uploads\\\/2020\\\/06\\\/20200630_Toshiba_Storage_Data_Recovery_Icon.gif\"},{\"@type\":\"WebSite\",\"@id\":\"https:\\\/\\\/www.toshiba-storage.com\\\/pt-pt\\\/#website\",\"url\":\"https:\\\/\\\/www.toshiba-storage.com\\\/pt-pt\\\/\",\"name\":\"Toshiba Storage Solutions \u2013 EMEA Region\",\"description\":\"Toshiba in Europe and Middle East Asia provides reliable and innovative storage solutions and internal and external HDDs \u2013for Laptops, PC, NAS, Surveillance and Enterprise.\",\"publisher\":{\"@id\":\"https:\\\/\\\/www.toshiba-storage.com\\\/pt-pt\\\/#organization\"},\"potentialAction\":[{\"@type\":\"SearchAction\",\"target\":{\"@type\":\"EntryPoint\",\"urlTemplate\":\"https:\\\/\\\/www.toshiba-storage.com\\\/pt-pt\\\/?s={search_term_string}\"},\"query-input\":{\"@type\":\"PropertyValueSpecification\",\"valueRequired\":true,\"valueName\":\"search_term_string\"}}],\"inLanguage\":\"pt-PT\"},{\"@type\":\"Organization\",\"@id\":\"https:\\\/\\\/www.toshiba-storage.com\\\/pt-pt\\\/#organization\",\"name\":\"Toshiba Electronics Europe GmbH\",\"url\":\"https:\\\/\\\/www.toshiba-storage.com\\\/pt-pt\\\/\",\"logo\":{\"@type\":\"ImageObject\",\"inLanguage\":\"pt-PT\",\"@id\":\"https:\\\/\\\/www.toshiba-storage.com\\\/pt-pt\\\/#\\\/schema\\\/logo\\\/image\\\/\",\"url\":\"https:\\\/\\\/www.toshiba-storage.com\\\/wp\\\/wp-content\\\/uploads\\\/2024\\\/02\\\/toshiba-logo.png\",\"contentUrl\":\"https:\\\/\\\/www.toshiba-storage.com\\\/wp\\\/wp-content\\\/uploads\\\/2024\\\/02\\\/toshiba-logo.png\",\"width\":263,\"height\":40,\"caption\":\"Toshiba Electronics Europe GmbH\"},\"image\":{\"@id\":\"https:\\\/\\\/www.toshiba-storage.com\\\/pt-pt\\\/#\\\/schema\\\/logo\\\/image\\\/\"},\"sameAs\":[\"https:\\\/\\\/www.facebook.com\\\/ToshibaStorageEU\\\/\",\"https:\\\/\\\/www.linkedin.com\\\/company\\\/toshiba-electronics-europe-gmbh\\\/?originalSubdomain=de\",\"https:\\\/\\\/www.youtube.com\\\/user\\\/ToshibaElectronics1\"]}]}<\/script>\n<!-- \/ Yoast SEO Premium plugin. -->","yoast_head_json":{"title":"Informa\u00e7\u00f5es sobre o Fornecedor de Servi\u00e7os de Recupera\u00e7\u00e3o de Dados - EMEA","robots":{"index":"index","follow":"follow","max-snippet":"max-snippet:-1","max-image-preview":"max-image-preview:large","max-video-preview":"max-video-preview:-1"},"canonical":"https:\/\/www.toshiba-storage.com\/pt-pt\/data_recovery_service_provider_info\/","og_locale":"pt_PT","og_type":"article","og_title":"Informa\u00e7\u00f5es sobre o Fornecedor de Servi\u00e7os de Recupera\u00e7\u00e3o de Dados","og_description":"Aceda aos servi\u00e7os de um dos fornecedores de servi\u00e7os abaixo listados ap\u00f3s a compreens\u00e3o e aceita\u00e7\u00e3o da seguinte exclus\u00e3o de responsabilidade. Exclus\u00e3o de responsabilidade (a) \u00a0\u00a0\u00a0 O utilizador seleciona, por sua pr\u00f3pria conta e risco, um dos fornecedores de servi\u00e7os independente e externo (\u201cFornecedor de Servi\u00e7os\u201d) listado abaixo. O utilizador n\u00e3o est\u00e1 de modo algum &hellip;","og_url":"https:\/\/www.toshiba-storage.com\/pt-pt\/data_recovery_service_provider_info\/","og_site_name":"EMEA","article_publisher":"https:\/\/www.facebook.com\/ToshibaStorageEU\/","article_modified_time":"2021-03-04T11:24:21+00:00","og_image":[{"url":"https:\/\/www.wwwtoshibastoragecom.psl.dev\/wp-content\/uploads\/2020\/06\/20200630_Toshiba_Storage_Data_Recovery_Icon.gif","type":"","width":"","height":""}],"twitter_card":"summary_large_image","twitter_misc":{"Est. reading time":"2 minutes"},"schema":{"@context":"https:\/\/schema.org","@graph":[{"@type":"WebPage","@id":"https:\/\/www.toshiba-storage.com\/pt-pt\/data_recovery_service_provider_info\/","url":"https:\/\/www.toshiba-storage.com\/pt-pt\/data_recovery_service_provider_info\/","name":"Informa\u00e7\u00f5es sobre o Fornecedor de Servi\u00e7os de Recupera\u00e7\u00e3o de Dados - EMEA","isPartOf":{"@id":"https:\/\/www.toshiba-storage.com\/pt-pt\/#website"},"primaryImageOfPage":{"@id":"https:\/\/www.toshiba-storage.com\/pt-pt\/data_recovery_service_provider_info\/#primaryimage"},"image":{"@id":"https:\/\/www.toshiba-storage.com\/pt-pt\/data_recovery_service_provider_info\/#primaryimage"},"thumbnailUrl":"https:\/\/www.toshiba-storage.com\/wp-content\/uploads\/2020\/06\/20200630_Toshiba_Storage_Data_Recovery_Icon.gif","datePublished":"2020-07-02T10:10:12+00:00","dateModified":"2021-03-04T11:24:21+00:00","inLanguage":"pt-PT","potentialAction":[{"@type":"ReadAction","target":["https:\/\/www.toshiba-storage.com\/pt-pt\/data_recovery_service_provider_info\/"]}]},{"@type":"ImageObject","inLanguage":"pt-PT","@id":"https:\/\/www.toshiba-storage.com\/pt-pt\/data_recovery_service_provider_info\/#primaryimage","url":"https:\/\/www.toshiba-storage.com\/wp-content\/uploads\/2020\/06\/20200630_Toshiba_Storage_Data_Recovery_Icon.gif","contentUrl":"https:\/\/www.toshiba-storage.com\/wp-content\/uploads\/2020\/06\/20200630_Toshiba_Storage_Data_Recovery_Icon.gif"},{"@type":"WebSite","@id":"https:\/\/www.toshiba-storage.com\/pt-pt\/#website","url":"https:\/\/www.toshiba-storage.com\/pt-pt\/","name":"Toshiba Storage Solutions \u2013 EMEA Region","description":"Toshiba in Europe and Middle East Asia provides reliable and innovative storage solutions and internal and external HDDs \u2013for Laptops, PC, NAS, Surveillance and Enterprise.","publisher":{"@id":"https:\/\/www.toshiba-storage.com\/pt-pt\/#organization"},"potentialAction":[{"@type":"SearchAction","target":{"@type":"EntryPoint","urlTemplate":"https:\/\/www.toshiba-storage.com\/pt-pt\/?s={search_term_string}"},"query-input":{"@type":"PropertyValueSpecification","valueRequired":true,"valueName":"search_term_string"}}],"inLanguage":"pt-PT"},{"@type":"Organization","@id":"https:\/\/www.toshiba-storage.com\/pt-pt\/#organization","name":"Toshiba Electronics Europe GmbH","url":"https:\/\/www.toshiba-storage.com\/pt-pt\/","logo":{"@type":"ImageObject","inLanguage":"pt-PT","@id":"https:\/\/www.toshiba-storage.com\/pt-pt\/#\/schema\/logo\/image\/","url":"https:\/\/www.toshiba-storage.com\/wp\/wp-content\/uploads\/2024\/02\/toshiba-logo.png","contentUrl":"https:\/\/www.toshiba-storage.com\/wp\/wp-content\/uploads\/2024\/02\/toshiba-logo.png","width":263,"height":40,"caption":"Toshiba Electronics Europe GmbH"},"image":{"@id":"https:\/\/www.toshiba-storage.com\/pt-pt\/#\/schema\/logo\/image\/"},"sameAs":["https:\/\/www.facebook.com\/ToshibaStorageEU\/","https:\/\/www.linkedin.com\/company\/toshiba-electronics-europe-gmbh\/?originalSubdomain=de","https:\/\/www.youtube.com\/user\/ToshibaElectronics1"]}]}},"_links":{"self":[{"href":"https:\/\/www.toshiba-storage.com\/pt-pt\/wp-json\/wp\/v2\/pages\/41296","targetHints":{"allow":["GET"]}}],"collection":[{"href":"https:\/\/www.toshiba-storage.com\/pt-pt\/wp-json\/wp\/v2\/pages"}],"about":[{"href":"https:\/\/www.toshiba-storage.com\/pt-pt\/wp-json\/wp\/v2\/types\/page"}],"author":[{"embeddable":true,"href":"https:\/\/www.toshiba-storage.com\/pt-pt\/wp-json\/wp\/v2\/users\/30"}],"replies":[{"embeddable":true,"href":"https:\/\/www.toshiba-storage.com\/pt-pt\/wp-json\/wp\/v2\/comments?post=41296"}],"version-history":[{"count":0,"href":"https:\/\/www.toshiba-storage.com\/pt-pt\/wp-json\/wp\/v2\/pages\/41296\/revisions"}],"wp:attachment":[{"href":"https:\/\/www.toshiba-storage.com\/pt-pt\/wp-json\/wp\/v2\/media?parent=41296"}],"curies":[{"name":"wp","href":"https:\/\/api.w.org\/{rel}","templated":true}]}}