{"id":34254,"date":"2020-06-10T15:10:01","date_gmt":"2020-06-10T13:10:01","guid":{"rendered":"https:\/\/www.toshiba-storage.com\/warranty-information\/"},"modified":"2025-06-03T22:08:24","modified_gmt":"2025-06-03T20:08:24","slug":"warranty-information","status":"publish","type":"page","link":"https:\/\/www.toshiba-storage.com\/pt-pt\/warranty-information\/","title":{"rendered":"Informa\u00e7\u00f5es acerca da garantia"},"content":{"rendered":"<div class=\"wpb-content-wrapper\"><p>[vc_section][vc_row][vc_column][vc_column_text css=&#8221;&#8221;]<\/p>\n<h2>Unidades de disco r\u00edgido externo<\/h2>\n<p>[\/vc_column_text][vc_column_text css=&#8221;&#8221;]<\/p>\n<table dir=\"ltr\" style=\"height: 719px;\" border=\"1\" width=\"592\" cellspacing=\"0\" cellpadding=\"0\">\n<colgroup>\n<col width=\"189\" \/>\n<col width=\"355\" \/>\n<col width=\"28\" \/>\n<col width=\"78\" \/><\/colgroup>\n<tbody>\n<tr>\n<th style=\"text-align: left;\" scope=\"col\" data-sheets-value=\"{&quot;1&quot;:2,&quot;2&quot;:&quot;Nome do produto&quot;}\"><strong>Nome do produto<\/strong><\/th>\n<th style=\"text-align: left;\" scope=\"col\" data-sheets-value=\"{&quot;1&quot;:2,&quot;2&quot;:&quot;Modelos come\u00e7ados por:&quot;}\"><strong>Modelos come\u00e7ados por:<\/strong><\/th>\n<th style=\"text-align: left;\" colspan=\"2\" rowspan=\"1\" scope=\"col\" data-sheets-value=\"{&quot;1&quot;:2,&quot;2&quot;:&quot;Per\u00edodos de garantia&quot;}\"><strong>Per\u00edodos de garantia<\/strong><\/th>\n<\/tr>\n<tr>\n<td data-sheets-value=\"{&quot;1&quot;:2,&quot;2&quot;:&quot;Canvio Basics \/\\nCanvio Basics USB-C\u00ae&quot;}\">Canvio Basics \/<br \/>\nCanvio Basics USB-C\u00ae<\/td>\n<td data-sheets-value=\"{&quot;1&quot;:2,&quot;2&quot;:&quot;HDTB3, HDTB4&quot;}\">HDTB3, HDTB4<\/td>\n<td data-sheets-value=\"{&quot;1&quot;:3,&quot;3&quot;:2}\">2<\/td>\n<td data-sheets-value=\"{&quot;1&quot;:2,&quot;2&quot;:&quot;anos&quot;}\">anos<\/td>\n<\/tr>\n<tr>\n<td data-sheets-value=\"{&quot;1&quot;:2,&quot;2&quot;:&quot;Canvio Basics \/\\nCanvio Basics USB-C\u00ae&quot;}\">Canvio Basics<\/td>\n<td data-sheets-value=\"{&quot;1&quot;:2,&quot;2&quot;:&quot;HDTB3, HDTB4&quot;}\">HDTB510EK3AA, HDTB520EK3AA, HDTB540EK3CA<\/td>\n<td data-sheets-value=\"{&quot;1&quot;:3,&quot;3&quot;:2}\">2<\/td>\n<td data-sheets-value=\"{&quot;1&quot;:2,&quot;2&quot;:&quot;anos&quot;}\">anos<\/td>\n<\/tr>\n<tr>\n<td data-sheets-value=\"{&quot;1&quot;:2,&quot;2&quot;:&quot;Canvio Basics \/\\nCanvio Basics USB-C\u00ae&quot;}\">Canvio Partner<\/td>\n<td data-sheets-value=\"{&quot;1&quot;:2,&quot;2&quot;:&quot;HDTB3, HDTB4&quot;}\">HDTB510EK3AB, HDTB520EK3AB, HDTB540EK3CB<\/td>\n<td data-sheets-value=\"{&quot;1&quot;:3,&quot;3&quot;:2}\">2<\/td>\n<td data-sheets-value=\"{&quot;1&quot;:2,&quot;2&quot;:&quot;anos&quot;}\">anos<\/td>\n<\/tr>\n<tr>\n<td data-sheets-value=\"{&quot;1&quot;:2,&quot;2&quot;:&quot;Canvio Ready&quot;}\">Canvio Ready<\/td>\n<td data-sheets-value=\"{&quot;1&quot;:2,&quot;2&quot;:&quot;HDTP2, HDTP3&quot;}\">HDTP2, HDTP3<\/td>\n<td data-sheets-value=\"{&quot;1&quot;:3,&quot;3&quot;:2}\">2<\/td>\n<td data-sheets-value=\"{&quot;1&quot;:2,&quot;2&quot;:&quot;anos&quot;}\">anos<\/td>\n<\/tr>\n<tr>\n<td data-sheets-value=\"{&quot;1&quot;:2,&quot;2&quot;:&quot;Canvio Advance&quot;}\">Canvio Advance<\/td>\n<td data-sheets-value=\"{&quot;1&quot;:2,&quot;2&quot;:&quot;HDTC9, HDTCA&quot;}\">HDTC9, HDTCA<\/td>\n<td data-sheets-value=\"{&quot;1&quot;:3,&quot;3&quot;:2}\">2<\/td>\n<td data-sheets-value=\"{&quot;1&quot;:2,&quot;2&quot;:&quot;anos&quot;}\">anos<\/td>\n<\/tr>\n<tr>\n<td data-sheets-value=\"{&quot;1&quot;:2,&quot;2&quot;:&quot;Canvio Alu&quot;}\">Canvio Alu<\/td>\n<td data-sheets-value=\"{&quot;1&quot;:2,&quot;2&quot;:&quot;HDTH3&quot;}\">HDTH3<\/td>\n<td data-sheets-value=\"{&quot;1&quot;:3,&quot;3&quot;:2}\">2<\/td>\n<td data-sheets-value=\"{&quot;1&quot;:2,&quot;2&quot;:&quot;anos&quot;}\">anos<\/td>\n<\/tr>\n<tr>\n<td data-sheets-value=\"{&quot;1&quot;:2,&quot;2&quot;:&quot;Canvio Slim&quot;}\">Canvio Slim<\/td>\n<td data-sheets-value=\"{&quot;1&quot;:2,&quot;2&quot;:&quot;HDTD3&quot;}\">HDTD3<\/td>\n<td data-sheets-value=\"{&quot;1&quot;:3,&quot;3&quot;:3}\">3<\/td>\n<td data-sheets-value=\"{&quot;1&quot;:2,&quot;2&quot;:&quot;anos&quot;}\">anos<\/td>\n<\/tr>\n<tr>\n<td data-sheets-value=\"{&quot;1&quot;:2,&quot;2&quot;:&quot;Canvio Premium&quot;}\">Canvio Premium<\/td>\n<td data-sheets-value=\"{&quot;1&quot;:2,&quot;2&quot;:&quot;HDTW2&quot;}\">HDTW2<\/td>\n<td data-sheets-value=\"{&quot;1&quot;:3,&quot;3&quot;:3}\">3<\/td>\n<td data-sheets-value=\"{&quot;1&quot;:2,&quot;2&quot;:&quot;anos&quot;}\">anos<\/td>\n<\/tr>\n<tr>\n<td data-sheets-value=\"{&quot;1&quot;:2,&quot;2&quot;:&quot;Canvio Flex&quot;}\">Canvio Flex<\/td>\n<td data-sheets-value=\"{&quot;1&quot;:2,&quot;2&quot;:&quot;HDTX140ES, HDTX120ES, HDTX110ES&quot;}\">HDTX240ESC, HDTX220ES, HDTX210ES, HDTX140ES, HDTX120ES, HDTX110ES<\/td>\n<td data-sheets-value=\"{&quot;1&quot;:3,&quot;3&quot;:3}\">3<\/td>\n<td data-sheets-value=\"{&quot;1&quot;:2,&quot;2&quot;:&quot;anos&quot;}\">anos<\/td>\n<\/tr>\n<tr>\n<td data-sheets-value=\"{&quot;1&quot;:2,&quot;2&quot;:&quot;Canvio Flex Exclusive&quot;}\">Canvio Flex Exclusive<\/td>\n<td data-sheets-value=\"{&quot;1&quot;:2,&quot;2&quot;:&quot;HDTX110MS, HDTX120MS, HDTX140MS&quot;}\">HDTX240MS, HDTX210MS, HDTX220MS, HDTX110MS, HDTX120MS, HDTX140MS<\/td>\n<td data-sheets-value=\"{&quot;1&quot;:3,&quot;3&quot;:4}\">4<\/td>\n<td data-sheets-value=\"{&quot;1&quot;:2,&quot;2&quot;:&quot;anos&quot;}\">anos<\/td>\n<\/tr>\n<tr>\n<td data-sheets-value=\"{&quot;1&quot;:2,&quot;2&quot;:&quot;Canvio Gaming&quot;}\">Canvio Gaming<\/td>\n<td data-sheets-value=\"{&quot;1&quot;:2,&quot;2&quot;:&quot;HDTX140EK, HDTX120EK, HDTX110EK&quot;}\">HDTX240EK, HDTX220EK, HDTX210EK, HDTX140EK, HDTX120EK, HDTX110EK<\/td>\n<td data-sheets-value=\"{&quot;1&quot;:3,&quot;3&quot;:2}\">2<\/td>\n<td data-sheets-value=\"{&quot;1&quot;:2,&quot;2&quot;:&quot;anos&quot;}\">anos<\/td>\n<\/tr>\n<tr>\n<td data-sheets-value=\"{&quot;1&quot;:2,&quot;2&quot;:&quot;Canvio Basics Exclusive&quot;}\">Canvio Basics Exclusive<\/td>\n<td data-sheets-value=\"{&quot;1&quot;:2,&quot;2&quot;:&quot;HDTB405MK, HDTB410MK, HDTB420MK, HDTB440MK&quot;}\">HDTB405MK, HDTB410MK, HDTB420MK, HDTB440MK<\/td>\n<td data-sheets-value=\"{&quot;1&quot;:3,&quot;3&quot;:3}\">3<\/td>\n<td data-sheets-value=\"{&quot;1&quot;:2,&quot;2&quot;:&quot;anos&quot;}\">anos<\/td>\n<\/tr>\n<tr>\n<td data-sheets-value=\"{&quot;1&quot;:2,&quot;2&quot;:&quot;Canvio for Desktop&quot;}\">Canvio Basics Exclusive<\/td>\n<td data-sheets-value=\"{&quot;1&quot;:2,&quot;2&quot;:&quot;HDTC3&quot;}\">HDTB510MK, HDTB520MK, HDTB540MK<\/td>\n<td data-sheets-value=\"{&quot;1&quot;:3,&quot;3&quot;:2}\">4<\/td>\n<td data-sheets-value=\"{&quot;1&quot;:2,&quot;2&quot;:&quot;anos&quot;}\">anos<\/td>\n<\/tr>\n<tr>\n<td data-sheets-value=\"{&quot;1&quot;:2,&quot;2&quot;:&quot;Canvio for Desktop&quot;}\">Canvio for Desktop<\/td>\n<td data-sheets-value=\"{&quot;1&quot;:2,&quot;2&quot;:&quot;HDTC3&quot;}\">HDTC3<\/td>\n<td data-sheets-value=\"{&quot;1&quot;:3,&quot;3&quot;:2}\">2<\/td>\n<td data-sheets-value=\"{&quot;1&quot;:2,&quot;2&quot;:&quot;anos&quot;}\">anos<\/td>\n<\/tr>\n<\/tbody>\n<\/table>\n<p>[\/vc_column_text][vc_separator][\/vc_column][\/vc_row][vc_row][vc_column][vc_column_text css=&#8221;&#8221;]<\/p>\n<h2>Unidades de disco r\u00edgido interno<\/h2>\n<p>[\/vc_column_text][vc_column_text css=&#8221;&#8221;]<\/p>\n<table dir=\"ltr\" style=\"height: 393px;\" border=\"1\" width=\"489\" cellspacing=\"0\" cellpadding=\"0\">\n<colgroup>\n<col width=\"131\" \/>\n<col width=\"206\" \/>\n<col width=\"26\" \/>\n<col width=\"47\" \/>\n<col width=\"25\" \/>\n<col width=\"53\" \/><\/colgroup>\n<tbody>\n<tr>\n<th style=\"text-align: left;\" scope=\"col\" data-sheets-value=\"{&quot;1&quot;:2,&quot;2&quot;:&quot;Nome do produto&quot;}\"><strong>Nome do produto<\/strong><\/th>\n<th style=\"text-align: left;\" scope=\"col\" data-sheets-value=\"{&quot;1&quot;:2,&quot;2&quot;:&quot;Modelos come\u00e7ados por:&quot;}\"><strong>Modelos come\u00e7ados por:<\/strong><\/th>\n<th style=\"text-align: left;\" colspan=\"4\" rowspan=\"1\" scope=\"col\" data-sheets-value=\"{&quot;1&quot;:2,&quot;2&quot;:&quot;Per\u00edodos de garantia&quot;}\"><strong>Per\u00edodos de garantia<\/strong><\/th>\n<\/tr>\n<tr>\n<td><\/td>\n<td><\/td>\n<td colspan=\"2\" rowspan=\"1\" data-sheets-value=\"{&quot;1&quot;:2,&quot;2&quot;:&quot;A granel*&quot;}\">Bulk<\/td>\n<td colspan=\"2\" rowspan=\"1\" data-sheets-value=\"{&quot;1&quot;:2,&quot;2&quot;:&quot;Retalho&quot;}\">Retail<\/td>\n<\/tr>\n<tr>\n<td data-sheets-value=\"{&quot;1&quot;:2,&quot;2&quot;:&quot;L200&quot;}\">L200<\/td>\n<td data-sheets-value=\"{&quot;1&quot;:2,&quot;2&quot;:&quot;HDWL, HDWJ, HDWK&quot;}\">HDWL, HDWJ<\/td>\n<td data-sheets-value=\"{&quot;1&quot;:3,&quot;3&quot;:2}\">2<\/td>\n<td data-sheets-value=\"{&quot;1&quot;:2,&quot;2&quot;:&quot;anos&quot;}\">anos<\/td>\n<td data-sheets-value=\"{&quot;1&quot;:3,&quot;3&quot;:2}\">2<\/td>\n<td data-sheets-value=\"{&quot;1&quot;:2,&quot;2&quot;:&quot;anos&quot;}\">anos<\/td>\n<\/tr>\n<tr>\n<td data-sheets-value=\"{&quot;1&quot;:2,&quot;2&quot;:&quot;P300&quot;}\">P300<\/td>\n<td data-sheets-value=\"{&quot;1&quot;:2,&quot;2&quot;:&quot;HDWD&quot;}\">HDWD<\/td>\n<td data-sheets-value=\"{&quot;1&quot;:3,&quot;3&quot;:2}\">2<\/td>\n<td data-sheets-value=\"{&quot;1&quot;:2,&quot;2&quot;:&quot;anos&quot;}\">anos<\/td>\n<td data-sheets-value=\"{&quot;1&quot;:3,&quot;3&quot;:2}\">2<\/td>\n<td data-sheets-value=\"{&quot;1&quot;:2,&quot;2&quot;:&quot;anos&quot;}\">anos<\/td>\n<\/tr>\n<tr>\n<td data-sheets-value=\"{&quot;1&quot;:2,&quot;2&quot;:&quot;X300&quot;}\">X300<\/td>\n<td data-sheets-value=\"{&quot;1&quot;:2,&quot;2&quot;:&quot;HDWE, HDWF, HDWR,&quot;}\">HDWE, HDWF, HDWR,<\/td>\n<td data-sheets-value=\"{&quot;1&quot;:3,&quot;3&quot;:2}\">2<\/td>\n<td data-sheets-value=\"{&quot;1&quot;:2,&quot;2&quot;:&quot;anos&quot;}\">anos<\/td>\n<td data-sheets-value=\"{&quot;1&quot;:3,&quot;3&quot;:2}\">2<\/td>\n<td data-sheets-value=\"{&quot;1&quot;:2,&quot;2&quot;:&quot;anos&quot;}\">anos<\/td>\n<\/tr>\n<tr>\n<td data-sheets-value=\"{&quot;1&quot;:2,&quot;2&quot;:&quot;N300&quot;}\">N300<\/td>\n<td data-sheets-value=\"{&quot;1&quot;:2,&quot;2&quot;:&quot;HDWQ, HDWN, HDWG&quot;}\">MN10ADA, HDWQ, HDWN, HDWG<\/td>\n<td data-sheets-value=\"{&quot;1&quot;:3,&quot;3&quot;:3}\">3<\/td>\n<td data-sheets-value=\"{&quot;1&quot;:2,&quot;2&quot;:&quot;anos&quot;}\">anos<\/td>\n<td data-sheets-value=\"{&quot;1&quot;:3,&quot;3&quot;:3}\">3<\/td>\n<td data-sheets-value=\"{&quot;1&quot;:2,&quot;2&quot;:&quot;anos&quot;}\">anos<\/td>\n<\/tr>\n<tr>\n<td data-sheets-value=\"{&quot;1&quot;:2,&quot;2&quot;:&quot;V300&quot;}\">V300<\/td>\n<td data-sheets-value=\"{&quot;1&quot;:2,&quot;2&quot;:&quot;HDWU&quot;}\">HDWU<\/td>\n<td data-sheets-value=\"{&quot;1&quot;:3,&quot;3&quot;:2}\">2<\/td>\n<td data-sheets-value=\"{&quot;1&quot;:2,&quot;2&quot;:&quot;anos&quot;}\">anos<\/td>\n<td><\/td>\n<td><\/td>\n<\/tr>\n<tr>\n<td>S300 \/ S300 Pro<\/td>\n<td>HDWT, HDWV<\/td>\n<td>3<\/td>\n<td>anos<\/td>\n<td><\/td>\n<td><\/td>\n<\/tr>\n<tr>\n<td>MG Series<\/td>\n<td>MG<\/td>\n<td>5<\/td>\n<td>anos<\/td>\n<td><\/td>\n<td><\/td>\n<\/tr>\n<tr>\n<td>AL Series<\/td>\n<td>AL<\/td>\n<td>5<\/td>\n<td>anos<\/td>\n<td><\/td>\n<td><\/td>\n<\/tr>\n<\/tbody>\n<\/table>\n<p>[\/vc_column_text][\/vc_column][\/vc_row][vc_row][vc_column][vc_column_text]<\/p>\n<p class=\"p1\"><span class=\"s1\">Clique <\/span><a href=\"https:\/\/www.toshiba-storage.com\/wp-content\/uploads\/2020\/10\/Toshiba_Storage_Warranty_Leaflet_2020.pdf\"><span class=\"s2\">aqui<\/span><\/a><span class=\"s1\"> para obter mais informa\u00e7\u00f5es sobre nossa pol\u00edtica de garantia geral.<\/span><\/p>\n<p>[\/vc_column_text][\/vc_column][\/vc_row][\/vc_section]<\/p>\n<\/div>","protected":false},"excerpt":{"rendered":"<p>[vc_section][vc_row][vc_column][vc_column_text css=&#8221;&#8221;] Unidades de disco r\u00edgido externo [\/vc_column_text][vc_column_text css=&#8221;&#8221;] Nome do produto Modelos come\u00e7ados por: Per\u00edodos de garantia Canvio Basics \/ Canvio Basics USB-C\u00ae HDTB3, HDTB4 2 anos Canvio Basics HDTB510EK3AA, HDTB520EK3AA, HDTB540EK3CA 2 anos Canvio Partner HDTB510EK3AB, HDTB520EK3AB, HDTB540EK3CB 2 anos Canvio Ready HDTP2, HDTP3 2 anos Canvio Advance HDTC9, HDTCA 2 anos Canvio &hellip;<\/p>\n","protected":false},"author":43,"featured_media":0,"parent":0,"menu_order":0,"comment_status":"closed","ping_status":"closed","template":"page-legal.php","meta":{"_acf_changed":false,"footnotes":""},"class_list":["post-34254","page","type-page","status-publish","hentry"],"acf":[],"yoast_head":"<!-- This site is optimized with the Yoast SEO Premium plugin v27.3 (Yoast SEO v27.3) - https:\/\/yoast.com\/product\/yoast-seo-premium-wordpress\/ -->\n<title>Informa\u00e7\u00f5es acerca da garantia - EMEA<\/title>\n<meta name=\"robots\" content=\"index, follow, max-snippet:-1, max-image-preview:large, max-video-preview:-1\" \/>\n<link rel=\"canonical\" href=\"https:\/\/www.toshiba-storage.com\/pt-pt\/warranty-information\/\" \/>\n<meta property=\"og:locale\" content=\"pt_PT\" \/>\n<meta property=\"og:type\" content=\"article\" \/>\n<meta property=\"og:title\" content=\"Informa\u00e7\u00f5es acerca da garantia\" \/>\n<meta property=\"og:description\" content=\"[vc_section][vc_row][vc_column][vc_column_text css=&#8221;&#8221;] Unidades de disco r\u00edgido externo [\/vc_column_text][vc_column_text css=&#8221;&#8221;] Nome do produto Modelos come\u00e7ados por: Per\u00edodos de garantia Canvio Basics \/ Canvio Basics USB-C\u00ae HDTB3, HDTB4 2 anos Canvio Basics HDTB510EK3AA, HDTB520EK3AA, HDTB540EK3CA 2 anos Canvio Partner HDTB510EK3AB, HDTB520EK3AB, HDTB540EK3CB 2 anos Canvio Ready HDTP2, HDTP3 2 anos Canvio Advance HDTC9, HDTCA 2 anos Canvio &hellip;\" \/>\n<meta property=\"og:url\" content=\"https:\/\/www.toshiba-storage.com\/pt-pt\/warranty-information\/\" \/>\n<meta property=\"og:site_name\" content=\"EMEA\" \/>\n<meta property=\"article:publisher\" content=\"https:\/\/www.facebook.com\/ToshibaStorageEU\/\" \/>\n<meta property=\"article:modified_time\" content=\"2025-06-03T20:08:24+00:00\" \/>\n<meta name=\"twitter:card\" content=\"summary_large_image\" \/>\n<meta name=\"twitter:label1\" content=\"Est. reading time\" \/>\n\t<meta name=\"twitter:data1\" content=\"1 minute\" \/>\n<script type=\"application\/ld+json\" class=\"yoast-schema-graph\">{\"@context\":\"https:\\\/\\\/schema.org\",\"@graph\":[{\"@type\":\"WebPage\",\"@id\":\"https:\\\/\\\/www.toshiba-storage.com\\\/pt-pt\\\/warranty-information\\\/\",\"url\":\"https:\\\/\\\/www.toshiba-storage.com\\\/pt-pt\\\/warranty-information\\\/\",\"name\":\"Informa\u00e7\u00f5es acerca da garantia - EMEA\",\"isPartOf\":{\"@id\":\"https:\\\/\\\/www.toshiba-storage.com\\\/pt-pt\\\/#website\"},\"datePublished\":\"2020-06-10T13:10:01+00:00\",\"dateModified\":\"2025-06-03T20:08:24+00:00\",\"inLanguage\":\"pt-PT\",\"potentialAction\":[{\"@type\":\"ReadAction\",\"target\":[\"https:\\\/\\\/www.toshiba-storage.com\\\/pt-pt\\\/warranty-information\\\/\"]}]},{\"@type\":\"WebSite\",\"@id\":\"https:\\\/\\\/www.toshiba-storage.com\\\/pt-pt\\\/#website\",\"url\":\"https:\\\/\\\/www.toshiba-storage.com\\\/pt-pt\\\/\",\"name\":\"Toshiba Storage Solutions \u2013 EMEA Region\",\"description\":\"Toshiba in Europe and Middle East Asia provides reliable and innovative storage solutions and internal and external HDDs \u2013for Laptops, PC, NAS, Surveillance and Enterprise.\",\"publisher\":{\"@id\":\"https:\\\/\\\/www.toshiba-storage.com\\\/pt-pt\\\/#organization\"},\"potentialAction\":[{\"@type\":\"SearchAction\",\"target\":{\"@type\":\"EntryPoint\",\"urlTemplate\":\"https:\\\/\\\/www.toshiba-storage.com\\\/pt-pt\\\/?s={search_term_string}\"},\"query-input\":{\"@type\":\"PropertyValueSpecification\",\"valueRequired\":true,\"valueName\":\"search_term_string\"}}],\"inLanguage\":\"pt-PT\"},{\"@type\":\"Organization\",\"@id\":\"https:\\\/\\\/www.toshiba-storage.com\\\/pt-pt\\\/#organization\",\"name\":\"Toshiba Electronics Europe GmbH\",\"url\":\"https:\\\/\\\/www.toshiba-storage.com\\\/pt-pt\\\/\",\"logo\":{\"@type\":\"ImageObject\",\"inLanguage\":\"pt-PT\",\"@id\":\"https:\\\/\\\/www.toshiba-storage.com\\\/pt-pt\\\/#\\\/schema\\\/logo\\\/image\\\/\",\"url\":\"https:\\\/\\\/www.toshiba-storage.com\\\/wp\\\/wp-content\\\/uploads\\\/2024\\\/02\\\/toshiba-logo.png\",\"contentUrl\":\"https:\\\/\\\/www.toshiba-storage.com\\\/wp\\\/wp-content\\\/uploads\\\/2024\\\/02\\\/toshiba-logo.png\",\"width\":263,\"height\":40,\"caption\":\"Toshiba Electronics Europe GmbH\"},\"image\":{\"@id\":\"https:\\\/\\\/www.toshiba-storage.com\\\/pt-pt\\\/#\\\/schema\\\/logo\\\/image\\\/\"},\"sameAs\":[\"https:\\\/\\\/www.facebook.com\\\/ToshibaStorageEU\\\/\",\"https:\\\/\\\/www.linkedin.com\\\/company\\\/toshiba-electronics-europe-gmbh\\\/?originalSubdomain=de\",\"https:\\\/\\\/www.youtube.com\\\/user\\\/ToshibaElectronics1\"]}]}<\/script>\n<!-- \/ Yoast SEO Premium plugin. -->","yoast_head_json":{"title":"Informa\u00e7\u00f5es acerca da garantia - EMEA","robots":{"index":"index","follow":"follow","max-snippet":"max-snippet:-1","max-image-preview":"max-image-preview:large","max-video-preview":"max-video-preview:-1"},"canonical":"https:\/\/www.toshiba-storage.com\/pt-pt\/warranty-information\/","og_locale":"pt_PT","og_type":"article","og_title":"Informa\u00e7\u00f5es acerca da garantia","og_description":"[vc_section][vc_row][vc_column][vc_column_text css=&#8221;&#8221;] Unidades de disco r\u00edgido externo [\/vc_column_text][vc_column_text css=&#8221;&#8221;] Nome do produto Modelos come\u00e7ados por: Per\u00edodos de garantia Canvio Basics \/ Canvio Basics USB-C\u00ae HDTB3, HDTB4 2 anos Canvio Basics HDTB510EK3AA, HDTB520EK3AA, HDTB540EK3CA 2 anos Canvio Partner HDTB510EK3AB, HDTB520EK3AB, HDTB540EK3CB 2 anos Canvio Ready HDTP2, HDTP3 2 anos Canvio Advance HDTC9, HDTCA 2 anos Canvio &hellip;","og_url":"https:\/\/www.toshiba-storage.com\/pt-pt\/warranty-information\/","og_site_name":"EMEA","article_publisher":"https:\/\/www.facebook.com\/ToshibaStorageEU\/","article_modified_time":"2025-06-03T20:08:24+00:00","twitter_card":"summary_large_image","twitter_misc":{"Est. reading time":"1 minute"},"schema":{"@context":"https:\/\/schema.org","@graph":[{"@type":"WebPage","@id":"https:\/\/www.toshiba-storage.com\/pt-pt\/warranty-information\/","url":"https:\/\/www.toshiba-storage.com\/pt-pt\/warranty-information\/","name":"Informa\u00e7\u00f5es acerca da garantia - EMEA","isPartOf":{"@id":"https:\/\/www.toshiba-storage.com\/pt-pt\/#website"},"datePublished":"2020-06-10T13:10:01+00:00","dateModified":"2025-06-03T20:08:24+00:00","inLanguage":"pt-PT","potentialAction":[{"@type":"ReadAction","target":["https:\/\/www.toshiba-storage.com\/pt-pt\/warranty-information\/"]}]},{"@type":"WebSite","@id":"https:\/\/www.toshiba-storage.com\/pt-pt\/#website","url":"https:\/\/www.toshiba-storage.com\/pt-pt\/","name":"Toshiba Storage Solutions \u2013 EMEA Region","description":"Toshiba in Europe and Middle East Asia provides reliable and innovative storage solutions and internal and external HDDs \u2013for Laptops, PC, NAS, Surveillance and Enterprise.","publisher":{"@id":"https:\/\/www.toshiba-storage.com\/pt-pt\/#organization"},"potentialAction":[{"@type":"SearchAction","target":{"@type":"EntryPoint","urlTemplate":"https:\/\/www.toshiba-storage.com\/pt-pt\/?s={search_term_string}"},"query-input":{"@type":"PropertyValueSpecification","valueRequired":true,"valueName":"search_term_string"}}],"inLanguage":"pt-PT"},{"@type":"Organization","@id":"https:\/\/www.toshiba-storage.com\/pt-pt\/#organization","name":"Toshiba Electronics Europe GmbH","url":"https:\/\/www.toshiba-storage.com\/pt-pt\/","logo":{"@type":"ImageObject","inLanguage":"pt-PT","@id":"https:\/\/www.toshiba-storage.com\/pt-pt\/#\/schema\/logo\/image\/","url":"https:\/\/www.toshiba-storage.com\/wp\/wp-content\/uploads\/2024\/02\/toshiba-logo.png","contentUrl":"https:\/\/www.toshiba-storage.com\/wp\/wp-content\/uploads\/2024\/02\/toshiba-logo.png","width":263,"height":40,"caption":"Toshiba Electronics Europe GmbH"},"image":{"@id":"https:\/\/www.toshiba-storage.com\/pt-pt\/#\/schema\/logo\/image\/"},"sameAs":["https:\/\/www.facebook.com\/ToshibaStorageEU\/","https:\/\/www.linkedin.com\/company\/toshiba-electronics-europe-gmbh\/?originalSubdomain=de","https:\/\/www.youtube.com\/user\/ToshibaElectronics1"]}]}},"_links":{"self":[{"href":"https:\/\/www.toshiba-storage.com\/pt-pt\/wp-json\/wp\/v2\/pages\/34254","targetHints":{"allow":["GET"]}}],"collection":[{"href":"https:\/\/www.toshiba-storage.com\/pt-pt\/wp-json\/wp\/v2\/pages"}],"about":[{"href":"https:\/\/www.toshiba-storage.com\/pt-pt\/wp-json\/wp\/v2\/types\/page"}],"author":[{"embeddable":true,"href":"https:\/\/www.toshiba-storage.com\/pt-pt\/wp-json\/wp\/v2\/users\/43"}],"replies":[{"embeddable":true,"href":"https:\/\/www.toshiba-storage.com\/pt-pt\/wp-json\/wp\/v2\/comments?post=34254"}],"version-history":[{"count":0,"href":"https:\/\/www.toshiba-storage.com\/pt-pt\/wp-json\/wp\/v2\/pages\/34254\/revisions"}],"wp:attachment":[{"href":"https:\/\/www.toshiba-storage.com\/pt-pt\/wp-json\/wp\/v2\/media?parent=34254"}],"curies":[{"name":"wp","href":"https:\/\/api.w.org\/{rel}","templated":true}]}}