{"id":10521,"date":"2017-10-15T14:30:00","date_gmt":"2017-10-15T12:30:00","guid":{"rendered":"https:\/\/toshibaelectronicseuropegmbh.preview.pslsrv.com\/contacto\/"},"modified":"2025-12-03T08:52:25","modified_gmt":"2025-12-03T07:52:25","slug":"contact","status":"publish","type":"page","link":"https:\/\/www.toshiba-storage.com\/pt-pt\/contact\/","title":{"rendered":"Contacto"},"content":{"rendered":"<div class=\"wpb-content-wrapper\"><p>[vc_row][vc_column width=&#8221;1\/3&#8243;][vc_column_text]<strong>Passo 1:<\/strong><\/p>\n<p>Que informa\u00e7\u00e3o procura?[\/vc_column_text][\/vc_column][vc_column width=&#8221;1\/3&#8243;][vc_column_text]<strong>Passo 2:<\/strong><\/p>\n<p>Veja se consegue encontrar a informa\u00e7\u00e3o nesta p\u00e1gina, por exemplo nas Perguntas Frequentes, no arquivo de produtos, nos tutoriais em v\u00eddeo, etc.[\/vc_column_text][\/vc_column][vc_column width=&#8221;1\/3&#8243;][vc_column_text css=&#8221;&#8221;]<strong>Passo 3:<\/strong><\/p>\n<p>Para pedidos de garantia, siga a hiperliga\u00e7\u00e3o abaixo. Para quest\u00f5es gerais, contacte o nosso centro de assist\u00eancia.<\/p>\n<p><a href=\"https:\/\/www.toshiba-storage.com\/warranty-claims\/\">Saiba mais sobre reclama\u00e7\u00f5es de garantia<\/a>[\/vc_column_text][\/vc_column][\/vc_row][vc_row][vc_column][vc_column_text]Se necessitar de mais informa\u00e7\u00f5es, contacte a nossa Linha de assist\u00eancia gratuita (dispon\u00edvel apenas em ingl\u00eas e alem\u00e3o).<\/p>\n<p><strong>00800-THOTLINE (84685463)<\/strong>[\/vc_column_text][\/vc_column][\/vc_row][vc_row css=&#8221;.vc_custom_1542152086144{padding-bottom: 0px !important;}&#8221;][vc_column][vc_column_text css=&#8221;.vc_custom_1543530962428{margin-bottom: 0px !important;border-bottom-width: 0px !important;padding-bottom: 0px !important;}&#8221;]<strong>Pa\u00edses suportados:<\/strong>[\/vc_column_text][vc_row_inner css=&#8221;.vc_custom_1542151967621{padding-bottom: 0px !important;}&#8221;][vc_column_inner width=&#8221;1\/3&#8243;]<p class=\"toshiba-country-list-item\" style=\"background-image: url(https:\/\/www.toshiba-storage.com\/wp\/wp-content\/themes\/toshiba\/assets\/images\/icon-at.png);\">\u00c1ustria<\/p><p class=\"toshiba-country-list-item\" style=\"background-image: url(https:\/\/www.toshiba-storage.com\/wp\/wp-content\/themes\/toshiba\/assets\/images\/icon-be.png);\">B\u00e9lgica<\/p><p class=\"toshiba-country-list-item\" style=\"background-image: url(https:\/\/www.toshiba-storage.com\/wp\/wp-content\/themes\/toshiba\/assets\/images\/icon-dk.png);\">Dinamarca<\/p><p class=\"toshiba-country-list-item\" style=\"background-image: url(https:\/\/www.toshiba-storage.com\/wp\/wp-content\/themes\/toshiba\/assets\/images\/icon-fi.png);\">Finl\u00e2ndia<\/p><p class=\"toshiba-country-list-item\" style=\"background-image: url(https:\/\/www.toshiba-storage.com\/wp\/wp-content\/themes\/toshiba\/assets\/images\/icon-fr.png);\">Fran\u00e7a<\/p>[\/vc_column_inner][vc_column_inner width=&#8221;1\/3&#8243;]<p class=\"toshiba-country-list-item\" style=\"background-image: url(https:\/\/www.toshiba-storage.com\/wp\/wp-content\/themes\/toshiba\/assets\/images\/icon-de.png);\">Alemanha<\/p><p class=\"toshiba-country-list-item\" style=\"background-image: url(https:\/\/www.toshiba-storage.com\/wp\/wp-content\/themes\/toshiba\/assets\/images\/icon-ie.png);\">Irlanda<\/p><p class=\"toshiba-country-list-item\" style=\"background-image: url(https:\/\/www.toshiba-storage.com\/wp\/wp-content\/themes\/toshiba\/assets\/images\/icon-il.png);\">Israel<\/p><p class=\"toshiba-country-list-item\" style=\"background-image: url(https:\/\/www.toshiba-storage.com\/wp\/wp-content\/themes\/toshiba\/assets\/images\/icon-it.png);\">It\u00e1lia<\/p><p class=\"toshiba-country-list-item\" style=\"background-image: url(https:\/\/www.toshiba-storage.com\/wp\/wp-content\/themes\/toshiba\/assets\/images\/icon-nl.png);\">Pa\u00edses Baixos<\/p>[\/vc_column_inner][vc_column_inner width=&#8221;1\/3&#8243;]<p class=\"toshiba-country-list-item\" style=\"background-image: url(https:\/\/www.toshiba-storage.com\/wp\/wp-content\/themes\/toshiba\/assets\/images\/icon-no.png);\">Noruega<\/p><p class=\"toshiba-country-list-item\" style=\"background-image: url(https:\/\/www.toshiba-storage.com\/wp\/wp-content\/themes\/toshiba\/assets\/images\/icon-es.png);\">Espanha<\/p><p class=\"toshiba-country-list-item\" style=\"background-image: url(https:\/\/www.toshiba-storage.com\/wp\/wp-content\/themes\/toshiba\/assets\/images\/icon-se.png);\">Su\u00e9cia<\/p><p class=\"toshiba-country-list-item\" style=\"background-image: url(https:\/\/www.toshiba-storage.com\/wp\/wp-content\/themes\/toshiba\/assets\/images\/icon-ch.png);\">Su\u00ed\u00e7a<\/p><p class=\"toshiba-country-list-item\" style=\"background-image: url(https:\/\/www.toshiba-storage.com\/wp\/wp-content\/themes\/toshiba\/assets\/images\/icon-gb.png);\">Reino Unido<\/p>[\/vc_column_inner][\/vc_row_inner][vc_row_inner css=&#8221;.vc_custom_1542152023653{padding-bottom: 0px !important;}&#8221; el_class=&#8221;toshiba-note&#8221;][vc_column_inner width=&#8221;1\/3&#8243;][vc_column_text]Para todos os outros pa\u00edses: +49 (0) 1805-834373 (sujeito a taxas)*[\/vc_column_text][\/vc_column_inner][vc_column_inner width=&#8221;1\/3&#8243;][vc_column_text]*0,14 \u20ac\/min. a partir da rede terrestre Deutsche Telekom (o pre\u00e7o das chamadas a partir de redes m\u00f3veis poder\u00e1 ser diferente)[\/vc_column_text][\/vc_column_inner][vc_column_inner width=&#8221;1\/3&#8243;][vc_column_text]Atualmente, este servi\u00e7o est\u00e1 dispon\u00edvel de segunda a sexta-feira, das 09:00 \u00e0s 18:00 (CET)\/das 08:00 \u00e0s 17:00 (GMT)[\/vc_column_text][\/vc_column_inner][\/vc_row_inner][\/vc_column][\/vc_row][vc_row][vc_column]<div class=\"wpforms-container wpforms-container-full toshiba-contat-form\" id=\"wpforms-51782\"><form id=\"wpforms-form-51782\" class=\"wpforms-validate wpforms-form wpforms-ajax-form\" data-formid=\"51782\" method=\"post\" enctype=\"multipart\/form-data\" action=\"\/pt-pt\/wp-json\/wp\/v2\/pages\/10521\" data-token=\"3f06c3b6760f2b7f4c1bfcd618b7db1d\" data-token-time=\"1776956918\"><noscript class=\"wpforms-error-noscript\">Please enable JavaScript in your browser to complete this form.<\/noscript><div class=\"wpforms-field-container\"><div id=\"wpforms-51782-field_0-container\" class=\"wpforms-field wpforms-field-name\" data-field-id=\"0\"><label class=\"wpforms-field-label\" for=\"wpforms-51782-field_0\">Nome <span class=\"wpforms-required-label\">*<\/span><\/label><input type=\"text\" id=\"wpforms-51782-field_0\" class=\"wpforms-field-large wpforms-field-required\" name=\"wpforms[fields][0]\" required><\/div><div id=\"wpforms-51782-field_12-container\" class=\"wpforms-field wpforms-field-name\" data-field-id=\"12\"><label class=\"wpforms-field-label\" for=\"wpforms-51782-field_12\">Apelido <span class=\"wpforms-required-label\">*<\/span><\/label><input type=\"text\" id=\"wpforms-51782-field_12\" class=\"wpforms-field-large wpforms-field-required\" name=\"wpforms[fields][12]\" required><\/div><div id=\"wpforms-51782-field_1-container\" class=\"wpforms-field wpforms-field-email\" data-field-id=\"1\"><label class=\"wpforms-field-label\" for=\"wpforms-51782-field_1\">Endere\u00e7o de email <span class=\"wpforms-required-label\">*<\/span><\/label><input type=\"email\" id=\"wpforms-51782-field_1\" class=\"wpforms-field-large wpforms-field-required\" name=\"wpforms[fields][1]\" spellcheck=\"false\" required><\/div><div id=\"wpforms-51782-field_11-container\" class=\"wpforms-field wpforms-field-text\" data-field-id=\"11\"><label class=\"wpforms-field-label\" for=\"wpforms-51782-field_11\">Pa\u00eds<\/label><input type=\"text\" id=\"wpforms-51782-field_11\" class=\"wpforms-field-large\" name=\"wpforms[fields][11]\" ><\/div><div id=\"wpforms-51782-field_10-container\" class=\"wpforms-field wpforms-field-text\" data-field-id=\"10\"><label class=\"wpforms-field-label\" for=\"wpforms-51782-field_10\">Endere\u00e7o<\/label><input type=\"text\" id=\"wpforms-51782-field_10\" class=\"wpforms-field-large\" name=\"wpforms[fields][10]\" ><\/div><div id=\"wpforms-51782-field_4-container\" class=\"wpforms-field wpforms-field-select wpforms-field-select-style-classic\" data-field-id=\"4\"><label class=\"wpforms-field-label\" for=\"wpforms-51782-field_4\">Seleccione a categoria do produto<\/label><select id=\"wpforms-51782-field_4\" class=\"wpforms-field-large\" name=\"wpforms[fields][4]\"><option value=\"\" class=\"placeholder\" disabled  selected='selected'>Seleccione a categoria do produto<\/option><option value=\"265\"  class=\"choice-0 depth-1\"  >Armazenamento para Smartphone<\/option><option value=\"257\"  class=\"choice-1 depth-1\"  >Computador<\/option><option value=\"6591\"  class=\"choice-2 depth-1\"  >Enterprise<\/option><option value=\"65\"  class=\"choice-3 depth-1\"  >Mobil<\/option><option value=\"9350\"  class=\"choice-4 depth-1\"  >NAS<\/option><option value=\"9339\"  class=\"choice-5 depth-1\"  >PC<\/option><option value=\"448\"  class=\"choice-6 depth-1\"  >Port\u00e1teis<\/option><option value=\"9322\"  class=\"choice-7 depth-1\"  >Surveillance\/vid\u00e9o<\/option><option value=\"1207\"  class=\"choice-8 depth-1\"  >Unidades Disco R\u00edgido Internos<\/option><option value=\"9328\"  class=\"choice-9 depth-1\"  >V\u00eddeo\/vigil\u00e2ncia<\/option><\/select><\/div><div id=\"wpforms-51782-field_5-container\" class=\"wpforms-field wpforms-field-select wpforms-field-select-style-classic\" data-field-id=\"5\"><label class=\"wpforms-field-label\" for=\"wpforms-51782-field_5\">Seleccione o t\u00f3pico<\/label><select id=\"wpforms-51782-field_5\" class=\"wpforms-field-large\" name=\"wpforms[fields][5]\"><option value=\"\" class=\"placeholder\" disabled  selected='selected'>Seleccione o t\u00f3pico<\/option><option value=\"Informa\u00e7\u00f5es gerais\"  class=\"choice-1 depth-1\"  >Informa\u00e7\u00f5es gerais<\/option><option value=\"Suporte de garantia\"  class=\"choice-2 depth-1\"  >Suporte de garantia<\/option><option value=\"Servi\u00e7os\"  class=\"choice-3 depth-1\"  >Servi\u00e7os<\/option><\/select><\/div><div id=\"wpforms-51782-field_2-container\" class=\"wpforms-field wpforms-field-textarea\" data-field-id=\"2\"><label class=\"wpforms-field-label\" for=\"wpforms-51782-field_2\">Escreva o seu coment\u00e1rio <span class=\"wpforms-required-label\">*<\/span><\/label><textarea id=\"wpforms-51782-field_2\" class=\"wpforms-field-medium wpforms-field-required\" name=\"wpforms[fields][2]\" required><\/textarea><\/div><div id=\"wpforms-51782-field_7-container\" class=\"wpforms-field wpforms-field-checkbox contact-form-terms\" data-field-id=\"7\"><label class=\"wpforms-field-label wpforms-label-hide\">Terms <span class=\"wpforms-required-label\">*<\/span><\/label><ul id=\"wpforms-51782-field_7\" class=\"wpforms-field-required\"><li class=\"choice-1 depth-1\"><input type=\"checkbox\" id=\"wpforms-51782-field_7_1\" name=\"wpforms[fields][7][]\" value=\"Li a &lt;a href=&quot;\/pt-pt\/privacy-policy\/&quot;&gt;Pol\u00edtica de Privacidade&lt;\/a&gt; da Toshiba e aceito-a.\" required ><label class=\"wpforms-field-label-inline\" for=\"wpforms-51782-field_7_1\">Li a <a href=\"\/pt-pt\/privacy-policy\/\">Pol\u00edtica de Privacidade<\/a> da Toshiba e aceito-a.<\/label><\/li><\/ul><\/div><div id=\"wpforms-51782-field_9-container\" class=\"wpforms-field wpforms-field-html\" data-field-id=\"9\"><div id=\"wpforms-51782-field_9\">* entradas obrigat\u00f3rias<\/div><\/div><\/div><!-- .wpforms-field-container --><div class=\"wpforms-submit-container\" ><input type=\"hidden\" name=\"wpforms[id]\" value=\"51782\"><input type=\"hidden\" name=\"page_title\" value=\"\"><input type=\"hidden\" name=\"page_url\" value=\"https:\/\/www.toshiba-storage.com\/pt-pt\/wp-json\/wp\/v2\/pages\/10521\"><input type=\"hidden\" name=\"url_referer\" value=\"\"><button type=\"submit\" name=\"wpforms[submit]\" id=\"wpforms-submit-51782\" class=\"wpforms-submit form-submit-button\" aria-live=\"assertive\" value=\"wpforms-submit\">Enviar e-mail<\/button><img loading=\"lazy\" decoding=\"async\" src=\"https:\/\/www.toshiba-storage.com\/wp\/wp-content\/plugins\/wpforms\/assets\/images\/submit-spin.svg\" class=\"wpforms-submit-spinner\" style=\"display: none;\" width=\"26\" height=\"26\" alt=\"Loading\"><\/div><\/form><\/div>  <!-- .wpforms-container -->[\/vc_column][\/vc_row]<\/p>\n<\/div>","protected":false},"excerpt":{"rendered":"<p>[vc_row][vc_column width=&#8221;1\/3&#8243;][vc_column_text]Passo 1: Que informa\u00e7\u00e3o procura?[\/vc_column_text][\/vc_column][vc_column width=&#8221;1\/3&#8243;][vc_column_text]Passo 2: Veja se consegue encontrar a informa\u00e7\u00e3o nesta p\u00e1gina, por exemplo nas Perguntas Frequentes, no arquivo de produtos, nos tutoriais em v\u00eddeo, etc.[\/vc_column_text][\/vc_column][vc_column width=&#8221;1\/3&#8243;][vc_column_text css=&#8221;&#8221;]Passo 3: Para pedidos de garantia, siga a hiperliga\u00e7\u00e3o abaixo. Para quest\u00f5es gerais, contacte o nosso centro de assist\u00eancia. Saiba mais sobre reclama\u00e7\u00f5es de &hellip;<\/p>\n","protected":false},"author":43,"featured_media":24188,"parent":0,"menu_order":0,"comment_status":"closed","ping_status":"closed","template":"page-support-contact.php","meta":{"_acf_changed":false,"footnotes":""},"class_list":["post-10521","page","type-page","status-publish","has-post-thumbnail","hentry"],"acf":[],"yoast_head":"<!-- This site is optimized with the Yoast SEO Premium plugin v27.4 (Yoast SEO v27.4) - https:\/\/yoast.com\/product\/yoast-seo-premium-wordpress\/ -->\n<title>Contacto - EMEA<\/title>\n<meta name=\"robots\" content=\"index, follow, max-snippet:-1, max-image-preview:large, max-video-preview:-1\" \/>\n<link rel=\"canonical\" href=\"https:\/\/www.toshiba-storage.com\/pt-pt\/contact\/\" \/>\n<meta property=\"og:locale\" content=\"pt_PT\" \/>\n<meta property=\"og:type\" content=\"article\" \/>\n<meta property=\"og:title\" content=\"Contacto\" \/>\n<meta property=\"og:description\" content=\"[vc_row][vc_column width=&#8221;1\/3&#8243;][vc_column_text]Passo 1: Que informa\u00e7\u00e3o procura?[\/vc_column_text][\/vc_column][vc_column width=&#8221;1\/3&#8243;][vc_column_text]Passo 2: Veja se consegue encontrar a informa\u00e7\u00e3o nesta p\u00e1gina, por exemplo nas Perguntas Frequentes, no arquivo de produtos, nos tutoriais em v\u00eddeo, etc.[\/vc_column_text][\/vc_column][vc_column width=&#8221;1\/3&#8243;][vc_column_text css=&#8221;&#8221;]Passo 3: Para pedidos de garantia, siga a hiperliga\u00e7\u00e3o abaixo. Para quest\u00f5es gerais, contacte o nosso centro de assist\u00eancia. Saiba mais sobre reclama\u00e7\u00f5es de &hellip;\" \/>\n<meta property=\"og:url\" content=\"https:\/\/www.toshiba-storage.com\/pt-pt\/contact\/\" \/>\n<meta property=\"og:site_name\" content=\"EMEA\" \/>\n<meta property=\"article:publisher\" content=\"https:\/\/www.facebook.com\/ToshibaStorageEU\/\" \/>\n<meta property=\"article:modified_time\" content=\"2025-12-03T07:52:25+00:00\" \/>\n<meta name=\"twitter:card\" content=\"summary_large_image\" \/>\n<meta name=\"twitter:label1\" content=\"Est. reading time\" \/>\n\t<meta name=\"twitter:data1\" content=\"2 minutes\" \/>\n<script type=\"application\/ld+json\" class=\"yoast-schema-graph\">{\"@context\":\"https:\\\/\\\/schema.org\",\"@graph\":[{\"@type\":\"WebPage\",\"@id\":\"https:\\\/\\\/www.toshiba-storage.com\\\/pt-pt\\\/contact\\\/\",\"url\":\"https:\\\/\\\/www.toshiba-storage.com\\\/pt-pt\\\/contact\\\/\",\"name\":\"Contacto - EMEA\",\"isPartOf\":{\"@id\":\"https:\\\/\\\/www.toshiba-storage.com\\\/pt-pt\\\/#website\"},\"primaryImageOfPage\":{\"@id\":\"https:\\\/\\\/www.toshiba-storage.com\\\/pt-pt\\\/contact\\\/#primaryimage\"},\"image\":{\"@id\":\"https:\\\/\\\/www.toshiba-storage.com\\\/pt-pt\\\/contact\\\/#primaryimage\"},\"thumbnailUrl\":\"\",\"datePublished\":\"2017-10-15T12:30:00+00:00\",\"dateModified\":\"2025-12-03T07:52:25+00:00\",\"inLanguage\":\"pt-PT\",\"potentialAction\":[{\"@type\":\"ReadAction\",\"target\":[\"https:\\\/\\\/www.toshiba-storage.com\\\/pt-pt\\\/contact\\\/\"]}]},{\"@type\":\"ImageObject\",\"inLanguage\":\"pt-PT\",\"@id\":\"https:\\\/\\\/www.toshiba-storage.com\\\/pt-pt\\\/contact\\\/#primaryimage\",\"url\":\"\",\"contentUrl\":\"\",\"width\":2000,\"height\":1333},{\"@type\":\"WebSite\",\"@id\":\"https:\\\/\\\/www.toshiba-storage.com\\\/pt-pt\\\/#website\",\"url\":\"https:\\\/\\\/www.toshiba-storage.com\\\/pt-pt\\\/\",\"name\":\"Toshiba Storage Solutions \u2013 EMEA Region\",\"description\":\"Toshiba in Europe and Middle East Asia provides reliable and innovative storage solutions and internal and external HDDs \u2013for Laptops, PC, NAS, Surveillance and Enterprise.\",\"publisher\":{\"@id\":\"https:\\\/\\\/www.toshiba-storage.com\\\/pt-pt\\\/#organization\"},\"potentialAction\":[{\"@type\":\"SearchAction\",\"target\":{\"@type\":\"EntryPoint\",\"urlTemplate\":\"https:\\\/\\\/www.toshiba-storage.com\\\/pt-pt\\\/?s={search_term_string}\"},\"query-input\":{\"@type\":\"PropertyValueSpecification\",\"valueRequired\":true,\"valueName\":\"search_term_string\"}}],\"inLanguage\":\"pt-PT\"},{\"@type\":\"Organization\",\"@id\":\"https:\\\/\\\/www.toshiba-storage.com\\\/pt-pt\\\/#organization\",\"name\":\"Toshiba Electronics Europe GmbH\",\"url\":\"https:\\\/\\\/www.toshiba-storage.com\\\/pt-pt\\\/\",\"logo\":{\"@type\":\"ImageObject\",\"inLanguage\":\"pt-PT\",\"@id\":\"https:\\\/\\\/www.toshiba-storage.com\\\/pt-pt\\\/#\\\/schema\\\/logo\\\/image\\\/\",\"url\":\"https:\\\/\\\/www.toshiba-storage.com\\\/wp\\\/wp-content\\\/uploads\\\/2024\\\/02\\\/toshiba-logo.png\",\"contentUrl\":\"https:\\\/\\\/www.toshiba-storage.com\\\/wp\\\/wp-content\\\/uploads\\\/2024\\\/02\\\/toshiba-logo.png\",\"width\":263,\"height\":40,\"caption\":\"Toshiba Electronics Europe GmbH\"},\"image\":{\"@id\":\"https:\\\/\\\/www.toshiba-storage.com\\\/pt-pt\\\/#\\\/schema\\\/logo\\\/image\\\/\"},\"sameAs\":[\"https:\\\/\\\/www.facebook.com\\\/ToshibaStorageEU\\\/\",\"https:\\\/\\\/www.linkedin.com\\\/company\\\/toshiba-electronics-europe-gmbh\\\/?originalSubdomain=de\",\"https:\\\/\\\/www.youtube.com\\\/user\\\/ToshibaElectronics1\"]}]}<\/script>\n<!-- \/ Yoast SEO Premium plugin. -->","yoast_head_json":{"title":"Contacto - EMEA","robots":{"index":"index","follow":"follow","max-snippet":"max-snippet:-1","max-image-preview":"max-image-preview:large","max-video-preview":"max-video-preview:-1"},"canonical":"https:\/\/www.toshiba-storage.com\/pt-pt\/contact\/","og_locale":"pt_PT","og_type":"article","og_title":"Contacto","og_description":"[vc_row][vc_column width=&#8221;1\/3&#8243;][vc_column_text]Passo 1: Que informa\u00e7\u00e3o procura?[\/vc_column_text][\/vc_column][vc_column width=&#8221;1\/3&#8243;][vc_column_text]Passo 2: Veja se consegue encontrar a informa\u00e7\u00e3o nesta p\u00e1gina, por exemplo nas Perguntas Frequentes, no arquivo de produtos, nos tutoriais em v\u00eddeo, etc.[\/vc_column_text][\/vc_column][vc_column width=&#8221;1\/3&#8243;][vc_column_text css=&#8221;&#8221;]Passo 3: Para pedidos de garantia, siga a hiperliga\u00e7\u00e3o abaixo. Para quest\u00f5es gerais, contacte o nosso centro de assist\u00eancia. Saiba mais sobre reclama\u00e7\u00f5es de &hellip;","og_url":"https:\/\/www.toshiba-storage.com\/pt-pt\/contact\/","og_site_name":"EMEA","article_publisher":"https:\/\/www.facebook.com\/ToshibaStorageEU\/","article_modified_time":"2025-12-03T07:52:25+00:00","twitter_card":"summary_large_image","twitter_misc":{"Est. reading time":"2 minutes"},"schema":{"@context":"https:\/\/schema.org","@graph":[{"@type":"WebPage","@id":"https:\/\/www.toshiba-storage.com\/pt-pt\/contact\/","url":"https:\/\/www.toshiba-storage.com\/pt-pt\/contact\/","name":"Contacto - EMEA","isPartOf":{"@id":"https:\/\/www.toshiba-storage.com\/pt-pt\/#website"},"primaryImageOfPage":{"@id":"https:\/\/www.toshiba-storage.com\/pt-pt\/contact\/#primaryimage"},"image":{"@id":"https:\/\/www.toshiba-storage.com\/pt-pt\/contact\/#primaryimage"},"thumbnailUrl":"","datePublished":"2017-10-15T12:30:00+00:00","dateModified":"2025-12-03T07:52:25+00:00","inLanguage":"pt-PT","potentialAction":[{"@type":"ReadAction","target":["https:\/\/www.toshiba-storage.com\/pt-pt\/contact\/"]}]},{"@type":"ImageObject","inLanguage":"pt-PT","@id":"https:\/\/www.toshiba-storage.com\/pt-pt\/contact\/#primaryimage","url":"","contentUrl":"","width":2000,"height":1333},{"@type":"WebSite","@id":"https:\/\/www.toshiba-storage.com\/pt-pt\/#website","url":"https:\/\/www.toshiba-storage.com\/pt-pt\/","name":"Toshiba Storage Solutions \u2013 EMEA Region","description":"Toshiba in Europe and Middle East Asia provides reliable and innovative storage solutions and internal and external HDDs \u2013for Laptops, PC, NAS, Surveillance and Enterprise.","publisher":{"@id":"https:\/\/www.toshiba-storage.com\/pt-pt\/#organization"},"potentialAction":[{"@type":"SearchAction","target":{"@type":"EntryPoint","urlTemplate":"https:\/\/www.toshiba-storage.com\/pt-pt\/?s={search_term_string}"},"query-input":{"@type":"PropertyValueSpecification","valueRequired":true,"valueName":"search_term_string"}}],"inLanguage":"pt-PT"},{"@type":"Organization","@id":"https:\/\/www.toshiba-storage.com\/pt-pt\/#organization","name":"Toshiba Electronics Europe GmbH","url":"https:\/\/www.toshiba-storage.com\/pt-pt\/","logo":{"@type":"ImageObject","inLanguage":"pt-PT","@id":"https:\/\/www.toshiba-storage.com\/pt-pt\/#\/schema\/logo\/image\/","url":"https:\/\/www.toshiba-storage.com\/wp\/wp-content\/uploads\/2024\/02\/toshiba-logo.png","contentUrl":"https:\/\/www.toshiba-storage.com\/wp\/wp-content\/uploads\/2024\/02\/toshiba-logo.png","width":263,"height":40,"caption":"Toshiba Electronics Europe GmbH"},"image":{"@id":"https:\/\/www.toshiba-storage.com\/pt-pt\/#\/schema\/logo\/image\/"},"sameAs":["https:\/\/www.facebook.com\/ToshibaStorageEU\/","https:\/\/www.linkedin.com\/company\/toshiba-electronics-europe-gmbh\/?originalSubdomain=de","https:\/\/www.youtube.com\/user\/ToshibaElectronics1"]}]}},"_links":{"self":[{"href":"https:\/\/www.toshiba-storage.com\/pt-pt\/wp-json\/wp\/v2\/pages\/10521","targetHints":{"allow":["GET"]}}],"collection":[{"href":"https:\/\/www.toshiba-storage.com\/pt-pt\/wp-json\/wp\/v2\/pages"}],"about":[{"href":"https:\/\/www.toshiba-storage.com\/pt-pt\/wp-json\/wp\/v2\/types\/page"}],"author":[{"embeddable":true,"href":"https:\/\/www.toshiba-storage.com\/pt-pt\/wp-json\/wp\/v2\/users\/43"}],"replies":[{"embeddable":true,"href":"https:\/\/www.toshiba-storage.com\/pt-pt\/wp-json\/wp\/v2\/comments?post=10521"}],"version-history":[{"count":0,"href":"https:\/\/www.toshiba-storage.com\/pt-pt\/wp-json\/wp\/v2\/pages\/10521\/revisions"}],"wp:featuredmedia":[{"embeddable":true,"href":"https:\/\/www.toshiba-storage.com\/pt-pt\/wp-json\/"}],"wp:attachment":[{"href":"https:\/\/www.toshiba-storage.com\/pt-pt\/wp-json\/wp\/v2\/media?parent=10521"}],"curies":[{"name":"wp","href":"https:\/\/api.w.org\/{rel}","templated":true}]}}