{"id":65216,"date":"2025-11-18T15:59:03","date_gmt":"2025-11-18T14:59:03","guid":{"rendered":"https:\/\/www.toshiba-storage.com\/?page_id=65216"},"modified":"2025-11-18T16:18:02","modified_gmt":"2025-11-18T15:18:02","slug":"deklaracja-misji","status":"publish","type":"page","link":"https:\/\/www.toshiba-storage.com\/pl\/deklaracja-misji\/","title":{"rendered":"Deklaracja misji"},"content":{"rendered":"<section class=\"section padding-top-md padding-bottom-md bg-white\">\n    <div class=\"container\">\n<div class=\"block block--text margin-bottom-md\">\n                            <div class=\"row\">\n            <div class=\"col-xs-12 col-md-8 col-md-push-2\">\n                                    <p style=\"text-align: center\">W \u015bwiecie opartym na danych nasza misja jest jasna: chroni\u0107 cyfrowe podstawy wsp\u00f3\u0142czesnego \u017cycia. Dzi\u0119ki najnowocze\u015bniejszej technologii HDD i kompleksowej ofercie produkt\u00f3w zapewniamy bezpiecze\u0144stwo, dost\u0119pno\u015b\u0107 i trwa\u0142o\u015b\u0107 danych na ca\u0142ym \u015bwiecie \u2014 dzi\u015b i dla przysz\u0142ych pokole\u0144.<\/p>\n                                            <\/div>\n        <\/div>\n    <\/div>\n\n\n    <div class=\"row block block--video margin-bottom-md center-width\">\n        <div class=\"col-12 col-sm-10 col-lg-8 col-sm-offset-1 col-lg-offset-2\">\n                <div class=\"wp-block-embed is-type-video wp-embed-aspect-16-9 wp-has-aspect-ratio\">\n        <div class=\"wp-block-embed__wrapper\">\n                            <div class=\"BorlabsCookie _brlbs-cb-youtube\"><div class=\"_brlbs-content-blocker\"> <div class=\"_brlbs-embed _brlbs-video-youtube\"> <img class=\"_brlbs-thumbnail\" src=\"https:\/\/www.toshiba-storage.com\/wp\/wp-content\/plugins\/borlabs-cookie\/assets\/images\/cb-no-thumbnail.png\" alt=\"YouTube\"> <div class=\"_brlbs-caption\"> <p>By loading the video, you agree to YouTube's privacy policy.<br><a href=\"https:\/\/policies.google.com\/privacy?hl=en&gl=en\" target=\"_blank\" rel=\"nofollow noopener noreferrer\">Learn more<\/a><\/p> <p><a class=\"_brlbs-btn _brlbs-icon-play-white\" href=\"#\" data-borlabs-cookie-unblock role=\"button\">Load video<\/a><\/p> <p><label><input type=\"checkbox\" name=\"unblockAll\" value=\"1\" checked> <small>Always unblock YouTube<\/small><\/label><\/p> <\/div> <\/div> <\/div><div class=\"borlabs-hide\" data-borlabs-cookie-type=\"content-blocker\" data-borlabs-cookie-id=\"youtube\"><script type=\"text\/template\">PGlmcmFtZSBsb2FkaW5nPSJsYXp5IiB3aWR0aD0iNTI1IiBoZWlnaHQ9IjI5NSIgc3JjPSJodHRwczovL3d3dy55b3V0dWJlLW5vY29va2llLmNvbS9lbWJlZC9FTmZYMlhDWDVTaz9mZWF0dXJlPW9lbWJlZCYjMDM4O3JlbD0wIiBmcmFtZWJvcmRlcj0iMCIgYWxsb3c9ImFjY2VsZXJvbWV0ZXI7IGF1dG9wbGF5OyBjbGlwYm9hcmQtd3JpdGU7IGVuY3J5cHRlZC1tZWRpYTsgZ3lyb3Njb3BlOyBwaWN0dXJlLWluLXBpY3R1cmU7IHdlYi1zaGFyZSIgcmVmZXJyZXJwb2xpY3k9InN0cmljdC1vcmlnaW4td2hlbi1jcm9zcy1vcmlnaW4iIGFsbG93ZnVsbHNjcmVlbj0iIj48L2lmcmFtZT4=<\/script><\/div><\/div>\n                    <\/div>\n    <\/div>\n        <\/div>\n    <\/div>\n\n<\/div>\n<\/section>\n\n\n<section class=\"section padding-top-md padding-bottom-md bg-white\">\n    <div class=\"container container--wide\">\n<div class=\"block block--text-image block--text-image--text-image margin-bottom-md\">\n    <div class=\"row block--text-image__row\">\n        <div class=\"col-xs-12 col-md-5 block--text-image__text\">\n                                <h2 class=\"h2 align-left \">Enterprise HDD<\/h2>\n                                        <p>Nasze korporacyjne produkty pami\u0119ci masowej przyczyniaj\u0105 si\u0119 do rozwoju spo\u0142ecze\u0144stwa po\u0142\u0105czonego cyfrowo, chroni\u0105c dane o kluczowym znaczeniu dla dzia\u0142alno\u015bci firmy. Nasza wyj\u0105tkowa wiedza z zakresu technologii HDD stanowi r\u0119kojmi\u0119 jako\u015bci, kt\u00f3rej oczekuj\u0105 nasi klienci i partnerzy.<\/p>\n<p>Konsekwentne skupianie si\u0119 na wymaganiach klient\u00f3w sprzyja opracowywaniu rozwi\u0105za\u0144, kt\u00f3re s\u0105 w stanie sprosta\u0107 stoj\u0105cym przed du\u017cymi firmami wyzwaniom w zakresie zapewniania zaawansowanych funkcji przy du\u017cych obci\u0105\u017ceniach.<\/p>\n                                        <div class=\"block--button align-left\">\n                                                <a href=\"https:\/\/www.toshiba-storage.com\/pl\/products\/?product_category=enterprise-hard-drives\"         class=\"button button-default \"\n            >\n        Wi\u0119cej informacji            <\/a>\n                                    <\/div>\n                    <\/div>\n        <div class=\"col-xs-12 col-md-7 block--text-image__image block--text-image__image--full\">\n                                            <img decoding=\"async\" src=\"https:\/\/www.toshiba-storage.com\/wp\/wp-content\/uploads\/2025\/10\/mission-statement-teaser-enterprise-hdd.jpg\"\n            width=\"525\"            height=\"296\"            alt=\"Enterprise HDD\"\n            class=\"\"\n            loading=\"lazy\"        \/>\n                        <\/div>\n    <\/div>\n<\/div>\n\n\n<div class=\"block block--text-image block--text-image--image-text margin-bottom-md\">\n    <div class=\"row block--text-image__row\">\n        <div class=\"col-xs-12 col-md-5 block--text-image__text\">\n                                <h2 class=\"h2 align-left \">Surveillance HDD<\/h2>\n                                        <p>Nasze produkty pami\u0119ci masowej do system\u00f3w monitoringu chroni\u0105 ludzi za pomoc\u0105 technologii, kt\u00f3re daj\u0105 pewno\u015b\u0107 dzia\u0142ania w trybie ca\u0142odobowym. Ogromne do\u015bwiadczenie w obszarze technologii HDD przek\u0142ada si\u0119 na znakomite rozwi\u0105zania do r\u00f3\u017cnych zastosowa\u0144.<\/p>\n<p>Przestrzeganie najwy\u017cszych standard\u00f3w jako\u015bci zapewnia solidn\u0105 wydajno\u015b\u0107 pracy przy nawet najwi\u0119kszych obci\u0105\u017ceniach. Nasze pe\u0142ne pasji podej\u015bcie do partnerskiej wsp\u00f3\u0142pracy buduje zaufanie w ca\u0142ym \u0142a\u0144cuchu warto\u015bci.<\/p>\n                                        <div class=\"block--button align-left\">\n                                                <a href=\"https:\/\/www.toshiba-storage.com\/pl\/surveillance-solutions\/\"         class=\"button button-default \"\n            >\n        Wi\u0119cej informacji            <\/a>\n                                    <\/div>\n                    <\/div>\n        <div class=\"col-xs-12 col-md-7 block--text-image__image block--text-image__image--full\">\n                                            <img decoding=\"async\" src=\"https:\/\/www.toshiba-storage.com\/wp\/wp-content\/uploads\/2025\/10\/Toshiba_Mission_Bild4-2-1024x576.jpg\"\n            width=\"525\"            height=\"295\"            alt=\"\"\n            class=\"\"\n            loading=\"lazy\"        \/>\n                        <\/div>\n    <\/div>\n<\/div>\n\n\n<div class=\"block block--text-image block--text-image--text-image margin-bottom-md\">\n    <div class=\"row block--text-image__row\">\n        <div class=\"col-xs-12 col-md-5 block--text-image__text\">\n                                <h2 class=\"h2 align-left \">NAS HDD<\/h2>\n                                        <p>Nasze dyski NAS HDD umo\u017cliwiaj\u0105 u\u017cytkownikom niezawodne przechowywanie dost\u0119pnych w sieci danych i lokalne zarz\u0105dzanie nimi. Dog\u0142\u0119bna znajomo\u015b\u0107 zagadnie\u0144 technicznych pozwala nam opracowywa\u0107 innowacyjne rozwi\u0105zania na miar\u0119 rzeczywistych potrzeb.<\/p>\n<p>Nasze osi\u0105gni\u0119cia pod wzgl\u0119dem jako\u015bci buduj\u0105 zaufanie klient\u00f3w, kt\u00f3rzy powierzaj\u0105 nam najcenniejsze dane. Silne relacje z dostawcami urz\u0105dze\u0144 NAS zapewniaj\u0105 pe\u0142n\u0105 zgodno\u015b\u0107.<\/p>\n                                        <div class=\"block--button align-left\">\n                                                <a href=\"https:\/\/www.toshiba-storage.com\/pl\/products\/?product_category=nas-hard-drives\"         class=\"button button-default \"\n            >\n        Wi\u0119cej informacji            <\/a>\n                                    <\/div>\n                    <\/div>\n        <div class=\"col-xs-12 col-md-7 block--text-image__image block--text-image__image--full\">\n                                            <img decoding=\"async\" src=\"https:\/\/www.toshiba-storage.com\/wp\/wp-content\/uploads\/2025\/10\/mission-statement-teaser-nas-hdd.jpg\"\n            width=\"525\"            height=\"296\"            alt=\"NAS HDD\"\n            class=\"\"\n            loading=\"lazy\"        \/>\n                        <\/div>\n    <\/div>\n<\/div>\n\n\n<div class=\"block block--text-image block--text-image--image-text margin-bottom-md\">\n    <div class=\"row block--text-image__row\">\n        <div class=\"col-xs-12 col-md-5 block--text-image__text\">\n                                <h2 class=\"h2 align-left \">Osobista pami\u0119\u0107 masowa<\/h2>\n                                        <p>Nasze rozwi\u0105zania z zakresu osobistej pami\u0119ci masowej umo\u017cliwiaj\u0105 u\u017cytkownikom przechowywanie osobistych danych w maksymalnie prosty i niezawodny spos\u00f3b. Nasze ogromne zaanga\u017cowanie w zapewnianie wysokiej jako\u015bci wzbudza zaufanie co do niezawodno\u015bci naszych rozwi\u0105za\u0144.<\/p>\n<p>Wykorzystujemy swoj\u0105 specjalistyczn\u0105 wiedz\u0119 z zakresu technologii, by tworzy\u0107 specjalne rozwi\u0105zania spe\u0142niaj\u0105ce wymagania klient\u00f3w. Robimy wszystko, by utrzymywa\u0107 d\u0142ugoterminow\u0105 wsp\u00f3\u0142prac\u0119 z partnerami z sektora sprzeda\u017cy detalicznej.<\/p>\n<p>&nbsp;<\/p>\n                                        <div class=\"block--button align-left\">\n                                                <a href=\"https:\/\/www.toshiba-storage.com\/pl\/external-hard-drives\/\"         class=\"button button-default \"\n            >\n        Wi\u0119cej informacji            <\/a>\n                                    <\/div>\n                    <\/div>\n        <div class=\"col-xs-12 col-md-7 block--text-image__image block--text-image__image--full\">\n                                            <img decoding=\"async\" src=\"https:\/\/www.toshiba-storage.com\/wp\/wp-content\/uploads\/2025\/10\/mission-statement-teaser-personal-storage.jpg\"\n            width=\"525\"            height=\"296\"            alt=\"Personal Storage\"\n            class=\"\"\n            loading=\"lazy\"        \/>\n                        <\/div>\n    <\/div>\n<\/div>\n\n<\/div>\n<\/section>\n\n\n<section class=\"section padding-top-md padding-bottom-md bg-light-grey\">\n    <div class=\"container\">\n<div class=\"block block--text margin-bottom-md\">\n                <h2 class=\"h2 align-center \">Koncepcja opakowa\u0144 firmy Toshiba<\/h2>\n                <div class=\"row\">\n            <div class=\"col-xs-12 col-md-8 col-md-push-2\">\n                                    <p style=\"text-align: center\">Dyski osobiste Toshiba s\u0105 starannie oznakowane wed\u0142ug kryteri\u00f3w wydajno\u015bci i funkcji. Dzi\u0119ki wyra\u017anym oznaczeniom kolorystycznym i przewodnikowi po zakupach klienci b\u0142yskawicznie orientuj\u0105 si\u0119, jakie produkty najlepiej spe\u0142niaj\u0105 ich wymagania.<\/p>\n                                            <\/div>\n        <\/div>\n    <\/div>\n\n\n<div class=\"block block--feature-grid margin-bottom-md\">\n    <div class=\"row block--feature-grid__row\">\n                                <div class=\"col-xs-12 col-sm-6 block--feature-grid__item\">\n                                                    <img decoding=\"async\" src=\"https:\/\/www.toshiba-storage.com\/wp\/wp-content\/uploads\/2020\/08\/Shopping_Guide_Specialty_100x59.png\"\n            width=\"100\"            height=\"59\"            alt=\"Toshiba Premium\"\n            class=\"\"\n            loading=\"lazy\"        \/>\n                                                        <p><strong>Specialty<\/strong><\/p>\n                                                    <p>Linia produkt\u00f3w Toshiba Specialty jest przeznaczona dla u\u017cytkownik\u00f3wo szczeg\u00f3lnych wymaganiach w zakresie pami\u0119ci masowej.<\/p>\n                                            <\/div>\n                                <div class=\"col-xs-12 col-sm-6 block--feature-grid__item\">\n                                                    <img decoding=\"async\" src=\"https:\/\/www.toshiba-storage.com\/wp\/wp-content\/uploads\/2020\/08\/Shopping_Guide_Premium_100x59.png\"\n            width=\"100\"            height=\"59\"            alt=\"Toshiba Premium\"\n            class=\"\"\n            loading=\"lazy\"        \/>\n                                                        <p><strong>Premium<\/strong><\/p>\n                                                    <p>S\u0105 to produkty firmy Toshiba przeznaczone dla wyj\u0105tkowych u\u017cytkownik\u00f3w, kt\u00f3rzy poszukuj\u0105 eleganckiego wzornictwa, ca\u0142kowitej niezawodno\u015bci i\u00a0zaawansowanych rozwi\u0105za\u0144 dodatkowych. Pami\u0119\u0107 masowa Toshiba bez ogranicze\u0144.<\/p>\n                                            <\/div>\n                                <div class=\"col-xs-12 col-sm-6 block--feature-grid__item\">\n                                                    <img decoding=\"async\" src=\"https:\/\/www.toshiba-storage.com\/wp\/wp-content\/uploads\/2020\/08\/Shopping_Guide_Advanced_100x59.png\"\n            width=\"100\"            height=\"59\"            alt=\"Toshiba Advanced\"\n            class=\"\"\n            loading=\"lazy\"        \/>\n                                                        <p><strong>Advanced<\/strong><\/p>\n                                                    <p>Rozwi\u0105zania pami\u0119ci masowej Advanced s\u0105 przeznaczone dla zaawansowanych u\u017cytkownik\u00f3w. Zapewniaj\u0105 wysok\u0105 jako\u015b\u0107 i\u00a0du\u017c\u0105 szybko\u015b\u0107 oraz wa\u017cne rozwi\u0105zania dodatkowe zamkni\u0119te w cechuj\u0105cej si\u0119 nowoczesnym wzornictwem obudowie.<\/p>\n                                            <\/div>\n                                <div class=\"col-xs-12 col-sm-6 block--feature-grid__item\">\n                                                    <img decoding=\"async\" src=\"https:\/\/www.toshiba-storage.com\/wp\/wp-content\/uploads\/2020\/08\/Shopping_Guide_Standard.png\"\n            width=\"100\"            height=\"59\"            alt=\"Toshiba Standard\"\n            class=\"\"\n            loading=\"lazy\"        \/>\n                                                        <p><strong>Standard<\/strong><\/p>\n                                                    <p>Produkty dla u\u017cytkownik\u00f3w potrzebuj\u0105cych najwy\u017cszej jako\u015bci, niezawodno\u015bci i podstawowych funkcji.<\/p>\n                                            <\/div>\n            <\/div>\n<\/div>\n\n<\/div>\n<\/section>\n\n\n\n<p><\/p>\n","protected":false},"excerpt":{"rendered":"","protected":false},"author":41,"featured_media":0,"parent":0,"menu_order":0,"comment_status":"closed","ping_status":"closed","template":"page-content-sections.php","meta":{"_acf_changed":false,"footnotes":""},"class_list":["post-65216","page","type-page","status-publish","hentry"],"acf":[],"yoast_head":"<!-- This site is optimized with the Yoast SEO Premium plugin v27.3 (Yoast SEO v27.3) - https:\/\/yoast.com\/product\/yoast-seo-premium-wordpress\/ -->\n<title>Deklaracja misji - EMEA<\/title>\n<meta name=\"robots\" content=\"index, follow, max-snippet:-1, max-image-preview:large, max-video-preview:-1\" \/>\n<link rel=\"canonical\" href=\"https:\/\/www.toshiba-storage.com\/pl\/deklaracja-misji\/\" \/>\n<meta property=\"og:locale\" content=\"pl_PL\" \/>\n<meta property=\"og:type\" content=\"article\" \/>\n<meta property=\"og:title\" content=\"Deklaracja misji\" \/>\n<meta property=\"og:url\" content=\"https:\/\/www.toshiba-storage.com\/pl\/deklaracja-misji\/\" \/>\n<meta property=\"og:site_name\" content=\"EMEA\" \/>\n<meta property=\"article:publisher\" content=\"https:\/\/www.facebook.com\/ToshibaStorageEU\/\" \/>\n<meta property=\"article:modified_time\" content=\"2025-11-18T15:18:02+00:00\" \/>\n<meta name=\"twitter:card\" content=\"summary_large_image\" \/>\n<script type=\"application\/ld+json\" class=\"yoast-schema-graph\">{\"@context\":\"https:\\\/\\\/schema.org\",\"@graph\":[{\"@type\":\"WebPage\",\"@id\":\"https:\\\/\\\/www.toshiba-storage.com\\\/pl\\\/deklaracja-misji\\\/\",\"url\":\"https:\\\/\\\/www.toshiba-storage.com\\\/pl\\\/deklaracja-misji\\\/\",\"name\":\"Deklaracja misji - EMEA\",\"isPartOf\":{\"@id\":\"https:\\\/\\\/www.toshiba-storage.com\\\/pl\\\/#website\"},\"datePublished\":\"2025-11-18T14:59:03+00:00\",\"dateModified\":\"2025-11-18T15:18:02+00:00\",\"inLanguage\":\"pl-PL\",\"potentialAction\":[{\"@type\":\"ReadAction\",\"target\":[\"https:\\\/\\\/www.toshiba-storage.com\\\/pl\\\/deklaracja-misji\\\/\"]}]},{\"@type\":\"WebSite\",\"@id\":\"https:\\\/\\\/www.toshiba-storage.com\\\/pl\\\/#website\",\"url\":\"https:\\\/\\\/www.toshiba-storage.com\\\/pl\\\/\",\"name\":\"Toshiba Storage Solutions \u2013 EMEA Region\",\"description\":\"Toshiba in Europe and Middle East Asia provides reliable and innovative storage solutions and internal and external HDDs \u2013for Laptops, PC, NAS, Surveillance and Enterprise.\",\"publisher\":{\"@id\":\"https:\\\/\\\/www.toshiba-storage.com\\\/pl\\\/#organization\"},\"potentialAction\":[{\"@type\":\"SearchAction\",\"target\":{\"@type\":\"EntryPoint\",\"urlTemplate\":\"https:\\\/\\\/www.toshiba-storage.com\\\/pl\\\/?s={search_term_string}\"},\"query-input\":{\"@type\":\"PropertyValueSpecification\",\"valueRequired\":true,\"valueName\":\"search_term_string\"}}],\"inLanguage\":\"pl-PL\"},{\"@type\":\"Organization\",\"@id\":\"https:\\\/\\\/www.toshiba-storage.com\\\/pl\\\/#organization\",\"name\":\"Toshiba Electronics Europe GmbH\",\"url\":\"https:\\\/\\\/www.toshiba-storage.com\\\/pl\\\/\",\"logo\":{\"@type\":\"ImageObject\",\"inLanguage\":\"pl-PL\",\"@id\":\"https:\\\/\\\/www.toshiba-storage.com\\\/pl\\\/#\\\/schema\\\/logo\\\/image\\\/\",\"url\":\"https:\\\/\\\/www.toshiba-storage.com\\\/wp\\\/wp-content\\\/uploads\\\/2024\\\/02\\\/toshiba-logo.png\",\"contentUrl\":\"https:\\\/\\\/www.toshiba-storage.com\\\/wp\\\/wp-content\\\/uploads\\\/2024\\\/02\\\/toshiba-logo.png\",\"width\":263,\"height\":40,\"caption\":\"Toshiba Electronics Europe GmbH\"},\"image\":{\"@id\":\"https:\\\/\\\/www.toshiba-storage.com\\\/pl\\\/#\\\/schema\\\/logo\\\/image\\\/\"},\"sameAs\":[\"https:\\\/\\\/www.facebook.com\\\/ToshibaStorageEU\\\/\",\"https:\\\/\\\/www.linkedin.com\\\/company\\\/toshiba-electronics-europe-gmbh\\\/?originalSubdomain=de\",\"https:\\\/\\\/www.youtube.com\\\/user\\\/ToshibaElectronics1\"]}]}<\/script>\n<!-- \/ Yoast SEO Premium plugin. -->","yoast_head_json":{"title":"Deklaracja misji - EMEA","robots":{"index":"index","follow":"follow","max-snippet":"max-snippet:-1","max-image-preview":"max-image-preview:large","max-video-preview":"max-video-preview:-1"},"canonical":"https:\/\/www.toshiba-storage.com\/pl\/deklaracja-misji\/","og_locale":"pl_PL","og_type":"article","og_title":"Deklaracja misji","og_url":"https:\/\/www.toshiba-storage.com\/pl\/deklaracja-misji\/","og_site_name":"EMEA","article_publisher":"https:\/\/www.facebook.com\/ToshibaStorageEU\/","article_modified_time":"2025-11-18T15:18:02+00:00","twitter_card":"summary_large_image","schema":{"@context":"https:\/\/schema.org","@graph":[{"@type":"WebPage","@id":"https:\/\/www.toshiba-storage.com\/pl\/deklaracja-misji\/","url":"https:\/\/www.toshiba-storage.com\/pl\/deklaracja-misji\/","name":"Deklaracja misji - EMEA","isPartOf":{"@id":"https:\/\/www.toshiba-storage.com\/pl\/#website"},"datePublished":"2025-11-18T14:59:03+00:00","dateModified":"2025-11-18T15:18:02+00:00","inLanguage":"pl-PL","potentialAction":[{"@type":"ReadAction","target":["https:\/\/www.toshiba-storage.com\/pl\/deklaracja-misji\/"]}]},{"@type":"WebSite","@id":"https:\/\/www.toshiba-storage.com\/pl\/#website","url":"https:\/\/www.toshiba-storage.com\/pl\/","name":"Toshiba Storage Solutions \u2013 EMEA Region","description":"Toshiba in Europe and Middle East Asia provides reliable and innovative storage solutions and internal and external HDDs \u2013for Laptops, PC, NAS, Surveillance and Enterprise.","publisher":{"@id":"https:\/\/www.toshiba-storage.com\/pl\/#organization"},"potentialAction":[{"@type":"SearchAction","target":{"@type":"EntryPoint","urlTemplate":"https:\/\/www.toshiba-storage.com\/pl\/?s={search_term_string}"},"query-input":{"@type":"PropertyValueSpecification","valueRequired":true,"valueName":"search_term_string"}}],"inLanguage":"pl-PL"},{"@type":"Organization","@id":"https:\/\/www.toshiba-storage.com\/pl\/#organization","name":"Toshiba Electronics Europe GmbH","url":"https:\/\/www.toshiba-storage.com\/pl\/","logo":{"@type":"ImageObject","inLanguage":"pl-PL","@id":"https:\/\/www.toshiba-storage.com\/pl\/#\/schema\/logo\/image\/","url":"https:\/\/www.toshiba-storage.com\/wp\/wp-content\/uploads\/2024\/02\/toshiba-logo.png","contentUrl":"https:\/\/www.toshiba-storage.com\/wp\/wp-content\/uploads\/2024\/02\/toshiba-logo.png","width":263,"height":40,"caption":"Toshiba Electronics Europe GmbH"},"image":{"@id":"https:\/\/www.toshiba-storage.com\/pl\/#\/schema\/logo\/image\/"},"sameAs":["https:\/\/www.facebook.com\/ToshibaStorageEU\/","https:\/\/www.linkedin.com\/company\/toshiba-electronics-europe-gmbh\/?originalSubdomain=de","https:\/\/www.youtube.com\/user\/ToshibaElectronics1"]}]}},"_links":{"self":[{"href":"https:\/\/www.toshiba-storage.com\/pl\/wp-json\/wp\/v2\/pages\/65216","targetHints":{"allow":["GET"]}}],"collection":[{"href":"https:\/\/www.toshiba-storage.com\/pl\/wp-json\/wp\/v2\/pages"}],"about":[{"href":"https:\/\/www.toshiba-storage.com\/pl\/wp-json\/wp\/v2\/types\/page"}],"author":[{"embeddable":true,"href":"https:\/\/www.toshiba-storage.com\/pl\/wp-json\/wp\/v2\/users\/41"}],"replies":[{"embeddable":true,"href":"https:\/\/www.toshiba-storage.com\/pl\/wp-json\/wp\/v2\/comments?post=65216"}],"version-history":[{"count":0,"href":"https:\/\/www.toshiba-storage.com\/pl\/wp-json\/wp\/v2\/pages\/65216\/revisions"}],"wp:attachment":[{"href":"https:\/\/www.toshiba-storage.com\/pl\/wp-json\/wp\/v2\/media?parent=65216"}],"curies":[{"name":"wp","href":"https:\/\/api.w.org\/{rel}","templated":true}]}}