{"id":63074,"date":"2025-08-05T15:50:59","date_gmt":"2025-08-05T13:50:59","guid":{"rendered":"https:\/\/www.toshiba-storage.com\/?page_id=63074"},"modified":"2025-09-05T08:37:23","modified_gmt":"2025-09-05T06:37:23","slug":"deklaracja-dostepnosci","status":"publish","type":"page","link":"https:\/\/www.toshiba-storage.com\/pl\/deklaracja-dostepnosci\/","title":{"rendered":"Deklaracja dost\u0119pno\u015bci"},"content":{"rendered":"<div class=\"wpb-content-wrapper\"><p>[vc_row][vc_column][vc_column_text css=&#8221;&#8221;]<\/p>\n<h3><strong>Wst\u0119p<\/strong><\/h3>\n<p>My, firma Toshiba Electronics Europe GmbH, dok\u0142adamy wszelkich stara\u0144, aby nasza witryna internetowa by\u0142a dost\u0119pna dla wszystkich u\u017cytkownik\u00f3w, w tym dla os\u00f3b z niepe\u0142nosprawno\u015bciami. Staramy si\u0119 spe\u0142nia\u0107 lub przewy\u017csza\u0107 wymogi okre\u015blone w standardach <strong>Web Content Accessibility Guidelines (WCAG) 2.1, poziom AA<\/strong> oraz przestrzega\u0107 przepis\u00f3w <strong>niemieckiej ustawy o zwi\u0119kszaniu dost\u0119pno\u015bci (Barrierefreiheitsst\u00e4rkungsgesetz, BFSG)<\/strong> i <strong>dyrektywy (UE) 2019\/882 w sprawie dost\u0119pno\u015bci produkt\u00f3w i us\u0142ug (Europejski Akt o Dost\u0119pno\u015bci)<\/strong>.<\/p>\n<p>Niniejsze o\u015bwiadczenie o dost\u0119pno\u015bci dotyczy witryny:<br \/>\nwww.toshiba-storage.com<\/p>\n<p><strong>Og\u00f3lny opis us\u0142ug cyfrowych<\/strong><\/p>\n<p><strong>Formularz kontaktowy \u2014 Laboratorium innowacji technologii HDD<\/strong><\/p>\n<p>Formularz kontaktowy \u2014 Laboratorium innowacji technologii HDD to narz\u0119dzie internetowe, kt\u00f3re umo\u017cliwia odwiedzaj\u0105cym witryn\u0119 wysy\u0142anie wiadomo\u015bci lub zapyta\u0144 do firmy Toshiba Electronics Europe GmbH bez u\u017cywania tradycyjnej poczty e-mail lub innych metod.\u00a0Zawiera on nast\u0119puj\u0105ce pola:<\/p>\n<ul>\n<li>Imi\u0119 i nazwisko*<\/li>\n<li>Firma*<\/li>\n<li>Adres e-mail*<\/li>\n<li>Wiadomo\u015b\u0107*<\/li>\n<\/ul>\n<p>* Ta informacja jest wymagana<\/p>\n<p>Przychodz\u0105ce t\u0105 drog\u0105 wiadomo\u015bci s\u0105 przekazywane na nast\u0119puj\u0105cy adres e-mail: <a href=\"mailto:HDDSupport@tee.toshiba.de\">HDDSupport@tee.toshiba.de<\/a>.<\/p>\n<p><strong>Formularz kontaktowy \u2014 Pomoc techniczna<\/strong><\/p>\n<p>Formularz kontaktowy \u2014 Pomoc techniczna to narz\u0119dzie internetowe, kt\u00f3re umo\u017cliwia odwiedzaj\u0105cym witryn\u0119 wysy\u0142anie wiadomo\u015bci lub zapyta\u0144 do firmy Toshiba Electronics Europe GmbH bez u\u017cywania tradycyjnej poczty e-mail lub innych metod.\u00a0Zawiera on nast\u0119puj\u0105ce pola:<\/p>\n<ul>\n<li>Imi\u0119 i nazwisko*<\/li>\n<li>Adres e-mail*<\/li>\n<li>Adres<\/li>\n<li>Kategoria produkt\u00f3w<\/li>\n<li>Temat<\/li>\n<li>Uwaga lub wiadomo\u015b\u0107*<\/li>\n<\/ul>\n<p>* Ta informacja jest wymagana<\/p>\n<p>Przychodz\u0105ce t\u0105 drog\u0105 wiadomo\u015bci s\u0105 przekazywane na nast\u0119puj\u0105cy adres e-mail: <a href=\"mailto:HDDSupport@tee.toshiba.de\">HDDSupport@tee.toshiba.de<\/a>.<\/p>\n<p><strong>Us\u0142uga odzyskiwania danych<\/strong><\/p>\n<p>Zewn\u0119trzni dostawcy us\u0142ug odzyskiwania danych specjalizuj\u0105 si\u0119 w odzyskiwaniu utraconych, usuni\u0119tych lub uszkodzonych danych z urz\u0105dze\u0144 pami\u0119ci masowej, takich jak dyski twarde.\u00a0Do realizacji tych us\u0142ug u\u017cywane s\u0105 specjalistyczne narz\u0119dzia i techniki odzyskiwania danych, kt\u00f3re mog\u0105 by\u0107 niedost\u0119pne z powodu b\u0142\u0119d\u00f3w sprz\u0119towych lub logicznych.\u00a0Odzyskiwanie danych mo\u017ce obejmowa\u0107 zar\u00f3wno odzyskiwanie przypadkowo usuni\u0119tych plik\u00f3w, jak i przywracanie danych z powa\u017cnie uszkodzonych urz\u0105dze\u0144. W witrynie internetowej <a href=\"https:\/\/www.toshiba-storage.com\/data-recovery\/\">Odzyskiwanie danych \u2014 EMEA<\/a> osoby odwiedzaj\u0105ce b\u0119d\u0105 przekierowywane do zewn\u0119trznych dostawc\u00f3w us\u0142ug odzyskiwania danych.<\/p>\n<p><strong>Podmiot obs\u0142uguj\u0105cy gwarancje<\/strong><\/p>\n<p>Toshiba Electronics Europe GmbH korzysta z us\u0142ug zewn\u0119trznej firmy StorRepair GmbH, kt\u00f3ra odpowiada za obs\u0142ug\u0119 i przetwarzanie roszcze\u0144 gwarancyjnych, zapewniaj\u0105c klientom odpowiedni\u0105 pomoc w przypadku wadliwych produkt\u00f3w.\u00a0Obejmuje to takie zadania jak przegl\u0105danie roszcze\u0144, weryfikacja informacji i koordynacja dzia\u0142a\u0144 uczestnicz\u0105cych stron w celu rozwi\u0105zania wszelkich problem\u00f3w.<\/p>\n<p>W witrynie internetowej <a href=\"https:\/\/www.toshiba-storage.com\/warranty-claims\/\">Gwarancja \u2014 EMEA<\/a> osoby odwiedzaj\u0105ce b\u0119d\u0105 przekierowywane do zewn\u0119trznego portalu serwisowego firmy <a href=\"https:\/\/www.storrepair.com\/toshiba_products\/\">StorRepair GmbH<\/a>.<\/p>\n<p><strong>Gdzie kupi\u0107 <\/strong><\/p>\n<p>Strona Gdzie kupi\u0107 u\u0142atwia klientom dowiadywanie si\u0119, gdzie mog\u0105 kupi\u0107 interesuj\u0105cy ich produkt. Osoba odwiedzaj\u0105ca witryn\u0119 mo\u017ce wybra\u0107 sw\u00f3j kraj i odpowiedni typ sprzedawcy, a w\u00f3wczas uzyska zestawienie zgodnych z kryteriami punkt\u00f3w handlowych.\u00a0Klikni\u0119cie logo spowoduje przekierowanie do witryny internetowej zewn\u0119trznego podmiotu sprzedaj\u0105cego nasze produkty.<\/p>\n<h3><strong>\u00a0<\/strong><strong>Przestrzegane standardy dost\u0119pno\u015bci<\/strong><\/h3>\n<p>Ta witryna internetowa spe\u0142nia wymogi:<\/p>\n<ul>\n<li><strong>WCAG 2.1, poziom AA<\/strong>.<strong><br \/>\n<\/strong><\/li>\n<li>Innych przepis\u00f3w reguluj\u0105cych t\u0119 kwesti\u0119, w tym <strong>niemieckiej ustawy o zwi\u0119kszaniu dost\u0119pno\u015bci<\/strong>, w szczeg\u00f3lno\u015bci \u00a714 BFSG w po\u0142\u0105czeniu z \u00a73 ust. 1 BFSG, a tak\u017ce powi\u0105zanej ustawy w o regulacjach dotycz\u0105cych zwi\u0119kszania dost\u0119pno\u015bci (Verordnung zum Barrierefreiheitsst\u00e4rkungsgesetz, BFSGV).<\/li>\n<\/ul>\n<h3><strong>\u015arodki u\u017cywane w celu zapewniania dost\u0119pno\u015bci<\/strong><\/h3>\n<p>W ramach dbania o dost\u0119pno\u015b\u0107:<\/p>\n<ul>\n<li>Dodajemy teksty alternatywne w przypadku obraz\u00f3w.<\/li>\n<li>Stosujemy przejrzyst\u0105 i sp\u00f3jn\u0105 nawigacj\u0119.<\/li>\n<li>Pilnujemy, aby do wszystkich interaktywnych element\u00f3w mo\u017cna by\u0142o przej\u015b\u0107 za pomoc\u0105 klawiatury.<\/li>\n<li>Zapewniamy obs\u0142ug\u0119 czytnik\u00f3w ekranu i innych technologii asystuj\u0105cych.<\/li>\n<li>Stosujemy wystarczaj\u0105co kontrastowe kolory, aby zapewni\u0107 czytelno\u015b\u0107.<\/li>\n<li>Dodajemy napisy lub transkrypcj\u0119 w przypadku tre\u015bci multimedialnych.<\/li>\n<\/ul>\n<h3><strong>Technologie asystuj\u0105ce<\/strong><\/h3>\n<p>Nasza witryna internetowa zosta\u0142a zaprojektowana tak, aby by\u0142a zgodna z popularnymi technologiami asystuj\u0105cymi, takimi jak:<\/p>\n<ul>\n<li>Czytniki ekranu (np. JAWS, NVDA)<\/li>\n<li>Oprogramowanie do rozpoznawania g\u0142osu<\/li>\n<li>Narz\u0119dzia do powi\u0119kszania ekranu<\/li>\n<li>Alternatywne urz\u0105dzenia wej\u015bciowe<\/li>\n<\/ul>\n<h3><strong>Nieustaj\u0105ce udoskonalenia<\/strong><\/h3>\n<p>Nieustannie pracujemy nad zwi\u0119kszaniem dost\u0119pno\u015bci naszej witryny internetowej. Nasz zesp\u00f3\u0142 regularnie testuje witryn\u0119, zasi\u0119ga porad ekspert\u00f3w i uwzgl\u0119dnia opinie u\u017cytkownik\u00f3w, aby zapewni\u0107 sta\u0142\u0105 zgodno\u015b\u0107 z wymogami przepis\u00f3w i \u0142atwo\u015b\u0107 u\u017cytkowania.<\/p>\n<p><strong>Opinie i dane kontaktowe<\/strong><\/p>\n<p>W przypadku napotkania jakichkolwiek barier zwi\u0105zanych z dost\u0119pno\u015bci\u0105 lub wyst\u0105pienia zapotrzebowania na inny format prosimy o kontakt z nami:<\/p>\n<p><strong>Toshiba Electronics Europe GmbH<\/strong><\/p>\n<p>Hansaallee 181<\/p>\n<p>40549 D\u00fcsseldorf<\/p>\n<p>Niemcy<\/p>\n<p>Telefon: +49 (0) 211 5296-0<\/p>\n<p>E-mail\u00a0: info@toshiba-storage.com<\/p>\n<p>Dyrektor zarz\u0105dzaj\u0105cy: Peter Lieberwirth<br \/>\nRejestr handlowy: D\u00fcsseldorf HRB 22487<br \/>\nNumer identyfikacji podatkowej: DE811207415<\/p>\n<p><strong>W\u0142a\u015bciwy pa\u0144stwowy organ nadzoru rynku<\/strong><\/p>\n<p>U\u017cytkownik ma r\u00f3wnie\u017c prawo skontaktowa\u0107 si\u0119 z w\u0142a\u015bciwym pa\u0144stwowym organem nadzoru rynku, kt\u00f3ry go wesprze w dochodzeniu swoich praw:<\/p>\n<p>Markt\u00fcberwachungsstelle der L\u00e4nder f\u00fcr die Barrierefreiheit von Produkten und Dienstleistungen<\/p>\n<p>c\/o Ministerium f\u00fcr Arbeit, Soziales, Gesundheit und Gleichstellung Sachsen-Anhalt<br \/>\nPostfach 39 11 55<br \/>\n39135 Magdeburg<\/p>\n<p>Telefon:\u00a00391 567 6970<br \/>\nE-\u200bmail:\u00a0<a href=\"https:\/\/ms.sachsen-anhalt.de\/themen\/menschen-mit-behinderungen\/aktuelles\/marktueberwachungsstelle-der-laender-fuer-die-barrierefreiheit-von-produkten-und-dienstleistungen\">MLBF(at)ms.sachsen-\u200banhalt.de<\/a>[\/vc_column_text][\/vc_column][\/vc_row]<\/p>\n<\/div>","protected":false},"excerpt":{"rendered":"<p>[vc_row][vc_column][vc_column_text css=&#8221;&#8221;] Wst\u0119p My, firma Toshiba Electronics Europe GmbH, dok\u0142adamy wszelkich stara\u0144, aby nasza witryna internetowa by\u0142a dost\u0119pna dla wszystkich u\u017cytkownik\u00f3w, w tym dla os\u00f3b z niepe\u0142nosprawno\u015bciami. Staramy si\u0119 spe\u0142nia\u0107 lub przewy\u017csza\u0107 wymogi okre\u015blone w standardach Web Content Accessibility Guidelines (WCAG) 2.1, poziom AA oraz przestrzega\u0107 przepis\u00f3w niemieckiej ustawy o zwi\u0119kszaniu dost\u0119pno\u015bci (Barrierefreiheitsst\u00e4rkungsgesetz, BFSG) i &hellip;<\/p>\n","protected":false},"author":41,"featured_media":0,"parent":0,"menu_order":0,"comment_status":"closed","ping_status":"closed","template":"page-legal.php","meta":{"_acf_changed":false,"footnotes":""},"class_list":["post-63074","page","type-page","status-publish","hentry"],"acf":[],"yoast_head":"<!-- This site is optimized with the Yoast SEO Premium plugin v27.2 (Yoast SEO v27.2) - https:\/\/yoast.com\/product\/yoast-seo-premium-wordpress\/ -->\n<title>Deklaracja dost\u0119pno\u015bci - EMEA<\/title>\n<meta name=\"robots\" content=\"index, follow, max-snippet:-1, max-image-preview:large, max-video-preview:-1\" \/>\n<link rel=\"canonical\" href=\"https:\/\/www.toshiba-storage.com\/pl\/deklaracja-dostepnosci\/\" \/>\n<meta property=\"og:locale\" content=\"pl_PL\" \/>\n<meta property=\"og:type\" content=\"article\" \/>\n<meta property=\"og:title\" content=\"Deklaracja dost\u0119pno\u015bci\" \/>\n<meta property=\"og:description\" content=\"[vc_row][vc_column][vc_column_text css=&#8221;&#8221;] Wst\u0119p My, firma Toshiba Electronics Europe GmbH, dok\u0142adamy wszelkich stara\u0144, aby nasza witryna internetowa by\u0142a dost\u0119pna dla wszystkich u\u017cytkownik\u00f3w, w tym dla os\u00f3b z niepe\u0142nosprawno\u015bciami. Staramy si\u0119 spe\u0142nia\u0107 lub przewy\u017csza\u0107 wymogi okre\u015blone w standardach Web Content Accessibility Guidelines (WCAG) 2.1, poziom AA oraz przestrzega\u0107 przepis\u00f3w niemieckiej ustawy o zwi\u0119kszaniu dost\u0119pno\u015bci (Barrierefreiheitsst\u00e4rkungsgesetz, BFSG) i &hellip;\" \/>\n<meta property=\"og:url\" content=\"https:\/\/www.toshiba-storage.com\/pl\/deklaracja-dostepnosci\/\" \/>\n<meta property=\"og:site_name\" content=\"EMEA\" \/>\n<meta property=\"article:publisher\" content=\"https:\/\/www.facebook.com\/ToshibaStorageEU\/\" \/>\n<meta property=\"article:modified_time\" content=\"2025-09-05T06:37:23+00:00\" \/>\n<meta name=\"twitter:card\" content=\"summary_large_image\" \/>\n<meta name=\"twitter:label1\" content=\"Est. reading time\" \/>\n\t<meta name=\"twitter:data1\" content=\"3 minutes\" \/>\n<script type=\"application\/ld+json\" class=\"yoast-schema-graph\">{\"@context\":\"https:\/\/schema.org\",\"@graph\":[{\"@type\":\"WebPage\",\"@id\":\"https:\/\/www.toshiba-storage.com\/pl\/deklaracja-dostepnosci\/\",\"url\":\"https:\/\/www.toshiba-storage.com\/pl\/deklaracja-dostepnosci\/\",\"name\":\"Deklaracja dost\u0119pno\u015bci - EMEA\",\"isPartOf\":{\"@id\":\"https:\/\/www.toshiba-storage.com\/pl\/#website\"},\"datePublished\":\"2025-08-05T13:50:59+00:00\",\"dateModified\":\"2025-09-05T06:37:23+00:00\",\"inLanguage\":\"pl-PL\",\"potentialAction\":[{\"@type\":\"ReadAction\",\"target\":[\"https:\/\/www.toshiba-storage.com\/pl\/deklaracja-dostepnosci\/\"]}]},{\"@type\":\"WebSite\",\"@id\":\"https:\/\/www.toshiba-storage.com\/pl\/#website\",\"url\":\"https:\/\/www.toshiba-storage.com\/pl\/\",\"name\":\"Toshiba Storage Solutions \u2013 EMEA Region\",\"description\":\"Toshiba in Europe and Middle East Asia provides reliable and innovative storage solutions and internal and external HDDs \u2013for Laptops, PC, NAS, Surveillance and Enterprise.\",\"publisher\":{\"@id\":\"https:\/\/www.toshiba-storage.com\/pl\/#organization\"},\"potentialAction\":[{\"@type\":\"SearchAction\",\"target\":{\"@type\":\"EntryPoint\",\"urlTemplate\":\"https:\/\/www.toshiba-storage.com\/pl\/?s={search_term_string}\"},\"query-input\":{\"@type\":\"PropertyValueSpecification\",\"valueRequired\":true,\"valueName\":\"search_term_string\"}}],\"inLanguage\":\"pl-PL\"},{\"@type\":\"Organization\",\"@id\":\"https:\/\/www.toshiba-storage.com\/pl\/#organization\",\"name\":\"Toshiba Electronics Europe GmbH\",\"url\":\"https:\/\/www.toshiba-storage.com\/pl\/\",\"logo\":{\"@type\":\"ImageObject\",\"inLanguage\":\"pl-PL\",\"@id\":\"https:\/\/www.toshiba-storage.com\/pl\/#\/schema\/logo\/image\/\",\"url\":\"https:\/\/www.toshiba-storage.com\/wp\/wp-content\/uploads\/2024\/02\/toshiba-logo.png\",\"contentUrl\":\"https:\/\/www.toshiba-storage.com\/wp\/wp-content\/uploads\/2024\/02\/toshiba-logo.png\",\"width\":263,\"height\":40,\"caption\":\"Toshiba Electronics Europe GmbH\"},\"image\":{\"@id\":\"https:\/\/www.toshiba-storage.com\/pl\/#\/schema\/logo\/image\/\"},\"sameAs\":[\"https:\/\/www.facebook.com\/ToshibaStorageEU\/\",\"https:\/\/www.linkedin.com\/company\/toshiba-electronics-europe-gmbh\/?originalSubdomain=de\",\"https:\/\/www.youtube.com\/user\/ToshibaElectronics1\"]}]}<\/script>\n<!-- \/ Yoast SEO Premium plugin. -->","yoast_head_json":{"title":"Deklaracja dost\u0119pno\u015bci - EMEA","robots":{"index":"index","follow":"follow","max-snippet":"max-snippet:-1","max-image-preview":"max-image-preview:large","max-video-preview":"max-video-preview:-1"},"canonical":"https:\/\/www.toshiba-storage.com\/pl\/deklaracja-dostepnosci\/","og_locale":"pl_PL","og_type":"article","og_title":"Deklaracja dost\u0119pno\u015bci","og_description":"[vc_row][vc_column][vc_column_text css=&#8221;&#8221;] Wst\u0119p My, firma Toshiba Electronics Europe GmbH, dok\u0142adamy wszelkich stara\u0144, aby nasza witryna internetowa by\u0142a dost\u0119pna dla wszystkich u\u017cytkownik\u00f3w, w tym dla os\u00f3b z niepe\u0142nosprawno\u015bciami. Staramy si\u0119 spe\u0142nia\u0107 lub przewy\u017csza\u0107 wymogi okre\u015blone w standardach Web Content Accessibility Guidelines (WCAG) 2.1, poziom AA oraz przestrzega\u0107 przepis\u00f3w niemieckiej ustawy o zwi\u0119kszaniu dost\u0119pno\u015bci (Barrierefreiheitsst\u00e4rkungsgesetz, BFSG) i &hellip;","og_url":"https:\/\/www.toshiba-storage.com\/pl\/deklaracja-dostepnosci\/","og_site_name":"EMEA","article_publisher":"https:\/\/www.facebook.com\/ToshibaStorageEU\/","article_modified_time":"2025-09-05T06:37:23+00:00","twitter_card":"summary_large_image","twitter_misc":{"Est. reading time":"3 minutes"},"schema":{"@context":"https:\/\/schema.org","@graph":[{"@type":"WebPage","@id":"https:\/\/www.toshiba-storage.com\/pl\/deklaracja-dostepnosci\/","url":"https:\/\/www.toshiba-storage.com\/pl\/deklaracja-dostepnosci\/","name":"Deklaracja dost\u0119pno\u015bci - EMEA","isPartOf":{"@id":"https:\/\/www.toshiba-storage.com\/pl\/#website"},"datePublished":"2025-08-05T13:50:59+00:00","dateModified":"2025-09-05T06:37:23+00:00","inLanguage":"pl-PL","potentialAction":[{"@type":"ReadAction","target":["https:\/\/www.toshiba-storage.com\/pl\/deklaracja-dostepnosci\/"]}]},{"@type":"WebSite","@id":"https:\/\/www.toshiba-storage.com\/pl\/#website","url":"https:\/\/www.toshiba-storage.com\/pl\/","name":"Toshiba Storage Solutions \u2013 EMEA Region","description":"Toshiba in Europe and Middle East Asia provides reliable and innovative storage solutions and internal and external HDDs \u2013for Laptops, PC, NAS, Surveillance and Enterprise.","publisher":{"@id":"https:\/\/www.toshiba-storage.com\/pl\/#organization"},"potentialAction":[{"@type":"SearchAction","target":{"@type":"EntryPoint","urlTemplate":"https:\/\/www.toshiba-storage.com\/pl\/?s={search_term_string}"},"query-input":{"@type":"PropertyValueSpecification","valueRequired":true,"valueName":"search_term_string"}}],"inLanguage":"pl-PL"},{"@type":"Organization","@id":"https:\/\/www.toshiba-storage.com\/pl\/#organization","name":"Toshiba Electronics Europe GmbH","url":"https:\/\/www.toshiba-storage.com\/pl\/","logo":{"@type":"ImageObject","inLanguage":"pl-PL","@id":"https:\/\/www.toshiba-storage.com\/pl\/#\/schema\/logo\/image\/","url":"https:\/\/www.toshiba-storage.com\/wp\/wp-content\/uploads\/2024\/02\/toshiba-logo.png","contentUrl":"https:\/\/www.toshiba-storage.com\/wp\/wp-content\/uploads\/2024\/02\/toshiba-logo.png","width":263,"height":40,"caption":"Toshiba Electronics Europe GmbH"},"image":{"@id":"https:\/\/www.toshiba-storage.com\/pl\/#\/schema\/logo\/image\/"},"sameAs":["https:\/\/www.facebook.com\/ToshibaStorageEU\/","https:\/\/www.linkedin.com\/company\/toshiba-electronics-europe-gmbh\/?originalSubdomain=de","https:\/\/www.youtube.com\/user\/ToshibaElectronics1"]}]}},"_links":{"self":[{"href":"https:\/\/www.toshiba-storage.com\/pl\/wp-json\/wp\/v2\/pages\/63074","targetHints":{"allow":["GET"]}}],"collection":[{"href":"https:\/\/www.toshiba-storage.com\/pl\/wp-json\/wp\/v2\/pages"}],"about":[{"href":"https:\/\/www.toshiba-storage.com\/pl\/wp-json\/wp\/v2\/types\/page"}],"author":[{"embeddable":true,"href":"https:\/\/www.toshiba-storage.com\/pl\/wp-json\/wp\/v2\/users\/41"}],"replies":[{"embeddable":true,"href":"https:\/\/www.toshiba-storage.com\/pl\/wp-json\/wp\/v2\/comments?post=63074"}],"version-history":[{"count":0,"href":"https:\/\/www.toshiba-storage.com\/pl\/wp-json\/wp\/v2\/pages\/63074\/revisions"}],"wp:attachment":[{"href":"https:\/\/www.toshiba-storage.com\/pl\/wp-json\/wp\/v2\/media?parent=63074"}],"curies":[{"name":"wp","href":"https:\/\/api.w.org\/{rel}","templated":true}]}}