{"id":49457,"date":"2021-08-10T23:20:53","date_gmt":"2021-08-10T21:20:53","guid":{"rendered":"https:\/\/www.toshiba-storage.com\/surveillance-solutions\/"},"modified":"2025-11-04T08:30:26","modified_gmt":"2025-11-04T07:30:26","slug":"surveillance-solutions","status":"publish","type":"page","link":"https:\/\/www.toshiba-storage.com\/pl\/surveillance-solutions\/","title":{"rendered":"Surveillance"},"content":{"rendered":"<div class=\"wpb-content-wrapper\"><p>[vc_row][vc_column][toshiba_text_block]<\/p>\n<h1 class=\"p1\" style=\"text-align: center\"><strong>Rozwi\u0105zania firmy Toshiba do monitoringu<\/strong><\/h1>\n<p class=\"p1\">Oferowany przez firm\u0119 Toshiba szeroki wyb\u00f3r dysk\u00f3w twardych do monitoringu, spe\u0142niaj\u0105cych wszelkie wymagania obecnego rynku pami\u0119ci masowej do system\u00f3w nadzoru, zaspokaja rosn\u0105ce zapotrzebowanie ma\u0142ych i\u00a0\u015brednich firm, sektora profesjonalnego i\u00a0publicznego oraz sektora Big Data i analiz. S\u0105 one zoptymalizowane pod k\u0105tem sieciowych rejestrator\u00f3w wideo (NVR), cyfrowych rejestrator\u00f3w wideo (DVR) lub scentralizowanej pami\u0119ci masowej w\u00a0infrastrukturze zaplecza.<\/p>\n<p>[\/toshiba_text_block][\/vc_column][\/vc_row][vc_row][vc_column width=&#8221;1\/3&#8243;][toshiba_product_teaser product=&#8221;S300 Surveillance Hard Drive (62015)&#8221;][\/vc_column][vc_column width=&#8221;1\/3&#8243;][toshiba_product_teaser product=&#8221;S300 Pro Surveillance Hard Drive (56382)&#8221;][\/vc_column][vc_column width=&#8221;1\/3&#8243;][toshiba_product_teaser product=&#8221;S300 AI Surveillance Hard Drive (64065)&#8221;][\/vc_column][\/vc_row][vc_row][vc_column][toshiba_text_block]<\/p>\n<h2 class=\"p1\" style=\"text-align: center\">Obszar zastosowa\u0144<\/h2>\n<p class=\"p1\">Firma Toshiba oferuje specjalnie opracowane rozwi\u0105zania pami\u0119ci masowej do monitoringu, kt\u00f3re spe\u0142niaj\u0105 r\u00f3\u017cnorodne wymagania obecnych obszar\u00f3w zastosowa\u0144 na rozwijaj\u0105cym si\u0119 rynku system\u00f3w nadzoru. Dyski te zapewniaj\u0105 stabiln\u0105 prac\u0119 w trybie 24\/7 i\u00a0s\u0105 zoptymalizowane pod k\u0105tem wymaga\u0144 czo\u0142owych rejestrator\u00f3w DVR i\u00a0NVR.<\/p>\n<p>[\/toshiba_text_block][\/vc_column][\/vc_row][vc_row][vc_column][toshiba_applications applications=&#8221;%5B%7B%22application%22%3A%22Handel%20(47385)%22%7D%2C%7B%22application%22%3A%22Transport%20(47407)%22%7D%2C%7B%22application%22%3A%22%C5%9Arodowiska%20firmowe%20(47429)%22%7D%2C%7B%22application%22%3A%22Logistyka%20(47520)%22%7D%2C%7B%22application%22%3A%22Obiekty%20administracji%20publicznej%20i%20miejsca%20publiczne%20(47451)%22%7D%2C%7B%22application%22%3A%22Finanse%20(47363)%22%7D%2C%7B%22application%22%3A%22Hotelarstwo%20i%20gastronomia%20(47473)%22%7D%2C%7B%22application%22%3A%22Inteligentne%20miasta%20(47495)%22%7D%5D&#8221;][\/vc_column][\/vc_row][vc_row][vc_column][toshiba_text_block]<\/p>\n<h2 style=\"text-align: center\">Product Comparison<\/h2>\n<p>[\/toshiba_text_block][\/vc_column][\/vc_row][vc_row][vc_column][toshiba_product_comparison comparison=&#8221;Surveillance Solution (47339)&#8221;][\/vc_column][\/vc_row]<\/p>\n<\/div>","protected":false},"excerpt":{"rendered":"<p>[vc_row][vc_column][toshiba_text_block] Rozwi\u0105zania firmy Toshiba do monitoringu Oferowany przez firm\u0119 Toshiba szeroki wyb\u00f3r dysk\u00f3w twardych do monitoringu, spe\u0142niaj\u0105cych wszelkie wymagania obecnego rynku pami\u0119ci masowej do system\u00f3w nadzoru, zaspokaja rosn\u0105ce zapotrzebowanie ma\u0142ych i\u00a0\u015brednich firm, sektora profesjonalnego i\u00a0publicznego oraz sektora Big Data i analiz. S\u0105 one zoptymalizowane pod k\u0105tem sieciowych rejestrator\u00f3w wideo (NVR), cyfrowych rejestrator\u00f3w wideo (DVR) lub &hellip;<\/p>\n","protected":false},"author":1,"featured_media":0,"parent":0,"menu_order":0,"comment_status":"closed","ping_status":"closed","template":"page-content-wide.php","meta":{"_acf_changed":false,"footnotes":""},"class_list":["post-49457","page","type-page","status-publish","hentry"],"acf":[],"yoast_head":"<!-- This site is optimized with the Yoast SEO Premium plugin v27.3 (Yoast SEO v27.3) - https:\/\/yoast.com\/product\/yoast-seo-premium-wordpress\/ -->\n<title>Surveillance - EMEA<\/title>\n<meta name=\"robots\" content=\"index, follow, max-snippet:-1, max-image-preview:large, max-video-preview:-1\" \/>\n<link rel=\"canonical\" href=\"https:\/\/www.toshiba-storage.com\/pl\/surveillance-solutions\/\" \/>\n<meta property=\"og:locale\" content=\"pl_PL\" \/>\n<meta property=\"og:type\" content=\"article\" \/>\n<meta property=\"og:title\" content=\"Surveillance\" \/>\n<meta property=\"og:description\" content=\"[vc_row][vc_column][toshiba_text_block] Rozwi\u0105zania firmy Toshiba do monitoringu Oferowany przez firm\u0119 Toshiba szeroki wyb\u00f3r dysk\u00f3w twardych do monitoringu, spe\u0142niaj\u0105cych wszelkie wymagania obecnego rynku pami\u0119ci masowej do system\u00f3w nadzoru, zaspokaja rosn\u0105ce zapotrzebowanie ma\u0142ych i\u00a0\u015brednich firm, sektora profesjonalnego i\u00a0publicznego oraz sektora Big Data i analiz. S\u0105 one zoptymalizowane pod k\u0105tem sieciowych rejestrator\u00f3w wideo (NVR), cyfrowych rejestrator\u00f3w wideo (DVR) lub &hellip;\" \/>\n<meta property=\"og:url\" content=\"https:\/\/www.toshiba-storage.com\/pl\/surveillance-solutions\/\" \/>\n<meta property=\"og:site_name\" content=\"EMEA\" \/>\n<meta property=\"article:publisher\" content=\"https:\/\/www.facebook.com\/ToshibaStorageEU\/\" \/>\n<meta property=\"article:modified_time\" content=\"2025-11-04T07:30:26+00:00\" \/>\n<meta name=\"twitter:card\" content=\"summary_large_image\" \/>\n<meta name=\"twitter:label1\" content=\"Est. reading time\" \/>\n\t<meta name=\"twitter:data1\" content=\"1 minute\" \/>\n<script type=\"application\/ld+json\" class=\"yoast-schema-graph\">{\"@context\":\"https:\\\/\\\/schema.org\",\"@graph\":[{\"@type\":\"WebPage\",\"@id\":\"https:\\\/\\\/www.toshiba-storage.com\\\/pl\\\/surveillance-solutions\\\/\",\"url\":\"https:\\\/\\\/www.toshiba-storage.com\\\/pl\\\/surveillance-solutions\\\/\",\"name\":\"Surveillance - EMEA\",\"isPartOf\":{\"@id\":\"https:\\\/\\\/www.toshiba-storage.com\\\/pl\\\/#website\"},\"datePublished\":\"2021-08-10T21:20:53+00:00\",\"dateModified\":\"2025-11-04T07:30:26+00:00\",\"inLanguage\":\"pl-PL\",\"potentialAction\":[{\"@type\":\"ReadAction\",\"target\":[\"https:\\\/\\\/www.toshiba-storage.com\\\/pl\\\/surveillance-solutions\\\/\"]}]},{\"@type\":\"WebSite\",\"@id\":\"https:\\\/\\\/www.toshiba-storage.com\\\/pl\\\/#website\",\"url\":\"https:\\\/\\\/www.toshiba-storage.com\\\/pl\\\/\",\"name\":\"Toshiba Storage Solutions \u2013 EMEA Region\",\"description\":\"Toshiba in Europe and Middle East Asia provides reliable and innovative storage solutions and internal and external HDDs \u2013for Laptops, PC, NAS, Surveillance and Enterprise.\",\"publisher\":{\"@id\":\"https:\\\/\\\/www.toshiba-storage.com\\\/pl\\\/#organization\"},\"potentialAction\":[{\"@type\":\"SearchAction\",\"target\":{\"@type\":\"EntryPoint\",\"urlTemplate\":\"https:\\\/\\\/www.toshiba-storage.com\\\/pl\\\/?s={search_term_string}\"},\"query-input\":{\"@type\":\"PropertyValueSpecification\",\"valueRequired\":true,\"valueName\":\"search_term_string\"}}],\"inLanguage\":\"pl-PL\"},{\"@type\":\"Organization\",\"@id\":\"https:\\\/\\\/www.toshiba-storage.com\\\/pl\\\/#organization\",\"name\":\"Toshiba Electronics Europe GmbH\",\"url\":\"https:\\\/\\\/www.toshiba-storage.com\\\/pl\\\/\",\"logo\":{\"@type\":\"ImageObject\",\"inLanguage\":\"pl-PL\",\"@id\":\"https:\\\/\\\/www.toshiba-storage.com\\\/pl\\\/#\\\/schema\\\/logo\\\/image\\\/\",\"url\":\"https:\\\/\\\/www.toshiba-storage.com\\\/wp\\\/wp-content\\\/uploads\\\/2024\\\/02\\\/toshiba-logo.png\",\"contentUrl\":\"https:\\\/\\\/www.toshiba-storage.com\\\/wp\\\/wp-content\\\/uploads\\\/2024\\\/02\\\/toshiba-logo.png\",\"width\":263,\"height\":40,\"caption\":\"Toshiba Electronics Europe GmbH\"},\"image\":{\"@id\":\"https:\\\/\\\/www.toshiba-storage.com\\\/pl\\\/#\\\/schema\\\/logo\\\/image\\\/\"},\"sameAs\":[\"https:\\\/\\\/www.facebook.com\\\/ToshibaStorageEU\\\/\",\"https:\\\/\\\/www.linkedin.com\\\/company\\\/toshiba-electronics-europe-gmbh\\\/?originalSubdomain=de\",\"https:\\\/\\\/www.youtube.com\\\/user\\\/ToshibaElectronics1\"]}]}<\/script>\n<!-- \/ Yoast SEO Premium plugin. -->","yoast_head_json":{"title":"Surveillance - EMEA","robots":{"index":"index","follow":"follow","max-snippet":"max-snippet:-1","max-image-preview":"max-image-preview:large","max-video-preview":"max-video-preview:-1"},"canonical":"https:\/\/www.toshiba-storage.com\/pl\/surveillance-solutions\/","og_locale":"pl_PL","og_type":"article","og_title":"Surveillance","og_description":"[vc_row][vc_column][toshiba_text_block] Rozwi\u0105zania firmy Toshiba do monitoringu Oferowany przez firm\u0119 Toshiba szeroki wyb\u00f3r dysk\u00f3w twardych do monitoringu, spe\u0142niaj\u0105cych wszelkie wymagania obecnego rynku pami\u0119ci masowej do system\u00f3w nadzoru, zaspokaja rosn\u0105ce zapotrzebowanie ma\u0142ych i\u00a0\u015brednich firm, sektora profesjonalnego i\u00a0publicznego oraz sektora Big Data i analiz. S\u0105 one zoptymalizowane pod k\u0105tem sieciowych rejestrator\u00f3w wideo (NVR), cyfrowych rejestrator\u00f3w wideo (DVR) lub &hellip;","og_url":"https:\/\/www.toshiba-storage.com\/pl\/surveillance-solutions\/","og_site_name":"EMEA","article_publisher":"https:\/\/www.facebook.com\/ToshibaStorageEU\/","article_modified_time":"2025-11-04T07:30:26+00:00","twitter_card":"summary_large_image","twitter_misc":{"Est. reading time":"1 minute"},"schema":{"@context":"https:\/\/schema.org","@graph":[{"@type":"WebPage","@id":"https:\/\/www.toshiba-storage.com\/pl\/surveillance-solutions\/","url":"https:\/\/www.toshiba-storage.com\/pl\/surveillance-solutions\/","name":"Surveillance - EMEA","isPartOf":{"@id":"https:\/\/www.toshiba-storage.com\/pl\/#website"},"datePublished":"2021-08-10T21:20:53+00:00","dateModified":"2025-11-04T07:30:26+00:00","inLanguage":"pl-PL","potentialAction":[{"@type":"ReadAction","target":["https:\/\/www.toshiba-storage.com\/pl\/surveillance-solutions\/"]}]},{"@type":"WebSite","@id":"https:\/\/www.toshiba-storage.com\/pl\/#website","url":"https:\/\/www.toshiba-storage.com\/pl\/","name":"Toshiba Storage Solutions \u2013 EMEA Region","description":"Toshiba in Europe and Middle East Asia provides reliable and innovative storage solutions and internal and external HDDs \u2013for Laptops, PC, NAS, Surveillance and Enterprise.","publisher":{"@id":"https:\/\/www.toshiba-storage.com\/pl\/#organization"},"potentialAction":[{"@type":"SearchAction","target":{"@type":"EntryPoint","urlTemplate":"https:\/\/www.toshiba-storage.com\/pl\/?s={search_term_string}"},"query-input":{"@type":"PropertyValueSpecification","valueRequired":true,"valueName":"search_term_string"}}],"inLanguage":"pl-PL"},{"@type":"Organization","@id":"https:\/\/www.toshiba-storage.com\/pl\/#organization","name":"Toshiba Electronics Europe GmbH","url":"https:\/\/www.toshiba-storage.com\/pl\/","logo":{"@type":"ImageObject","inLanguage":"pl-PL","@id":"https:\/\/www.toshiba-storage.com\/pl\/#\/schema\/logo\/image\/","url":"https:\/\/www.toshiba-storage.com\/wp\/wp-content\/uploads\/2024\/02\/toshiba-logo.png","contentUrl":"https:\/\/www.toshiba-storage.com\/wp\/wp-content\/uploads\/2024\/02\/toshiba-logo.png","width":263,"height":40,"caption":"Toshiba Electronics Europe GmbH"},"image":{"@id":"https:\/\/www.toshiba-storage.com\/pl\/#\/schema\/logo\/image\/"},"sameAs":["https:\/\/www.facebook.com\/ToshibaStorageEU\/","https:\/\/www.linkedin.com\/company\/toshiba-electronics-europe-gmbh\/?originalSubdomain=de","https:\/\/www.youtube.com\/user\/ToshibaElectronics1"]}]}},"_links":{"self":[{"href":"https:\/\/www.toshiba-storage.com\/pl\/wp-json\/wp\/v2\/pages\/49457","targetHints":{"allow":["GET"]}}],"collection":[{"href":"https:\/\/www.toshiba-storage.com\/pl\/wp-json\/wp\/v2\/pages"}],"about":[{"href":"https:\/\/www.toshiba-storage.com\/pl\/wp-json\/wp\/v2\/types\/page"}],"author":[{"embeddable":true,"href":"https:\/\/www.toshiba-storage.com\/pl\/wp-json\/wp\/v2\/users\/1"}],"replies":[{"embeddable":true,"href":"https:\/\/www.toshiba-storage.com\/pl\/wp-json\/wp\/v2\/comments?post=49457"}],"version-history":[{"count":0,"href":"https:\/\/www.toshiba-storage.com\/pl\/wp-json\/wp\/v2\/pages\/49457\/revisions"}],"wp:attachment":[{"href":"https:\/\/www.toshiba-storage.com\/pl\/wp-json\/wp\/v2\/media?parent=49457"}],"curies":[{"name":"wp","href":"https:\/\/api.w.org\/{rel}","templated":true}]}}