{"id":41337,"date":"2020-06-30T15:44:09","date_gmt":"2020-06-30T13:44:09","guid":{"rendered":"https:\/\/toshibastoragecom-preview.preview.pslsrv.com\/data-recovery\/"},"modified":"2025-12-03T08:55:08","modified_gmt":"2025-12-03T07:55:08","slug":"data-recovery","status":"publish","type":"page","link":"https:\/\/www.toshiba-storage.com\/pl\/data-recovery\/","title":{"rendered":"Odzyskiwanie danych"},"content":{"rendered":"<h1 class=\"has-large-font-size\" style=\"color: #e61e1e;margin: 40px 0 40px;text-align: center;line-height: 1.1\">Chcesz odzyska\u0107 utracone dane z dysku twardego?<\/h1>\n<ul class=\"listCase\" style=\"font-size: 20px;line-height: 24px;text-align: center;max-width: 530px;margin-left: auto;margin-right: auto\">\n<li style=\"text-align: left\">Wszystkie Twoje wspomnienia przepad\u0142y przez wirusa komputerowego?<\/li>\n<li style=\"text-align: left\">Tw\u00f3j dysk twardy zosta\u0142 omy\u0142kowo sformatowany*?<\/li>\n<li style=\"text-align: left\">Zdarzy\u0142o Ci si\u0119 niechc\u0105cy usun\u0105\u0107\/nadpisa\u0107 wa\u017cne pliki?<\/li>\n<li style=\"text-align: left\">Dysk Ci upad\u0142 i nie mo\u017cesz uzyska\u0107 do niego dost\u0119pu?<\/li>\n<\/ul>\n<p style=\"text-align: center;font-size: 15px\">* Wyst\u0119puj\u0105 dwa rodzaje formatowania dysku twardego: logiczne i fizyczne. Nale\u017cy pami\u0119ta\u0107, \u017ce w ramach formatowania fizycznego zawarto\u015b\u0107 dysku twardego jest ca\u0142kowicie usuwana i nie mo\u017cna odzyska\u0107 danych.<\/p>\n<p class=\"p1\" style=\"text-align: center;font-size: 20px\">Zanim si\u0119 poddasz, mo\u017cesz spr\u00f3bowa\u0107 odzyska\u0107 dane, korzystaj\u0105c z pomocy zewn\u0119trznej firmy specjalizuj\u0105cej si\u0119 w takich us\u0142ugach. Dla wygody udost\u0119pniamy \u0142\u0105cza do dostawc\u00f3w us\u0142ug odzyskiwania danych.<\/p>\n<p style=\"text-align: center;margin-top: 30px\"><img loading=\"lazy\" decoding=\"async\" class=\"size-full wp-image-34842 aligncenter\" src=\"https:\/\/www.toshiba-storage.com\/wp\/wp-content\/uploads\/2020\/06\/20200630_Toshiba_Storage_Data_Recovery_Icon.gif\" alt=\"\" width=\"89\" height=\"96\" \/><\/p>\n<p style=\"text-align: center\">Klikaj\u0105c poni\u017csze logo, wyra\u017casz zgod\u0119 na powy\u017csze zastrze\u017cenia.<br \/>Ni\u017cej wymienieni dostawcy us\u0142ug oferuj\u0105 klientom korzystaj\u0105cym z dysk\u00f3w HDD marki Toshiba us\u0142ugi odzyskiwania danych po ni\u017cszej stawce.<\/p>\n<div class=\"row\">\n<div class=\"col-xs-6\" style=\"text-align: center;flex-direction: column\">\n<p style=\"flex-grow: 1;flex-direction: column;justify-content: center;align-items: center\"><a href=\"https:\/\/www.toshiba-storage.com\/link-ontrack\/\"><img loading=\"lazy\" decoding=\"async\" class=\"alignnone wp-image-39402 \" src=\"https:\/\/www.toshiba-storage.com\/wp\/wp-content\/uploads\/2020\/09\/ontrack_c-300x71.png\" alt=\"Ontrack\" width=\"232\" height=\"55\" srcset=\"https:\/\/www.toshiba-storage.com\/wp\/wp-content\/uploads\/2020\/09\/ontrack_c-300x71.png 300w, https:\/\/www.toshiba-storage.com\/wp\/wp-content\/uploads\/2020\/09\/ontrack_c-768x181.png 768w, https:\/\/www.toshiba-storage.com\/wp\/wp-content\/uploads\/2020\/09\/ontrack_c-1024x241.png 1024w, https:\/\/www.toshiba-storage.com\/wp\/wp-content\/uploads\/2020\/09\/ontrack_c.png 1785w\" sizes=\"auto, (max-width: 232px) 100vw, 232px\" \/><\/a><\/p>\n<p class=\"p1\"><a href=\"https:\/\/www.toshiba-storage.com\/link-ontrack\/\">Dowiedz si\u0119 wi\u0119cej o Ontrack<\/a><\/p>\n<\/div>\n<div class=\"col-xs-6\" style=\"text-align: center;flex-direction: column\">\n<p style=\"flex-grow: 1;flex-direction: column;justify-content: center;align-items: center\"><a href=\"https:\/\/www.toshiba-storage.com\/drivesavers\/\"><img loading=\"lazy\" decoding=\"async\" class=\"alignnone wp-image-39389 \" src=\"https:\/\/www.toshiba-storage.com\/wp\/wp-content\/uploads\/2020\/09\/DR_DSLogo-300x300.png\" alt=\"DriveSavers\" width=\"156\" height=\"156\" srcset=\"https:\/\/www.toshiba-storage.com\/wp\/wp-content\/uploads\/2020\/09\/DR_DSLogo-300x300.png 300w, https:\/\/www.toshiba-storage.com\/wp\/wp-content\/uploads\/2020\/09\/DR_DSLogo-150x150.png 150w, https:\/\/www.toshiba-storage.com\/wp\/wp-content\/uploads\/2020\/09\/DR_DSLogo-768x769.png 768w, https:\/\/www.toshiba-storage.com\/wp\/wp-content\/uploads\/2020\/09\/DR_DSLogo-1024x1024.png 1024w, https:\/\/www.toshiba-storage.com\/wp\/wp-content\/uploads\/2020\/09\/DR_DSLogo-450x450.png 450w, https:\/\/www.toshiba-storage.com\/wp\/wp-content\/uploads\/2020\/09\/DR_DSLogo.png 1502w\" sizes=\"auto, (max-width: 156px) 100vw, 156px\" \/><\/a><\/p>\n<p class=\"p1\"><a href=\"https:\/\/www.toshiba-storage.com\/drivesavers\/\">Dowiedz si\u0119 wi\u0119cej o DriveSavers<\/a><\/p>\n<\/div>\n<\/div>\n\n\n<div style=\"height:100px\" aria-hidden=\"true\" class=\"wp-block-spacer\"><\/div>\n\n\n\n<h2 class=\"wp-block-heading has-text-align-center has-large-font-size\" id=\"h-zastrzezenie\">Zastrze\u017cenie<\/h2>\n\n\n\n<p class=\"p1\"><br>(a) Wyboru jednego z wymienionych poni\u017cej niezale\u017cnych i zewn\u0119trznych dostawc\u00f3w us\u0142ug (\u201eDostawca us\u0142ug\u201d) dokonujesz na w\u0142asne ryzyko. Nic nie stoi na przeszkodzie, aby wybra\u0107 innego dostawc\u0119 us\u0142ug odzyskiwania danych ni\u017c kt\u00f3regokolwiek z wymienionych ni\u017cej.<\/p>\n\n\n\n<p class=\"p1\">(b) Ewentualna umowa, kt\u00f3r\u0105 zawrzesz z Dostawc\u0105 us\u0142ug w zakresie us\u0142ug odzyskiwania danych, zostanie zawarta wy\u0142\u0105cznie mi\u0119dzy Tob\u0105 a danym Dostawc\u0105 us\u0142ug. Firma Toshiba Electronics Europe GmbH i jej sp\u00f3\u0142ki zale\u017cne (nazywane dalej zbiorczo \u201efirm\u0105 TOSHIBA\u201d) w \u017cadnym wypadku nie stan\u0105 si\u0119 stron\u0105 takiej umowy.<\/p>\n\n\n\n<p class=\"p1\">(c) FIRMA TOSHIBA NIE UDZIELA \u017bADNYCH GWARANCJI, WYRA\u0179NYCH ANI DOROZUMIANYCH, A TAK\u017bE WYRA\u0179NIE WYKLUCZA WSZELKIE GWARANCJE DOTYCZ\u0104CE US\u0141UG \u015aWIADCZONYCH PRZEZ NIEZALE\u017bNEGO I ZEWN\u0118TRZNEGO DOSTAWC\u0118 US\u0141UG, W TYM WSZELKIE GWARANCJE DOTYCZ\u0104CE JAKO\u015aCI LUB NIEZAWODNO\u015aCI US\u0141UG \u015aWIADCZONYCH PRZEZ NIEZALE\u017bNEGO I ZEWN\u0118TRZNEGO DOSTAWC\u0118 US\u0141UG, NIENARUSZANIA PRZEPIS\u00d3W PRAWA, PRZYDATNO\u015aCI HANDLOWEJ LUB PRZYDATNO\u015aCI DO OKRE\u015aLONEGO CELU.<\/p>\n\n\n\n<p class=\"p1\">(d) Skorzystanie z us\u0142ug odzyskiwania danych \u015bwiadczonych przez Dostawc\u0119 us\u0142ug nie powoduje uniewa\u017cnienia Gwarancji firmy Toshiba na zewn\u0119trzny b\u0105d\u017a wewn\u0119trzny dysk twardy marki Toshiba (\u201edysk twardy\u201d) udzielonej u\u017cytkownikowi, kt\u00f3ry zakupi\u0142 dany dysk twardy (\u201eGwarancja firmy Toshiba\u201d). Je\u015bli jednak w wyniku \u015bwiadczenia us\u0142ug odzyskiwania danych przez Dostawc\u0119 us\u0142ug dysk twardy ulegnie uszkodzeniu, Gwarancja firmy Toshiba nie b\u0119dzie mia\u0142a zastosowania do danego uszkodzenia.<\/p>\n\n\n\n<p class=\"p1\">(e) Zgodnie z Gwarancj\u0105 firmy Toshiba firma TOSHIBA nie ponosi odpowiedzialno\u015bci za jakiekolwiek straty lub szkody dowolnego rodzaju zwi\u0105zane z wykonywaniem us\u0142ug przez Dostawc\u0119 us\u0142ug lub bezpo\u015brednio z nich wynikaj\u0105ce, w tym za utrat\u0119 lub uszkodzenie danych zawartych na dysku twardym firmy Toshiba, na przyk\u0142ad wskutek niew\u0142a\u015bciwego u\u017cytkowania lub ingerencji, niew\u0142a\u015bciwego obchodzenia si\u0119 z urz\u0105dzeniem lub innych przyczyn okre\u015blonych w Gwarancji firmy Toshiba. U\u017cytkownik sam odpowiada za zapisywanie (tworzenie kopii zapasowych) wszelkich danych. Firma TOHSHIBA nie udziela \u017cadnych gwarancji dotycz\u0105cych utraty danych ani nie pokrywa \u017cadnych strat finansowych czy innych spowodowanych tak\u0105 utrat\u0105.<\/p>\n\n\n\n<p class=\"p1\">(f) Rzeczywiste warunki us\u0142ug odzyskiwania danych s\u0105 okre\u015blone w instrukcjach podanych na stronie internetowej Dostawcy us\u0142ug.<\/p>\n\n\n\n<p class=\"has-text-align-center\">&nbsp;<\/p>\n\n\n\n<p>&nbsp;<\/p>\n","protected":false},"excerpt":{"rendered":"<p>Chcesz odzyska\u0107 utracone dane z dysku twardego? Wszystkie Twoje wspomnienia przepad\u0142y przez wirusa komputerowego? Tw\u00f3j dysk twardy zosta\u0142 omy\u0142kowo sformatowany*? Zdarzy\u0142o Ci si\u0119 niechc\u0105cy usun\u0105\u0107\/nadpisa\u0107 wa\u017cne pliki? Dysk Ci upad\u0142 i nie mo\u017cesz uzyska\u0107 do niego dost\u0119pu? * Wyst\u0119puj\u0105 dwa rodzaje formatowania dysku twardego: logiczne i fizyczne. Nale\u017cy pami\u0119ta\u0107, \u017ce w ramach formatowania fizycznego zawarto\u015b\u0107 &hellip;<\/p>\n","protected":false},"author":30,"featured_media":45687,"parent":0,"menu_order":0,"comment_status":"closed","ping_status":"closed","template":"page-content-with-hero.php","meta":{"_acf_changed":false,"footnotes":""},"class_list":["post-41337","page","type-page","status-publish","has-post-thumbnail","hentry"],"acf":[],"yoast_head":"<!-- This site is optimized with the Yoast SEO Premium plugin v27.3 (Yoast SEO v27.3) - https:\/\/yoast.com\/product\/yoast-seo-premium-wordpress\/ -->\n<title>Odzyskiwanie danych - EMEA<\/title>\n<meta name=\"robots\" content=\"index, follow, max-snippet:-1, max-image-preview:large, max-video-preview:-1\" \/>\n<link rel=\"canonical\" href=\"https:\/\/www.toshiba-storage.com\/pl\/data-recovery\/\" \/>\n<meta property=\"og:locale\" content=\"pl_PL\" \/>\n<meta property=\"og:type\" content=\"article\" \/>\n<meta property=\"og:title\" content=\"Odzyskiwanie danych\" \/>\n<meta property=\"og:description\" content=\"Chcesz odzyska\u0107 utracone dane z dysku twardego? Wszystkie Twoje wspomnienia przepad\u0142y przez wirusa komputerowego? Tw\u00f3j dysk twardy zosta\u0142 omy\u0142kowo sformatowany*? Zdarzy\u0142o Ci si\u0119 niechc\u0105cy usun\u0105\u0107\/nadpisa\u0107 wa\u017cne pliki? Dysk Ci upad\u0142 i nie mo\u017cesz uzyska\u0107 do niego dost\u0119pu? * Wyst\u0119puj\u0105 dwa rodzaje formatowania dysku twardego: logiczne i fizyczne. Nale\u017cy pami\u0119ta\u0107, \u017ce w ramach formatowania fizycznego zawarto\u015b\u0107 &hellip;\" \/>\n<meta property=\"og:url\" content=\"https:\/\/www.toshiba-storage.com\/pl\/data-recovery\/\" \/>\n<meta property=\"og:site_name\" content=\"EMEA\" \/>\n<meta property=\"article:publisher\" content=\"https:\/\/www.facebook.com\/ToshibaStorageEU\/\" \/>\n<meta property=\"article:modified_time\" content=\"2025-12-03T07:55:08+00:00\" \/>\n<meta property=\"og:image\" content=\"https:\/\/www.toshiba-storage.com\/wp\/wp-content\/uploads\/2021\/06\/TOSH_Kachel_Data_Recovery_450x450_V2.jpg\" \/>\n\t<meta property=\"og:image:width\" content=\"450\" \/>\n\t<meta property=\"og:image:height\" content=\"450\" \/>\n\t<meta property=\"og:image:type\" content=\"image\/jpeg\" \/>\n<meta name=\"twitter:card\" content=\"summary_large_image\" \/>\n<meta name=\"twitter:label1\" content=\"Est. reading time\" \/>\n\t<meta name=\"twitter:data1\" content=\"4 minutes\" \/>\n<script type=\"application\/ld+json\" class=\"yoast-schema-graph\">{\"@context\":\"https:\\\/\\\/schema.org\",\"@graph\":[{\"@type\":\"WebPage\",\"@id\":\"https:\\\/\\\/www.toshiba-storage.com\\\/pl\\\/data-recovery\\\/\",\"url\":\"https:\\\/\\\/www.toshiba-storage.com\\\/pl\\\/data-recovery\\\/\",\"name\":\"Odzyskiwanie danych - EMEA\",\"isPartOf\":{\"@id\":\"https:\\\/\\\/www.toshiba-storage.com\\\/pl\\\/#website\"},\"primaryImageOfPage\":{\"@id\":\"https:\\\/\\\/www.toshiba-storage.com\\\/pl\\\/data-recovery\\\/#primaryimage\"},\"image\":{\"@id\":\"https:\\\/\\\/www.toshiba-storage.com\\\/pl\\\/data-recovery\\\/#primaryimage\"},\"thumbnailUrl\":\"https:\\\/\\\/www.toshiba-storage.com\\\/wp\\\/wp-content\\\/uploads\\\/2021\\\/06\\\/TOSH_Kachel_Data_Recovery_450x450_V2.jpg\",\"datePublished\":\"2020-06-30T13:44:09+00:00\",\"dateModified\":\"2025-12-03T07:55:08+00:00\",\"inLanguage\":\"pl-PL\",\"potentialAction\":[{\"@type\":\"ReadAction\",\"target\":[\"https:\\\/\\\/www.toshiba-storage.com\\\/pl\\\/data-recovery\\\/\"]}]},{\"@type\":\"ImageObject\",\"inLanguage\":\"pl-PL\",\"@id\":\"https:\\\/\\\/www.toshiba-storage.com\\\/pl\\\/data-recovery\\\/#primaryimage\",\"url\":\"https:\\\/\\\/www.toshiba-storage.com\\\/wp\\\/wp-content\\\/uploads\\\/2021\\\/06\\\/TOSH_Kachel_Data_Recovery_450x450_V2.jpg\",\"contentUrl\":\"https:\\\/\\\/www.toshiba-storage.com\\\/wp\\\/wp-content\\\/uploads\\\/2021\\\/06\\\/TOSH_Kachel_Data_Recovery_450x450_V2.jpg\",\"width\":450,\"height\":450},{\"@type\":\"WebSite\",\"@id\":\"https:\\\/\\\/www.toshiba-storage.com\\\/pl\\\/#website\",\"url\":\"https:\\\/\\\/www.toshiba-storage.com\\\/pl\\\/\",\"name\":\"Toshiba Storage Solutions \u2013 EMEA Region\",\"description\":\"Toshiba in Europe and Middle East Asia provides reliable and innovative storage solutions and internal and external HDDs \u2013for Laptops, PC, NAS, Surveillance and Enterprise.\",\"publisher\":{\"@id\":\"https:\\\/\\\/www.toshiba-storage.com\\\/pl\\\/#organization\"},\"potentialAction\":[{\"@type\":\"SearchAction\",\"target\":{\"@type\":\"EntryPoint\",\"urlTemplate\":\"https:\\\/\\\/www.toshiba-storage.com\\\/pl\\\/?s={search_term_string}\"},\"query-input\":{\"@type\":\"PropertyValueSpecification\",\"valueRequired\":true,\"valueName\":\"search_term_string\"}}],\"inLanguage\":\"pl-PL\"},{\"@type\":\"Organization\",\"@id\":\"https:\\\/\\\/www.toshiba-storage.com\\\/pl\\\/#organization\",\"name\":\"Toshiba Electronics Europe GmbH\",\"url\":\"https:\\\/\\\/www.toshiba-storage.com\\\/pl\\\/\",\"logo\":{\"@type\":\"ImageObject\",\"inLanguage\":\"pl-PL\",\"@id\":\"https:\\\/\\\/www.toshiba-storage.com\\\/pl\\\/#\\\/schema\\\/logo\\\/image\\\/\",\"url\":\"https:\\\/\\\/www.toshiba-storage.com\\\/wp\\\/wp-content\\\/uploads\\\/2024\\\/02\\\/toshiba-logo.png\",\"contentUrl\":\"https:\\\/\\\/www.toshiba-storage.com\\\/wp\\\/wp-content\\\/uploads\\\/2024\\\/02\\\/toshiba-logo.png\",\"width\":263,\"height\":40,\"caption\":\"Toshiba Electronics Europe GmbH\"},\"image\":{\"@id\":\"https:\\\/\\\/www.toshiba-storage.com\\\/pl\\\/#\\\/schema\\\/logo\\\/image\\\/\"},\"sameAs\":[\"https:\\\/\\\/www.facebook.com\\\/ToshibaStorageEU\\\/\",\"https:\\\/\\\/www.linkedin.com\\\/company\\\/toshiba-electronics-europe-gmbh\\\/?originalSubdomain=de\",\"https:\\\/\\\/www.youtube.com\\\/user\\\/ToshibaElectronics1\"]}]}<\/script>\n<!-- \/ Yoast SEO Premium plugin. -->","yoast_head_json":{"title":"Odzyskiwanie danych - EMEA","robots":{"index":"index","follow":"follow","max-snippet":"max-snippet:-1","max-image-preview":"max-image-preview:large","max-video-preview":"max-video-preview:-1"},"canonical":"https:\/\/www.toshiba-storage.com\/pl\/data-recovery\/","og_locale":"pl_PL","og_type":"article","og_title":"Odzyskiwanie danych","og_description":"Chcesz odzyska\u0107 utracone dane z dysku twardego? Wszystkie Twoje wspomnienia przepad\u0142y przez wirusa komputerowego? Tw\u00f3j dysk twardy zosta\u0142 omy\u0142kowo sformatowany*? Zdarzy\u0142o Ci si\u0119 niechc\u0105cy usun\u0105\u0107\/nadpisa\u0107 wa\u017cne pliki? Dysk Ci upad\u0142 i nie mo\u017cesz uzyska\u0107 do niego dost\u0119pu? * Wyst\u0119puj\u0105 dwa rodzaje formatowania dysku twardego: logiczne i fizyczne. Nale\u017cy pami\u0119ta\u0107, \u017ce w ramach formatowania fizycznego zawarto\u015b\u0107 &hellip;","og_url":"https:\/\/www.toshiba-storage.com\/pl\/data-recovery\/","og_site_name":"EMEA","article_publisher":"https:\/\/www.facebook.com\/ToshibaStorageEU\/","article_modified_time":"2025-12-03T07:55:08+00:00","og_image":[{"width":450,"height":450,"url":"https:\/\/www.toshiba-storage.com\/wp\/wp-content\/uploads\/2021\/06\/TOSH_Kachel_Data_Recovery_450x450_V2.jpg","type":"image\/jpeg"}],"twitter_card":"summary_large_image","twitter_misc":{"Est. reading time":"4 minutes"},"schema":{"@context":"https:\/\/schema.org","@graph":[{"@type":"WebPage","@id":"https:\/\/www.toshiba-storage.com\/pl\/data-recovery\/","url":"https:\/\/www.toshiba-storage.com\/pl\/data-recovery\/","name":"Odzyskiwanie danych - EMEA","isPartOf":{"@id":"https:\/\/www.toshiba-storage.com\/pl\/#website"},"primaryImageOfPage":{"@id":"https:\/\/www.toshiba-storage.com\/pl\/data-recovery\/#primaryimage"},"image":{"@id":"https:\/\/www.toshiba-storage.com\/pl\/data-recovery\/#primaryimage"},"thumbnailUrl":"https:\/\/www.toshiba-storage.com\/wp\/wp-content\/uploads\/2021\/06\/TOSH_Kachel_Data_Recovery_450x450_V2.jpg","datePublished":"2020-06-30T13:44:09+00:00","dateModified":"2025-12-03T07:55:08+00:00","inLanguage":"pl-PL","potentialAction":[{"@type":"ReadAction","target":["https:\/\/www.toshiba-storage.com\/pl\/data-recovery\/"]}]},{"@type":"ImageObject","inLanguage":"pl-PL","@id":"https:\/\/www.toshiba-storage.com\/pl\/data-recovery\/#primaryimage","url":"https:\/\/www.toshiba-storage.com\/wp\/wp-content\/uploads\/2021\/06\/TOSH_Kachel_Data_Recovery_450x450_V2.jpg","contentUrl":"https:\/\/www.toshiba-storage.com\/wp\/wp-content\/uploads\/2021\/06\/TOSH_Kachel_Data_Recovery_450x450_V2.jpg","width":450,"height":450},{"@type":"WebSite","@id":"https:\/\/www.toshiba-storage.com\/pl\/#website","url":"https:\/\/www.toshiba-storage.com\/pl\/","name":"Toshiba Storage Solutions \u2013 EMEA Region","description":"Toshiba in Europe and Middle East Asia provides reliable and innovative storage solutions and internal and external HDDs \u2013for Laptops, PC, NAS, Surveillance and Enterprise.","publisher":{"@id":"https:\/\/www.toshiba-storage.com\/pl\/#organization"},"potentialAction":[{"@type":"SearchAction","target":{"@type":"EntryPoint","urlTemplate":"https:\/\/www.toshiba-storage.com\/pl\/?s={search_term_string}"},"query-input":{"@type":"PropertyValueSpecification","valueRequired":true,"valueName":"search_term_string"}}],"inLanguage":"pl-PL"},{"@type":"Organization","@id":"https:\/\/www.toshiba-storage.com\/pl\/#organization","name":"Toshiba Electronics Europe GmbH","url":"https:\/\/www.toshiba-storage.com\/pl\/","logo":{"@type":"ImageObject","inLanguage":"pl-PL","@id":"https:\/\/www.toshiba-storage.com\/pl\/#\/schema\/logo\/image\/","url":"https:\/\/www.toshiba-storage.com\/wp\/wp-content\/uploads\/2024\/02\/toshiba-logo.png","contentUrl":"https:\/\/www.toshiba-storage.com\/wp\/wp-content\/uploads\/2024\/02\/toshiba-logo.png","width":263,"height":40,"caption":"Toshiba Electronics Europe GmbH"},"image":{"@id":"https:\/\/www.toshiba-storage.com\/pl\/#\/schema\/logo\/image\/"},"sameAs":["https:\/\/www.facebook.com\/ToshibaStorageEU\/","https:\/\/www.linkedin.com\/company\/toshiba-electronics-europe-gmbh\/?originalSubdomain=de","https:\/\/www.youtube.com\/user\/ToshibaElectronics1"]}]}},"_links":{"self":[{"href":"https:\/\/www.toshiba-storage.com\/pl\/wp-json\/wp\/v2\/pages\/41337","targetHints":{"allow":["GET"]}}],"collection":[{"href":"https:\/\/www.toshiba-storage.com\/pl\/wp-json\/wp\/v2\/pages"}],"about":[{"href":"https:\/\/www.toshiba-storage.com\/pl\/wp-json\/wp\/v2\/types\/page"}],"author":[{"embeddable":true,"href":"https:\/\/www.toshiba-storage.com\/pl\/wp-json\/wp\/v2\/users\/30"}],"replies":[{"embeddable":true,"href":"https:\/\/www.toshiba-storage.com\/pl\/wp-json\/wp\/v2\/comments?post=41337"}],"version-history":[{"count":0,"href":"https:\/\/www.toshiba-storage.com\/pl\/wp-json\/wp\/v2\/pages\/41337\/revisions"}],"wp:featuredmedia":[{"embeddable":true,"href":"https:\/\/www.toshiba-storage.com\/pl\/wp-json\/wp\/v2\/media\/45687"}],"wp:attachment":[{"href":"https:\/\/www.toshiba-storage.com\/pl\/wp-json\/wp\/v2\/media?parent=41337"}],"curies":[{"name":"wp","href":"https:\/\/api.w.org\/{rel}","templated":true}]}}