{"id":41292,"date":"2020-07-02T12:10:12","date_gmt":"2020-07-02T10:10:12","guid":{"rendered":"https:\/\/toshibastoragecom-preview.preview.pslsrv.com\/data_recovery_service_provider_info\/"},"modified":"2021-03-04T11:49:46","modified_gmt":"2021-03-04T10:49:46","slug":"data_recovery_service_provider_info","status":"publish","type":"page","link":"https:\/\/www.toshiba-storage.com\/pl\/data_recovery_service_provider_info\/","title":{"rendered":"Informacje o dostawcach us\u0142ug odzyskiwania danych"},"content":{"rendered":"<div id=\"main\">\r\n<div id=\"mainInner\">\r\n<section id=\"cont\">\r\n<div class=\"titWrap\">\r\n<h2 id=\"faqTit\" class=\"titMain\" style=\"text-align: center;\"><span class=\"mdlImg\"><br \/><img loading=\"lazy\" decoding=\"async\" class=\"size-full wp-image-34844 aligncenter\" src=\"https:\/\/www.toshiba-storage.com\/wp-content\/uploads\/2020\/06\/20200630_Toshiba_Storage_Data_Recovery_Icon.gif\" alt=\"\" width=\"89\" height=\"96\" \/><\/span><\/h2>\r\n<p>\u00a0<\/p>\r\n<\/div>\r\n<p class=\"clickNote attention\" style=\"text-align: center; color: red;\"><strong>Przejd\u017a do witryny internetowej jednego z poni\u017cszych dostawc\u00f3w us\u0142ug po zapoznaniu si\u0119 z poni\u017cszym zastrze\u017ceniem i jego zaakceptowaniu.<\/strong><\/p>\r\n<p>\u00a0<\/p>\r\n<div class=\"blockNote block20\">\r\n<p class=\"text\" style=\"text-align: left; font-size: 25px;\">Zastrze\u017cenie<\/p>\r\n<p class=\"p1\">(a)\u00a0\u00a0\u00a0 Wyboru jednego z wymienionych poni\u017cej niezale\u017cnych i zewn\u0119trznych dostawc\u00f3w us\u0142ug (\u201eDostawca us\u0142ug\u201d) dokonujesz na w\u0142asne ryzyko. Nic nie stoi na przeszkodzie, aby wybra\u0107 innego dostawc\u0119 us\u0142ug odzyskiwania danych ni\u017c kt\u00f3regokolwiek z wymienionych ni\u017cej.<\/p>\r\n<p class=\"p1\">(b)\u00a0\u00a0\u00a0 Ewentualna umowa, kt\u00f3r\u0105 zawrzesz z Dostawc\u0105 us\u0142ug w zakresie us\u0142ug odzyskiwania danych, zostanie zawarta wy\u0142\u0105cznie mi\u0119dzy Tob\u0105 a danym Dostawc\u0105 us\u0142ug. Firma Toshiba Electronics Europe GmbH i jej sp\u00f3\u0142ki zale\u017cne (nazywane dalej zbiorczo \u201efirm\u0105 TOSHIBA\u201d) w \u017cadnym wypadku nie stan\u0105 si\u0119 stron\u0105 takiej umowy.<\/p>\r\n<p class=\"p1\">(c)\u00a0\u00a0\u00a0 FIRMA TOSHIBA NIE UDZIELA \u017bADNYCH GWARANCJI, WYRA\u0179NYCH ANI DOROZUMIANYCH, A TAK\u017bE WYRA\u0179NIE WYKLUCZA WSZELKIE GWARANCJE DOTYCZ\u0104CE US\u0141UG \u015aWIADCZONYCH PRZEZ NIEZALE\u017bNEGO I ZEWN\u0118TRZNEGO DOSTAWC\u0118 US\u0141UG, W TYM WSZELKIE GWARANCJE DOTYCZ\u0104CE JAKO\u015aCI LUB NIEZAWODNO\u015aCI US\u0141UG \u015aWIADCZONYCH PRZEZ NIEZALE\u017bNEGO I ZEWN\u0118TRZNEGO DOSTAWC\u0118 US\u0141UG, NIENARUSZANIA PRZEPIS\u00d3W PRAWA, PRZYDATNO\u015aCI HANDLOWEJ LUB PRZYDATNO\u015aCI DO OKRE\u015aLONEGO CELU.<\/p>\r\n<p class=\"p1\">(d)\u00a0\u00a0\u00a0 Skorzystanie z us\u0142ug odzyskiwania danych \u015bwiadczonych przez Dostawc\u0119 us\u0142ug nie powoduje uniewa\u017cnienia Gwarancji firmy Toshiba na zewn\u0119trzny b\u0105d\u017a wewn\u0119trzny dysk twardy marki Toshiba (\u201edysk twardy\u201d) udzielonej u\u017cytkownikowi, kt\u00f3ry zakupi\u0142 dany dysk twardy (\u201eGwarancja firmy Toshiba\u201d). Je\u015bli jednak w wyniku \u015bwiadczenia us\u0142ug odzyskiwania danych przez Dostawc\u0119 us\u0142ug dysk twardy ulegnie uszkodzeniu, Gwarancja firmy Toshiba nie b\u0119dzie mia\u0142a zastosowania do danego uszkodzenia.<\/p>\r\n<p class=\"p1\"><span data-sheets-value=\"{&quot;1&quot;:2,&quot;2&quot;:&quot;(e) Zgodnie z Gwarancj\u0105 firmy Toshiba firma TOSHIBA nie ponosi odpowiedzialno\u015bci za jakiekolwiek straty lub szkody dowolnego rodzaju zwi\u0105zane z wykonywaniem us\u0142ug przez Dostawc\u0119 us\u0142ug lub bezpo\u015brednio z nich wynikaj\u0105ce, w tym za utrat\u0119 lub uszkodzenie danych zawartych na dysku twardym firmy Toshiba, na przyk\u0142ad wskutek niew\u0142a\u015bciwego u\u017cytkowania lub ingerencji, niew\u0142a\u015bciwego obchodzenia si\u0119 z urz\u0105dzeniem lub innych przyczyn okre\u015blonych w Gwarancji firmy Toshiba. U\u017cytkownik sam odpowiada za zapisywanie (tworzenie kopii zapasowych) wszelkich danych. Firma TOHSHIBA nie udziela \u017cadnych gwarancji dotycz\u0105cych utraty danych ani nie pokrywa \u017cadnych strat finansowych czy innych spowodowanych tak\u0105 utrat\u0105.&quot;}\" data-sheets-userformat=\"{&quot;2&quot;:10685,&quot;3&quot;:{&quot;1&quot;:0,&quot;3&quot;:1},&quot;5&quot;:{&quot;1&quot;:[{&quot;1&quot;:2,&quot;2&quot;:0,&quot;5&quot;:{&quot;1&quot;:2,&quot;2&quot;:0}},{&quot;1&quot;:0,&quot;2&quot;:0,&quot;3&quot;:3},{&quot;1&quot;:1,&quot;2&quot;:0,&quot;4&quot;:1}]},&quot;6&quot;:{&quot;1&quot;:[{&quot;1&quot;:2,&quot;2&quot;:0,&quot;5&quot;:{&quot;1&quot;:2,&quot;2&quot;:0}},{&quot;1&quot;:0,&quot;2&quot;:0,&quot;3&quot;:3},{&quot;1&quot;:1,&quot;2&quot;:0,&quot;4&quot;:1}]},&quot;7&quot;:{&quot;1&quot;:[{&quot;1&quot;:2,&quot;2&quot;:0,&quot;5&quot;:{&quot;1&quot;:2,&quot;2&quot;:0}},{&quot;1&quot;:0,&quot;2&quot;:0,&quot;3&quot;:3},{&quot;1&quot;:1,&quot;2&quot;:0,&quot;4&quot;:1}]},&quot;8&quot;:{&quot;1&quot;:[{&quot;1&quot;:2,&quot;2&quot;:0,&quot;5&quot;:{&quot;1&quot;:2,&quot;2&quot;:0}},{&quot;1&quot;:0,&quot;2&quot;:0,&quot;3&quot;:3},{&quot;1&quot;:1,&quot;2&quot;:0,&quot;4&quot;:1}]},&quot;10&quot;:0,&quot;11&quot;:4,&quot;14&quot;:{&quot;1&quot;:3,&quot;3&quot;:1},&quot;16&quot;:11}\">(e) Zgodnie z Gwarancj\u0105 firmy Toshiba firma TOSHIBA nie ponosi odpowiedzialno\u015bci za jakiekolwiek straty lub szkody dowolnego rodzaju zwi\u0105zane z wykonywaniem us\u0142ug przez Dostawc\u0119 us\u0142ug lub bezpo\u015brednio z nich wynikaj\u0105ce, w tym za utrat\u0119 lub uszkodzenie danych zawartych na dysku twardym firmy Toshiba, na przyk\u0142ad wskutek niew\u0142a\u015bciwego u\u017cytkowania lub ingerencji, niew\u0142a\u015bciwego obchodzenia si\u0119 z urz\u0105dzeniem lub innych przyczyn okre\u015blonych w Gwarancji firmy Toshiba. U\u017cytkownik sam odpowiada za zapisywanie (tworzenie kopii zapasowych) wszelkich danych. Firma TOHSHIBA nie udziela \u017cadnych gwarancji dotycz\u0105cych utraty danych ani nie pokrywa \u017cadnych strat finansowych czy innych spowodowanych tak\u0105 utrat\u0105.<\/span><\/p>\r\n<p>(f) Rzeczywiste warunki us\u0142ug odzyskiwania danych s\u0105 okre\u015blone w instrukcjach podanych na stronie internetowej Dostawcy us\u0142ug.<\/p>\r\n<\/div>\r\n<br><br>\r\n<p style=\"text-align: center;\">Klikaj\u0105c poni\u017csze logo, wyra\u017casz zgod\u0119 na powy\u017csze zastrze\u017cenia.<br \/>Ni\u017cej wymienieni dostawcy us\u0142ug oferuj\u0105 klientom korzystaj\u0105cym z dysk\u00f3w HDD marki Toshiba us\u0142ugi odzyskiwania danych po ni\u017cszej stawce.<\/p>\r\n<div>\r\n<table style=\"width: 100%;\">\r\n<tbody>\r\n<tr>\r\n<th style=\"text-align: center;\"><a href=\"https:\/\/www.toshiba-storage.com\/pl\/link-ontrack\/\"><img loading=\"lazy\" decoding=\"async\" class=\"alignnone wp-image-39404 \" src=\"https:\/\/www.toshiba-storage.com\/wp-content\/uploads\/2020\/09\/ontrack_c-300x71.png\" alt=\"\" width=\"232\" height=\"55\" srcset=\"https:\/\/www.toshiba-storage.com\/wp\/wp-content\/uploads\/2020\/09\/ontrack_c-300x71.png 300w, https:\/\/www.toshiba-storage.com\/wp\/wp-content\/uploads\/2020\/09\/ontrack_c-768x181.png 768w, https:\/\/www.toshiba-storage.com\/wp\/wp-content\/uploads\/2020\/09\/ontrack_c-1024x241.png 1024w, https:\/\/www.toshiba-storage.com\/wp\/wp-content\/uploads\/2020\/09\/ontrack_c.png 1785w\" sizes=\"auto, (max-width: 232px) 100vw, 232px\" \/><\/a><\/th>\r\n<th style=\"text-align: center;\"><a href=\"https:\/\/www.toshiba-storage.com\/pl\/drivesavers\/\"><img loading=\"lazy\" decoding=\"async\" class=\"alignnone wp-image-39392 \" src=\"https:\/\/www.toshiba-storage.com\/wp-content\/uploads\/2020\/09\/DR_DSLogo-300x300.png\" alt=\"\" width=\"156\" height=\"156\" srcset=\"https:\/\/www.toshiba-storage.com\/wp\/wp-content\/uploads\/2020\/09\/DR_DSLogo-300x300.png 300w, https:\/\/www.toshiba-storage.com\/wp\/wp-content\/uploads\/2020\/09\/DR_DSLogo-150x150.png 150w, https:\/\/www.toshiba-storage.com\/wp\/wp-content\/uploads\/2020\/09\/DR_DSLogo-768x769.png 768w, https:\/\/www.toshiba-storage.com\/wp\/wp-content\/uploads\/2020\/09\/DR_DSLogo-1024x1024.png 1024w, https:\/\/www.toshiba-storage.com\/wp\/wp-content\/uploads\/2020\/09\/DR_DSLogo-450x450.png 450w, https:\/\/www.toshiba-storage.com\/wp\/wp-content\/uploads\/2020\/09\/DR_DSLogo.png 1502w\" sizes=\"auto, (max-width: 156px) 100vw, 156px\" \/><\/a><\/th>\r\n<\/tr>\r\n<tr>\r\n<th style=\"text-align: center;\">\r\n<p><a href=\"https:\/\/www.toshiba-storage.com\/pl\/link-ontrack\/\"><strong>Ontrack<\/strong><\/a><\/p>\r\n<p><span style=\"color: #000000; font-family: Calibri; font-size: medium;\"><a href=\"https:\/\/www.toshiba-storage.com\/pl\/link-ontrack\/\">Kliknij tutaj<\/a> \u2014 jest dost\u0119pna zni\u017cka<\/span><\/p>\r\n<\/th>\r\n<th style=\"text-align: center;\">\r\n<p><a href=\"https:\/\/www.toshiba-storage.com\/pl\/drivesavers\/\"><strong>Drivesavers<\/strong><\/a><\/p>\r\n<p><span style=\"color: #000000; font-family: Calibri; font-size: medium;\"><a href=\"https:\/\/www.toshiba-storage.com\/pl\/drivesavers\/\">Kliknij tutaj<\/a> \u2014 jest dost\u0119pna zni\u017cka<\/span><\/p>\r\n<\/th>\r\n<\/tr>\r\n<\/tbody>\r\n<\/table>\r\n<\/div>\r\n<\/section>\r\n<\/div>\r\n<p><strong><!-- \/#mainInner --><\/strong><\/p>\r\n<\/div>\r\n\r\n\r\n<p>&nbsp;<\/p>\r\n","protected":false},"excerpt":{"rendered":"<p>\u00a0 Przejd\u017a do witryny internetowej jednego z poni\u017cszych dostawc\u00f3w us\u0142ug po zapoznaniu si\u0119 z poni\u017cszym zastrze\u017ceniem i jego zaakceptowaniu. \u00a0 Zastrze\u017cenie (a)\u00a0\u00a0\u00a0 Wyboru jednego z wymienionych poni\u017cej niezale\u017cnych i zewn\u0119trznych dostawc\u00f3w us\u0142ug (\u201eDostawca us\u0142ug\u201d) dokonujesz na w\u0142asne ryzyko. Nic nie stoi na przeszkodzie, aby wybra\u0107 innego dostawc\u0119 us\u0142ug odzyskiwania danych ni\u017c kt\u00f3regokolwiek z wymienionych ni\u017cej. &hellip;<\/p>\n","protected":false},"author":30,"featured_media":0,"parent":0,"menu_order":0,"comment_status":"closed","ping_status":"closed","template":"page-legal.php","meta":{"_acf_changed":false,"footnotes":""},"class_list":["post-41292","page","type-page","status-publish","hentry"],"acf":[],"yoast_head":"<!-- This site is optimized with the Yoast SEO Premium plugin v27.4 (Yoast SEO v27.4) - https:\/\/yoast.com\/product\/yoast-seo-premium-wordpress\/ -->\n<title>Informacje o dostawcach us\u0142ug odzyskiwania danych - EMEA<\/title>\n<meta name=\"robots\" content=\"index, follow, max-snippet:-1, max-image-preview:large, max-video-preview:-1\" \/>\n<link rel=\"canonical\" href=\"https:\/\/www.toshiba-storage.com\/pl\/data_recovery_service_provider_info\/\" \/>\n<meta property=\"og:locale\" content=\"pl_PL\" \/>\n<meta property=\"og:type\" content=\"article\" \/>\n<meta property=\"og:title\" content=\"Informacje o dostawcach us\u0142ug odzyskiwania danych\" \/>\n<meta property=\"og:description\" content=\"\u00a0 Przejd\u017a do witryny internetowej jednego z poni\u017cszych dostawc\u00f3w us\u0142ug po zapoznaniu si\u0119 z poni\u017cszym zastrze\u017ceniem i jego zaakceptowaniu. \u00a0 Zastrze\u017cenie (a)\u00a0\u00a0\u00a0 Wyboru jednego z wymienionych poni\u017cej niezale\u017cnych i zewn\u0119trznych dostawc\u00f3w us\u0142ug (\u201eDostawca us\u0142ug\u201d) dokonujesz na w\u0142asne ryzyko. Nic nie stoi na przeszkodzie, aby wybra\u0107 innego dostawc\u0119 us\u0142ug odzyskiwania danych ni\u017c kt\u00f3regokolwiek z wymienionych ni\u017cej. &hellip;\" \/>\n<meta property=\"og:url\" content=\"https:\/\/www.toshiba-storage.com\/pl\/data_recovery_service_provider_info\/\" \/>\n<meta property=\"og:site_name\" content=\"EMEA\" \/>\n<meta property=\"article:publisher\" content=\"https:\/\/www.facebook.com\/ToshibaStorageEU\/\" \/>\n<meta property=\"article:modified_time\" content=\"2021-03-04T10:49:46+00:00\" \/>\n<meta property=\"og:image\" content=\"https:\/\/www.wwwtoshibastoragecom.psl.dev\/wp-content\/uploads\/2020\/06\/20200630_Toshiba_Storage_Data_Recovery_Icon.gif\" \/>\n<meta name=\"twitter:card\" content=\"summary_large_image\" \/>\n<meta name=\"twitter:label1\" content=\"Est. reading time\" \/>\n\t<meta name=\"twitter:data1\" content=\"2 minutes\" \/>\n<script type=\"application\/ld+json\" class=\"yoast-schema-graph\">{\"@context\":\"https:\\\/\\\/schema.org\",\"@graph\":[{\"@type\":\"WebPage\",\"@id\":\"https:\\\/\\\/www.toshiba-storage.com\\\/pl\\\/data_recovery_service_provider_info\\\/\",\"url\":\"https:\\\/\\\/www.toshiba-storage.com\\\/pl\\\/data_recovery_service_provider_info\\\/\",\"name\":\"Informacje o dostawcach us\u0142ug odzyskiwania danych - EMEA\",\"isPartOf\":{\"@id\":\"https:\\\/\\\/www.toshiba-storage.com\\\/pl\\\/#website\"},\"primaryImageOfPage\":{\"@id\":\"https:\\\/\\\/www.toshiba-storage.com\\\/pl\\\/data_recovery_service_provider_info\\\/#primaryimage\"},\"image\":{\"@id\":\"https:\\\/\\\/www.toshiba-storage.com\\\/pl\\\/data_recovery_service_provider_info\\\/#primaryimage\"},\"thumbnailUrl\":\"https:\\\/\\\/www.toshiba-storage.com\\\/wp-content\\\/uploads\\\/2020\\\/06\\\/20200630_Toshiba_Storage_Data_Recovery_Icon.gif\",\"datePublished\":\"2020-07-02T10:10:12+00:00\",\"dateModified\":\"2021-03-04T10:49:46+00:00\",\"inLanguage\":\"pl-PL\",\"potentialAction\":[{\"@type\":\"ReadAction\",\"target\":[\"https:\\\/\\\/www.toshiba-storage.com\\\/pl\\\/data_recovery_service_provider_info\\\/\"]}]},{\"@type\":\"ImageObject\",\"inLanguage\":\"pl-PL\",\"@id\":\"https:\\\/\\\/www.toshiba-storage.com\\\/pl\\\/data_recovery_service_provider_info\\\/#primaryimage\",\"url\":\"https:\\\/\\\/www.toshiba-storage.com\\\/wp-content\\\/uploads\\\/2020\\\/06\\\/20200630_Toshiba_Storage_Data_Recovery_Icon.gif\",\"contentUrl\":\"https:\\\/\\\/www.toshiba-storage.com\\\/wp-content\\\/uploads\\\/2020\\\/06\\\/20200630_Toshiba_Storage_Data_Recovery_Icon.gif\"},{\"@type\":\"WebSite\",\"@id\":\"https:\\\/\\\/www.toshiba-storage.com\\\/pl\\\/#website\",\"url\":\"https:\\\/\\\/www.toshiba-storage.com\\\/pl\\\/\",\"name\":\"Toshiba Storage Solutions \u2013 EMEA Region\",\"description\":\"Toshiba in Europe and Middle East Asia provides reliable and innovative storage solutions and internal and external HDDs \u2013for Laptops, PC, NAS, Surveillance and Enterprise.\",\"publisher\":{\"@id\":\"https:\\\/\\\/www.toshiba-storage.com\\\/pl\\\/#organization\"},\"potentialAction\":[{\"@type\":\"SearchAction\",\"target\":{\"@type\":\"EntryPoint\",\"urlTemplate\":\"https:\\\/\\\/www.toshiba-storage.com\\\/pl\\\/?s={search_term_string}\"},\"query-input\":{\"@type\":\"PropertyValueSpecification\",\"valueRequired\":true,\"valueName\":\"search_term_string\"}}],\"inLanguage\":\"pl-PL\"},{\"@type\":\"Organization\",\"@id\":\"https:\\\/\\\/www.toshiba-storage.com\\\/pl\\\/#organization\",\"name\":\"Toshiba Electronics Europe GmbH\",\"url\":\"https:\\\/\\\/www.toshiba-storage.com\\\/pl\\\/\",\"logo\":{\"@type\":\"ImageObject\",\"inLanguage\":\"pl-PL\",\"@id\":\"https:\\\/\\\/www.toshiba-storage.com\\\/pl\\\/#\\\/schema\\\/logo\\\/image\\\/\",\"url\":\"https:\\\/\\\/www.toshiba-storage.com\\\/wp\\\/wp-content\\\/uploads\\\/2024\\\/02\\\/toshiba-logo.png\",\"contentUrl\":\"https:\\\/\\\/www.toshiba-storage.com\\\/wp\\\/wp-content\\\/uploads\\\/2024\\\/02\\\/toshiba-logo.png\",\"width\":263,\"height\":40,\"caption\":\"Toshiba Electronics Europe GmbH\"},\"image\":{\"@id\":\"https:\\\/\\\/www.toshiba-storage.com\\\/pl\\\/#\\\/schema\\\/logo\\\/image\\\/\"},\"sameAs\":[\"https:\\\/\\\/www.facebook.com\\\/ToshibaStorageEU\\\/\",\"https:\\\/\\\/www.linkedin.com\\\/company\\\/toshiba-electronics-europe-gmbh\\\/?originalSubdomain=de\",\"https:\\\/\\\/www.youtube.com\\\/user\\\/ToshibaElectronics1\"]}]}<\/script>\n<!-- \/ Yoast SEO Premium plugin. -->","yoast_head_json":{"title":"Informacje o dostawcach us\u0142ug odzyskiwania danych - EMEA","robots":{"index":"index","follow":"follow","max-snippet":"max-snippet:-1","max-image-preview":"max-image-preview:large","max-video-preview":"max-video-preview:-1"},"canonical":"https:\/\/www.toshiba-storage.com\/pl\/data_recovery_service_provider_info\/","og_locale":"pl_PL","og_type":"article","og_title":"Informacje o dostawcach us\u0142ug odzyskiwania danych","og_description":"\u00a0 Przejd\u017a do witryny internetowej jednego z poni\u017cszych dostawc\u00f3w us\u0142ug po zapoznaniu si\u0119 z poni\u017cszym zastrze\u017ceniem i jego zaakceptowaniu. \u00a0 Zastrze\u017cenie (a)\u00a0\u00a0\u00a0 Wyboru jednego z wymienionych poni\u017cej niezale\u017cnych i zewn\u0119trznych dostawc\u00f3w us\u0142ug (\u201eDostawca us\u0142ug\u201d) dokonujesz na w\u0142asne ryzyko. Nic nie stoi na przeszkodzie, aby wybra\u0107 innego dostawc\u0119 us\u0142ug odzyskiwania danych ni\u017c kt\u00f3regokolwiek z wymienionych ni\u017cej. &hellip;","og_url":"https:\/\/www.toshiba-storage.com\/pl\/data_recovery_service_provider_info\/","og_site_name":"EMEA","article_publisher":"https:\/\/www.facebook.com\/ToshibaStorageEU\/","article_modified_time":"2021-03-04T10:49:46+00:00","og_image":[{"url":"https:\/\/www.wwwtoshibastoragecom.psl.dev\/wp-content\/uploads\/2020\/06\/20200630_Toshiba_Storage_Data_Recovery_Icon.gif","type":"","width":"","height":""}],"twitter_card":"summary_large_image","twitter_misc":{"Est. reading time":"2 minutes"},"schema":{"@context":"https:\/\/schema.org","@graph":[{"@type":"WebPage","@id":"https:\/\/www.toshiba-storage.com\/pl\/data_recovery_service_provider_info\/","url":"https:\/\/www.toshiba-storage.com\/pl\/data_recovery_service_provider_info\/","name":"Informacje o dostawcach us\u0142ug odzyskiwania danych - EMEA","isPartOf":{"@id":"https:\/\/www.toshiba-storage.com\/pl\/#website"},"primaryImageOfPage":{"@id":"https:\/\/www.toshiba-storage.com\/pl\/data_recovery_service_provider_info\/#primaryimage"},"image":{"@id":"https:\/\/www.toshiba-storage.com\/pl\/data_recovery_service_provider_info\/#primaryimage"},"thumbnailUrl":"https:\/\/www.toshiba-storage.com\/wp-content\/uploads\/2020\/06\/20200630_Toshiba_Storage_Data_Recovery_Icon.gif","datePublished":"2020-07-02T10:10:12+00:00","dateModified":"2021-03-04T10:49:46+00:00","inLanguage":"pl-PL","potentialAction":[{"@type":"ReadAction","target":["https:\/\/www.toshiba-storage.com\/pl\/data_recovery_service_provider_info\/"]}]},{"@type":"ImageObject","inLanguage":"pl-PL","@id":"https:\/\/www.toshiba-storage.com\/pl\/data_recovery_service_provider_info\/#primaryimage","url":"https:\/\/www.toshiba-storage.com\/wp-content\/uploads\/2020\/06\/20200630_Toshiba_Storage_Data_Recovery_Icon.gif","contentUrl":"https:\/\/www.toshiba-storage.com\/wp-content\/uploads\/2020\/06\/20200630_Toshiba_Storage_Data_Recovery_Icon.gif"},{"@type":"WebSite","@id":"https:\/\/www.toshiba-storage.com\/pl\/#website","url":"https:\/\/www.toshiba-storage.com\/pl\/","name":"Toshiba Storage Solutions \u2013 EMEA Region","description":"Toshiba in Europe and Middle East Asia provides reliable and innovative storage solutions and internal and external HDDs \u2013for Laptops, PC, NAS, Surveillance and Enterprise.","publisher":{"@id":"https:\/\/www.toshiba-storage.com\/pl\/#organization"},"potentialAction":[{"@type":"SearchAction","target":{"@type":"EntryPoint","urlTemplate":"https:\/\/www.toshiba-storage.com\/pl\/?s={search_term_string}"},"query-input":{"@type":"PropertyValueSpecification","valueRequired":true,"valueName":"search_term_string"}}],"inLanguage":"pl-PL"},{"@type":"Organization","@id":"https:\/\/www.toshiba-storage.com\/pl\/#organization","name":"Toshiba Electronics Europe GmbH","url":"https:\/\/www.toshiba-storage.com\/pl\/","logo":{"@type":"ImageObject","inLanguage":"pl-PL","@id":"https:\/\/www.toshiba-storage.com\/pl\/#\/schema\/logo\/image\/","url":"https:\/\/www.toshiba-storage.com\/wp\/wp-content\/uploads\/2024\/02\/toshiba-logo.png","contentUrl":"https:\/\/www.toshiba-storage.com\/wp\/wp-content\/uploads\/2024\/02\/toshiba-logo.png","width":263,"height":40,"caption":"Toshiba Electronics Europe GmbH"},"image":{"@id":"https:\/\/www.toshiba-storage.com\/pl\/#\/schema\/logo\/image\/"},"sameAs":["https:\/\/www.facebook.com\/ToshibaStorageEU\/","https:\/\/www.linkedin.com\/company\/toshiba-electronics-europe-gmbh\/?originalSubdomain=de","https:\/\/www.youtube.com\/user\/ToshibaElectronics1"]}]}},"_links":{"self":[{"href":"https:\/\/www.toshiba-storage.com\/pl\/wp-json\/wp\/v2\/pages\/41292","targetHints":{"allow":["GET"]}}],"collection":[{"href":"https:\/\/www.toshiba-storage.com\/pl\/wp-json\/wp\/v2\/pages"}],"about":[{"href":"https:\/\/www.toshiba-storage.com\/pl\/wp-json\/wp\/v2\/types\/page"}],"author":[{"embeddable":true,"href":"https:\/\/www.toshiba-storage.com\/pl\/wp-json\/wp\/v2\/users\/30"}],"replies":[{"embeddable":true,"href":"https:\/\/www.toshiba-storage.com\/pl\/wp-json\/wp\/v2\/comments?post=41292"}],"version-history":[{"count":0,"href":"https:\/\/www.toshiba-storage.com\/pl\/wp-json\/wp\/v2\/pages\/41292\/revisions"}],"wp:attachment":[{"href":"https:\/\/www.toshiba-storage.com\/pl\/wp-json\/wp\/v2\/media?parent=41292"}],"curies":[{"name":"wp","href":"https:\/\/api.w.org\/{rel}","templated":true}]}}