{"id":41218,"date":"2020-07-07T14:07:12","date_gmt":"2020-07-07T12:07:12","guid":{"rendered":"https:\/\/toshibastoragecom-preview.preview.pslsrv.com\/drivesavers\/"},"modified":"2020-10-12T15:01:48","modified_gmt":"2020-10-12T13:01:48","slug":"drivesavers","status":"publish","type":"page","link":"https:\/\/www.toshiba-storage.com\/pl\/drivesavers\/","title":{"rendered":"Drivesavers"},"content":{"rendered":"<div id=\"main\">\n<div id=\"mainInner\">\n<div id=\"cont\">\n<section class=\"service\">\n<div class=\"jumpBlock\">\n<p style=\"font-size: 20px; text-align: center;\">Nast\u0105pi przekierowanie do zewn\u0119trznej witryny internetowej. Aby przej\u015b\u0107 dalej, kliknij \u201eKontynuuj\u201d.\u200b<\/p>\n<p style=\"font-size: 24px; text-align: center; color: red;\"><a style=\"font-size: 24px; text-align: center; color: red;\" href=\"https:\/\/drivesaversdatarecovery.com\/welcome\/toshiba-partner-portal-english\/\"><strong>Kontynuuj<\/strong><\/a><\/p>\n<div>\n<p style=\"text-align: center;\">Nast\u0105pi przekierowanie z witryny internetowej firmy Toshiba Electronics Europe GmbH do witryny internetowej firmy Drivesavers.<\/p>\n<p style=\"text-align: center;\">Firma Toshiba Electronics Europe GmbH i jej sp\u00f3\u0142ki zale\u017cne nie ponosz\u0105 \u017cadnej odpowiedzialno\u015bci za zawarto\u015b\u0107 udost\u0119pnian\u0105 za tym punktem.<\/p>\n<\/div>\n<\/div>\n<\/section>\n<\/div>\n<p><!-- \/#cont --><\/p>\n<\/div>\n<p><!-- \/#mainInner --><\/p>\n<\/div>\n<p><!-- \/#main --><\/p>\n","protected":false},"excerpt":{"rendered":"<p>Nast\u0105pi przekierowanie do zewn\u0119trznej witryny internetowej. Aby przej\u015b\u0107 dalej, kliknij \u201eKontynuuj\u201d.\u200b Kontynuuj Nast\u0105pi przekierowanie z witryny internetowej firmy Toshiba Electronics Europe GmbH do witryny internetowej firmy Drivesavers. Firma Toshiba Electronics Europe GmbH i jej sp\u00f3\u0142ki zale\u017cne nie ponosz\u0105 \u017cadnej odpowiedzialno\u015bci za zawarto\u015b\u0107 udost\u0119pnian\u0105 za tym punktem.<\/p>\n","protected":false},"author":30,"featured_media":0,"parent":0,"menu_order":0,"comment_status":"closed","ping_status":"closed","template":"page-legal.php","meta":{"_acf_changed":false,"footnotes":""},"class_list":["post-41218","page","type-page","status-publish","hentry"],"acf":[],"yoast_head":"<!-- This site is optimized with the Yoast SEO Premium plugin v27.2 (Yoast SEO v27.2) - https:\/\/yoast.com\/product\/yoast-seo-premium-wordpress\/ -->\n<title>Drivesavers - EMEA<\/title>\n<meta name=\"robots\" content=\"index, follow, max-snippet:-1, max-image-preview:large, max-video-preview:-1\" \/>\n<link rel=\"canonical\" href=\"https:\/\/www.toshiba-storage.com\/pl\/drivesavers\/\" \/>\n<meta property=\"og:locale\" content=\"pl_PL\" \/>\n<meta property=\"og:type\" content=\"article\" \/>\n<meta property=\"og:title\" content=\"Drivesavers\" \/>\n<meta property=\"og:description\" content=\"Nast\u0105pi przekierowanie do zewn\u0119trznej witryny internetowej. Aby przej\u015b\u0107 dalej, kliknij \u201eKontynuuj\u201d.\u200b Kontynuuj Nast\u0105pi przekierowanie z witryny internetowej firmy Toshiba Electronics Europe GmbH do witryny internetowej firmy Drivesavers. Firma Toshiba Electronics Europe GmbH i jej sp\u00f3\u0142ki zale\u017cne nie ponosz\u0105 \u017cadnej odpowiedzialno\u015bci za zawarto\u015b\u0107 udost\u0119pnian\u0105 za tym punktem.\" \/>\n<meta property=\"og:url\" content=\"https:\/\/www.toshiba-storage.com\/pl\/drivesavers\/\" \/>\n<meta property=\"og:site_name\" content=\"EMEA\" \/>\n<meta property=\"article:publisher\" content=\"https:\/\/www.facebook.com\/ToshibaStorageEU\/\" \/>\n<meta property=\"article:modified_time\" content=\"2020-10-12T13:01:48+00:00\" \/>\n<meta name=\"twitter:card\" content=\"summary_large_image\" \/>\n<script type=\"application\/ld+json\" class=\"yoast-schema-graph\">{\"@context\":\"https:\/\/schema.org\",\"@graph\":[{\"@type\":\"WebPage\",\"@id\":\"https:\/\/www.toshiba-storage.com\/pl\/drivesavers\/\",\"url\":\"https:\/\/www.toshiba-storage.com\/pl\/drivesavers\/\",\"name\":\"Drivesavers - EMEA\",\"isPartOf\":{\"@id\":\"https:\/\/www.toshiba-storage.com\/pl\/#website\"},\"datePublished\":\"2020-07-07T12:07:12+00:00\",\"dateModified\":\"2020-10-12T13:01:48+00:00\",\"inLanguage\":\"pl-PL\",\"potentialAction\":[{\"@type\":\"ReadAction\",\"target\":[\"https:\/\/www.toshiba-storage.com\/pl\/drivesavers\/\"]}]},{\"@type\":\"WebSite\",\"@id\":\"https:\/\/www.toshiba-storage.com\/pl\/#website\",\"url\":\"https:\/\/www.toshiba-storage.com\/pl\/\",\"name\":\"Toshiba Storage Solutions \u2013 EMEA Region\",\"description\":\"Toshiba in Europe and Middle East Asia provides reliable and innovative storage solutions and internal and external HDDs \u2013for Laptops, PC, NAS, Surveillance and Enterprise.\",\"publisher\":{\"@id\":\"https:\/\/www.toshiba-storage.com\/pl\/#organization\"},\"potentialAction\":[{\"@type\":\"SearchAction\",\"target\":{\"@type\":\"EntryPoint\",\"urlTemplate\":\"https:\/\/www.toshiba-storage.com\/pl\/?s={search_term_string}\"},\"query-input\":{\"@type\":\"PropertyValueSpecification\",\"valueRequired\":true,\"valueName\":\"search_term_string\"}}],\"inLanguage\":\"pl-PL\"},{\"@type\":\"Organization\",\"@id\":\"https:\/\/www.toshiba-storage.com\/pl\/#organization\",\"name\":\"Toshiba Electronics Europe GmbH\",\"url\":\"https:\/\/www.toshiba-storage.com\/pl\/\",\"logo\":{\"@type\":\"ImageObject\",\"inLanguage\":\"pl-PL\",\"@id\":\"https:\/\/www.toshiba-storage.com\/pl\/#\/schema\/logo\/image\/\",\"url\":\"https:\/\/www.toshiba-storage.com\/wp\/wp-content\/uploads\/2024\/02\/toshiba-logo.png\",\"contentUrl\":\"https:\/\/www.toshiba-storage.com\/wp\/wp-content\/uploads\/2024\/02\/toshiba-logo.png\",\"width\":263,\"height\":40,\"caption\":\"Toshiba Electronics Europe GmbH\"},\"image\":{\"@id\":\"https:\/\/www.toshiba-storage.com\/pl\/#\/schema\/logo\/image\/\"},\"sameAs\":[\"https:\/\/www.facebook.com\/ToshibaStorageEU\/\",\"https:\/\/www.linkedin.com\/company\/toshiba-electronics-europe-gmbh\/?originalSubdomain=de\",\"https:\/\/www.youtube.com\/user\/ToshibaElectronics1\"]}]}<\/script>\n<!-- \/ Yoast SEO Premium plugin. -->","yoast_head_json":{"title":"Drivesavers - EMEA","robots":{"index":"index","follow":"follow","max-snippet":"max-snippet:-1","max-image-preview":"max-image-preview:large","max-video-preview":"max-video-preview:-1"},"canonical":"https:\/\/www.toshiba-storage.com\/pl\/drivesavers\/","og_locale":"pl_PL","og_type":"article","og_title":"Drivesavers","og_description":"Nast\u0105pi przekierowanie do zewn\u0119trznej witryny internetowej. Aby przej\u015b\u0107 dalej, kliknij \u201eKontynuuj\u201d.\u200b Kontynuuj Nast\u0105pi przekierowanie z witryny internetowej firmy Toshiba Electronics Europe GmbH do witryny internetowej firmy Drivesavers. Firma Toshiba Electronics Europe GmbH i jej sp\u00f3\u0142ki zale\u017cne nie ponosz\u0105 \u017cadnej odpowiedzialno\u015bci za zawarto\u015b\u0107 udost\u0119pnian\u0105 za tym punktem.","og_url":"https:\/\/www.toshiba-storage.com\/pl\/drivesavers\/","og_site_name":"EMEA","article_publisher":"https:\/\/www.facebook.com\/ToshibaStorageEU\/","article_modified_time":"2020-10-12T13:01:48+00:00","twitter_card":"summary_large_image","schema":{"@context":"https:\/\/schema.org","@graph":[{"@type":"WebPage","@id":"https:\/\/www.toshiba-storage.com\/pl\/drivesavers\/","url":"https:\/\/www.toshiba-storage.com\/pl\/drivesavers\/","name":"Drivesavers - EMEA","isPartOf":{"@id":"https:\/\/www.toshiba-storage.com\/pl\/#website"},"datePublished":"2020-07-07T12:07:12+00:00","dateModified":"2020-10-12T13:01:48+00:00","inLanguage":"pl-PL","potentialAction":[{"@type":"ReadAction","target":["https:\/\/www.toshiba-storage.com\/pl\/drivesavers\/"]}]},{"@type":"WebSite","@id":"https:\/\/www.toshiba-storage.com\/pl\/#website","url":"https:\/\/www.toshiba-storage.com\/pl\/","name":"Toshiba Storage Solutions \u2013 EMEA Region","description":"Toshiba in Europe and Middle East Asia provides reliable and innovative storage solutions and internal and external HDDs \u2013for Laptops, PC, NAS, Surveillance and Enterprise.","publisher":{"@id":"https:\/\/www.toshiba-storage.com\/pl\/#organization"},"potentialAction":[{"@type":"SearchAction","target":{"@type":"EntryPoint","urlTemplate":"https:\/\/www.toshiba-storage.com\/pl\/?s={search_term_string}"},"query-input":{"@type":"PropertyValueSpecification","valueRequired":true,"valueName":"search_term_string"}}],"inLanguage":"pl-PL"},{"@type":"Organization","@id":"https:\/\/www.toshiba-storage.com\/pl\/#organization","name":"Toshiba Electronics Europe GmbH","url":"https:\/\/www.toshiba-storage.com\/pl\/","logo":{"@type":"ImageObject","inLanguage":"pl-PL","@id":"https:\/\/www.toshiba-storage.com\/pl\/#\/schema\/logo\/image\/","url":"https:\/\/www.toshiba-storage.com\/wp\/wp-content\/uploads\/2024\/02\/toshiba-logo.png","contentUrl":"https:\/\/www.toshiba-storage.com\/wp\/wp-content\/uploads\/2024\/02\/toshiba-logo.png","width":263,"height":40,"caption":"Toshiba Electronics Europe GmbH"},"image":{"@id":"https:\/\/www.toshiba-storage.com\/pl\/#\/schema\/logo\/image\/"},"sameAs":["https:\/\/www.facebook.com\/ToshibaStorageEU\/","https:\/\/www.linkedin.com\/company\/toshiba-electronics-europe-gmbh\/?originalSubdomain=de","https:\/\/www.youtube.com\/user\/ToshibaElectronics1"]}]}},"_links":{"self":[{"href":"https:\/\/www.toshiba-storage.com\/pl\/wp-json\/wp\/v2\/pages\/41218","targetHints":{"allow":["GET"]}}],"collection":[{"href":"https:\/\/www.toshiba-storage.com\/pl\/wp-json\/wp\/v2\/pages"}],"about":[{"href":"https:\/\/www.toshiba-storage.com\/pl\/wp-json\/wp\/v2\/types\/page"}],"author":[{"embeddable":true,"href":"https:\/\/www.toshiba-storage.com\/pl\/wp-json\/wp\/v2\/users\/30"}],"replies":[{"embeddable":true,"href":"https:\/\/www.toshiba-storage.com\/pl\/wp-json\/wp\/v2\/comments?post=41218"}],"version-history":[{"count":0,"href":"https:\/\/www.toshiba-storage.com\/pl\/wp-json\/wp\/v2\/pages\/41218\/revisions"}],"wp:attachment":[{"href":"https:\/\/www.toshiba-storage.com\/pl\/wp-json\/wp\/v2\/media?parent=41218"}],"curies":[{"name":"wp","href":"https:\/\/api.w.org\/{rel}","templated":true}]}}