{"id":11900,"date":"2017-10-26T13:31:54","date_gmt":"2017-10-26T11:31:54","guid":{"rendered":"https:\/\/toshibaelectronicseuropegmbh.preview.pslsrv.com\/zastrzezenie-dotyczace-produktu\/"},"modified":"2025-03-17T15:24:45","modified_gmt":"2025-03-17T14:24:45","slug":"product-disclaimer","status":"publish","type":"page","link":"https:\/\/www.toshiba-storage.com\/pl\/product-disclaimer\/","title":{"rendered":"Zastrze\u017cenie dotycz\u0105ce produktu"},"content":{"rendered":"<div class=\"wpb-content-wrapper\"><p>[vc_row][vc_column width=&#8221;1\/2&#8243;][vc_column_text css=&#8221;&#8221;]<\/p>\n<h2>Og\u00f3lne zrzeczenie odpowiedzialno\u015bci<\/h2>\n<p>1. Specyfikacje produkt\u00f3w<br \/>\nSpecyfikacje wszystkich wymienionych produkt\u00f3w s\u0105 uzale\u017cnione od modelu, konfiguracji i regionu.<\/p>\n<p>2. Gwarancja<br \/>\nFirma Toshiba nie udziela \u017cadnych dodatkowych gwarancji wykraczaj\u0105cych poza te zawarte w opisie okre\u015blonego produktu lub wymagane przez prawo.<\/p>\n<p>3. Pojemno\u015b\u0107<br \/>\nW zapisie wykorzystuj\u0105cym pot\u0119gi liczby dziesi\u0119\u0107 jeden gigabajt (GB) oznacza 10 9 = 1 000 000 000 bajt\u00f3w, natomiast jeden terabajt (TB) oznacza 10 12 = 1 000 000 000 000 bajt\u00f3w. System operacyjny komputera podaje jednak pojemno\u015b\u0107 przechowywania przy u\u017cyciu definicji 1 GB opartej na pot\u0119gach liczby 2, czyli 1 GB = 2 30 = 1 073 741 824 bajt\u00f3w, natomiast 1 TB = 2 40 = 1 099 511 627 776 bajt\u00f3w, co powoduje wy\u015bwietlanie mniejszej pojemno\u015bci przechowywania. Dost\u0119pna pojemno\u015b\u0107 (oraz przyk\u0142adowe informacje o liczbie plik\u00f3w, kt\u00f3re mo\u017cna zapisa\u0107 na dysku) mo\u017ce si\u0119 r\u00f3\u017cni\u0107 w zale\u017cno\u015bci od rozmiaru plik\u00f3w, sposobu formatowania dysku, ustawie\u0144, systemu operacyjnego, oprogramowania oraz innych czynnik\u00f3w.<\/p>\n<p>4. Szybko\u015b\u0107 odczytu i zapisu<br \/>\nSzybko\u015b\u0107 odczytu i zapisu mo\u017ce si\u0119 r\u00f3\u017cni\u0107 w zale\u017cno\u015bci od urz\u0105dzenia hosta, warunk\u00f3w odczytu i zapisu oraz rozmiaru pliku.<\/p>\n<p>5. Masa<br \/>\nMasa mo\u017ce si\u0119 r\u00f3\u017cni\u0107 w zale\u017cno\u015bci od konfiguracji, sk\u0142adnik\u00f3w dostawcy, r\u00f3\u017cnic produkcyjnych i wybranych opcji.<\/p>\n<p>6. Modu\u0142 bezprzewodowej sieci LAN (802.11b\/g\/n)<br \/>\nSzybko\u015b\u0107 transmisji przez bezprzewodow\u0105 sie\u0107 LAN oraz zasi\u0119g sieci LAN mog\u0105 r\u00f3\u017cni\u0107 si\u0119 w zale\u017cno\u015bci od otaczaj\u0105cego \u015brodowiska elektromagnetycznego, przeszk\u00f3d, konfiguracji punktu dost\u0119pu, sposobu dzia\u0142ania punktu dost\u0119pu, miejsca u\u017cytkowania przez u\u017cytkownika i konfiguracji sprz\u0119tu\/oprogramowania. Rzeczywista szybko\u015b\u0107 transmisji b\u0119dzie ni\u017csza ni\u017c teoretyczna szybko\u015b\u0107 maksymalna.<\/p>\n<p>7. Mo\u017cliwo\u015b\u0107 zmiany<br \/>\nWprawdzie w momencie publikacji firma Toshiba do\u0142o\u017cy\u0142a wszelkich stara\u0144, aby zamieszczone tu informacje by\u0142y dok\u0142adne, jednak specyfikacje produktu, informacje o konfiguracji i cenach oraz o dost\u0119pno\u015bci system\u00f3w\/sk\u0142adnik\u00f3w\/opcji mog\u0105 ulec zmianie bez powiadomienia.\u00a0 Specyfikacje konstrukcyjne i kolory produktu mog\u0105 ulec zmianie bez powiadomienia i mog\u0105 si\u0119 r\u00f3\u017cni\u0107 od pokazanych. Z zastrze\u017ceniem b\u0142\u0119d\u00f3w i opuszcze\u0144.<\/p>\n<p>8. Obrazy<br \/>\nObrazy wy\u015bwietlane w witrynach internetowych maj\u0105 wy\u0142\u0105cznie charakter pogl\u0105dowy. Te obrazy maj\u0105 pom\u00f3c w wyja\u015bnieniu sposobu dzia\u0142ania funkcji i nie przedstawiaj\u0105 rzeczywistych r\u00f3\u017cnic wzgl\u0119dnych.[\/vc_column_text][\/vc_column][vc_column width=&#8221;1\/2&#8243;][vc_column_text css=&#8221;&#8221;]<\/p>\n<h2>Noty prawne i zrzeczenia odpowiedzialno\u015bci dotycz\u0105ce okre\u015blonych modeli<\/h2>\n<p>1. Windows jest zastrze\u017conym znakiem towarowym lub znakiem towarowym firmy Microsoft Corporation w USA i\/lub w innych krajach.<br \/>\n2. Mac, OS X i Time Machine s\u0105 znakami towarowymi firmy Apple Inc. zastrze\u017conymi w USA i w innych krajach.<br \/>\n3. Android TM jest znakiem towarowym firmy Google Inc.<br \/>\n4. USB Type-C TM jest znakiem towarowym firmy USB Implementers Forum i s\u0105 przeznaczone wy\u0142\u0105cznie do u\u017cytku z produktami opartymi na i zgodnymi ze specyfikacj\u0105 kabla i z\u0142\u0105cza USB Type-C\u00ae.<\/p>\n<p>Canvio for Smartphone<br \/>\n5. Automatyczne \u0142adowanie i tworzenie kopii zapasowych jest mo\u017cliwe, gdy smartfon z systemem Android jest w\u0142\u0105czony, ma wystarczaj\u0105cy poziom na\u0142adowania akumulatora i zainstalowan\u0105 odpowiedni\u0105 aplikacj\u0119.<br \/>\n6. Wykonanie kopii zapasowej mo\u017ce okaza\u0107 si\u0119 niemo\u017cliwe przy niskim poziomie na\u0142adowania akumulatora smartfona.<\/p>\n<p>E300, P300, N300, X300<br \/>\n7. W kwestii \u201eobs\u0142ugiwanych kieszeni na dyski\u201d nale\u017cy skontaktowa\u0107 si\u0119 z odpowiednim dostawc\u0105 rozwi\u0105za\u0144, poniewa\u017c zgodno\u015b\u0107 z urz\u0105dzeniem hosta r\u00f3\u017cni si\u0119 w zale\u017cno\u015bci od systemu.<\/p>\n<p>8. Po\u0142o\u017cenie dolnego otworu monta\u017cowego mo\u017ce r\u00f3\u017cni\u0107 si\u0119 w zale\u017cno\u015bci od produktu. Wi\u0119cej informacji zawiera poni\u017csza witryna internetowa: https:\/\/toshiba.semicon-storage.com\/pl\/design-support\/faq\/storage- holes.html<\/p>\n<p>9. Canvio Gaming<br \/>\nLiczb\u0119 przechowywanych gier oszacowano przy za\u0142o\u017ceniu, \u017ce \u015bredni rozmiar gry obecnej generacji wynosi 36\u00a0GB. Rzeczywista liczba gier mieszcz\u0105cych si\u0119 w\u00a0pami\u0119ci masowej mo\u017ce by\u0107 inna\u00a0\u2014 w\u00a0zale\u017cno\u015bci od rozmiaru plik\u00f3w, formatowania, oprogramowania konsoli i\u00a0innych program\u00f3w oraz innych czynnik\u00f3w. Ponadto w\u00a0celu weryfikacji praw w\u0142asno\u015bci do kupionych i\u00a0za\u0142adowanych z\u00a0dysku gier mo\u017ce by\u0107 wymagane u\u017cycie oryginalnych dysk\u00f3w. Mo\u017ce te\u017c by\u0107 wymagane po\u0142\u0105czenie z\u00a0Internetem i\u00a0oryginalne konto w\u0142a\u015bciciela gry.[\/vc_column_text][\/vc_column][\/vc_row]<\/p>\n<\/div>","protected":false},"excerpt":{"rendered":"<p>[vc_row][vc_column width=&#8221;1\/2&#8243;][vc_column_text css=&#8221;&#8221;] Og\u00f3lne zrzeczenie odpowiedzialno\u015bci 1. Specyfikacje produkt\u00f3w Specyfikacje wszystkich wymienionych produkt\u00f3w s\u0105 uzale\u017cnione od modelu, konfiguracji i regionu. 2. Gwarancja Firma Toshiba nie udziela \u017cadnych dodatkowych gwarancji wykraczaj\u0105cych poza te zawarte w opisie okre\u015blonego produktu lub wymagane przez prawo. 3. Pojemno\u015b\u0107 W zapisie wykorzystuj\u0105cym pot\u0119gi liczby dziesi\u0119\u0107 jeden gigabajt (GB) oznacza 10 9 &hellip;<\/p>\n","protected":false},"author":43,"featured_media":0,"parent":0,"menu_order":0,"comment_status":"closed","ping_status":"closed","template":"page-legal.php","meta":{"_acf_changed":false,"footnotes":""},"class_list":["post-11900","page","type-page","status-publish","hentry"],"acf":[],"yoast_head":"<!-- This site is optimized with the Yoast SEO Premium plugin v27.4 (Yoast SEO v27.4) - https:\/\/yoast.com\/product\/yoast-seo-premium-wordpress\/ -->\n<title>Zastrze\u017cenie dotycz\u0105ce produktu - EMEA<\/title>\n<meta name=\"robots\" content=\"index, follow, max-snippet:-1, max-image-preview:large, max-video-preview:-1\" \/>\n<link rel=\"canonical\" href=\"https:\/\/www.toshiba-storage.com\/pl\/product-disclaimer\/\" \/>\n<meta property=\"og:locale\" content=\"pl_PL\" \/>\n<meta property=\"og:type\" content=\"article\" \/>\n<meta property=\"og:title\" content=\"Zastrze\u017cenie dotycz\u0105ce produktu\" \/>\n<meta property=\"og:description\" content=\"[vc_row][vc_column width=&#8221;1\/2&#8243;][vc_column_text css=&#8221;&#8221;] Og\u00f3lne zrzeczenie odpowiedzialno\u015bci 1. Specyfikacje produkt\u00f3w Specyfikacje wszystkich wymienionych produkt\u00f3w s\u0105 uzale\u017cnione od modelu, konfiguracji i regionu. 2. Gwarancja Firma Toshiba nie udziela \u017cadnych dodatkowych gwarancji wykraczaj\u0105cych poza te zawarte w opisie okre\u015blonego produktu lub wymagane przez prawo. 3. Pojemno\u015b\u0107 W zapisie wykorzystuj\u0105cym pot\u0119gi liczby dziesi\u0119\u0107 jeden gigabajt (GB) oznacza 10 9 &hellip;\" \/>\n<meta property=\"og:url\" content=\"https:\/\/www.toshiba-storage.com\/pl\/product-disclaimer\/\" \/>\n<meta property=\"og:site_name\" content=\"EMEA\" \/>\n<meta property=\"article:publisher\" content=\"https:\/\/www.facebook.com\/ToshibaStorageEU\/\" \/>\n<meta property=\"article:modified_time\" content=\"2025-03-17T14:24:45+00:00\" \/>\n<meta name=\"twitter:card\" content=\"summary_large_image\" \/>\n<meta name=\"twitter:label1\" content=\"Est. reading time\" \/>\n\t<meta name=\"twitter:data1\" content=\"3 minutes\" \/>\n<script type=\"application\/ld+json\" class=\"yoast-schema-graph\">{\"@context\":\"https:\\\/\\\/schema.org\",\"@graph\":[{\"@type\":\"WebPage\",\"@id\":\"https:\\\/\\\/www.toshiba-storage.com\\\/pl\\\/product-disclaimer\\\/\",\"url\":\"https:\\\/\\\/www.toshiba-storage.com\\\/pl\\\/product-disclaimer\\\/\",\"name\":\"Zastrze\u017cenie dotycz\u0105ce produktu - EMEA\",\"isPartOf\":{\"@id\":\"https:\\\/\\\/www.toshiba-storage.com\\\/pl\\\/#website\"},\"datePublished\":\"2017-10-26T11:31:54+00:00\",\"dateModified\":\"2025-03-17T14:24:45+00:00\",\"inLanguage\":\"pl-PL\",\"potentialAction\":[{\"@type\":\"ReadAction\",\"target\":[\"https:\\\/\\\/www.toshiba-storage.com\\\/pl\\\/product-disclaimer\\\/\"]}]},{\"@type\":\"WebSite\",\"@id\":\"https:\\\/\\\/www.toshiba-storage.com\\\/pl\\\/#website\",\"url\":\"https:\\\/\\\/www.toshiba-storage.com\\\/pl\\\/\",\"name\":\"Toshiba Storage Solutions \u2013 EMEA Region\",\"description\":\"Toshiba in Europe and Middle East Asia provides reliable and innovative storage solutions and internal and external HDDs \u2013for Laptops, PC, NAS, Surveillance and Enterprise.\",\"publisher\":{\"@id\":\"https:\\\/\\\/www.toshiba-storage.com\\\/pl\\\/#organization\"},\"potentialAction\":[{\"@type\":\"SearchAction\",\"target\":{\"@type\":\"EntryPoint\",\"urlTemplate\":\"https:\\\/\\\/www.toshiba-storage.com\\\/pl\\\/?s={search_term_string}\"},\"query-input\":{\"@type\":\"PropertyValueSpecification\",\"valueRequired\":true,\"valueName\":\"search_term_string\"}}],\"inLanguage\":\"pl-PL\"},{\"@type\":\"Organization\",\"@id\":\"https:\\\/\\\/www.toshiba-storage.com\\\/pl\\\/#organization\",\"name\":\"Toshiba Electronics Europe GmbH\",\"url\":\"https:\\\/\\\/www.toshiba-storage.com\\\/pl\\\/\",\"logo\":{\"@type\":\"ImageObject\",\"inLanguage\":\"pl-PL\",\"@id\":\"https:\\\/\\\/www.toshiba-storage.com\\\/pl\\\/#\\\/schema\\\/logo\\\/image\\\/\",\"url\":\"https:\\\/\\\/www.toshiba-storage.com\\\/wp\\\/wp-content\\\/uploads\\\/2024\\\/02\\\/toshiba-logo.png\",\"contentUrl\":\"https:\\\/\\\/www.toshiba-storage.com\\\/wp\\\/wp-content\\\/uploads\\\/2024\\\/02\\\/toshiba-logo.png\",\"width\":263,\"height\":40,\"caption\":\"Toshiba Electronics Europe GmbH\"},\"image\":{\"@id\":\"https:\\\/\\\/www.toshiba-storage.com\\\/pl\\\/#\\\/schema\\\/logo\\\/image\\\/\"},\"sameAs\":[\"https:\\\/\\\/www.facebook.com\\\/ToshibaStorageEU\\\/\",\"https:\\\/\\\/www.linkedin.com\\\/company\\\/toshiba-electronics-europe-gmbh\\\/?originalSubdomain=de\",\"https:\\\/\\\/www.youtube.com\\\/user\\\/ToshibaElectronics1\"]}]}<\/script>\n<!-- \/ Yoast SEO Premium plugin. -->","yoast_head_json":{"title":"Zastrze\u017cenie dotycz\u0105ce produktu - EMEA","robots":{"index":"index","follow":"follow","max-snippet":"max-snippet:-1","max-image-preview":"max-image-preview:large","max-video-preview":"max-video-preview:-1"},"canonical":"https:\/\/www.toshiba-storage.com\/pl\/product-disclaimer\/","og_locale":"pl_PL","og_type":"article","og_title":"Zastrze\u017cenie dotycz\u0105ce produktu","og_description":"[vc_row][vc_column width=&#8221;1\/2&#8243;][vc_column_text css=&#8221;&#8221;] Og\u00f3lne zrzeczenie odpowiedzialno\u015bci 1. Specyfikacje produkt\u00f3w Specyfikacje wszystkich wymienionych produkt\u00f3w s\u0105 uzale\u017cnione od modelu, konfiguracji i regionu. 2. Gwarancja Firma Toshiba nie udziela \u017cadnych dodatkowych gwarancji wykraczaj\u0105cych poza te zawarte w opisie okre\u015blonego produktu lub wymagane przez prawo. 3. Pojemno\u015b\u0107 W zapisie wykorzystuj\u0105cym pot\u0119gi liczby dziesi\u0119\u0107 jeden gigabajt (GB) oznacza 10 9 &hellip;","og_url":"https:\/\/www.toshiba-storage.com\/pl\/product-disclaimer\/","og_site_name":"EMEA","article_publisher":"https:\/\/www.facebook.com\/ToshibaStorageEU\/","article_modified_time":"2025-03-17T14:24:45+00:00","twitter_card":"summary_large_image","twitter_misc":{"Est. reading time":"3 minutes"},"schema":{"@context":"https:\/\/schema.org","@graph":[{"@type":"WebPage","@id":"https:\/\/www.toshiba-storage.com\/pl\/product-disclaimer\/","url":"https:\/\/www.toshiba-storage.com\/pl\/product-disclaimer\/","name":"Zastrze\u017cenie dotycz\u0105ce produktu - EMEA","isPartOf":{"@id":"https:\/\/www.toshiba-storage.com\/pl\/#website"},"datePublished":"2017-10-26T11:31:54+00:00","dateModified":"2025-03-17T14:24:45+00:00","inLanguage":"pl-PL","potentialAction":[{"@type":"ReadAction","target":["https:\/\/www.toshiba-storage.com\/pl\/product-disclaimer\/"]}]},{"@type":"WebSite","@id":"https:\/\/www.toshiba-storage.com\/pl\/#website","url":"https:\/\/www.toshiba-storage.com\/pl\/","name":"Toshiba Storage Solutions \u2013 EMEA Region","description":"Toshiba in Europe and Middle East Asia provides reliable and innovative storage solutions and internal and external HDDs \u2013for Laptops, PC, NAS, Surveillance and Enterprise.","publisher":{"@id":"https:\/\/www.toshiba-storage.com\/pl\/#organization"},"potentialAction":[{"@type":"SearchAction","target":{"@type":"EntryPoint","urlTemplate":"https:\/\/www.toshiba-storage.com\/pl\/?s={search_term_string}"},"query-input":{"@type":"PropertyValueSpecification","valueRequired":true,"valueName":"search_term_string"}}],"inLanguage":"pl-PL"},{"@type":"Organization","@id":"https:\/\/www.toshiba-storage.com\/pl\/#organization","name":"Toshiba Electronics Europe GmbH","url":"https:\/\/www.toshiba-storage.com\/pl\/","logo":{"@type":"ImageObject","inLanguage":"pl-PL","@id":"https:\/\/www.toshiba-storage.com\/pl\/#\/schema\/logo\/image\/","url":"https:\/\/www.toshiba-storage.com\/wp\/wp-content\/uploads\/2024\/02\/toshiba-logo.png","contentUrl":"https:\/\/www.toshiba-storage.com\/wp\/wp-content\/uploads\/2024\/02\/toshiba-logo.png","width":263,"height":40,"caption":"Toshiba Electronics Europe GmbH"},"image":{"@id":"https:\/\/www.toshiba-storage.com\/pl\/#\/schema\/logo\/image\/"},"sameAs":["https:\/\/www.facebook.com\/ToshibaStorageEU\/","https:\/\/www.linkedin.com\/company\/toshiba-electronics-europe-gmbh\/?originalSubdomain=de","https:\/\/www.youtube.com\/user\/ToshibaElectronics1"]}]}},"_links":{"self":[{"href":"https:\/\/www.toshiba-storage.com\/pl\/wp-json\/wp\/v2\/pages\/11900","targetHints":{"allow":["GET"]}}],"collection":[{"href":"https:\/\/www.toshiba-storage.com\/pl\/wp-json\/wp\/v2\/pages"}],"about":[{"href":"https:\/\/www.toshiba-storage.com\/pl\/wp-json\/wp\/v2\/types\/page"}],"author":[{"embeddable":true,"href":"https:\/\/www.toshiba-storage.com\/pl\/wp-json\/wp\/v2\/users\/43"}],"replies":[{"embeddable":true,"href":"https:\/\/www.toshiba-storage.com\/pl\/wp-json\/wp\/v2\/comments?post=11900"}],"version-history":[{"count":0,"href":"https:\/\/www.toshiba-storage.com\/pl\/wp-json\/wp\/v2\/pages\/11900\/revisions"}],"wp:attachment":[{"href":"https:\/\/www.toshiba-storage.com\/pl\/wp-json\/wp\/v2\/media?parent=11900"}],"curies":[{"name":"wp","href":"https:\/\/api.w.org\/{rel}","templated":true}]}}