{"id":10520,"date":"2017-10-15T14:29:34","date_gmt":"2017-10-15T12:29:34","guid":{"rendered":"https:\/\/toshibaelectronicseuropegmbh.preview.pslsrv.com\/kontakt\/"},"modified":"2025-12-03T08:51:51","modified_gmt":"2025-12-03T07:51:51","slug":"contact","status":"publish","type":"page","link":"https:\/\/www.toshiba-storage.com\/pl\/contact\/","title":{"rendered":"Kontakt"},"content":{"rendered":"<div class=\"wpb-content-wrapper\"><p>[vc_row][vc_column width=&#8221;1\/3&#8243;][vc_column_text]<strong>Krok 1:<\/strong><\/p>\n<p>Jakich informacji poszukujesz?[\/vc_column_text][\/vc_column][vc_column width=&#8221;1\/3&#8243;][vc_column_text]<strong>Krok 2:<\/strong><\/p>\n<p>Sprawd\u017a, czy mo\u017cesz znale\u017a\u0107 poszukiwane informacje na tej stronie, na przyk\u0142ad w sekcji cz\u0119sto zadawanych pyta\u0144, archiwum produkt\u00f3w, samouczk\u00f3w wideo itp.[\/vc_column_text][\/vc_column][vc_column width=&#8221;1\/3&#8243;][vc_column_text css=&#8221;&#8221;]<strong>Step 3:<\/strong><\/p>\n<p>W przypadku roszcze\u0144 gwarancyjnych nale\u017cy skorzysta\u0107 z poni\u017cszego \u0142\u0105cza. W przypadku pyta\u0144 og\u00f3lnych skontaktuj si\u0119 z naszym centrum serwisowym.<\/p>\n<p><a href=\"https:\/\/www.toshiba-storage.com\/warranty-claims\/\">Dowiedz si\u0119 wi\u0119cej o roszczeniach gwarancyjnych<\/a>[\/vc_column_text][\/vc_column][\/vc_row][vc_row][vc_column][vc_column_text]Je\u015bli potrzebujesz wi\u0119cej informacji, zadzwo\u0144 na nasz\u0105 bezp\u0142atn\u0105 lini\u0119 pomocy technicznej (obs\u0142uga tylko w\u00a0j\u0119zyku angielskim i\u00a0niemieckim).<\/p>\n<p><strong>00800-THOTLINE (84685463)<\/strong>[\/vc_column_text][\/vc_column][\/vc_row][vc_row css=&#8221;.vc_custom_1542152086144{padding-bottom: 0px !important;}&#8221;][vc_column][vc_column_text css=&#8221;.vc_custom_1543530962428{margin-bottom: 0px !important;border-bottom-width: 0px !important;padding-bottom: 0px !important;}&#8221;]<strong>Obs\u0142ugiwane kraje:<\/strong>[\/vc_column_text][vc_row_inner css=&#8221;.vc_custom_1542151967621{padding-bottom: 0px !important;}&#8221;][vc_column_inner width=&#8221;1\/3&#8243;]<p class=\"toshiba-country-list-item\" style=\"background-image: url(https:\/\/www.toshiba-storage.com\/wp\/wp-content\/themes\/toshiba\/assets\/images\/icon-at.png);\">Austria<\/p><p class=\"toshiba-country-list-item\" style=\"background-image: url(https:\/\/www.toshiba-storage.com\/wp\/wp-content\/themes\/toshiba\/assets\/images\/icon-be.png);\">Belgia<\/p><p class=\"toshiba-country-list-item\" style=\"background-image: url(https:\/\/www.toshiba-storage.com\/wp\/wp-content\/themes\/toshiba\/assets\/images\/icon-dk.png);\">Dania<\/p><p class=\"toshiba-country-list-item\" style=\"background-image: url(https:\/\/www.toshiba-storage.com\/wp\/wp-content\/themes\/toshiba\/assets\/images\/icon-fi.png);\">Finlandia<\/p><p class=\"toshiba-country-list-item\" style=\"background-image: url(https:\/\/www.toshiba-storage.com\/wp\/wp-content\/themes\/toshiba\/assets\/images\/icon-fr.png);\">Francja<\/p>[\/vc_column_inner][vc_column_inner width=&#8221;1\/3&#8243;]<p class=\"toshiba-country-list-item\" style=\"background-image: url(https:\/\/www.toshiba-storage.com\/wp\/wp-content\/themes\/toshiba\/assets\/images\/icon-de.png);\">Niemcy<\/p><p class=\"toshiba-country-list-item\" style=\"background-image: url(https:\/\/www.toshiba-storage.com\/wp\/wp-content\/themes\/toshiba\/assets\/images\/icon-ie.png);\">Irlandia<\/p><p class=\"toshiba-country-list-item\" style=\"background-image: url(https:\/\/www.toshiba-storage.com\/wp\/wp-content\/themes\/toshiba\/assets\/images\/icon-il.png);\">Izrael<\/p><p class=\"toshiba-country-list-item\" style=\"background-image: url(https:\/\/www.toshiba-storage.com\/wp\/wp-content\/themes\/toshiba\/assets\/images\/icon-it.png);\">W\u0142ochy<\/p><p class=\"toshiba-country-list-item\" style=\"background-image: url(https:\/\/www.toshiba-storage.com\/wp\/wp-content\/themes\/toshiba\/assets\/images\/icon-nl.png);\">Holandia<\/p>[\/vc_column_inner][vc_column_inner width=&#8221;1\/3&#8243;]<p class=\"toshiba-country-list-item\" style=\"background-image: url(https:\/\/www.toshiba-storage.com\/wp\/wp-content\/themes\/toshiba\/assets\/images\/icon-no.png);\">Norwegia<\/p><p class=\"toshiba-country-list-item\" style=\"background-image: url(https:\/\/www.toshiba-storage.com\/wp\/wp-content\/themes\/toshiba\/assets\/images\/icon-es.png);\">Hiszpania<\/p><p class=\"toshiba-country-list-item\" style=\"background-image: url(https:\/\/www.toshiba-storage.com\/wp\/wp-content\/themes\/toshiba\/assets\/images\/icon-se.png);\">Szwecja<\/p><p class=\"toshiba-country-list-item\" style=\"background-image: url(https:\/\/www.toshiba-storage.com\/wp\/wp-content\/themes\/toshiba\/assets\/images\/icon-ch.png);\">Szwajcaria<\/p><p class=\"toshiba-country-list-item\" style=\"background-image: url(https:\/\/www.toshiba-storage.com\/wp\/wp-content\/themes\/toshiba\/assets\/images\/icon-gb.png);\">Wielka Brytania<\/p>[\/vc_column_inner][\/vc_row_inner][vc_row_inner css=&#8221;.vc_custom_1542152023653{padding-bottom: 0px !important;}&#8221; el_class=&#8221;toshiba-note&#8221;][vc_column_inner width=&#8221;1\/3&#8243;][vc_column_text]Numer dla wszystkich innych kraj\u00f3w: +49 (0) 1805-834373 (po\u0142\u0105czenia p\u0142atne)*[\/vc_column_text][\/vc_column_inner][vc_column_inner width=&#8221;1\/3&#8243;][vc_column_text]*0,14 \u20ac\/min z sieci telefonii stacjonarnej Deutsche Telekom (w przypadku po\u0142\u0105cze\u0144 z sieci telefonii kom\u00f3rkowej op\u0142ata mo\u017ce by\u0107 inna)[\/vc_column_text][\/vc_column_inner][vc_column_inner width=&#8221;1\/3&#8243;][vc_column_text]Ta us\u0142uga jest obecnie dost\u0119pna od poniedzia\u0142ku do pi\u0105tku w godzinach od 9:00 do 18:00 czasu CET (od 8:00 do 17:00 czasu GMT).[\/vc_column_text][\/vc_column_inner][\/vc_row_inner][\/vc_column][\/vc_row][vc_row][vc_column]<div class=\"wpforms-container wpforms-container-full toshiba-contat-form\" id=\"wpforms-51803\"><form id=\"wpforms-form-51803\" class=\"wpforms-validate wpforms-form wpforms-ajax-form\" data-formid=\"51803\" method=\"post\" enctype=\"multipart\/form-data\" action=\"\/pl\/wp-json\/wp\/v2\/pages\/10520\" data-token=\"e81af4b495dcfd0735ccca206ab73e17\" data-token-time=\"1775960264\"><noscript class=\"wpforms-error-noscript\">Please enable JavaScript in your browser to complete this form.<\/noscript><div class=\"wpforms-field-container\"><div id=\"wpforms-51803-field_0-container\" class=\"wpforms-field wpforms-field-name\" data-field-id=\"0\"><label class=\"wpforms-field-label\" for=\"wpforms-51803-field_0\">Imi\u0119* <span class=\"wpforms-required-label\">*<\/span><\/label><input type=\"text\" id=\"wpforms-51803-field_0\" class=\"wpforms-field-large wpforms-field-required\" name=\"wpforms[fields][0]\" required><\/div><div id=\"wpforms-51803-field_12-container\" class=\"wpforms-field wpforms-field-name\" data-field-id=\"12\"><label class=\"wpforms-field-label\" for=\"wpforms-51803-field_12\">Nazwisko <span class=\"wpforms-required-label\">*<\/span><\/label><input type=\"text\" id=\"wpforms-51803-field_12\" class=\"wpforms-field-large wpforms-field-required\" name=\"wpforms[fields][12]\" required><\/div><div id=\"wpforms-51803-field_1-container\" class=\"wpforms-field wpforms-field-email\" data-field-id=\"1\"><label class=\"wpforms-field-label\" for=\"wpforms-51803-field_1\">Adres e-mail* <span class=\"wpforms-required-label\">*<\/span><\/label><input type=\"email\" id=\"wpforms-51803-field_1\" class=\"wpforms-field-large wpforms-field-required\" name=\"wpforms[fields][1]\" spellcheck=\"false\" required><\/div><div id=\"wpforms-51803-field_11-container\" class=\"wpforms-field wpforms-field-text\" data-field-id=\"11\"><label class=\"wpforms-field-label\" for=\"wpforms-51803-field_11\">Kraj<\/label><input type=\"text\" id=\"wpforms-51803-field_11\" class=\"wpforms-field-large\" name=\"wpforms[fields][11]\" ><\/div><div id=\"wpforms-51803-field_10-container\" class=\"wpforms-field wpforms-field-text\" data-field-id=\"10\"><label class=\"wpforms-field-label\" for=\"wpforms-51803-field_10\">Adres<\/label><input type=\"text\" id=\"wpforms-51803-field_10\" class=\"wpforms-field-large\" name=\"wpforms[fields][10]\" ><\/div><div id=\"wpforms-51803-field_4-container\" class=\"wpforms-field wpforms-field-select wpforms-field-select-style-classic\" data-field-id=\"4\"><label class=\"wpforms-field-label\" for=\"wpforms-51803-field_4\">Wybierz kategori\u0119 produkt\u00f3w<\/label><select id=\"wpforms-51803-field_4\" class=\"wpforms-field-large\" name=\"wpforms[fields][4]\"><option value=\"\" class=\"placeholder\" disabled  selected='selected'>Wybierz kategori\u0119 produkt\u00f3w<\/option><option value=\"9338\"  class=\"choice-0 depth-1\"  >Komputer\u00f3w PC<\/option><option value=\"6590\"  class=\"choice-1 depth-1\"  >Korporacyjne<\/option><option value=\"65\"  class=\"choice-2 depth-1\"  >Mobil<\/option><option value=\"9349\"  class=\"choice-3 depth-1\"  >NAS<\/option><option value=\"9327\"  class=\"choice-4 depth-1\"  >Obs\u0142ugi wideo \/ monitoringu<\/option><option value=\"264\"  class=\"choice-5 depth-1\"  >Pami\u0119\u0107 masowa do smartfon\u00f3w<\/option><option value=\"445\"  class=\"choice-6 depth-1\"  >Przeno\u015bne<\/option><option value=\"256\"  class=\"choice-7 depth-1\"  >Stacjonarne<\/option><option value=\"9322\"  class=\"choice-8 depth-1\"  >Surveillance\/vid\u00e9o<\/option><option value=\"1195\"  class=\"choice-9 depth-1\"  >Wewn\u0119trzne dyski twarde<\/option><\/select><\/div><div id=\"wpforms-51803-field_5-container\" class=\"wpforms-field wpforms-field-select wpforms-field-select-style-classic\" data-field-id=\"5\"><label class=\"wpforms-field-label\" for=\"wpforms-51803-field_5\">Wybierz temat<\/label><select id=\"wpforms-51803-field_5\" class=\"wpforms-field-large\" name=\"wpforms[fields][5]\"><option value=\"\" class=\"placeholder\" disabled  selected='selected'>Wybierz temat<\/option><option value=\"Informacje og\u00f3lne\"  class=\"choice-1 depth-1\"  >Informacje og\u00f3lne<\/option><option value=\"Obs\u0142uga gwarancji\"  class=\"choice-2 depth-1\"  >Obs\u0142uga gwarancji<\/option><option value=\"Us\u0142ugi\"  class=\"choice-3 depth-1\"  >Us\u0142ugi<\/option><\/select><\/div><div id=\"wpforms-51803-field_2-container\" class=\"wpforms-field wpforms-field-textarea\" data-field-id=\"2\"><label class=\"wpforms-field-label\" for=\"wpforms-51803-field_2\">Wstaw sw\u00f3j komentarz <span class=\"wpforms-required-label\">*<\/span><\/label><textarea id=\"wpforms-51803-field_2\" class=\"wpforms-field-medium wpforms-field-required\" name=\"wpforms[fields][2]\" required><\/textarea><\/div><div id=\"wpforms-51803-field_7-container\" class=\"wpforms-field wpforms-field-checkbox contact-form-terms\" data-field-id=\"7\"><label class=\"wpforms-field-label wpforms-label-hide\">Terms <span class=\"wpforms-required-label\">*<\/span><\/label><ul id=\"wpforms-51803-field_7\" class=\"wpforms-field-required\"><li class=\"choice-1 depth-1\"><input type=\"checkbox\" id=\"wpforms-51803-field_7_1\" name=\"wpforms[fields][7][]\" value=\"Potwierdzam przeczytanie i zaakceptowanie &lt;a href=&quot;\/pl\/privacy-policy\/&quot;&gt;Zasad ochrony prywatno\u015bci&lt;\/a&gt; firmy Toshiba.\" required ><label class=\"wpforms-field-label-inline\" for=\"wpforms-51803-field_7_1\">Potwierdzam przeczytanie i zaakceptowanie <a href=\"\/pl\/privacy-policy\/\">Zasad ochrony prywatno\u015bci<\/a> firmy Toshiba.<\/label><\/li><\/ul><\/div><div id=\"wpforms-51803-field_9-container\" class=\"wpforms-field wpforms-field-html\" data-field-id=\"9\"><div id=\"wpforms-51803-field_9\">* Informacje w tym polu s\u0105 wymagane.<\/div><\/div><\/div><!-- .wpforms-field-container --><div class=\"wpforms-submit-container\" ><input type=\"hidden\" name=\"wpforms[id]\" value=\"51803\"><input type=\"hidden\" name=\"page_title\" value=\"\"><input type=\"hidden\" name=\"page_url\" value=\"https:\/\/www.toshiba-storage.com\/pl\/wp-json\/wp\/v2\/pages\/10520\"><input type=\"hidden\" name=\"url_referer\" value=\"\"><button type=\"submit\" name=\"wpforms[submit]\" id=\"wpforms-submit-51803\" class=\"wpforms-submit form-submit-button\" aria-live=\"assertive\" value=\"wpforms-submit\">Wy\u015blij wiadomo\u015b\u0107 e-mail<\/button><img loading=\"lazy\" decoding=\"async\" src=\"https:\/\/www.toshiba-storage.com\/wp\/wp-content\/plugins\/wpforms\/assets\/images\/submit-spin.svg\" class=\"wpforms-submit-spinner\" style=\"display: none;\" width=\"26\" height=\"26\" alt=\"Loading\"><\/div><\/form><\/div>  <!-- .wpforms-container -->[\/vc_column][\/vc_row]<\/p>\n<\/div>","protected":false},"excerpt":{"rendered":"<p>[vc_row][vc_column width=&#8221;1\/3&#8243;][vc_column_text]Krok 1: Jakich informacji poszukujesz?[\/vc_column_text][\/vc_column][vc_column width=&#8221;1\/3&#8243;][vc_column_text]Krok 2: Sprawd\u017a, czy mo\u017cesz znale\u017a\u0107 poszukiwane informacje na tej stronie, na przyk\u0142ad w sekcji cz\u0119sto zadawanych pyta\u0144, archiwum produkt\u00f3w, samouczk\u00f3w wideo itp.[\/vc_column_text][\/vc_column][vc_column width=&#8221;1\/3&#8243;][vc_column_text css=&#8221;&#8221;]Step 3: W przypadku roszcze\u0144 gwarancyjnych nale\u017cy skorzysta\u0107 z poni\u017cszego \u0142\u0105cza. W przypadku pyta\u0144 og\u00f3lnych skontaktuj si\u0119 z naszym centrum serwisowym. Dowiedz si\u0119 wi\u0119cej o &hellip;<\/p>\n","protected":false},"author":43,"featured_media":24187,"parent":0,"menu_order":0,"comment_status":"closed","ping_status":"closed","template":"page-support-contact.php","meta":{"_acf_changed":false,"footnotes":""},"class_list":["post-10520","page","type-page","status-publish","has-post-thumbnail","hentry"],"acf":[],"yoast_head":"<!-- This site is optimized with the Yoast SEO Premium plugin v27.3 (Yoast SEO v27.3) - https:\/\/yoast.com\/product\/yoast-seo-premium-wordpress\/ -->\n<title>Kontakt - EMEA<\/title>\n<meta name=\"robots\" content=\"index, follow, max-snippet:-1, max-image-preview:large, max-video-preview:-1\" \/>\n<link rel=\"canonical\" href=\"https:\/\/www.toshiba-storage.com\/pl\/contact\/\" \/>\n<meta property=\"og:locale\" content=\"pl_PL\" \/>\n<meta property=\"og:type\" content=\"article\" \/>\n<meta property=\"og:title\" content=\"Kontakt\" \/>\n<meta property=\"og:description\" content=\"[vc_row][vc_column width=&#8221;1\/3&#8243;][vc_column_text]Krok 1: Jakich informacji poszukujesz?[\/vc_column_text][\/vc_column][vc_column width=&#8221;1\/3&#8243;][vc_column_text]Krok 2: Sprawd\u017a, czy mo\u017cesz znale\u017a\u0107 poszukiwane informacje na tej stronie, na przyk\u0142ad w sekcji cz\u0119sto zadawanych pyta\u0144, archiwum produkt\u00f3w, samouczk\u00f3w wideo itp.[\/vc_column_text][\/vc_column][vc_column width=&#8221;1\/3&#8243;][vc_column_text css=&#8221;&#8221;]Step 3: W przypadku roszcze\u0144 gwarancyjnych nale\u017cy skorzysta\u0107 z poni\u017cszego \u0142\u0105cza. W przypadku pyta\u0144 og\u00f3lnych skontaktuj si\u0119 z naszym centrum serwisowym. Dowiedz si\u0119 wi\u0119cej o &hellip;\" \/>\n<meta property=\"og:url\" content=\"https:\/\/www.toshiba-storage.com\/pl\/contact\/\" \/>\n<meta property=\"og:site_name\" content=\"EMEA\" \/>\n<meta property=\"article:publisher\" content=\"https:\/\/www.facebook.com\/ToshibaStorageEU\/\" \/>\n<meta property=\"article:modified_time\" content=\"2025-12-03T07:51:51+00:00\" \/>\n<meta name=\"twitter:card\" content=\"summary_large_image\" \/>\n<meta name=\"twitter:label1\" content=\"Est. reading time\" \/>\n\t<meta name=\"twitter:data1\" content=\"2 minutes\" \/>\n<script type=\"application\/ld+json\" class=\"yoast-schema-graph\">{\"@context\":\"https:\\\/\\\/schema.org\",\"@graph\":[{\"@type\":\"WebPage\",\"@id\":\"https:\\\/\\\/www.toshiba-storage.com\\\/pl\\\/contact\\\/\",\"url\":\"https:\\\/\\\/www.toshiba-storage.com\\\/pl\\\/contact\\\/\",\"name\":\"Kontakt - EMEA\",\"isPartOf\":{\"@id\":\"https:\\\/\\\/www.toshiba-storage.com\\\/pl\\\/#website\"},\"primaryImageOfPage\":{\"@id\":\"https:\\\/\\\/www.toshiba-storage.com\\\/pl\\\/contact\\\/#primaryimage\"},\"image\":{\"@id\":\"https:\\\/\\\/www.toshiba-storage.com\\\/pl\\\/contact\\\/#primaryimage\"},\"thumbnailUrl\":\"\",\"datePublished\":\"2017-10-15T12:29:34+00:00\",\"dateModified\":\"2025-12-03T07:51:51+00:00\",\"inLanguage\":\"pl-PL\",\"potentialAction\":[{\"@type\":\"ReadAction\",\"target\":[\"https:\\\/\\\/www.toshiba-storage.com\\\/pl\\\/contact\\\/\"]}]},{\"@type\":\"ImageObject\",\"inLanguage\":\"pl-PL\",\"@id\":\"https:\\\/\\\/www.toshiba-storage.com\\\/pl\\\/contact\\\/#primaryimage\",\"url\":\"\",\"contentUrl\":\"\",\"width\":2000,\"height\":1333},{\"@type\":\"WebSite\",\"@id\":\"https:\\\/\\\/www.toshiba-storage.com\\\/pl\\\/#website\",\"url\":\"https:\\\/\\\/www.toshiba-storage.com\\\/pl\\\/\",\"name\":\"Toshiba Storage Solutions \u2013 EMEA Region\",\"description\":\"Toshiba in Europe and Middle East Asia provides reliable and innovative storage solutions and internal and external HDDs \u2013for Laptops, PC, NAS, Surveillance and Enterprise.\",\"publisher\":{\"@id\":\"https:\\\/\\\/www.toshiba-storage.com\\\/pl\\\/#organization\"},\"potentialAction\":[{\"@type\":\"SearchAction\",\"target\":{\"@type\":\"EntryPoint\",\"urlTemplate\":\"https:\\\/\\\/www.toshiba-storage.com\\\/pl\\\/?s={search_term_string}\"},\"query-input\":{\"@type\":\"PropertyValueSpecification\",\"valueRequired\":true,\"valueName\":\"search_term_string\"}}],\"inLanguage\":\"pl-PL\"},{\"@type\":\"Organization\",\"@id\":\"https:\\\/\\\/www.toshiba-storage.com\\\/pl\\\/#organization\",\"name\":\"Toshiba Electronics Europe GmbH\",\"url\":\"https:\\\/\\\/www.toshiba-storage.com\\\/pl\\\/\",\"logo\":{\"@type\":\"ImageObject\",\"inLanguage\":\"pl-PL\",\"@id\":\"https:\\\/\\\/www.toshiba-storage.com\\\/pl\\\/#\\\/schema\\\/logo\\\/image\\\/\",\"url\":\"https:\\\/\\\/www.toshiba-storage.com\\\/wp\\\/wp-content\\\/uploads\\\/2024\\\/02\\\/toshiba-logo.png\",\"contentUrl\":\"https:\\\/\\\/www.toshiba-storage.com\\\/wp\\\/wp-content\\\/uploads\\\/2024\\\/02\\\/toshiba-logo.png\",\"width\":263,\"height\":40,\"caption\":\"Toshiba Electronics Europe GmbH\"},\"image\":{\"@id\":\"https:\\\/\\\/www.toshiba-storage.com\\\/pl\\\/#\\\/schema\\\/logo\\\/image\\\/\"},\"sameAs\":[\"https:\\\/\\\/www.facebook.com\\\/ToshibaStorageEU\\\/\",\"https:\\\/\\\/www.linkedin.com\\\/company\\\/toshiba-electronics-europe-gmbh\\\/?originalSubdomain=de\",\"https:\\\/\\\/www.youtube.com\\\/user\\\/ToshibaElectronics1\"]}]}<\/script>\n<!-- \/ Yoast SEO Premium plugin. -->","yoast_head_json":{"title":"Kontakt - EMEA","robots":{"index":"index","follow":"follow","max-snippet":"max-snippet:-1","max-image-preview":"max-image-preview:large","max-video-preview":"max-video-preview:-1"},"canonical":"https:\/\/www.toshiba-storage.com\/pl\/contact\/","og_locale":"pl_PL","og_type":"article","og_title":"Kontakt","og_description":"[vc_row][vc_column width=&#8221;1\/3&#8243;][vc_column_text]Krok 1: Jakich informacji poszukujesz?[\/vc_column_text][\/vc_column][vc_column width=&#8221;1\/3&#8243;][vc_column_text]Krok 2: Sprawd\u017a, czy mo\u017cesz znale\u017a\u0107 poszukiwane informacje na tej stronie, na przyk\u0142ad w sekcji cz\u0119sto zadawanych pyta\u0144, archiwum produkt\u00f3w, samouczk\u00f3w wideo itp.[\/vc_column_text][\/vc_column][vc_column width=&#8221;1\/3&#8243;][vc_column_text css=&#8221;&#8221;]Step 3: W przypadku roszcze\u0144 gwarancyjnych nale\u017cy skorzysta\u0107 z poni\u017cszego \u0142\u0105cza. W przypadku pyta\u0144 og\u00f3lnych skontaktuj si\u0119 z naszym centrum serwisowym. Dowiedz si\u0119 wi\u0119cej o &hellip;","og_url":"https:\/\/www.toshiba-storage.com\/pl\/contact\/","og_site_name":"EMEA","article_publisher":"https:\/\/www.facebook.com\/ToshibaStorageEU\/","article_modified_time":"2025-12-03T07:51:51+00:00","twitter_card":"summary_large_image","twitter_misc":{"Est. reading time":"2 minutes"},"schema":{"@context":"https:\/\/schema.org","@graph":[{"@type":"WebPage","@id":"https:\/\/www.toshiba-storage.com\/pl\/contact\/","url":"https:\/\/www.toshiba-storage.com\/pl\/contact\/","name":"Kontakt - EMEA","isPartOf":{"@id":"https:\/\/www.toshiba-storage.com\/pl\/#website"},"primaryImageOfPage":{"@id":"https:\/\/www.toshiba-storage.com\/pl\/contact\/#primaryimage"},"image":{"@id":"https:\/\/www.toshiba-storage.com\/pl\/contact\/#primaryimage"},"thumbnailUrl":"","datePublished":"2017-10-15T12:29:34+00:00","dateModified":"2025-12-03T07:51:51+00:00","inLanguage":"pl-PL","potentialAction":[{"@type":"ReadAction","target":["https:\/\/www.toshiba-storage.com\/pl\/contact\/"]}]},{"@type":"ImageObject","inLanguage":"pl-PL","@id":"https:\/\/www.toshiba-storage.com\/pl\/contact\/#primaryimage","url":"","contentUrl":"","width":2000,"height":1333},{"@type":"WebSite","@id":"https:\/\/www.toshiba-storage.com\/pl\/#website","url":"https:\/\/www.toshiba-storage.com\/pl\/","name":"Toshiba Storage Solutions \u2013 EMEA Region","description":"Toshiba in Europe and Middle East Asia provides reliable and innovative storage solutions and internal and external HDDs \u2013for Laptops, PC, NAS, Surveillance and Enterprise.","publisher":{"@id":"https:\/\/www.toshiba-storage.com\/pl\/#organization"},"potentialAction":[{"@type":"SearchAction","target":{"@type":"EntryPoint","urlTemplate":"https:\/\/www.toshiba-storage.com\/pl\/?s={search_term_string}"},"query-input":{"@type":"PropertyValueSpecification","valueRequired":true,"valueName":"search_term_string"}}],"inLanguage":"pl-PL"},{"@type":"Organization","@id":"https:\/\/www.toshiba-storage.com\/pl\/#organization","name":"Toshiba Electronics Europe GmbH","url":"https:\/\/www.toshiba-storage.com\/pl\/","logo":{"@type":"ImageObject","inLanguage":"pl-PL","@id":"https:\/\/www.toshiba-storage.com\/pl\/#\/schema\/logo\/image\/","url":"https:\/\/www.toshiba-storage.com\/wp\/wp-content\/uploads\/2024\/02\/toshiba-logo.png","contentUrl":"https:\/\/www.toshiba-storage.com\/wp\/wp-content\/uploads\/2024\/02\/toshiba-logo.png","width":263,"height":40,"caption":"Toshiba Electronics Europe GmbH"},"image":{"@id":"https:\/\/www.toshiba-storage.com\/pl\/#\/schema\/logo\/image\/"},"sameAs":["https:\/\/www.facebook.com\/ToshibaStorageEU\/","https:\/\/www.linkedin.com\/company\/toshiba-electronics-europe-gmbh\/?originalSubdomain=de","https:\/\/www.youtube.com\/user\/ToshibaElectronics1"]}]}},"_links":{"self":[{"href":"https:\/\/www.toshiba-storage.com\/pl\/wp-json\/wp\/v2\/pages\/10520","targetHints":{"allow":["GET"]}}],"collection":[{"href":"https:\/\/www.toshiba-storage.com\/pl\/wp-json\/wp\/v2\/pages"}],"about":[{"href":"https:\/\/www.toshiba-storage.com\/pl\/wp-json\/wp\/v2\/types\/page"}],"author":[{"embeddable":true,"href":"https:\/\/www.toshiba-storage.com\/pl\/wp-json\/wp\/v2\/users\/43"}],"replies":[{"embeddable":true,"href":"https:\/\/www.toshiba-storage.com\/pl\/wp-json\/wp\/v2\/comments?post=10520"}],"version-history":[{"count":0,"href":"https:\/\/www.toshiba-storage.com\/pl\/wp-json\/wp\/v2\/pages\/10520\/revisions"}],"wp:featuredmedia":[{"embeddable":true,"href":"https:\/\/www.toshiba-storage.com\/pl\/wp-json\/"}],"wp:attachment":[{"href":"https:\/\/www.toshiba-storage.com\/pl\/wp-json\/wp\/v2\/media?parent=10520"}],"curies":[{"name":"wp","href":"https:\/\/api.w.org\/{rel}","templated":true}]}}