{"id":63070,"date":"2025-08-05T15:40:51","date_gmt":"2025-08-05T13:40:51","guid":{"rendered":"https:\/\/www.toshiba-storage.com\/?page_id=63070"},"modified":"2025-09-05T08:42:18","modified_gmt":"2025-09-05T06:42:18","slug":"verklaring-over-toegankelijkheid","status":"publish","type":"page","link":"https:\/\/www.toshiba-storage.com\/nl\/verklaring-over-toegankelijkheid\/","title":{"rendered":"Verklaring over toegankelijkheid"},"content":{"rendered":"<div class=\"wpb-content-wrapper\"><p>[vc_row][vc_column][vc_column_text css=&#8221;&#8221;]<\/p>\n<h3><strong>Introductie<\/strong><\/h3>\n<p>Wij, Toshiba Electronics Europe GmbH, streven ernaar om ervoor te zorgen dat onze website voor iedereen toegankelijk is, inclusief gebruikers met een beperking. Wij spannen ons in om te voldoen aan de eisen die zijn vastgelegd in de <strong>Web Content Accessibility Guidelines (WCAG) 2.1, niveau AA <\/strong>of deze te overtreffen en in overeenstemming te zijn met de <strong>Duitse wet ter verbetering van de toegankelijkheid<\/strong> (<strong>Barrierefreiheitsst\u00e4rkungsgesetz, BFSG) en Richtlijn (EU) 2019\/882 betreffende de toegankelijkheidsvereisten voor producten en diensten (EU-toegankelijkheidsrichtlijn)<\/strong>.<\/p>\n<p>Deze toegankelijkheidsverklaring is van toepassing op:<br \/>\nwww.toshiba-storage.com<\/p>\n<p><strong>Algemene beschrijving van digitale diensten<\/strong><\/p>\n<p><strong>Contactformulier \u2013 HDD-innovatielab<\/strong><\/p>\n<p>Het contactformulier \u2013 HDD-innovatielab is een webgebaseerde tool waarmee websitebezoekers berichten of vragen kunnen sturen naar Toshiba Electronics Europe GmbH zonder dat ze daarvoor traditionele e-mail of andere methoden hoeven te gebruiken.\u00a0Het omvat de volgende velden:<\/p>\n<ul>\n<li>Naam*<\/li>\n<li>Bedrijf*<\/li>\n<li>E-mail*<\/li>\n<li>Bericht*<\/li>\n<\/ul>\n<p>*Deze informatie is verplicht<\/p>\n<p>De binnenkomende berichten worden doorgestuurd naar het volgende e-mailadres: <a href=\"mailto:HDDSupport@tee.toshiba.de\">HDDSupport@tee.toshiba.de<\/a>.<\/p>\n<p><strong>Contactformulier &#8211; Ondersteuning<\/strong><\/p>\n<p>Het contactformulier &#8211; Ondersteuning is een webgebaseerde tool waarmee websitebezoekers berichten of vragen kunnen sturen naar Toshiba Electronics Europe GmbH zonder dat ze daarvoor traditionele e-mail of andere methoden hoeven te gebruiken.\u00a0Het omvat de volgende velden:<\/p>\n<ul>\n<li>Naam*<\/li>\n<li>E-mail*<\/li>\n<li>Adres<\/li>\n<li>Productcategorie<\/li>\n<li>Onderwerp<\/li>\n<li>Reactie of bericht*<\/li>\n<\/ul>\n<p>*Deze informatie is verplicht<\/p>\n<p>De binnenkomende berichten worden doorgestuurd naar het volgende e-mailadres: <a href=\"mailto:HDDSupport@tee.toshiba.de\">HDDSupport@tee.toshiba.de<\/a>.<\/p>\n<p><strong>Gegevensherstelservice<\/strong><\/p>\n<p>Externe aanbieders van gegevenshersteldiensten zijn gespecialiseerd in het ophalen van verloren, verwijderde of beschadigde gegevens van opslagapparaten zoals harde schijven.\u00a0Deze diensten maken gebruik van gespecialiseerde hulpmiddelen en technieken om gegevens te herstellen die mogelijk niet toegankelijk zijn vanwege hardware- of logische storingen.\u00a0Gegevensherstel kan vari\u00ebren van het herstellen van per ongeluk verwijderde bestanden tot het terughalen van gegevens van zwaar beschadigde apparaten. Onder <a href=\"https:\/\/www.toshiba-storage.com\/data-recovery\/\">Data Recovery &#8211; EMEA<\/a> worden websitebezoekers doorgestuurd naar externe dienstverleners die datahersteldiensten aanbieden.<\/p>\n<p><strong>Garantieverwerker<\/strong><\/p>\n<p>Toshiba Electronics Europe GmbH maakt gebruik van een externe garantieverwerker, StorRepair GmbH, die verantwoordelijk is voor de afhandeling van garantieclaims en ervoor zorgt dat klanten passende ondersteuning krijgen in geval van defecte producten.\u00a0Dit omvat taken zoals het beoordelen van claims, het valideren van informatie en het co\u00f6rdineren met verschillende partijen om eventuele problemen op te lossen.<\/p>\n<p>Onder <a href=\"https:\/\/www.toshiba-storage.com\/warranty-claims\/\">Garantie &#8211; EMEA<\/a> worden websitebezoekers doorgestuurd naar het externe serviceportaal van <a href=\"https:\/\/www.storrepair.com\/toshiba_products\/\">StorRepair GmbH.<\/a><\/p>\n<p><strong>Waar te koop <\/strong><\/p>\n<p>De pagina &#8216;Waar te koop&#8217; helpt klanten erachter te komen waar ze een product kunnen kopen waarin ze ge\u00efnteresseerd zijn. Websitebezoekers kunnen hun land en het relevante type verkoper kiezen en krijgen dan een overzicht van overeenkomstige marktplaatsen.\u00a0Wanneer u op de logo&#8217;s klikt, wordt u doorgestuurd naar de websites van de externe leveranciers die onze producten verkopen.<strong>\u00a0<\/strong><\/p>\n<h3><strong>Toepasselijke toegankelijkheidsnormen<\/strong><\/h3>\n<p>Deze website voldoet aan de eisen van:<\/p>\n<ul>\n<li><strong>WCAG 2.1 niveau AA en<br \/>\n<\/strong><\/li>\n<li>andere relevante wetgeving, met inbegrip van de Duitse wet ter verbetering van de toegankelijkheid, met name \u00a714 BFSG in samenhang met \u00a73 lid 1 BFSG en de bijbehorende verordening inzake de wet ter verbetering van de toegankelijkheid (Verordnung zum Barrierefreiheitsst\u00e4rkungsgesetz, BFSGV).<\/li>\n<\/ul>\n<h3><strong>Maatregelen om de toegankelijkheid te garanderen<\/strong><\/h3>\n<p>Op deze manieren ondersteunen we de toegankelijkheid:<\/p>\n<ul>\n<li>We bieden alternatieve tekst voor afbeeldingen.<\/li>\n<li>Gebruiken duidelijke en consistente navigatie.<\/li>\n<li>Zorgen ervoor dat alle interactieve elementen toegankelijk zijn via toetsenbordnavigatie.<\/li>\n<li>Ondersteunen schermlezers en andere ondersteunende technologie\u00ebn.<\/li>\n<li>Gebruiken voldoende kleurcontrast voor een goede leesbaarheid.<\/li>\n<li>Zorgen voor ondertiteling of transcripties van multimedia-inhoud.<\/li>\n<\/ul>\n<h3><strong>Ondersteunende technologie\u00ebn<\/strong><\/h3>\n<p>Onze website is ontworpen om compatibel te zijn met de belangrijkste technologie\u00ebn, waaronder:<\/p>\n<ul>\n<li>Schermlezers (bijv. JAWS, NVDA)<\/li>\n<li>Spraakherkenningssoftware<\/li>\n<li>Schermvergroters<\/li>\n<li>Alternatieve invoerapparaten<\/li>\n<\/ul>\n<h3><strong>Doorlopende verbeteringen<\/strong><\/h3>\n<p>Wij werken er voortdurend aan om de toegankelijkheid van onze website te verbeteren. Ons team test de site regelmatig, raadpleegt experts en verwerkt feedback van gebruikers om voortdurende naleving en bruikbaarheid te waarborgen.<\/p>\n<p><strong>Feedback en contactgegevens<\/strong><\/p>\n<p>Als u problemen ondervindt met de toegankelijkheid of als u inhoud in een alternatieve vorm nodig hebt, neem dan contact met ons op:<\/p>\n<p><strong>Toshiba Electronics Europe GmbH<\/strong><\/p>\n<p>Hansaallee 181<\/p>\n<p>40549 D\u00fcsseldorf<\/p>\n<p>Duitsland<\/p>\n<p>Telefoon: +49 (0) 211 5296-0<\/p>\n<p>E-mail: info@toshiba-storage.com<\/p>\n<p>Directeur: Peter Lieberwirth<br \/>\nKamer van Koophandel: D\u00fcsseldorf HRB 22487<br \/>\nBTW-nummer: DE811207415<\/p>\n<p><strong>Verantwoordelijke staatsmarkttoezichthouder<\/strong><\/p>\n<p>U hebt ook het recht om contact op te nemen met de verantwoordelijke staatsmarkttoezichthouder die u zal ondersteunen bij het doen gelden van uw rechten:<\/p>\n<p>Markt\u00fcberwachungsstelle der L\u00e4nder f\u00fcr die Barrierefreiheit von Produkten und Dienstleistungen<\/p>\n<p>c\/o Ministerium f\u00fcr Arbeit, Soziales, Gesundheit und Gleichstellung Sachsen-Anhalt<br \/>\nPostfach 39 11 55<br \/>\n39135 Magdeburg<\/p>\n<p>Telefoon:\u00a00391 567 6970<br \/>\nE-\u200bmail:\u00a0<a href=\"https:\/\/ms.sachsen-anhalt.de\/themen\/menschen-mit-behinderungen\/aktuelles\/marktueberwachungsstelle-der-laender-fuer-die-barrierefreiheit-von-produkten-und-dienstleistungen\">MLBF(at)ms.sachsen-\u200banhalt.de<\/a>.[\/vc_column_text][\/vc_column][\/vc_row]<\/p>\n<\/div>","protected":false},"excerpt":{"rendered":"<p>[vc_row][vc_column][vc_column_text css=&#8221;&#8221;] Introductie Wij, Toshiba Electronics Europe GmbH, streven ernaar om ervoor te zorgen dat onze website voor iedereen toegankelijk is, inclusief gebruikers met een beperking. Wij spannen ons in om te voldoen aan de eisen die zijn vastgelegd in de Web Content Accessibility Guidelines (WCAG) 2.1, niveau AA of deze te overtreffen en in &hellip;<\/p>\n","protected":false},"author":41,"featured_media":0,"parent":0,"menu_order":0,"comment_status":"closed","ping_status":"closed","template":"page-legal.php","meta":{"_acf_changed":false,"footnotes":""},"class_list":["post-63070","page","type-page","status-publish","hentry"],"acf":[],"yoast_head":"<!-- This site is optimized with the Yoast SEO Premium plugin v27.2 (Yoast SEO v27.2) - https:\/\/yoast.com\/product\/yoast-seo-premium-wordpress\/ -->\n<title>Verklaring over toegankelijkheid - EMEA<\/title>\n<meta name=\"robots\" content=\"index, follow, max-snippet:-1, max-image-preview:large, max-video-preview:-1\" \/>\n<link rel=\"canonical\" href=\"https:\/\/www.toshiba-storage.com\/nl\/verklaring-over-toegankelijkheid\/\" \/>\n<meta property=\"og:locale\" content=\"nl_NL\" \/>\n<meta property=\"og:type\" content=\"article\" \/>\n<meta property=\"og:title\" content=\"Verklaring over toegankelijkheid\" \/>\n<meta property=\"og:description\" content=\"[vc_row][vc_column][vc_column_text css=&#8221;&#8221;] Introductie Wij, Toshiba Electronics Europe GmbH, streven ernaar om ervoor te zorgen dat onze website voor iedereen toegankelijk is, inclusief gebruikers met een beperking. Wij spannen ons in om te voldoen aan de eisen die zijn vastgelegd in de Web Content Accessibility Guidelines (WCAG) 2.1, niveau AA of deze te overtreffen en in &hellip;\" \/>\n<meta property=\"og:url\" content=\"https:\/\/www.toshiba-storage.com\/nl\/verklaring-over-toegankelijkheid\/\" \/>\n<meta property=\"og:site_name\" content=\"EMEA\" \/>\n<meta property=\"article:publisher\" content=\"https:\/\/www.facebook.com\/ToshibaStorageEU\/\" \/>\n<meta property=\"article:modified_time\" content=\"2025-09-05T06:42:18+00:00\" \/>\n<meta name=\"twitter:card\" content=\"summary_large_image\" \/>\n<meta name=\"twitter:label1\" content=\"Est. reading time\" \/>\n\t<meta name=\"twitter:data1\" content=\"4 minutes\" \/>\n<script type=\"application\/ld+json\" class=\"yoast-schema-graph\">{\"@context\":\"https:\/\/schema.org\",\"@graph\":[{\"@type\":\"WebPage\",\"@id\":\"https:\/\/www.toshiba-storage.com\/nl\/verklaring-over-toegankelijkheid\/\",\"url\":\"https:\/\/www.toshiba-storage.com\/nl\/verklaring-over-toegankelijkheid\/\",\"name\":\"Verklaring over toegankelijkheid - EMEA\",\"isPartOf\":{\"@id\":\"https:\/\/www.toshiba-storage.com\/nl\/#website\"},\"datePublished\":\"2025-08-05T13:40:51+00:00\",\"dateModified\":\"2025-09-05T06:42:18+00:00\",\"inLanguage\":\"nl-NL\",\"potentialAction\":[{\"@type\":\"ReadAction\",\"target\":[\"https:\/\/www.toshiba-storage.com\/nl\/verklaring-over-toegankelijkheid\/\"]}]},{\"@type\":\"WebSite\",\"@id\":\"https:\/\/www.toshiba-storage.com\/nl\/#website\",\"url\":\"https:\/\/www.toshiba-storage.com\/nl\/\",\"name\":\"Toshiba Storage Solutions \u2013 EMEA Region\",\"description\":\"Toshiba in Europe and Middle East Asia provides reliable and innovative storage solutions and internal and external HDDs \u2013for Laptops, PC, NAS, Surveillance and Enterprise.\",\"publisher\":{\"@id\":\"https:\/\/www.toshiba-storage.com\/nl\/#organization\"},\"potentialAction\":[{\"@type\":\"SearchAction\",\"target\":{\"@type\":\"EntryPoint\",\"urlTemplate\":\"https:\/\/www.toshiba-storage.com\/nl\/?s={search_term_string}\"},\"query-input\":{\"@type\":\"PropertyValueSpecification\",\"valueRequired\":true,\"valueName\":\"search_term_string\"}}],\"inLanguage\":\"nl-NL\"},{\"@type\":\"Organization\",\"@id\":\"https:\/\/www.toshiba-storage.com\/nl\/#organization\",\"name\":\"Toshiba Electronics Europe GmbH\",\"url\":\"https:\/\/www.toshiba-storage.com\/nl\/\",\"logo\":{\"@type\":\"ImageObject\",\"inLanguage\":\"nl-NL\",\"@id\":\"https:\/\/www.toshiba-storage.com\/nl\/#\/schema\/logo\/image\/\",\"url\":\"https:\/\/www.toshiba-storage.com\/wp\/wp-content\/uploads\/2024\/02\/toshiba-logo.png\",\"contentUrl\":\"https:\/\/www.toshiba-storage.com\/wp\/wp-content\/uploads\/2024\/02\/toshiba-logo.png\",\"width\":263,\"height\":40,\"caption\":\"Toshiba Electronics Europe GmbH\"},\"image\":{\"@id\":\"https:\/\/www.toshiba-storage.com\/nl\/#\/schema\/logo\/image\/\"},\"sameAs\":[\"https:\/\/www.facebook.com\/ToshibaStorageEU\/\",\"https:\/\/www.linkedin.com\/company\/toshiba-electronics-europe-gmbh\/?originalSubdomain=de\",\"https:\/\/www.youtube.com\/user\/ToshibaElectronics1\"]}]}<\/script>\n<!-- \/ Yoast SEO Premium plugin. -->","yoast_head_json":{"title":"Verklaring over toegankelijkheid - EMEA","robots":{"index":"index","follow":"follow","max-snippet":"max-snippet:-1","max-image-preview":"max-image-preview:large","max-video-preview":"max-video-preview:-1"},"canonical":"https:\/\/www.toshiba-storage.com\/nl\/verklaring-over-toegankelijkheid\/","og_locale":"nl_NL","og_type":"article","og_title":"Verklaring over toegankelijkheid","og_description":"[vc_row][vc_column][vc_column_text css=&#8221;&#8221;] Introductie Wij, Toshiba Electronics Europe GmbH, streven ernaar om ervoor te zorgen dat onze website voor iedereen toegankelijk is, inclusief gebruikers met een beperking. Wij spannen ons in om te voldoen aan de eisen die zijn vastgelegd in de Web Content Accessibility Guidelines (WCAG) 2.1, niveau AA of deze te overtreffen en in &hellip;","og_url":"https:\/\/www.toshiba-storage.com\/nl\/verklaring-over-toegankelijkheid\/","og_site_name":"EMEA","article_publisher":"https:\/\/www.facebook.com\/ToshibaStorageEU\/","article_modified_time":"2025-09-05T06:42:18+00:00","twitter_card":"summary_large_image","twitter_misc":{"Est. reading time":"4 minutes"},"schema":{"@context":"https:\/\/schema.org","@graph":[{"@type":"WebPage","@id":"https:\/\/www.toshiba-storage.com\/nl\/verklaring-over-toegankelijkheid\/","url":"https:\/\/www.toshiba-storage.com\/nl\/verklaring-over-toegankelijkheid\/","name":"Verklaring over toegankelijkheid - EMEA","isPartOf":{"@id":"https:\/\/www.toshiba-storage.com\/nl\/#website"},"datePublished":"2025-08-05T13:40:51+00:00","dateModified":"2025-09-05T06:42:18+00:00","inLanguage":"nl-NL","potentialAction":[{"@type":"ReadAction","target":["https:\/\/www.toshiba-storage.com\/nl\/verklaring-over-toegankelijkheid\/"]}]},{"@type":"WebSite","@id":"https:\/\/www.toshiba-storage.com\/nl\/#website","url":"https:\/\/www.toshiba-storage.com\/nl\/","name":"Toshiba Storage Solutions \u2013 EMEA Region","description":"Toshiba in Europe and Middle East Asia provides reliable and innovative storage solutions and internal and external HDDs \u2013for Laptops, PC, NAS, Surveillance and Enterprise.","publisher":{"@id":"https:\/\/www.toshiba-storage.com\/nl\/#organization"},"potentialAction":[{"@type":"SearchAction","target":{"@type":"EntryPoint","urlTemplate":"https:\/\/www.toshiba-storage.com\/nl\/?s={search_term_string}"},"query-input":{"@type":"PropertyValueSpecification","valueRequired":true,"valueName":"search_term_string"}}],"inLanguage":"nl-NL"},{"@type":"Organization","@id":"https:\/\/www.toshiba-storage.com\/nl\/#organization","name":"Toshiba Electronics Europe GmbH","url":"https:\/\/www.toshiba-storage.com\/nl\/","logo":{"@type":"ImageObject","inLanguage":"nl-NL","@id":"https:\/\/www.toshiba-storage.com\/nl\/#\/schema\/logo\/image\/","url":"https:\/\/www.toshiba-storage.com\/wp\/wp-content\/uploads\/2024\/02\/toshiba-logo.png","contentUrl":"https:\/\/www.toshiba-storage.com\/wp\/wp-content\/uploads\/2024\/02\/toshiba-logo.png","width":263,"height":40,"caption":"Toshiba Electronics Europe GmbH"},"image":{"@id":"https:\/\/www.toshiba-storage.com\/nl\/#\/schema\/logo\/image\/"},"sameAs":["https:\/\/www.facebook.com\/ToshibaStorageEU\/","https:\/\/www.linkedin.com\/company\/toshiba-electronics-europe-gmbh\/?originalSubdomain=de","https:\/\/www.youtube.com\/user\/ToshibaElectronics1"]}]}},"_links":{"self":[{"href":"https:\/\/www.toshiba-storage.com\/nl\/wp-json\/wp\/v2\/pages\/63070","targetHints":{"allow":["GET"]}}],"collection":[{"href":"https:\/\/www.toshiba-storage.com\/nl\/wp-json\/wp\/v2\/pages"}],"about":[{"href":"https:\/\/www.toshiba-storage.com\/nl\/wp-json\/wp\/v2\/types\/page"}],"author":[{"embeddable":true,"href":"https:\/\/www.toshiba-storage.com\/nl\/wp-json\/wp\/v2\/users\/41"}],"replies":[{"embeddable":true,"href":"https:\/\/www.toshiba-storage.com\/nl\/wp-json\/wp\/v2\/comments?post=63070"}],"version-history":[{"count":0,"href":"https:\/\/www.toshiba-storage.com\/nl\/wp-json\/wp\/v2\/pages\/63070\/revisions"}],"wp:attachment":[{"href":"https:\/\/www.toshiba-storage.com\/nl\/wp-json\/wp\/v2\/media?parent=63070"}],"curies":[{"name":"wp","href":"https:\/\/api.w.org\/{rel}","templated":true}]}}