{"id":11837,"date":"2017-10-26T12:18:51","date_gmt":"2017-10-26T10:18:51","guid":{"rendered":"https:\/\/toshibaelectronicseuropegmbh.preview.pslsrv.com\/?page_id=11837\/"},"modified":"2025-03-17T15:12:07","modified_gmt":"2025-03-17T14:12:07","slug":"product-disclaimer","status":"publish","type":"page","link":"https:\/\/www.toshiba-storage.com\/nl\/product-disclaimer\/","title":{"rendered":"Product Disclaimer"},"content":{"rendered":"<div class=\"wpb-content-wrapper\"><p>[vc_row][vc_column width=&#8221;1\/2&#8243;][vc_column_text css=&#8221;&#8221;]<\/p>\n<h2>Algemene disclaimer<\/h2>\n<ol>\n<li style=\"margin-bottom: 15px;\">Productspecificaties<br \/>\nAlle vermelde productspecificaties zijn afhankelijk van model en configuratie en lokale beschikbaarheid.<\/li>\n<li style=\"margin-bottom: 15px;\">Garantie<br \/>\nToshiba geeft geen extra garanties dan die welke zijn opgenomen in Toshiba&#8217;s beschrijving van het afzonderlijke product, of zoals bepaald door de wet.<\/li>\n<li style=\"margin-bottom: 15px;\">Capaciteit<br \/>\nE\u00e9n gigabyte (1 GB) betekent 10 9 = 1.000.000.000 bytes en \u00e9\u00e9n terabyte (1 TB) betekent 10 12 = 1.000.000.000.000 bytes als met de macht 10 wordt gerekend. Het besturingssysteem van een computer geeft de opslagcapaciteit echter aan met de macht 2, waarbij 1 GB = 2 30 = 1.073.741.824<br \/>\nbytes en 1 TB = 2 40 = 1.099.511.627.776 bytes. Hierdoor is de vermelde opslagcapaciteit lager. De beschikbare opslagcapaciteit (met inbegrip van voorbeelden van verschillende mediabestanden) zal vari\u00ebren afhankelijk van de bestandsgrootte, formattering, instellingen, software en het besturingssysteem en andere factoren.<\/li>\n<li style=\"margin-bottom: 15px;\">Lees- en schrijfsnelheid<br \/>\nDe lees- en schrijfsnelheden zijn afhankelijk van het hostapparaat, de omstandigheden en de grootte van bestanden.<\/li>\n<li style=\"margin-bottom: 15px;\">Gewicht<br \/>\nHet gewicht is afhankelijk van de productconfiguratie, eventuele extra componenten, productieverschillen en de geselecteerde opties.<\/li>\n<li style=\"margin-botom: 15px;\">Draadloos LAN voor 802.11b, g en n<br \/>\nDe transmissiesnelheid via het draadloze LAN en het maximale draadloze netwerkbereik zijn afhankelijk van de elektromagnetische omgeving, obstakels, ontwerp en configuratie van het access point, clientontwerp en configuratie van software en hardware. De werkelijke transmissiesnelheid zal lager zijn dan de theoretische maximumsnelheid.<\/li>\n<li style=\"margin-bottom: 15px;\">Wijzigingen voorbehouden<br \/>\nToshiba heeft er voor de publicatie alles aan gedaan om de correctheid van de verstrekte informatie te waarborgen, maar productspecificaties, configuraties, prijzen, beschikbaarheid van systeem\/componenten\/opties kunnen alle zonder kennisgeving worden gewijzigd.\u00a0 Productontwerpspecificaties en kleuren kunnen zonder voorafgaande kennisgeving worden gewijzigd en kunnen afwijken van de producten zoals deze hier worden getoond. Fouten en weglatingen voorbehouden.<\/li>\n<li style=\"margin-bottom: 15px;\">Afbeeldingen<br \/>\nDe afbeeldingen op webpagina&#8217;s dienen uitsluitend ter illustratie. De afbeeldingen zijn bedoeld om de werking van de functie te verduidelijken en geven geen indicatie van de werkelijke relatieve verschillen.<\/li>\n<\/ol>\n<p>[\/vc_column_text][\/vc_column][vc_column width=&#8221;1\/2&#8243;][vc_column_text css=&#8221;&#8221;]<\/p>\n<h2>Modeldisclaimers en wettelijke voetnoten<\/h2>\n<ol>\n<li style=\"margin-bottom: 15px;\">Windows is een handelsmerk of geregistreerd handelsmerk van Microsoft Corporation in de Verenigde Staten en\/of andere landen.<\/li>\n<li style=\"margin-bottom: 15px;\">Mac, OS X en Time Machine zijn handelsmerken van Apple Inc., geregistreerd in de Verenigde Staten en andere landen.<\/li>\n<li style=\"margin-bottom: 15px;\">Android TM is een handelsmerk van Google Inc.<\/li>\n<li style=\"margin-bottom: 15px;\">USB Type-C\u00ae en USB-C\u00ae zijn handelsmerk van USB Implementers Forum en zijn alleen bedoeld voor gebruik met producten die zijn gebaseerd op en voldoen aan de USB Type-C\u00ae kabel- en connectorspecificatie.<\/li>\n<\/ol>\n<p>Canvio for Smartphone<\/p>\n<ol start=\"5\">\n<li style=\"margin-bottom: 15px;\">Voor het automatisch maken van een back-up bij het opladen moet de Android-smartphone zijn ingeschakeld, met voldoende batterijniveau, en de aangewezen app zijn ge\u00efnstalleerd.<\/li>\n<li style=\"margin-bottom: 15px;\">Afhankelijk van het resterende batterijniveau van de smartphone, zal de back-up mogelijk niet worden uitgevoerd.<\/li>\n<\/ol>\n<p>E300, P300, N300, X300<\/p>\n<ol start=\"7\">\n<li style=\"margin-bottom: 15px;\">Neem voor de &amp;quot;Ondersteunde schijfnissen&amp;quot; contact op met uw Solutions Provider, want de compatibiliteit met het hostapparaat zal vari\u00ebren, afhankelijk van het systeem.<\/li>\n<li style=\"margin-bottom: 15px;\">De locatie van het onderste montagegat kan verschillen, afhankelijk van het product. Kijk voor meer informatie op de volgende website: https:\/\/toshiba.semicon-storage.com\/us\/design- support\/faq\/storage-holes.html<\/li>\n<\/ol>\n<p>Canvio Gaming<\/p>\n<ol start=\"7\">\n<li style=\"margin-bottom: 15px;\">De geschatte game-opslag is gebaseerd op een gemiddelde grootte van 36 GB voor een game van de huidige generatie. Het werkelijke aantal opgeslagen games kan vari\u00ebren, afhankelijk van de bestandsgrootte, manier van formatteren, consolesoftware en andere programma&#8217;s of factoren. Originele schijven kunnen nodig zijn om het eigendom van games die zijn gekocht en geladen vanaf een schijf te verifi\u00ebren. Mogelijk zijn een internetverbinding en het account van de oorspronkelijke eigenaar van de game vereist.<\/li>\n<\/ol>\n<p>[\/vc_column_text][\/vc_column][\/vc_row]<\/p>\n<\/div>","protected":false},"excerpt":{"rendered":"<p>[vc_row][vc_column width=&#8221;1\/2&#8243;][vc_column_text css=&#8221;&#8221;] Algemene disclaimer Productspecificaties Alle vermelde productspecificaties zijn afhankelijk van model en configuratie en lokale beschikbaarheid. Garantie Toshiba geeft geen extra garanties dan die welke zijn opgenomen in Toshiba&#8217;s beschrijving van het afzonderlijke product, of zoals bepaald door de wet. Capaciteit E\u00e9n gigabyte (1 GB) betekent 10 9 = 1.000.000.000 bytes en \u00e9\u00e9n &hellip;<\/p>\n","protected":false},"author":43,"featured_media":0,"parent":0,"menu_order":0,"comment_status":"closed","ping_status":"closed","template":"page-legal.php","meta":{"_acf_changed":false,"footnotes":""},"class_list":["post-11837","page","type-page","status-publish","hentry"],"acf":[],"yoast_head":"<!-- This site is optimized with the Yoast SEO Premium plugin v27.4 (Yoast SEO v27.4) - https:\/\/yoast.com\/product\/yoast-seo-premium-wordpress\/ -->\n<title>Product Disclaimer - EMEA<\/title>\n<meta name=\"robots\" content=\"index, follow, max-snippet:-1, max-image-preview:large, max-video-preview:-1\" \/>\n<link rel=\"canonical\" href=\"https:\/\/www.toshiba-storage.com\/nl\/product-disclaimer\/\" \/>\n<meta property=\"og:locale\" content=\"nl_NL\" \/>\n<meta property=\"og:type\" content=\"article\" \/>\n<meta property=\"og:title\" content=\"Product Disclaimer\" \/>\n<meta property=\"og:description\" content=\"[vc_row][vc_column width=&#8221;1\/2&#8243;][vc_column_text css=&#8221;&#8221;] Algemene disclaimer Productspecificaties Alle vermelde productspecificaties zijn afhankelijk van model en configuratie en lokale beschikbaarheid. Garantie Toshiba geeft geen extra garanties dan die welke zijn opgenomen in Toshiba&#8217;s beschrijving van het afzonderlijke product, of zoals bepaald door de wet. Capaciteit E\u00e9n gigabyte (1 GB) betekent 10 9 = 1.000.000.000 bytes en \u00e9\u00e9n &hellip;\" \/>\n<meta property=\"og:url\" content=\"https:\/\/www.toshiba-storage.com\/nl\/product-disclaimer\/\" \/>\n<meta property=\"og:site_name\" content=\"EMEA\" \/>\n<meta property=\"article:publisher\" content=\"https:\/\/www.facebook.com\/ToshibaStorageEU\/\" \/>\n<meta property=\"article:modified_time\" content=\"2025-03-17T14:12:07+00:00\" \/>\n<meta name=\"twitter:card\" content=\"summary_large_image\" \/>\n<meta name=\"twitter:label1\" content=\"Est. reading time\" \/>\n\t<meta name=\"twitter:data1\" content=\"3 minutes\" \/>\n<script type=\"application\/ld+json\" class=\"yoast-schema-graph\">{\"@context\":\"https:\\\/\\\/schema.org\",\"@graph\":[{\"@type\":\"WebPage\",\"@id\":\"https:\\\/\\\/www.toshiba-storage.com\\\/nl\\\/product-disclaimer\\\/\",\"url\":\"https:\\\/\\\/www.toshiba-storage.com\\\/nl\\\/product-disclaimer\\\/\",\"name\":\"Product Disclaimer - EMEA\",\"isPartOf\":{\"@id\":\"https:\\\/\\\/www.toshiba-storage.com\\\/nl\\\/#website\"},\"datePublished\":\"2017-10-26T10:18:51+00:00\",\"dateModified\":\"2025-03-17T14:12:07+00:00\",\"inLanguage\":\"nl-NL\",\"potentialAction\":[{\"@type\":\"ReadAction\",\"target\":[\"https:\\\/\\\/www.toshiba-storage.com\\\/nl\\\/product-disclaimer\\\/\"]}]},{\"@type\":\"WebSite\",\"@id\":\"https:\\\/\\\/www.toshiba-storage.com\\\/nl\\\/#website\",\"url\":\"https:\\\/\\\/www.toshiba-storage.com\\\/nl\\\/\",\"name\":\"Toshiba Storage Solutions \u2013 EMEA Region\",\"description\":\"Toshiba in Europe and Middle East Asia provides reliable and innovative storage solutions and internal and external HDDs \u2013for Laptops, PC, NAS, Surveillance and Enterprise.\",\"publisher\":{\"@id\":\"https:\\\/\\\/www.toshiba-storage.com\\\/nl\\\/#organization\"},\"potentialAction\":[{\"@type\":\"SearchAction\",\"target\":{\"@type\":\"EntryPoint\",\"urlTemplate\":\"https:\\\/\\\/www.toshiba-storage.com\\\/nl\\\/?s={search_term_string}\"},\"query-input\":{\"@type\":\"PropertyValueSpecification\",\"valueRequired\":true,\"valueName\":\"search_term_string\"}}],\"inLanguage\":\"nl-NL\"},{\"@type\":\"Organization\",\"@id\":\"https:\\\/\\\/www.toshiba-storage.com\\\/nl\\\/#organization\",\"name\":\"Toshiba Electronics Europe GmbH\",\"url\":\"https:\\\/\\\/www.toshiba-storage.com\\\/nl\\\/\",\"logo\":{\"@type\":\"ImageObject\",\"inLanguage\":\"nl-NL\",\"@id\":\"https:\\\/\\\/www.toshiba-storage.com\\\/nl\\\/#\\\/schema\\\/logo\\\/image\\\/\",\"url\":\"https:\\\/\\\/www.toshiba-storage.com\\\/wp\\\/wp-content\\\/uploads\\\/2024\\\/02\\\/toshiba-logo.png\",\"contentUrl\":\"https:\\\/\\\/www.toshiba-storage.com\\\/wp\\\/wp-content\\\/uploads\\\/2024\\\/02\\\/toshiba-logo.png\",\"width\":263,\"height\":40,\"caption\":\"Toshiba Electronics Europe GmbH\"},\"image\":{\"@id\":\"https:\\\/\\\/www.toshiba-storage.com\\\/nl\\\/#\\\/schema\\\/logo\\\/image\\\/\"},\"sameAs\":[\"https:\\\/\\\/www.facebook.com\\\/ToshibaStorageEU\\\/\",\"https:\\\/\\\/www.linkedin.com\\\/company\\\/toshiba-electronics-europe-gmbh\\\/?originalSubdomain=de\",\"https:\\\/\\\/www.youtube.com\\\/user\\\/ToshibaElectronics1\"]}]}<\/script>\n<!-- \/ Yoast SEO Premium plugin. -->","yoast_head_json":{"title":"Product Disclaimer - EMEA","robots":{"index":"index","follow":"follow","max-snippet":"max-snippet:-1","max-image-preview":"max-image-preview:large","max-video-preview":"max-video-preview:-1"},"canonical":"https:\/\/www.toshiba-storage.com\/nl\/product-disclaimer\/","og_locale":"nl_NL","og_type":"article","og_title":"Product Disclaimer","og_description":"[vc_row][vc_column width=&#8221;1\/2&#8243;][vc_column_text css=&#8221;&#8221;] Algemene disclaimer Productspecificaties Alle vermelde productspecificaties zijn afhankelijk van model en configuratie en lokale beschikbaarheid. Garantie Toshiba geeft geen extra garanties dan die welke zijn opgenomen in Toshiba&#8217;s beschrijving van het afzonderlijke product, of zoals bepaald door de wet. Capaciteit E\u00e9n gigabyte (1 GB) betekent 10 9 = 1.000.000.000 bytes en \u00e9\u00e9n &hellip;","og_url":"https:\/\/www.toshiba-storage.com\/nl\/product-disclaimer\/","og_site_name":"EMEA","article_publisher":"https:\/\/www.facebook.com\/ToshibaStorageEU\/","article_modified_time":"2025-03-17T14:12:07+00:00","twitter_card":"summary_large_image","twitter_misc":{"Est. reading time":"3 minutes"},"schema":{"@context":"https:\/\/schema.org","@graph":[{"@type":"WebPage","@id":"https:\/\/www.toshiba-storage.com\/nl\/product-disclaimer\/","url":"https:\/\/www.toshiba-storage.com\/nl\/product-disclaimer\/","name":"Product Disclaimer - EMEA","isPartOf":{"@id":"https:\/\/www.toshiba-storage.com\/nl\/#website"},"datePublished":"2017-10-26T10:18:51+00:00","dateModified":"2025-03-17T14:12:07+00:00","inLanguage":"nl-NL","potentialAction":[{"@type":"ReadAction","target":["https:\/\/www.toshiba-storage.com\/nl\/product-disclaimer\/"]}]},{"@type":"WebSite","@id":"https:\/\/www.toshiba-storage.com\/nl\/#website","url":"https:\/\/www.toshiba-storage.com\/nl\/","name":"Toshiba Storage Solutions \u2013 EMEA Region","description":"Toshiba in Europe and Middle East Asia provides reliable and innovative storage solutions and internal and external HDDs \u2013for Laptops, PC, NAS, Surveillance and Enterprise.","publisher":{"@id":"https:\/\/www.toshiba-storage.com\/nl\/#organization"},"potentialAction":[{"@type":"SearchAction","target":{"@type":"EntryPoint","urlTemplate":"https:\/\/www.toshiba-storage.com\/nl\/?s={search_term_string}"},"query-input":{"@type":"PropertyValueSpecification","valueRequired":true,"valueName":"search_term_string"}}],"inLanguage":"nl-NL"},{"@type":"Organization","@id":"https:\/\/www.toshiba-storage.com\/nl\/#organization","name":"Toshiba Electronics Europe GmbH","url":"https:\/\/www.toshiba-storage.com\/nl\/","logo":{"@type":"ImageObject","inLanguage":"nl-NL","@id":"https:\/\/www.toshiba-storage.com\/nl\/#\/schema\/logo\/image\/","url":"https:\/\/www.toshiba-storage.com\/wp\/wp-content\/uploads\/2024\/02\/toshiba-logo.png","contentUrl":"https:\/\/www.toshiba-storage.com\/wp\/wp-content\/uploads\/2024\/02\/toshiba-logo.png","width":263,"height":40,"caption":"Toshiba Electronics Europe GmbH"},"image":{"@id":"https:\/\/www.toshiba-storage.com\/nl\/#\/schema\/logo\/image\/"},"sameAs":["https:\/\/www.facebook.com\/ToshibaStorageEU\/","https:\/\/www.linkedin.com\/company\/toshiba-electronics-europe-gmbh\/?originalSubdomain=de","https:\/\/www.youtube.com\/user\/ToshibaElectronics1"]}]}},"_links":{"self":[{"href":"https:\/\/www.toshiba-storage.com\/nl\/wp-json\/wp\/v2\/pages\/11837","targetHints":{"allow":["GET"]}}],"collection":[{"href":"https:\/\/www.toshiba-storage.com\/nl\/wp-json\/wp\/v2\/pages"}],"about":[{"href":"https:\/\/www.toshiba-storage.com\/nl\/wp-json\/wp\/v2\/types\/page"}],"author":[{"embeddable":true,"href":"https:\/\/www.toshiba-storage.com\/nl\/wp-json\/wp\/v2\/users\/43"}],"replies":[{"embeddable":true,"href":"https:\/\/www.toshiba-storage.com\/nl\/wp-json\/wp\/v2\/comments?post=11837"}],"version-history":[{"count":0,"href":"https:\/\/www.toshiba-storage.com\/nl\/wp-json\/wp\/v2\/pages\/11837\/revisions"}],"wp:attachment":[{"href":"https:\/\/www.toshiba-storage.com\/nl\/wp-json\/wp\/v2\/media?parent=11837"}],"curies":[{"name":"wp","href":"https:\/\/api.w.org\/{rel}","templated":true}]}}