{"id":41334,"date":"2020-06-30T15:44:09","date_gmt":"2020-06-30T13:44:09","guid":{"rendered":"https:\/\/toshibastoragecom-preview.preview.pslsrv.com\/data-recovery\/"},"modified":"2025-12-03T08:54:43","modified_gmt":"2025-12-03T07:54:43","slug":"data-recovery","status":"publish","type":"page","link":"https:\/\/www.toshiba-storage.com\/it\/data-recovery\/","title":{"rendered":"Recupero dati"},"content":{"rendered":"<h1 class=\"has-large-font-size\" style=\"color: #e61e1e;margin: 40px 0 40px;text-align: center;line-height: 1.1\">Desideri recuperare i dati che hai perso sul tuo hard disk?<\/h1>\n<ul class=\"listCase\" style=\"font-size: 20px;line-height: 24px;text-align: center;max-width: 530px;margin-left: auto;margin-right: auto\">\n<li style=\"text-align: left\">Hai perso tutti i tuoi ricordi a causa di un virus?<\/li>\n<li style=\"text-align: left\">Hai riformattato* per errore il tuo hard disk?<\/li>\n<li style=\"text-align: left\">Hai involontariamente eliminato\/sovrascritto file importanti?<\/li>\n<li style=\"text-align: left\">Il tuo hard disk \u00e8 caduto e non puoi pi\u00f9 accedervi?<\/li>\n<\/ul>\n<p style=\"text-align: center;font-size: 15px\">*Esistono due tipi di formattazione dell\u2019hard disk: formattazione a livello logico e fisico. In caso di formattazione fisica, i contenuti dell\u2019hard disk vengono completamente eliminati e i dati non possono essere recuperati.<\/p>\n<p class=\"p1\" style=\"text-align: center;font-size: 20px\">Prima di procedere, provare a rivolgersi a una societ\u00e0 di servizi esterna che offre servizi di recupero dati. Per tua comodit\u00e0, ti forniamo i collegamenti alle societ\u00e0 di servizi per il recupero dei dati.<\/p>\n<p style=\"text-align: center;margin-top: 30px\"><img loading=\"lazy\" decoding=\"async\" class=\"size-full wp-image-34842 aligncenter\" src=\"https:\/\/www.toshiba-storage.com\/wp\/wp-content\/uploads\/2020\/06\/20200630_Toshiba_Storage_Data_Recovery_Icon.gif\" alt=\"\" width=\"89\" height=\"96\" \/><\/p>\n<p style=\"text-align: center\">Selezionando i seguenti loghi si accettano le precedenti esclusioni di responsabilit\u00e0.<br \/>I seguenti servizi di recupero dati offerti dai Service Provider ai clienti Toshiba HDD sono a prezzo scontato.<\/p>\n<div class=\"row\">\n<div class=\"col-xs-6\" style=\"text-align: center;flex-direction: column\">\n<p style=\"flex-grow: 1;flex-direction: column;justify-content: center;align-items: center\"><a href=\"https:\/\/www.toshiba-storage.com\/link-ontrack\/\"><img loading=\"lazy\" decoding=\"async\" class=\"alignnone wp-image-39402 \" src=\"https:\/\/www.toshiba-storage.com\/wp\/wp-content\/uploads\/2020\/09\/ontrack_c-300x71.png\" alt=\"Ontrack\" width=\"232\" height=\"55\" srcset=\"https:\/\/www.toshiba-storage.com\/wp\/wp-content\/uploads\/2020\/09\/ontrack_c-300x71.png 300w, https:\/\/www.toshiba-storage.com\/wp\/wp-content\/uploads\/2020\/09\/ontrack_c-768x181.png 768w, https:\/\/www.toshiba-storage.com\/wp\/wp-content\/uploads\/2020\/09\/ontrack_c-1024x241.png 1024w, https:\/\/www.toshiba-storage.com\/wp\/wp-content\/uploads\/2020\/09\/ontrack_c.png 1785w\" sizes=\"auto, (max-width: 232px) 100vw, 232px\" \/><\/a><\/p>\n<p class=\"p1\"><a href=\"https:\/\/www.toshiba-storage.com\/link-ontrack\/\">Per saperne di pi\u00f9 su Ontrack<\/a><\/p>\n<\/div>\n<div class=\"col-xs-6\" style=\"text-align: center;flex-direction: column\">\n<p style=\"flex-grow: 1;flex-direction: column;justify-content: center;align-items: center\"><a href=\"https:\/\/www.toshiba-storage.com\/drivesavers\/\"><img loading=\"lazy\" decoding=\"async\" class=\"alignnone wp-image-39389 \" src=\"https:\/\/www.toshiba-storage.com\/wp\/wp-content\/uploads\/2020\/09\/DR_DSLogo-300x300.png\" alt=\"DriveSavers\" width=\"156\" height=\"156\" srcset=\"https:\/\/www.toshiba-storage.com\/wp\/wp-content\/uploads\/2020\/09\/DR_DSLogo-300x300.png 300w, https:\/\/www.toshiba-storage.com\/wp\/wp-content\/uploads\/2020\/09\/DR_DSLogo-150x150.png 150w, https:\/\/www.toshiba-storage.com\/wp\/wp-content\/uploads\/2020\/09\/DR_DSLogo-768x769.png 768w, https:\/\/www.toshiba-storage.com\/wp\/wp-content\/uploads\/2020\/09\/DR_DSLogo-1024x1024.png 1024w, https:\/\/www.toshiba-storage.com\/wp\/wp-content\/uploads\/2020\/09\/DR_DSLogo-450x450.png 450w, https:\/\/www.toshiba-storage.com\/wp\/wp-content\/uploads\/2020\/09\/DR_DSLogo.png 1502w\" sizes=\"auto, (max-width: 156px) 100vw, 156px\" \/><\/a><\/p>\n<p class=\"p1\"><a href=\"https:\/\/www.toshiba-storage.com\/drivesavers\/\">Per saperne di pi\u00f9 su DriveSavers<\/a><\/p>\n<\/div>\n<\/div>\n\n\n<div style=\"height:100px\" aria-hidden=\"true\" class=\"wp-block-spacer\"><\/div>\n\n\n\n<h2 class=\"wp-block-heading has-text-align-center has-large-font-size\" id=\"h-esclusione-di-responsabilita\">Esclusione di responsabilit\u00e0<\/h2>\n\n\n\n<p class=\"p1\"><br>(a) La scelta di una societ\u00e0 di servizi esterna e indipendente elencata di seguito (\u201cSociet\u00e0 di servizi\u201d) \u00e8 a rischio dell\u2019utente. L\u2019utente non \u00e8 in alcun modo limitato dalla scelta di una societ\u00e0 di servizi per il recupero dei dati diversa da quelle elencate di seguito.<\/p>\n\n\n\n<p class=\"p1\">(b) Qualsiasi accordo con una Societ\u00e0 di servizi per il recupero dei dati viene sottoscritto esclusivamente tra l\u2019utente e la Societ\u00e0 di servizi. Toshiba Electronics Europe GmbH e le sue affiliate (collettivamente indicate nel prosieguo come \u201cTOSHIBA\u201d) non diventeranno in alcun caso Parte di tale accordo.<\/p>\n\n\n\n<p class=\"p1\">(c) TOSHIBA NON RILASCIA ALCUNA GARANZIA, SIA ESSA ESPLICITA O IMPLICITA, E NON RICONOSCE ESPRESSAMENTE ALCUNA GARANZIA IN MERITO AI SERVIZI FORNITI DA UNA SOCIET\u00c0 DI SERVIZI ESTERNA E INDIPENDENTE, COMPRESA, A MERO TITOLO INFORMATIVO E NON LIMITATIVO, ALCUNA GARANZIA IN MERITO ALLA QUALIT\u00c0 O AFFIDABILIT\u00c0 DEI SERVIZI DELLA SOCIET\u00c0 DI SERVIZI ESTERNA E INDIPENDENTE, ALL\u2019ANTI-CONTRAFFAZIONE, COMMERCIABILIT\u00c0 O IDONEIT\u00c0 PER UNO SCOPO SPECIFICO.<\/p>\n\n\n\n<p class=\"p1\">(d) L\u2019utilizzo dei servizi di recupero dati da una Societ\u00e0 di servizi non invalida la Garanzia Toshiba per qualsiasi hard disk Toshiba interno ed esterno (\u201chard disk\u201d) di cui beneficia un utente finale che ha acquistato un hard disk (\u201cGaranzia Toshiba\u201d). Tuttavia, se a seguito dei servizi di recupero dati da parte della Societ\u00e0 di servizi l\u2019hard disk \u00e8 stato danneggiato o reso difettoso, la Garanzia Toshiba non sar\u00e0 valida per tale danno o difetto.<\/p>\n\n\n\n<p class=\"p1\">(e) In virt\u00f9 della Garanzia Toshiba, TOSHIBA non si assume alcuna responsabilit\u00e0 per eventuali danni o difetti di qualsivoglia natura correlati o derivanti dall\u2019esecuzione dei servizi da parte di una Societ\u00e0 di servizi, compresi, a mero titolo informativo e non limitativo, perdite o danni ai dati contenuti su un hard disk Toshiba, ad esempio attribuibili a errato utilizzo o manomissione, usi non previsti o altre cause cos\u00ec come specificate nella Garanzia Toshiba. \u00c8 responsabilit\u00e0 dell\u2019utente salvare (eseguire il backup) di qualsiasi dato. TOSHIBA non garantisce o copre perdite di natura finanziaria o altra natura causate dalla perdita di dati.<\/p>\n\n\n\n<p class=\"p1\">(f) Le effettive condizioni dei servizi di recupero dati sono soggette alle istruzioni delle pagine Web di ciascun Service Provider.<\/p>\n\n\n\n<p class=\"has-text-align-center\">&nbsp;<\/p>\n\n\n\n<p>&nbsp;<\/p>\n","protected":false},"excerpt":{"rendered":"<p>Desideri recuperare i dati che hai perso sul tuo hard disk? Hai perso tutti i tuoi ricordi a causa di un virus? Hai riformattato* per errore il tuo hard disk? Hai involontariamente eliminato\/sovrascritto file importanti? Il tuo hard disk \u00e8 caduto e non puoi pi\u00f9 accedervi? *Esistono due tipi di formattazione dell\u2019hard disk: formattazione a &hellip;<\/p>\n","protected":false},"author":30,"featured_media":45686,"parent":0,"menu_order":0,"comment_status":"closed","ping_status":"closed","template":"page-content-with-hero.php","meta":{"_acf_changed":false,"footnotes":""},"class_list":["post-41334","page","type-page","status-publish","has-post-thumbnail","hentry"],"acf":[],"yoast_head":"<!-- This site is optimized with the Yoast SEO Premium plugin v27.3 (Yoast SEO v27.3) - https:\/\/yoast.com\/product\/yoast-seo-premium-wordpress\/ -->\n<title>Recupero dati - EMEA<\/title>\n<meta name=\"robots\" content=\"index, follow, max-snippet:-1, max-image-preview:large, max-video-preview:-1\" \/>\n<link rel=\"canonical\" href=\"https:\/\/www.toshiba-storage.com\/it\/data-recovery\/\" \/>\n<meta property=\"og:locale\" content=\"it_IT\" \/>\n<meta property=\"og:type\" content=\"article\" \/>\n<meta property=\"og:title\" content=\"Recupero dati\" \/>\n<meta property=\"og:description\" content=\"Desideri recuperare i dati che hai perso sul tuo hard disk? Hai perso tutti i tuoi ricordi a causa di un virus? Hai riformattato* per errore il tuo hard disk? Hai involontariamente eliminato\/sovrascritto file importanti? Il tuo hard disk \u00e8 caduto e non puoi pi\u00f9 accedervi? *Esistono due tipi di formattazione dell\u2019hard disk: formattazione a &hellip;\" \/>\n<meta property=\"og:url\" content=\"https:\/\/www.toshiba-storage.com\/it\/data-recovery\/\" \/>\n<meta property=\"og:site_name\" content=\"EMEA\" \/>\n<meta property=\"article:publisher\" content=\"https:\/\/www.facebook.com\/ToshibaStorageEU\/\" \/>\n<meta property=\"article:modified_time\" content=\"2025-12-03T07:54:43+00:00\" \/>\n<meta property=\"og:image\" content=\"https:\/\/www.toshiba-storage.com\/wp\/wp-content\/uploads\/2021\/06\/TOSH_Kachel_Data_Recovery_450x450_V2.jpg\" \/>\n\t<meta property=\"og:image:width\" content=\"450\" \/>\n\t<meta property=\"og:image:height\" content=\"450\" \/>\n\t<meta property=\"og:image:type\" content=\"image\/jpeg\" \/>\n<meta name=\"twitter:card\" content=\"summary_large_image\" \/>\n<meta name=\"twitter:label1\" content=\"Est. reading time\" \/>\n\t<meta name=\"twitter:data1\" content=\"4 minutes\" \/>\n<script type=\"application\/ld+json\" class=\"yoast-schema-graph\">{\"@context\":\"https:\\\/\\\/schema.org\",\"@graph\":[{\"@type\":\"WebPage\",\"@id\":\"https:\\\/\\\/www.toshiba-storage.com\\\/it\\\/data-recovery\\\/\",\"url\":\"https:\\\/\\\/www.toshiba-storage.com\\\/it\\\/data-recovery\\\/\",\"name\":\"Recupero dati - EMEA\",\"isPartOf\":{\"@id\":\"https:\\\/\\\/www.toshiba-storage.com\\\/it\\\/#website\"},\"primaryImageOfPage\":{\"@id\":\"https:\\\/\\\/www.toshiba-storage.com\\\/it\\\/data-recovery\\\/#primaryimage\"},\"image\":{\"@id\":\"https:\\\/\\\/www.toshiba-storage.com\\\/it\\\/data-recovery\\\/#primaryimage\"},\"thumbnailUrl\":\"https:\\\/\\\/www.toshiba-storage.com\\\/wp\\\/wp-content\\\/uploads\\\/2021\\\/06\\\/TOSH_Kachel_Data_Recovery_450x450_V2.jpg\",\"datePublished\":\"2020-06-30T13:44:09+00:00\",\"dateModified\":\"2025-12-03T07:54:43+00:00\",\"inLanguage\":\"it-IT\",\"potentialAction\":[{\"@type\":\"ReadAction\",\"target\":[\"https:\\\/\\\/www.toshiba-storage.com\\\/it\\\/data-recovery\\\/\"]}]},{\"@type\":\"ImageObject\",\"inLanguage\":\"it-IT\",\"@id\":\"https:\\\/\\\/www.toshiba-storage.com\\\/it\\\/data-recovery\\\/#primaryimage\",\"url\":\"https:\\\/\\\/www.toshiba-storage.com\\\/wp\\\/wp-content\\\/uploads\\\/2021\\\/06\\\/TOSH_Kachel_Data_Recovery_450x450_V2.jpg\",\"contentUrl\":\"https:\\\/\\\/www.toshiba-storage.com\\\/wp\\\/wp-content\\\/uploads\\\/2021\\\/06\\\/TOSH_Kachel_Data_Recovery_450x450_V2.jpg\",\"width\":450,\"height\":450},{\"@type\":\"WebSite\",\"@id\":\"https:\\\/\\\/www.toshiba-storage.com\\\/it\\\/#website\",\"url\":\"https:\\\/\\\/www.toshiba-storage.com\\\/it\\\/\",\"name\":\"Toshiba Storage Solutions \u2013 EMEA Region\",\"description\":\"Toshiba in Europe and Middle East Asia provides reliable and innovative storage solutions and internal and external HDDs \u2013for Laptops, PC, NAS, Surveillance and Enterprise.\",\"publisher\":{\"@id\":\"https:\\\/\\\/www.toshiba-storage.com\\\/it\\\/#organization\"},\"potentialAction\":[{\"@type\":\"SearchAction\",\"target\":{\"@type\":\"EntryPoint\",\"urlTemplate\":\"https:\\\/\\\/www.toshiba-storage.com\\\/it\\\/?s={search_term_string}\"},\"query-input\":{\"@type\":\"PropertyValueSpecification\",\"valueRequired\":true,\"valueName\":\"search_term_string\"}}],\"inLanguage\":\"it-IT\"},{\"@type\":\"Organization\",\"@id\":\"https:\\\/\\\/www.toshiba-storage.com\\\/it\\\/#organization\",\"name\":\"Toshiba Electronics Europe GmbH\",\"url\":\"https:\\\/\\\/www.toshiba-storage.com\\\/it\\\/\",\"logo\":{\"@type\":\"ImageObject\",\"inLanguage\":\"it-IT\",\"@id\":\"https:\\\/\\\/www.toshiba-storage.com\\\/it\\\/#\\\/schema\\\/logo\\\/image\\\/\",\"url\":\"https:\\\/\\\/www.toshiba-storage.com\\\/wp\\\/wp-content\\\/uploads\\\/2024\\\/02\\\/toshiba-logo.png\",\"contentUrl\":\"https:\\\/\\\/www.toshiba-storage.com\\\/wp\\\/wp-content\\\/uploads\\\/2024\\\/02\\\/toshiba-logo.png\",\"width\":263,\"height\":40,\"caption\":\"Toshiba Electronics Europe GmbH\"},\"image\":{\"@id\":\"https:\\\/\\\/www.toshiba-storage.com\\\/it\\\/#\\\/schema\\\/logo\\\/image\\\/\"},\"sameAs\":[\"https:\\\/\\\/www.facebook.com\\\/ToshibaStorageEU\\\/\",\"https:\\\/\\\/www.linkedin.com\\\/company\\\/toshiba-electronics-europe-gmbh\\\/?originalSubdomain=de\",\"https:\\\/\\\/www.youtube.com\\\/user\\\/ToshibaElectronics1\"]}]}<\/script>\n<!-- \/ Yoast SEO Premium plugin. -->","yoast_head_json":{"title":"Recupero dati - EMEA","robots":{"index":"index","follow":"follow","max-snippet":"max-snippet:-1","max-image-preview":"max-image-preview:large","max-video-preview":"max-video-preview:-1"},"canonical":"https:\/\/www.toshiba-storage.com\/it\/data-recovery\/","og_locale":"it_IT","og_type":"article","og_title":"Recupero dati","og_description":"Desideri recuperare i dati che hai perso sul tuo hard disk? Hai perso tutti i tuoi ricordi a causa di un virus? Hai riformattato* per errore il tuo hard disk? Hai involontariamente eliminato\/sovrascritto file importanti? Il tuo hard disk \u00e8 caduto e non puoi pi\u00f9 accedervi? *Esistono due tipi di formattazione dell\u2019hard disk: formattazione a &hellip;","og_url":"https:\/\/www.toshiba-storage.com\/it\/data-recovery\/","og_site_name":"EMEA","article_publisher":"https:\/\/www.facebook.com\/ToshibaStorageEU\/","article_modified_time":"2025-12-03T07:54:43+00:00","og_image":[{"width":450,"height":450,"url":"https:\/\/www.toshiba-storage.com\/wp\/wp-content\/uploads\/2021\/06\/TOSH_Kachel_Data_Recovery_450x450_V2.jpg","type":"image\/jpeg"}],"twitter_card":"summary_large_image","twitter_misc":{"Est. reading time":"4 minutes"},"schema":{"@context":"https:\/\/schema.org","@graph":[{"@type":"WebPage","@id":"https:\/\/www.toshiba-storage.com\/it\/data-recovery\/","url":"https:\/\/www.toshiba-storage.com\/it\/data-recovery\/","name":"Recupero dati - EMEA","isPartOf":{"@id":"https:\/\/www.toshiba-storage.com\/it\/#website"},"primaryImageOfPage":{"@id":"https:\/\/www.toshiba-storage.com\/it\/data-recovery\/#primaryimage"},"image":{"@id":"https:\/\/www.toshiba-storage.com\/it\/data-recovery\/#primaryimage"},"thumbnailUrl":"https:\/\/www.toshiba-storage.com\/wp\/wp-content\/uploads\/2021\/06\/TOSH_Kachel_Data_Recovery_450x450_V2.jpg","datePublished":"2020-06-30T13:44:09+00:00","dateModified":"2025-12-03T07:54:43+00:00","inLanguage":"it-IT","potentialAction":[{"@type":"ReadAction","target":["https:\/\/www.toshiba-storage.com\/it\/data-recovery\/"]}]},{"@type":"ImageObject","inLanguage":"it-IT","@id":"https:\/\/www.toshiba-storage.com\/it\/data-recovery\/#primaryimage","url":"https:\/\/www.toshiba-storage.com\/wp\/wp-content\/uploads\/2021\/06\/TOSH_Kachel_Data_Recovery_450x450_V2.jpg","contentUrl":"https:\/\/www.toshiba-storage.com\/wp\/wp-content\/uploads\/2021\/06\/TOSH_Kachel_Data_Recovery_450x450_V2.jpg","width":450,"height":450},{"@type":"WebSite","@id":"https:\/\/www.toshiba-storage.com\/it\/#website","url":"https:\/\/www.toshiba-storage.com\/it\/","name":"Toshiba Storage Solutions \u2013 EMEA Region","description":"Toshiba in Europe and Middle East Asia provides reliable and innovative storage solutions and internal and external HDDs \u2013for Laptops, PC, NAS, Surveillance and Enterprise.","publisher":{"@id":"https:\/\/www.toshiba-storage.com\/it\/#organization"},"potentialAction":[{"@type":"SearchAction","target":{"@type":"EntryPoint","urlTemplate":"https:\/\/www.toshiba-storage.com\/it\/?s={search_term_string}"},"query-input":{"@type":"PropertyValueSpecification","valueRequired":true,"valueName":"search_term_string"}}],"inLanguage":"it-IT"},{"@type":"Organization","@id":"https:\/\/www.toshiba-storage.com\/it\/#organization","name":"Toshiba Electronics Europe GmbH","url":"https:\/\/www.toshiba-storage.com\/it\/","logo":{"@type":"ImageObject","inLanguage":"it-IT","@id":"https:\/\/www.toshiba-storage.com\/it\/#\/schema\/logo\/image\/","url":"https:\/\/www.toshiba-storage.com\/wp\/wp-content\/uploads\/2024\/02\/toshiba-logo.png","contentUrl":"https:\/\/www.toshiba-storage.com\/wp\/wp-content\/uploads\/2024\/02\/toshiba-logo.png","width":263,"height":40,"caption":"Toshiba Electronics Europe GmbH"},"image":{"@id":"https:\/\/www.toshiba-storage.com\/it\/#\/schema\/logo\/image\/"},"sameAs":["https:\/\/www.facebook.com\/ToshibaStorageEU\/","https:\/\/www.linkedin.com\/company\/toshiba-electronics-europe-gmbh\/?originalSubdomain=de","https:\/\/www.youtube.com\/user\/ToshibaElectronics1"]}]}},"_links":{"self":[{"href":"https:\/\/www.toshiba-storage.com\/it\/wp-json\/wp\/v2\/pages\/41334","targetHints":{"allow":["GET"]}}],"collection":[{"href":"https:\/\/www.toshiba-storage.com\/it\/wp-json\/wp\/v2\/pages"}],"about":[{"href":"https:\/\/www.toshiba-storage.com\/it\/wp-json\/wp\/v2\/types\/page"}],"author":[{"embeddable":true,"href":"https:\/\/www.toshiba-storage.com\/it\/wp-json\/wp\/v2\/users\/30"}],"replies":[{"embeddable":true,"href":"https:\/\/www.toshiba-storage.com\/it\/wp-json\/wp\/v2\/comments?post=41334"}],"version-history":[{"count":0,"href":"https:\/\/www.toshiba-storage.com\/it\/wp-json\/wp\/v2\/pages\/41334\/revisions"}],"wp:featuredmedia":[{"embeddable":true,"href":"https:\/\/www.toshiba-storage.com\/it\/wp-json\/wp\/v2\/media\/45686"}],"wp:attachment":[{"href":"https:\/\/www.toshiba-storage.com\/it\/wp-json\/wp\/v2\/media?parent=41334"}],"curies":[{"name":"wp","href":"https:\/\/api.w.org\/{rel}","templated":true}]}}