{"id":41286,"date":"2020-07-02T12:10:12","date_gmt":"2020-07-02T10:10:12","guid":{"rendered":"https:\/\/toshibastoragecom-preview.preview.pslsrv.com\/data_recovery_service_provider_info\/"},"modified":"2021-03-04T09:11:21","modified_gmt":"2021-03-04T08:11:21","slug":"data_recovery_service_provider_info","status":"publish","type":"page","link":"https:\/\/www.toshiba-storage.com\/it\/data_recovery_service_provider_info\/","title":{"rendered":"Informazioni sulle societ\u00e0 di servizi per il recupero dei dati"},"content":{"rendered":"<div id=\"main\">\r\n<div id=\"mainInner\">\r\n<section id=\"cont\">\r\n<div class=\"titWrap\">\r\n<h2 id=\"faqTit\" class=\"titMain\" style=\"text-align: center;\"><span class=\"mdlImg\"><br \/><img loading=\"lazy\" decoding=\"async\" class=\"size-full wp-image-34843 aligncenter\" src=\"https:\/\/www.toshiba-storage.com\/wp-content\/uploads\/2020\/06\/20200630_Toshiba_Storage_Data_Recovery_Icon.gif\" alt=\"\" width=\"89\" height=\"96\" \/><\/span><\/h2>\r\n<p>&nbsp;<\/p>\r\n<\/div>\r\n<p class=\"clickNote attention\" style=\"text-align: center; color: red;\"><strong>Leggere e accettare la seguente esclusione di responsabilit\u00e0 prima di accedere a una delle societ\u00e0 di servizi elencate di seguito.<\/strong><\/p>\r\n<p>&nbsp;<\/p>\r\n<div class=\"blockNote block20\">\r\n<p class=\"text\" style=\"text-align: left; font-size: 25px;\">Esclusione di responsabilit\u00e0<\/p>\r\n<p class=\"p1\">(a) \u00a0 La scelta di una societ\u00e0 di servizi esterna e indipendente elencata di seguito (\u201cSociet\u00e0 di servizi\u201d) \u00e8 a rischio dell\u2019utente. L\u2019utente non \u00e8 in alcun modo limitato dalla scelta di una societ\u00e0 di servizi per il recupero dei dati diversa da quelle elencate di seguito.<\/p>\r\n<p class=\"p1\"><span data-sheets-value=\"{&quot;1&quot;:2,&quot;2&quot;:&quot;(b)\u00a0\u00a0\u00a0 Qualsiasi accordo con una Societ\u00e0 di servizi per il recupero dei dati viene sottoscritto esclusivamente tra l\u2019utente e la Societ\u00e0 di servizi. Toshiba Electronics Europe GmbH e le sue affiliate (collettivamente indicate nel prosieguo come \u201cTOSHIBA\u201d) non diventeranno in alcun caso Parte di tale accordo.&quot;}\" data-sheets-userformat=\"{&quot;2&quot;:10685,&quot;3&quot;:{&quot;1&quot;:0,&quot;3&quot;:1},&quot;5&quot;:{&quot;1&quot;:[{&quot;1&quot;:2,&quot;2&quot;:0,&quot;5&quot;:{&quot;1&quot;:2,&quot;2&quot;:0}},{&quot;1&quot;:0,&quot;2&quot;:0,&quot;3&quot;:3},{&quot;1&quot;:1,&quot;2&quot;:0,&quot;4&quot;:1}]},&quot;6&quot;:{&quot;1&quot;:[{&quot;1&quot;:2,&quot;2&quot;:0,&quot;5&quot;:{&quot;1&quot;:2,&quot;2&quot;:0}},{&quot;1&quot;:0,&quot;2&quot;:0,&quot;3&quot;:3},{&quot;1&quot;:1,&quot;2&quot;:0,&quot;4&quot;:1}]},&quot;7&quot;:{&quot;1&quot;:[{&quot;1&quot;:2,&quot;2&quot;:0,&quot;5&quot;:{&quot;1&quot;:2,&quot;2&quot;:0}},{&quot;1&quot;:0,&quot;2&quot;:0,&quot;3&quot;:3},{&quot;1&quot;:1,&quot;2&quot;:0,&quot;4&quot;:1}]},&quot;8&quot;:{&quot;1&quot;:[{&quot;1&quot;:2,&quot;2&quot;:0,&quot;5&quot;:{&quot;1&quot;:2,&quot;2&quot;:0}},{&quot;1&quot;:0,&quot;2&quot;:0,&quot;3&quot;:3},{&quot;1&quot;:1,&quot;2&quot;:0,&quot;4&quot;:1}]},&quot;10&quot;:0,&quot;11&quot;:4,&quot;14&quot;:{&quot;1&quot;:3,&quot;3&quot;:1},&quot;16&quot;:11}\">(b)\u00a0\u00a0\u00a0 Qualsiasi accordo con una Societ\u00e0 di servizi per il recupero dei dati viene sottoscritto esclusivamente tra l\u2019utente e la Societ\u00e0 di servizi. Toshiba Electronics Europe GmbH e le sue affiliate (collettivamente indicate nel prosieguo come \u201cTOSHIBA\u201d) non diventeranno in alcun caso Parte di tale accordo.<\/span><\/p>\r\n<p class=\"p1\">(c)\u00a0\u00a0\u00a0 TOSHIBA NON RILASCIA ALCUNA GARANZIA, SIA ESSA ESPLICITA O IMPLICITA, E NON RICONOSCE ESPRESSAMENTE ALCUNA GARANZIA IN MERITO AI SERVIZI FORNITI DA UNA SOCIET\u00c0 DI SERVIZI ESTERNA E INDIPENDENTE, COMPRESA, A MERO TITOLO INFORMATIVO E NON LIMITATIVO, ALCUNA GARANZIA IN MERITO ALLA QUALIT\u00c0 O AFFIDABILIT\u00c0 DEI SERVIZI DELLA SOCIET\u00c0 DI SERVIZI ESTERNA E INDIPENDENTE, ALL\u2019ANTI-CONTRAFFAZIONE, COMMERCIABILIT\u00c0 O IDONEIT\u00c0 PER UNO SCOPO SPECIFICO.<\/p>\r\n<p class=\"p1\">(d)\u00a0\u00a0\u00a0 L\u2019utilizzo dei servizi di recupero dati da una Societ\u00e0 di servizi non invalida la Garanzia Toshiba per qualsiasi hard disk Toshiba interno ed esterno (\u201chard disk\u201d) di cui beneficia un utente finale che ha acquistato un hard disk (\u201cGaranzia Toshiba\u201d). Tuttavia, se a seguito dei servizi di recupero dati da parte della Societ\u00e0 di servizi l\u2019hard disk \u00e8 stato danneggiato o reso difettoso, la Garanzia Toshiba non sar\u00e0 valida per tale danno o difetto.<\/p>\r\n<p class=\"p1\">(e) In virt\u00f9 della Garanzia Toshiba, TOSHIBA non si assume alcuna responsabilit\u00e0 per eventuali danni o difetti di qualsivoglia natura correlati o derivanti dall\u2019esecuzione dei servizi da parte di una Societ\u00e0 di servizi, compresi, a mero titolo informativo e non limitativo, perdite o danni ai dati contenuti su un hard disk Toshiba, ad esempio attribuibili a errato utilizzo o manomissione, usi non previsti o altre cause cos\u00ec come specificate nella Garanzia Toshiba. \u00c8 responsabilit\u00e0 dell&#8217;utente salvare (eseguire il backup) di qualsiasi dato. TOSHIBA non garantisce o copre perdite di natura finanziaria o altra natura causate dalla perdita di dati.<\/p>\r\n<p class=\"p1\">(f) Le effettive condizioni dei servizi di recupero dati sono soggette alle istruzioni delle pagine Web di ciascun Service Provider.<\/p>\r\n<\/div>\r\n<br \/><br \/>\r\n<p style=\"text-align: center;\">Selezionando i seguenti loghi si accettano le precedenti esclusioni di responsabilit\u00e0.<br \/>I seguenti servizi di recupero dati offerti dai Service Provider ai clienti Toshiba HDD sono a prezzo scontato.<\/p>\r\n<div>\r\n<table style=\"width: 100%;\">\r\n<tbody>\r\n<tr>\r\n<th style=\"text-align: center;\"><a href=\"https:\/\/www.toshiba-storage.com\/it\/link-ontrack\/\"><img loading=\"lazy\" decoding=\"async\" class=\"alignnone wp-image-39403 \" src=\"https:\/\/www.toshiba-storage.com\/wp-content\/uploads\/2020\/09\/ontrack_c-300x71.png\" alt=\"\" width=\"232\" height=\"55\" srcset=\"https:\/\/www.toshiba-storage.com\/wp\/wp-content\/uploads\/2020\/09\/ontrack_c-300x71.png 300w, https:\/\/www.toshiba-storage.com\/wp\/wp-content\/uploads\/2020\/09\/ontrack_c-768x181.png 768w, https:\/\/www.toshiba-storage.com\/wp\/wp-content\/uploads\/2020\/09\/ontrack_c-1024x241.png 1024w, https:\/\/www.toshiba-storage.com\/wp\/wp-content\/uploads\/2020\/09\/ontrack_c.png 1785w\" sizes=\"auto, (max-width: 232px) 100vw, 232px\" \/><\/a><\/th>\r\n<th style=\"text-align: center;\"><a href=\"https:\/\/www.toshiba-storage.com\/it\/drivesavers\/\"><img loading=\"lazy\" decoding=\"async\" class=\"alignnone wp-image-39391 \" src=\"https:\/\/www.toshiba-storage.com\/wp-content\/uploads\/2020\/09\/DR_DSLogo-300x300.png\" alt=\"\" width=\"156\" height=\"156\" srcset=\"https:\/\/www.toshiba-storage.com\/wp\/wp-content\/uploads\/2020\/09\/DR_DSLogo-300x300.png 300w, https:\/\/www.toshiba-storage.com\/wp\/wp-content\/uploads\/2020\/09\/DR_DSLogo-150x150.png 150w, https:\/\/www.toshiba-storage.com\/wp\/wp-content\/uploads\/2020\/09\/DR_DSLogo-768x769.png 768w, https:\/\/www.toshiba-storage.com\/wp\/wp-content\/uploads\/2020\/09\/DR_DSLogo-1024x1024.png 1024w, https:\/\/www.toshiba-storage.com\/wp\/wp-content\/uploads\/2020\/09\/DR_DSLogo-450x450.png 450w, https:\/\/www.toshiba-storage.com\/wp\/wp-content\/uploads\/2020\/09\/DR_DSLogo.png 1502w\" sizes=\"auto, (max-width: 156px) 100vw, 156px\" \/><\/a><\/th>\r\n<\/tr>\r\n<tr>\r\n<th style=\"text-align: center;\">\r\n<p><a href=\"https:\/\/www.toshiba-storage.com\/it\/link-ontrack\/\"><strong>Ontrack<\/strong><\/a><\/p>\r\n<p><a href=\"https:\/\/www.toshiba-storage.com\/it\/link-ontrack\/\"><span style=\"color: #000000; font-family: Calibri; font-size: medium;\">Fai clic qui per visualizzare lo sconto<\/span><\/a><\/p>\r\n<\/th>\r\n<th style=\"text-align: center;\">\r\n<p><a href=\"https:\/\/www.toshiba-storage.com\/it\/drivesavers\/\"><strong>Drivesavers<\/strong><\/a><\/p>\r\n<p><a href=\"https:\/\/www.toshiba-storage.com\/it\/drivesavers\/\"><span style=\"color: #000000; font-family: Calibri; font-size: medium;\">Fai clic qui per visualizzare lo sconto<\/span><\/a><\/p>\r\n<\/th>\r\n<\/tr>\r\n<\/tbody>\r\n<\/table>\r\n<\/div>\r\n<\/section>\r\n<\/div>\r\n<p><strong><!-- \/#mainInner --><\/strong><\/p>\r\n<\/div>\r\n\r\n<p>&nbsp;<\/p>\r\n","protected":false},"excerpt":{"rendered":"<p>&nbsp; Leggere e accettare la seguente esclusione di responsabilit\u00e0 prima di accedere a una delle societ\u00e0 di servizi elencate di seguito. &nbsp; Esclusione di responsabilit\u00e0 (a) \u00a0 La scelta di una societ\u00e0 di servizi esterna e indipendente elencata di seguito (\u201cSociet\u00e0 di servizi\u201d) \u00e8 a rischio dell\u2019utente. L\u2019utente non \u00e8 in alcun modo limitato dalla &hellip;<\/p>\n","protected":false},"author":30,"featured_media":0,"parent":0,"menu_order":0,"comment_status":"closed","ping_status":"closed","template":"page-legal.php","meta":{"_acf_changed":false,"footnotes":""},"class_list":["post-41286","page","type-page","status-publish","hentry"],"acf":[],"yoast_head":"<!-- This site is optimized with the Yoast SEO Premium plugin v27.4 (Yoast SEO v27.4) - https:\/\/yoast.com\/product\/yoast-seo-premium-wordpress\/ -->\n<title>Informazioni sulle societ\u00e0 di servizi per il recupero dei dati - EMEA<\/title>\n<meta name=\"robots\" content=\"index, follow, max-snippet:-1, max-image-preview:large, max-video-preview:-1\" \/>\n<link rel=\"canonical\" href=\"https:\/\/www.toshiba-storage.com\/it\/data_recovery_service_provider_info\/\" \/>\n<meta property=\"og:locale\" content=\"it_IT\" \/>\n<meta property=\"og:type\" content=\"article\" \/>\n<meta property=\"og:title\" content=\"Informazioni sulle societ\u00e0 di servizi per il recupero dei dati\" \/>\n<meta property=\"og:description\" content=\"&nbsp; Leggere e accettare la seguente esclusione di responsabilit\u00e0 prima di accedere a una delle societ\u00e0 di servizi elencate di seguito. &nbsp; Esclusione di responsabilit\u00e0 (a) \u00a0 La scelta di una societ\u00e0 di servizi esterna e indipendente elencata di seguito (\u201cSociet\u00e0 di servizi\u201d) \u00e8 a rischio dell\u2019utente. L\u2019utente non \u00e8 in alcun modo limitato dalla &hellip;\" \/>\n<meta property=\"og:url\" content=\"https:\/\/www.toshiba-storage.com\/it\/data_recovery_service_provider_info\/\" \/>\n<meta property=\"og:site_name\" content=\"EMEA\" \/>\n<meta property=\"article:publisher\" content=\"https:\/\/www.facebook.com\/ToshibaStorageEU\/\" \/>\n<meta property=\"article:modified_time\" content=\"2021-03-04T08:11:21+00:00\" \/>\n<meta property=\"og:image\" content=\"https:\/\/www.wwwtoshibastoragecom.psl.dev\/wp-content\/uploads\/2020\/06\/20200630_Toshiba_Storage_Data_Recovery_Icon.gif\" \/>\n<meta name=\"twitter:card\" content=\"summary_large_image\" \/>\n<meta name=\"twitter:label1\" content=\"Est. reading time\" \/>\n\t<meta name=\"twitter:data1\" content=\"2 minutes\" \/>\n<script type=\"application\/ld+json\" class=\"yoast-schema-graph\">{\"@context\":\"https:\\\/\\\/schema.org\",\"@graph\":[{\"@type\":\"WebPage\",\"@id\":\"https:\\\/\\\/www.toshiba-storage.com\\\/it\\\/data_recovery_service_provider_info\\\/\",\"url\":\"https:\\\/\\\/www.toshiba-storage.com\\\/it\\\/data_recovery_service_provider_info\\\/\",\"name\":\"Informazioni sulle societ\u00e0 di servizi per il recupero dei dati - EMEA\",\"isPartOf\":{\"@id\":\"https:\\\/\\\/www.toshiba-storage.com\\\/it\\\/#website\"},\"primaryImageOfPage\":{\"@id\":\"https:\\\/\\\/www.toshiba-storage.com\\\/it\\\/data_recovery_service_provider_info\\\/#primaryimage\"},\"image\":{\"@id\":\"https:\\\/\\\/www.toshiba-storage.com\\\/it\\\/data_recovery_service_provider_info\\\/#primaryimage\"},\"thumbnailUrl\":\"https:\\\/\\\/www.toshiba-storage.com\\\/wp-content\\\/uploads\\\/2020\\\/06\\\/20200630_Toshiba_Storage_Data_Recovery_Icon.gif\",\"datePublished\":\"2020-07-02T10:10:12+00:00\",\"dateModified\":\"2021-03-04T08:11:21+00:00\",\"inLanguage\":\"it-IT\",\"potentialAction\":[{\"@type\":\"ReadAction\",\"target\":[\"https:\\\/\\\/www.toshiba-storage.com\\\/it\\\/data_recovery_service_provider_info\\\/\"]}]},{\"@type\":\"ImageObject\",\"inLanguage\":\"it-IT\",\"@id\":\"https:\\\/\\\/www.toshiba-storage.com\\\/it\\\/data_recovery_service_provider_info\\\/#primaryimage\",\"url\":\"https:\\\/\\\/www.toshiba-storage.com\\\/wp-content\\\/uploads\\\/2020\\\/06\\\/20200630_Toshiba_Storage_Data_Recovery_Icon.gif\",\"contentUrl\":\"https:\\\/\\\/www.toshiba-storage.com\\\/wp-content\\\/uploads\\\/2020\\\/06\\\/20200630_Toshiba_Storage_Data_Recovery_Icon.gif\"},{\"@type\":\"WebSite\",\"@id\":\"https:\\\/\\\/www.toshiba-storage.com\\\/it\\\/#website\",\"url\":\"https:\\\/\\\/www.toshiba-storage.com\\\/it\\\/\",\"name\":\"Toshiba Storage Solutions \u2013 EMEA Region\",\"description\":\"Toshiba in Europe and Middle East Asia provides reliable and innovative storage solutions and internal and external HDDs \u2013for Laptops, PC, NAS, Surveillance and Enterprise.\",\"publisher\":{\"@id\":\"https:\\\/\\\/www.toshiba-storage.com\\\/it\\\/#organization\"},\"potentialAction\":[{\"@type\":\"SearchAction\",\"target\":{\"@type\":\"EntryPoint\",\"urlTemplate\":\"https:\\\/\\\/www.toshiba-storage.com\\\/it\\\/?s={search_term_string}\"},\"query-input\":{\"@type\":\"PropertyValueSpecification\",\"valueRequired\":true,\"valueName\":\"search_term_string\"}}],\"inLanguage\":\"it-IT\"},{\"@type\":\"Organization\",\"@id\":\"https:\\\/\\\/www.toshiba-storage.com\\\/it\\\/#organization\",\"name\":\"Toshiba Electronics Europe GmbH\",\"url\":\"https:\\\/\\\/www.toshiba-storage.com\\\/it\\\/\",\"logo\":{\"@type\":\"ImageObject\",\"inLanguage\":\"it-IT\",\"@id\":\"https:\\\/\\\/www.toshiba-storage.com\\\/it\\\/#\\\/schema\\\/logo\\\/image\\\/\",\"url\":\"https:\\\/\\\/www.toshiba-storage.com\\\/wp\\\/wp-content\\\/uploads\\\/2024\\\/02\\\/toshiba-logo.png\",\"contentUrl\":\"https:\\\/\\\/www.toshiba-storage.com\\\/wp\\\/wp-content\\\/uploads\\\/2024\\\/02\\\/toshiba-logo.png\",\"width\":263,\"height\":40,\"caption\":\"Toshiba Electronics Europe GmbH\"},\"image\":{\"@id\":\"https:\\\/\\\/www.toshiba-storage.com\\\/it\\\/#\\\/schema\\\/logo\\\/image\\\/\"},\"sameAs\":[\"https:\\\/\\\/www.facebook.com\\\/ToshibaStorageEU\\\/\",\"https:\\\/\\\/www.linkedin.com\\\/company\\\/toshiba-electronics-europe-gmbh\\\/?originalSubdomain=de\",\"https:\\\/\\\/www.youtube.com\\\/user\\\/ToshibaElectronics1\"]}]}<\/script>\n<!-- \/ Yoast SEO Premium plugin. -->","yoast_head_json":{"title":"Informazioni sulle societ\u00e0 di servizi per il recupero dei dati - EMEA","robots":{"index":"index","follow":"follow","max-snippet":"max-snippet:-1","max-image-preview":"max-image-preview:large","max-video-preview":"max-video-preview:-1"},"canonical":"https:\/\/www.toshiba-storage.com\/it\/data_recovery_service_provider_info\/","og_locale":"it_IT","og_type":"article","og_title":"Informazioni sulle societ\u00e0 di servizi per il recupero dei dati","og_description":"&nbsp; Leggere e accettare la seguente esclusione di responsabilit\u00e0 prima di accedere a una delle societ\u00e0 di servizi elencate di seguito. &nbsp; Esclusione di responsabilit\u00e0 (a) \u00a0 La scelta di una societ\u00e0 di servizi esterna e indipendente elencata di seguito (\u201cSociet\u00e0 di servizi\u201d) \u00e8 a rischio dell\u2019utente. L\u2019utente non \u00e8 in alcun modo limitato dalla &hellip;","og_url":"https:\/\/www.toshiba-storage.com\/it\/data_recovery_service_provider_info\/","og_site_name":"EMEA","article_publisher":"https:\/\/www.facebook.com\/ToshibaStorageEU\/","article_modified_time":"2021-03-04T08:11:21+00:00","og_image":[{"url":"https:\/\/www.wwwtoshibastoragecom.psl.dev\/wp-content\/uploads\/2020\/06\/20200630_Toshiba_Storage_Data_Recovery_Icon.gif","type":"","width":"","height":""}],"twitter_card":"summary_large_image","twitter_misc":{"Est. reading time":"2 minutes"},"schema":{"@context":"https:\/\/schema.org","@graph":[{"@type":"WebPage","@id":"https:\/\/www.toshiba-storage.com\/it\/data_recovery_service_provider_info\/","url":"https:\/\/www.toshiba-storage.com\/it\/data_recovery_service_provider_info\/","name":"Informazioni sulle societ\u00e0 di servizi per il recupero dei dati - EMEA","isPartOf":{"@id":"https:\/\/www.toshiba-storage.com\/it\/#website"},"primaryImageOfPage":{"@id":"https:\/\/www.toshiba-storage.com\/it\/data_recovery_service_provider_info\/#primaryimage"},"image":{"@id":"https:\/\/www.toshiba-storage.com\/it\/data_recovery_service_provider_info\/#primaryimage"},"thumbnailUrl":"https:\/\/www.toshiba-storage.com\/wp-content\/uploads\/2020\/06\/20200630_Toshiba_Storage_Data_Recovery_Icon.gif","datePublished":"2020-07-02T10:10:12+00:00","dateModified":"2021-03-04T08:11:21+00:00","inLanguage":"it-IT","potentialAction":[{"@type":"ReadAction","target":["https:\/\/www.toshiba-storage.com\/it\/data_recovery_service_provider_info\/"]}]},{"@type":"ImageObject","inLanguage":"it-IT","@id":"https:\/\/www.toshiba-storage.com\/it\/data_recovery_service_provider_info\/#primaryimage","url":"https:\/\/www.toshiba-storage.com\/wp-content\/uploads\/2020\/06\/20200630_Toshiba_Storage_Data_Recovery_Icon.gif","contentUrl":"https:\/\/www.toshiba-storage.com\/wp-content\/uploads\/2020\/06\/20200630_Toshiba_Storage_Data_Recovery_Icon.gif"},{"@type":"WebSite","@id":"https:\/\/www.toshiba-storage.com\/it\/#website","url":"https:\/\/www.toshiba-storage.com\/it\/","name":"Toshiba Storage Solutions \u2013 EMEA Region","description":"Toshiba in Europe and Middle East Asia provides reliable and innovative storage solutions and internal and external HDDs \u2013for Laptops, PC, NAS, Surveillance and Enterprise.","publisher":{"@id":"https:\/\/www.toshiba-storage.com\/it\/#organization"},"potentialAction":[{"@type":"SearchAction","target":{"@type":"EntryPoint","urlTemplate":"https:\/\/www.toshiba-storage.com\/it\/?s={search_term_string}"},"query-input":{"@type":"PropertyValueSpecification","valueRequired":true,"valueName":"search_term_string"}}],"inLanguage":"it-IT"},{"@type":"Organization","@id":"https:\/\/www.toshiba-storage.com\/it\/#organization","name":"Toshiba Electronics Europe GmbH","url":"https:\/\/www.toshiba-storage.com\/it\/","logo":{"@type":"ImageObject","inLanguage":"it-IT","@id":"https:\/\/www.toshiba-storage.com\/it\/#\/schema\/logo\/image\/","url":"https:\/\/www.toshiba-storage.com\/wp\/wp-content\/uploads\/2024\/02\/toshiba-logo.png","contentUrl":"https:\/\/www.toshiba-storage.com\/wp\/wp-content\/uploads\/2024\/02\/toshiba-logo.png","width":263,"height":40,"caption":"Toshiba Electronics Europe GmbH"},"image":{"@id":"https:\/\/www.toshiba-storage.com\/it\/#\/schema\/logo\/image\/"},"sameAs":["https:\/\/www.facebook.com\/ToshibaStorageEU\/","https:\/\/www.linkedin.com\/company\/toshiba-electronics-europe-gmbh\/?originalSubdomain=de","https:\/\/www.youtube.com\/user\/ToshibaElectronics1"]}]}},"_links":{"self":[{"href":"https:\/\/www.toshiba-storage.com\/it\/wp-json\/wp\/v2\/pages\/41286","targetHints":{"allow":["GET"]}}],"collection":[{"href":"https:\/\/www.toshiba-storage.com\/it\/wp-json\/wp\/v2\/pages"}],"about":[{"href":"https:\/\/www.toshiba-storage.com\/it\/wp-json\/wp\/v2\/types\/page"}],"author":[{"embeddable":true,"href":"https:\/\/www.toshiba-storage.com\/it\/wp-json\/wp\/v2\/users\/30"}],"replies":[{"embeddable":true,"href":"https:\/\/www.toshiba-storage.com\/it\/wp-json\/wp\/v2\/comments?post=41286"}],"version-history":[{"count":0,"href":"https:\/\/www.toshiba-storage.com\/it\/wp-json\/wp\/v2\/pages\/41286\/revisions"}],"wp:attachment":[{"href":"https:\/\/www.toshiba-storage.com\/it\/wp-json\/wp\/v2\/media?parent=41286"}],"curies":[{"name":"wp","href":"https:\/\/api.w.org\/{rel}","templated":true}]}}