{"id":16456,"date":"2017-10-06T15:30:40","date_gmt":"2017-10-06T13:30:40","guid":{"rendered":"https:\/\/toshibaelectronicseuropegmbh.preview.pslsrv.com\/overview\/product-disclaimer\/"},"modified":"2017-12-21T15:29:23","modified_gmt":"2017-12-21T14:29:23","slug":"product-disclaimer","status":"publish","type":"page","link":"https:\/\/www.toshiba-storage.com\/it\/overview\/product-disclaimer\/","title":{"rendered":"Dichiarazione di non responsabilit\u00e0 sul prodotto"},"content":{"rendered":"<div class=\"wpb-content-wrapper\">[vc_row][vc_column width=\"1\/2\"][vc_column_text css=\"\"]\r\n<h2>Dichiarazione di esclusione di responsabilit\u00e0 generale<\/h2>\r\n1. Specifiche di prodotti\r\nTutte le specifiche dei prodotti citate dipendono dal modello, dalla configurazione e dalla disponibilit\u00e0 locale.\r\n\r\n2. Garanzia\r\nToshiba non fornisce garanzie ulteriori oltre a quelle contenute nella descrizione di Toshiba del singolo prodotto, o previste dalla legge.\r\n\r\n3. Capacit\u00e0\r\nUn Gigabyte (1GB) equivale a 10 9 = 1.000.000.000 byte e un Terabyte (1TB) equivale a 10 12 = 1.000.000.000.000 byte con potenze di 10. I sistemi operativi, tuttavia, indicano la capacit\u00e0 di archiviazione utilizzando potenze di 2 per la definizione di 1GB = 2 30 = 1.073.741.824 byte e 1TB = 2 40 = 1.099.511.627.776, e quindi indicano una capacit\u00e0 di archiviazione inferiore. La capacit\u00e0 di archiviazione disponibile (inclusi esempi di vari file multimediali) varia in base alla dimensione del file, alla formattazione, alle impostazioni, al software, al sistema operativo e ad altri fattori.\r\n\r\n4. Velocit\u00e0 di scrittura e di lettura\r\nLa velocit\u00e0 di lettura e di scrittura pu\u00f2 variare a seconda del dispositivo host, delle condizioni di lettura e scrittura e della dimensione del file.\r\n\r\n5. Peso\r\nIl peso pu\u00f2 variare a seconda della configurazione del prodotto, dei componenti del fornitore, della variabilit\u00e0 di produzione e delle opzioni selezionate.\r\n\r\n6. Wireless LAN per 802.11b, g e n\r\nLa velocit\u00e0 di trasmissione su LAN wireless e la sua portata possono variare a seconda dell'ambiente circostante, degli ostacoli, dell'access point e della configurazione, della struttura del client e delle configurazioni hardware\/software. La velocit\u00e0 di trasmissione effettiva sar\u00e0 inferiore alla velocit\u00e0 massima teorica.\r\n\r\n7. Modificabilit\u00e0\r\nAnche se Toshiba compie ogni sforzo per garantire, al momento della pubblicazione, l'accuratezza delle informazioni qui fornite, le specifiche del prodotto, le configurazioni, i prezzi, la disponibilit\u00e0 di sistemi\/componenti\/opzioni sono soggetti a modifica senza preavviso.\u00a0 Le specifiche di progettazione e il colore dei prodotti sono soggetti a modifiche senza preavviso e possono essere diversi da quelli illustrati. Salvo errori e omissioni.\r\n\r\n8. Immagini\r\nLe immagini visualizzate sulle pagine del sito Web hanno unicamente scopo illustrativo. Le immagini sono finalizzate a contribuire a illustrare il funzionamento di una caratteristica e non sono indicative di differenze effettive.[\/vc_column_text][\/vc_column][vc_column width=\"1\/2\"][vc_column_text css=\"\"]\r\n<h2>Dichiarazioni di esclusione di responsabilit\u00e0 per modelli e note a pi\u00e8 di pagina<\/h2>\r\n1. Windows \u00e8 un marchio registrato o un marchio di Microsoft Corporation negli Stati Uniti e\/o in altri paesi\r\n2. Mac, OS X e Time Machine sono marchi di Apple Inc., registrati negli Stati Uniti e in altri paesi.\r\n3. Android TM \u00e8 un marchio di Google Inc.\r\n4. USB Type-C TM \u00e8 un marchio di USB Implementers Forum e possono essere utilizzati solo con prodotti basati e conformi alle specifiche dei cavi e dei connettori USB Type-C\u00ae.\r\n\r\nUnit\u00e0 Canvio for SmartPhone\r\n5. Per abilitare le funzioni di carica e backup automatico, \u00e8 necessario che lo smartphone Android sia acceso con livello di carica sufficiente e che la relativa app sia installata.\r\n6. Il backup potrebbe non essere eseguito a seconda del livello di carica residuo dello smartphone.\r\n\r\nE300, P300, N300, X300\r\n7. Per quanto riguarda i \"Drive Bays Supported\", contattare il fornitore di soluzioni di riferimento, in quanto la compatibilit\u00e0 con il dispositivo host varia a seconda del sistema.\r\n8. La posizione del foro di fissaggio inferiore pu\u00f2 variare a seconda del prodotto. Per ulteriori informazioni, consultare il seguente sito web: https:\/\/toshiba.semicon-storage.com\/us\/design-support\/faq\/storage-holes.html\r\n\r\n9. Canvio Gaming\r\nla capacit\u00e0 di archiviazione stimata si basa sul presupposto che le dimensioni medie di un gioco siano di 36 GB per i giochi di attuale generazione. Il numero di giochi attualmente archiviati pu\u00f2 dipendere dalle dimensioni del file, dalla formattazione, dal software della console e da altri programmi o fattori. Potrebbero essere richiesti i dischi originali per verificare la legittimit\u00e0 dei giochi acquistati e caricati dal disco. Potrebbe anche essere richiesta una connessione a Internet e l'account del proprietario originario del gioco.[\/vc_column_text][\/vc_column][\/vc_row]<\/div>","protected":false},"excerpt":{"rendered":"<p>[vc_row][vc_column width=&#8221;1\/2&#8243;][vc_column_text css=&#8221;&#8221;] Dichiarazione di esclusione di responsabilit\u00e0 generale 1. Specifiche di prodotti Tutte le specifiche dei prodotti citate dipendono dal modello, dalla configurazione e dalla disponibilit\u00e0 locale. 2. Garanzia Toshiba non fornisce garanzie ulteriori oltre a quelle contenute nella descrizione di Toshiba del singolo prodotto, o previste dalla legge. 3. Capacit\u00e0 Un Gigabyte (1GB) &hellip;<\/p>\n","protected":false},"author":11,"featured_media":0,"parent":16061,"menu_order":0,"comment_status":"closed","ping_status":"closed","template":"page-overwrite.php","meta":{"_acf_changed":false,"footnotes":""},"class_list":["post-16456","page","type-page","status-publish","hentry"],"acf":[],"yoast_head":"<!-- This site is optimized with the Yoast SEO Premium plugin v27.2 (Yoast SEO v27.2) - https:\/\/yoast.com\/product\/yoast-seo-premium-wordpress\/ -->\n<title>EMEA<\/title>\n<meta name=\"robots\" content=\"index, follow, max-snippet:-1, max-image-preview:large, max-video-preview:-1\" \/>\n<link rel=\"canonical\" href=\"https:\/\/www.toshiba-storage.com\/it\/overview\/product-disclaimer\/\" \/>\n<meta property=\"og:locale\" content=\"it_IT\" \/>\n<meta property=\"og:type\" content=\"article\" \/>\n<meta property=\"og:title\" content=\"Dichiarazione di non responsabilit\u00e0 sul prodotto\" \/>\n<meta property=\"og:description\" content=\"We at Toshiba believe that personal data is a valuable commodity that is worth to be stored in the fastest, most reliable and safest way possible.\" \/>\n<meta property=\"og:url\" content=\"https:\/\/www.toshiba-storage.com\/it\/overview\/product-disclaimer\/\" \/>\n<meta property=\"og:site_name\" content=\"EMEA\" \/>\n<meta property=\"article:publisher\" content=\"https:\/\/www.facebook.com\/ToshibaStorageEU\/\" \/>\n<meta property=\"article:modified_time\" content=\"2017-12-21T14:29:23+00:00\" \/>\n<meta name=\"twitter:card\" content=\"summary_large_image\" \/>\n<script type=\"application\/ld+json\" class=\"yoast-schema-graph\">{\"@context\":\"https:\/\/schema.org\",\"@graph\":[{\"@type\":\"WebPage\",\"@id\":\"https:\/\/www.toshiba-storage.com\/it\/overview\/product-disclaimer\/\",\"url\":\"https:\/\/www.toshiba-storage.com\/it\/overview\/product-disclaimer\/\",\"name\":\"Toshiba Personal Storage Solutions - Product Disclaimer\",\"isPartOf\":{\"@id\":\"https:\/\/www.toshiba-storage.com\/it\/#website\"},\"datePublished\":\"2017-10-06T13:30:40+00:00\",\"dateModified\":\"2017-12-21T14:29:23+00:00\",\"description\":\"We at Toshiba believe that personal data is a valuable commodity that is worth to be stored in the fastest, most reliable and safest way possible.\",\"breadcrumb\":{\"@id\":\"https:\/\/www.toshiba-storage.com\/it\/overview\/product-disclaimer\/#breadcrumb\"},\"inLanguage\":\"it-IT\",\"potentialAction\":[{\"@type\":\"ReadAction\",\"target\":[\"https:\/\/www.toshiba-storage.com\/it\/overview\/product-disclaimer\/\"]}]},{\"@type\":\"BreadcrumbList\",\"@id\":\"https:\/\/www.toshiba-storage.com\/it\/overview\/product-disclaimer\/#breadcrumb\",\"itemListElement\":[{\"@type\":\"ListItem\",\"position\":1,\"name\":\"Panoramica\",\"item\":\"https:\/\/www.toshiba-storage.com\/it\/?page_id=9989\"},{\"@type\":\"ListItem\",\"position\":2,\"name\":\"Dichiarazione di non responsabilit\u00e0 sul prodotto\"}]},{\"@type\":\"WebSite\",\"@id\":\"https:\/\/www.toshiba-storage.com\/it\/#website\",\"url\":\"https:\/\/www.toshiba-storage.com\/it\/\",\"name\":\"Toshiba Storage Solutions \u2013 EMEA Region\",\"description\":\"Toshiba in Europe and Middle East Asia provides reliable and innovative storage solutions and internal and external HDDs \u2013for Laptops, PC, NAS, Surveillance and Enterprise.\",\"publisher\":{\"@id\":\"https:\/\/www.toshiba-storage.com\/it\/#organization\"},\"potentialAction\":[{\"@type\":\"SearchAction\",\"target\":{\"@type\":\"EntryPoint\",\"urlTemplate\":\"https:\/\/www.toshiba-storage.com\/it\/?s={search_term_string}\"},\"query-input\":{\"@type\":\"PropertyValueSpecification\",\"valueRequired\":true,\"valueName\":\"search_term_string\"}}],\"inLanguage\":\"it-IT\"},{\"@type\":\"Organization\",\"@id\":\"https:\/\/www.toshiba-storage.com\/it\/#organization\",\"name\":\"Toshiba Electronics Europe GmbH\",\"url\":\"https:\/\/www.toshiba-storage.com\/it\/\",\"logo\":{\"@type\":\"ImageObject\",\"inLanguage\":\"it-IT\",\"@id\":\"https:\/\/www.toshiba-storage.com\/it\/#\/schema\/logo\/image\/\",\"url\":\"https:\/\/www.toshiba-storage.com\/wp\/wp-content\/uploads\/2024\/02\/toshiba-logo.png\",\"contentUrl\":\"https:\/\/www.toshiba-storage.com\/wp\/wp-content\/uploads\/2024\/02\/toshiba-logo.png\",\"width\":263,\"height\":40,\"caption\":\"Toshiba Electronics Europe GmbH\"},\"image\":{\"@id\":\"https:\/\/www.toshiba-storage.com\/it\/#\/schema\/logo\/image\/\"},\"sameAs\":[\"https:\/\/www.facebook.com\/ToshibaStorageEU\/\",\"https:\/\/www.linkedin.com\/company\/toshiba-electronics-europe-gmbh\/?originalSubdomain=de\",\"https:\/\/www.youtube.com\/user\/ToshibaElectronics1\"]}]}<\/script>\n<!-- \/ Yoast SEO Premium plugin. -->","yoast_head_json":{"title":"EMEA","robots":{"index":"index","follow":"follow","max-snippet":"max-snippet:-1","max-image-preview":"max-image-preview:large","max-video-preview":"max-video-preview:-1"},"canonical":"https:\/\/www.toshiba-storage.com\/it\/overview\/product-disclaimer\/","og_locale":"it_IT","og_type":"article","og_title":"Dichiarazione di non responsabilit\u00e0 sul prodotto","og_description":"We at Toshiba believe that personal data is a valuable commodity that is worth to be stored in the fastest, most reliable and safest way possible.","og_url":"https:\/\/www.toshiba-storage.com\/it\/overview\/product-disclaimer\/","og_site_name":"EMEA","article_publisher":"https:\/\/www.facebook.com\/ToshibaStorageEU\/","article_modified_time":"2017-12-21T14:29:23+00:00","twitter_card":"summary_large_image","schema":{"@context":"https:\/\/schema.org","@graph":[{"@type":"WebPage","@id":"https:\/\/www.toshiba-storage.com\/it\/overview\/product-disclaimer\/","url":"https:\/\/www.toshiba-storage.com\/it\/overview\/product-disclaimer\/","name":"Toshiba Personal Storage Solutions - Product Disclaimer","isPartOf":{"@id":"https:\/\/www.toshiba-storage.com\/it\/#website"},"datePublished":"2017-10-06T13:30:40+00:00","dateModified":"2017-12-21T14:29:23+00:00","description":"We at Toshiba believe that personal data is a valuable commodity that is worth to be stored in the fastest, most reliable and safest way possible.","breadcrumb":{"@id":"https:\/\/www.toshiba-storage.com\/it\/overview\/product-disclaimer\/#breadcrumb"},"inLanguage":"it-IT","potentialAction":[{"@type":"ReadAction","target":["https:\/\/www.toshiba-storage.com\/it\/overview\/product-disclaimer\/"]}]},{"@type":"BreadcrumbList","@id":"https:\/\/www.toshiba-storage.com\/it\/overview\/product-disclaimer\/#breadcrumb","itemListElement":[{"@type":"ListItem","position":1,"name":"Panoramica","item":"https:\/\/www.toshiba-storage.com\/it\/?page_id=9989"},{"@type":"ListItem","position":2,"name":"Dichiarazione di non responsabilit\u00e0 sul prodotto"}]},{"@type":"WebSite","@id":"https:\/\/www.toshiba-storage.com\/it\/#website","url":"https:\/\/www.toshiba-storage.com\/it\/","name":"Toshiba Storage Solutions \u2013 EMEA Region","description":"Toshiba in Europe and Middle East Asia provides reliable and innovative storage solutions and internal and external HDDs \u2013for Laptops, PC, NAS, Surveillance and Enterprise.","publisher":{"@id":"https:\/\/www.toshiba-storage.com\/it\/#organization"},"potentialAction":[{"@type":"SearchAction","target":{"@type":"EntryPoint","urlTemplate":"https:\/\/www.toshiba-storage.com\/it\/?s={search_term_string}"},"query-input":{"@type":"PropertyValueSpecification","valueRequired":true,"valueName":"search_term_string"}}],"inLanguage":"it-IT"},{"@type":"Organization","@id":"https:\/\/www.toshiba-storage.com\/it\/#organization","name":"Toshiba Electronics Europe GmbH","url":"https:\/\/www.toshiba-storage.com\/it\/","logo":{"@type":"ImageObject","inLanguage":"it-IT","@id":"https:\/\/www.toshiba-storage.com\/it\/#\/schema\/logo\/image\/","url":"https:\/\/www.toshiba-storage.com\/wp\/wp-content\/uploads\/2024\/02\/toshiba-logo.png","contentUrl":"https:\/\/www.toshiba-storage.com\/wp\/wp-content\/uploads\/2024\/02\/toshiba-logo.png","width":263,"height":40,"caption":"Toshiba Electronics Europe GmbH"},"image":{"@id":"https:\/\/www.toshiba-storage.com\/it\/#\/schema\/logo\/image\/"},"sameAs":["https:\/\/www.facebook.com\/ToshibaStorageEU\/","https:\/\/www.linkedin.com\/company\/toshiba-electronics-europe-gmbh\/?originalSubdomain=de","https:\/\/www.youtube.com\/user\/ToshibaElectronics1"]}]}},"_links":{"self":[{"href":"https:\/\/www.toshiba-storage.com\/it\/wp-json\/wp\/v2\/pages\/16456","targetHints":{"allow":["GET"]}}],"collection":[{"href":"https:\/\/www.toshiba-storage.com\/it\/wp-json\/wp\/v2\/pages"}],"about":[{"href":"https:\/\/www.toshiba-storage.com\/it\/wp-json\/wp\/v2\/types\/page"}],"author":[{"embeddable":true,"href":"https:\/\/www.toshiba-storage.com\/it\/wp-json\/wp\/v2\/users\/11"}],"replies":[{"embeddable":true,"href":"https:\/\/www.toshiba-storage.com\/it\/wp-json\/wp\/v2\/comments?post=16456"}],"version-history":[{"count":0,"href":"https:\/\/www.toshiba-storage.com\/it\/wp-json\/wp\/v2\/pages\/16456\/revisions"}],"up":[{"embeddable":true,"href":"https:\/\/www.toshiba-storage.com\/it\/wp-json\/wp\/v2\/pages\/16061"}],"wp:attachment":[{"href":"https:\/\/www.toshiba-storage.com\/it\/wp-json\/wp\/v2\/media?parent=16456"}],"curies":[{"name":"wp","href":"https:\/\/api.w.org\/{rel}","templated":true}]}}