{"id":65210,"date":"2025-11-18T15:57:35","date_gmt":"2025-11-18T14:57:35","guid":{"rendered":"https:\/\/www.toshiba-storage.com\/?page_id=65210"},"modified":"2025-11-18T16:26:01","modified_gmt":"2025-11-18T15:26:01","slug":"kuldetesnyilatkozat","status":"publish","type":"page","link":"https:\/\/www.toshiba-storage.com\/hu\/kuldetesnyilatkozat\/","title":{"rendered":"K\u00fcldet\u00e9snyilatkozat"},"content":{"rendered":"<section class=\"section padding-top-md padding-bottom-md bg-white\">\n    <div class=\"container\">\n<div class=\"block block--text margin-bottom-md\">\n                            <div class=\"row\">\n            <div class=\"col-xs-12 col-md-8 col-md-push-2\">\n                                    <p style=\"text-align: center\">Az adatok \u00e1ltal vez\u00e9relt vil\u00e1gban k\u00fcldet\u00e9s\u00fcnk egy\u00e9rtelm\u0171: a modern \u00e9let digit\u00e1lis alapjainak v\u00e9delme. A legmodernebb HDD-technol\u00f3gi\u00e1val \u00e9s \u00e1tfog\u00f3 term\u00e9kportf\u00f3li\u00f3val biztos\u00edtjuk, hogy a vil\u00e1g adatai biztons\u00e1gban legyenek, hozz\u00e1f\u00e9rhet\u0151k \u00e9s tart\u00f3sak maradjanak \u2013 ma \u00e9s a j\u00f6v\u0151 gener\u00e1ci\u00f3i sz\u00e1m\u00e1ra is.<\/p>\n                                            <\/div>\n        <\/div>\n    <\/div>\n\n\n    <div class=\"row block block--video margin-bottom-md center-width\">\n        <div class=\"col-12 col-sm-10 col-lg-8 col-sm-offset-1 col-lg-offset-2\">\n                <div class=\"wp-block-embed is-type-video wp-embed-aspect-16-9 wp-has-aspect-ratio\">\n        <div class=\"wp-block-embed__wrapper\">\n                            <div class=\"BorlabsCookie _brlbs-cb-youtube\"><div class=\"_brlbs-content-blocker\"> <div class=\"_brlbs-embed _brlbs-video-youtube\"> <img class=\"_brlbs-thumbnail\" src=\"https:\/\/www.toshiba-storage.com\/wp\/wp-content\/plugins\/borlabs-cookie\/assets\/images\/cb-no-thumbnail.png\" alt=\"YouTube\"> <div class=\"_brlbs-caption\"> <p>By loading the video, you agree to YouTube's privacy policy.<br><a href=\"https:\/\/policies.google.com\/privacy?hl=en&gl=en\" target=\"_blank\" rel=\"nofollow noopener noreferrer\">Learn more<\/a><\/p> <p><a class=\"_brlbs-btn _brlbs-icon-play-white\" href=\"#\" data-borlabs-cookie-unblock role=\"button\">Load video<\/a><\/p> <p><label><input type=\"checkbox\" name=\"unblockAll\" value=\"1\" checked> <small>Always unblock YouTube<\/small><\/label><\/p> <\/div> <\/div> <\/div><div class=\"borlabs-hide\" data-borlabs-cookie-type=\"content-blocker\" data-borlabs-cookie-id=\"youtube\"><script type=\"text\/template\">PGlmcmFtZSBsb2FkaW5nPSJsYXp5IiB3aWR0aD0iNTI1IiBoZWlnaHQ9IjI5NSIgc3JjPSJodHRwczovL3d3dy55b3V0dWJlLW5vY29va2llLmNvbS9lbWJlZC9FTmZYMlhDWDVTaz9mZWF0dXJlPW9lbWJlZCYjMDM4O3JlbD0wIiBmcmFtZWJvcmRlcj0iMCIgYWxsb3c9ImFjY2VsZXJvbWV0ZXI7IGF1dG9wbGF5OyBjbGlwYm9hcmQtd3JpdGU7IGVuY3J5cHRlZC1tZWRpYTsgZ3lyb3Njb3BlOyBwaWN0dXJlLWluLXBpY3R1cmU7IHdlYi1zaGFyZSIgcmVmZXJyZXJwb2xpY3k9InN0cmljdC1vcmlnaW4td2hlbi1jcm9zcy1vcmlnaW4iIGFsbG93ZnVsbHNjcmVlbj0iIj48L2lmcmFtZT4=<\/script><\/div><\/div>\n                    <\/div>\n    <\/div>\n        <\/div>\n    <\/div>\n\n<\/div>\n<\/section>\n\n\n<section class=\"section padding-top-md padding-bottom-md bg-white\">\n    <div class=\"container container--wide\">\n<div class=\"block block--text-image block--text-image--text-image margin-bottom-md\">\n    <div class=\"row block--text-image__row\">\n        <div class=\"col-xs-12 col-md-5 block--text-image__text\">\n                                <h2 class=\"h2 align-left \">V\u00e1llalati HDD<\/h2>\n                                        <p>V\u00e1llalati adatt\u00e1rol\u00e1si term\u00e9keink az \u00fczleti szempontb\u00f3l kritikus adatok v\u00e9delm\u00e9vel hozz\u00e1j\u00e1rulnak a digit\u00e1lisan \u00f6sszekapcsolt t\u00e1rsadalomhoz. A HDD-k tervez\u00e9se ter\u00e9n szerzett egyed\u00fcl\u00e1ll\u00f3 tud\u00e1sunk biztos\u00edtja az \u00fcgyfeleink \u00e9s partnereink \u00e1ltal elv\u00e1rt min\u0151s\u00e9get.<\/p>\n<p>Megingathatatlanul az \u00fcgyfelek ig\u00e9nyeire \u00f6sszpontos\u00edt\u00e1sunk, \u00e9s ez olyan megold\u00e1sok fejleszt\u00e9s\u00e9re \u00f6szt\u00f6n\u00f6z, amelyek megfelelnek a nagy terhel\u00e9ssel j\u00e1r\u00f3, fejlett k\u00e9pess\u00e9geket ig\u00e9nyl\u0151 v\u00e1llalati kih\u00edv\u00e1soknak.<\/p>\n                                        <div class=\"block--button align-left\">\n                                                <a href=\"https:\/\/www.toshiba-storage.com\/hu\/products\/?product_category=enterprise-hard-drives\"         class=\"button button-default \"\n            >\n        Tov\u00e1bbi inform\u00e1ci\u00f3            <\/a>\n                                    <\/div>\n                    <\/div>\n        <div class=\"col-xs-12 col-md-7 block--text-image__image block--text-image__image--full\">\n                                            <img decoding=\"async\" src=\"https:\/\/www.toshiba-storage.com\/wp\/wp-content\/uploads\/2025\/10\/mission-statement-teaser-enterprise-hdd.jpg\"\n            width=\"525\"            height=\"296\"            alt=\"Enterprise HDD\"\n            class=\"\"\n            loading=\"lazy\"        \/>\n                        <\/div>\n    <\/div>\n<\/div>\n\n\n<div class=\"block block--text-image block--text-image--image-text margin-bottom-md\">\n    <div class=\"row block--text-image__row\">\n        <div class=\"col-xs-12 col-md-5 block--text-image__text\">\n                                <h2 class=\"h2 align-left \">Megfigyel\u0151rendszerekre optimaliz\u00e1lt HDD<\/h2>\n                                        <p>Megfigyel\u0151rendszerekre optimaliz\u00e1lt t\u00e1rol\u00f3term\u00e9keink olyan technol\u00f3gi\u00e1val biztos\u00edtj\u00e1k a t\u00e1rsadalom v\u00e9delm\u00e9t, amelyre \u00e9jjel-nappal lehet sz\u00e1m\u00edtani. A HDD-k tervez\u00e9se ter\u00e9n szerzett sz\u00e9les k\u00f6r\u0171 tapasztalatunk kiemelked\u0151 megold\u00e1sokat eredm\u00e9nyeznek k\u00fcl\u00f6nb\u00f6z\u0151 alkalmaz\u00e1si ter\u00fcletekhez.<\/p>\n<p>A legmagasabb min\u0151s\u00e9gi k\u00f6vetelm\u00e9nyek garant\u00e1lj\u00e1k a megb\u00edzhat\u00f3 teljes\u00edtm\u00e9nyt m\u00e9g a legnagyobb terhel\u00e9s mellett is. A partneri egy\u00fcttm\u0171k\u00f6d\u00e9s ir\u00e1nti elk\u00f6telezetts\u00e9g\u00fcnk a teljes \u00e9rt\u00e9kl\u00e1ncban bizalmat teremt.<\/p>\n                                        <div class=\"block--button align-left\">\n                                                <a href=\"https:\/\/www.toshiba-storage.com\/hu\/surveillance-solutions\/\"         class=\"button button-default \"\n            >\n        Tov\u00e1bbi inform\u00e1ci\u00f3            <\/a>\n                                    <\/div>\n                    <\/div>\n        <div class=\"col-xs-12 col-md-7 block--text-image__image block--text-image__image--full\">\n                                            <img decoding=\"async\" src=\"https:\/\/www.toshiba-storage.com\/wp\/wp-content\/uploads\/2025\/10\/Toshiba_Mission_Bild4-2-1024x576.jpg\"\n            width=\"525\"            height=\"295\"            alt=\"\"\n            class=\"\"\n            loading=\"lazy\"        \/>\n                        <\/div>\n    <\/div>\n<\/div>\n\n\n<div class=\"block block--text-image block--text-image--text-image margin-bottom-md\">\n    <div class=\"row block--text-image__row\">\n        <div class=\"col-xs-12 col-md-5 block--text-image__text\">\n                                <h2 class=\"h2 align-left \">NAS-hoz k\u00e9sz\u00fclt HDD<\/h2>\n                                        <p>NAS-hoz k\u00e9sz\u00fclt merevlemezeink lehet\u0151v\u00e9 teszik a felhaszn\u00e1l\u00f3k sz\u00e1m\u00e1ra, hogy h\u00e1l\u00f3zati adataikat megb\u00edzhat\u00f3an t\u00e1rolj\u00e1k \u00e9s helyileg kezelj\u00e9k. M\u00e9rn\u00f6ki szak\u00e9rtelm\u00fcnk innovat\u00edv megold\u00e1sokat biztos\u00edt a val\u00f3s ig\u00e9nyeknek megfelel\u0151en.<\/p>\n<p>Mivel term\u00e9keink min\u0151s\u00e9g\u00e9r\u0151l vagyunk ismertek, \u00fcgyfeleink a leg\u00e9rt\u00e9kesebb adataikat is r\u00e1nk b\u00edzz\u00e1k. A NAS-gy\u00e1rt\u00f3kkal kialak\u00edtott szoros kapcsolataink z\u00f6kken\u0151mentes kompatibilit\u00e1st biztos\u00edtanak.<\/p>\n                                        <div class=\"block--button align-left\">\n                                                <a href=\"https:\/\/www.toshiba-storage.com\/hu\/products\/?product_category=nas-hard-drives\"         class=\"button button-default \"\n            >\n        Tov\u00e1bbi inform\u00e1ci\u00f3            <\/a>\n                                    <\/div>\n                    <\/div>\n        <div class=\"col-xs-12 col-md-7 block--text-image__image block--text-image__image--full\">\n                                            <img decoding=\"async\" src=\"https:\/\/www.toshiba-storage.com\/wp\/wp-content\/uploads\/2025\/10\/mission-statement-teaser-nas-hdd.jpg\"\n            width=\"525\"            height=\"296\"            alt=\"NAS HDD\"\n            class=\"\"\n            loading=\"lazy\"        \/>\n                        <\/div>\n    <\/div>\n<\/div>\n\n\n<div class=\"block block--text-image block--text-image--image-text margin-bottom-md\">\n    <div class=\"row block--text-image__row\">\n        <div class=\"col-xs-12 col-md-5 block--text-image__text\">\n                                <h2 class=\"h2 align-left \">Szem\u00e9lyes adatt\u00e1rol\u00e1s<\/h2>\n                                        <p>Szem\u00e9lyes adatt\u00e1rol\u00e1si term\u00e9keink lehet\u0151v\u00e9 teszik az emberek sz\u00e1m\u00e1ra, hogy a legegyszer\u0171bb \u00e9s legmegb\u00edzhat\u00f3bb m\u00f3don t\u00e1rolj\u00e1k szem\u00e9lyes adataikat. A min\u0151s\u00e9g ir\u00e1nti elk\u00f6telezetts\u00e9g\u00fcnknek k\u00f6sz\u00f6nhet\u0151en megb\u00edznak abban, hogy min\u0151s\u00e9gi megold\u00e1sokat ny\u00fajtunk.<\/p>\n<p>M\u00e9rn\u00f6ki szak\u00e9rtelm\u00fcnket felhaszn\u00e1lva speci\u00e1lis megold\u00e1sokat hozunk l\u00e9tre az \u00fcgyfelek ig\u00e9nyeinek megfelel\u0151en. Mindent megtesz\u00fcnk annak \u00e9rdek\u00e9ben, hogy hossz\u00fa t\u00e1von is megtartsuk kiskereskedelmi partnereinket.<\/p>\n                                        <div class=\"block--button align-left\">\n                                                <a href=\"https:\/\/www.toshiba-storage.com\/hu\/external-hard-drives\/\"         class=\"button button-default \"\n            >\n        Tov\u00e1bbi inform\u00e1ci\u00f3            <\/a>\n                                    <\/div>\n                    <\/div>\n        <div class=\"col-xs-12 col-md-7 block--text-image__image block--text-image__image--full\">\n                                            <img decoding=\"async\" src=\"https:\/\/www.toshiba-storage.com\/wp\/wp-content\/uploads\/2025\/10\/mission-statement-teaser-personal-storage.jpg\"\n            width=\"525\"            height=\"296\"            alt=\"Personal Storage\"\n            class=\"\"\n            loading=\"lazy\"        \/>\n                        <\/div>\n    <\/div>\n<\/div>\n\n<\/div>\n<\/section>\n\n\n<section class=\"section padding-top-md padding-bottom-md bg-light-grey\">\n    <div class=\"container\">\n<div class=\"block block--text margin-bottom-md\">\n                <h2 class=\"h2 align-center \">A Toshiba csomagol\u00e1si ir\u00e1nyelvei<\/h2>\n                <div class=\"row\">\n            <div class=\"col-xs-12 col-md-8 col-md-push-2\">\n                                    <p style=\"text-align: center\">A Toshiba szem\u00e9lyes adatt\u00e1rol\u00e1si term\u00e9keit k\u00fcl\u00f6nb\u00f6z\u0151, j\u00f3l megk\u00fcl\u00f6nb\u00f6ztethet\u0151<br \/>\nkateg\u00f3ri\u00e1kba soroljuk a teljes\u00edtm\u00e9ny\u00fck \u00e9s a funkci\u00f3ik alapj\u00e1n. A j\u00f3l \u00e9rthet\u0151 sz\u00ednk\u00f3dol\u00e1snak \u00e9s a logikus kateg\u00f3ri\u00e1knak k\u00f6sz\u00f6nhet\u0151en a v\u00e1s\u00e1rl\u00f3k azonnal tudhatj\u00e1k, mely term\u00e9kek felelnek meg legink\u00e1bb a sz\u00fcks\u00e9gleteiknek.<\/p>\n                                            <\/div>\n        <\/div>\n    <\/div>\n\n\n<div class=\"block block--feature-grid margin-bottom-md\">\n    <div class=\"row block--feature-grid__row\">\n                                <div class=\"col-xs-12 col-sm-6 block--feature-grid__item\">\n                                                    <img decoding=\"async\" src=\"https:\/\/www.toshiba-storage.com\/wp\/wp-content\/uploads\/2020\/08\/Shopping_Guide_Specialty_100x59.png\"\n            width=\"100\"            height=\"59\"            alt=\"Toshiba Premium\"\n            class=\"\"\n            loading=\"lazy\"        \/>\n                                                        <p><strong>Specialty<\/strong><\/p>\n                                                    <p>A Toshiba Specialty term\u00e9kcsal\u00e1dot azoknak a felhaszn\u00e1l\u00f3knak tervezt\u00fck, akik k\u00fcl\u00f6nleges t\u00e1rol\u00e1si ig\u00e9nyeket t\u00e1masztanak.<\/p>\n                                            <\/div>\n                                <div class=\"col-xs-12 col-sm-6 block--feature-grid__item\">\n                                                    <img decoding=\"async\" src=\"https:\/\/www.toshiba-storage.com\/wp\/wp-content\/uploads\/2020\/08\/Shopping_Guide_Premium_100x59.png\"\n            width=\"100\"            height=\"59\"            alt=\"Toshiba Premium\"\n            class=\"\"\n            loading=\"lazy\"        \/>\n                                                        <p><strong>Premium<\/strong><\/p>\n                                                    <p>Toshiba-term\u00e9kek pr\u00e9mium felhaszn\u00e1l\u00f3knak, akik eleg\u00e1ns diz\u00e1jnt, p\u00e1ratlan megb\u00edzhat\u00f3s\u00e1got \u00e9s kifinomult kieg\u00e9sz\u00edt\u0151 funkci\u00f3kat keresnek. Toshiba t\u00e1rol\u00f3megold\u00e1sok hat\u00e1rok n\u00e9lk\u00fcl.<\/p>\n                                            <\/div>\n                                <div class=\"col-xs-12 col-sm-6 block--feature-grid__item\">\n                                                    <img decoding=\"async\" src=\"https:\/\/www.toshiba-storage.com\/wp\/wp-content\/uploads\/2020\/08\/Shopping_Guide_Advanced_100x59.png\"\n            width=\"100\"            height=\"59\"            alt=\"Toshiba Advanced\"\n            class=\"\"\n            loading=\"lazy\"        \/>\n                                                        <p><strong>Advanced<\/strong><\/p>\n                                                    <p>Az Advanced term\u00e9kcsal\u00e1d t\u00e1rol\u00f3megold\u00e1sai halad\u00f3 felhaszn\u00e1l\u00f3knak k\u00e9sz\u00fcltek, \u00e9s kiv\u00e1l\u00f3 min\u0151s\u00e9get, nagy sebess\u00e9get, illetve fontos kieg\u00e9sz\u00edt\u0151funkci\u00f3kat k\u00edn\u00e1lnak korszer\u0171 h\u00e1zba csomagolva.<\/p>\n                                            <\/div>\n                                <div class=\"col-xs-12 col-sm-6 block--feature-grid__item\">\n                                                    <img decoding=\"async\" src=\"https:\/\/www.toshiba-storage.com\/wp\/wp-content\/uploads\/2020\/08\/Shopping_Guide_Standard.png\"\n            width=\"100\"            height=\"59\"            alt=\"Toshiba Standard\"\n            class=\"\"\n            loading=\"lazy\"        \/>\n                                                        <p><strong>Standard<\/strong><\/p>\n                                                    <p>Ezek a term\u00e9kek a kiv\u00e1l\u00f3 min\u0151s\u00e9get, megb\u00edzhat\u00f3 m\u0171k\u00f6d\u00e9st \u00e9s a legfontosabb alapszolg\u00e1ltat\u00e1sokat keres\u0151 felhaszn\u00e1l\u00f3knak k\u00e9sz\u00fclnek.<\/p>\n                                            <\/div>\n            <\/div>\n<\/div>\n\n<\/div>\n<\/section>\n\n\n\n<p><\/p>\n","protected":false},"excerpt":{"rendered":"","protected":false},"author":41,"featured_media":0,"parent":0,"menu_order":0,"comment_status":"closed","ping_status":"closed","template":"page-content-sections.php","meta":{"_acf_changed":false,"footnotes":""},"class_list":["post-65210","page","type-page","status-publish","hentry"],"acf":[],"yoast_head":"<!-- This site is optimized with the Yoast SEO Premium plugin v27.4 (Yoast SEO v27.4) - https:\/\/yoast.com\/product\/yoast-seo-premium-wordpress\/ -->\n<title>K\u00fcldet\u00e9snyilatkozat - EMEA<\/title>\n<meta name=\"robots\" content=\"index, follow, max-snippet:-1, max-image-preview:large, max-video-preview:-1\" \/>\n<link rel=\"canonical\" href=\"https:\/\/www.toshiba-storage.com\/hu\/kuldetesnyilatkozat\/\" \/>\n<meta property=\"og:locale\" content=\"hu_HU\" \/>\n<meta property=\"og:type\" content=\"article\" \/>\n<meta property=\"og:title\" content=\"K\u00fcldet\u00e9snyilatkozat\" \/>\n<meta property=\"og:url\" content=\"https:\/\/www.toshiba-storage.com\/hu\/kuldetesnyilatkozat\/\" \/>\n<meta property=\"og:site_name\" content=\"EMEA\" \/>\n<meta property=\"article:publisher\" content=\"https:\/\/www.facebook.com\/ToshibaStorageEU\/\" \/>\n<meta property=\"article:modified_time\" content=\"2025-11-18T15:26:01+00:00\" \/>\n<meta name=\"twitter:card\" content=\"summary_large_image\" \/>\n<script type=\"application\/ld+json\" class=\"yoast-schema-graph\">{\"@context\":\"https:\\\/\\\/schema.org\",\"@graph\":[{\"@type\":\"WebPage\",\"@id\":\"https:\\\/\\\/www.toshiba-storage.com\\\/hu\\\/kuldetesnyilatkozat\\\/\",\"url\":\"https:\\\/\\\/www.toshiba-storage.com\\\/hu\\\/kuldetesnyilatkozat\\\/\",\"name\":\"K\u00fcldet\u00e9snyilatkozat - EMEA\",\"isPartOf\":{\"@id\":\"https:\\\/\\\/www.toshiba-storage.com\\\/hu\\\/#website\"},\"datePublished\":\"2025-11-18T14:57:35+00:00\",\"dateModified\":\"2025-11-18T15:26:01+00:00\",\"inLanguage\":\"hu-HU\",\"potentialAction\":[{\"@type\":\"ReadAction\",\"target\":[\"https:\\\/\\\/www.toshiba-storage.com\\\/hu\\\/kuldetesnyilatkozat\\\/\"]}]},{\"@type\":\"WebSite\",\"@id\":\"https:\\\/\\\/www.toshiba-storage.com\\\/hu\\\/#website\",\"url\":\"https:\\\/\\\/www.toshiba-storage.com\\\/hu\\\/\",\"name\":\"Toshiba Storage Solutions \u2013 EMEA Region\",\"description\":\"Toshiba in Europe and Middle East Asia provides reliable and innovative storage solutions and internal and external HDDs \u2013for Laptops, PC, NAS, Surveillance and Enterprise.\",\"publisher\":{\"@id\":\"https:\\\/\\\/www.toshiba-storage.com\\\/hu\\\/#organization\"},\"potentialAction\":[{\"@type\":\"SearchAction\",\"target\":{\"@type\":\"EntryPoint\",\"urlTemplate\":\"https:\\\/\\\/www.toshiba-storage.com\\\/hu\\\/?s={search_term_string}\"},\"query-input\":{\"@type\":\"PropertyValueSpecification\",\"valueRequired\":true,\"valueName\":\"search_term_string\"}}],\"inLanguage\":\"hu-HU\"},{\"@type\":\"Organization\",\"@id\":\"https:\\\/\\\/www.toshiba-storage.com\\\/hu\\\/#organization\",\"name\":\"Toshiba Electronics Europe GmbH\",\"url\":\"https:\\\/\\\/www.toshiba-storage.com\\\/hu\\\/\",\"logo\":{\"@type\":\"ImageObject\",\"inLanguage\":\"hu-HU\",\"@id\":\"https:\\\/\\\/www.toshiba-storage.com\\\/hu\\\/#\\\/schema\\\/logo\\\/image\\\/\",\"url\":\"https:\\\/\\\/www.toshiba-storage.com\\\/wp\\\/wp-content\\\/uploads\\\/2024\\\/02\\\/toshiba-logo.png\",\"contentUrl\":\"https:\\\/\\\/www.toshiba-storage.com\\\/wp\\\/wp-content\\\/uploads\\\/2024\\\/02\\\/toshiba-logo.png\",\"width\":263,\"height\":40,\"caption\":\"Toshiba Electronics Europe GmbH\"},\"image\":{\"@id\":\"https:\\\/\\\/www.toshiba-storage.com\\\/hu\\\/#\\\/schema\\\/logo\\\/image\\\/\"},\"sameAs\":[\"https:\\\/\\\/www.facebook.com\\\/ToshibaStorageEU\\\/\",\"https:\\\/\\\/www.linkedin.com\\\/company\\\/toshiba-electronics-europe-gmbh\\\/?originalSubdomain=de\",\"https:\\\/\\\/www.youtube.com\\\/user\\\/ToshibaElectronics1\"]}]}<\/script>\n<!-- \/ Yoast SEO Premium plugin. -->","yoast_head_json":{"title":"K\u00fcldet\u00e9snyilatkozat - EMEA","robots":{"index":"index","follow":"follow","max-snippet":"max-snippet:-1","max-image-preview":"max-image-preview:large","max-video-preview":"max-video-preview:-1"},"canonical":"https:\/\/www.toshiba-storage.com\/hu\/kuldetesnyilatkozat\/","og_locale":"hu_HU","og_type":"article","og_title":"K\u00fcldet\u00e9snyilatkozat","og_url":"https:\/\/www.toshiba-storage.com\/hu\/kuldetesnyilatkozat\/","og_site_name":"EMEA","article_publisher":"https:\/\/www.facebook.com\/ToshibaStorageEU\/","article_modified_time":"2025-11-18T15:26:01+00:00","twitter_card":"summary_large_image","schema":{"@context":"https:\/\/schema.org","@graph":[{"@type":"WebPage","@id":"https:\/\/www.toshiba-storage.com\/hu\/kuldetesnyilatkozat\/","url":"https:\/\/www.toshiba-storage.com\/hu\/kuldetesnyilatkozat\/","name":"K\u00fcldet\u00e9snyilatkozat - EMEA","isPartOf":{"@id":"https:\/\/www.toshiba-storage.com\/hu\/#website"},"datePublished":"2025-11-18T14:57:35+00:00","dateModified":"2025-11-18T15:26:01+00:00","inLanguage":"hu-HU","potentialAction":[{"@type":"ReadAction","target":["https:\/\/www.toshiba-storage.com\/hu\/kuldetesnyilatkozat\/"]}]},{"@type":"WebSite","@id":"https:\/\/www.toshiba-storage.com\/hu\/#website","url":"https:\/\/www.toshiba-storage.com\/hu\/","name":"Toshiba Storage Solutions \u2013 EMEA Region","description":"Toshiba in Europe and Middle East Asia provides reliable and innovative storage solutions and internal and external HDDs \u2013for Laptops, PC, NAS, Surveillance and Enterprise.","publisher":{"@id":"https:\/\/www.toshiba-storage.com\/hu\/#organization"},"potentialAction":[{"@type":"SearchAction","target":{"@type":"EntryPoint","urlTemplate":"https:\/\/www.toshiba-storage.com\/hu\/?s={search_term_string}"},"query-input":{"@type":"PropertyValueSpecification","valueRequired":true,"valueName":"search_term_string"}}],"inLanguage":"hu-HU"},{"@type":"Organization","@id":"https:\/\/www.toshiba-storage.com\/hu\/#organization","name":"Toshiba Electronics Europe GmbH","url":"https:\/\/www.toshiba-storage.com\/hu\/","logo":{"@type":"ImageObject","inLanguage":"hu-HU","@id":"https:\/\/www.toshiba-storage.com\/hu\/#\/schema\/logo\/image\/","url":"https:\/\/www.toshiba-storage.com\/wp\/wp-content\/uploads\/2024\/02\/toshiba-logo.png","contentUrl":"https:\/\/www.toshiba-storage.com\/wp\/wp-content\/uploads\/2024\/02\/toshiba-logo.png","width":263,"height":40,"caption":"Toshiba Electronics Europe GmbH"},"image":{"@id":"https:\/\/www.toshiba-storage.com\/hu\/#\/schema\/logo\/image\/"},"sameAs":["https:\/\/www.facebook.com\/ToshibaStorageEU\/","https:\/\/www.linkedin.com\/company\/toshiba-electronics-europe-gmbh\/?originalSubdomain=de","https:\/\/www.youtube.com\/user\/ToshibaElectronics1"]}]}},"_links":{"self":[{"href":"https:\/\/www.toshiba-storage.com\/hu\/wp-json\/wp\/v2\/pages\/65210","targetHints":{"allow":["GET"]}}],"collection":[{"href":"https:\/\/www.toshiba-storage.com\/hu\/wp-json\/wp\/v2\/pages"}],"about":[{"href":"https:\/\/www.toshiba-storage.com\/hu\/wp-json\/wp\/v2\/types\/page"}],"author":[{"embeddable":true,"href":"https:\/\/www.toshiba-storage.com\/hu\/wp-json\/wp\/v2\/users\/41"}],"replies":[{"embeddable":true,"href":"https:\/\/www.toshiba-storage.com\/hu\/wp-json\/wp\/v2\/comments?post=65210"}],"version-history":[{"count":0,"href":"https:\/\/www.toshiba-storage.com\/hu\/wp-json\/wp\/v2\/pages\/65210\/revisions"}],"wp:attachment":[{"href":"https:\/\/www.toshiba-storage.com\/hu\/wp-json\/wp\/v2\/media?parent=65210"}],"curies":[{"name":"wp","href":"https:\/\/api.w.org\/{rel}","templated":true}]}}