{"id":63062,"date":"2025-08-05T15:29:32","date_gmt":"2025-08-05T13:29:32","guid":{"rendered":"https:\/\/www.toshiba-storage.com\/?page_id=63062"},"modified":"2025-09-04T11:29:29","modified_gmt":"2025-09-04T09:29:29","slug":"hozzaferhetosegi-nyilatkozat","status":"publish","type":"page","link":"https:\/\/www.toshiba-storage.com\/hu\/hozzaferhetosegi-nyilatkozat\/","title":{"rendered":"Hozz\u00e1f\u00e9rhet\u0151s\u00e9gi nyilatkozat"},"content":{"rendered":"<div class=\"wpb-content-wrapper\"><p>[vc_row][vc_column][vc_column_text css=&#8221;&#8221;]<\/p>\n<h3><strong>Bevezet\u00e9s<\/strong><\/h3>\n<p>Mi, a Toshiba Electronics Europe GmbH, elk\u00f6telezettek vagyunk amellett, hogy weboldalunk mindenki sz\u00e1m\u00e1ra \u2013 bele\u00e9rtve a fogyat\u00e9koss\u00e1ggal \u00e9l\u0151 felhaszn\u00e1l\u00f3kat is \u2013 hozz\u00e1f\u00e9rhet\u0151 legyen. Arra t\u00f6reksz\u00fcnk, hogy megfelelj\u00fcnk vagy meghaladjunk a <strong>Webes Tartalom Hozz\u00e1f\u00e9rhet\u0151s\u00e9gi Ir\u00e1nyelvek (WCAG) 2.1, AA szintj\u00e9n<\/strong> t\u00e1masztott k\u00f6vetelm\u00e9nyeket, valamint \u00f6sszhangban legy\u00fcnk a <strong>n\u00e9met Hozz\u00e1f\u00e9rhet\u0151s\u00e9g jav\u00edt\u00e1s\u00e1r\u00f3l sz\u00f3l\u00f3 t\u00f6rv\u00e9nnyel (Barrierefreiheitsst\u00e4rkungsgesetz, BFSG) \u00e9s az (EU) 2019\/882 ir\u00e1nyelvvel, amely a term\u00e9kek \u00e9s szolg\u00e1ltat\u00e1sok hozz\u00e1f\u00e9rhet\u0151s\u00e9gi k\u00f6vetelm\u00e9nyeit szab\u00e1lyozza (EU Hozz\u00e1f\u00e9rhet\u0151s\u00e9gi Ir\u00e1nyelv).<\/strong><\/p>\n<p>Jelen hozz\u00e1f\u00e9rhet\u0151s\u00e9gi nyilatkozat az al\u00e1bbiakra vonatkozik:<br \/>\nwww.toshiba-storage.com<\/p>\n<h3><strong>A digit\u00e1lis szolg\u00e1ltat\u00e1sok \u00e1ltal\u00e1nos le\u00edr\u00e1sa<\/strong><\/h3>\n<p><strong>Kapcsolatfelv\u00e9teli \u0171rlap &#8211; HDD Innov\u00e1ci\u00f3s Labor<\/strong><\/p>\n<p>A Kapcsolatfelv\u00e9teli \u0171rlap \u2013 HDD Innov\u00e1ci\u00f3s Labor egy webalap\u00fa eszk\u00f6z, amely lehet\u0151v\u00e9 teszi a weboldal l\u00e1togat\u00f3i sz\u00e1m\u00e1ra, hogy \u00fczeneteket vagy megkeres\u00e9seket k\u00fcldjenek a Toshiba Electronics Europe GmbH r\u00e9sz\u00e9re an\u00e9lk\u00fcl, hogy hagyom\u00e1nyos e-mailt vagy m\u00e1s m\u00f3dszereket kellene haszn\u00e1lniuk.\u00a0A k\u00f6vetkez\u0151 mez\u0151ket tartalmazza:<\/p>\n<ul>\n<li>N\u00e9v*<\/li>\n<li>V\u00e1llalat*<\/li>\n<li>E-mail-c\u00edm*<\/li>\n<li>\u00dczenet*<\/li>\n<\/ul>\n<p>*K\u00f6telez\u0151 inform\u00e1ci\u00f3<\/p>\n<p>A be\u00e9rkez\u0151 \u00fczenetek a k\u00f6vetkez\u0151 e-mail c\u00edmre ker\u00fclnek tov\u00e1bb\u00edt\u00e1sra: <a href=\"mailto:HDDSupport@tee.toshiba.de\">HDDSupport@tee.toshiba.de<\/a>.<\/p>\n<p><strong>Kapcsolatfelv\u00e9teli \u0171rlap &#8211; \u00dcgyf\u00e9lt\u00e1mogat\u00e1s<\/strong><\/p>\n<p>A Kapcsolatfelv\u00e9teli \u0171rlap \u2013 \u00dcgyf\u00e9lt\u00e1mogat\u00e1s egy webalap\u00fa eszk\u00f6z, amely lehet\u0151v\u00e9 teszi a weboldal l\u00e1togat\u00f3i sz\u00e1m\u00e1ra, hogy \u00fczeneteket vagy megkeres\u00e9seket k\u00fcldjenek a Toshiba Electronics Europe GmbH r\u00e9sz\u00e9re an\u00e9lk\u00fcl, hogy hagyom\u00e1nyos e-mailt vagy m\u00e1s m\u00f3dszereket kellene haszn\u00e1lniuk.\u00a0A k\u00f6vetkez\u0151 mez\u0151ket tartalmazza:<\/p>\n<ul>\n<li>N\u00e9v*<\/li>\n<li>E-mail-c\u00edm*<\/li>\n<li>C\u00edm<\/li>\n<li>Term\u00e9kkateg\u00f3ria<\/li>\n<li>T\u00e1rgy<\/li>\n<li>Megjegyz\u00e9s vagy \u00fczenet*<\/li>\n<\/ul>\n<p>*K\u00f6telez\u0151 inform\u00e1ci\u00f3<\/p>\n<p>A be\u00e9rkez\u0151 \u00fczenetek a k\u00f6vetkez\u0151 e-mail c\u00edmre ker\u00fclnek tov\u00e1bb\u00edt\u00e1sra: <a href=\"mailto:HDDSupport@tee.toshiba.de\">HDDSupport@tee.toshiba.de<\/a>.<\/p>\n<p><strong>Adat-helyre\u00e1ll\u00edt\u00e1si szolg\u00e1ltat\u00e1s<\/strong><\/p>\n<p>A k\u00fcls\u0151 adat-helyre\u00e1ll\u00edt\u00e1si szolg\u00e1ltat\u00f3k arra specializ\u00e1l\u00f3dtak, hogy elveszett, t\u00f6r\u00f6lt vagy s\u00e9r\u00fclt adatokat \u00e1ll\u00edtsanak helyre k\u00fcl\u00f6nf\u00e9le t\u00e1rol\u00f3eszk\u00f6z\u00f6kr\u0151l, p\u00e9ld\u00e1ul merevlemezekr\u0151l.\u00a0Ezek a szolg\u00e1ltat\u00e1sok speci\u00e1lis eszk\u00f6z\u00f6ket \u00e9s technik\u00e1kat alkalmaznak az adatok helyre\u00e1ll\u00edt\u00e1sa \u00e9rdek\u00e9ben, amelyek hardveres vagy logikai meghib\u00e1sod\u00e1s miatt lehetnek hozz\u00e1f\u00e9rhetetlenek.\u00a0Az adat-helyre\u00e1ll\u00edt\u00e1s a v\u00e9letlen\u00fcl t\u00f6r\u00f6lt f\u00e1jlok vissza\u00e1ll\u00edt\u00e1s\u00e1t\u00f3l eg\u00e9szen a s\u00falyosan s\u00e9r\u00fclt eszk\u00f6z\u00f6kr\u0151l t\u00f6rt\u00e9n\u0151 adat-helyre\u00e1ll\u00edt\u00e1sig is terjedhet. A <a href=\"https:\/\/www.toshiba-storage.com\/data-recovery\/\">Data Recovery \u2013 EMEA<\/a> aloldalon a weboldal l\u00e1togat\u00f3i olyan k\u00fcls\u0151 szolg\u00e1ltat\u00f3khoz ker\u00fclnek \u00e1tir\u00e1ny\u00edt\u00e1sra, akik adat-helyre\u00e1ll\u00edt\u00e1si szolg\u00e1ltat\u00e1sokat k\u00edn\u00e1lnak.<\/p>\n<p><strong>J\u00f3t\u00e1ll\u00e1si ig\u00e9nykezel\u0151<\/strong><\/p>\n<p>A Toshiba Electronics Europe GmbH k\u00fcls\u0151 j\u00f3t\u00e1ll\u00e1si ig\u00e9nykezel\u0151t vesz ig\u00e9nybe, a StorRepair GmbH-t, amely a j\u00f3t\u00e1ll\u00e1si ig\u00e9nyek kezel\u00e9s\u00e9\u00e9rt \u00e9s feldolgoz\u00e1s\u00e1\u00e9rt felel\u0151s, biztos\u00edtva, hogy az \u00fcgyfelek megfelel\u0151 t\u00e1mogat\u00e1sban r\u00e9szes\u00fcljenek hib\u00e1s term\u00e9kek eset\u00e9n.\u00a0Ez olyan feladatokat foglal mag\u00e1ban, mint az ig\u00e9nyek fel\u00fclvizsg\u00e1lata, az adatok ellen\u0151rz\u00e9se, valamint a k\u00fcl\u00f6nb\u00f6z\u0151 felekkel val\u00f3 egyeztet\u00e9s a probl\u00e9m\u00e1k megold\u00e1sa \u00e9rdek\u00e9ben.<\/p>\n<p>A <a href=\"https:\/\/www.toshiba-storage.com\/warranty-claims\/\">J\u00f3t\u00e1ll\u00e1s \u2013 EMEA<\/a> aloldalon a weboldal l\u00e1togat\u00f3i a <a href=\"https:\/\/www.storrepair.com\/toshiba_products\/\">StorRepair GmbH<\/a> k\u00fcls\u0151 szolg\u00e1ltat\u00f3i port\u00e1lj\u00e1ra ker\u00fclnek \u00e1tir\u00e1ny\u00edt\u00e1sra.<\/p>\n<p><strong>Hol kaphat\u00f3 <\/strong><\/p>\n<p>A \u201eHol kaphat\u00f3\u201d oldal seg\u00edti a v\u00e1s\u00e1rl\u00f3kat abban, hogy megtal\u00e1lj\u00e1k, hol tudj\u00e1k megv\u00e1s\u00e1rolni az \u00e1ltaluk keresett term\u00e9ket. A weboldal l\u00e1togat\u00f3i kiv\u00e1laszthatj\u00e1k az orsz\u00e1gukat \u00e9s a megfelel\u0151 elad\u00f3t\u00edpust, majd \u00e1ttekint\u00e9st kapnak a megfelel\u0151 \u00e9rt\u00e9kes\u00edt\u00e9si pontokr\u00f3l.\u00a0Az adott log\u00f3ra t\u00f6rt\u00e9n\u0151 kattint\u00e1ssal \u00e1tir\u00e1ny\u00edt\u00e1sra ker\u00fclnek a term\u00e9keinket forgalmaz\u00f3 k\u00fcls\u0151 forgalmaz\u00f3k weboldal\u00e1ra.<\/p>\n<h3><strong>\u00a0<\/strong><strong>Alkalmazand\u00f3 hozz\u00e1f\u00e9rhet\u0151s\u00e9gi szabv\u00e1nyok<\/strong><\/h3>\n<p>Jelen weboldal megfelel az al\u00e1bbi k\u00f6vetelm\u00e9nyeknek:<\/p>\n<ul>\n<li><strong>WCAG 2.1 AA szint<br \/>\n<\/strong><\/li>\n<li>valamint egy\u00e9b vonatkoz\u00f3 jogszab\u00e1lyok, bele\u00e9rtve a n\u00e9met <strong>Hozz\u00e1f\u00e9rhet\u0151s\u00e9g jav\u00edt\u00e1s\u00e1r\u00f3l sz\u00f3l\u00f3 t\u00f6rv\u00e9nyt<\/strong>, k\u00fcl\u00f6n\u00f6sen a BFSG [Fogyat\u00e9koss\u00e1ggal \u00e9l\u0151k egyenl\u0151 es\u00e9lyeir\u0151l sz\u00f3l\u00f3 t\u00f6rv\u00e9ny] 14. szakasz\u00e1t, a 3. szakasszal \u00f6sszef\u00fcgg\u00e9sben. BFSG 1. \u00a7 \u00e9s a hozz\u00e1 tartoz\u00f3 Hozz\u00e1f\u00e9rhet\u0151s\u00e9g-fejleszt\u00e9si t\u00f6rv\u00e9ny v\u00e9grehajt\u00e1si rendelete (Verordnung zum Barrierefreiheitsst\u00e4rkungsgesetz, BFSGV).<\/li>\n<\/ul>\n<h3><strong>Int\u00e9zked\u00e9sek a hozz\u00e1f\u00e9rhet\u0151s\u00e9g biztos\u00edt\u00e1sa \u00e9rdek\u00e9ben<\/strong><\/h3>\n<p>A hozz\u00e1f\u00e9rhet\u0151s\u00e9g t\u00e1mogat\u00e1sa \u00e9rdek\u00e9ben:<\/p>\n<ul>\n<li>Alternat\u00edv sz\u00f6veget biztos\u00edtunk a k\u00e9pekhez.<\/li>\n<li>\u00c1tl\u00e1that\u00f3 \u00e9s k\u00f6vetkezetes navig\u00e1ci\u00f3t alkalmazunk.<\/li>\n<li>Biztos\u00edtjuk minden interakt\u00edv elem billenty\u0171zettel t\u00f6rt\u00e9n\u0151 haszn\u00e1lhat\u00f3s\u00e1g\u00e1t.<\/li>\n<li>T\u00e1mogatjuk a k\u00e9perny\u0151olvas\u00f3kat \u00e9s egy\u00e9b seg\u00e9deszk\u00f6z\u00f6ket.<\/li>\n<li>Megfelel\u0151 sz\u00ednkontrasztot alkalmazunk az olvashat\u00f3s\u00e1g biztos\u00edt\u00e1sa \u00e9rdek\u00e9ben.<\/li>\n<li>A multim\u00e9di\u00e1s tartalmakhoz feliratokat vagy \u00e1tiratokat biztos\u00edtunk.<\/li>\n<\/ul>\n<h3><strong>Akad\u00e1lymentes\u00edt\u00e9st t\u00e1mogat\u00f3 technol\u00f3gi\u00e1k<\/strong><\/h3>\n<p>Weboldalunkat \u00fagy alak\u00edtottuk ki, hogy kompatibilis legyen a legelterjedtebb t\u00e1mogat\u00f3 technol\u00f3gi\u00e1kkal, bele\u00e9rtve az al\u00e1bbiakat is:<\/p>\n<ul>\n<li>K\u00e9perny\u0151olvas\u00f3k (pl. JAWS, NVDA)<\/li>\n<li>Hangfelismer\u0151 szoftverek<\/li>\n<li>K\u00e9perny\u0151nagy\u00edt\u00f3k<\/li>\n<li>Alternat\u00edv bemeneti eszk\u00f6z\u00f6k<\/li>\n<\/ul>\n<h3><strong>Folyamatban l\u00e9v\u0151 fejleszt\u00e9sek<\/strong><\/h3>\n<p>Folyamatosan dolgozunk weboldalunk hozz\u00e1f\u00e9rhet\u0151s\u00e9g\u00e9nek jav\u00edt\u00e1s\u00e1n. Csapatunk rendszeresen teszteli az oldalt, szak\u00e9rt\u0151kkel konzult\u00e1l \u00e9s be\u00e9p\u00edti a felhaszn\u00e1l\u00f3i visszajelz\u00e9seket annak \u00e9rdek\u00e9ben, hogy folyamatosan biztos\u00edtsa a megfelel\u0151s\u00e9get \u00e9s a haszn\u00e1lhat\u00f3s\u00e1got.<\/p>\n<p><strong>Visszajelz\u00e9s \u00e9s Kapcsolat<\/strong><\/p>\n<p>Amennyiben b\u00e1rmilyen hozz\u00e1f\u00e9rhet\u0151s\u00e9gi akad\u00e1lyba \u00fctk\u00f6zik, vagy a tartalmat alternat\u00edv form\u00e1tumban k\u00edv\u00e1nja megkapni, k\u00e9rj\u00fck, vegye fel vel\u00fcnk a kapcsolatot:<\/p>\n<p><strong>Toshiba Electronics Europe GmbH<\/strong><\/p>\n<p>Hansaallee 181<\/p>\n<p>40549 D\u00fcsseldorf<\/p>\n<p>N\u00e9metorsz\u00e1g<\/p>\n<p>Telefon: +49 (0) 211 5296-0<\/p>\n<p>E-mail: info@toshiba-storage.com<\/p>\n<p>\u00dcgyvezet\u0151 igazgat\u00f3: Peter Lieberwirth<br \/>\nC\u00e9gjegyz\u00e9k: D\u00fcsseldorf HRB 22487<br \/>\nUni\u00f3s ad\u00f3sz\u00e1m: DE811207415<\/p>\n<p><strong>Illet\u00e9kes \u00e1llami piacfel\u00fcgyeleti hat\u00f3s\u00e1g<\/strong><\/p>\n<p>Jog\u00e1ban \u00e1ll kapcsolatba l\u00e9pni az illet\u00e9kes \u00e1llami piacfel\u00fcgyeleti hat\u00f3s\u00e1ggal, amely t\u00e1mogatja \u00f6nt jogai \u00e9rv\u00e9nyes\u00edt\u00e9s\u00e9ben:<\/p>\n<p>Markt\u00fcberwachungsstelle der L\u00e4nder f\u00fcr die Barrierefreiheit von Produkten und Dienstleistungen [A tartom\u00e1nyok piacfel\u00fcgyeleti szerve a term\u00e9kek \u00e9s szolg\u00e1ltat\u00e1sok akad\u00e1lymentess\u00e9g\u00e9\u00e9rt]<\/p>\n<p>a Ministerium f\u00fcr Arbeit, Soziales, Gesundheit und Gleichstellung Sachsen-Anhalt [Sz\u00e1sz-Anhalt Munka\u00fcgyi, Szoci\u00e1lis, Eg\u00e9szs\u00e9g\u00fcgyi \u00e9s Es\u00e9lyegyenl\u0151s\u00e9gi Miniszt\u00e9rium] c\u00edm\u00e9n<br \/>\nPostafi\u00f3k 39 11 55<br \/>\n39135 Magdeburg<\/p>\n<p>Telefon:\u00a00391 567 6970<br \/>\nE-mail:\u00a0<a href=\"https:\/\/ms.sachsen-anhalt.de\/themen\/menschen-mit-behinderungen\/aktuelles\/marktueberwachungsstelle-der-laender-fuer-die-barrierefreiheit-von-produkten-und-dienstleistungen\">MLBF(at)ms.sachsen-\u200banhalt.de<\/a>.[\/vc_column_text][\/vc_column][\/vc_row]<\/p>\n<\/div>","protected":false},"excerpt":{"rendered":"<p>[vc_row][vc_column][vc_column_text css=&#8221;&#8221;] Bevezet\u00e9s Mi, a Toshiba Electronics Europe GmbH, elk\u00f6telezettek vagyunk amellett, hogy weboldalunk mindenki sz\u00e1m\u00e1ra \u2013 bele\u00e9rtve a fogyat\u00e9koss\u00e1ggal \u00e9l\u0151 felhaszn\u00e1l\u00f3kat is \u2013 hozz\u00e1f\u00e9rhet\u0151 legyen. Arra t\u00f6reksz\u00fcnk, hogy megfelelj\u00fcnk vagy meghaladjunk a Webes Tartalom Hozz\u00e1f\u00e9rhet\u0151s\u00e9gi Ir\u00e1nyelvek (WCAG) 2.1, AA szintj\u00e9n t\u00e1masztott k\u00f6vetelm\u00e9nyeket, valamint \u00f6sszhangban legy\u00fcnk a n\u00e9met Hozz\u00e1f\u00e9rhet\u0151s\u00e9g jav\u00edt\u00e1s\u00e1r\u00f3l sz\u00f3l\u00f3 t\u00f6rv\u00e9nnyel (Barrierefreiheitsst\u00e4rkungsgesetz, BFSG) \u00e9s &hellip;<\/p>\n","protected":false},"author":41,"featured_media":0,"parent":0,"menu_order":0,"comment_status":"closed","ping_status":"closed","template":"page-legal.php","meta":{"_acf_changed":false,"footnotes":""},"class_list":["post-63062","page","type-page","status-publish","hentry"],"acf":[],"yoast_head":"<!-- This site is optimized with the Yoast SEO Premium plugin v27.2 (Yoast SEO v27.2) - https:\/\/yoast.com\/product\/yoast-seo-premium-wordpress\/ -->\n<title>Hozz\u00e1f\u00e9rhet\u0151s\u00e9gi nyilatkozat - EMEA<\/title>\n<meta name=\"robots\" content=\"index, follow, max-snippet:-1, max-image-preview:large, max-video-preview:-1\" \/>\n<link rel=\"canonical\" href=\"https:\/\/www.toshiba-storage.com\/hu\/hozzaferhetosegi-nyilatkozat\/\" \/>\n<meta property=\"og:locale\" content=\"hu_HU\" \/>\n<meta property=\"og:type\" content=\"article\" \/>\n<meta property=\"og:title\" content=\"Hozz\u00e1f\u00e9rhet\u0151s\u00e9gi nyilatkozat\" \/>\n<meta property=\"og:description\" content=\"[vc_row][vc_column][vc_column_text css=&#8221;&#8221;] Bevezet\u00e9s Mi, a Toshiba Electronics Europe GmbH, elk\u00f6telezettek vagyunk amellett, hogy weboldalunk mindenki sz\u00e1m\u00e1ra \u2013 bele\u00e9rtve a fogyat\u00e9koss\u00e1ggal \u00e9l\u0151 felhaszn\u00e1l\u00f3kat is \u2013 hozz\u00e1f\u00e9rhet\u0151 legyen. Arra t\u00f6reksz\u00fcnk, hogy megfelelj\u00fcnk vagy meghaladjunk a Webes Tartalom Hozz\u00e1f\u00e9rhet\u0151s\u00e9gi Ir\u00e1nyelvek (WCAG) 2.1, AA szintj\u00e9n t\u00e1masztott k\u00f6vetelm\u00e9nyeket, valamint \u00f6sszhangban legy\u00fcnk a n\u00e9met Hozz\u00e1f\u00e9rhet\u0151s\u00e9g jav\u00edt\u00e1s\u00e1r\u00f3l sz\u00f3l\u00f3 t\u00f6rv\u00e9nnyel (Barrierefreiheitsst\u00e4rkungsgesetz, BFSG) \u00e9s &hellip;\" \/>\n<meta property=\"og:url\" content=\"https:\/\/www.toshiba-storage.com\/hu\/hozzaferhetosegi-nyilatkozat\/\" \/>\n<meta property=\"og:site_name\" content=\"EMEA\" \/>\n<meta property=\"article:publisher\" content=\"https:\/\/www.facebook.com\/ToshibaStorageEU\/\" \/>\n<meta property=\"article:modified_time\" content=\"2025-09-04T09:29:29+00:00\" \/>\n<meta name=\"twitter:card\" content=\"summary_large_image\" \/>\n<meta name=\"twitter:label1\" content=\"Est. reading time\" \/>\n\t<meta name=\"twitter:data1\" content=\"3 minutes\" \/>\n<script type=\"application\/ld+json\" class=\"yoast-schema-graph\">{\"@context\":\"https:\/\/schema.org\",\"@graph\":[{\"@type\":\"WebPage\",\"@id\":\"https:\/\/www.toshiba-storage.com\/hu\/hozzaferhetosegi-nyilatkozat\/\",\"url\":\"https:\/\/www.toshiba-storage.com\/hu\/hozzaferhetosegi-nyilatkozat\/\",\"name\":\"Hozz\u00e1f\u00e9rhet\u0151s\u00e9gi nyilatkozat - EMEA\",\"isPartOf\":{\"@id\":\"https:\/\/www.toshiba-storage.com\/hu\/#website\"},\"datePublished\":\"2025-08-05T13:29:32+00:00\",\"dateModified\":\"2025-09-04T09:29:29+00:00\",\"inLanguage\":\"hu-HU\",\"potentialAction\":[{\"@type\":\"ReadAction\",\"target\":[\"https:\/\/www.toshiba-storage.com\/hu\/hozzaferhetosegi-nyilatkozat\/\"]}]},{\"@type\":\"WebSite\",\"@id\":\"https:\/\/www.toshiba-storage.com\/hu\/#website\",\"url\":\"https:\/\/www.toshiba-storage.com\/hu\/\",\"name\":\"Toshiba Storage Solutions \u2013 EMEA Region\",\"description\":\"Toshiba in Europe and Middle East Asia provides reliable and innovative storage solutions and internal and external HDDs \u2013for Laptops, PC, NAS, Surveillance and Enterprise.\",\"publisher\":{\"@id\":\"https:\/\/www.toshiba-storage.com\/hu\/#organization\"},\"potentialAction\":[{\"@type\":\"SearchAction\",\"target\":{\"@type\":\"EntryPoint\",\"urlTemplate\":\"https:\/\/www.toshiba-storage.com\/hu\/?s={search_term_string}\"},\"query-input\":{\"@type\":\"PropertyValueSpecification\",\"valueRequired\":true,\"valueName\":\"search_term_string\"}}],\"inLanguage\":\"hu-HU\"},{\"@type\":\"Organization\",\"@id\":\"https:\/\/www.toshiba-storage.com\/hu\/#organization\",\"name\":\"Toshiba Electronics Europe GmbH\",\"url\":\"https:\/\/www.toshiba-storage.com\/hu\/\",\"logo\":{\"@type\":\"ImageObject\",\"inLanguage\":\"hu-HU\",\"@id\":\"https:\/\/www.toshiba-storage.com\/hu\/#\/schema\/logo\/image\/\",\"url\":\"https:\/\/www.toshiba-storage.com\/wp\/wp-content\/uploads\/2024\/02\/toshiba-logo.png\",\"contentUrl\":\"https:\/\/www.toshiba-storage.com\/wp\/wp-content\/uploads\/2024\/02\/toshiba-logo.png\",\"width\":263,\"height\":40,\"caption\":\"Toshiba Electronics Europe GmbH\"},\"image\":{\"@id\":\"https:\/\/www.toshiba-storage.com\/hu\/#\/schema\/logo\/image\/\"},\"sameAs\":[\"https:\/\/www.facebook.com\/ToshibaStorageEU\/\",\"https:\/\/www.linkedin.com\/company\/toshiba-electronics-europe-gmbh\/?originalSubdomain=de\",\"https:\/\/www.youtube.com\/user\/ToshibaElectronics1\"]}]}<\/script>\n<!-- \/ Yoast SEO Premium plugin. -->","yoast_head_json":{"title":"Hozz\u00e1f\u00e9rhet\u0151s\u00e9gi nyilatkozat - EMEA","robots":{"index":"index","follow":"follow","max-snippet":"max-snippet:-1","max-image-preview":"max-image-preview:large","max-video-preview":"max-video-preview:-1"},"canonical":"https:\/\/www.toshiba-storage.com\/hu\/hozzaferhetosegi-nyilatkozat\/","og_locale":"hu_HU","og_type":"article","og_title":"Hozz\u00e1f\u00e9rhet\u0151s\u00e9gi nyilatkozat","og_description":"[vc_row][vc_column][vc_column_text css=&#8221;&#8221;] Bevezet\u00e9s Mi, a Toshiba Electronics Europe GmbH, elk\u00f6telezettek vagyunk amellett, hogy weboldalunk mindenki sz\u00e1m\u00e1ra \u2013 bele\u00e9rtve a fogyat\u00e9koss\u00e1ggal \u00e9l\u0151 felhaszn\u00e1l\u00f3kat is \u2013 hozz\u00e1f\u00e9rhet\u0151 legyen. Arra t\u00f6reksz\u00fcnk, hogy megfelelj\u00fcnk vagy meghaladjunk a Webes Tartalom Hozz\u00e1f\u00e9rhet\u0151s\u00e9gi Ir\u00e1nyelvek (WCAG) 2.1, AA szintj\u00e9n t\u00e1masztott k\u00f6vetelm\u00e9nyeket, valamint \u00f6sszhangban legy\u00fcnk a n\u00e9met Hozz\u00e1f\u00e9rhet\u0151s\u00e9g jav\u00edt\u00e1s\u00e1r\u00f3l sz\u00f3l\u00f3 t\u00f6rv\u00e9nnyel (Barrierefreiheitsst\u00e4rkungsgesetz, BFSG) \u00e9s &hellip;","og_url":"https:\/\/www.toshiba-storage.com\/hu\/hozzaferhetosegi-nyilatkozat\/","og_site_name":"EMEA","article_publisher":"https:\/\/www.facebook.com\/ToshibaStorageEU\/","article_modified_time":"2025-09-04T09:29:29+00:00","twitter_card":"summary_large_image","twitter_misc":{"Est. reading time":"3 minutes"},"schema":{"@context":"https:\/\/schema.org","@graph":[{"@type":"WebPage","@id":"https:\/\/www.toshiba-storage.com\/hu\/hozzaferhetosegi-nyilatkozat\/","url":"https:\/\/www.toshiba-storage.com\/hu\/hozzaferhetosegi-nyilatkozat\/","name":"Hozz\u00e1f\u00e9rhet\u0151s\u00e9gi nyilatkozat - EMEA","isPartOf":{"@id":"https:\/\/www.toshiba-storage.com\/hu\/#website"},"datePublished":"2025-08-05T13:29:32+00:00","dateModified":"2025-09-04T09:29:29+00:00","inLanguage":"hu-HU","potentialAction":[{"@type":"ReadAction","target":["https:\/\/www.toshiba-storage.com\/hu\/hozzaferhetosegi-nyilatkozat\/"]}]},{"@type":"WebSite","@id":"https:\/\/www.toshiba-storage.com\/hu\/#website","url":"https:\/\/www.toshiba-storage.com\/hu\/","name":"Toshiba Storage Solutions \u2013 EMEA Region","description":"Toshiba in Europe and Middle East Asia provides reliable and innovative storage solutions and internal and external HDDs \u2013for Laptops, PC, NAS, Surveillance and Enterprise.","publisher":{"@id":"https:\/\/www.toshiba-storage.com\/hu\/#organization"},"potentialAction":[{"@type":"SearchAction","target":{"@type":"EntryPoint","urlTemplate":"https:\/\/www.toshiba-storage.com\/hu\/?s={search_term_string}"},"query-input":{"@type":"PropertyValueSpecification","valueRequired":true,"valueName":"search_term_string"}}],"inLanguage":"hu-HU"},{"@type":"Organization","@id":"https:\/\/www.toshiba-storage.com\/hu\/#organization","name":"Toshiba Electronics Europe GmbH","url":"https:\/\/www.toshiba-storage.com\/hu\/","logo":{"@type":"ImageObject","inLanguage":"hu-HU","@id":"https:\/\/www.toshiba-storage.com\/hu\/#\/schema\/logo\/image\/","url":"https:\/\/www.toshiba-storage.com\/wp\/wp-content\/uploads\/2024\/02\/toshiba-logo.png","contentUrl":"https:\/\/www.toshiba-storage.com\/wp\/wp-content\/uploads\/2024\/02\/toshiba-logo.png","width":263,"height":40,"caption":"Toshiba Electronics Europe GmbH"},"image":{"@id":"https:\/\/www.toshiba-storage.com\/hu\/#\/schema\/logo\/image\/"},"sameAs":["https:\/\/www.facebook.com\/ToshibaStorageEU\/","https:\/\/www.linkedin.com\/company\/toshiba-electronics-europe-gmbh\/?originalSubdomain=de","https:\/\/www.youtube.com\/user\/ToshibaElectronics1"]}]}},"_links":{"self":[{"href":"https:\/\/www.toshiba-storage.com\/hu\/wp-json\/wp\/v2\/pages\/63062","targetHints":{"allow":["GET"]}}],"collection":[{"href":"https:\/\/www.toshiba-storage.com\/hu\/wp-json\/wp\/v2\/pages"}],"about":[{"href":"https:\/\/www.toshiba-storage.com\/hu\/wp-json\/wp\/v2\/types\/page"}],"author":[{"embeddable":true,"href":"https:\/\/www.toshiba-storage.com\/hu\/wp-json\/wp\/v2\/users\/41"}],"replies":[{"embeddable":true,"href":"https:\/\/www.toshiba-storage.com\/hu\/wp-json\/wp\/v2\/comments?post=63062"}],"version-history":[{"count":0,"href":"https:\/\/www.toshiba-storage.com\/hu\/wp-json\/wp\/v2\/pages\/63062\/revisions"}],"wp:attachment":[{"href":"https:\/\/www.toshiba-storage.com\/hu\/wp-json\/wp\/v2\/media?parent=63062"}],"curies":[{"name":"wp","href":"https:\/\/api.w.org\/{rel}","templated":true}]}}