{"id":41282,"date":"2020-07-02T12:10:12","date_gmt":"2020-07-02T10:10:12","guid":{"rendered":"https:\/\/toshibastoragecom-preview.preview.pslsrv.com\/data_recovery_service_provider_info\/"},"modified":"2021-03-04T11:49:31","modified_gmt":"2021-03-04T10:49:31","slug":"data_recovery_service_provider_info","status":"publish","type":"page","link":"https:\/\/www.toshiba-storage.com\/hu\/data_recovery_service_provider_info\/","title":{"rendered":"Adat-helyre\u00e1ll\u00edt\u00f3 szolg\u00e1ltat\u00f3kra vonatkoz\u00f3 inform\u00e1ci\u00f3"},"content":{"rendered":"<div id=\"main\">\r\n<div id=\"mainInner\">\r\n<section id=\"cont\">\r\n<div class=\"titWrap\">\r\n<h2 id=\"faqTit\" class=\"titMain\" style=\"text-align: center;\"><span class=\"mdlImg\"><br \/><img loading=\"lazy\" decoding=\"async\" class=\"size-full wp-image-34842 aligncenter\" src=\"https:\/\/www.toshiba-storage.com\/wp-content\/uploads\/2020\/06\/20200630_Toshiba_Storage_Data_Recovery_Icon.gif\" alt=\"\" width=\"89\" height=\"96\" \/><\/span><\/h2>\r\n<p>\u00a0<\/p>\r\n<\/div>\r\n<p class=\"clickNote attention\" style=\"text-align: center; color: red;\"><strong>Az al\u00e1bbi felel\u0151ss\u00e9gkiz\u00e1r\u00e1si nyilatkozat elolvas\u00e1sa \u00e9s elfogad\u00e1sa ut\u00e1n forduljon a lent felsorolt szolg\u00e1ltat\u00f3k egyik\u00e9hez.<\/strong><\/p>\r\n<p>\u00a0<\/p>\r\n<div class=\"blockNote block20\">\r\n<p class=\"text\" style=\"text-align: left; font-size: 25px;\">Felel\u0151ss\u00e9gkiz\u00e1r\u00e1s<\/p>\r\n<p class=\"p1\">(a)\u00a0\u00a0\u00a0 \u00d6n a saj\u00e1t felel\u0151ss\u00e9g\u00e9re fordul a lent felsorolt f\u00fcggetlen \u00e9s k\u00fcls\u0151 szolg\u00e1ltat\u00f3k egyik\u00e9hez (\u201eszolg\u00e1ltat\u00f3\u201d). \u00d6nnek jog\u00e1ban \u00e1ll a lent felsoroltakon k\u00edv\u00fcli szolg\u00e1ltat\u00f3t v\u00e1lasztania adatai helyre\u00e1ll\u00edt\u00e1s\u00e1hoz.<\/p>\r\n<p class=\"p1\">(b)\u00a0\u00a0\u00a0 B\u00e1rmely meg\u00e1llapod\u00e1s, amely \u00d6n \u00e9s az adat-helyre\u00e1ll\u00edt\u00f3 szolg\u00e1ltat\u00f3 k\u00f6z\u00f6tt j\u00f6n l\u00e9tre, kiz\u00e1r\u00f3lag \u00d6nre \u00e9s a szolg\u00e1ltat\u00f3ra vonatkozik. A Toshiba Electronics Europe GmbH \u00e9s le\u00e1nyv\u00e1llalatai (a tov\u00e1bbiakban egy\u00fcttesen \u201eTOSHIBA\u201d) semmilyen k\u00f6r\u00fclm\u00e9nyek k\u00f6z\u00f6tt nem v\u00e1lnak ilyen meg\u00e1llapod\u00e1sok szerz\u0151d\u0151 fel\u00e9v\u00e9.<\/p>\r\n<p class=\"p1\">(c)\u00a0\u00a0\u00a0 A TOSHIBA SEM KIFEJEZETT, SEM V\u00c9LEM\u00c9NYEZETT SZAVATOSS\u00c1GOT NEM V\u00c1LLAL, \u00c9S KIFEJEZETTEN ELH\u00c1R\u00cdT MINDEN, A K\u00dcLS\u0150 SZOLG\u00c1LTAT\u00d3 \u00c1LTAL NY\u00daJTOTT SZOLG\u00c1LTAT\u00c1SOKKAL \u00d6SSZEF\u00dcGG\u0150 SZAVATOSS\u00c1GOT, BELE\u00c9RTVE T\u00d6BBEK K\u00d6Z\u00d6TT A F\u00dcGGETLEN \u00c9S K\u00dcLS\u0150 SZOLG\u00c1LTAT\u00d3 \u00c1LTAL NY\u00daJTOTT SZOLG\u00c1LTAT\u00c1SOK MIN\u0150S\u00c9G\u00c9VEL VAGY MEGB\u00cdZHAT\u00d3S\u00c1G\u00c1VAL, JOGTISZTAS\u00c1GGAL, \u00c9RT\u00c9KES\u00cdTHET\u0150S\u00c9GGEL VAGY ADOTT C\u00c9LOKRA VAL\u00d3 ALKALMASS\u00c1GGAL KAPCSOLATOS SZAVATOSS\u00c1GOKAT.<\/p>\r\n<p class=\"p1\">(d)\u00a0\u00a0\u00a0 A szolg\u00e1ltat\u00f3k \u00e1ltal ny\u00fajtott adat-helyre\u00e1ll\u00edt\u00e1si szolg\u00e1ltat\u00e1sok ig\u00e9nye v\u00e9tele nem teszi \u00e9rv\u00e9nytelenn\u00e9 a Toshiba \u00e1ltal b\u00e1rmely k\u00fcls\u0151 vagy bels\u0151 Toshiba-merevlemezre v\u00e1llalt szavatoss\u00e1got (\u201eToshiba-szavatoss\u00e1g) a merevlemezt (\u201emerevlemez\u201d) megv\u00e1s\u00e1rl\u00f3 v\u00e9gfelhaszn\u00e1l\u00f3 sz\u00e1m\u00e1ra. Ha azonban a szolg\u00e1ltat\u00f3 \u00e1ltal ny\u00fajtott adat-helyre\u00e1ll\u00edt\u00e1s k\u00f6vetkezt\u00e9ben a merevlemez megs\u00e9r\u00fcl vagy meghib\u00e1sodik, akkor a Toshiba-szavatoss\u00e1g nem terjed ki a sz\u00f3ban forg\u00f3 s\u00e9r\u00fcl\u00e9sre vagy meghib\u00e1sod\u00e1sra.<\/p>\r\n<p class=\"p1\">(e) A Toshiba-szavatoss\u00e1ggal \u00f6sszhangban a TOSHIBA nem v\u00e1llal felel\u0151ss\u00e9get olyan vesztes\u00e9g\u00e9rt vagy k\u00e1r\u00e9rt, amely egy szolg\u00e1ltat\u00f3 \u00e1ltal ny\u00fajtott szolg\u00e1ltat\u00e1ssal kapcsolatos, vagy abb\u00f3l ered, bele\u00e9rtve t\u00f6bbek k\u00f6z\u00f6tt a Toshiba-merevlemezeken t\u00e1rolt adatokkal kapcsolatos vesztes\u00e9geket vagy k\u00e1rokat, p\u00e9ld\u00e1ul helytelen haszn\u00e1latb\u00f3l vagy beavatkoz\u00e1sb\u00f3l, nem megfelel\u0151 kezel\u00e9sb\u0151l vagy m\u00e1s, a Toshiba-szavatoss\u00e1g dokument\u00e1ci\u00f3j\u00e1ban meghat\u00e1rozott okokb\u00f3l ered\u0151ket. Az adatok biztons\u00e1gi ment\u00e9se az \u00d6n felel\u0151ss\u00e9ge. A TOSHIBA nem v\u00e1llal felel\u0151ss\u00e9get az adatveszt\u00e9sb\u0151l sz\u00e1rmaz\u00f3 p\u00e9nz\u00fcgyi vagy egy\u00e9b term\u00e9szet\u0171 k\u00e1rok\u00e9rt.<\/p>\r\n<p>(f) Az adat-helyre\u00e1ll\u00edt\u00e1si szolg\u00e1ltat\u00e1s t\u00e9nyleges felt\u00e9teleit az egyes szolg\u00e1ltat\u00f3k webhely\u00e9n k\u00f6z\u00f6lt r\u00e9szletes ir\u00e1nymutat\u00e1s tartalmazza.<\/p>\r\n<\/div>\r\n<br><br>\r\n<p style=\"text-align: center;\">Az al\u00e1bbi embl\u00e9m\u00e1kra kattintva elfogadja az eml\u00edtett konkr\u00e9t felel\u0151ss\u00e9gkiz\u00e1r\u00f3 nyilatkozatokat. <br \/>A k\u00f6vetkez\u0151 szolg\u00e1ltat\u00f3k kedvezm\u00e9nyes adat-helyre\u00e1ll\u00edt\u00e1si szolg\u00e1ltat\u00e1st k\u00edn\u00e1lnak a Toshiba merevlemezt haszn\u00e1l\u00f3 \u00fcgyfeleknek.<\/p>\r\n<div>\r\n<table style=\"width: 100%;\">\r\n<tbody>\r\n<tr>\r\n<th style=\"text-align: center;\"><a href=\"https:\/\/www.toshiba-storage.com\/hu\/link-ontrack\/\"><img loading=\"lazy\" decoding=\"async\" class=\"alignnone wp-image-39402 \" src=\"https:\/\/www.toshiba-storage.com\/wp-content\/uploads\/2020\/09\/ontrack_c-300x71.png\" alt=\"\" width=\"232\" height=\"55\" srcset=\"https:\/\/www.toshiba-storage.com\/wp\/wp-content\/uploads\/2020\/09\/ontrack_c-300x71.png 300w, https:\/\/www.toshiba-storage.com\/wp\/wp-content\/uploads\/2020\/09\/ontrack_c-768x181.png 768w, https:\/\/www.toshiba-storage.com\/wp\/wp-content\/uploads\/2020\/09\/ontrack_c-1024x241.png 1024w, https:\/\/www.toshiba-storage.com\/wp\/wp-content\/uploads\/2020\/09\/ontrack_c.png 1785w\" sizes=\"auto, (max-width: 232px) 100vw, 232px\" \/><\/a><\/th>\r\n<th style=\"text-align: center;\"><a href=\"https:\/\/www.toshiba-storage.com\/hu\/drivesavers\/\"><img loading=\"lazy\" decoding=\"async\" class=\"alignnone wp-image-39390 \" src=\"https:\/\/www.toshiba-storage.com\/wp-content\/uploads\/2020\/09\/DR_DSLogo-300x300.png\" alt=\"\" width=\"156\" height=\"156\" srcset=\"https:\/\/www.toshiba-storage.com\/wp\/wp-content\/uploads\/2020\/09\/DR_DSLogo-300x300.png 300w, https:\/\/www.toshiba-storage.com\/wp\/wp-content\/uploads\/2020\/09\/DR_DSLogo-150x150.png 150w, https:\/\/www.toshiba-storage.com\/wp\/wp-content\/uploads\/2020\/09\/DR_DSLogo-768x769.png 768w, https:\/\/www.toshiba-storage.com\/wp\/wp-content\/uploads\/2020\/09\/DR_DSLogo-1024x1024.png 1024w, https:\/\/www.toshiba-storage.com\/wp\/wp-content\/uploads\/2020\/09\/DR_DSLogo-450x450.png 450w, https:\/\/www.toshiba-storage.com\/wp\/wp-content\/uploads\/2020\/09\/DR_DSLogo.png 1502w\" sizes=\"auto, (max-width: 156px) 100vw, 156px\" \/><\/a><\/th>\r\n<\/tr>\r\n<tr>\r\n<th style=\"text-align: center;\">\r\n<p><a href=\"https:\/\/www.toshiba-storage.com\/hu\/link-ontrack\/\"><strong>Ontrack<\/strong><\/a><\/p>\r\n<p><span style=\"color: #000000; font-family: Calibri; font-size: medium;\"><a href=\"https:\/\/www.toshiba-storage.com\/hu\/link-ontrack\/\">Kattintson ide<\/a>, \u00e9s vegyen ig\u00e9nybe kedvezm\u00e9nyt<\/span><\/p>\r\n<\/th>\r\n<th style=\"text-align: center;\">\r\n<p><a href=\"https:\/\/www.toshiba-storage.com\/hu\/drivesavers\/\"><strong>Drivesavers<\/strong><\/a><\/p>\r\n<p><span style=\"color: #000000; font-family: Calibri; font-size: medium;\"><a href=\"https:\/\/www.toshiba-storage.com\/hu\/drivesavers\/\">Kattintson ide<\/a>, \u00e9s vegyen ig\u00e9nybe kedvezm\u00e9nyt<\/span><\/p>\r\n<\/th>\r\n<\/tr>\r\n<\/tbody>\r\n<\/table>\r\n<\/div>\r\n<\/section>\r\n<\/div>\r\n<p><strong><!-- \/#mainInner --><\/strong><\/p>\r\n<\/div>\r\n\r\n\r\n<p>&nbsp;<\/p>\r\n","protected":false},"excerpt":{"rendered":"<p>\u00a0 Az al\u00e1bbi felel\u0151ss\u00e9gkiz\u00e1r\u00e1si nyilatkozat elolvas\u00e1sa \u00e9s elfogad\u00e1sa ut\u00e1n forduljon a lent felsorolt szolg\u00e1ltat\u00f3k egyik\u00e9hez. \u00a0 Felel\u0151ss\u00e9gkiz\u00e1r\u00e1s (a)\u00a0\u00a0\u00a0 \u00d6n a saj\u00e1t felel\u0151ss\u00e9g\u00e9re fordul a lent felsorolt f\u00fcggetlen \u00e9s k\u00fcls\u0151 szolg\u00e1ltat\u00f3k egyik\u00e9hez (\u201eszolg\u00e1ltat\u00f3\u201d). \u00d6nnek jog\u00e1ban \u00e1ll a lent felsoroltakon k\u00edv\u00fcli szolg\u00e1ltat\u00f3t v\u00e1lasztania adatai helyre\u00e1ll\u00edt\u00e1s\u00e1hoz. (b)\u00a0\u00a0\u00a0 B\u00e1rmely meg\u00e1llapod\u00e1s, amely \u00d6n \u00e9s az adat-helyre\u00e1ll\u00edt\u00f3 szolg\u00e1ltat\u00f3 k\u00f6z\u00f6tt j\u00f6n l\u00e9tre, &hellip;<\/p>\n","protected":false},"author":30,"featured_media":0,"parent":0,"menu_order":0,"comment_status":"closed","ping_status":"closed","template":"page-legal.php","meta":{"_acf_changed":false,"footnotes":""},"class_list":["post-41282","page","type-page","status-publish","hentry"],"acf":[],"yoast_head":"<!-- This site is optimized with the Yoast SEO Premium plugin v27.3 (Yoast SEO v27.3) - https:\/\/yoast.com\/product\/yoast-seo-premium-wordpress\/ -->\n<title>Adat-helyre\u00e1ll\u00edt\u00f3 szolg\u00e1ltat\u00f3kra vonatkoz\u00f3 inform\u00e1ci\u00f3 - EMEA<\/title>\n<meta name=\"robots\" content=\"index, follow, max-snippet:-1, max-image-preview:large, max-video-preview:-1\" \/>\n<link rel=\"canonical\" href=\"https:\/\/www.toshiba-storage.com\/hu\/data_recovery_service_provider_info\/\" \/>\n<meta property=\"og:locale\" content=\"hu_HU\" \/>\n<meta property=\"og:type\" content=\"article\" \/>\n<meta property=\"og:title\" content=\"Adat-helyre\u00e1ll\u00edt\u00f3 szolg\u00e1ltat\u00f3kra vonatkoz\u00f3 inform\u00e1ci\u00f3\" \/>\n<meta property=\"og:description\" content=\"\u00a0 Az al\u00e1bbi felel\u0151ss\u00e9gkiz\u00e1r\u00e1si nyilatkozat elolvas\u00e1sa \u00e9s elfogad\u00e1sa ut\u00e1n forduljon a lent felsorolt szolg\u00e1ltat\u00f3k egyik\u00e9hez. \u00a0 Felel\u0151ss\u00e9gkiz\u00e1r\u00e1s (a)\u00a0\u00a0\u00a0 \u00d6n a saj\u00e1t felel\u0151ss\u00e9g\u00e9re fordul a lent felsorolt f\u00fcggetlen \u00e9s k\u00fcls\u0151 szolg\u00e1ltat\u00f3k egyik\u00e9hez (\u201eszolg\u00e1ltat\u00f3\u201d). \u00d6nnek jog\u00e1ban \u00e1ll a lent felsoroltakon k\u00edv\u00fcli szolg\u00e1ltat\u00f3t v\u00e1lasztania adatai helyre\u00e1ll\u00edt\u00e1s\u00e1hoz. (b)\u00a0\u00a0\u00a0 B\u00e1rmely meg\u00e1llapod\u00e1s, amely \u00d6n \u00e9s az adat-helyre\u00e1ll\u00edt\u00f3 szolg\u00e1ltat\u00f3 k\u00f6z\u00f6tt j\u00f6n l\u00e9tre, &hellip;\" \/>\n<meta property=\"og:url\" content=\"https:\/\/www.toshiba-storage.com\/hu\/data_recovery_service_provider_info\/\" \/>\n<meta property=\"og:site_name\" content=\"EMEA\" \/>\n<meta property=\"article:publisher\" content=\"https:\/\/www.facebook.com\/ToshibaStorageEU\/\" \/>\n<meta property=\"article:modified_time\" content=\"2021-03-04T10:49:31+00:00\" \/>\n<meta property=\"og:image\" content=\"https:\/\/www.wwwtoshibastoragecom.psl.dev\/wp-content\/uploads\/2020\/06\/20200630_Toshiba_Storage_Data_Recovery_Icon.gif\" \/>\n<meta name=\"twitter:card\" content=\"summary_large_image\" \/>\n<meta name=\"twitter:label1\" content=\"Est. reading time\" \/>\n\t<meta name=\"twitter:data1\" content=\"3 minutes\" \/>\n<script type=\"application\/ld+json\" class=\"yoast-schema-graph\">{\"@context\":\"https:\\\/\\\/schema.org\",\"@graph\":[{\"@type\":\"WebPage\",\"@id\":\"https:\\\/\\\/www.toshiba-storage.com\\\/hu\\\/data_recovery_service_provider_info\\\/\",\"url\":\"https:\\\/\\\/www.toshiba-storage.com\\\/hu\\\/data_recovery_service_provider_info\\\/\",\"name\":\"Adat-helyre\u00e1ll\u00edt\u00f3 szolg\u00e1ltat\u00f3kra vonatkoz\u00f3 inform\u00e1ci\u00f3 - EMEA\",\"isPartOf\":{\"@id\":\"https:\\\/\\\/www.toshiba-storage.com\\\/hu\\\/#website\"},\"primaryImageOfPage\":{\"@id\":\"https:\\\/\\\/www.toshiba-storage.com\\\/hu\\\/data_recovery_service_provider_info\\\/#primaryimage\"},\"image\":{\"@id\":\"https:\\\/\\\/www.toshiba-storage.com\\\/hu\\\/data_recovery_service_provider_info\\\/#primaryimage\"},\"thumbnailUrl\":\"https:\\\/\\\/www.toshiba-storage.com\\\/wp-content\\\/uploads\\\/2020\\\/06\\\/20200630_Toshiba_Storage_Data_Recovery_Icon.gif\",\"datePublished\":\"2020-07-02T10:10:12+00:00\",\"dateModified\":\"2021-03-04T10:49:31+00:00\",\"inLanguage\":\"hu-HU\",\"potentialAction\":[{\"@type\":\"ReadAction\",\"target\":[\"https:\\\/\\\/www.toshiba-storage.com\\\/hu\\\/data_recovery_service_provider_info\\\/\"]}]},{\"@type\":\"ImageObject\",\"inLanguage\":\"hu-HU\",\"@id\":\"https:\\\/\\\/www.toshiba-storage.com\\\/hu\\\/data_recovery_service_provider_info\\\/#primaryimage\",\"url\":\"https:\\\/\\\/www.toshiba-storage.com\\\/wp-content\\\/uploads\\\/2020\\\/06\\\/20200630_Toshiba_Storage_Data_Recovery_Icon.gif\",\"contentUrl\":\"https:\\\/\\\/www.toshiba-storage.com\\\/wp-content\\\/uploads\\\/2020\\\/06\\\/20200630_Toshiba_Storage_Data_Recovery_Icon.gif\"},{\"@type\":\"WebSite\",\"@id\":\"https:\\\/\\\/www.toshiba-storage.com\\\/hu\\\/#website\",\"url\":\"https:\\\/\\\/www.toshiba-storage.com\\\/hu\\\/\",\"name\":\"Toshiba Storage Solutions \u2013 EMEA Region\",\"description\":\"Toshiba in Europe and Middle East Asia provides reliable and innovative storage solutions and internal and external HDDs \u2013for Laptops, PC, NAS, Surveillance and Enterprise.\",\"publisher\":{\"@id\":\"https:\\\/\\\/www.toshiba-storage.com\\\/hu\\\/#organization\"},\"potentialAction\":[{\"@type\":\"SearchAction\",\"target\":{\"@type\":\"EntryPoint\",\"urlTemplate\":\"https:\\\/\\\/www.toshiba-storage.com\\\/hu\\\/?s={search_term_string}\"},\"query-input\":{\"@type\":\"PropertyValueSpecification\",\"valueRequired\":true,\"valueName\":\"search_term_string\"}}],\"inLanguage\":\"hu-HU\"},{\"@type\":\"Organization\",\"@id\":\"https:\\\/\\\/www.toshiba-storage.com\\\/hu\\\/#organization\",\"name\":\"Toshiba Electronics Europe GmbH\",\"url\":\"https:\\\/\\\/www.toshiba-storage.com\\\/hu\\\/\",\"logo\":{\"@type\":\"ImageObject\",\"inLanguage\":\"hu-HU\",\"@id\":\"https:\\\/\\\/www.toshiba-storage.com\\\/hu\\\/#\\\/schema\\\/logo\\\/image\\\/\",\"url\":\"https:\\\/\\\/www.toshiba-storage.com\\\/wp\\\/wp-content\\\/uploads\\\/2024\\\/02\\\/toshiba-logo.png\",\"contentUrl\":\"https:\\\/\\\/www.toshiba-storage.com\\\/wp\\\/wp-content\\\/uploads\\\/2024\\\/02\\\/toshiba-logo.png\",\"width\":263,\"height\":40,\"caption\":\"Toshiba Electronics Europe GmbH\"},\"image\":{\"@id\":\"https:\\\/\\\/www.toshiba-storage.com\\\/hu\\\/#\\\/schema\\\/logo\\\/image\\\/\"},\"sameAs\":[\"https:\\\/\\\/www.facebook.com\\\/ToshibaStorageEU\\\/\",\"https:\\\/\\\/www.linkedin.com\\\/company\\\/toshiba-electronics-europe-gmbh\\\/?originalSubdomain=de\",\"https:\\\/\\\/www.youtube.com\\\/user\\\/ToshibaElectronics1\"]}]}<\/script>\n<!-- \/ Yoast SEO Premium plugin. -->","yoast_head_json":{"title":"Adat-helyre\u00e1ll\u00edt\u00f3 szolg\u00e1ltat\u00f3kra vonatkoz\u00f3 inform\u00e1ci\u00f3 - EMEA","robots":{"index":"index","follow":"follow","max-snippet":"max-snippet:-1","max-image-preview":"max-image-preview:large","max-video-preview":"max-video-preview:-1"},"canonical":"https:\/\/www.toshiba-storage.com\/hu\/data_recovery_service_provider_info\/","og_locale":"hu_HU","og_type":"article","og_title":"Adat-helyre\u00e1ll\u00edt\u00f3 szolg\u00e1ltat\u00f3kra vonatkoz\u00f3 inform\u00e1ci\u00f3","og_description":"\u00a0 Az al\u00e1bbi felel\u0151ss\u00e9gkiz\u00e1r\u00e1si nyilatkozat elolvas\u00e1sa \u00e9s elfogad\u00e1sa ut\u00e1n forduljon a lent felsorolt szolg\u00e1ltat\u00f3k egyik\u00e9hez. \u00a0 Felel\u0151ss\u00e9gkiz\u00e1r\u00e1s (a)\u00a0\u00a0\u00a0 \u00d6n a saj\u00e1t felel\u0151ss\u00e9g\u00e9re fordul a lent felsorolt f\u00fcggetlen \u00e9s k\u00fcls\u0151 szolg\u00e1ltat\u00f3k egyik\u00e9hez (\u201eszolg\u00e1ltat\u00f3\u201d). \u00d6nnek jog\u00e1ban \u00e1ll a lent felsoroltakon k\u00edv\u00fcli szolg\u00e1ltat\u00f3t v\u00e1lasztania adatai helyre\u00e1ll\u00edt\u00e1s\u00e1hoz. (b)\u00a0\u00a0\u00a0 B\u00e1rmely meg\u00e1llapod\u00e1s, amely \u00d6n \u00e9s az adat-helyre\u00e1ll\u00edt\u00f3 szolg\u00e1ltat\u00f3 k\u00f6z\u00f6tt j\u00f6n l\u00e9tre, &hellip;","og_url":"https:\/\/www.toshiba-storage.com\/hu\/data_recovery_service_provider_info\/","og_site_name":"EMEA","article_publisher":"https:\/\/www.facebook.com\/ToshibaStorageEU\/","article_modified_time":"2021-03-04T10:49:31+00:00","og_image":[{"url":"https:\/\/www.wwwtoshibastoragecom.psl.dev\/wp-content\/uploads\/2020\/06\/20200630_Toshiba_Storage_Data_Recovery_Icon.gif","type":"","width":"","height":""}],"twitter_card":"summary_large_image","twitter_misc":{"Est. reading time":"3 minutes"},"schema":{"@context":"https:\/\/schema.org","@graph":[{"@type":"WebPage","@id":"https:\/\/www.toshiba-storage.com\/hu\/data_recovery_service_provider_info\/","url":"https:\/\/www.toshiba-storage.com\/hu\/data_recovery_service_provider_info\/","name":"Adat-helyre\u00e1ll\u00edt\u00f3 szolg\u00e1ltat\u00f3kra vonatkoz\u00f3 inform\u00e1ci\u00f3 - EMEA","isPartOf":{"@id":"https:\/\/www.toshiba-storage.com\/hu\/#website"},"primaryImageOfPage":{"@id":"https:\/\/www.toshiba-storage.com\/hu\/data_recovery_service_provider_info\/#primaryimage"},"image":{"@id":"https:\/\/www.toshiba-storage.com\/hu\/data_recovery_service_provider_info\/#primaryimage"},"thumbnailUrl":"https:\/\/www.toshiba-storage.com\/wp-content\/uploads\/2020\/06\/20200630_Toshiba_Storage_Data_Recovery_Icon.gif","datePublished":"2020-07-02T10:10:12+00:00","dateModified":"2021-03-04T10:49:31+00:00","inLanguage":"hu-HU","potentialAction":[{"@type":"ReadAction","target":["https:\/\/www.toshiba-storage.com\/hu\/data_recovery_service_provider_info\/"]}]},{"@type":"ImageObject","inLanguage":"hu-HU","@id":"https:\/\/www.toshiba-storage.com\/hu\/data_recovery_service_provider_info\/#primaryimage","url":"https:\/\/www.toshiba-storage.com\/wp-content\/uploads\/2020\/06\/20200630_Toshiba_Storage_Data_Recovery_Icon.gif","contentUrl":"https:\/\/www.toshiba-storage.com\/wp-content\/uploads\/2020\/06\/20200630_Toshiba_Storage_Data_Recovery_Icon.gif"},{"@type":"WebSite","@id":"https:\/\/www.toshiba-storage.com\/hu\/#website","url":"https:\/\/www.toshiba-storage.com\/hu\/","name":"Toshiba Storage Solutions \u2013 EMEA Region","description":"Toshiba in Europe and Middle East Asia provides reliable and innovative storage solutions and internal and external HDDs \u2013for Laptops, PC, NAS, Surveillance and Enterprise.","publisher":{"@id":"https:\/\/www.toshiba-storage.com\/hu\/#organization"},"potentialAction":[{"@type":"SearchAction","target":{"@type":"EntryPoint","urlTemplate":"https:\/\/www.toshiba-storage.com\/hu\/?s={search_term_string}"},"query-input":{"@type":"PropertyValueSpecification","valueRequired":true,"valueName":"search_term_string"}}],"inLanguage":"hu-HU"},{"@type":"Organization","@id":"https:\/\/www.toshiba-storage.com\/hu\/#organization","name":"Toshiba Electronics Europe GmbH","url":"https:\/\/www.toshiba-storage.com\/hu\/","logo":{"@type":"ImageObject","inLanguage":"hu-HU","@id":"https:\/\/www.toshiba-storage.com\/hu\/#\/schema\/logo\/image\/","url":"https:\/\/www.toshiba-storage.com\/wp\/wp-content\/uploads\/2024\/02\/toshiba-logo.png","contentUrl":"https:\/\/www.toshiba-storage.com\/wp\/wp-content\/uploads\/2024\/02\/toshiba-logo.png","width":263,"height":40,"caption":"Toshiba Electronics Europe GmbH"},"image":{"@id":"https:\/\/www.toshiba-storage.com\/hu\/#\/schema\/logo\/image\/"},"sameAs":["https:\/\/www.facebook.com\/ToshibaStorageEU\/","https:\/\/www.linkedin.com\/company\/toshiba-electronics-europe-gmbh\/?originalSubdomain=de","https:\/\/www.youtube.com\/user\/ToshibaElectronics1"]}]}},"_links":{"self":[{"href":"https:\/\/www.toshiba-storage.com\/hu\/wp-json\/wp\/v2\/pages\/41282","targetHints":{"allow":["GET"]}}],"collection":[{"href":"https:\/\/www.toshiba-storage.com\/hu\/wp-json\/wp\/v2\/pages"}],"about":[{"href":"https:\/\/www.toshiba-storage.com\/hu\/wp-json\/wp\/v2\/types\/page"}],"author":[{"embeddable":true,"href":"https:\/\/www.toshiba-storage.com\/hu\/wp-json\/wp\/v2\/users\/30"}],"replies":[{"embeddable":true,"href":"https:\/\/www.toshiba-storage.com\/hu\/wp-json\/wp\/v2\/comments?post=41282"}],"version-history":[{"count":0,"href":"https:\/\/www.toshiba-storage.com\/hu\/wp-json\/wp\/v2\/pages\/41282\/revisions"}],"wp:attachment":[{"href":"https:\/\/www.toshiba-storage.com\/hu\/wp-json\/wp\/v2\/media?parent=41282"}],"curies":[{"name":"wp","href":"https:\/\/api.w.org\/{rel}","templated":true}]}}