{"id":41212,"date":"2020-07-07T14:07:12","date_gmt":"2020-07-07T12:07:12","guid":{"rendered":"https:\/\/toshibastoragecom-preview.preview.pslsrv.com\/drivesavers\/"},"modified":"2020-10-12T15:00:29","modified_gmt":"2020-10-12T13:00:29","slug":"drivesavers","status":"publish","type":"page","link":"https:\/\/www.toshiba-storage.com\/hu\/drivesavers\/","title":{"rendered":"Drivesavers"},"content":{"rendered":"<div id=\"main\">\n<div id=\"mainInner\">\n<div id=\"cont\">\n<section class=\"service\">\n<div class=\"jumpBlock\">\n<p style=\"font-size: 20px; text-align: center;\"><span data-sheets-value=\"{&quot;1&quot;:2,&quot;2&quot;:&quot;\u00d6n \u00e1tir\u00e1ny\u00edtjuk egy k\u00fcls\u0151 webhelyre.\\nA folytat\u00e1shoz kattintson a \u201eFolytat\u00e1s\u201d lehet\u0151s\u00e9gre.&quot;}\" data-sheets-userformat=\"{&quot;2&quot;:10557,&quot;3&quot;:{&quot;1&quot;:0,&quot;3&quot;:1},&quot;5&quot;:{&quot;1&quot;:[{&quot;1&quot;:2,&quot;2&quot;:0,&quot;5&quot;:{&quot;1&quot;:2,&quot;2&quot;:0}},{&quot;1&quot;:0,&quot;2&quot;:0,&quot;3&quot;:3},{&quot;1&quot;:1,&quot;2&quot;:0,&quot;4&quot;:1}]},&quot;6&quot;:{&quot;1&quot;:[{&quot;1&quot;:2,&quot;2&quot;:0,&quot;5&quot;:{&quot;1&quot;:2,&quot;2&quot;:0}},{&quot;1&quot;:0,&quot;2&quot;:0,&quot;3&quot;:3},{&quot;1&quot;:1,&quot;2&quot;:0,&quot;4&quot;:1}]},&quot;7&quot;:{&quot;1&quot;:[{&quot;1&quot;:2,&quot;2&quot;:0,&quot;5&quot;:{&quot;1&quot;:2,&quot;2&quot;:0}},{&quot;1&quot;:0,&quot;2&quot;:0,&quot;3&quot;:3},{&quot;1&quot;:1,&quot;2&quot;:0,&quot;4&quot;:1}]},&quot;8&quot;:{&quot;1&quot;:[{&quot;1&quot;:2,&quot;2&quot;:0,&quot;5&quot;:{&quot;1&quot;:2,&quot;2&quot;:0}},{&quot;1&quot;:0,&quot;2&quot;:0,&quot;3&quot;:3},{&quot;1&quot;:1,&quot;2&quot;:0,&quot;4&quot;:1}]},&quot;11&quot;:4,&quot;14&quot;:{&quot;1&quot;:3,&quot;3&quot;:1},&quot;16&quot;:11}\">\u00d6n \u00e1tir\u00e1ny\u00edtjuk egy k\u00fcls\u0151 webhelyre.<br \/>\nA folytat\u00e1shoz kattintson a \u201eFolytat\u00e1s\u201d lehet\u0151s\u00e9gre.<\/span><\/p>\n<p style=\"font-size: 24px; text-align: center; color: red;\"><a style=\"font-size: 24px; text-align: center; color: red;\" href=\"https:\/\/drivesaversdatarecovery.com\/welcome\/toshiba-partner-portal-english\/\"><strong><span data-sheets-value=\"{&quot;1&quot;:2,&quot;2&quot;:&quot;\u00d6n \u00e1tir\u00e1ny\u00edtjuk egy k\u00fcls\u0151 webhelyre.\\nA folytat\u00e1shoz kattintson a \u201eFolytat\u00e1s\u201d lehet\u0151s\u00e9gre.&quot;}\" data-sheets-userformat=\"{&quot;2&quot;:10557,&quot;3&quot;:{&quot;1&quot;:0,&quot;3&quot;:1},&quot;5&quot;:{&quot;1&quot;:[{&quot;1&quot;:2,&quot;2&quot;:0,&quot;5&quot;:{&quot;1&quot;:2,&quot;2&quot;:0}},{&quot;1&quot;:0,&quot;2&quot;:0,&quot;3&quot;:3},{&quot;1&quot;:1,&quot;2&quot;:0,&quot;4&quot;:1}]},&quot;6&quot;:{&quot;1&quot;:[{&quot;1&quot;:2,&quot;2&quot;:0,&quot;5&quot;:{&quot;1&quot;:2,&quot;2&quot;:0}},{&quot;1&quot;:0,&quot;2&quot;:0,&quot;3&quot;:3},{&quot;1&quot;:1,&quot;2&quot;:0,&quot;4&quot;:1}]},&quot;7&quot;:{&quot;1&quot;:[{&quot;1&quot;:2,&quot;2&quot;:0,&quot;5&quot;:{&quot;1&quot;:2,&quot;2&quot;:0}},{&quot;1&quot;:0,&quot;2&quot;:0,&quot;3&quot;:3},{&quot;1&quot;:1,&quot;2&quot;:0,&quot;4&quot;:1}]},&quot;8&quot;:{&quot;1&quot;:[{&quot;1&quot;:2,&quot;2&quot;:0,&quot;5&quot;:{&quot;1&quot;:2,&quot;2&quot;:0}},{&quot;1&quot;:0,&quot;2&quot;:0,&quot;3&quot;:3},{&quot;1&quot;:1,&quot;2&quot;:0,&quot;4&quot;:1}]},&quot;11&quot;:4,&quot;14&quot;:{&quot;1&quot;:3,&quot;3&quot;:1},&quot;16&quot;:11}\">Folytat\u00e1s<\/span><\/strong><\/a><\/p>\n<div>\n<p style=\"text-align: center;\"><span data-sheets-value=\"{&quot;1&quot;:2,&quot;2&quot;:&quot;\u00d6nt a Toshiba Electronics Europe GmbH webhely\u00e9r\u0151l \u00e1tir\u00e1ny\u00edtjuk a Drivesavers webhely\u00e9re.&quot;}\" data-sheets-userformat=\"{&quot;2&quot;:10557,&quot;3&quot;:{&quot;1&quot;:0,&quot;3&quot;:1},&quot;5&quot;:{&quot;1&quot;:[{&quot;1&quot;:2,&quot;2&quot;:0,&quot;5&quot;:{&quot;1&quot;:2,&quot;2&quot;:0}},{&quot;1&quot;:0,&quot;2&quot;:0,&quot;3&quot;:3},{&quot;1&quot;:1,&quot;2&quot;:0,&quot;4&quot;:1}]},&quot;6&quot;:{&quot;1&quot;:[{&quot;1&quot;:2,&quot;2&quot;:0,&quot;5&quot;:{&quot;1&quot;:2,&quot;2&quot;:0}},{&quot;1&quot;:0,&quot;2&quot;:0,&quot;3&quot;:3},{&quot;1&quot;:1,&quot;2&quot;:0,&quot;4&quot;:1}]},&quot;7&quot;:{&quot;1&quot;:[{&quot;1&quot;:2,&quot;2&quot;:0,&quot;5&quot;:{&quot;1&quot;:2,&quot;2&quot;:0}},{&quot;1&quot;:0,&quot;2&quot;:0,&quot;3&quot;:3},{&quot;1&quot;:1,&quot;2&quot;:0,&quot;4&quot;:1}]},&quot;8&quot;:{&quot;1&quot;:[{&quot;1&quot;:2,&quot;2&quot;:0,&quot;5&quot;:{&quot;1&quot;:2,&quot;2&quot;:0}},{&quot;1&quot;:0,&quot;2&quot;:0,&quot;3&quot;:3},{&quot;1&quot;:1,&quot;2&quot;:0,&quot;4&quot;:1}]},&quot;11&quot;:4,&quot;14&quot;:{&quot;1&quot;:3,&quot;3&quot;:1},&quot;16&quot;:11}\">\u00d6nt a Toshiba Electronics Europe GmbH webhely\u00e9r\u0151l \u00e1tir\u00e1ny\u00edtjuk a Drivesavers webhely\u00e9re.<\/span><\/p>\n<p style=\"text-align: center;\"><span data-sheets-value=\"{&quot;1&quot;:2,&quot;2&quot;:&quot;A Toshiba Electronics Europe GmbH \u00e9s le\u00e1nyv\u00e1llalatai semmilyen felel\u0151ss\u00e9get nem v\u00e1llalnak az ezen a ponton t\u00fali tartalom\u00e9rt.&quot;}\" data-sheets-userformat=\"{&quot;2&quot;:10557,&quot;3&quot;:{&quot;1&quot;:0,&quot;3&quot;:1},&quot;5&quot;:{&quot;1&quot;:[{&quot;1&quot;:2,&quot;2&quot;:0,&quot;5&quot;:{&quot;1&quot;:2,&quot;2&quot;:0}},{&quot;1&quot;:0,&quot;2&quot;:0,&quot;3&quot;:3},{&quot;1&quot;:1,&quot;2&quot;:0,&quot;4&quot;:1}]},&quot;6&quot;:{&quot;1&quot;:[{&quot;1&quot;:2,&quot;2&quot;:0,&quot;5&quot;:{&quot;1&quot;:2,&quot;2&quot;:0}},{&quot;1&quot;:0,&quot;2&quot;:0,&quot;3&quot;:3},{&quot;1&quot;:1,&quot;2&quot;:0,&quot;4&quot;:1}]},&quot;7&quot;:{&quot;1&quot;:[{&quot;1&quot;:2,&quot;2&quot;:0,&quot;5&quot;:{&quot;1&quot;:2,&quot;2&quot;:0}},{&quot;1&quot;:0,&quot;2&quot;:0,&quot;3&quot;:3},{&quot;1&quot;:1,&quot;2&quot;:0,&quot;4&quot;:1}]},&quot;8&quot;:{&quot;1&quot;:[{&quot;1&quot;:2,&quot;2&quot;:0,&quot;5&quot;:{&quot;1&quot;:2,&quot;2&quot;:0}},{&quot;1&quot;:0,&quot;2&quot;:0,&quot;3&quot;:3},{&quot;1&quot;:1,&quot;2&quot;:0,&quot;4&quot;:1}]},&quot;11&quot;:4,&quot;14&quot;:{&quot;1&quot;:3,&quot;3&quot;:1},&quot;16&quot;:11}\">A Toshiba Electronics Europe GmbH \u00e9s le\u00e1nyv\u00e1llalatai semmilyen felel\u0151ss\u00e9get nem v\u00e1llalnak az ezen a ponton t\u00fali tartalom\u00e9rt.<\/span><\/p>\n<\/div>\n<\/div>\n<\/section>\n<\/div>\n<p><!-- \/#cont --><\/p>\n<\/div>\n<p><!-- \/#mainInner --><\/p>\n<\/div>\n<p><!-- \/#main --><\/p>\n","protected":false},"excerpt":{"rendered":"<p>\u00d6n \u00e1tir\u00e1ny\u00edtjuk egy k\u00fcls\u0151 webhelyre. A folytat\u00e1shoz kattintson a \u201eFolytat\u00e1s\u201d lehet\u0151s\u00e9gre. Folytat\u00e1s \u00d6nt a Toshiba Electronics Europe GmbH webhely\u00e9r\u0151l \u00e1tir\u00e1ny\u00edtjuk a Drivesavers webhely\u00e9re. A Toshiba Electronics Europe GmbH \u00e9s le\u00e1nyv\u00e1llalatai semmilyen felel\u0151ss\u00e9get nem v\u00e1llalnak az ezen a ponton t\u00fali tartalom\u00e9rt.<\/p>\n","protected":false},"author":30,"featured_media":0,"parent":0,"menu_order":0,"comment_status":"closed","ping_status":"closed","template":"page-legal.php","meta":{"_acf_changed":false,"footnotes":""},"class_list":["post-41212","page","type-page","status-publish","hentry"],"acf":[],"yoast_head":"<!-- This site is optimized with the Yoast SEO Premium plugin v27.2 (Yoast SEO v27.2) - https:\/\/yoast.com\/product\/yoast-seo-premium-wordpress\/ -->\n<title>Drivesavers - EMEA<\/title>\n<meta name=\"robots\" content=\"index, follow, max-snippet:-1, max-image-preview:large, max-video-preview:-1\" \/>\n<link rel=\"canonical\" href=\"https:\/\/www.toshiba-storage.com\/hu\/drivesavers\/\" \/>\n<meta property=\"og:locale\" content=\"hu_HU\" \/>\n<meta property=\"og:type\" content=\"article\" \/>\n<meta property=\"og:title\" content=\"Drivesavers\" \/>\n<meta property=\"og:description\" content=\"\u00d6n \u00e1tir\u00e1ny\u00edtjuk egy k\u00fcls\u0151 webhelyre. A folytat\u00e1shoz kattintson a \u201eFolytat\u00e1s\u201d lehet\u0151s\u00e9gre. Folytat\u00e1s \u00d6nt a Toshiba Electronics Europe GmbH webhely\u00e9r\u0151l \u00e1tir\u00e1ny\u00edtjuk a Drivesavers webhely\u00e9re. A Toshiba Electronics Europe GmbH \u00e9s le\u00e1nyv\u00e1llalatai semmilyen felel\u0151ss\u00e9get nem v\u00e1llalnak az ezen a ponton t\u00fali tartalom\u00e9rt.\" \/>\n<meta property=\"og:url\" content=\"https:\/\/www.toshiba-storage.com\/hu\/drivesavers\/\" \/>\n<meta property=\"og:site_name\" content=\"EMEA\" \/>\n<meta property=\"article:publisher\" content=\"https:\/\/www.facebook.com\/ToshibaStorageEU\/\" \/>\n<meta property=\"article:modified_time\" content=\"2020-10-12T13:00:29+00:00\" \/>\n<meta name=\"twitter:card\" content=\"summary_large_image\" \/>\n<script type=\"application\/ld+json\" class=\"yoast-schema-graph\">{\"@context\":\"https:\/\/schema.org\",\"@graph\":[{\"@type\":\"WebPage\",\"@id\":\"https:\/\/www.toshiba-storage.com\/hu\/drivesavers\/\",\"url\":\"https:\/\/www.toshiba-storage.com\/hu\/drivesavers\/\",\"name\":\"Drivesavers - EMEA\",\"isPartOf\":{\"@id\":\"https:\/\/www.toshiba-storage.com\/hu\/#website\"},\"datePublished\":\"2020-07-07T12:07:12+00:00\",\"dateModified\":\"2020-10-12T13:00:29+00:00\",\"inLanguage\":\"hu-HU\",\"potentialAction\":[{\"@type\":\"ReadAction\",\"target\":[\"https:\/\/www.toshiba-storage.com\/hu\/drivesavers\/\"]}]},{\"@type\":\"WebSite\",\"@id\":\"https:\/\/www.toshiba-storage.com\/hu\/#website\",\"url\":\"https:\/\/www.toshiba-storage.com\/hu\/\",\"name\":\"Toshiba Storage Solutions \u2013 EMEA Region\",\"description\":\"Toshiba in Europe and Middle East Asia provides reliable and innovative storage solutions and internal and external HDDs \u2013for Laptops, PC, NAS, Surveillance and Enterprise.\",\"publisher\":{\"@id\":\"https:\/\/www.toshiba-storage.com\/hu\/#organization\"},\"potentialAction\":[{\"@type\":\"SearchAction\",\"target\":{\"@type\":\"EntryPoint\",\"urlTemplate\":\"https:\/\/www.toshiba-storage.com\/hu\/?s={search_term_string}\"},\"query-input\":{\"@type\":\"PropertyValueSpecification\",\"valueRequired\":true,\"valueName\":\"search_term_string\"}}],\"inLanguage\":\"hu-HU\"},{\"@type\":\"Organization\",\"@id\":\"https:\/\/www.toshiba-storage.com\/hu\/#organization\",\"name\":\"Toshiba Electronics Europe GmbH\",\"url\":\"https:\/\/www.toshiba-storage.com\/hu\/\",\"logo\":{\"@type\":\"ImageObject\",\"inLanguage\":\"hu-HU\",\"@id\":\"https:\/\/www.toshiba-storage.com\/hu\/#\/schema\/logo\/image\/\",\"url\":\"https:\/\/www.toshiba-storage.com\/wp\/wp-content\/uploads\/2024\/02\/toshiba-logo.png\",\"contentUrl\":\"https:\/\/www.toshiba-storage.com\/wp\/wp-content\/uploads\/2024\/02\/toshiba-logo.png\",\"width\":263,\"height\":40,\"caption\":\"Toshiba Electronics Europe GmbH\"},\"image\":{\"@id\":\"https:\/\/www.toshiba-storage.com\/hu\/#\/schema\/logo\/image\/\"},\"sameAs\":[\"https:\/\/www.facebook.com\/ToshibaStorageEU\/\",\"https:\/\/www.linkedin.com\/company\/toshiba-electronics-europe-gmbh\/?originalSubdomain=de\",\"https:\/\/www.youtube.com\/user\/ToshibaElectronics1\"]}]}<\/script>\n<!-- \/ Yoast SEO Premium plugin. -->","yoast_head_json":{"title":"Drivesavers - EMEA","robots":{"index":"index","follow":"follow","max-snippet":"max-snippet:-1","max-image-preview":"max-image-preview:large","max-video-preview":"max-video-preview:-1"},"canonical":"https:\/\/www.toshiba-storage.com\/hu\/drivesavers\/","og_locale":"hu_HU","og_type":"article","og_title":"Drivesavers","og_description":"\u00d6n \u00e1tir\u00e1ny\u00edtjuk egy k\u00fcls\u0151 webhelyre. A folytat\u00e1shoz kattintson a \u201eFolytat\u00e1s\u201d lehet\u0151s\u00e9gre. Folytat\u00e1s \u00d6nt a Toshiba Electronics Europe GmbH webhely\u00e9r\u0151l \u00e1tir\u00e1ny\u00edtjuk a Drivesavers webhely\u00e9re. A Toshiba Electronics Europe GmbH \u00e9s le\u00e1nyv\u00e1llalatai semmilyen felel\u0151ss\u00e9get nem v\u00e1llalnak az ezen a ponton t\u00fali tartalom\u00e9rt.","og_url":"https:\/\/www.toshiba-storage.com\/hu\/drivesavers\/","og_site_name":"EMEA","article_publisher":"https:\/\/www.facebook.com\/ToshibaStorageEU\/","article_modified_time":"2020-10-12T13:00:29+00:00","twitter_card":"summary_large_image","schema":{"@context":"https:\/\/schema.org","@graph":[{"@type":"WebPage","@id":"https:\/\/www.toshiba-storage.com\/hu\/drivesavers\/","url":"https:\/\/www.toshiba-storage.com\/hu\/drivesavers\/","name":"Drivesavers - EMEA","isPartOf":{"@id":"https:\/\/www.toshiba-storage.com\/hu\/#website"},"datePublished":"2020-07-07T12:07:12+00:00","dateModified":"2020-10-12T13:00:29+00:00","inLanguage":"hu-HU","potentialAction":[{"@type":"ReadAction","target":["https:\/\/www.toshiba-storage.com\/hu\/drivesavers\/"]}]},{"@type":"WebSite","@id":"https:\/\/www.toshiba-storage.com\/hu\/#website","url":"https:\/\/www.toshiba-storage.com\/hu\/","name":"Toshiba Storage Solutions \u2013 EMEA Region","description":"Toshiba in Europe and Middle East Asia provides reliable and innovative storage solutions and internal and external HDDs \u2013for Laptops, PC, NAS, Surveillance and Enterprise.","publisher":{"@id":"https:\/\/www.toshiba-storage.com\/hu\/#organization"},"potentialAction":[{"@type":"SearchAction","target":{"@type":"EntryPoint","urlTemplate":"https:\/\/www.toshiba-storage.com\/hu\/?s={search_term_string}"},"query-input":{"@type":"PropertyValueSpecification","valueRequired":true,"valueName":"search_term_string"}}],"inLanguage":"hu-HU"},{"@type":"Organization","@id":"https:\/\/www.toshiba-storage.com\/hu\/#organization","name":"Toshiba Electronics Europe GmbH","url":"https:\/\/www.toshiba-storage.com\/hu\/","logo":{"@type":"ImageObject","inLanguage":"hu-HU","@id":"https:\/\/www.toshiba-storage.com\/hu\/#\/schema\/logo\/image\/","url":"https:\/\/www.toshiba-storage.com\/wp\/wp-content\/uploads\/2024\/02\/toshiba-logo.png","contentUrl":"https:\/\/www.toshiba-storage.com\/wp\/wp-content\/uploads\/2024\/02\/toshiba-logo.png","width":263,"height":40,"caption":"Toshiba Electronics Europe GmbH"},"image":{"@id":"https:\/\/www.toshiba-storage.com\/hu\/#\/schema\/logo\/image\/"},"sameAs":["https:\/\/www.facebook.com\/ToshibaStorageEU\/","https:\/\/www.linkedin.com\/company\/toshiba-electronics-europe-gmbh\/?originalSubdomain=de","https:\/\/www.youtube.com\/user\/ToshibaElectronics1"]}]}},"_links":{"self":[{"href":"https:\/\/www.toshiba-storage.com\/hu\/wp-json\/wp\/v2\/pages\/41212","targetHints":{"allow":["GET"]}}],"collection":[{"href":"https:\/\/www.toshiba-storage.com\/hu\/wp-json\/wp\/v2\/pages"}],"about":[{"href":"https:\/\/www.toshiba-storage.com\/hu\/wp-json\/wp\/v2\/types\/page"}],"author":[{"embeddable":true,"href":"https:\/\/www.toshiba-storage.com\/hu\/wp-json\/wp\/v2\/users\/30"}],"replies":[{"embeddable":true,"href":"https:\/\/www.toshiba-storage.com\/hu\/wp-json\/wp\/v2\/comments?post=41212"}],"version-history":[{"count":0,"href":"https:\/\/www.toshiba-storage.com\/hu\/wp-json\/wp\/v2\/pages\/41212\/revisions"}],"wp:attachment":[{"href":"https:\/\/www.toshiba-storage.com\/hu\/wp-json\/wp\/v2\/media?parent=41212"}],"curies":[{"name":"wp","href":"https:\/\/api.w.org\/{rel}","templated":true}]}}