{"id":16383,"date":"2017-10-06T15:26:54","date_gmt":"2017-10-06T13:26:54","guid":{"rendered":"https:\/\/toshibaelectronicseuropegmbh.preview.pslsrv.com\/overview\/imprint\/"},"modified":"2017-12-21T15:29:34","modified_gmt":"2017-12-21T14:29:34","slug":"imprint","status":"publish","type":"page","link":"https:\/\/www.toshiba-storage.com\/hu\/overview\/imprint\/","title":{"rendered":"Impresszum"},"content":{"rendered":"<div class=\"wpb-content-wrapper\">[vc_row][vc_column][vc_column_text]Toshiba Electronics Europe GmbH\r\n\r\nHansaallee 181\r\n40549 D\u00fcsseldorf\r\nN\u00e9metorsz\u00e1g\r\n\r\nTelefon: +49 (0) 211 5296-0\r\nFax: +49 (0) 0211 5296-400\r\nE-mail:\u00a0<a href=\"mailto:info@toshiba-storage.com\">info@toshiba-storage.com<\/a>\r\n\r\n\u00dcgyvezet\u0151 igazgat\u00f3: Peter Lieberwirth\r\nC\u00e9gjegyz\u00e9k: D\u00fcsseldorf HRB 22487\r\nUni\u00f3s ad\u00f3sz\u00e1m: DE811207415[\/vc_column_text][\/vc_column][\/vc_row]<\/div>","protected":false},"excerpt":{"rendered":"<p>[vc_row][vc_column][vc_column_text]Toshiba Electronics Europe GmbH Hansaallee 181 40549 D\u00fcsseldorf N\u00e9metorsz\u00e1g Telefon: +49 (0) 211 5296-0 Fax: +49 (0) 0211 5296-400 E-mail:\u00a0info@toshiba-storage.com \u00dcgyvezet\u0151 igazgat\u00f3: Peter Lieberwirth C\u00e9gjegyz\u00e9k: D\u00fcsseldorf HRB 22487 Uni\u00f3s ad\u00f3sz\u00e1m: DE811207415[\/vc_column_text][\/vc_column][\/vc_row]<\/p>\n","protected":false},"author":11,"featured_media":0,"parent":16060,"menu_order":0,"comment_status":"closed","ping_status":"closed","template":"page-overwrite.php","meta":{"_acf_changed":false,"footnotes":""},"class_list":["post-16383","page","type-page","status-publish","hentry"],"acf":[],"yoast_head":"<!-- This site is optimized with the Yoast SEO Premium plugin v27.2 (Yoast SEO v27.2) - https:\/\/yoast.com\/product\/yoast-seo-premium-wordpress\/ -->\n<title>EMEA<\/title>\n<meta name=\"robots\" content=\"index, follow, max-snippet:-1, max-image-preview:large, max-video-preview:-1\" \/>\n<link rel=\"canonical\" href=\"https:\/\/www.toshiba-storage.com\/hu\/overview\/imprint\/\" \/>\n<meta property=\"og:locale\" content=\"hu_HU\" \/>\n<meta property=\"og:type\" content=\"article\" \/>\n<meta property=\"og:title\" content=\"Impresszum\" \/>\n<meta property=\"og:description\" content=\"We at Toshiba believe that personal data is a valuable commodity that is worth to be stored in the fastest, most reliable and safest way possible.\" \/>\n<meta property=\"og:url\" content=\"https:\/\/www.toshiba-storage.com\/hu\/overview\/imprint\/\" \/>\n<meta property=\"og:site_name\" content=\"EMEA\" \/>\n<meta property=\"article:publisher\" content=\"https:\/\/www.facebook.com\/ToshibaStorageEU\/\" \/>\n<meta property=\"article:modified_time\" content=\"2017-12-21T14:29:34+00:00\" \/>\n<meta name=\"twitter:card\" content=\"summary_large_image\" \/>\n<script type=\"application\/ld+json\" class=\"yoast-schema-graph\">{\"@context\":\"https:\/\/schema.org\",\"@graph\":[{\"@type\":\"WebPage\",\"@id\":\"https:\/\/www.toshiba-storage.com\/hu\/overview\/imprint\/\",\"url\":\"https:\/\/www.toshiba-storage.com\/hu\/overview\/imprint\/\",\"name\":\"Toshiba Personal Storage Solutions - Imprint\",\"isPartOf\":{\"@id\":\"https:\/\/www.toshiba-storage.com\/hu\/#website\"},\"datePublished\":\"2017-10-06T13:26:54+00:00\",\"dateModified\":\"2017-12-21T14:29:34+00:00\",\"description\":\"We at Toshiba believe that personal data is a valuable commodity that is worth to be stored in the fastest, most reliable and safest way possible.\",\"breadcrumb\":{\"@id\":\"https:\/\/www.toshiba-storage.com\/hu\/overview\/imprint\/#breadcrumb\"},\"inLanguage\":\"hu-HU\",\"potentialAction\":[{\"@type\":\"ReadAction\",\"target\":[\"https:\/\/www.toshiba-storage.com\/hu\/overview\/imprint\/\"]}]},{\"@type\":\"BreadcrumbList\",\"@id\":\"https:\/\/www.toshiba-storage.com\/hu\/overview\/imprint\/#breadcrumb\",\"itemListElement\":[{\"@type\":\"ListItem\",\"position\":1,\"name\":\"\u00c1ttekint\u00e9s\",\"item\":\"https:\/\/www.toshiba-storage.com\/hu\/?page_id=9989\"},{\"@type\":\"ListItem\",\"position\":2,\"name\":\"Impresszum\"}]},{\"@type\":\"WebSite\",\"@id\":\"https:\/\/www.toshiba-storage.com\/hu\/#website\",\"url\":\"https:\/\/www.toshiba-storage.com\/hu\/\",\"name\":\"Toshiba Storage Solutions \u2013 EMEA Region\",\"description\":\"Toshiba in Europe and Middle East Asia provides reliable and innovative storage solutions and internal and external HDDs \u2013for Laptops, PC, NAS, Surveillance and Enterprise.\",\"publisher\":{\"@id\":\"https:\/\/www.toshiba-storage.com\/hu\/#organization\"},\"potentialAction\":[{\"@type\":\"SearchAction\",\"target\":{\"@type\":\"EntryPoint\",\"urlTemplate\":\"https:\/\/www.toshiba-storage.com\/hu\/?s={search_term_string}\"},\"query-input\":{\"@type\":\"PropertyValueSpecification\",\"valueRequired\":true,\"valueName\":\"search_term_string\"}}],\"inLanguage\":\"hu-HU\"},{\"@type\":\"Organization\",\"@id\":\"https:\/\/www.toshiba-storage.com\/hu\/#organization\",\"name\":\"Toshiba Electronics Europe GmbH\",\"url\":\"https:\/\/www.toshiba-storage.com\/hu\/\",\"logo\":{\"@type\":\"ImageObject\",\"inLanguage\":\"hu-HU\",\"@id\":\"https:\/\/www.toshiba-storage.com\/hu\/#\/schema\/logo\/image\/\",\"url\":\"https:\/\/www.toshiba-storage.com\/wp\/wp-content\/uploads\/2024\/02\/toshiba-logo.png\",\"contentUrl\":\"https:\/\/www.toshiba-storage.com\/wp\/wp-content\/uploads\/2024\/02\/toshiba-logo.png\",\"width\":263,\"height\":40,\"caption\":\"Toshiba Electronics Europe GmbH\"},\"image\":{\"@id\":\"https:\/\/www.toshiba-storage.com\/hu\/#\/schema\/logo\/image\/\"},\"sameAs\":[\"https:\/\/www.facebook.com\/ToshibaStorageEU\/\",\"https:\/\/www.linkedin.com\/company\/toshiba-electronics-europe-gmbh\/?originalSubdomain=de\",\"https:\/\/www.youtube.com\/user\/ToshibaElectronics1\"]}]}<\/script>\n<!-- \/ Yoast SEO Premium plugin. -->","yoast_head_json":{"title":"EMEA","robots":{"index":"index","follow":"follow","max-snippet":"max-snippet:-1","max-image-preview":"max-image-preview:large","max-video-preview":"max-video-preview:-1"},"canonical":"https:\/\/www.toshiba-storage.com\/hu\/overview\/imprint\/","og_locale":"hu_HU","og_type":"article","og_title":"Impresszum","og_description":"We at Toshiba believe that personal data is a valuable commodity that is worth to be stored in the fastest, most reliable and safest way possible.","og_url":"https:\/\/www.toshiba-storage.com\/hu\/overview\/imprint\/","og_site_name":"EMEA","article_publisher":"https:\/\/www.facebook.com\/ToshibaStorageEU\/","article_modified_time":"2017-12-21T14:29:34+00:00","twitter_card":"summary_large_image","schema":{"@context":"https:\/\/schema.org","@graph":[{"@type":"WebPage","@id":"https:\/\/www.toshiba-storage.com\/hu\/overview\/imprint\/","url":"https:\/\/www.toshiba-storage.com\/hu\/overview\/imprint\/","name":"Toshiba Personal Storage Solutions - Imprint","isPartOf":{"@id":"https:\/\/www.toshiba-storage.com\/hu\/#website"},"datePublished":"2017-10-06T13:26:54+00:00","dateModified":"2017-12-21T14:29:34+00:00","description":"We at Toshiba believe that personal data is a valuable commodity that is worth to be stored in the fastest, most reliable and safest way possible.","breadcrumb":{"@id":"https:\/\/www.toshiba-storage.com\/hu\/overview\/imprint\/#breadcrumb"},"inLanguage":"hu-HU","potentialAction":[{"@type":"ReadAction","target":["https:\/\/www.toshiba-storage.com\/hu\/overview\/imprint\/"]}]},{"@type":"BreadcrumbList","@id":"https:\/\/www.toshiba-storage.com\/hu\/overview\/imprint\/#breadcrumb","itemListElement":[{"@type":"ListItem","position":1,"name":"\u00c1ttekint\u00e9s","item":"https:\/\/www.toshiba-storage.com\/hu\/?page_id=9989"},{"@type":"ListItem","position":2,"name":"Impresszum"}]},{"@type":"WebSite","@id":"https:\/\/www.toshiba-storage.com\/hu\/#website","url":"https:\/\/www.toshiba-storage.com\/hu\/","name":"Toshiba Storage Solutions \u2013 EMEA Region","description":"Toshiba in Europe and Middle East Asia provides reliable and innovative storage solutions and internal and external HDDs \u2013for Laptops, PC, NAS, Surveillance and Enterprise.","publisher":{"@id":"https:\/\/www.toshiba-storage.com\/hu\/#organization"},"potentialAction":[{"@type":"SearchAction","target":{"@type":"EntryPoint","urlTemplate":"https:\/\/www.toshiba-storage.com\/hu\/?s={search_term_string}"},"query-input":{"@type":"PropertyValueSpecification","valueRequired":true,"valueName":"search_term_string"}}],"inLanguage":"hu-HU"},{"@type":"Organization","@id":"https:\/\/www.toshiba-storage.com\/hu\/#organization","name":"Toshiba Electronics Europe GmbH","url":"https:\/\/www.toshiba-storage.com\/hu\/","logo":{"@type":"ImageObject","inLanguage":"hu-HU","@id":"https:\/\/www.toshiba-storage.com\/hu\/#\/schema\/logo\/image\/","url":"https:\/\/www.toshiba-storage.com\/wp\/wp-content\/uploads\/2024\/02\/toshiba-logo.png","contentUrl":"https:\/\/www.toshiba-storage.com\/wp\/wp-content\/uploads\/2024\/02\/toshiba-logo.png","width":263,"height":40,"caption":"Toshiba Electronics Europe GmbH"},"image":{"@id":"https:\/\/www.toshiba-storage.com\/hu\/#\/schema\/logo\/image\/"},"sameAs":["https:\/\/www.facebook.com\/ToshibaStorageEU\/","https:\/\/www.linkedin.com\/company\/toshiba-electronics-europe-gmbh\/?originalSubdomain=de","https:\/\/www.youtube.com\/user\/ToshibaElectronics1"]}]}},"_links":{"self":[{"href":"https:\/\/www.toshiba-storage.com\/hu\/wp-json\/wp\/v2\/pages\/16383","targetHints":{"allow":["GET"]}}],"collection":[{"href":"https:\/\/www.toshiba-storage.com\/hu\/wp-json\/wp\/v2\/pages"}],"about":[{"href":"https:\/\/www.toshiba-storage.com\/hu\/wp-json\/wp\/v2\/types\/page"}],"author":[{"embeddable":true,"href":"https:\/\/www.toshiba-storage.com\/hu\/wp-json\/wp\/v2\/users\/11"}],"replies":[{"embeddable":true,"href":"https:\/\/www.toshiba-storage.com\/hu\/wp-json\/wp\/v2\/comments?post=16383"}],"version-history":[{"count":0,"href":"https:\/\/www.toshiba-storage.com\/hu\/wp-json\/wp\/v2\/pages\/16383\/revisions"}],"up":[{"embeddable":true,"href":"https:\/\/www.toshiba-storage.com\/hu\/wp-json\/wp\/v2\/pages\/16060"}],"wp:attachment":[{"href":"https:\/\/www.toshiba-storage.com\/hu\/wp-json\/wp\/v2\/media?parent=16383"}],"curies":[{"name":"wp","href":"https:\/\/api.w.org\/{rel}","templated":true}]}}