{"id":11888,"date":"2017-10-26T13:20:22","date_gmt":"2017-10-26T11:20:22","guid":{"rendered":"https:\/\/toshibaelectronicseuropegmbh.preview.pslsrv.com\/termekre-vonatkozo-felelosseg-kizarasa\/"},"modified":"2025-03-17T15:18:24","modified_gmt":"2025-03-17T14:18:24","slug":"product-disclaimer","status":"publish","type":"page","link":"https:\/\/www.toshiba-storage.com\/hu\/product-disclaimer\/","title":{"rendered":"Term\u00e9kre vonatkoz\u00f3 felel\u0151ss\u00e9g kiz\u00e1r\u00e1sa"},"content":{"rendered":"<div class=\"wpb-content-wrapper\"><p>[vc_row][vc_column width=&#8221;1\/2&#8243;][vc_column_text css=&#8221;&#8221;]<\/p>\n<h2>\u00c1ltal\u00e1nos felel\u0151ss\u00e9gkiz\u00e1r\u00e1s<\/h2>\n<p>1. Term\u00e9kspecifik\u00e1ci\u00f3k<br \/>\nMinden eml\u00edtett term\u00e9kspecifik\u00e1ci\u00f3 a t\u00edpust\u00f3l, a konfigur\u00e1ci\u00f3t\u00f3l \u00e9s a helyi el\u00e9rhet\u0151s\u00e9gt\u0151l f\u00fcgg.<\/p>\n<p>2. J\u00f3t\u00e1ll\u00e1s<br \/>\nA Toshiba nem ny\u00fajt semminem\u0171 tov\u00e1bbi j\u00f3t\u00e1ll\u00e1st a Toshiba term\u00e9kle\u00edr\u00e1s\u00e1ban ismertetett vagy a vonatkoz\u00f3 jogszab\u00e1lyok \u00e1ltal meghat\u00e1rozott j\u00f3t\u00e1ll\u00e1sokon t\u00falmen\u0151en.<\/p>\n<p>3. Kapacit\u00e1s<br \/>\nEgy gigab\u00e1jt (1 GB) egyenl\u0151 10 9 = 1\u00a0000\u00a0000\u00a0000 b\u00e1jttal, egy terab\u00e1jt (1 TB) pedig egyenl\u0151 10 12 = 1\u00a0000\u00a0000\u00a0000\u00a0000 b\u00e1jttal, a 10 hatv\u00e1nyai szerint. A sz\u00e1m\u00edt\u00f3g\u00e9pes oper\u00e1ci\u00f3s rendszerek azonban a t\u00e1rol\u00f3kapacit\u00e1st a 2 hatv\u00e1nyai szerint jelentik, ez\u00e9rt 1 GB egyenl\u0151 2 30 = 1\u00a0073\u00a0741\u00a0824 b\u00e1jttal, 1 TB pedig egyenl\u0151 2 40 = 1\u00a0099\u00a0511\u00a0627\u00a0776 b\u00e1jttal, melynek k\u00f6vetkezt\u00e9ben a megjelen\u00edtett t\u00e1rol\u00f3kapacit\u00e1s kisebb. Az el\u00e9rhet\u0151 t\u00e9nyleges t\u00e1rol\u00f3kapacit\u00e1s (p\u00e9ld\u00e1ul m\u00e9diaf\u00e1jlok sz\u00e1m\u00e1ra) a f\u00e1jlm\u00e9ret, a form\u00e1z\u00e1s, a be\u00e1ll\u00edt\u00e1sok, a szoftverek, az oper\u00e1ci\u00f3s rendszer \u00e9s egy\u00e9b t\u00e9nyez\u0151k f\u00fcggv\u00e9ny\u00e9ben v\u00e1ltozhat.<\/p>\n<p>4. Olvas\u00e1si \u00e9s \u00edr\u00e1si sebess\u00e9g<br \/>\nAz olvas\u00e1si \u00e9s az \u00edr\u00e1si sebess\u00e9g elt\u00e9rhet a gazdaeszk\u00f6zt\u0151l, az olvas\u00e1si \u00e9s \u00edr\u00e1si k\u00f6r\u00fclm\u00e9nyekt\u0151l, illetve a f\u00e1jlm\u00e9rett\u0151l f\u00fcgg\u0151en.<\/p>\n<p>5. T\u00f6meg<br \/>\nA t\u00f6meg elt\u00e9rhet a term\u00e9kkonfigur\u00e1ci\u00f3t\u00f3l, a gy\u00e1rt\u00f3i alkatr\u00e9szekt\u0151l, a gy\u00e1rt\u00e1sfolyamatt\u00f3l \u00e9s a v\u00e1lasztott kieg\u00e9sz\u00edt\u0151kt\u0151l f\u00fcgg\u0151en.<\/p>\n<p>6. 802.11b, g \u00e9s n szabv\u00e1ny\u00fa vezet\u00e9k n\u00e9lk\u00fcli h\u00e1l\u00f3zat<br \/>\nA vezet\u00e9k n\u00e9lk\u00fcli h\u00e1l\u00f3zat \u00e1tviteli sebess\u00e9ge \u00e9s hat\u00f3k\u00f6re az elektrom\u00e1gneses k\u00f6rnyezett\u0151l, a fizikai akad\u00e1lyokt\u00f3l, a hozz\u00e1f\u00e9r\u00e9si pont kialak\u00edt\u00e1s\u00e1t\u00f3l \u00e9s konfigur\u00e1ci\u00f3j\u00e1t\u00f3l, az \u00fcgyf\u00e9lprogram fel\u00e9p\u00edt\u00e9s\u00e9t\u0151l, valamint a szoftver- \u00e9s hardverkonfigur\u00e1ci\u00f3t\u00f3l f\u00fcgg\u0151en v\u00e1ltozhat. A t\u00e9nyleges \u00e1tviteli sebess\u00e9g az elm\u00e9leti maxim\u00e1lis sebess\u00e9gn\u00e9l kisebb lesz.<\/p>\n<p>7. V\u00e1ltoztat\u00e1s joga<br \/>\nNoha a Toshiba minden t\u0151le telhet\u0151t megtett annak \u00e9rdek\u00e9ben, hogy a kiad\u00e1s id\u0151pontj\u00e1ban rendelkez\u00e9sre \u00e1ll\u00f3 adatoknak megfelel\u0151en az itt olvashat\u00f3 inform\u00e1ci\u00f3 pontos legyen, a term\u00e9kek jellemz\u0151i, az egyes konfigur\u00e1ci\u00f3k tulajdons\u00e1gai, az \u00e1rak, illetve a rendszerek, az \u00f6sszetev\u0151k \u00e9s a b\u0151v\u00edt\u00e9si lehet\u0151s\u00e9gek egyar\u00e1nt el\u0151zetes bejelent\u00e9s n\u00e9lk\u00fcl v\u00e1ltozhatnak.\u00a0A term\u00e9kjellemz\u0151k \u00e9s -sz\u00ednek el\u0151zetes \u00e9rtes\u00edt\u00e9s n\u00e9lk\u00fcl v\u00e1ltozhatnak, \u00e9s elt\u00e9rhetnek az itt l\u00e1tottakt\u00f3l. A jelen dokumentum esetleges hib\u00e1i\u00e9rt vagy hi\u00e1nyoss\u00e1gai\u00e9rt nem v\u00e1llalunk felel\u0151ss\u00e9get.<\/p>\n<p>8. K\u00e9pek<br \/>\nA weblapokon megjelen\u00edtett k\u00e9pek csak illusztr\u00e1ci\u00f3s c\u00e9lokat szolg\u00e1lnak. A k\u00e9pek a funkci\u00f3k m\u0171k\u00f6d\u00e9s\u00e9t hivatottak szeml\u00e9ltetni, nem pedig a t\u00e9nyleges, egym\u00e1shoz viszony\u00edtott k\u00fcl\u00f6nbs\u00e9geket.[\/vc_column_text][\/vc_column][vc_column width=&#8221;1\/2&#8243;][vc_column_text css=&#8221;&#8221;]<\/p>\n<h2>T\u00edpusra vonatkoz\u00f3 felel\u0151ss\u00e9gkiz\u00e1r\u00e1sok \u00e9s l\u00e1bjegyzetek<\/h2>\n<p>1. A Windows n\u00e9v a Microsoft Corporation Amerikai Egyes\u00fclt \u00c1llamokban, illetve m\u00e1s orsz\u00e1gokban bejegyzett v\u00e9djegye vagy kereskedelmi v\u00e9djegye.<br \/>\n2. A Mac, az OS X \u00e9s a Time Machine n\u00e9v az Apple Inc. Amerikai Egyes\u00fclt \u00c1llamokban, illetve m\u00e1s orsz\u00e1gokban bejegyzett kereskedelmi v\u00e9djegye.<br \/>\n3. Az Android TM n\u00e9v a Google Inc. kereskedelmi v\u00e9djegye.<br \/>\n4. Az USB Type-C TM n\u00e9v az USB Implementers Forum kereskedelmi v\u00e9djegye \u00e9s csak az USB Type-C\u00ae k\u00e1bel- \u00e9s csatlakoz\u00f3specifik\u00e1ci\u00f3n alapul\u00f3 \u00e9s annak megfelel\u0151 term\u00e9kekkel haszn\u00e1lhat\u00f3.<\/p>\n<p>Canvio for Smartphone<br \/>\n5. Az automatikus ment\u00e9s \u00e9s t\u00f6lt\u00e9s enged\u00e9lyez\u00e9s\u00e9hez az Android rendszer\u0171 okostelefonnak bekapcsolva kell lennie, elegend\u0151 akkumul\u00e1tort\u00f6lt\u00f6tts\u00e9ggel kell rendelkeznie, illetve telep\u00edtve kell lennie rajta a funkci\u00f3hoz tartoz\u00f3 appnak.<\/p>\n<p>6. Ha az akkumul\u00e1tor t\u00f6lt\u00f6tts\u00e9ge alacsony, el\u0151fordulhat, hogy a biztons\u00e1gi ment\u00e9s nem lesz v\u00e9grehajtva.<\/p>\n<p>E300, P300, N300, X300<br \/>\n7. A t\u00e1mogatott meghajt\u00f3rekeszekkel kapcsolatos inform\u00e1ci\u00f3\u00e9rt forduljon term\u00e9ke szolg\u00e1ltat\u00f3j\u00e1hoz, mivel a gazdaeszk\u00f6zzel val\u00f3 kompatibilit\u00e1s a rendszert\u0151l f\u00fcgg\u0151en v\u00e1ltozhat.<\/p>\n<p>8. Az aluls\u00f3 r\u00f6gz\u00edt\u00e9si pontok helye a term\u00e9kt\u0151l f\u00fcgg\u0151en elt\u00e9rhet. Tov\u00e1bbi inform\u00e1ci\u00f3\u00e9rt l\u00e1togasson el a k\u00f6vetkez\u0151 c\u00edmre: https:\/\/toshiba.semicon-storage.com\/us\/design- support\/faq\/storage- holes.html<\/p>\n<p>9. Canvio Gaming<br \/>\nA t\u00e1rol\u00f3kapacit\u00e1s m\u00e9ret\u00e9nek megbecs\u00fcl\u00e9sekor felt\u00e9telezt\u00fck, hogy a jelenlegi gener\u00e1ci\u00f3s j\u00e1t\u00e9kok \u00e1tlagos m\u00e9rete 36 GB. A merevlemezen t\u00e1rolhat\u00f3 j\u00e1t\u00e9kok t\u00e9nyleges sz\u00e1ma a f\u00e1jlm\u00e9ret, a form\u00e1z\u00e1s, a konzol szoftvere, illetve egy\u00e9b programok \u00e9s t\u00e9nyez\u0151k f\u00fcggv\u00e9ny\u00e9ben v\u00e1ltozhat. A megv\u00e1s\u00e1rolt \u00e9s lemezr\u0151l bet\u00f6lt\u00f6tt j\u00e1t\u00e9kok tulajdonjog\u00e1nak igazol\u00e1s\u00e1hoz sz\u00fcks\u00e9g lehet az eredeti lemezre. Internetkapcsolatra \u00e9s eredeti j\u00e1t\u00e9ktulajdonosi fi\u00f3kra lehet sz\u00fcks\u00e9g.[\/vc_column_text][\/vc_column][\/vc_row]<\/p>\n<\/div>","protected":false},"excerpt":{"rendered":"<p>[vc_row][vc_column width=&#8221;1\/2&#8243;][vc_column_text css=&#8221;&#8221;] \u00c1ltal\u00e1nos felel\u0151ss\u00e9gkiz\u00e1r\u00e1s 1. Term\u00e9kspecifik\u00e1ci\u00f3k Minden eml\u00edtett term\u00e9kspecifik\u00e1ci\u00f3 a t\u00edpust\u00f3l, a konfigur\u00e1ci\u00f3t\u00f3l \u00e9s a helyi el\u00e9rhet\u0151s\u00e9gt\u0151l f\u00fcgg. 2. J\u00f3t\u00e1ll\u00e1s A Toshiba nem ny\u00fajt semminem\u0171 tov\u00e1bbi j\u00f3t\u00e1ll\u00e1st a Toshiba term\u00e9kle\u00edr\u00e1s\u00e1ban ismertetett vagy a vonatkoz\u00f3 jogszab\u00e1lyok \u00e1ltal meghat\u00e1rozott j\u00f3t\u00e1ll\u00e1sokon t\u00falmen\u0151en. 3. Kapacit\u00e1s Egy gigab\u00e1jt (1 GB) egyenl\u0151 10 9 = 1\u00a0000\u00a0000\u00a0000 b\u00e1jttal, egy terab\u00e1jt (1 &hellip;<\/p>\n","protected":false},"author":43,"featured_media":0,"parent":0,"menu_order":0,"comment_status":"closed","ping_status":"closed","template":"page-legal.php","meta":{"_acf_changed":false,"footnotes":""},"class_list":["post-11888","page","type-page","status-publish","hentry"],"acf":[],"yoast_head":"<!-- This site is optimized with the Yoast SEO Premium plugin v27.3 (Yoast SEO v27.3) - https:\/\/yoast.com\/product\/yoast-seo-premium-wordpress\/ -->\n<title>Term\u00e9kre vonatkoz\u00f3 felel\u0151ss\u00e9g kiz\u00e1r\u00e1sa - EMEA<\/title>\n<meta name=\"robots\" content=\"index, follow, max-snippet:-1, max-image-preview:large, max-video-preview:-1\" \/>\n<link rel=\"canonical\" href=\"https:\/\/www.toshiba-storage.com\/hu\/product-disclaimer\/\" \/>\n<meta property=\"og:locale\" content=\"hu_HU\" \/>\n<meta property=\"og:type\" content=\"article\" \/>\n<meta property=\"og:title\" content=\"Term\u00e9kre vonatkoz\u00f3 felel\u0151ss\u00e9g kiz\u00e1r\u00e1sa\" \/>\n<meta property=\"og:description\" content=\"[vc_row][vc_column width=&#8221;1\/2&#8243;][vc_column_text css=&#8221;&#8221;] \u00c1ltal\u00e1nos felel\u0151ss\u00e9gkiz\u00e1r\u00e1s 1. Term\u00e9kspecifik\u00e1ci\u00f3k Minden eml\u00edtett term\u00e9kspecifik\u00e1ci\u00f3 a t\u00edpust\u00f3l, a konfigur\u00e1ci\u00f3t\u00f3l \u00e9s a helyi el\u00e9rhet\u0151s\u00e9gt\u0151l f\u00fcgg. 2. J\u00f3t\u00e1ll\u00e1s A Toshiba nem ny\u00fajt semminem\u0171 tov\u00e1bbi j\u00f3t\u00e1ll\u00e1st a Toshiba term\u00e9kle\u00edr\u00e1s\u00e1ban ismertetett vagy a vonatkoz\u00f3 jogszab\u00e1lyok \u00e1ltal meghat\u00e1rozott j\u00f3t\u00e1ll\u00e1sokon t\u00falmen\u0151en. 3. Kapacit\u00e1s Egy gigab\u00e1jt (1 GB) egyenl\u0151 10 9 = 1\u00a0000\u00a0000\u00a0000 b\u00e1jttal, egy terab\u00e1jt (1 &hellip;\" \/>\n<meta property=\"og:url\" content=\"https:\/\/www.toshiba-storage.com\/hu\/product-disclaimer\/\" \/>\n<meta property=\"og:site_name\" content=\"EMEA\" \/>\n<meta property=\"article:publisher\" content=\"https:\/\/www.facebook.com\/ToshibaStorageEU\/\" \/>\n<meta property=\"article:modified_time\" content=\"2025-03-17T14:18:24+00:00\" \/>\n<meta name=\"twitter:card\" content=\"summary_large_image\" \/>\n<meta name=\"twitter:label1\" content=\"Est. reading time\" \/>\n\t<meta name=\"twitter:data1\" content=\"3 minutes\" \/>\n<script type=\"application\/ld+json\" class=\"yoast-schema-graph\">{\"@context\":\"https:\\\/\\\/schema.org\",\"@graph\":[{\"@type\":\"WebPage\",\"@id\":\"https:\\\/\\\/www.toshiba-storage.com\\\/hu\\\/product-disclaimer\\\/\",\"url\":\"https:\\\/\\\/www.toshiba-storage.com\\\/hu\\\/product-disclaimer\\\/\",\"name\":\"Term\u00e9kre vonatkoz\u00f3 felel\u0151ss\u00e9g kiz\u00e1r\u00e1sa - EMEA\",\"isPartOf\":{\"@id\":\"https:\\\/\\\/www.toshiba-storage.com\\\/hu\\\/#website\"},\"datePublished\":\"2017-10-26T11:20:22+00:00\",\"dateModified\":\"2025-03-17T14:18:24+00:00\",\"inLanguage\":\"hu-HU\",\"potentialAction\":[{\"@type\":\"ReadAction\",\"target\":[\"https:\\\/\\\/www.toshiba-storage.com\\\/hu\\\/product-disclaimer\\\/\"]}]},{\"@type\":\"WebSite\",\"@id\":\"https:\\\/\\\/www.toshiba-storage.com\\\/hu\\\/#website\",\"url\":\"https:\\\/\\\/www.toshiba-storage.com\\\/hu\\\/\",\"name\":\"Toshiba Storage Solutions \u2013 EMEA Region\",\"description\":\"Toshiba in Europe and Middle East Asia provides reliable and innovative storage solutions and internal and external HDDs \u2013for Laptops, PC, NAS, Surveillance and Enterprise.\",\"publisher\":{\"@id\":\"https:\\\/\\\/www.toshiba-storage.com\\\/hu\\\/#organization\"},\"potentialAction\":[{\"@type\":\"SearchAction\",\"target\":{\"@type\":\"EntryPoint\",\"urlTemplate\":\"https:\\\/\\\/www.toshiba-storage.com\\\/hu\\\/?s={search_term_string}\"},\"query-input\":{\"@type\":\"PropertyValueSpecification\",\"valueRequired\":true,\"valueName\":\"search_term_string\"}}],\"inLanguage\":\"hu-HU\"},{\"@type\":\"Organization\",\"@id\":\"https:\\\/\\\/www.toshiba-storage.com\\\/hu\\\/#organization\",\"name\":\"Toshiba Electronics Europe GmbH\",\"url\":\"https:\\\/\\\/www.toshiba-storage.com\\\/hu\\\/\",\"logo\":{\"@type\":\"ImageObject\",\"inLanguage\":\"hu-HU\",\"@id\":\"https:\\\/\\\/www.toshiba-storage.com\\\/hu\\\/#\\\/schema\\\/logo\\\/image\\\/\",\"url\":\"https:\\\/\\\/www.toshiba-storage.com\\\/wp\\\/wp-content\\\/uploads\\\/2024\\\/02\\\/toshiba-logo.png\",\"contentUrl\":\"https:\\\/\\\/www.toshiba-storage.com\\\/wp\\\/wp-content\\\/uploads\\\/2024\\\/02\\\/toshiba-logo.png\",\"width\":263,\"height\":40,\"caption\":\"Toshiba Electronics Europe GmbH\"},\"image\":{\"@id\":\"https:\\\/\\\/www.toshiba-storage.com\\\/hu\\\/#\\\/schema\\\/logo\\\/image\\\/\"},\"sameAs\":[\"https:\\\/\\\/www.facebook.com\\\/ToshibaStorageEU\\\/\",\"https:\\\/\\\/www.linkedin.com\\\/company\\\/toshiba-electronics-europe-gmbh\\\/?originalSubdomain=de\",\"https:\\\/\\\/www.youtube.com\\\/user\\\/ToshibaElectronics1\"]}]}<\/script>\n<!-- \/ Yoast SEO Premium plugin. -->","yoast_head_json":{"title":"Term\u00e9kre vonatkoz\u00f3 felel\u0151ss\u00e9g kiz\u00e1r\u00e1sa - EMEA","robots":{"index":"index","follow":"follow","max-snippet":"max-snippet:-1","max-image-preview":"max-image-preview:large","max-video-preview":"max-video-preview:-1"},"canonical":"https:\/\/www.toshiba-storage.com\/hu\/product-disclaimer\/","og_locale":"hu_HU","og_type":"article","og_title":"Term\u00e9kre vonatkoz\u00f3 felel\u0151ss\u00e9g kiz\u00e1r\u00e1sa","og_description":"[vc_row][vc_column width=&#8221;1\/2&#8243;][vc_column_text css=&#8221;&#8221;] \u00c1ltal\u00e1nos felel\u0151ss\u00e9gkiz\u00e1r\u00e1s 1. Term\u00e9kspecifik\u00e1ci\u00f3k Minden eml\u00edtett term\u00e9kspecifik\u00e1ci\u00f3 a t\u00edpust\u00f3l, a konfigur\u00e1ci\u00f3t\u00f3l \u00e9s a helyi el\u00e9rhet\u0151s\u00e9gt\u0151l f\u00fcgg. 2. J\u00f3t\u00e1ll\u00e1s A Toshiba nem ny\u00fajt semminem\u0171 tov\u00e1bbi j\u00f3t\u00e1ll\u00e1st a Toshiba term\u00e9kle\u00edr\u00e1s\u00e1ban ismertetett vagy a vonatkoz\u00f3 jogszab\u00e1lyok \u00e1ltal meghat\u00e1rozott j\u00f3t\u00e1ll\u00e1sokon t\u00falmen\u0151en. 3. Kapacit\u00e1s Egy gigab\u00e1jt (1 GB) egyenl\u0151 10 9 = 1\u00a0000\u00a0000\u00a0000 b\u00e1jttal, egy terab\u00e1jt (1 &hellip;","og_url":"https:\/\/www.toshiba-storage.com\/hu\/product-disclaimer\/","og_site_name":"EMEA","article_publisher":"https:\/\/www.facebook.com\/ToshibaStorageEU\/","article_modified_time":"2025-03-17T14:18:24+00:00","twitter_card":"summary_large_image","twitter_misc":{"Est. reading time":"3 minutes"},"schema":{"@context":"https:\/\/schema.org","@graph":[{"@type":"WebPage","@id":"https:\/\/www.toshiba-storage.com\/hu\/product-disclaimer\/","url":"https:\/\/www.toshiba-storage.com\/hu\/product-disclaimer\/","name":"Term\u00e9kre vonatkoz\u00f3 felel\u0151ss\u00e9g kiz\u00e1r\u00e1sa - EMEA","isPartOf":{"@id":"https:\/\/www.toshiba-storage.com\/hu\/#website"},"datePublished":"2017-10-26T11:20:22+00:00","dateModified":"2025-03-17T14:18:24+00:00","inLanguage":"hu-HU","potentialAction":[{"@type":"ReadAction","target":["https:\/\/www.toshiba-storage.com\/hu\/product-disclaimer\/"]}]},{"@type":"WebSite","@id":"https:\/\/www.toshiba-storage.com\/hu\/#website","url":"https:\/\/www.toshiba-storage.com\/hu\/","name":"Toshiba Storage Solutions \u2013 EMEA Region","description":"Toshiba in Europe and Middle East Asia provides reliable and innovative storage solutions and internal and external HDDs \u2013for Laptops, PC, NAS, Surveillance and Enterprise.","publisher":{"@id":"https:\/\/www.toshiba-storage.com\/hu\/#organization"},"potentialAction":[{"@type":"SearchAction","target":{"@type":"EntryPoint","urlTemplate":"https:\/\/www.toshiba-storage.com\/hu\/?s={search_term_string}"},"query-input":{"@type":"PropertyValueSpecification","valueRequired":true,"valueName":"search_term_string"}}],"inLanguage":"hu-HU"},{"@type":"Organization","@id":"https:\/\/www.toshiba-storage.com\/hu\/#organization","name":"Toshiba Electronics Europe GmbH","url":"https:\/\/www.toshiba-storage.com\/hu\/","logo":{"@type":"ImageObject","inLanguage":"hu-HU","@id":"https:\/\/www.toshiba-storage.com\/hu\/#\/schema\/logo\/image\/","url":"https:\/\/www.toshiba-storage.com\/wp\/wp-content\/uploads\/2024\/02\/toshiba-logo.png","contentUrl":"https:\/\/www.toshiba-storage.com\/wp\/wp-content\/uploads\/2024\/02\/toshiba-logo.png","width":263,"height":40,"caption":"Toshiba Electronics Europe GmbH"},"image":{"@id":"https:\/\/www.toshiba-storage.com\/hu\/#\/schema\/logo\/image\/"},"sameAs":["https:\/\/www.facebook.com\/ToshibaStorageEU\/","https:\/\/www.linkedin.com\/company\/toshiba-electronics-europe-gmbh\/?originalSubdomain=de","https:\/\/www.youtube.com\/user\/ToshibaElectronics1"]}]}},"_links":{"self":[{"href":"https:\/\/www.toshiba-storage.com\/hu\/wp-json\/wp\/v2\/pages\/11888","targetHints":{"allow":["GET"]}}],"collection":[{"href":"https:\/\/www.toshiba-storage.com\/hu\/wp-json\/wp\/v2\/pages"}],"about":[{"href":"https:\/\/www.toshiba-storage.com\/hu\/wp-json\/wp\/v2\/types\/page"}],"author":[{"embeddable":true,"href":"https:\/\/www.toshiba-storage.com\/hu\/wp-json\/wp\/v2\/users\/43"}],"replies":[{"embeddable":true,"href":"https:\/\/www.toshiba-storage.com\/hu\/wp-json\/wp\/v2\/comments?post=11888"}],"version-history":[{"count":0,"href":"https:\/\/www.toshiba-storage.com\/hu\/wp-json\/wp\/v2\/pages\/11888\/revisions"}],"wp:attachment":[{"href":"https:\/\/www.toshiba-storage.com\/hu\/wp-json\/wp\/v2\/media?parent=11888"}],"curies":[{"name":"wp","href":"https:\/\/api.w.org\/{rel}","templated":true}]}}