{"id":10518,"date":"2017-10-15T14:28:35","date_gmt":"2017-10-15T12:28:35","guid":{"rendered":"https:\/\/toshibaelectronicseuropegmbh.preview.pslsrv.com\/elerhetoseg\/"},"modified":"2025-12-03T08:50:38","modified_gmt":"2025-12-03T07:50:38","slug":"contact","status":"publish","type":"page","link":"https:\/\/www.toshiba-storage.com\/hu\/contact\/","title":{"rendered":"Kapcsolat \u00e9s t\u00e1mogat\u00e1spdf"},"content":{"rendered":"<div class=\"wpb-content-wrapper\"><p>[vc_row][vc_column width=&#8221;1\/3&#8243;][vc_column_text]<strong>1. l\u00e9p\u00e9s:<\/strong><\/p>\n<p>Milyen inform\u00e1ci\u00f3t keres?[\/vc_column_text][\/vc_column][vc_column width=&#8221;1\/3&#8243;][vc_column_text]<strong>2. l\u00e9p\u00e9s:<\/strong><\/p>\n<p>K\u00e9rj\u00fck, ellen\u0151rizze, hogy az inform\u00e1ci\u00f3t megtal\u00e1lja-e ezen az oldalon, p\u00e9ld\u00e1ul a GYIK-ban, a term\u00e9karch\u00edvumban, az oktat\u00f3vide\u00f3kban stb.[\/vc_column_text][\/vc_column][vc_column width=&#8221;1\/3&#8243;][vc_column_text css=&#8221;&#8221;]<strong>3. l\u00e9p\u00e9s:<\/strong><\/p>\n<p>Garanci\u00e1lis ig\u00e9nyek eset\u00e9n k\u00e9rj\u00fck, k\u00f6vesse az al\u00e1bbi linket. \u00c1ltal\u00e1nos k\u00e9rd\u00e9sekkel forduljon szervizk\u00f6zpontunkhoz.<\/p>\n<p><a href=\"https:\/\/www.toshiba-storage.com\/warranty-claims\/\">T\u00e1j\u00e9koz\u00f3djon a garanci\u00e1lis ig\u00e9nyekr\u0151l<\/a>[\/vc_column_text][\/vc_column][\/vc_row][vc_row][vc_column][vc_column_text]Ha tov\u00e1bbi inform\u00e1ci\u00f3kra van sz\u00fcks\u00e9ge, k\u00e9rj\u00fck, h\u00edvja ingyenes \u00fcgyf\u00e9lszolg\u00e1lati telefonsz\u00e1munkat (csak angol \u00e9s n\u00e9met nyelven \u00e9rhet\u0151 el).<\/p>\n<p><strong>00800-THOTLINE (84685463)<\/strong>[\/vc_column_text][\/vc_column][\/vc_row][vc_row css=&#8221;.vc_custom_1542152086144{padding-bottom: 0px !important;}&#8221;][vc_column][vc_column_text css=&#8221;.vc_custom_1543530962428{margin-bottom: 0px !important;border-bottom-width: 0px !important;padding-bottom: 0px !important;}&#8221;]<strong>T\u00e1mogatott orsz\u00e1gok:<\/strong>[\/vc_column_text][vc_row_inner css=&#8221;.vc_custom_1542151967621{padding-bottom: 0px !important;}&#8221;][vc_column_inner width=&#8221;1\/3&#8243;]<p class=\"toshiba-country-list-item\" style=\"background-image: url(https:\/\/www.toshiba-storage.com\/wp\/wp-content\/themes\/toshiba\/assets\/images\/icon-at.png);\">Ausztria<\/p><p class=\"toshiba-country-list-item\" style=\"background-image: url(https:\/\/www.toshiba-storage.com\/wp\/wp-content\/themes\/toshiba\/assets\/images\/icon-be.png);\">Belgium<\/p><p class=\"toshiba-country-list-item\" style=\"background-image: url(https:\/\/www.toshiba-storage.com\/wp\/wp-content\/themes\/toshiba\/assets\/images\/icon-dk.png);\">D\u00e1nia<\/p><p class=\"toshiba-country-list-item\" style=\"background-image: url(https:\/\/www.toshiba-storage.com\/wp\/wp-content\/themes\/toshiba\/assets\/images\/icon-fi.png);\">Finnorsz\u00e1g<\/p><p class=\"toshiba-country-list-item\" style=\"background-image: url(https:\/\/www.toshiba-storage.com\/wp\/wp-content\/themes\/toshiba\/assets\/images\/icon-fr.png);\">Franciaorsz\u00e1g<\/p>[\/vc_column_inner][vc_column_inner width=&#8221;1\/3&#8243;]<p class=\"toshiba-country-list-item\" style=\"background-image: url(https:\/\/www.toshiba-storage.com\/wp\/wp-content\/themes\/toshiba\/assets\/images\/icon-de.png);\">N\u00e9metorsz\u00e1g<\/p><p class=\"toshiba-country-list-item\" style=\"background-image: url(https:\/\/www.toshiba-storage.com\/wp\/wp-content\/themes\/toshiba\/assets\/images\/icon-ie.png);\">\u00cdrorsz\u00e1g<\/p><p class=\"toshiba-country-list-item\" style=\"background-image: url(https:\/\/www.toshiba-storage.com\/wp\/wp-content\/themes\/toshiba\/assets\/images\/icon-il.png);\">Izrael<\/p><p class=\"toshiba-country-list-item\" style=\"background-image: url(https:\/\/www.toshiba-storage.com\/wp\/wp-content\/themes\/toshiba\/assets\/images\/icon-it.png);\">Olaszorsz\u00e1g<\/p><p class=\"toshiba-country-list-item\" style=\"background-image: url(https:\/\/www.toshiba-storage.com\/wp\/wp-content\/themes\/toshiba\/assets\/images\/icon-nl.png);\">Hollandia<\/p>[\/vc_column_inner][vc_column_inner width=&#8221;1\/3&#8243;]<p class=\"toshiba-country-list-item\" style=\"background-image: url(https:\/\/www.toshiba-storage.com\/wp\/wp-content\/themes\/toshiba\/assets\/images\/icon-no.png);\">Norv\u00e9gia<\/p><p class=\"toshiba-country-list-item\" style=\"background-image: url(https:\/\/www.toshiba-storage.com\/wp\/wp-content\/themes\/toshiba\/assets\/images\/icon-es.png);\">Spanyolorsz\u00e1g<\/p><p class=\"toshiba-country-list-item\" style=\"background-image: url(https:\/\/www.toshiba-storage.com\/wp\/wp-content\/themes\/toshiba\/assets\/images\/icon-se.png);\">Sv\u00e9dorsz\u00e1g<\/p><p class=\"toshiba-country-list-item\" style=\"background-image: url(https:\/\/www.toshiba-storage.com\/wp\/wp-content\/themes\/toshiba\/assets\/images\/icon-ch.png);\">Sv\u00e1jc<\/p><p class=\"toshiba-country-list-item\" style=\"background-image: url(https:\/\/www.toshiba-storage.com\/wp\/wp-content\/themes\/toshiba\/assets\/images\/icon-gb.png);\">Egyes\u00fclt Kir\u00e1lys\u00e1g<\/p>[\/vc_column_inner][\/vc_row_inner][vc_row_inner css=&#8221;.vc_custom_1542152023653{padding-bottom: 0px !important;}&#8221; el_class=&#8221;toshiba-note&#8221;][vc_column_inner width=&#8221;1\/3&#8243;][vc_column_text]Minden m\u00e1s orsz\u00e1gb\u00f3l: +49 (0) 1805-834373 (a h\u00edv\u00e1s d\u00edjk\u00f6teles)*[\/vc_column_text][\/vc_column_inner][vc_column_inner width=&#8221;1\/3&#8243;][vc_column_text]*0,14 \u20ac\/perc a Deutsche Telekom vezet\u00e9kes h\u00e1l\u00f3zat\u00e1b\u00f3l (a mobilh\u00e1l\u00f3zatr\u00f3l t\u00f6rt\u00e9n\u0151 h\u00edv\u00e1s d\u00edja ett\u0151l elt\u00e9r\u0151 lehet)[\/vc_column_text][\/vc_column_inner][vc_column_inner width=&#8221;1\/3&#8243;][vc_column_text]Ez a szolg\u00e1ltat\u00e1s jelenleg h\u00e9tf\u0151t\u0151l p\u00e9ntekig, k\u00f6z\u00e9p-eur\u00f3pai id\u0151 szerint 9\u201318 \u00f3r\u00e1ig \u00e9rhet\u0151 el.[\/vc_column_text][\/vc_column_inner][\/vc_row_inner][\/vc_column][\/vc_row][vc_row][vc_column]<div class=\"wpforms-container wpforms-container-full toshiba-contat-form\" id=\"wpforms-51815\"><form id=\"wpforms-form-51815\" class=\"wpforms-validate wpforms-form wpforms-ajax-form\" data-formid=\"51815\" method=\"post\" enctype=\"multipart\/form-data\" action=\"\/hu\/wp-json\/wp\/v2\/pages\/10518\" data-token=\"bf47a6a5565bc64544feecd9a3eff1de\" data-token-time=\"1775428601\"><noscript class=\"wpforms-error-noscript\">Please enable JavaScript in your browser to complete this form.<\/noscript><div class=\"wpforms-field-container\"><div id=\"wpforms-51815-field_0-container\" class=\"wpforms-field wpforms-field-name\" data-field-id=\"0\"><label class=\"wpforms-field-label\" for=\"wpforms-51815-field_0\">Keresztn\u00e9v* <span class=\"wpforms-required-label\">*<\/span><\/label><input type=\"text\" id=\"wpforms-51815-field_0\" class=\"wpforms-field-large wpforms-field-required\" name=\"wpforms[fields][0]\" required><\/div><div id=\"wpforms-51815-field_12-container\" class=\"wpforms-field wpforms-field-name\" data-field-id=\"12\"><label class=\"wpforms-field-label\" for=\"wpforms-51815-field_12\">Vezet\u00e9kn\u00e9v* <span class=\"wpforms-required-label\">*<\/span><\/label><input type=\"text\" id=\"wpforms-51815-field_12\" class=\"wpforms-field-large wpforms-field-required\" name=\"wpforms[fields][12]\" required><\/div><div id=\"wpforms-51815-field_1-container\" class=\"wpforms-field wpforms-field-email\" data-field-id=\"1\"><label class=\"wpforms-field-label\" for=\"wpforms-51815-field_1\">E-mail c\u00edm <span class=\"wpforms-required-label\">*<\/span><\/label><input type=\"email\" id=\"wpforms-51815-field_1\" class=\"wpforms-field-large wpforms-field-required\" name=\"wpforms[fields][1]\" spellcheck=\"false\" required><\/div><div id=\"wpforms-51815-field_11-container\" class=\"wpforms-field wpforms-field-text\" data-field-id=\"11\"><label class=\"wpforms-field-label\" for=\"wpforms-51815-field_11\">Orsz\u00e1g<\/label><input type=\"text\" id=\"wpforms-51815-field_11\" class=\"wpforms-field-large\" name=\"wpforms[fields][11]\" ><\/div><div id=\"wpforms-51815-field_10-container\" class=\"wpforms-field wpforms-field-text\" data-field-id=\"10\"><label class=\"wpforms-field-label\" for=\"wpforms-51815-field_10\">C\u00edm<\/label><input type=\"text\" id=\"wpforms-51815-field_10\" class=\"wpforms-field-large\" name=\"wpforms[fields][10]\" ><\/div><div id=\"wpforms-51815-field_4-container\" class=\"wpforms-field wpforms-field-select wpforms-field-select-style-classic\" data-field-id=\"4\"><label class=\"wpforms-field-label\" for=\"wpforms-51815-field_4\">V\u00e1lasszon egy term\u00e9kkateg\u00f3ri\u00e1t<\/label><select id=\"wpforms-51815-field_4\" class=\"wpforms-field-large\" name=\"wpforms[fields][4]\"><option value=\"\" class=\"placeholder\" disabled  selected='selected'>V\u00e1lasszon egy term\u00e9kkateg\u00f3ri\u00e1t<\/option><option value=\"459\"  class=\"choice-0 depth-1\"  >Adatt\u00e1rol\u00e1s Okostelefonokhoz<\/option><option value=\"432\"  class=\"choice-1 depth-1\"  >Asztali<\/option><option value=\"1213\"  class=\"choice-2 depth-1\"  >Bels\u0151 Merevlemezek<\/option><option value=\"433\"  class=\"choice-3 depth-1\"  >Hordozhat\u00f3<\/option><option value=\"65\"  class=\"choice-4 depth-1\"  >Mobil<\/option><option value=\"9347\"  class=\"choice-5 depth-1\"  >NAS-hoz k\u00e9sz\u00fclt<\/option><option value=\"9336\"  class=\"choice-6 depth-1\"  >PC-s<\/option><option value=\"9322\"  class=\"choice-7 depth-1\"  >Surveillance\/vid\u00e9o<\/option><option value=\"6594\"  class=\"choice-8 depth-1\"  >V\u00e1llalati haszn\u00e1latra<\/option><option value=\"9325\"  class=\"choice-9 depth-1\"  >Vide\u00f3s\/megfigyel\u0151rendszerekre<\/option><\/select><\/div><div id=\"wpforms-51815-field_5-container\" class=\"wpforms-field wpforms-field-select wpforms-field-select-style-classic\" data-field-id=\"5\"><label class=\"wpforms-field-label\" for=\"wpforms-51815-field_5\">V\u00e1lasszon egy t\u00e9m\u00e1t<\/label><select id=\"wpforms-51815-field_5\" class=\"wpforms-field-large\" name=\"wpforms[fields][5]\"><option value=\"\" class=\"placeholder\" disabled  selected='selected'>V\u00e1lasszon egy t\u00e9m\u00e1t<\/option><option value=\"\u00c1ltal\u00e1nos inform\u00e1ci\u00f3\"  class=\"choice-1 depth-1\"  >\u00c1ltal\u00e1nos inform\u00e1ci\u00f3<\/option><option value=\"J\u00f3t\u00e1ll\u00e1si t\u00e1mogat\u00e1s\"  class=\"choice-2 depth-1\"  >J\u00f3t\u00e1ll\u00e1si t\u00e1mogat\u00e1s<\/option><option value=\"Szolg\u00e1ltat\u00e1sok\"  class=\"choice-3 depth-1\"  >Szolg\u00e1ltat\u00e1sok<\/option><\/select><\/div><div id=\"wpforms-51815-field_2-container\" class=\"wpforms-field wpforms-field-textarea\" data-field-id=\"2\"><label class=\"wpforms-field-label\" for=\"wpforms-51815-field_2\">\u00cdrja le \u00fczenet\u00e9t <span class=\"wpforms-required-label\">*<\/span><\/label><textarea id=\"wpforms-51815-field_2\" class=\"wpforms-field-medium wpforms-field-required\" name=\"wpforms[fields][2]\" required><\/textarea><\/div><div id=\"wpforms-51815-field_7-container\" class=\"wpforms-field wpforms-field-checkbox contact-form-terms\" data-field-id=\"7\"><label class=\"wpforms-field-label wpforms-label-hide\">Terms <span class=\"wpforms-required-label\">*<\/span><\/label><ul id=\"wpforms-51815-field_7\" class=\"wpforms-field-required\"><li class=\"choice-1 depth-1\"><input type=\"checkbox\" id=\"wpforms-51815-field_7_1\" name=\"wpforms[fields][7][]\" value=\"A Toshiba &lt;a href=&quot;\/hu\/privacy-policy\/&quot;&gt;Adatv\u00e9delmi politik\u00e1j\u00e1t&lt;\/a&gt; elolvastam \u00e9s elfogadom.\" required ><label class=\"wpforms-field-label-inline\" for=\"wpforms-51815-field_7_1\">A Toshiba <a href=\"\/hu\/privacy-policy\/\">Adatv\u00e9delmi politik\u00e1j\u00e1t<\/a> elolvastam \u00e9s elfogadom.<\/label><\/li><\/ul><\/div><div id=\"wpforms-51815-field_9-container\" class=\"wpforms-field wpforms-field-html\" data-field-id=\"9\"><div id=\"wpforms-51815-field_9\">* k\u00f6telez\u0151 mez\u0151k<\/div><\/div><\/div><!-- .wpforms-field-container --><div class=\"wpforms-submit-container\" ><input type=\"hidden\" name=\"wpforms[id]\" value=\"51815\"><input type=\"hidden\" name=\"page_title\" value=\"\"><input type=\"hidden\" name=\"page_url\" value=\"https:\/\/www.toshiba-storage.com\/hu\/wp-json\/wp\/v2\/pages\/10518\"><input type=\"hidden\" name=\"url_referer\" value=\"\"><button type=\"submit\" name=\"wpforms[submit]\" id=\"wpforms-submit-51815\" class=\"wpforms-submit form-submit-button\" aria-live=\"assertive\" value=\"wpforms-submit\">E-mail k\u00fcld\u00e9se<\/button><img loading=\"lazy\" decoding=\"async\" src=\"https:\/\/www.toshiba-storage.com\/wp\/wp-content\/plugins\/wpforms\/assets\/images\/submit-spin.svg\" class=\"wpforms-submit-spinner\" style=\"display: none;\" width=\"26\" height=\"26\" alt=\"Loading\"><\/div><\/form><\/div>  <!-- .wpforms-container -->[\/vc_column][\/vc_row]<\/p>\n<\/div>","protected":false},"excerpt":{"rendered":"<p>[vc_row][vc_column width=&#8221;1\/3&#8243;][vc_column_text]1. l\u00e9p\u00e9s: Milyen inform\u00e1ci\u00f3t keres?[\/vc_column_text][\/vc_column][vc_column width=&#8221;1\/3&#8243;][vc_column_text]2. l\u00e9p\u00e9s: K\u00e9rj\u00fck, ellen\u0151rizze, hogy az inform\u00e1ci\u00f3t megtal\u00e1lja-e ezen az oldalon, p\u00e9ld\u00e1ul a GYIK-ban, a term\u00e9karch\u00edvumban, az oktat\u00f3vide\u00f3kban stb.[\/vc_column_text][\/vc_column][vc_column width=&#8221;1\/3&#8243;][vc_column_text css=&#8221;&#8221;]3. l\u00e9p\u00e9s: Garanci\u00e1lis ig\u00e9nyek eset\u00e9n k\u00e9rj\u00fck, k\u00f6vesse az al\u00e1bbi linket. \u00c1ltal\u00e1nos k\u00e9rd\u00e9sekkel forduljon szervizk\u00f6zpontunkhoz. T\u00e1j\u00e9koz\u00f3djon a garanci\u00e1lis ig\u00e9nyekr\u0151l[\/vc_column_text][\/vc_column][\/vc_row][vc_row][vc_column][vc_column_text]Ha tov\u00e1bbi inform\u00e1ci\u00f3kra van sz\u00fcks\u00e9ge, k\u00e9rj\u00fck, h\u00edvja ingyenes \u00fcgyf\u00e9lszolg\u00e1lati telefonsz\u00e1munkat (csak angol &hellip;<\/p>\n","protected":false},"author":43,"featured_media":24185,"parent":0,"menu_order":0,"comment_status":"closed","ping_status":"closed","template":"page-support-contact.php","meta":{"_acf_changed":false,"footnotes":""},"class_list":["post-10518","page","type-page","status-publish","has-post-thumbnail","hentry"],"acf":[],"yoast_head":"<!-- This site is optimized with the Yoast SEO Premium plugin v27.2 (Yoast SEO v27.2) - https:\/\/yoast.com\/product\/yoast-seo-premium-wordpress\/ -->\n<title>Kapcsolat \u00e9s t\u00e1mogat\u00e1spdf - EMEA<\/title>\n<meta name=\"robots\" content=\"index, follow, max-snippet:-1, max-image-preview:large, max-video-preview:-1\" \/>\n<link rel=\"canonical\" href=\"https:\/\/www.toshiba-storage.com\/hu\/contact\/\" \/>\n<meta property=\"og:locale\" content=\"hu_HU\" \/>\n<meta property=\"og:type\" content=\"article\" \/>\n<meta property=\"og:title\" content=\"Kapcsolat \u00e9s t\u00e1mogat\u00e1spdf\" \/>\n<meta property=\"og:description\" content=\"[vc_row][vc_column width=&#8221;1\/3&#8243;][vc_column_text]1. l\u00e9p\u00e9s: Milyen inform\u00e1ci\u00f3t keres?[\/vc_column_text][\/vc_column][vc_column width=&#8221;1\/3&#8243;][vc_column_text]2. l\u00e9p\u00e9s: K\u00e9rj\u00fck, ellen\u0151rizze, hogy az inform\u00e1ci\u00f3t megtal\u00e1lja-e ezen az oldalon, p\u00e9ld\u00e1ul a GYIK-ban, a term\u00e9karch\u00edvumban, az oktat\u00f3vide\u00f3kban stb.[\/vc_column_text][\/vc_column][vc_column width=&#8221;1\/3&#8243;][vc_column_text css=&#8221;&#8221;]3. l\u00e9p\u00e9s: Garanci\u00e1lis ig\u00e9nyek eset\u00e9n k\u00e9rj\u00fck, k\u00f6vesse az al\u00e1bbi linket. \u00c1ltal\u00e1nos k\u00e9rd\u00e9sekkel forduljon szervizk\u00f6zpontunkhoz. T\u00e1j\u00e9koz\u00f3djon a garanci\u00e1lis ig\u00e9nyekr\u0151l[\/vc_column_text][\/vc_column][\/vc_row][vc_row][vc_column][vc_column_text]Ha tov\u00e1bbi inform\u00e1ci\u00f3kra van sz\u00fcks\u00e9ge, k\u00e9rj\u00fck, h\u00edvja ingyenes \u00fcgyf\u00e9lszolg\u00e1lati telefonsz\u00e1munkat (csak angol &hellip;\" \/>\n<meta property=\"og:url\" content=\"https:\/\/www.toshiba-storage.com\/hu\/contact\/\" \/>\n<meta property=\"og:site_name\" content=\"EMEA\" \/>\n<meta property=\"article:publisher\" content=\"https:\/\/www.facebook.com\/ToshibaStorageEU\/\" \/>\n<meta property=\"article:modified_time\" content=\"2025-12-03T07:50:38+00:00\" \/>\n<meta name=\"twitter:card\" content=\"summary_large_image\" \/>\n<meta name=\"twitter:label1\" content=\"Est. reading time\" \/>\n\t<meta name=\"twitter:data1\" content=\"1 minute\" \/>\n<script type=\"application\/ld+json\" class=\"yoast-schema-graph\">{\"@context\":\"https:\/\/schema.org\",\"@graph\":[{\"@type\":\"WebPage\",\"@id\":\"https:\/\/www.toshiba-storage.com\/hu\/contact\/\",\"url\":\"https:\/\/www.toshiba-storage.com\/hu\/contact\/\",\"name\":\"Kapcsolat \u00e9s t\u00e1mogat\u00e1spdf - EMEA\",\"isPartOf\":{\"@id\":\"https:\/\/www.toshiba-storage.com\/hu\/#website\"},\"primaryImageOfPage\":{\"@id\":\"https:\/\/www.toshiba-storage.com\/hu\/contact\/#primaryimage\"},\"image\":{\"@id\":\"https:\/\/www.toshiba-storage.com\/hu\/contact\/#primaryimage\"},\"thumbnailUrl\":\"\",\"datePublished\":\"2017-10-15T12:28:35+00:00\",\"dateModified\":\"2025-12-03T07:50:38+00:00\",\"inLanguage\":\"hu-HU\",\"potentialAction\":[{\"@type\":\"ReadAction\",\"target\":[\"https:\/\/www.toshiba-storage.com\/hu\/contact\/\"]}]},{\"@type\":\"ImageObject\",\"inLanguage\":\"hu-HU\",\"@id\":\"https:\/\/www.toshiba-storage.com\/hu\/contact\/#primaryimage\",\"url\":\"\",\"contentUrl\":\"\",\"width\":2000,\"height\":1333},{\"@type\":\"WebSite\",\"@id\":\"https:\/\/www.toshiba-storage.com\/hu\/#website\",\"url\":\"https:\/\/www.toshiba-storage.com\/hu\/\",\"name\":\"Toshiba Storage Solutions \u2013 EMEA Region\",\"description\":\"Toshiba in Europe and Middle East Asia provides reliable and innovative storage solutions and internal and external HDDs \u2013for Laptops, PC, NAS, Surveillance and Enterprise.\",\"publisher\":{\"@id\":\"https:\/\/www.toshiba-storage.com\/hu\/#organization\"},\"potentialAction\":[{\"@type\":\"SearchAction\",\"target\":{\"@type\":\"EntryPoint\",\"urlTemplate\":\"https:\/\/www.toshiba-storage.com\/hu\/?s={search_term_string}\"},\"query-input\":{\"@type\":\"PropertyValueSpecification\",\"valueRequired\":true,\"valueName\":\"search_term_string\"}}],\"inLanguage\":\"hu-HU\"},{\"@type\":\"Organization\",\"@id\":\"https:\/\/www.toshiba-storage.com\/hu\/#organization\",\"name\":\"Toshiba Electronics Europe GmbH\",\"url\":\"https:\/\/www.toshiba-storage.com\/hu\/\",\"logo\":{\"@type\":\"ImageObject\",\"inLanguage\":\"hu-HU\",\"@id\":\"https:\/\/www.toshiba-storage.com\/hu\/#\/schema\/logo\/image\/\",\"url\":\"https:\/\/www.toshiba-storage.com\/wp\/wp-content\/uploads\/2024\/02\/toshiba-logo.png\",\"contentUrl\":\"https:\/\/www.toshiba-storage.com\/wp\/wp-content\/uploads\/2024\/02\/toshiba-logo.png\",\"width\":263,\"height\":40,\"caption\":\"Toshiba Electronics Europe GmbH\"},\"image\":{\"@id\":\"https:\/\/www.toshiba-storage.com\/hu\/#\/schema\/logo\/image\/\"},\"sameAs\":[\"https:\/\/www.facebook.com\/ToshibaStorageEU\/\",\"https:\/\/www.linkedin.com\/company\/toshiba-electronics-europe-gmbh\/?originalSubdomain=de\",\"https:\/\/www.youtube.com\/user\/ToshibaElectronics1\"]}]}<\/script>\n<!-- \/ Yoast SEO Premium plugin. -->","yoast_head_json":{"title":"Kapcsolat \u00e9s t\u00e1mogat\u00e1spdf - EMEA","robots":{"index":"index","follow":"follow","max-snippet":"max-snippet:-1","max-image-preview":"max-image-preview:large","max-video-preview":"max-video-preview:-1"},"canonical":"https:\/\/www.toshiba-storage.com\/hu\/contact\/","og_locale":"hu_HU","og_type":"article","og_title":"Kapcsolat \u00e9s t\u00e1mogat\u00e1spdf","og_description":"[vc_row][vc_column width=&#8221;1\/3&#8243;][vc_column_text]1. l\u00e9p\u00e9s: Milyen inform\u00e1ci\u00f3t keres?[\/vc_column_text][\/vc_column][vc_column width=&#8221;1\/3&#8243;][vc_column_text]2. l\u00e9p\u00e9s: K\u00e9rj\u00fck, ellen\u0151rizze, hogy az inform\u00e1ci\u00f3t megtal\u00e1lja-e ezen az oldalon, p\u00e9ld\u00e1ul a GYIK-ban, a term\u00e9karch\u00edvumban, az oktat\u00f3vide\u00f3kban stb.[\/vc_column_text][\/vc_column][vc_column width=&#8221;1\/3&#8243;][vc_column_text css=&#8221;&#8221;]3. l\u00e9p\u00e9s: Garanci\u00e1lis ig\u00e9nyek eset\u00e9n k\u00e9rj\u00fck, k\u00f6vesse az al\u00e1bbi linket. \u00c1ltal\u00e1nos k\u00e9rd\u00e9sekkel forduljon szervizk\u00f6zpontunkhoz. T\u00e1j\u00e9koz\u00f3djon a garanci\u00e1lis ig\u00e9nyekr\u0151l[\/vc_column_text][\/vc_column][\/vc_row][vc_row][vc_column][vc_column_text]Ha tov\u00e1bbi inform\u00e1ci\u00f3kra van sz\u00fcks\u00e9ge, k\u00e9rj\u00fck, h\u00edvja ingyenes \u00fcgyf\u00e9lszolg\u00e1lati telefonsz\u00e1munkat (csak angol &hellip;","og_url":"https:\/\/www.toshiba-storage.com\/hu\/contact\/","og_site_name":"EMEA","article_publisher":"https:\/\/www.facebook.com\/ToshibaStorageEU\/","article_modified_time":"2025-12-03T07:50:38+00:00","twitter_card":"summary_large_image","twitter_misc":{"Est. reading time":"1 minute"},"schema":{"@context":"https:\/\/schema.org","@graph":[{"@type":"WebPage","@id":"https:\/\/www.toshiba-storage.com\/hu\/contact\/","url":"https:\/\/www.toshiba-storage.com\/hu\/contact\/","name":"Kapcsolat \u00e9s t\u00e1mogat\u00e1spdf - EMEA","isPartOf":{"@id":"https:\/\/www.toshiba-storage.com\/hu\/#website"},"primaryImageOfPage":{"@id":"https:\/\/www.toshiba-storage.com\/hu\/contact\/#primaryimage"},"image":{"@id":"https:\/\/www.toshiba-storage.com\/hu\/contact\/#primaryimage"},"thumbnailUrl":"","datePublished":"2017-10-15T12:28:35+00:00","dateModified":"2025-12-03T07:50:38+00:00","inLanguage":"hu-HU","potentialAction":[{"@type":"ReadAction","target":["https:\/\/www.toshiba-storage.com\/hu\/contact\/"]}]},{"@type":"ImageObject","inLanguage":"hu-HU","@id":"https:\/\/www.toshiba-storage.com\/hu\/contact\/#primaryimage","url":"","contentUrl":"","width":2000,"height":1333},{"@type":"WebSite","@id":"https:\/\/www.toshiba-storage.com\/hu\/#website","url":"https:\/\/www.toshiba-storage.com\/hu\/","name":"Toshiba Storage Solutions \u2013 EMEA Region","description":"Toshiba in Europe and Middle East Asia provides reliable and innovative storage solutions and internal and external HDDs \u2013for Laptops, PC, NAS, Surveillance and Enterprise.","publisher":{"@id":"https:\/\/www.toshiba-storage.com\/hu\/#organization"},"potentialAction":[{"@type":"SearchAction","target":{"@type":"EntryPoint","urlTemplate":"https:\/\/www.toshiba-storage.com\/hu\/?s={search_term_string}"},"query-input":{"@type":"PropertyValueSpecification","valueRequired":true,"valueName":"search_term_string"}}],"inLanguage":"hu-HU"},{"@type":"Organization","@id":"https:\/\/www.toshiba-storage.com\/hu\/#organization","name":"Toshiba Electronics Europe GmbH","url":"https:\/\/www.toshiba-storage.com\/hu\/","logo":{"@type":"ImageObject","inLanguage":"hu-HU","@id":"https:\/\/www.toshiba-storage.com\/hu\/#\/schema\/logo\/image\/","url":"https:\/\/www.toshiba-storage.com\/wp\/wp-content\/uploads\/2024\/02\/toshiba-logo.png","contentUrl":"https:\/\/www.toshiba-storage.com\/wp\/wp-content\/uploads\/2024\/02\/toshiba-logo.png","width":263,"height":40,"caption":"Toshiba Electronics Europe GmbH"},"image":{"@id":"https:\/\/www.toshiba-storage.com\/hu\/#\/schema\/logo\/image\/"},"sameAs":["https:\/\/www.facebook.com\/ToshibaStorageEU\/","https:\/\/www.linkedin.com\/company\/toshiba-electronics-europe-gmbh\/?originalSubdomain=de","https:\/\/www.youtube.com\/user\/ToshibaElectronics1"]}]}},"_links":{"self":[{"href":"https:\/\/www.toshiba-storage.com\/hu\/wp-json\/wp\/v2\/pages\/10518","targetHints":{"allow":["GET"]}}],"collection":[{"href":"https:\/\/www.toshiba-storage.com\/hu\/wp-json\/wp\/v2\/pages"}],"about":[{"href":"https:\/\/www.toshiba-storage.com\/hu\/wp-json\/wp\/v2\/types\/page"}],"author":[{"embeddable":true,"href":"https:\/\/www.toshiba-storage.com\/hu\/wp-json\/wp\/v2\/users\/43"}],"replies":[{"embeddable":true,"href":"https:\/\/www.toshiba-storage.com\/hu\/wp-json\/wp\/v2\/comments?post=10518"}],"version-history":[{"count":0,"href":"https:\/\/www.toshiba-storage.com\/hu\/wp-json\/wp\/v2\/pages\/10518\/revisions"}],"wp:featuredmedia":[{"embeddable":true,"href":"https:\/\/www.toshiba-storage.com\/hu\/wp-json\/"}],"wp:attachment":[{"href":"https:\/\/www.toshiba-storage.com\/hu\/wp-json\/wp\/v2\/media?parent=10518"}],"curies":[{"name":"wp","href":"https:\/\/api.w.org\/{rel}","templated":true}]}}