{"id":65208,"date":"2025-11-18T15:55:20","date_gmt":"2025-11-18T14:55:20","guid":{"rendered":"https:\/\/www.toshiba-storage.com\/?page_id=65208"},"modified":"2025-11-18T16:23:43","modified_gmt":"2025-11-18T15:23:43","slug":"declaration-de-mission","status":"publish","type":"page","link":"https:\/\/www.toshiba-storage.com\/fr\/declaration-de-mission\/","title":{"rendered":"D\u00e9claration de mission"},"content":{"rendered":"<section class=\"section padding-top-md padding-bottom-md bg-white\">\n    <div class=\"container\">\n<div class=\"block block--text margin-bottom-md\">\n                            <div class=\"row\">\n            <div class=\"col-xs-12 col-md-8 col-md-push-2\">\n                                    <p style=\"text-align: center\">Dans un monde ax\u00e9 sur les donn\u00e9es, notre mission est claire : prot\u00e9ger les fondements num\u00e9riques de la vie moderne. Gr\u00e2ce \u00e0 une technologie HDD de pointe et \u00e0 une gamme compl\u00e8te de produits, nous veillons \u00e0 ce que les donn\u00e9es mondiales restent s\u00e9curis\u00e9es, accessibles et durables, aujourd&#8217;hui et pour les g\u00e9n\u00e9rations futures.<\/p>\n                                            <\/div>\n        <\/div>\n    <\/div>\n\n\n    <div class=\"row block block--video margin-bottom-md center-width\">\n        <div class=\"col-12 col-sm-10 col-lg-8 col-sm-offset-1 col-lg-offset-2\">\n                <div class=\"wp-block-embed is-type-video wp-embed-aspect-16-9 wp-has-aspect-ratio\">\n        <div class=\"wp-block-embed__wrapper\">\n                            <div class=\"BorlabsCookie _brlbs-cb-youtube\"><div class=\"_brlbs-content-blocker\"> <div class=\"_brlbs-embed _brlbs-video-youtube\"> <img class=\"_brlbs-thumbnail\" src=\"https:\/\/www.toshiba-storage.com\/wp\/wp-content\/plugins\/borlabs-cookie\/assets\/images\/cb-no-thumbnail.png\" alt=\"YouTube\"> <div class=\"_brlbs-caption\"> <p>By loading the video, you agree to YouTube's privacy policy.<br><a href=\"https:\/\/policies.google.com\/privacy?hl=en&gl=en\" target=\"_blank\" rel=\"nofollow noopener noreferrer\">Learn more<\/a><\/p> <p><a class=\"_brlbs-btn _brlbs-icon-play-white\" href=\"#\" data-borlabs-cookie-unblock role=\"button\">Load video<\/a><\/p> <p><label><input type=\"checkbox\" name=\"unblockAll\" value=\"1\" checked> <small>Always unblock YouTube<\/small><\/label><\/p> <\/div> <\/div> <\/div><div class=\"borlabs-hide\" data-borlabs-cookie-type=\"content-blocker\" data-borlabs-cookie-id=\"youtube\"><script type=\"text\/template\">PGlmcmFtZSBsb2FkaW5nPSJsYXp5IiB3aWR0aD0iNTI1IiBoZWlnaHQ9IjI5NSIgc3JjPSJodHRwczovL3d3dy55b3V0dWJlLW5vY29va2llLmNvbS9lbWJlZC9FTmZYMlhDWDVTaz9mZWF0dXJlPW9lbWJlZCYjMDM4O3JlbD0wIiBmcmFtZWJvcmRlcj0iMCIgYWxsb3c9ImFjY2VsZXJvbWV0ZXI7IGF1dG9wbGF5OyBjbGlwYm9hcmQtd3JpdGU7IGVuY3J5cHRlZC1tZWRpYTsgZ3lyb3Njb3BlOyBwaWN0dXJlLWluLXBpY3R1cmU7IHdlYi1zaGFyZSIgcmVmZXJyZXJwb2xpY3k9InN0cmljdC1vcmlnaW4td2hlbi1jcm9zcy1vcmlnaW4iIGFsbG93ZnVsbHNjcmVlbj0iIj48L2lmcmFtZT4=<\/script><\/div><\/div>\n                    <\/div>\n    <\/div>\n        <\/div>\n    <\/div>\n\n<\/div>\n<\/section>\n\n\n<section class=\"section padding-top-md padding-bottom-md bg-white\">\n    <div class=\"container container--wide\">\n<div class=\"block block--text-image block--text-image--text-image margin-bottom-md\">\n    <div class=\"row block--text-image__row\">\n        <div class=\"col-xs-12 col-md-5 block--text-image__text\">\n                                <h2 class=\"h2 align-left \">Disques durs pour l\u2019entreprise<\/h2>\n                                        <p>Nos produits de stockage pour l\u2019entreprise contribuent \u00e0 une soci\u00e9t\u00e9 connect\u00e9e num\u00e9riquement, car ils prot\u00e8gent les donn\u00e9es strat\u00e9giques. Nos connaissances exclusives de l\u2019ing\u00e9nierie des disques durs apportent \u00e0 nos clients et \u00e0 nos partenaires la qualit\u00e9 qu\u2019ils attendent.<\/p>\n<p>Notre priorit\u00e9 est r\u00e9solument ax\u00e9e sur les besoins des clients\u00a0: elle conditionne le d\u00e9veloppement de solutions permettant de relever les d\u00e9fis des entreprises \u00e0 la recherche de fonctionnalit\u00e9s avanc\u00e9es pour leurs charges de travail lourdes.<\/p>\n                                        <div class=\"block--button align-left\">\n                                                <a href=\"https:\/\/www.toshiba-storage.com\/fr\/products\/?product_category=enterprise-hard-drives\"         class=\"button button-default \"\n            >\n        En savoir plus            <\/a>\n                                    <\/div>\n                    <\/div>\n        <div class=\"col-xs-12 col-md-7 block--text-image__image block--text-image__image--full\">\n                                            <img decoding=\"async\" src=\"https:\/\/www.toshiba-storage.com\/wp\/wp-content\/uploads\/2025\/10\/mission-statement-teaser-enterprise-hdd.jpg\"\n            width=\"525\"            height=\"296\"            alt=\"Enterprise HDD\"\n            class=\"\"\n            loading=\"lazy\"        \/>\n                        <\/div>\n    <\/div>\n<\/div>\n\n\n<div class=\"block block--text-image block--text-image--image-text margin-bottom-md\">\n    <div class=\"row block--text-image__row\">\n        <div class=\"col-xs-12 col-md-5 block--text-image__text\">\n                                <h2 class=\"h2 align-left \">Disques durs de surveillance<\/h2>\n                                        <p>Nos produits de stockage de surveillance prot\u00e8gent la soci\u00e9t\u00e9 gr\u00e2ce \u00e0 une technologie fiable 24\u00a0heures sur 24 et 7\u00a0jours sur 7. Notre grande exp\u00e9rience de l\u2019ing\u00e9nierie des disques durs offre des solutions exceptionnelles adapt\u00e9es \u00e0 diff\u00e9rentes applications.<\/p>\n<p>Les normes de qualit\u00e9 les plus \u00e9lev\u00e9es garantissent des performances robustes, m\u00eame avec les charges de travail les plus lourdes. Notre passion pour le partenariat cr\u00e9e de la confiance dans toute la cha\u00eene de valeur.<\/p>\n                                        <div class=\"block--button align-left\">\n                                                <a href=\"https:\/\/www.toshiba-storage.com\/fr\/surveillance-solutions\/\"         class=\"button button-default \"\n            >\n        En savoir plus            <\/a>\n                                    <\/div>\n                    <\/div>\n        <div class=\"col-xs-12 col-md-7 block--text-image__image block--text-image__image--full\">\n                                            <img decoding=\"async\" src=\"https:\/\/www.toshiba-storage.com\/wp\/wp-content\/uploads\/2025\/10\/Toshiba_Mission_Bild4-2-1024x576.jpg\"\n            width=\"525\"            height=\"295\"            alt=\"\"\n            class=\"\"\n            loading=\"lazy\"        \/>\n                        <\/div>\n    <\/div>\n<\/div>\n\n\n<div class=\"block block--text-image block--text-image--text-image margin-bottom-md\">\n    <div class=\"row block--text-image__row\">\n        <div class=\"col-xs-12 col-md-5 block--text-image__text\">\n                                <h2 class=\"h2 align-left \">Disques durs pour NAS<\/h2>\n                                        <p>Nos disques durs pour NAS permettent aux utilisateurs de stocker en toute confiance leurs donn\u00e9es en r\u00e9seau et de les g\u00e9rer localement. Notre expertise de l\u2019ing\u00e9nierie offre des solutions innovantes et adapt\u00e9es aux besoins r\u00e9els.<\/p>\n<p>Notre historique de qualit\u00e9 est un gage de confiance pour les clients lorsqu\u2019il s\u2019agit de stocker les donn\u00e9es les plus importantes. Les relations \u00e9troites que nous entretenons avec les fournisseurs de NAS garantissent une compatibilit\u00e9 totale.<\/p>\n                                        <div class=\"block--button align-left\">\n                                                <a href=\"https:\/\/www.toshiba-storage.com\/fr\/products\/?product_category=nas-hard-drives\"         class=\"button button-default \"\n            >\n        En savoir plus            <\/a>\n                                    <\/div>\n                    <\/div>\n        <div class=\"col-xs-12 col-md-7 block--text-image__image block--text-image__image--full\">\n                                            <img decoding=\"async\" src=\"https:\/\/www.toshiba-storage.com\/wp\/wp-content\/uploads\/2025\/10\/mission-statement-teaser-nas-hdd.jpg\"\n            width=\"525\"            height=\"296\"            alt=\"NAS HDD\"\n            class=\"\"\n            loading=\"lazy\"        \/>\n                        <\/div>\n    <\/div>\n<\/div>\n\n\n<div class=\"block block--text-image block--text-image--image-text margin-bottom-md\">\n    <div class=\"row block--text-image__row\">\n        <div class=\"col-xs-12 col-md-5 block--text-image__text\">\n                                <h2 class=\"h2 align-left \">Stockage personnel<\/h2>\n                                        <p>Nos produits de stockage personnel permettent aux utilisateurs de stocker facilement leurs donn\u00e9es personnelles en toute confiance. Nos clients nous font confiance, car nous sommes anim\u00e9s par notre passion pour la qualit\u00e9 et proposons des solutions fiables.<\/p>\n<p>Nous faisons appel \u00e0 notre expertise en mati\u00e8re d\u2019ing\u00e9nierie pour cr\u00e9er des solutions sp\u00e9cifiquement adapt\u00e9es aux exigences des clients. Nous d\u00e9ployons toutes les mesures n\u00e9cessaires pour \u00e9tablir des partenariats de longue dur\u00e9e avec les revendeurs.<\/p>\n                                        <div class=\"block--button align-left\">\n                                                <a href=\"https:\/\/www.toshiba-storage.com\/fr\/external-hard-drives\/\"         class=\"button button-default \"\n            >\n        En savoir plus            <\/a>\n                                    <\/div>\n                    <\/div>\n        <div class=\"col-xs-12 col-md-7 block--text-image__image block--text-image__image--full\">\n                                            <img decoding=\"async\" src=\"https:\/\/www.toshiba-storage.com\/wp\/wp-content\/uploads\/2025\/10\/mission-statement-teaser-personal-storage.jpg\"\n            width=\"525\"            height=\"296\"            alt=\"Personal Storage\"\n            class=\"\"\n            loading=\"lazy\"        \/>\n                        <\/div>\n    <\/div>\n<\/div>\n\n<\/div>\n<\/section>\n\n\n<section class=\"section padding-top-md padding-bottom-md bg-light-grey\">\n    <div class=\"container\">\n<div class=\"block block--text margin-bottom-md\">\n                <h2 class=\"h2 align-center \">Concept de packaging Toshiba<\/h2>\n                <div class=\"row\">\n            <div class=\"col-xs-12 col-md-8 col-md-push-2\">\n                                    <p style=\"text-align: center\">La gamme Toshiba des produits de stockage personnel est clairement organis\u00e9e<br \/>\nen fonction des crit\u00e8res de performances et des fonctionnalit\u00e9s. Gr\u00e2ce au codage couleur et au guide d\u2019achat, les clients savent imm\u00e9diatement quels sont les produits r\u00e9pondant le mieux \u00e0 leurs besoins.<\/p>\n                                            <\/div>\n        <\/div>\n    <\/div>\n\n\n<div class=\"block block--feature-grid margin-bottom-md\">\n    <div class=\"row block--feature-grid__row\">\n                                <div class=\"col-xs-12 col-sm-6 block--feature-grid__item\">\n                                                    <img decoding=\"async\" src=\"https:\/\/www.toshiba-storage.com\/wp\/wp-content\/uploads\/2020\/08\/Shopping_Guide_Specialty_100x59.png\"\n            width=\"100\"            height=\"59\"            alt=\"Toshiba Premium\"\n            class=\"\"\n            loading=\"lazy\"        \/>\n                                                        <p><strong>Specialty<\/strong><\/p>\n                                                    <p>La gamme de produits Toshiba Specialty est con\u00e7ue pour les utilisateurs ayant des exigences de stockage particuli\u00e8res.<\/p>\n                                            <\/div>\n                                <div class=\"col-xs-12 col-sm-6 block--feature-grid__item\">\n                                                    <img decoding=\"async\" src=\"https:\/\/www.toshiba-storage.com\/wp\/wp-content\/uploads\/2020\/08\/Shopping_Guide_Premium_100x59.png\"\n            width=\"100\"            height=\"59\"            alt=\"Toshiba Premium\"\n            class=\"\"\n            loading=\"lazy\"        \/>\n                                                        <p><strong>Premium<\/strong><\/p>\n                                                    <p>Ces produits Toshiba sont destin\u00e9s aux utilisateurs qui recherchent l\u2019\u00e9l\u00e9gance, la fiabilit\u00e9 absolue et d\u2019autres fonctions sophistiqu\u00e9es. Stockage Toshiba illimit\u00e9.<\/p>\n                                            <\/div>\n                                <div class=\"col-xs-12 col-sm-6 block--feature-grid__item\">\n                                                    <img decoding=\"async\" src=\"https:\/\/www.toshiba-storage.com\/wp\/wp-content\/uploads\/2020\/08\/Shopping_Guide_Advanced_100x59.png\"\n            width=\"100\"            height=\"59\"            alt=\"Toshiba Advanced\"\n            class=\"\"\n            loading=\"lazy\"        \/>\n                                                        <p><strong>Advanced<\/strong><\/p>\n                                                    <p>Les produits de stockage Advanced sont destin\u00e9s aux utilisateurs exp\u00e9riment\u00e9s. Ils fournissent une qualit\u00e9 \u00e9lev\u00e9e, de grandes vitesses de fonctionnement et d\u2019autres fonctions importantes dans un bo\u00eetier de conception moderne.<\/p>\n                                            <\/div>\n                                <div class=\"col-xs-12 col-sm-6 block--feature-grid__item\">\n                                                    <img decoding=\"async\" src=\"https:\/\/www.toshiba-storage.com\/wp\/wp-content\/uploads\/2020\/08\/Shopping_Guide_Standard.png\"\n            width=\"100\"            height=\"59\"            alt=\"Toshiba Standard\"\n            class=\"\"\n            loading=\"lazy\"        \/>\n                                                        <p><strong>Standard<\/strong><\/p>\n                                                    <p>Cette gamme de produits est destin\u00e9e aux utilisateurs qui recherchent la meilleure qualit\u00e9, la fiabilit\u00e9 et des fonctionnalit\u00e9s essentielles.<\/p>\n                                            <\/div>\n            <\/div>\n<\/div>\n\n<\/div>\n<\/section>\n\n\n\n<p><\/p>\n","protected":false},"excerpt":{"rendered":"","protected":false},"author":41,"featured_media":0,"parent":0,"menu_order":0,"comment_status":"closed","ping_status":"closed","template":"page-content-sections.php","meta":{"_acf_changed":false,"footnotes":""},"class_list":["post-65208","page","type-page","status-publish","hentry"],"acf":[],"yoast_head":"<!-- This site is optimized with the Yoast SEO Premium plugin v27.3 (Yoast SEO v27.3) - https:\/\/yoast.com\/product\/yoast-seo-premium-wordpress\/ -->\n<title>D\u00e9claration de mission - EMEA<\/title>\n<meta name=\"robots\" content=\"index, follow, max-snippet:-1, max-image-preview:large, max-video-preview:-1\" \/>\n<link rel=\"canonical\" href=\"https:\/\/www.toshiba-storage.com\/fr\/declaration-de-mission\/\" \/>\n<meta property=\"og:locale\" content=\"fr_FR\" \/>\n<meta property=\"og:type\" content=\"article\" \/>\n<meta property=\"og:title\" content=\"D\u00e9claration de mission\" \/>\n<meta property=\"og:url\" content=\"https:\/\/www.toshiba-storage.com\/fr\/declaration-de-mission\/\" \/>\n<meta property=\"og:site_name\" content=\"EMEA\" \/>\n<meta property=\"article:publisher\" content=\"https:\/\/www.facebook.com\/ToshibaStorageEU\/\" \/>\n<meta property=\"article:modified_time\" content=\"2025-11-18T15:23:43+00:00\" \/>\n<meta name=\"twitter:card\" content=\"summary_large_image\" \/>\n<script type=\"application\/ld+json\" class=\"yoast-schema-graph\">{\"@context\":\"https:\\\/\\\/schema.org\",\"@graph\":[{\"@type\":\"WebPage\",\"@id\":\"https:\\\/\\\/www.toshiba-storage.com\\\/fr\\\/declaration-de-mission\\\/\",\"url\":\"https:\\\/\\\/www.toshiba-storage.com\\\/fr\\\/declaration-de-mission\\\/\",\"name\":\"D\u00e9claration de mission - EMEA\",\"isPartOf\":{\"@id\":\"https:\\\/\\\/www.toshiba-storage.com\\\/fr\\\/#website\"},\"datePublished\":\"2025-11-18T14:55:20+00:00\",\"dateModified\":\"2025-11-18T15:23:43+00:00\",\"inLanguage\":\"fr-FR\",\"potentialAction\":[{\"@type\":\"ReadAction\",\"target\":[\"https:\\\/\\\/www.toshiba-storage.com\\\/fr\\\/declaration-de-mission\\\/\"]}]},{\"@type\":\"WebSite\",\"@id\":\"https:\\\/\\\/www.toshiba-storage.com\\\/fr\\\/#website\",\"url\":\"https:\\\/\\\/www.toshiba-storage.com\\\/fr\\\/\",\"name\":\"Toshiba Storage Solutions \u2013 EMEA Region\",\"description\":\"Toshiba in Europe and Middle East Asia provides reliable and innovative storage solutions and internal and external HDDs \u2013for Laptops, PC, NAS, Surveillance and Enterprise.\",\"publisher\":{\"@id\":\"https:\\\/\\\/www.toshiba-storage.com\\\/fr\\\/#organization\"},\"potentialAction\":[{\"@type\":\"SearchAction\",\"target\":{\"@type\":\"EntryPoint\",\"urlTemplate\":\"https:\\\/\\\/www.toshiba-storage.com\\\/fr\\\/?s={search_term_string}\"},\"query-input\":{\"@type\":\"PropertyValueSpecification\",\"valueRequired\":true,\"valueName\":\"search_term_string\"}}],\"inLanguage\":\"fr-FR\"},{\"@type\":\"Organization\",\"@id\":\"https:\\\/\\\/www.toshiba-storage.com\\\/fr\\\/#organization\",\"name\":\"Toshiba Electronics Europe GmbH\",\"url\":\"https:\\\/\\\/www.toshiba-storage.com\\\/fr\\\/\",\"logo\":{\"@type\":\"ImageObject\",\"inLanguage\":\"fr-FR\",\"@id\":\"https:\\\/\\\/www.toshiba-storage.com\\\/fr\\\/#\\\/schema\\\/logo\\\/image\\\/\",\"url\":\"https:\\\/\\\/www.toshiba-storage.com\\\/wp\\\/wp-content\\\/uploads\\\/2024\\\/02\\\/toshiba-logo.png\",\"contentUrl\":\"https:\\\/\\\/www.toshiba-storage.com\\\/wp\\\/wp-content\\\/uploads\\\/2024\\\/02\\\/toshiba-logo.png\",\"width\":263,\"height\":40,\"caption\":\"Toshiba Electronics Europe GmbH\"},\"image\":{\"@id\":\"https:\\\/\\\/www.toshiba-storage.com\\\/fr\\\/#\\\/schema\\\/logo\\\/image\\\/\"},\"sameAs\":[\"https:\\\/\\\/www.facebook.com\\\/ToshibaStorageEU\\\/\",\"https:\\\/\\\/www.linkedin.com\\\/company\\\/toshiba-electronics-europe-gmbh\\\/?originalSubdomain=de\",\"https:\\\/\\\/www.youtube.com\\\/user\\\/ToshibaElectronics1\"]}]}<\/script>\n<!-- \/ Yoast SEO Premium plugin. -->","yoast_head_json":{"title":"D\u00e9claration de mission - EMEA","robots":{"index":"index","follow":"follow","max-snippet":"max-snippet:-1","max-image-preview":"max-image-preview:large","max-video-preview":"max-video-preview:-1"},"canonical":"https:\/\/www.toshiba-storage.com\/fr\/declaration-de-mission\/","og_locale":"fr_FR","og_type":"article","og_title":"D\u00e9claration de mission","og_url":"https:\/\/www.toshiba-storage.com\/fr\/declaration-de-mission\/","og_site_name":"EMEA","article_publisher":"https:\/\/www.facebook.com\/ToshibaStorageEU\/","article_modified_time":"2025-11-18T15:23:43+00:00","twitter_card":"summary_large_image","schema":{"@context":"https:\/\/schema.org","@graph":[{"@type":"WebPage","@id":"https:\/\/www.toshiba-storage.com\/fr\/declaration-de-mission\/","url":"https:\/\/www.toshiba-storage.com\/fr\/declaration-de-mission\/","name":"D\u00e9claration de mission - EMEA","isPartOf":{"@id":"https:\/\/www.toshiba-storage.com\/fr\/#website"},"datePublished":"2025-11-18T14:55:20+00:00","dateModified":"2025-11-18T15:23:43+00:00","inLanguage":"fr-FR","potentialAction":[{"@type":"ReadAction","target":["https:\/\/www.toshiba-storage.com\/fr\/declaration-de-mission\/"]}]},{"@type":"WebSite","@id":"https:\/\/www.toshiba-storage.com\/fr\/#website","url":"https:\/\/www.toshiba-storage.com\/fr\/","name":"Toshiba Storage Solutions \u2013 EMEA Region","description":"Toshiba in Europe and Middle East Asia provides reliable and innovative storage solutions and internal and external HDDs \u2013for Laptops, PC, NAS, Surveillance and Enterprise.","publisher":{"@id":"https:\/\/www.toshiba-storage.com\/fr\/#organization"},"potentialAction":[{"@type":"SearchAction","target":{"@type":"EntryPoint","urlTemplate":"https:\/\/www.toshiba-storage.com\/fr\/?s={search_term_string}"},"query-input":{"@type":"PropertyValueSpecification","valueRequired":true,"valueName":"search_term_string"}}],"inLanguage":"fr-FR"},{"@type":"Organization","@id":"https:\/\/www.toshiba-storage.com\/fr\/#organization","name":"Toshiba Electronics Europe GmbH","url":"https:\/\/www.toshiba-storage.com\/fr\/","logo":{"@type":"ImageObject","inLanguage":"fr-FR","@id":"https:\/\/www.toshiba-storage.com\/fr\/#\/schema\/logo\/image\/","url":"https:\/\/www.toshiba-storage.com\/wp\/wp-content\/uploads\/2024\/02\/toshiba-logo.png","contentUrl":"https:\/\/www.toshiba-storage.com\/wp\/wp-content\/uploads\/2024\/02\/toshiba-logo.png","width":263,"height":40,"caption":"Toshiba Electronics Europe GmbH"},"image":{"@id":"https:\/\/www.toshiba-storage.com\/fr\/#\/schema\/logo\/image\/"},"sameAs":["https:\/\/www.facebook.com\/ToshibaStorageEU\/","https:\/\/www.linkedin.com\/company\/toshiba-electronics-europe-gmbh\/?originalSubdomain=de","https:\/\/www.youtube.com\/user\/ToshibaElectronics1"]}]}},"_links":{"self":[{"href":"https:\/\/www.toshiba-storage.com\/fr\/wp-json\/wp\/v2\/pages\/65208","targetHints":{"allow":["GET"]}}],"collection":[{"href":"https:\/\/www.toshiba-storage.com\/fr\/wp-json\/wp\/v2\/pages"}],"about":[{"href":"https:\/\/www.toshiba-storage.com\/fr\/wp-json\/wp\/v2\/types\/page"}],"author":[{"embeddable":true,"href":"https:\/\/www.toshiba-storage.com\/fr\/wp-json\/wp\/v2\/users\/41"}],"replies":[{"embeddable":true,"href":"https:\/\/www.toshiba-storage.com\/fr\/wp-json\/wp\/v2\/comments?post=65208"}],"version-history":[{"count":0,"href":"https:\/\/www.toshiba-storage.com\/fr\/wp-json\/wp\/v2\/pages\/65208\/revisions"}],"wp:attachment":[{"href":"https:\/\/www.toshiba-storage.com\/fr\/wp-json\/wp\/v2\/media?parent=65208"}],"curies":[{"name":"wp","href":"https:\/\/api.w.org\/{rel}","templated":true}]}}