{"id":63057,"date":"2025-08-05T15:23:23","date_gmt":"2025-08-05T13:23:23","guid":{"rendered":"https:\/\/www.toshiba-storage.com\/?page_id=63057"},"modified":"2025-09-04T11:27:43","modified_gmt":"2025-09-04T09:27:43","slug":"declaration-daccessibilite","status":"publish","type":"page","link":"https:\/\/www.toshiba-storage.com\/fr\/declaration-daccessibilite\/","title":{"rendered":"D\u00e9claration d\u2019accessibilit\u00e9"},"content":{"rendered":"<div class=\"wpb-content-wrapper\"><p>[vc_row][vc_column][vc_column_text css=&#8221;&#8221;]<\/p>\n<h3><strong>Introduction<\/strong><\/h3>\n<p>Nous, Toshiba\u00a0Electronics\u00a0Europe\u00a0GmbH, nous engageons \u00e0 garantir que notre site Web est accessible \u00e0 tous, y compris les utilisateurs en situation de handicap. Nous nous employons \u00e0 respecter, voire \u00e0 d\u00e9passer, les attentes \u00e9nonc\u00e9es dans les directives <strong>WCAG<\/strong> <strong>(Web Content Accessibility Guidelines)\u00a02.1, niveau\u00a0AA <\/strong>relative \u00e0 l\u2019accessibilit\u00e9 des contenus Web, et \u00e0 nous conformer \u00e0 la <strong>loi allemande sur l\u2019am\u00e9lioration de l\u2019accessibilit\u00e9<\/strong> (<strong>Barrierefreiheitsst\u00e4rkungsgesetz, BFSG) et \u00e0 la Directive (UE) 2019\/882 relative aux exigences en mati\u00e8re d\u2019accessibilit\u00e9 applicables aux produits et services (Directive europ\u00e9enne sur l\u2019accessibilit\u00e9)<\/strong>.<\/p>\n<p>Cette d\u00e9claration d\u2019accessibilit\u00e9 s\u2019applique \u00e0 ce site\u00a0:<br \/>\nwww.toshiba-storage.com<\/p>\n<h3><strong>Description g\u00e9n\u00e9rale des services num\u00e9riques<\/strong><\/h3>\n<p><strong>Formulaire de contact \u2013 Laboratoire d\u2019innovation sur les disques durs<\/strong><\/p>\n<p>Le formulaire de contact \u2013 Laboratoire d\u2019innovation sur les disques durs est un outil Web qui permet aux visiteurs du site Web d\u2019envoyer des messages ou des questions \u00e0 Toshiba\u00a0Electronics\u00a0Europe\u00a0GmbH sans avoir \u00e0 utiliser la messagerie traditionnelle ni d\u2019autres m\u00e9thodes.\u00a0Il comprend les champs suivants\u00a0:<\/p>\n<ul>\n<li>Nom*<\/li>\n<li>Entreprise*<\/li>\n<li>Adresse e-mail*<\/li>\n<li>Message*<\/li>\n<\/ul>\n<p>* Ces informations sont obligatoires<\/p>\n<p>Les messages re\u00e7us sont transmis \u00e0 l\u2019adresse e-mail suivante\u00a0: <a href=\"mailto:HDDSupport@tee.toshiba.de\">HDDSupport@tee.toshiba.de<\/a>.<\/p>\n<p><strong>Formulaire de contact &#8211; Assistance<\/strong><\/p>\n<p>Le formulaire de contact \u2013 Assistance est un outil Web qui permet aux visiteurs du site Web d\u2019envoyer des messages ou des questions \u00e0 Toshiba\u00a0Electronics\u00a0Europe\u00a0GmbH sans avoir \u00e0 utiliser la messagerie traditionnelle ni d\u2019autres m\u00e9thodes.\u00a0Il comprend les champs suivants\u00a0:<\/p>\n<ul>\n<li>Nom*<\/li>\n<li>Adresse e-mail*<\/li>\n<li>Adresse postale<\/li>\n<li>Cat\u00e9gorie de produit<\/li>\n<li>Sujet<\/li>\n<li>Commentaire ou message*<\/li>\n<\/ul>\n<p>* Ces informations sont obligatoires<\/p>\n<p>Les messages re\u00e7us sont transmis \u00e0 l\u2019adresse e-mail suivante\u00a0: <a href=\"mailto:HDDSupport@tee.toshiba.de\">HDDSupport@tee.toshiba.de<\/a>.<\/p>\n<p><strong>Service de r\u00e9cup\u00e9ration des donn\u00e9es<\/strong><\/p>\n<p>Les fournisseurs externes de service de r\u00e9cup\u00e9ration des donn\u00e9es sont sp\u00e9cialis\u00e9s dans la r\u00e9cup\u00e9ration des donn\u00e9es perdues, supprim\u00e9es ou corrompues depuis des p\u00e9riph\u00e9riques de stockage tels que les disques durs.\u00a0Ces services emploient des techniques et des outils sp\u00e9cialis\u00e9s pour r\u00e9cup\u00e9rer des donn\u00e9es qui pourraient \u00eatre inaccessibles en raison de d\u00e9faillances mat\u00e9rielles ou logicielles.\u00a0La r\u00e9cup\u00e9ration des donn\u00e9es peut porter sur la r\u00e9cup\u00e9ration de fichiers supprim\u00e9s par accident ou sur la restauration de donn\u00e9es stock\u00e9es sur des p\u00e9riph\u00e9riques gravement endommag\u00e9s. Depuis le site Web <a href=\"https:\/\/www.toshiba-storage.com\/data-recovery\/\">R\u00e9cup\u00e9ration des donn\u00e9es &#8211; EMEA<\/a>, les visiteurs sont redirig\u00e9s vers des fournisseurs de services externes qui proposent des services de r\u00e9cup\u00e9ration des donn\u00e9es.<\/p>\n<p><strong>Gestionnaire de garanties<\/strong><\/p>\n<p>Toshiba\u00a0Electronics\u00a0Europe\u00a0GmbH utilise le gestionnaire de garanties externe StorRepair\u00a0GmbH qui a la responsabilit\u00e9 de g\u00e9rer et de traiter les r\u00e9clamations au titre de la garantie afin de s\u2019assurer que les clients b\u00e9n\u00e9ficient de l\u2019assistance appropri\u00e9e en cas de produits d\u00e9fectueux.\u00a0Il peut s\u2019agir de l\u2019examen des r\u00e9clamations, de la validation des informations et de la coordination avec diff\u00e9rentes parties dans l\u2019objectif de r\u00e9soudre les probl\u00e8mes.<\/p>\n<p>Depuis le site Web <a href=\"https:\/\/www.toshiba-storage.com\/warranty-claims\/\">Garantie &#8211; EMEA<\/a>, les visiteurs sont redirig\u00e9s vers le portail des services externes de <a href=\"https:\/\/www.storrepair.com\/toshiba_products\/\">StorRepair\u00a0GmbH<\/a>.<\/p>\n<p><strong>Revendeurs et distributeurs <\/strong><\/p>\n<p>Cette page permet aux clients de trouver des revendeurs et des distributeurs aupr\u00e8s desquels ils peuvent acheter un produit qui les int\u00e9resse. Les visiteurs du site Web peuvent choisir leur pays, ainsi que la cat\u00e9gorie revendeur ou distributeur, et ils obtiendront la liste des marketplaces correspondant \u00e0 leur recherche.\u00a0Il leur suffit de cliquer sur un logo pour acc\u00e9der au site Web du fournisseur externe correspondant qui vend nos produits.<\/p>\n<h3><strong>\u00a0<\/strong><strong>Normes d\u2019accessibilit\u00e9 en vigueur<\/strong><\/h3>\n<p>Le pr\u00e9sent site Web est conforme aux exigences\u00a0:<\/p>\n<ul>\n<li><strong><strong>des directives WCAG\u00a02.1, niveau\u00a0AA et<\/strong><\/strong><\/li>\n<li>d\u2019autres lois en vigueur, notamment la <strong>loi allemande sur l\u2019am\u00e9lioration de l\u2019accessibilit\u00e9<\/strong>, en particulier l\u2019article 14 de la loi BFSG et l\u2019article 3 paragraphe 1 de la loi BFSG, ainsi que la r\u00e9glementation correspondante de la loi sur l\u2019am\u00e9lioration de l\u2019accessibilit\u00e9 (Verordnung zum Barrierefreiheitsst\u00e4rkungsgesetz, BFSGV).<\/li>\n<\/ul>\n<h3><strong>Mesures visant \u00e0 garantir l\u2019accessibilit\u00e9<\/strong><\/h3>\n<p>Pour promouvoir l\u2019accessibilit\u00e9\u00a0:<\/p>\n<ul>\n<li>Nous fournissons un texte alternatif pour les images.<\/li>\n<li>Nous utilisons un syst\u00e8me de navigation clair et coh\u00e9rent.<\/li>\n<li>Nous veillons \u00e0 ce que les \u00e9l\u00e9ments interactifs soient accessibles par la navigation au clavier.<\/li>\n<li>Nous prenons en charge les lecteurs d\u2019\u00e9cran et d\u2019autres technologies d\u2019assistance.<\/li>\n<li>Nous utilisons un contraste de couleurs suffisant pour la lisibilit\u00e9.<\/li>\n<li>Nous fournissons des sous-titres ou des transcriptions pour les contenus multim\u00e9dias.<\/li>\n<\/ul>\n<h3><strong>Technologies d\u2019assistance<\/strong><\/h3>\n<p>Notre site Web est con\u00e7u pour \u00eatre compatible avec les principales technologies d\u2019assistance, notamment\u00a0:<\/p>\n<ul>\n<li>Lecteurs d\u2019\u00e9cran (par exemple, JAWS, NVDA)<\/li>\n<li>Logiciel de reconnaissance vocale<\/li>\n<li>Amplificateurs d\u2019\u00e9cran<\/li>\n<li>Dispositifs de saisie alternatifs<\/li>\n<\/ul>\n<h3><strong>Am\u00e9liorations en cours<\/strong><\/h3>\n<p>Nous travaillons en permanence \u00e0 l\u2019am\u00e9lioration de l\u2019accessibilit\u00e9 de notre site Web. Notre \u00e9quipe teste le site r\u00e9guli\u00e8rement, prend conseil aupr\u00e8s d\u2019experts et prend en compte leurs commentaires pour garantir en permanence sa conformit\u00e9 et sa facilit\u00e9 d\u2019utilisation.<\/p>\n<h3><strong>Commentaires et coordonn\u00e9es<\/strong><\/h3>\n<p>Si vous rencontrez des probl\u00e8mes d\u2019accessibilit\u00e9 ou avez besoin de contenus sous un autre format, veuillez nous contacter\u00a0:<\/p>\n<p><strong>Toshiba Electronics Europe GmbH<\/strong><\/p>\n<p>Hansaallee 181<\/p>\n<p>40549 D\u00fcsseldorf<\/p>\n<p>Allemagne<\/p>\n<p>T\u00e9l\u00e9phone\u00a0: +49 (0) 211 5296-0<\/p>\n<p>Adresse e-mail\u00a0:\u00a0info@toshiba-storage.com<\/p>\n<p>Directeur g\u00e9n\u00e9ral\u00a0: Peter\u00a0Lieberwirth<br \/>\nRegistre du commerce\u00a0: D\u00fcsseldorf HRB 22487<br \/>\nNum\u00e9ro d&#8217;identification TVA\u00a0: DE811207415<\/p>\n<p><strong>Autorit\u00e9 publique charg\u00e9e de la surveillance du march\u00e9<\/strong><\/p>\n<p>Vous avez \u00e9galement le droit de contacter l\u2019autorit\u00e9 publique charg\u00e9e de la surveillance du march\u00e9 qui vous accompagnera pour faire valoir vos droits (s\u2019applique uniquement \u00e0 l\u2019Allemagne)\u00a0:<\/p>\n<p>Markt\u00fcberwachungsstelle der L\u00e4nder f\u00fcr die Barrierefreiheit von Produkten und Dienstleistungen<\/p>\n<p>c\/o Ministerium f\u00fcr Arbeit, Soziales, Gesundheit und Gleichstellung Sachsen-Anhalt<br \/>\nPostfach 39 11 55<br \/>\n39135 Magdeburg<\/p>\n<p>T\u00e9l\u00e9phone\u00a0:\u00a00391 567 6970<br \/>\nAdresse e-mail\u00a0:\u00a0<a href=\"https:\/\/ms.sachsen-anhalt.de\/themen\/menschen-mit-behinderungen\/aktuelles\/marktueberwachungsstelle-der-laender-fuer-die-barrierefreiheit-von-produkten-und-dienstleistungen\">MLBF(at)ms.sachsen-\u200banhalt.de<\/a>.[\/vc_column_text][\/vc_column][\/vc_row]<\/p>\n<\/div>","protected":false},"excerpt":{"rendered":"<p>[vc_row][vc_column][vc_column_text css=&#8221;&#8221;] Introduction Nous, Toshiba\u00a0Electronics\u00a0Europe\u00a0GmbH, nous engageons \u00e0 garantir que notre site Web est accessible \u00e0 tous, y compris les utilisateurs en situation de handicap. Nous nous employons \u00e0 respecter, voire \u00e0 d\u00e9passer, les attentes \u00e9nonc\u00e9es dans les directives WCAG (Web Content Accessibility Guidelines)\u00a02.1, niveau\u00a0AA relative \u00e0 l\u2019accessibilit\u00e9 des contenus Web, et \u00e0 nous conformer &hellip;<\/p>\n","protected":false},"author":41,"featured_media":0,"parent":0,"menu_order":0,"comment_status":"closed","ping_status":"closed","template":"page-legal.php","meta":{"_acf_changed":false,"footnotes":""},"class_list":["post-63057","page","type-page","status-publish","hentry"],"acf":[],"yoast_head":"<!-- This site is optimized with the Yoast SEO Premium plugin v27.3 (Yoast SEO v27.3) - https:\/\/yoast.com\/product\/yoast-seo-premium-wordpress\/ -->\n<title>D\u00e9claration d\u2019accessibilit\u00e9 - EMEA<\/title>\n<meta name=\"robots\" content=\"index, follow, max-snippet:-1, max-image-preview:large, max-video-preview:-1\" \/>\n<link rel=\"canonical\" href=\"https:\/\/www.toshiba-storage.com\/fr\/declaration-daccessibilite\/\" \/>\n<meta property=\"og:locale\" content=\"fr_FR\" \/>\n<meta property=\"og:type\" content=\"article\" \/>\n<meta property=\"og:title\" content=\"D\u00e9claration d\u2019accessibilit\u00e9\" \/>\n<meta property=\"og:description\" content=\"[vc_row][vc_column][vc_column_text css=&#8221;&#8221;] Introduction Nous, Toshiba\u00a0Electronics\u00a0Europe\u00a0GmbH, nous engageons \u00e0 garantir que notre site Web est accessible \u00e0 tous, y compris les utilisateurs en situation de handicap. Nous nous employons \u00e0 respecter, voire \u00e0 d\u00e9passer, les attentes \u00e9nonc\u00e9es dans les directives WCAG (Web Content Accessibility Guidelines)\u00a02.1, niveau\u00a0AA relative \u00e0 l\u2019accessibilit\u00e9 des contenus Web, et \u00e0 nous conformer &hellip;\" \/>\n<meta property=\"og:url\" content=\"https:\/\/www.toshiba-storage.com\/fr\/declaration-daccessibilite\/\" \/>\n<meta property=\"og:site_name\" content=\"EMEA\" \/>\n<meta property=\"article:publisher\" content=\"https:\/\/www.facebook.com\/ToshibaStorageEU\/\" \/>\n<meta property=\"article:modified_time\" content=\"2025-09-04T09:27:43+00:00\" \/>\n<meta name=\"twitter:card\" content=\"summary_large_image\" \/>\n<meta name=\"twitter:label1\" content=\"Est. reading time\" \/>\n\t<meta name=\"twitter:data1\" content=\"4 minutes\" \/>\n<script type=\"application\/ld+json\" class=\"yoast-schema-graph\">{\"@context\":\"https:\\\/\\\/schema.org\",\"@graph\":[{\"@type\":\"WebPage\",\"@id\":\"https:\\\/\\\/www.toshiba-storage.com\\\/fr\\\/declaration-daccessibilite\\\/\",\"url\":\"https:\\\/\\\/www.toshiba-storage.com\\\/fr\\\/declaration-daccessibilite\\\/\",\"name\":\"D\u00e9claration d\u2019accessibilit\u00e9 - EMEA\",\"isPartOf\":{\"@id\":\"https:\\\/\\\/www.toshiba-storage.com\\\/fr\\\/#website\"},\"datePublished\":\"2025-08-05T13:23:23+00:00\",\"dateModified\":\"2025-09-04T09:27:43+00:00\",\"inLanguage\":\"fr-FR\",\"potentialAction\":[{\"@type\":\"ReadAction\",\"target\":[\"https:\\\/\\\/www.toshiba-storage.com\\\/fr\\\/declaration-daccessibilite\\\/\"]}]},{\"@type\":\"WebSite\",\"@id\":\"https:\\\/\\\/www.toshiba-storage.com\\\/fr\\\/#website\",\"url\":\"https:\\\/\\\/www.toshiba-storage.com\\\/fr\\\/\",\"name\":\"Toshiba Storage Solutions \u2013 EMEA Region\",\"description\":\"Toshiba in Europe and Middle East Asia provides reliable and innovative storage solutions and internal and external HDDs \u2013for Laptops, PC, NAS, Surveillance and Enterprise.\",\"publisher\":{\"@id\":\"https:\\\/\\\/www.toshiba-storage.com\\\/fr\\\/#organization\"},\"potentialAction\":[{\"@type\":\"SearchAction\",\"target\":{\"@type\":\"EntryPoint\",\"urlTemplate\":\"https:\\\/\\\/www.toshiba-storage.com\\\/fr\\\/?s={search_term_string}\"},\"query-input\":{\"@type\":\"PropertyValueSpecification\",\"valueRequired\":true,\"valueName\":\"search_term_string\"}}],\"inLanguage\":\"fr-FR\"},{\"@type\":\"Organization\",\"@id\":\"https:\\\/\\\/www.toshiba-storage.com\\\/fr\\\/#organization\",\"name\":\"Toshiba Electronics Europe GmbH\",\"url\":\"https:\\\/\\\/www.toshiba-storage.com\\\/fr\\\/\",\"logo\":{\"@type\":\"ImageObject\",\"inLanguage\":\"fr-FR\",\"@id\":\"https:\\\/\\\/www.toshiba-storage.com\\\/fr\\\/#\\\/schema\\\/logo\\\/image\\\/\",\"url\":\"https:\\\/\\\/www.toshiba-storage.com\\\/wp\\\/wp-content\\\/uploads\\\/2024\\\/02\\\/toshiba-logo.png\",\"contentUrl\":\"https:\\\/\\\/www.toshiba-storage.com\\\/wp\\\/wp-content\\\/uploads\\\/2024\\\/02\\\/toshiba-logo.png\",\"width\":263,\"height\":40,\"caption\":\"Toshiba Electronics Europe GmbH\"},\"image\":{\"@id\":\"https:\\\/\\\/www.toshiba-storage.com\\\/fr\\\/#\\\/schema\\\/logo\\\/image\\\/\"},\"sameAs\":[\"https:\\\/\\\/www.facebook.com\\\/ToshibaStorageEU\\\/\",\"https:\\\/\\\/www.linkedin.com\\\/company\\\/toshiba-electronics-europe-gmbh\\\/?originalSubdomain=de\",\"https:\\\/\\\/www.youtube.com\\\/user\\\/ToshibaElectronics1\"]}]}<\/script>\n<!-- \/ Yoast SEO Premium plugin. -->","yoast_head_json":{"title":"D\u00e9claration d\u2019accessibilit\u00e9 - EMEA","robots":{"index":"index","follow":"follow","max-snippet":"max-snippet:-1","max-image-preview":"max-image-preview:large","max-video-preview":"max-video-preview:-1"},"canonical":"https:\/\/www.toshiba-storage.com\/fr\/declaration-daccessibilite\/","og_locale":"fr_FR","og_type":"article","og_title":"D\u00e9claration d\u2019accessibilit\u00e9","og_description":"[vc_row][vc_column][vc_column_text css=&#8221;&#8221;] Introduction Nous, Toshiba\u00a0Electronics\u00a0Europe\u00a0GmbH, nous engageons \u00e0 garantir que notre site Web est accessible \u00e0 tous, y compris les utilisateurs en situation de handicap. Nous nous employons \u00e0 respecter, voire \u00e0 d\u00e9passer, les attentes \u00e9nonc\u00e9es dans les directives WCAG (Web Content Accessibility Guidelines)\u00a02.1, niveau\u00a0AA relative \u00e0 l\u2019accessibilit\u00e9 des contenus Web, et \u00e0 nous conformer &hellip;","og_url":"https:\/\/www.toshiba-storage.com\/fr\/declaration-daccessibilite\/","og_site_name":"EMEA","article_publisher":"https:\/\/www.facebook.com\/ToshibaStorageEU\/","article_modified_time":"2025-09-04T09:27:43+00:00","twitter_card":"summary_large_image","twitter_misc":{"Est. reading time":"4 minutes"},"schema":{"@context":"https:\/\/schema.org","@graph":[{"@type":"WebPage","@id":"https:\/\/www.toshiba-storage.com\/fr\/declaration-daccessibilite\/","url":"https:\/\/www.toshiba-storage.com\/fr\/declaration-daccessibilite\/","name":"D\u00e9claration d\u2019accessibilit\u00e9 - EMEA","isPartOf":{"@id":"https:\/\/www.toshiba-storage.com\/fr\/#website"},"datePublished":"2025-08-05T13:23:23+00:00","dateModified":"2025-09-04T09:27:43+00:00","inLanguage":"fr-FR","potentialAction":[{"@type":"ReadAction","target":["https:\/\/www.toshiba-storage.com\/fr\/declaration-daccessibilite\/"]}]},{"@type":"WebSite","@id":"https:\/\/www.toshiba-storage.com\/fr\/#website","url":"https:\/\/www.toshiba-storage.com\/fr\/","name":"Toshiba Storage Solutions \u2013 EMEA Region","description":"Toshiba in Europe and Middle East Asia provides reliable and innovative storage solutions and internal and external HDDs \u2013for Laptops, PC, NAS, Surveillance and Enterprise.","publisher":{"@id":"https:\/\/www.toshiba-storage.com\/fr\/#organization"},"potentialAction":[{"@type":"SearchAction","target":{"@type":"EntryPoint","urlTemplate":"https:\/\/www.toshiba-storage.com\/fr\/?s={search_term_string}"},"query-input":{"@type":"PropertyValueSpecification","valueRequired":true,"valueName":"search_term_string"}}],"inLanguage":"fr-FR"},{"@type":"Organization","@id":"https:\/\/www.toshiba-storage.com\/fr\/#organization","name":"Toshiba Electronics Europe GmbH","url":"https:\/\/www.toshiba-storage.com\/fr\/","logo":{"@type":"ImageObject","inLanguage":"fr-FR","@id":"https:\/\/www.toshiba-storage.com\/fr\/#\/schema\/logo\/image\/","url":"https:\/\/www.toshiba-storage.com\/wp\/wp-content\/uploads\/2024\/02\/toshiba-logo.png","contentUrl":"https:\/\/www.toshiba-storage.com\/wp\/wp-content\/uploads\/2024\/02\/toshiba-logo.png","width":263,"height":40,"caption":"Toshiba Electronics Europe GmbH"},"image":{"@id":"https:\/\/www.toshiba-storage.com\/fr\/#\/schema\/logo\/image\/"},"sameAs":["https:\/\/www.facebook.com\/ToshibaStorageEU\/","https:\/\/www.linkedin.com\/company\/toshiba-electronics-europe-gmbh\/?originalSubdomain=de","https:\/\/www.youtube.com\/user\/ToshibaElectronics1"]}]}},"_links":{"self":[{"href":"https:\/\/www.toshiba-storage.com\/fr\/wp-json\/wp\/v2\/pages\/63057","targetHints":{"allow":["GET"]}}],"collection":[{"href":"https:\/\/www.toshiba-storage.com\/fr\/wp-json\/wp\/v2\/pages"}],"about":[{"href":"https:\/\/www.toshiba-storage.com\/fr\/wp-json\/wp\/v2\/types\/page"}],"author":[{"embeddable":true,"href":"https:\/\/www.toshiba-storage.com\/fr\/wp-json\/wp\/v2\/users\/41"}],"replies":[{"embeddable":true,"href":"https:\/\/www.toshiba-storage.com\/fr\/wp-json\/wp\/v2\/comments?post=63057"}],"version-history":[{"count":0,"href":"https:\/\/www.toshiba-storage.com\/fr\/wp-json\/wp\/v2\/pages\/63057\/revisions"}],"wp:attachment":[{"href":"https:\/\/www.toshiba-storage.com\/fr\/wp-json\/wp\/v2\/media?parent=63057"}],"curies":[{"name":"wp","href":"https:\/\/api.w.org\/{rel}","templated":true}]}}