{"id":47240,"date":"2021-08-10T23:20:53","date_gmt":"2021-08-10T21:20:53","guid":{"rendered":"https:\/\/www.toshiba-storage.com\/surveillance-solutions\/"},"modified":"2025-11-04T08:28:29","modified_gmt":"2025-11-04T07:28:29","slug":"surveillance-solutions","status":"publish","type":"page","link":"https:\/\/www.toshiba-storage.com\/fr\/surveillance-solutions\/","title":{"rendered":"Surveillance"},"content":{"rendered":"<div class=\"wpb-content-wrapper\"><p>[vc_row][vc_column][toshiba_text_block]<\/p>\n<h1 style=\"text-align: center\"><strong>Solutions de surveillance Toshiba<\/strong><\/h1>\n<p>La large gamme de disques durs de surveillance de Toshiba r\u00e9pond parfaitement aux attentes du march\u00e9 actuel du stockage \u00e0 des fins de surveillance. Elle cible la demande croissante des PME, des secteurs publics et priv\u00e9s, du Big Data et des analyses. Ils sont optimis\u00e9s pour les enregistreurs vid\u00e9o num\u00e9riques ou en r\u00e9seau, ou pour le stockage backend centralis\u00e9.[\/toshiba_text_block][\/vc_column][\/vc_row][vc_row][vc_column width=&#8221;1\/3&#8243;][toshiba_product_teaser product=&#8221;Disques durs pour surveillance S300 (62011)&#8221;][\/vc_column][vc_column width=&#8221;1\/3&#8243;][toshiba_product_teaser product=&#8221;S300 Pro Surveillance Hard Drive (56378)&#8221;][\/vc_column][vc_column width=&#8221;1\/3&#8243;][toshiba_product_teaser product=&#8221;Disque dur pour surveillance S300 AI (64061)&#8221;][\/vc_column][\/vc_row][vc_row][vc_column][toshiba_text_block]<\/p>\n<h2 style=\"text-align: center\">Domaine d\u2019application<\/h2>\n<p>Toshiba propose des solutions de stockage d\u00e9di\u00e9es \u00e0 la surveillance qui r\u00e9pondent aux diff\u00e9rentes exigences des domaines d\u2019application sur le march\u00e9 actuel en croissance de la surveillance. Elles fonctionnent 24\u00a0heures sur 24 et 7\u00a0jours sur 7 et sont optimis\u00e9es pour r\u00e9pondre aux besoins des principaux enregistreurs vid\u00e9o num\u00e9riques et enregistreurs vid\u00e9o sur r\u00e9seau de surveillance.[\/toshiba_text_block][\/vc_column][\/vc_row][vc_row][vc_column][toshiba_applications applications=&#8221;%5B%7B%22application%22%3A%22Commerce%20(47380)%22%7D%2C%7B%22application%22%3A%22Transport%20(47402)%22%7D%2C%7B%22application%22%3A%22Entreprise%20(47424)%22%7D%2C%7B%22application%22%3A%22Logistique%20(47527)%22%7D%2C%7B%22application%22%3A%22Administration%20et%20pouvoirs%20publics%20(47446)%22%7D%2C%7B%22application%22%3A%22Finance%20(47358)%22%7D%2C%7B%22application%22%3A%22Secteur%20h%C3%B4telier%20(47468)%22%7D%2C%7B%22application%22%3A%22Villes%20intelligentes%20(47490)%22%7D%5D&#8221;][\/vc_column][\/vc_row][vc_row][vc_column][toshiba_text_block]<\/p>\n<h2 style=\"text-align: center\">Comparison de produits<\/h2>\n<p>[\/toshiba_text_block][\/vc_column][\/vc_row][vc_row][vc_column][toshiba_product_comparison comparison=&#8221;Surveillance Solution FR (47335)&#8221;][\/vc_column][\/vc_row]<\/p>\n<\/div>","protected":false},"excerpt":{"rendered":"<p>[vc_row][vc_column][toshiba_text_block] Solutions de surveillance Toshiba La large gamme de disques durs de surveillance de Toshiba r\u00e9pond parfaitement aux attentes du march\u00e9 actuel du stockage \u00e0 des fins de surveillance. Elle cible la demande croissante des PME, des secteurs publics et priv\u00e9s, du Big Data et des analyses. Ils sont optimis\u00e9s pour les enregistreurs vid\u00e9o num\u00e9riques &hellip;<\/p>\n","protected":false},"author":1,"featured_media":0,"parent":0,"menu_order":0,"comment_status":"closed","ping_status":"closed","template":"page-content-wide.php","meta":{"_acf_changed":false,"footnotes":""},"class_list":["post-47240","page","type-page","status-publish","hentry"],"acf":[],"yoast_head":"<!-- This site is optimized with the Yoast SEO Premium plugin v27.3 (Yoast SEO v27.3) - https:\/\/yoast.com\/product\/yoast-seo-premium-wordpress\/ -->\n<title>Surveillance - EMEA<\/title>\n<meta name=\"robots\" content=\"index, follow, max-snippet:-1, max-image-preview:large, max-video-preview:-1\" \/>\n<link rel=\"canonical\" href=\"https:\/\/www.toshiba-storage.com\/fr\/surveillance-solutions\/\" \/>\n<meta property=\"og:locale\" content=\"fr_FR\" \/>\n<meta property=\"og:type\" content=\"article\" \/>\n<meta property=\"og:title\" content=\"Surveillance\" \/>\n<meta property=\"og:description\" content=\"[vc_row][vc_column][toshiba_text_block] Solutions de surveillance Toshiba La large gamme de disques durs de surveillance de Toshiba r\u00e9pond parfaitement aux attentes du march\u00e9 actuel du stockage \u00e0 des fins de surveillance. Elle cible la demande croissante des PME, des secteurs publics et priv\u00e9s, du Big Data et des analyses. Ils sont optimis\u00e9s pour les enregistreurs vid\u00e9o num\u00e9riques &hellip;\" \/>\n<meta property=\"og:url\" content=\"https:\/\/www.toshiba-storage.com\/fr\/surveillance-solutions\/\" \/>\n<meta property=\"og:site_name\" content=\"EMEA\" \/>\n<meta property=\"article:publisher\" content=\"https:\/\/www.facebook.com\/ToshibaStorageEU\/\" \/>\n<meta property=\"article:modified_time\" content=\"2025-11-04T07:28:29+00:00\" \/>\n<meta name=\"twitter:card\" content=\"summary_large_image\" \/>\n<meta name=\"twitter:label1\" content=\"Est. reading time\" \/>\n\t<meta name=\"twitter:data1\" content=\"1 minute\" \/>\n<script type=\"application\/ld+json\" class=\"yoast-schema-graph\">{\"@context\":\"https:\\\/\\\/schema.org\",\"@graph\":[{\"@type\":\"WebPage\",\"@id\":\"https:\\\/\\\/www.toshiba-storage.com\\\/fr\\\/surveillance-solutions\\\/\",\"url\":\"https:\\\/\\\/www.toshiba-storage.com\\\/fr\\\/surveillance-solutions\\\/\",\"name\":\"Surveillance - EMEA\",\"isPartOf\":{\"@id\":\"https:\\\/\\\/www.toshiba-storage.com\\\/fr\\\/#website\"},\"datePublished\":\"2021-08-10T21:20:53+00:00\",\"dateModified\":\"2025-11-04T07:28:29+00:00\",\"inLanguage\":\"fr-FR\",\"potentialAction\":[{\"@type\":\"ReadAction\",\"target\":[\"https:\\\/\\\/www.toshiba-storage.com\\\/fr\\\/surveillance-solutions\\\/\"]}]},{\"@type\":\"WebSite\",\"@id\":\"https:\\\/\\\/www.toshiba-storage.com\\\/fr\\\/#website\",\"url\":\"https:\\\/\\\/www.toshiba-storage.com\\\/fr\\\/\",\"name\":\"Toshiba Storage Solutions \u2013 EMEA Region\",\"description\":\"Toshiba in Europe and Middle East Asia provides reliable and innovative storage solutions and internal and external HDDs \u2013for Laptops, PC, NAS, Surveillance and Enterprise.\",\"publisher\":{\"@id\":\"https:\\\/\\\/www.toshiba-storage.com\\\/fr\\\/#organization\"},\"potentialAction\":[{\"@type\":\"SearchAction\",\"target\":{\"@type\":\"EntryPoint\",\"urlTemplate\":\"https:\\\/\\\/www.toshiba-storage.com\\\/fr\\\/?s={search_term_string}\"},\"query-input\":{\"@type\":\"PropertyValueSpecification\",\"valueRequired\":true,\"valueName\":\"search_term_string\"}}],\"inLanguage\":\"fr-FR\"},{\"@type\":\"Organization\",\"@id\":\"https:\\\/\\\/www.toshiba-storage.com\\\/fr\\\/#organization\",\"name\":\"Toshiba Electronics Europe GmbH\",\"url\":\"https:\\\/\\\/www.toshiba-storage.com\\\/fr\\\/\",\"logo\":{\"@type\":\"ImageObject\",\"inLanguage\":\"fr-FR\",\"@id\":\"https:\\\/\\\/www.toshiba-storage.com\\\/fr\\\/#\\\/schema\\\/logo\\\/image\\\/\",\"url\":\"https:\\\/\\\/www.toshiba-storage.com\\\/wp\\\/wp-content\\\/uploads\\\/2024\\\/02\\\/toshiba-logo.png\",\"contentUrl\":\"https:\\\/\\\/www.toshiba-storage.com\\\/wp\\\/wp-content\\\/uploads\\\/2024\\\/02\\\/toshiba-logo.png\",\"width\":263,\"height\":40,\"caption\":\"Toshiba Electronics Europe GmbH\"},\"image\":{\"@id\":\"https:\\\/\\\/www.toshiba-storage.com\\\/fr\\\/#\\\/schema\\\/logo\\\/image\\\/\"},\"sameAs\":[\"https:\\\/\\\/www.facebook.com\\\/ToshibaStorageEU\\\/\",\"https:\\\/\\\/www.linkedin.com\\\/company\\\/toshiba-electronics-europe-gmbh\\\/?originalSubdomain=de\",\"https:\\\/\\\/www.youtube.com\\\/user\\\/ToshibaElectronics1\"]}]}<\/script>\n<!-- \/ Yoast SEO Premium plugin. -->","yoast_head_json":{"title":"Surveillance - EMEA","robots":{"index":"index","follow":"follow","max-snippet":"max-snippet:-1","max-image-preview":"max-image-preview:large","max-video-preview":"max-video-preview:-1"},"canonical":"https:\/\/www.toshiba-storage.com\/fr\/surveillance-solutions\/","og_locale":"fr_FR","og_type":"article","og_title":"Surveillance","og_description":"[vc_row][vc_column][toshiba_text_block] Solutions de surveillance Toshiba La large gamme de disques durs de surveillance de Toshiba r\u00e9pond parfaitement aux attentes du march\u00e9 actuel du stockage \u00e0 des fins de surveillance. Elle cible la demande croissante des PME, des secteurs publics et priv\u00e9s, du Big Data et des analyses. Ils sont optimis\u00e9s pour les enregistreurs vid\u00e9o num\u00e9riques &hellip;","og_url":"https:\/\/www.toshiba-storage.com\/fr\/surveillance-solutions\/","og_site_name":"EMEA","article_publisher":"https:\/\/www.facebook.com\/ToshibaStorageEU\/","article_modified_time":"2025-11-04T07:28:29+00:00","twitter_card":"summary_large_image","twitter_misc":{"Est. reading time":"1 minute"},"schema":{"@context":"https:\/\/schema.org","@graph":[{"@type":"WebPage","@id":"https:\/\/www.toshiba-storage.com\/fr\/surveillance-solutions\/","url":"https:\/\/www.toshiba-storage.com\/fr\/surveillance-solutions\/","name":"Surveillance - EMEA","isPartOf":{"@id":"https:\/\/www.toshiba-storage.com\/fr\/#website"},"datePublished":"2021-08-10T21:20:53+00:00","dateModified":"2025-11-04T07:28:29+00:00","inLanguage":"fr-FR","potentialAction":[{"@type":"ReadAction","target":["https:\/\/www.toshiba-storage.com\/fr\/surveillance-solutions\/"]}]},{"@type":"WebSite","@id":"https:\/\/www.toshiba-storage.com\/fr\/#website","url":"https:\/\/www.toshiba-storage.com\/fr\/","name":"Toshiba Storage Solutions \u2013 EMEA Region","description":"Toshiba in Europe and Middle East Asia provides reliable and innovative storage solutions and internal and external HDDs \u2013for Laptops, PC, NAS, Surveillance and Enterprise.","publisher":{"@id":"https:\/\/www.toshiba-storage.com\/fr\/#organization"},"potentialAction":[{"@type":"SearchAction","target":{"@type":"EntryPoint","urlTemplate":"https:\/\/www.toshiba-storage.com\/fr\/?s={search_term_string}"},"query-input":{"@type":"PropertyValueSpecification","valueRequired":true,"valueName":"search_term_string"}}],"inLanguage":"fr-FR"},{"@type":"Organization","@id":"https:\/\/www.toshiba-storage.com\/fr\/#organization","name":"Toshiba Electronics Europe GmbH","url":"https:\/\/www.toshiba-storage.com\/fr\/","logo":{"@type":"ImageObject","inLanguage":"fr-FR","@id":"https:\/\/www.toshiba-storage.com\/fr\/#\/schema\/logo\/image\/","url":"https:\/\/www.toshiba-storage.com\/wp\/wp-content\/uploads\/2024\/02\/toshiba-logo.png","contentUrl":"https:\/\/www.toshiba-storage.com\/wp\/wp-content\/uploads\/2024\/02\/toshiba-logo.png","width":263,"height":40,"caption":"Toshiba Electronics Europe GmbH"},"image":{"@id":"https:\/\/www.toshiba-storage.com\/fr\/#\/schema\/logo\/image\/"},"sameAs":["https:\/\/www.facebook.com\/ToshibaStorageEU\/","https:\/\/www.linkedin.com\/company\/toshiba-electronics-europe-gmbh\/?originalSubdomain=de","https:\/\/www.youtube.com\/user\/ToshibaElectronics1"]}]}},"_links":{"self":[{"href":"https:\/\/www.toshiba-storage.com\/fr\/wp-json\/wp\/v2\/pages\/47240","targetHints":{"allow":["GET"]}}],"collection":[{"href":"https:\/\/www.toshiba-storage.com\/fr\/wp-json\/wp\/v2\/pages"}],"about":[{"href":"https:\/\/www.toshiba-storage.com\/fr\/wp-json\/wp\/v2\/types\/page"}],"author":[{"embeddable":true,"href":"https:\/\/www.toshiba-storage.com\/fr\/wp-json\/wp\/v2\/users\/1"}],"replies":[{"embeddable":true,"href":"https:\/\/www.toshiba-storage.com\/fr\/wp-json\/wp\/v2\/comments?post=47240"}],"version-history":[{"count":0,"href":"https:\/\/www.toshiba-storage.com\/fr\/wp-json\/wp\/v2\/pages\/47240\/revisions"}],"wp:attachment":[{"href":"https:\/\/www.toshiba-storage.com\/fr\/wp-json\/wp\/v2\/media?parent=47240"}],"curies":[{"name":"wp","href":"https:\/\/api.w.org\/{rel}","templated":true}]}}