{"id":41321,"date":"2020-06-30T15:44:09","date_gmt":"2020-06-30T13:44:09","guid":{"rendered":"https:\/\/toshibastoragecom-preview.preview.pslsrv.com\/data-recovery\/"},"modified":"2025-12-03T08:52:03","modified_gmt":"2025-12-03T07:52:03","slug":"data-recovery","status":"publish","type":"page","link":"https:\/\/www.toshiba-storage.com\/fr\/data-recovery\/","title":{"rendered":"R\u00e9cup\u00e9ration des donn\u00e9es"},"content":{"rendered":"<h1 class=\"has-large-font-size\" style=\"color: #e61e1e;margin: 40px 0 40px;text-align: center;line-height: 1.1\">Vous souhaitez r\u00e9cup\u00e9rer les donn\u00e9es de votre disque dur que vous avez perdues ?<\/h1>\n<ul class=\"listCase\" style=\"font-size: 20px;line-height: 24px;text-align: center;max-width: 530px;margin-left: auto;margin-right: auto\">\n<li style=\"text-align: left\">Vous avez perdu tous vos souvenirs \u00e0 cause d\u2019un virus informatique?<\/li>\n<li style=\"text-align: left\">Vous avez reformat\u00e9* votre disque dur par accident?<\/li>\n<li style=\"text-align: left\">Vous avez supprim\u00e9\/\u00e9cras\u00e9 par erreur des fichiers importants?<\/li>\n<li style=\"text-align: left\">Vous avez fait tomber votre disque dur et il n\u2019est plus accessible?<\/li>\n<\/ul>\n<p style=\"text-align: center;font-size: 15px\">*Il existe deux types de formatage de disque dur : le formatage logique et le formatage physique. Le formatage physique supprime compl\u00e8tement le contenu du disque dur et les donn\u00e9es ne peuvent pas \u00eatre r\u00e9cup\u00e9r\u00e9es.<\/p>\n<p class=\"p1\" style=\"text-align: center;font-size: 20px\">Mais avant d\u2019abandonner, vous pouvez faire appel \u00e0 des services externes pour r\u00e9cup\u00e9rer vos donn\u00e9es. Pour vous faciliter la t\u00e2che, nous vous proposons des liens vers des fournisseurs de services de r\u00e9cup\u00e9ration des donn\u00e9es.<\/p>\n<p style=\"text-align: center;margin-top: 30px\"><img loading=\"lazy\" decoding=\"async\" class=\"size-full wp-image-34839 aligncenter\" src=\"https:\/\/www.toshiba-storage.com\/wp\/wp-content\/uploads\/2020\/06\/20200630_Toshiba_Storage_Data_Recovery_Icon.gif\" alt=\"\" width=\"89\" height=\"96\" \/><\/p>\n<p style=\"text-align: center\">En cliquant sur les logos ci-dessous, vous acceptez les avis de non-responsabilit\u00e9 sp\u00e9cifiques ci-dessus.<br \/>Les fournisseurs de services suivants proposent aux personnes ayant achet\u00e9 des disques durs Toshiba des services de r\u00e9cup\u00e9ration des donn\u00e9es \u00e0 un prix r\u00e9duit.<\/p>\n<div class=\"row\">\n<div class=\"col-xs-6\" style=\"text-align: center;flex-direction: column\">\n<p style=\"flex-grow: 1;flex-direction: column;justify-content: center;align-items: center\"><a href=\"https:\/\/www.toshiba-storage.com\/link-ontrack\/\"><img loading=\"lazy\" decoding=\"async\" class=\"alignnone wp-image-39399 \" src=\"https:\/\/www.toshiba-storage.com\/wp\/wp-content\/uploads\/2020\/09\/ontrack_c-300x71.png\" alt=\"\" width=\"232\" height=\"55\" srcset=\"https:\/\/www.toshiba-storage.com\/wp\/wp-content\/uploads\/2020\/09\/ontrack_c-300x71.png 300w, https:\/\/www.toshiba-storage.com\/wp\/wp-content\/uploads\/2020\/09\/ontrack_c-768x181.png 768w, https:\/\/www.toshiba-storage.com\/wp\/wp-content\/uploads\/2020\/09\/ontrack_c-1024x241.png 1024w, https:\/\/www.toshiba-storage.com\/wp\/wp-content\/uploads\/2020\/09\/ontrack_c.png 1785w\" sizes=\"auto, (max-width: 232px) 100vw, 232px\" \/><\/a><\/p>\n<p><a href=\"https:\/\/www.toshiba-storage.com\/fr\/link-ontrack\/\"><strong>On savoir plus sur Ontrack<\/strong><\/a><\/p>\n<\/div>\n<div class=\"col-xs-6\" style=\"text-align: center;flex-direction: column\">\n<p style=\"flex-grow: 1;flex-direction: column;justify-content: center;align-items: center\"><a href=\"https:\/\/www.toshiba-storage.com\/drivesavers\/\"><img loading=\"lazy\" decoding=\"async\" class=\"alignnone wp-image-39387 \" src=\"https:\/\/www.toshiba-storage.com\/wp\/wp-content\/uploads\/2020\/09\/DR_DSLogo-300x300.png\" alt=\"\" width=\"156\" height=\"156\" srcset=\"https:\/\/www.toshiba-storage.com\/wp\/wp-content\/uploads\/2020\/09\/DR_DSLogo-300x300.png 300w, https:\/\/www.toshiba-storage.com\/wp\/wp-content\/uploads\/2020\/09\/DR_DSLogo-150x150.png 150w, https:\/\/www.toshiba-storage.com\/wp\/wp-content\/uploads\/2020\/09\/DR_DSLogo-768x769.png 768w, https:\/\/www.toshiba-storage.com\/wp\/wp-content\/uploads\/2020\/09\/DR_DSLogo-1024x1024.png 1024w, https:\/\/www.toshiba-storage.com\/wp\/wp-content\/uploads\/2020\/09\/DR_DSLogo-450x450.png 450w, https:\/\/www.toshiba-storage.com\/wp\/wp-content\/uploads\/2020\/09\/DR_DSLogo.png 1502w\" sizes=\"auto, (max-width: 156px) 100vw, 156px\" \/><\/a><\/p>\n<p><a href=\"https:\/\/www.toshiba-storage.com\/fr\/drivesavers\/\"><strong>On savoir plus sur DriveSavers<\/strong><\/a><\/p>\n<\/div>\n<\/div>\n\n\n<div style=\"height:100px\" aria-hidden=\"true\" class=\"wp-block-spacer\"><\/div>\n\n\n\n<h2 class=\"wp-block-heading has-text-align-center has-large-font-size\" id=\"h-avis-de-non-responsabilite\">Avis de non-responsabilit\u00e9<\/h2>\n\n\n\n<p class=\"p1\"><br>(a) Vous choisissez l\u2019un des fournisseurs de services externes et ind\u00e9pendants r\u00e9pertori\u00e9s ci-dessous (\u00ab Fournisseur de services \u00bb) \u00e0 vos risques et p\u00e9rils. Vous avez la totale libert\u00e9 de choisir un fournisseur de services de r\u00e9cup\u00e9ration des donn\u00e9es ne figurant pas dans la liste ci-dessous.<\/p>\n\n\n\n<p class=\"p1\">(b)    Tout accord que vous contractez avec un Fournisseur de services de r\u00e9cup\u00e9ration des donn\u00e9es engage exclusivement ce Fournisseur de services et vous-m\u00eame. Toshiba Electronics Europe GmbH et ses filiales (ci-apr\u00e8s collectivement d\u00e9sign\u00e9s par \u00ab TOSHIBA \u00bb) ne deviendront en aucun cas partie prenante \u00e0 cet accord.<\/p>\n\n\n\n<p class=\"p1\">(C)    TOSHIBA N\u2019\u00c9MET AUCUNE GARANTIE, EXPRESSE OU IMPLICITE, ET D\u00c9CLINE EXPRESS\u00c9MENT TOUTE GARANTIE CONCERNANT LES SERVICES FOURNIS PAR UN FOURNISSEUR DE SERVICES EXTERNE ET IND\u00c9PENDANT, Y COMPRIS, MAIS SANS S\u2019Y LIMITER, TOUTE GARANTIE CONCERNANT LA QUALIT\u00c9 OU LA FIABILIT\u00c9 DESDITS SERVICES DE CE FOURNISSEUR IND\u00c9PENDANT ET EXTERNE, L\u2019ABSENCE DE CONTREFA\u00c7ON, LA QUALIT\u00c9 MARCHANDE OU L\u2019ADAPTATION \u00c0 UN USAGE PARTICULIER.<\/p>\n\n\n\n<p class=\"p1\">(d)    L\u2019utilisation de services de r\u00e9cup\u00e9ration des donn\u00e9es d\u2019un Fournisseur de services n\u2019annulera pas la garantie Toshiba concernant un disque dur externe ou interne de Toshiba (\u00ab disque dur \u00bb) accord\u00e9e \u00e0 un utilisateur ayant fait l\u2019acquisition d\u2019un disque dur (\u00ab Garantie Toshiba \u00bb). Toutefois, si le disque dur est endommag\u00e9 ou devient d\u00e9fectueux en cons\u00e9quence des services de r\u00e9cup\u00e9ration des donn\u00e9es de ce Fournisseur, la Garantie Toshiba ne s\u2019appliquera pas \u00e0 ce dommage ou ce d\u00e9faut.<\/p>\n\n\n\n<p class=\"p1\">(e) Conform\u00e9ment \u00e0 la Garantie Toshiba, TOSHIBA ne peut \u00eatre tenu responsable de tout dommage ou perte de quelque nature que ce soit, li\u00e9 \u00e0, provenant de ou r\u00e9sultant de l\u2019ex\u00e9cution de ces services par un Fournisseur de services, y compris, mais sans s\u2019y limiter, toute perte de donn\u00e9es ou tout dommage sur les donn\u00e9es contenues sur un disque dur Toshiba, d\u00fb par exemple \u00e0 une utilisation non appropri\u00e9e ou \u00e0 une alt\u00e9ration, \u00e0 une manipulation incorrecte ou \u00e0 d\u2019autres causes mentionn\u00e9es dans la Garantie Toshiba. Vous avez la responsabilit\u00e9 d\u2019enregistrer (de sauvegarder) les donn\u00e9es. TOSHIBA ne garantit ni ne couvre aucune perte financi\u00e8re ou autre provoqu\u00e9e par la perte de donn\u00e9es.<\/p>\n\n\n\n<p class=\"p1\">\n(f) Les conditions r\u00e9elles des services de r\u00e9cup\u00e9ration des donn\u00e9es sont r\u00e9gies par les instructions figurant dans la page Web de chaque fournisseur de services.<\/p>\n\n\n\n<p class=\"has-text-align-center\">&nbsp;<\/p>\n\n\n\n<p>&nbsp;<\/p>\n","protected":false},"excerpt":{"rendered":"<p>Vous souhaitez r\u00e9cup\u00e9rer les donn\u00e9es de votre disque dur que vous avez perdues ? Vous avez perdu tous vos souvenirs \u00e0 cause d\u2019un virus informatique? Vous avez reformat\u00e9* votre disque dur par accident? Vous avez supprim\u00e9\/\u00e9cras\u00e9 par erreur des fichiers importants? Vous avez fait tomber votre disque dur et il n\u2019est plus accessible? *Il existe &hellip;<\/p>\n","protected":false},"author":30,"featured_media":45682,"parent":0,"menu_order":0,"comment_status":"closed","ping_status":"closed","template":"page-content-with-hero.php","meta":{"_acf_changed":false,"footnotes":""},"class_list":["post-41321","page","type-page","status-publish","has-post-thumbnail","hentry"],"acf":[],"yoast_head":"<!-- This site is optimized with the Yoast SEO Premium plugin v27.2 (Yoast SEO v27.2) - https:\/\/yoast.com\/product\/yoast-seo-premium-wordpress\/ -->\n<title>R\u00e9cup\u00e9ration des donn\u00e9es - EMEA<\/title>\n<meta name=\"robots\" content=\"index, follow, max-snippet:-1, max-image-preview:large, max-video-preview:-1\" \/>\n<link rel=\"canonical\" href=\"https:\/\/www.toshiba-storage.com\/fr\/data-recovery\/\" \/>\n<meta property=\"og:locale\" content=\"fr_FR\" \/>\n<meta property=\"og:type\" content=\"article\" \/>\n<meta property=\"og:title\" content=\"R\u00e9cup\u00e9ration des donn\u00e9es\" \/>\n<meta property=\"og:description\" content=\"Vous souhaitez r\u00e9cup\u00e9rer les donn\u00e9es de votre disque dur que vous avez perdues ? Vous avez perdu tous vos souvenirs \u00e0 cause d\u2019un virus informatique? Vous avez reformat\u00e9* votre disque dur par accident? Vous avez supprim\u00e9\/\u00e9cras\u00e9 par erreur des fichiers importants? Vous avez fait tomber votre disque dur et il n\u2019est plus accessible? *Il existe &hellip;\" \/>\n<meta property=\"og:url\" content=\"https:\/\/www.toshiba-storage.com\/fr\/data-recovery\/\" \/>\n<meta property=\"og:site_name\" content=\"EMEA\" \/>\n<meta property=\"article:publisher\" content=\"https:\/\/www.facebook.com\/ToshibaStorageEU\/\" \/>\n<meta property=\"article:modified_time\" content=\"2025-12-03T07:52:03+00:00\" \/>\n<meta property=\"og:image\" content=\"https:\/\/www.toshiba-storage.com\/wp\/wp-content\/uploads\/2021\/06\/TOSH_Kachel_Data_Recovery_450x450_V2.jpg\" \/>\n\t<meta property=\"og:image:width\" content=\"450\" \/>\n\t<meta property=\"og:image:height\" content=\"450\" \/>\n\t<meta property=\"og:image:type\" content=\"image\/jpeg\" \/>\n<meta name=\"twitter:card\" content=\"summary_large_image\" \/>\n<meta name=\"twitter:label1\" content=\"Est. reading time\" \/>\n\t<meta name=\"twitter:data1\" content=\"4 minutes\" \/>\n<script type=\"application\/ld+json\" class=\"yoast-schema-graph\">{\"@context\":\"https:\/\/schema.org\",\"@graph\":[{\"@type\":\"WebPage\",\"@id\":\"https:\/\/www.toshiba-storage.com\/fr\/data-recovery\/\",\"url\":\"https:\/\/www.toshiba-storage.com\/fr\/data-recovery\/\",\"name\":\"R\u00e9cup\u00e9ration des donn\u00e9es - EMEA\",\"isPartOf\":{\"@id\":\"https:\/\/www.toshiba-storage.com\/fr\/#website\"},\"primaryImageOfPage\":{\"@id\":\"https:\/\/www.toshiba-storage.com\/fr\/data-recovery\/#primaryimage\"},\"image\":{\"@id\":\"https:\/\/www.toshiba-storage.com\/fr\/data-recovery\/#primaryimage\"},\"thumbnailUrl\":\"https:\/\/www.toshiba-storage.com\/wp\/wp-content\/uploads\/2021\/06\/TOSH_Kachel_Data_Recovery_450x450_V2.jpg\",\"datePublished\":\"2020-06-30T13:44:09+00:00\",\"dateModified\":\"2025-12-03T07:52:03+00:00\",\"inLanguage\":\"fr-FR\",\"potentialAction\":[{\"@type\":\"ReadAction\",\"target\":[\"https:\/\/www.toshiba-storage.com\/fr\/data-recovery\/\"]}]},{\"@type\":\"ImageObject\",\"inLanguage\":\"fr-FR\",\"@id\":\"https:\/\/www.toshiba-storage.com\/fr\/data-recovery\/#primaryimage\",\"url\":\"https:\/\/www.toshiba-storage.com\/wp\/wp-content\/uploads\/2021\/06\/TOSH_Kachel_Data_Recovery_450x450_V2.jpg\",\"contentUrl\":\"https:\/\/www.toshiba-storage.com\/wp\/wp-content\/uploads\/2021\/06\/TOSH_Kachel_Data_Recovery_450x450_V2.jpg\",\"width\":450,\"height\":450},{\"@type\":\"WebSite\",\"@id\":\"https:\/\/www.toshiba-storage.com\/fr\/#website\",\"url\":\"https:\/\/www.toshiba-storage.com\/fr\/\",\"name\":\"Toshiba Storage Solutions \u2013 EMEA Region\",\"description\":\"Toshiba in Europe and Middle East Asia provides reliable and innovative storage solutions and internal and external HDDs \u2013for Laptops, PC, NAS, Surveillance and Enterprise.\",\"publisher\":{\"@id\":\"https:\/\/www.toshiba-storage.com\/fr\/#organization\"},\"potentialAction\":[{\"@type\":\"SearchAction\",\"target\":{\"@type\":\"EntryPoint\",\"urlTemplate\":\"https:\/\/www.toshiba-storage.com\/fr\/?s={search_term_string}\"},\"query-input\":{\"@type\":\"PropertyValueSpecification\",\"valueRequired\":true,\"valueName\":\"search_term_string\"}}],\"inLanguage\":\"fr-FR\"},{\"@type\":\"Organization\",\"@id\":\"https:\/\/www.toshiba-storage.com\/fr\/#organization\",\"name\":\"Toshiba Electronics Europe GmbH\",\"url\":\"https:\/\/www.toshiba-storage.com\/fr\/\",\"logo\":{\"@type\":\"ImageObject\",\"inLanguage\":\"fr-FR\",\"@id\":\"https:\/\/www.toshiba-storage.com\/fr\/#\/schema\/logo\/image\/\",\"url\":\"https:\/\/www.toshiba-storage.com\/wp\/wp-content\/uploads\/2024\/02\/toshiba-logo.png\",\"contentUrl\":\"https:\/\/www.toshiba-storage.com\/wp\/wp-content\/uploads\/2024\/02\/toshiba-logo.png\",\"width\":263,\"height\":40,\"caption\":\"Toshiba Electronics Europe GmbH\"},\"image\":{\"@id\":\"https:\/\/www.toshiba-storage.com\/fr\/#\/schema\/logo\/image\/\"},\"sameAs\":[\"https:\/\/www.facebook.com\/ToshibaStorageEU\/\",\"https:\/\/www.linkedin.com\/company\/toshiba-electronics-europe-gmbh\/?originalSubdomain=de\",\"https:\/\/www.youtube.com\/user\/ToshibaElectronics1\"]}]}<\/script>\n<!-- \/ Yoast SEO Premium plugin. -->","yoast_head_json":{"title":"R\u00e9cup\u00e9ration des donn\u00e9es - EMEA","robots":{"index":"index","follow":"follow","max-snippet":"max-snippet:-1","max-image-preview":"max-image-preview:large","max-video-preview":"max-video-preview:-1"},"canonical":"https:\/\/www.toshiba-storage.com\/fr\/data-recovery\/","og_locale":"fr_FR","og_type":"article","og_title":"R\u00e9cup\u00e9ration des donn\u00e9es","og_description":"Vous souhaitez r\u00e9cup\u00e9rer les donn\u00e9es de votre disque dur que vous avez perdues ? Vous avez perdu tous vos souvenirs \u00e0 cause d\u2019un virus informatique? Vous avez reformat\u00e9* votre disque dur par accident? Vous avez supprim\u00e9\/\u00e9cras\u00e9 par erreur des fichiers importants? Vous avez fait tomber votre disque dur et il n\u2019est plus accessible? *Il existe &hellip;","og_url":"https:\/\/www.toshiba-storage.com\/fr\/data-recovery\/","og_site_name":"EMEA","article_publisher":"https:\/\/www.facebook.com\/ToshibaStorageEU\/","article_modified_time":"2025-12-03T07:52:03+00:00","og_image":[{"width":450,"height":450,"url":"https:\/\/www.toshiba-storage.com\/wp\/wp-content\/uploads\/2021\/06\/TOSH_Kachel_Data_Recovery_450x450_V2.jpg","type":"image\/jpeg"}],"twitter_card":"summary_large_image","twitter_misc":{"Est. reading time":"4 minutes"},"schema":{"@context":"https:\/\/schema.org","@graph":[{"@type":"WebPage","@id":"https:\/\/www.toshiba-storage.com\/fr\/data-recovery\/","url":"https:\/\/www.toshiba-storage.com\/fr\/data-recovery\/","name":"R\u00e9cup\u00e9ration des donn\u00e9es - EMEA","isPartOf":{"@id":"https:\/\/www.toshiba-storage.com\/fr\/#website"},"primaryImageOfPage":{"@id":"https:\/\/www.toshiba-storage.com\/fr\/data-recovery\/#primaryimage"},"image":{"@id":"https:\/\/www.toshiba-storage.com\/fr\/data-recovery\/#primaryimage"},"thumbnailUrl":"https:\/\/www.toshiba-storage.com\/wp\/wp-content\/uploads\/2021\/06\/TOSH_Kachel_Data_Recovery_450x450_V2.jpg","datePublished":"2020-06-30T13:44:09+00:00","dateModified":"2025-12-03T07:52:03+00:00","inLanguage":"fr-FR","potentialAction":[{"@type":"ReadAction","target":["https:\/\/www.toshiba-storage.com\/fr\/data-recovery\/"]}]},{"@type":"ImageObject","inLanguage":"fr-FR","@id":"https:\/\/www.toshiba-storage.com\/fr\/data-recovery\/#primaryimage","url":"https:\/\/www.toshiba-storage.com\/wp\/wp-content\/uploads\/2021\/06\/TOSH_Kachel_Data_Recovery_450x450_V2.jpg","contentUrl":"https:\/\/www.toshiba-storage.com\/wp\/wp-content\/uploads\/2021\/06\/TOSH_Kachel_Data_Recovery_450x450_V2.jpg","width":450,"height":450},{"@type":"WebSite","@id":"https:\/\/www.toshiba-storage.com\/fr\/#website","url":"https:\/\/www.toshiba-storage.com\/fr\/","name":"Toshiba Storage Solutions \u2013 EMEA Region","description":"Toshiba in Europe and Middle East Asia provides reliable and innovative storage solutions and internal and external HDDs \u2013for Laptops, PC, NAS, Surveillance and Enterprise.","publisher":{"@id":"https:\/\/www.toshiba-storage.com\/fr\/#organization"},"potentialAction":[{"@type":"SearchAction","target":{"@type":"EntryPoint","urlTemplate":"https:\/\/www.toshiba-storage.com\/fr\/?s={search_term_string}"},"query-input":{"@type":"PropertyValueSpecification","valueRequired":true,"valueName":"search_term_string"}}],"inLanguage":"fr-FR"},{"@type":"Organization","@id":"https:\/\/www.toshiba-storage.com\/fr\/#organization","name":"Toshiba Electronics Europe GmbH","url":"https:\/\/www.toshiba-storage.com\/fr\/","logo":{"@type":"ImageObject","inLanguage":"fr-FR","@id":"https:\/\/www.toshiba-storage.com\/fr\/#\/schema\/logo\/image\/","url":"https:\/\/www.toshiba-storage.com\/wp\/wp-content\/uploads\/2024\/02\/toshiba-logo.png","contentUrl":"https:\/\/www.toshiba-storage.com\/wp\/wp-content\/uploads\/2024\/02\/toshiba-logo.png","width":263,"height":40,"caption":"Toshiba Electronics Europe GmbH"},"image":{"@id":"https:\/\/www.toshiba-storage.com\/fr\/#\/schema\/logo\/image\/"},"sameAs":["https:\/\/www.facebook.com\/ToshibaStorageEU\/","https:\/\/www.linkedin.com\/company\/toshiba-electronics-europe-gmbh\/?originalSubdomain=de","https:\/\/www.youtube.com\/user\/ToshibaElectronics1"]}]}},"_links":{"self":[{"href":"https:\/\/www.toshiba-storage.com\/fr\/wp-json\/wp\/v2\/pages\/41321","targetHints":{"allow":["GET"]}}],"collection":[{"href":"https:\/\/www.toshiba-storage.com\/fr\/wp-json\/wp\/v2\/pages"}],"about":[{"href":"https:\/\/www.toshiba-storage.com\/fr\/wp-json\/wp\/v2\/types\/page"}],"author":[{"embeddable":true,"href":"https:\/\/www.toshiba-storage.com\/fr\/wp-json\/wp\/v2\/users\/30"}],"replies":[{"embeddable":true,"href":"https:\/\/www.toshiba-storage.com\/fr\/wp-json\/wp\/v2\/comments?post=41321"}],"version-history":[{"count":0,"href":"https:\/\/www.toshiba-storage.com\/fr\/wp-json\/wp\/v2\/pages\/41321\/revisions"}],"wp:featuredmedia":[{"embeddable":true,"href":"https:\/\/www.toshiba-storage.com\/fr\/wp-json\/wp\/v2\/media\/45682"}],"wp:attachment":[{"href":"https:\/\/www.toshiba-storage.com\/fr\/wp-json\/wp\/v2\/media?parent=41321"}],"curies":[{"name":"wp","href":"https:\/\/api.w.org\/{rel}","templated":true}]}}