{"id":41270,"date":"2020-07-02T12:10:12","date_gmt":"2020-07-02T10:10:12","guid":{"rendered":"https:\/\/toshibastoragecom-preview.preview.pslsrv.com\/data_recovery_service_provider_info\/"},"modified":"2021-03-04T11:48:55","modified_gmt":"2021-03-04T10:48:55","slug":"data_recovery_service_provider_info","status":"publish","type":"page","link":"https:\/\/www.toshiba-storage.com\/fr\/data_recovery_service_provider_info\/","title":{"rendered":"Data Recovery Service Provider Information"},"content":{"rendered":"<div id=\"main\">\r\n<div id=\"mainInner\">\r\n<section id=\"cont\">\r\n<div class=\"titWrap\">\r\n<h2 id=\"faqTit\" class=\"titMain\" style=\"text-align: center;\"><span class=\"mdlImg\"><br \/><img loading=\"lazy\" decoding=\"async\" class=\"size-full wp-image-34839 aligncenter\" src=\"https:\/\/www.toshiba-storage.com\/wp-content\/uploads\/2020\/06\/20200630_Toshiba_Storage_Data_Recovery_Icon.gif\" alt=\"\" width=\"89\" height=\"96\" \/><\/span><\/h2>\r\n<p>\u00a0<\/p>\r\n<\/div>\r\n<p class=\"clickNote attention\" style=\"text-align: center; color: red;\"><strong>Avant d\u2019acc\u00e9der \u00e0 l\u2019un des fournisseurs de services ci-dessous, confirmez d\u2019abord que vous comprenez bien et acceptez l\u2019avis de non-responsabilit\u00e9 suivant.<\/strong><\/p>\r\n<p>\u00a0<\/p>\r\n<div class=\"blockNote block20\">\r\n<p class=\"text\" style=\"text-align: left; font-size: 25px;\">Avis de non-responsabilit\u00e9<\/p>\r\n<p class=\"p1\">(a)\u00a0\u00a0\u00a0 Vous choisissez l\u2019un des fournisseurs de services externes et ind\u00e9pendants r\u00e9pertori\u00e9s ci-dessous (\u00ab\u00a0Fournisseur de services\u00a0\u00bb) \u00e0 vos risques et p\u00e9rils. Vous avez la totale libert\u00e9 de choisir un fournisseur de services de r\u00e9cup\u00e9ration des donn\u00e9es ne figurant pas dans la liste ci-dessous.<\/p>\r\n<p class=\"p1\">(b)\u00a0\u00a0\u00a0 Tout accord que vous contractez avec un Fournisseur de services de r\u00e9cup\u00e9ration des donn\u00e9es engage exclusivement ce Fournisseur de services et vous-m\u00eame. Toshiba\u00a0Electronics\u00a0Europe\u00a0GmbH et ses filiales (ci-apr\u00e8s collectivement d\u00e9sign\u00e9s par \u00ab\u00a0TOSHIBA\u00a0\u00bb) ne deviendront en aucun cas partie prenante \u00e0 cet accord.<\/p>\r\n<p class=\"p1\">(C)\u00a0\u00a0\u00a0 TOSHIBA N\u2019\u00c9MET AUCUNE GARANTIE, EXPRESSE OU IMPLICITE, ET D\u00c9CLINE EXPRESS\u00c9MENT TOUTE GARANTIE CONCERNANT LES SERVICES FOURNIS PAR UN FOURNISSEUR DE SERVICES EXTERNE ET IND\u00c9PENDANT, Y COMPRIS, MAIS SANS S&#8217;Y LIMITER, TOUTE GARANTIE CONCERNANT LA QUALIT\u00c9 OU LA FIABILIT\u00c9 DESDITS SERVICES DE CE FOURNISSEUR IND\u00c9PENDANT ET EXTERNE, L&#8217;ABSENCE DE CONTREFA\u00c7ON, LA QUALIT\u00c9 MARCHANDE OU L&#8217;ADAPTATION \u00c0 UN USAGE PARTICULIER.<\/p>\r\n<p class=\"p1\">(d)\u00a0\u00a0\u00a0 L\u2019utilisation de services de r\u00e9cup\u00e9ration des donn\u00e9es d\u2019un Fournisseur de services n\u2019annulera pas la garantie Toshiba concernant un disque dur externe ou interne de Toshiba (\u00ab\u00a0disque dur\u00a0\u00bb) accord\u00e9e \u00e0 un utilisateur ayant fait l\u2019acquisition d\u2019un disque dur (\u00ab\u00a0Garantie Toshiba\u00a0\u00bb). Toutefois, si le disque dur est endommag\u00e9 ou devient d\u00e9fectueux en cons\u00e9quence des services de r\u00e9cup\u00e9ration des donn\u00e9es de ce Fournisseur, la Garantie Toshiba ne s\u2019appliquera pas \u00e0 ce dommage ou ce d\u00e9faut.<\/p>\r\n<p class=\"p1\">(e) Conform\u00e9ment \u00e0 la Garantie Toshiba, TOSHIBA ne peut \u00eatre tenu responsable de tout dommage ou perte de quelque nature que ce soit, li\u00e9 \u00e0, provenant de ou r\u00e9sultant de l\u2019ex\u00e9cution de ces services par un Fournisseur de services, y compris, mais sans s\u2019y limiter, toute perte de donn\u00e9es ou tout dommage sur les donn\u00e9es contenues sur un disque dur Toshiba, d\u00fb par exemple \u00e0 une utilisation non appropri\u00e9e ou \u00e0 une alt\u00e9ration, \u00e0 une manipulation incorrecte ou \u00e0 d\u2019autres causes mentionn\u00e9es dans la Garantie Toshiba. Vous avez la responsabilit\u00e9 d&#8217;enregistrer (de sauvegarder) les donn\u00e9es. TOSHIBA ne garantit ni ne couvre aucune perte financi\u00e8re ou autre provoqu\u00e9e par la perte de donn\u00e9es.<\/p>\r\n<p>(f) Les conditions r\u00e9elles des services de r\u00e9cup\u00e9ration des donn\u00e9es sont r\u00e9gies par les instructions figurant dans la page Web de chaque fournisseur de services.<\/p>\r\n<\/div>\r\n<br><br>\r\n<p style=\"text-align: center;\">En cliquant sur les logos ci-dessous, vous acceptez les avis de non-responsabilit\u00e9 sp\u00e9cifiques ci-dessus.<br \/>Les fournisseurs de services suivants proposent aux personnes ayant achet\u00e9 des disques durs Toshiba des services de r\u00e9cup\u00e9ration des donn\u00e9es \u00e0 un prix r\u00e9duit.<\/p>\r\n<div>\r\n<table style=\"width: 100%;\">\r\n<tbody>\r\n<tr>\r\n<th style=\"text-align: center;\"><a href=\"https:\/\/www.toshiba-storage.com\/fr\/link-ontrack\/\"><img loading=\"lazy\" decoding=\"async\" class=\"alignnone wp-image-39399 \" src=\"https:\/\/www.toshiba-storage.com\/wp-content\/uploads\/2020\/09\/ontrack_c-300x71.png\" alt=\"\" width=\"232\" height=\"55\" srcset=\"https:\/\/www.toshiba-storage.com\/wp\/wp-content\/uploads\/2020\/09\/ontrack_c-300x71.png 300w, https:\/\/www.toshiba-storage.com\/wp\/wp-content\/uploads\/2020\/09\/ontrack_c-768x181.png 768w, https:\/\/www.toshiba-storage.com\/wp\/wp-content\/uploads\/2020\/09\/ontrack_c-1024x241.png 1024w, https:\/\/www.toshiba-storage.com\/wp\/wp-content\/uploads\/2020\/09\/ontrack_c.png 1785w\" sizes=\"auto, (max-width: 232px) 100vw, 232px\" \/><\/a><\/th>\r\n<th style=\"text-align: center;\"><a href=\"https:\/\/www.toshiba-storage.com\/fr\/drivesavers\/\"><img loading=\"lazy\" decoding=\"async\" class=\"alignnone wp-image-39387 \" src=\"https:\/\/www.toshiba-storage.com\/wp-content\/uploads\/2020\/09\/DR_DSLogo-300x300.png\" alt=\"\" width=\"156\" height=\"156\" srcset=\"https:\/\/www.toshiba-storage.com\/wp\/wp-content\/uploads\/2020\/09\/DR_DSLogo-300x300.png 300w, https:\/\/www.toshiba-storage.com\/wp\/wp-content\/uploads\/2020\/09\/DR_DSLogo-150x150.png 150w, https:\/\/www.toshiba-storage.com\/wp\/wp-content\/uploads\/2020\/09\/DR_DSLogo-768x769.png 768w, https:\/\/www.toshiba-storage.com\/wp\/wp-content\/uploads\/2020\/09\/DR_DSLogo-1024x1024.png 1024w, https:\/\/www.toshiba-storage.com\/wp\/wp-content\/uploads\/2020\/09\/DR_DSLogo-450x450.png 450w, https:\/\/www.toshiba-storage.com\/wp\/wp-content\/uploads\/2020\/09\/DR_DSLogo.png 1502w\" sizes=\"auto, (max-width: 156px) 100vw, 156px\" \/><\/a><\/th>\r\n<\/tr>\r\n<tr>\r\n<th style=\"text-align: center;\">\r\n<p><a href=\"https:\/\/www.toshiba-storage.com\/fr\/link-ontrack\/\"><strong>Ontrack<\/strong><\/a><\/p>\r\n<p><span style=\"color: #000000; font-family: Calibri; font-size: medium;\"><a href=\"https:\/\/www.toshiba-storage.com\/fr\/link-ontrack\/\">Cliquez ici<\/a>, remise disponible<\/span><\/p>\r\n<\/th>\r\n<th style=\"text-align: center;\">\r\n<p><a href=\"https:\/\/www.toshiba-storage.com\/fr\/drivesavers\/\"><strong>Drivesavers<\/strong><\/a><\/p>\r\n<p><span style=\"color: #000000; font-family: Calibri; font-size: medium;\"><a href=\"https:\/\/www.toshiba-storage.com\/fr\/drivesavers\/\">Cliquez ici,<\/a> remise disponible<\/span><\/p>\r\n<\/th>\r\n<\/tr>\r\n<\/tbody>\r\n<\/table>\r\n<\/div>\r\n<\/section>\r\n<\/div>\r\n<p><strong><!-- \/#mainInner --><\/strong><\/p>\r\n<\/div>\r\n\r\n\r\n<p>&nbsp;<\/p>\r\n","protected":false},"excerpt":{"rendered":"<p>\u00a0 Avant d\u2019acc\u00e9der \u00e0 l\u2019un des fournisseurs de services ci-dessous, confirmez d\u2019abord que vous comprenez bien et acceptez l\u2019avis de non-responsabilit\u00e9 suivant. \u00a0 Avis de non-responsabilit\u00e9 (a)\u00a0\u00a0\u00a0 Vous choisissez l\u2019un des fournisseurs de services externes et ind\u00e9pendants r\u00e9pertori\u00e9s ci-dessous (\u00ab\u00a0Fournisseur de services\u00a0\u00bb) \u00e0 vos risques et p\u00e9rils. Vous avez la totale libert\u00e9 de choisir un &hellip;<\/p>\n","protected":false},"author":30,"featured_media":0,"parent":0,"menu_order":0,"comment_status":"closed","ping_status":"closed","template":"page-legal.php","meta":{"_acf_changed":false,"footnotes":""},"class_list":["post-41270","page","type-page","status-publish","hentry"],"acf":[],"yoast_head":"<!-- This site is optimized with the Yoast SEO Premium plugin v27.3 (Yoast SEO v27.3) - https:\/\/yoast.com\/product\/yoast-seo-premium-wordpress\/ -->\n<title>Data Recovery Service Provider Information - EMEA<\/title>\n<meta name=\"robots\" content=\"index, follow, max-snippet:-1, max-image-preview:large, max-video-preview:-1\" \/>\n<link rel=\"canonical\" href=\"https:\/\/www.toshiba-storage.com\/fr\/data_recovery_service_provider_info\/\" \/>\n<meta property=\"og:locale\" content=\"fr_FR\" \/>\n<meta property=\"og:type\" content=\"article\" \/>\n<meta property=\"og:title\" content=\"Data Recovery Service Provider Information\" \/>\n<meta property=\"og:description\" content=\"\u00a0 Avant d\u2019acc\u00e9der \u00e0 l\u2019un des fournisseurs de services ci-dessous, confirmez d\u2019abord que vous comprenez bien et acceptez l\u2019avis de non-responsabilit\u00e9 suivant. \u00a0 Avis de non-responsabilit\u00e9 (a)\u00a0\u00a0\u00a0 Vous choisissez l\u2019un des fournisseurs de services externes et ind\u00e9pendants r\u00e9pertori\u00e9s ci-dessous (\u00ab\u00a0Fournisseur de services\u00a0\u00bb) \u00e0 vos risques et p\u00e9rils. Vous avez la totale libert\u00e9 de choisir un &hellip;\" \/>\n<meta property=\"og:url\" content=\"https:\/\/www.toshiba-storage.com\/fr\/data_recovery_service_provider_info\/\" \/>\n<meta property=\"og:site_name\" content=\"EMEA\" \/>\n<meta property=\"article:publisher\" content=\"https:\/\/www.facebook.com\/ToshibaStorageEU\/\" \/>\n<meta property=\"article:modified_time\" content=\"2021-03-04T10:48:55+00:00\" \/>\n<meta property=\"og:image\" content=\"https:\/\/www.wwwtoshibastoragecom.psl.dev\/wp-content\/uploads\/2020\/06\/20200630_Toshiba_Storage_Data_Recovery_Icon.gif\" \/>\n<meta name=\"twitter:card\" content=\"summary_large_image\" \/>\n<meta name=\"twitter:label1\" content=\"Est. reading time\" \/>\n\t<meta name=\"twitter:data1\" content=\"2 minutes\" \/>\n<script type=\"application\/ld+json\" class=\"yoast-schema-graph\">{\"@context\":\"https:\\\/\\\/schema.org\",\"@graph\":[{\"@type\":\"WebPage\",\"@id\":\"https:\\\/\\\/www.toshiba-storage.com\\\/fr\\\/data_recovery_service_provider_info\\\/\",\"url\":\"https:\\\/\\\/www.toshiba-storage.com\\\/fr\\\/data_recovery_service_provider_info\\\/\",\"name\":\"Data Recovery Service Provider Information - EMEA\",\"isPartOf\":{\"@id\":\"https:\\\/\\\/www.toshiba-storage.com\\\/fr\\\/#website\"},\"primaryImageOfPage\":{\"@id\":\"https:\\\/\\\/www.toshiba-storage.com\\\/fr\\\/data_recovery_service_provider_info\\\/#primaryimage\"},\"image\":{\"@id\":\"https:\\\/\\\/www.toshiba-storage.com\\\/fr\\\/data_recovery_service_provider_info\\\/#primaryimage\"},\"thumbnailUrl\":\"https:\\\/\\\/www.toshiba-storage.com\\\/wp-content\\\/uploads\\\/2020\\\/06\\\/20200630_Toshiba_Storage_Data_Recovery_Icon.gif\",\"datePublished\":\"2020-07-02T10:10:12+00:00\",\"dateModified\":\"2021-03-04T10:48:55+00:00\",\"inLanguage\":\"fr-FR\",\"potentialAction\":[{\"@type\":\"ReadAction\",\"target\":[\"https:\\\/\\\/www.toshiba-storage.com\\\/fr\\\/data_recovery_service_provider_info\\\/\"]}]},{\"@type\":\"ImageObject\",\"inLanguage\":\"fr-FR\",\"@id\":\"https:\\\/\\\/www.toshiba-storage.com\\\/fr\\\/data_recovery_service_provider_info\\\/#primaryimage\",\"url\":\"https:\\\/\\\/www.toshiba-storage.com\\\/wp-content\\\/uploads\\\/2020\\\/06\\\/20200630_Toshiba_Storage_Data_Recovery_Icon.gif\",\"contentUrl\":\"https:\\\/\\\/www.toshiba-storage.com\\\/wp-content\\\/uploads\\\/2020\\\/06\\\/20200630_Toshiba_Storage_Data_Recovery_Icon.gif\"},{\"@type\":\"WebSite\",\"@id\":\"https:\\\/\\\/www.toshiba-storage.com\\\/fr\\\/#website\",\"url\":\"https:\\\/\\\/www.toshiba-storage.com\\\/fr\\\/\",\"name\":\"Toshiba Storage Solutions \u2013 EMEA Region\",\"description\":\"Toshiba in Europe and Middle East Asia provides reliable and innovative storage solutions and internal and external HDDs \u2013for Laptops, PC, NAS, Surveillance and Enterprise.\",\"publisher\":{\"@id\":\"https:\\\/\\\/www.toshiba-storage.com\\\/fr\\\/#organization\"},\"potentialAction\":[{\"@type\":\"SearchAction\",\"target\":{\"@type\":\"EntryPoint\",\"urlTemplate\":\"https:\\\/\\\/www.toshiba-storage.com\\\/fr\\\/?s={search_term_string}\"},\"query-input\":{\"@type\":\"PropertyValueSpecification\",\"valueRequired\":true,\"valueName\":\"search_term_string\"}}],\"inLanguage\":\"fr-FR\"},{\"@type\":\"Organization\",\"@id\":\"https:\\\/\\\/www.toshiba-storage.com\\\/fr\\\/#organization\",\"name\":\"Toshiba Electronics Europe GmbH\",\"url\":\"https:\\\/\\\/www.toshiba-storage.com\\\/fr\\\/\",\"logo\":{\"@type\":\"ImageObject\",\"inLanguage\":\"fr-FR\",\"@id\":\"https:\\\/\\\/www.toshiba-storage.com\\\/fr\\\/#\\\/schema\\\/logo\\\/image\\\/\",\"url\":\"https:\\\/\\\/www.toshiba-storage.com\\\/wp\\\/wp-content\\\/uploads\\\/2024\\\/02\\\/toshiba-logo.png\",\"contentUrl\":\"https:\\\/\\\/www.toshiba-storage.com\\\/wp\\\/wp-content\\\/uploads\\\/2024\\\/02\\\/toshiba-logo.png\",\"width\":263,\"height\":40,\"caption\":\"Toshiba Electronics Europe GmbH\"},\"image\":{\"@id\":\"https:\\\/\\\/www.toshiba-storage.com\\\/fr\\\/#\\\/schema\\\/logo\\\/image\\\/\"},\"sameAs\":[\"https:\\\/\\\/www.facebook.com\\\/ToshibaStorageEU\\\/\",\"https:\\\/\\\/www.linkedin.com\\\/company\\\/toshiba-electronics-europe-gmbh\\\/?originalSubdomain=de\",\"https:\\\/\\\/www.youtube.com\\\/user\\\/ToshibaElectronics1\"]}]}<\/script>\n<!-- \/ Yoast SEO Premium plugin. -->","yoast_head_json":{"title":"Data Recovery Service Provider Information - EMEA","robots":{"index":"index","follow":"follow","max-snippet":"max-snippet:-1","max-image-preview":"max-image-preview:large","max-video-preview":"max-video-preview:-1"},"canonical":"https:\/\/www.toshiba-storage.com\/fr\/data_recovery_service_provider_info\/","og_locale":"fr_FR","og_type":"article","og_title":"Data Recovery Service Provider Information","og_description":"\u00a0 Avant d\u2019acc\u00e9der \u00e0 l\u2019un des fournisseurs de services ci-dessous, confirmez d\u2019abord que vous comprenez bien et acceptez l\u2019avis de non-responsabilit\u00e9 suivant. \u00a0 Avis de non-responsabilit\u00e9 (a)\u00a0\u00a0\u00a0 Vous choisissez l\u2019un des fournisseurs de services externes et ind\u00e9pendants r\u00e9pertori\u00e9s ci-dessous (\u00ab\u00a0Fournisseur de services\u00a0\u00bb) \u00e0 vos risques et p\u00e9rils. Vous avez la totale libert\u00e9 de choisir un &hellip;","og_url":"https:\/\/www.toshiba-storage.com\/fr\/data_recovery_service_provider_info\/","og_site_name":"EMEA","article_publisher":"https:\/\/www.facebook.com\/ToshibaStorageEU\/","article_modified_time":"2021-03-04T10:48:55+00:00","og_image":[{"url":"https:\/\/www.wwwtoshibastoragecom.psl.dev\/wp-content\/uploads\/2020\/06\/20200630_Toshiba_Storage_Data_Recovery_Icon.gif","type":"","width":"","height":""}],"twitter_card":"summary_large_image","twitter_misc":{"Est. reading time":"2 minutes"},"schema":{"@context":"https:\/\/schema.org","@graph":[{"@type":"WebPage","@id":"https:\/\/www.toshiba-storage.com\/fr\/data_recovery_service_provider_info\/","url":"https:\/\/www.toshiba-storage.com\/fr\/data_recovery_service_provider_info\/","name":"Data Recovery Service Provider Information - EMEA","isPartOf":{"@id":"https:\/\/www.toshiba-storage.com\/fr\/#website"},"primaryImageOfPage":{"@id":"https:\/\/www.toshiba-storage.com\/fr\/data_recovery_service_provider_info\/#primaryimage"},"image":{"@id":"https:\/\/www.toshiba-storage.com\/fr\/data_recovery_service_provider_info\/#primaryimage"},"thumbnailUrl":"https:\/\/www.toshiba-storage.com\/wp-content\/uploads\/2020\/06\/20200630_Toshiba_Storage_Data_Recovery_Icon.gif","datePublished":"2020-07-02T10:10:12+00:00","dateModified":"2021-03-04T10:48:55+00:00","inLanguage":"fr-FR","potentialAction":[{"@type":"ReadAction","target":["https:\/\/www.toshiba-storage.com\/fr\/data_recovery_service_provider_info\/"]}]},{"@type":"ImageObject","inLanguage":"fr-FR","@id":"https:\/\/www.toshiba-storage.com\/fr\/data_recovery_service_provider_info\/#primaryimage","url":"https:\/\/www.toshiba-storage.com\/wp-content\/uploads\/2020\/06\/20200630_Toshiba_Storage_Data_Recovery_Icon.gif","contentUrl":"https:\/\/www.toshiba-storage.com\/wp-content\/uploads\/2020\/06\/20200630_Toshiba_Storage_Data_Recovery_Icon.gif"},{"@type":"WebSite","@id":"https:\/\/www.toshiba-storage.com\/fr\/#website","url":"https:\/\/www.toshiba-storage.com\/fr\/","name":"Toshiba Storage Solutions \u2013 EMEA Region","description":"Toshiba in Europe and Middle East Asia provides reliable and innovative storage solutions and internal and external HDDs \u2013for Laptops, PC, NAS, Surveillance and Enterprise.","publisher":{"@id":"https:\/\/www.toshiba-storage.com\/fr\/#organization"},"potentialAction":[{"@type":"SearchAction","target":{"@type":"EntryPoint","urlTemplate":"https:\/\/www.toshiba-storage.com\/fr\/?s={search_term_string}"},"query-input":{"@type":"PropertyValueSpecification","valueRequired":true,"valueName":"search_term_string"}}],"inLanguage":"fr-FR"},{"@type":"Organization","@id":"https:\/\/www.toshiba-storage.com\/fr\/#organization","name":"Toshiba Electronics Europe GmbH","url":"https:\/\/www.toshiba-storage.com\/fr\/","logo":{"@type":"ImageObject","inLanguage":"fr-FR","@id":"https:\/\/www.toshiba-storage.com\/fr\/#\/schema\/logo\/image\/","url":"https:\/\/www.toshiba-storage.com\/wp\/wp-content\/uploads\/2024\/02\/toshiba-logo.png","contentUrl":"https:\/\/www.toshiba-storage.com\/wp\/wp-content\/uploads\/2024\/02\/toshiba-logo.png","width":263,"height":40,"caption":"Toshiba Electronics Europe GmbH"},"image":{"@id":"https:\/\/www.toshiba-storage.com\/fr\/#\/schema\/logo\/image\/"},"sameAs":["https:\/\/www.facebook.com\/ToshibaStorageEU\/","https:\/\/www.linkedin.com\/company\/toshiba-electronics-europe-gmbh\/?originalSubdomain=de","https:\/\/www.youtube.com\/user\/ToshibaElectronics1"]}]}},"_links":{"self":[{"href":"https:\/\/www.toshiba-storage.com\/fr\/wp-json\/wp\/v2\/pages\/41270","targetHints":{"allow":["GET"]}}],"collection":[{"href":"https:\/\/www.toshiba-storage.com\/fr\/wp-json\/wp\/v2\/pages"}],"about":[{"href":"https:\/\/www.toshiba-storage.com\/fr\/wp-json\/wp\/v2\/types\/page"}],"author":[{"embeddable":true,"href":"https:\/\/www.toshiba-storage.com\/fr\/wp-json\/wp\/v2\/users\/30"}],"replies":[{"embeddable":true,"href":"https:\/\/www.toshiba-storage.com\/fr\/wp-json\/wp\/v2\/comments?post=41270"}],"version-history":[{"count":0,"href":"https:\/\/www.toshiba-storage.com\/fr\/wp-json\/wp\/v2\/pages\/41270\/revisions"}],"wp:attachment":[{"href":"https:\/\/www.toshiba-storage.com\/fr\/wp-json\/wp\/v2\/media?parent=41270"}],"curies":[{"name":"wp","href":"https:\/\/api.w.org\/{rel}","templated":true}]}}