{"id":41168,"date":"2020-07-07T14:07:12","date_gmt":"2020-07-07T12:07:12","guid":{"rendered":"https:\/\/toshibastoragecom-preview.preview.pslsrv.com\/drivesavers\/"},"modified":"2020-10-12T12:37:12","modified_gmt":"2020-10-12T10:37:12","slug":"drivesavers","status":"publish","type":"page","link":"https:\/\/www.toshiba-storage.com\/fr\/drivesavers\/","title":{"rendered":"Drivesavers"},"content":{"rendered":"<div id=\"main\">\n<div id=\"mainInner\">\n<div id=\"cont\">\n<section class=\"service\">\n<div class=\"jumpBlock\">\n<p style=\"font-size: 20px; text-align: center;\">Vous \u00eates redirig\u00e9 vers un site Web externe.\u200b<br \/>\nCliquez sur Continuer pour poursuivre.\u200b<\/p>\n<p style=\"font-size: 24px; text-align: center; color: red;\"><a style=\"font-size: 24px; text-align: center; color: red;\" href=\"https:\/\/drivesaversdatarecovery.com\/welcome\/toshiba-partner-portal-english\/\"><strong>Continuer<\/strong><\/a><\/p>\n<div>\n<p style=\"text-align: center;\">Vous allez \u00eatre redirig\u00e9 du site Web Toshiba\u00a0Electronics\u00a0Europe\u00a0GmbH au site Web Drivesavers.<\/p>\n<p style=\"text-align: center;\">Toshiba\u00a0Electronics\u00a0Europe\u00a0GmbH et ses filiales d\u00e9clinent toute responsabilit\u00e9 quant au contenu fourni au-del\u00e0 de ce point.<\/p>\n<\/div>\n<\/div>\n<\/section>\n<\/div>\n<p><!-- \/#cont --><\/p>\n<\/div>\n<p><!-- \/#mainInner --><\/p>\n<\/div>\n<p><!-- \/#main --><\/p>\n","protected":false},"excerpt":{"rendered":"<p>Vous \u00eates redirig\u00e9 vers un site Web externe.\u200b Cliquez sur Continuer pour poursuivre.\u200b Continuer Vous allez \u00eatre redirig\u00e9 du site Web Toshiba\u00a0Electronics\u00a0Europe\u00a0GmbH au site Web Drivesavers. Toshiba\u00a0Electronics\u00a0Europe\u00a0GmbH et ses filiales d\u00e9clinent toute responsabilit\u00e9 quant au contenu fourni au-del\u00e0 de ce point.<\/p>\n","protected":false},"author":30,"featured_media":0,"parent":0,"menu_order":0,"comment_status":"closed","ping_status":"closed","template":"page-legal.php","meta":{"_acf_changed":false,"footnotes":""},"class_list":["post-41168","page","type-page","status-publish","hentry"],"acf":[],"yoast_head":"<!-- This site is optimized with the Yoast SEO Premium plugin v27.4 (Yoast SEO v27.4) - https:\/\/yoast.com\/product\/yoast-seo-premium-wordpress\/ -->\n<title>Drivesavers - EMEA<\/title>\n<meta name=\"robots\" content=\"index, follow, max-snippet:-1, max-image-preview:large, max-video-preview:-1\" \/>\n<link rel=\"canonical\" href=\"https:\/\/www.toshiba-storage.com\/fr\/drivesavers\/\" \/>\n<meta property=\"og:locale\" content=\"fr_FR\" \/>\n<meta property=\"og:type\" content=\"article\" \/>\n<meta property=\"og:title\" content=\"Drivesavers\" \/>\n<meta property=\"og:description\" content=\"Vous \u00eates redirig\u00e9 vers un site Web externe.\u200b Cliquez sur Continuer pour poursuivre.\u200b Continuer Vous allez \u00eatre redirig\u00e9 du site Web Toshiba\u00a0Electronics\u00a0Europe\u00a0GmbH au site Web Drivesavers. Toshiba\u00a0Electronics\u00a0Europe\u00a0GmbH et ses filiales d\u00e9clinent toute responsabilit\u00e9 quant au contenu fourni au-del\u00e0 de ce point.\" \/>\n<meta property=\"og:url\" content=\"https:\/\/www.toshiba-storage.com\/fr\/drivesavers\/\" \/>\n<meta property=\"og:site_name\" content=\"EMEA\" \/>\n<meta property=\"article:publisher\" content=\"https:\/\/www.facebook.com\/ToshibaStorageEU\/\" \/>\n<meta property=\"article:modified_time\" content=\"2020-10-12T10:37:12+00:00\" \/>\n<meta name=\"twitter:card\" content=\"summary_large_image\" \/>\n<script type=\"application\/ld+json\" class=\"yoast-schema-graph\">{\"@context\":\"https:\\\/\\\/schema.org\",\"@graph\":[{\"@type\":\"WebPage\",\"@id\":\"https:\\\/\\\/www.toshiba-storage.com\\\/fr\\\/drivesavers\\\/\",\"url\":\"https:\\\/\\\/www.toshiba-storage.com\\\/fr\\\/drivesavers\\\/\",\"name\":\"Drivesavers - EMEA\",\"isPartOf\":{\"@id\":\"https:\\\/\\\/www.toshiba-storage.com\\\/fr\\\/#website\"},\"datePublished\":\"2020-07-07T12:07:12+00:00\",\"dateModified\":\"2020-10-12T10:37:12+00:00\",\"inLanguage\":\"fr-FR\",\"potentialAction\":[{\"@type\":\"ReadAction\",\"target\":[\"https:\\\/\\\/www.toshiba-storage.com\\\/fr\\\/drivesavers\\\/\"]}]},{\"@type\":\"WebSite\",\"@id\":\"https:\\\/\\\/www.toshiba-storage.com\\\/fr\\\/#website\",\"url\":\"https:\\\/\\\/www.toshiba-storage.com\\\/fr\\\/\",\"name\":\"Toshiba Storage Solutions \u2013 EMEA Region\",\"description\":\"Toshiba in Europe and Middle East Asia provides reliable and innovative storage solutions and internal and external HDDs \u2013for Laptops, PC, NAS, Surveillance and Enterprise.\",\"publisher\":{\"@id\":\"https:\\\/\\\/www.toshiba-storage.com\\\/fr\\\/#organization\"},\"potentialAction\":[{\"@type\":\"SearchAction\",\"target\":{\"@type\":\"EntryPoint\",\"urlTemplate\":\"https:\\\/\\\/www.toshiba-storage.com\\\/fr\\\/?s={search_term_string}\"},\"query-input\":{\"@type\":\"PropertyValueSpecification\",\"valueRequired\":true,\"valueName\":\"search_term_string\"}}],\"inLanguage\":\"fr-FR\"},{\"@type\":\"Organization\",\"@id\":\"https:\\\/\\\/www.toshiba-storage.com\\\/fr\\\/#organization\",\"name\":\"Toshiba Electronics Europe GmbH\",\"url\":\"https:\\\/\\\/www.toshiba-storage.com\\\/fr\\\/\",\"logo\":{\"@type\":\"ImageObject\",\"inLanguage\":\"fr-FR\",\"@id\":\"https:\\\/\\\/www.toshiba-storage.com\\\/fr\\\/#\\\/schema\\\/logo\\\/image\\\/\",\"url\":\"https:\\\/\\\/www.toshiba-storage.com\\\/wp\\\/wp-content\\\/uploads\\\/2024\\\/02\\\/toshiba-logo.png\",\"contentUrl\":\"https:\\\/\\\/www.toshiba-storage.com\\\/wp\\\/wp-content\\\/uploads\\\/2024\\\/02\\\/toshiba-logo.png\",\"width\":263,\"height\":40,\"caption\":\"Toshiba Electronics Europe GmbH\"},\"image\":{\"@id\":\"https:\\\/\\\/www.toshiba-storage.com\\\/fr\\\/#\\\/schema\\\/logo\\\/image\\\/\"},\"sameAs\":[\"https:\\\/\\\/www.facebook.com\\\/ToshibaStorageEU\\\/\",\"https:\\\/\\\/www.linkedin.com\\\/company\\\/toshiba-electronics-europe-gmbh\\\/?originalSubdomain=de\",\"https:\\\/\\\/www.youtube.com\\\/user\\\/ToshibaElectronics1\"]}]}<\/script>\n<!-- \/ Yoast SEO Premium plugin. -->","yoast_head_json":{"title":"Drivesavers - EMEA","robots":{"index":"index","follow":"follow","max-snippet":"max-snippet:-1","max-image-preview":"max-image-preview:large","max-video-preview":"max-video-preview:-1"},"canonical":"https:\/\/www.toshiba-storage.com\/fr\/drivesavers\/","og_locale":"fr_FR","og_type":"article","og_title":"Drivesavers","og_description":"Vous \u00eates redirig\u00e9 vers un site Web externe.\u200b Cliquez sur Continuer pour poursuivre.\u200b Continuer Vous allez \u00eatre redirig\u00e9 du site Web Toshiba\u00a0Electronics\u00a0Europe\u00a0GmbH au site Web Drivesavers. Toshiba\u00a0Electronics\u00a0Europe\u00a0GmbH et ses filiales d\u00e9clinent toute responsabilit\u00e9 quant au contenu fourni au-del\u00e0 de ce point.","og_url":"https:\/\/www.toshiba-storage.com\/fr\/drivesavers\/","og_site_name":"EMEA","article_publisher":"https:\/\/www.facebook.com\/ToshibaStorageEU\/","article_modified_time":"2020-10-12T10:37:12+00:00","twitter_card":"summary_large_image","schema":{"@context":"https:\/\/schema.org","@graph":[{"@type":"WebPage","@id":"https:\/\/www.toshiba-storage.com\/fr\/drivesavers\/","url":"https:\/\/www.toshiba-storage.com\/fr\/drivesavers\/","name":"Drivesavers - EMEA","isPartOf":{"@id":"https:\/\/www.toshiba-storage.com\/fr\/#website"},"datePublished":"2020-07-07T12:07:12+00:00","dateModified":"2020-10-12T10:37:12+00:00","inLanguage":"fr-FR","potentialAction":[{"@type":"ReadAction","target":["https:\/\/www.toshiba-storage.com\/fr\/drivesavers\/"]}]},{"@type":"WebSite","@id":"https:\/\/www.toshiba-storage.com\/fr\/#website","url":"https:\/\/www.toshiba-storage.com\/fr\/","name":"Toshiba Storage Solutions \u2013 EMEA Region","description":"Toshiba in Europe and Middle East Asia provides reliable and innovative storage solutions and internal and external HDDs \u2013for Laptops, PC, NAS, Surveillance and Enterprise.","publisher":{"@id":"https:\/\/www.toshiba-storage.com\/fr\/#organization"},"potentialAction":[{"@type":"SearchAction","target":{"@type":"EntryPoint","urlTemplate":"https:\/\/www.toshiba-storage.com\/fr\/?s={search_term_string}"},"query-input":{"@type":"PropertyValueSpecification","valueRequired":true,"valueName":"search_term_string"}}],"inLanguage":"fr-FR"},{"@type":"Organization","@id":"https:\/\/www.toshiba-storage.com\/fr\/#organization","name":"Toshiba Electronics Europe GmbH","url":"https:\/\/www.toshiba-storage.com\/fr\/","logo":{"@type":"ImageObject","inLanguage":"fr-FR","@id":"https:\/\/www.toshiba-storage.com\/fr\/#\/schema\/logo\/image\/","url":"https:\/\/www.toshiba-storage.com\/wp\/wp-content\/uploads\/2024\/02\/toshiba-logo.png","contentUrl":"https:\/\/www.toshiba-storage.com\/wp\/wp-content\/uploads\/2024\/02\/toshiba-logo.png","width":263,"height":40,"caption":"Toshiba Electronics Europe GmbH"},"image":{"@id":"https:\/\/www.toshiba-storage.com\/fr\/#\/schema\/logo\/image\/"},"sameAs":["https:\/\/www.facebook.com\/ToshibaStorageEU\/","https:\/\/www.linkedin.com\/company\/toshiba-electronics-europe-gmbh\/?originalSubdomain=de","https:\/\/www.youtube.com\/user\/ToshibaElectronics1"]}]}},"_links":{"self":[{"href":"https:\/\/www.toshiba-storage.com\/fr\/wp-json\/wp\/v2\/pages\/41168","targetHints":{"allow":["GET"]}}],"collection":[{"href":"https:\/\/www.toshiba-storage.com\/fr\/wp-json\/wp\/v2\/pages"}],"about":[{"href":"https:\/\/www.toshiba-storage.com\/fr\/wp-json\/wp\/v2\/types\/page"}],"author":[{"embeddable":true,"href":"https:\/\/www.toshiba-storage.com\/fr\/wp-json\/wp\/v2\/users\/30"}],"replies":[{"embeddable":true,"href":"https:\/\/www.toshiba-storage.com\/fr\/wp-json\/wp\/v2\/comments?post=41168"}],"version-history":[{"count":0,"href":"https:\/\/www.toshiba-storage.com\/fr\/wp-json\/wp\/v2\/pages\/41168\/revisions"}],"wp:attachment":[{"href":"https:\/\/www.toshiba-storage.com\/fr\/wp-json\/wp\/v2\/media?parent=41168"}],"curies":[{"name":"wp","href":"https:\/\/api.w.org\/{rel}","templated":true}]}}