{"id":16380,"date":"2017-10-06T15:26:54","date_gmt":"2017-10-06T13:26:54","guid":{"rendered":"https:\/\/toshibaelectronicseuropegmbh.preview.pslsrv.com\/overview\/imprint\/"},"modified":"2017-12-21T15:29:35","modified_gmt":"2017-12-21T14:29:35","slug":"imprint","status":"publish","type":"page","link":"https:\/\/www.toshiba-storage.com\/fr\/overview\/imprint\/","title":{"rendered":"Impressum"},"content":{"rendered":"<div class=\"wpb-content-wrapper\">[vc_row][vc_column][vc_column_text]Toshiba Electronics Europe GmbH\r\n\r\nHansaallee 181\r\n40549 D\u00fcsseldorf\r\nAllemagne\r\n\r\nT\u00e9l\u00e9phone\u00a0: +49 (0) 211 5296-0\r\nFax\u00a0: +49 (0) 0211 5296-400\r\nE-mail\u00a0:\u00a0<a href=\"mailto:info@toshiba-storage.com\">info@toshiba-storage.com<\/a>\r\n\r\nDirecteur g\u00e9n\u00e9ral : Peter Lieberwirth\r\nRegistre du commerce\u00a0: D\u00fcsseldorf HRB 22487\r\nNum\u00e9ro d'identification TVA\u00a0: DE811207415[\/vc_column_text][\/vc_column][\/vc_row]<\/div>","protected":false},"excerpt":{"rendered":"<p>[vc_row][vc_column][vc_column_text]Toshiba Electronics Europe GmbH Hansaallee 181 40549 D\u00fcsseldorf Allemagne T\u00e9l\u00e9phone\u00a0: +49 (0) 211 5296-0 Fax\u00a0: +49 (0) 0211 5296-400 E-mail\u00a0:\u00a0info@toshiba-storage.com Directeur g\u00e9n\u00e9ral : Peter Lieberwirth Registre du commerce\u00a0: D\u00fcsseldorf HRB 22487 Num\u00e9ro d&#8217;identification TVA\u00a0: DE811207415[\/vc_column_text][\/vc_column][\/vc_row]<\/p>\n","protected":false},"author":11,"featured_media":0,"parent":16329,"menu_order":0,"comment_status":"closed","ping_status":"closed","template":"page-overwrite.php","meta":{"_acf_changed":false,"footnotes":""},"class_list":["post-16380","page","type-page","status-publish","hentry"],"acf":[],"yoast_head":"<!-- This site is optimized with the Yoast SEO Premium plugin v27.2 (Yoast SEO v27.2) - https:\/\/yoast.com\/product\/yoast-seo-premium-wordpress\/ -->\n<title>EMEA<\/title>\n<meta name=\"robots\" content=\"index, follow, max-snippet:-1, max-image-preview:large, max-video-preview:-1\" \/>\n<link rel=\"canonical\" href=\"https:\/\/www.toshiba-storage.com\/fr\/overview\/imprint\/\" \/>\n<meta property=\"og:locale\" content=\"fr_FR\" \/>\n<meta property=\"og:type\" content=\"article\" \/>\n<meta property=\"og:title\" content=\"Impressum\" \/>\n<meta property=\"og:description\" content=\"We at Toshiba believe that personal data is a valuable commodity that is worth to be stored in the fastest, most reliable and safest way possible.\" \/>\n<meta property=\"og:url\" content=\"https:\/\/www.toshiba-storage.com\/fr\/overview\/imprint\/\" \/>\n<meta property=\"og:site_name\" content=\"EMEA\" \/>\n<meta property=\"article:publisher\" content=\"https:\/\/www.facebook.com\/ToshibaStorageEU\/\" \/>\n<meta property=\"article:modified_time\" content=\"2017-12-21T14:29:35+00:00\" \/>\n<meta name=\"twitter:card\" content=\"summary_large_image\" \/>\n<script type=\"application\/ld+json\" class=\"yoast-schema-graph\">{\"@context\":\"https:\/\/schema.org\",\"@graph\":[{\"@type\":\"WebPage\",\"@id\":\"https:\/\/www.toshiba-storage.com\/fr\/overview\/imprint\/\",\"url\":\"https:\/\/www.toshiba-storage.com\/fr\/overview\/imprint\/\",\"name\":\"Toshiba Personal Storage Solutions - Imprint\",\"isPartOf\":{\"@id\":\"https:\/\/www.toshiba-storage.com\/fr\/#website\"},\"datePublished\":\"2017-10-06T13:26:54+00:00\",\"dateModified\":\"2017-12-21T14:29:35+00:00\",\"description\":\"We at Toshiba believe that personal data is a valuable commodity that is worth to be stored in the fastest, most reliable and safest way possible.\",\"breadcrumb\":{\"@id\":\"https:\/\/www.toshiba-storage.com\/fr\/overview\/imprint\/#breadcrumb\"},\"inLanguage\":\"fr-FR\",\"potentialAction\":[{\"@type\":\"ReadAction\",\"target\":[\"https:\/\/www.toshiba-storage.com\/fr\/overview\/imprint\/\"]}]},{\"@type\":\"BreadcrumbList\",\"@id\":\"https:\/\/www.toshiba-storage.com\/fr\/overview\/imprint\/#breadcrumb\",\"itemListElement\":[{\"@type\":\"ListItem\",\"position\":1,\"name\":\"Vue d&#8217;ensemble\",\"item\":\"https:\/\/www.toshiba-storage.com\/fr\/?page_id=9989\"},{\"@type\":\"ListItem\",\"position\":2,\"name\":\"Impressum\"}]},{\"@type\":\"WebSite\",\"@id\":\"https:\/\/www.toshiba-storage.com\/fr\/#website\",\"url\":\"https:\/\/www.toshiba-storage.com\/fr\/\",\"name\":\"Toshiba Storage Solutions \u2013 EMEA Region\",\"description\":\"Toshiba in Europe and Middle East Asia provides reliable and innovative storage solutions and internal and external HDDs \u2013for Laptops, PC, NAS, Surveillance and Enterprise.\",\"publisher\":{\"@id\":\"https:\/\/www.toshiba-storage.com\/fr\/#organization\"},\"potentialAction\":[{\"@type\":\"SearchAction\",\"target\":{\"@type\":\"EntryPoint\",\"urlTemplate\":\"https:\/\/www.toshiba-storage.com\/fr\/?s={search_term_string}\"},\"query-input\":{\"@type\":\"PropertyValueSpecification\",\"valueRequired\":true,\"valueName\":\"search_term_string\"}}],\"inLanguage\":\"fr-FR\"},{\"@type\":\"Organization\",\"@id\":\"https:\/\/www.toshiba-storage.com\/fr\/#organization\",\"name\":\"Toshiba Electronics Europe GmbH\",\"url\":\"https:\/\/www.toshiba-storage.com\/fr\/\",\"logo\":{\"@type\":\"ImageObject\",\"inLanguage\":\"fr-FR\",\"@id\":\"https:\/\/www.toshiba-storage.com\/fr\/#\/schema\/logo\/image\/\",\"url\":\"https:\/\/www.toshiba-storage.com\/wp\/wp-content\/uploads\/2024\/02\/toshiba-logo.png\",\"contentUrl\":\"https:\/\/www.toshiba-storage.com\/wp\/wp-content\/uploads\/2024\/02\/toshiba-logo.png\",\"width\":263,\"height\":40,\"caption\":\"Toshiba Electronics Europe GmbH\"},\"image\":{\"@id\":\"https:\/\/www.toshiba-storage.com\/fr\/#\/schema\/logo\/image\/\"},\"sameAs\":[\"https:\/\/www.facebook.com\/ToshibaStorageEU\/\",\"https:\/\/www.linkedin.com\/company\/toshiba-electronics-europe-gmbh\/?originalSubdomain=de\",\"https:\/\/www.youtube.com\/user\/ToshibaElectronics1\"]}]}<\/script>\n<!-- \/ Yoast SEO Premium plugin. -->","yoast_head_json":{"title":"EMEA","robots":{"index":"index","follow":"follow","max-snippet":"max-snippet:-1","max-image-preview":"max-image-preview:large","max-video-preview":"max-video-preview:-1"},"canonical":"https:\/\/www.toshiba-storage.com\/fr\/overview\/imprint\/","og_locale":"fr_FR","og_type":"article","og_title":"Impressum","og_description":"We at Toshiba believe that personal data is a valuable commodity that is worth to be stored in the fastest, most reliable and safest way possible.","og_url":"https:\/\/www.toshiba-storage.com\/fr\/overview\/imprint\/","og_site_name":"EMEA","article_publisher":"https:\/\/www.facebook.com\/ToshibaStorageEU\/","article_modified_time":"2017-12-21T14:29:35+00:00","twitter_card":"summary_large_image","schema":{"@context":"https:\/\/schema.org","@graph":[{"@type":"WebPage","@id":"https:\/\/www.toshiba-storage.com\/fr\/overview\/imprint\/","url":"https:\/\/www.toshiba-storage.com\/fr\/overview\/imprint\/","name":"Toshiba Personal Storage Solutions - Imprint","isPartOf":{"@id":"https:\/\/www.toshiba-storage.com\/fr\/#website"},"datePublished":"2017-10-06T13:26:54+00:00","dateModified":"2017-12-21T14:29:35+00:00","description":"We at Toshiba believe that personal data is a valuable commodity that is worth to be stored in the fastest, most reliable and safest way possible.","breadcrumb":{"@id":"https:\/\/www.toshiba-storage.com\/fr\/overview\/imprint\/#breadcrumb"},"inLanguage":"fr-FR","potentialAction":[{"@type":"ReadAction","target":["https:\/\/www.toshiba-storage.com\/fr\/overview\/imprint\/"]}]},{"@type":"BreadcrumbList","@id":"https:\/\/www.toshiba-storage.com\/fr\/overview\/imprint\/#breadcrumb","itemListElement":[{"@type":"ListItem","position":1,"name":"Vue d&#8217;ensemble","item":"https:\/\/www.toshiba-storage.com\/fr\/?page_id=9989"},{"@type":"ListItem","position":2,"name":"Impressum"}]},{"@type":"WebSite","@id":"https:\/\/www.toshiba-storage.com\/fr\/#website","url":"https:\/\/www.toshiba-storage.com\/fr\/","name":"Toshiba Storage Solutions \u2013 EMEA Region","description":"Toshiba in Europe and Middle East Asia provides reliable and innovative storage solutions and internal and external HDDs \u2013for Laptops, PC, NAS, Surveillance and Enterprise.","publisher":{"@id":"https:\/\/www.toshiba-storage.com\/fr\/#organization"},"potentialAction":[{"@type":"SearchAction","target":{"@type":"EntryPoint","urlTemplate":"https:\/\/www.toshiba-storage.com\/fr\/?s={search_term_string}"},"query-input":{"@type":"PropertyValueSpecification","valueRequired":true,"valueName":"search_term_string"}}],"inLanguage":"fr-FR"},{"@type":"Organization","@id":"https:\/\/www.toshiba-storage.com\/fr\/#organization","name":"Toshiba Electronics Europe GmbH","url":"https:\/\/www.toshiba-storage.com\/fr\/","logo":{"@type":"ImageObject","inLanguage":"fr-FR","@id":"https:\/\/www.toshiba-storage.com\/fr\/#\/schema\/logo\/image\/","url":"https:\/\/www.toshiba-storage.com\/wp\/wp-content\/uploads\/2024\/02\/toshiba-logo.png","contentUrl":"https:\/\/www.toshiba-storage.com\/wp\/wp-content\/uploads\/2024\/02\/toshiba-logo.png","width":263,"height":40,"caption":"Toshiba Electronics Europe GmbH"},"image":{"@id":"https:\/\/www.toshiba-storage.com\/fr\/#\/schema\/logo\/image\/"},"sameAs":["https:\/\/www.facebook.com\/ToshibaStorageEU\/","https:\/\/www.linkedin.com\/company\/toshiba-electronics-europe-gmbh\/?originalSubdomain=de","https:\/\/www.youtube.com\/user\/ToshibaElectronics1"]}]}},"_links":{"self":[{"href":"https:\/\/www.toshiba-storage.com\/fr\/wp-json\/wp\/v2\/pages\/16380","targetHints":{"allow":["GET"]}}],"collection":[{"href":"https:\/\/www.toshiba-storage.com\/fr\/wp-json\/wp\/v2\/pages"}],"about":[{"href":"https:\/\/www.toshiba-storage.com\/fr\/wp-json\/wp\/v2\/types\/page"}],"author":[{"embeddable":true,"href":"https:\/\/www.toshiba-storage.com\/fr\/wp-json\/wp\/v2\/users\/11"}],"replies":[{"embeddable":true,"href":"https:\/\/www.toshiba-storage.com\/fr\/wp-json\/wp\/v2\/comments?post=16380"}],"version-history":[{"count":0,"href":"https:\/\/www.toshiba-storage.com\/fr\/wp-json\/wp\/v2\/pages\/16380\/revisions"}],"up":[{"embeddable":true,"href":"https:\/\/www.toshiba-storage.com\/fr\/wp-json\/wp\/v2\/pages\/16329"}],"wp:attachment":[{"href":"https:\/\/www.toshiba-storage.com\/fr\/wp-json\/wp\/v2\/media?parent=16380"}],"curies":[{"name":"wp","href":"https:\/\/api.w.org\/{rel}","templated":true}]}}