{"id":11865,"date":"2017-10-26T13:00:58","date_gmt":"2017-10-26T11:00:58","guid":{"rendered":"https:\/\/toshibaelectronicseuropegmbh.preview.pslsrv.com\/responsabilites-pour-le-produit\/"},"modified":"2025-03-17T15:13:28","modified_gmt":"2025-03-17T14:13:28","slug":"product-disclaimer","status":"publish","type":"page","link":"https:\/\/www.toshiba-storage.com\/fr\/product-disclaimer\/","title":{"rendered":"Responsabilit\u00e9s pour le produit"},"content":{"rendered":"<div class=\"wpb-content-wrapper\"><p>[vc_row][vc_column width=&#8221;1\/2&#8243;][vc_column_text css=&#8221;&#8221;]<\/p>\n<h2>Avis de non-responsabilit\u00e9 g\u00e9n\u00e9ral<\/h2>\n<ol>\n<li style=\"margin-bottom: 15px;\">Caract\u00e9ristiques techniques des produits Toutes les caract\u00e9ristiques des produits mentionn\u00e9es varient selon le mod\u00e8le, la configuration et la disponibilit\u00e9 locale.<\/li>\n<li style=\"margin-bottom: 15px;\">Garantie<br \/>\nToshiba d\u00e9cline toute autre responsabilit\u00e9 au-del\u00e0 de celles contenues dans la description par Toshiba du produit ou conform\u00e9ment \u00e0 la loi.<\/li>\n<li style=\"margin-bottom: 15px;\">Capacit\u00e9<br \/>\nUn gigaoctet (1\u00a0Go) correspond \u00e0 10 9 = 1\u00a0000\u00a0000\u00a0000\u00a0octets et un t\u00e9raoctet (1\u00a0To) correspond \u00e0 10 12 = 1\u00a0000\u00a0000\u00a0000\u00a0000\u00a0octets rapport\u00e9s \u00e0 la puissance\u00a010. Cependant, sur les syst\u00e8mes d&#8217;exploitation, la capacit\u00e9 de stockage \u00e9tant rapport\u00e9e \u00e0 la puissance 2 (1\u00a0Go = 2 30 = 1\u00a0073\u00a0741\u00a0824\u00a0octets et 1\u00a0To =<br \/>\n2 40 = 1\u00a0099\u00a0511\u00a0627\u00a0776\u00a0octets), la capacit\u00e9 de stockage indiqu\u00e9e est moindre. La capacit\u00e9 de stockage disponible (y compris les exemples de diff\u00e9rents fichiers multim\u00e9dias) sera variable en fonction de la taille des fichiers, du formatage, des param\u00e8tres, des logiciels, du syst\u00e8me d&#8217;exploitation et d&#8217;autres facteurs.<\/li>\n<li style=\"margin-bottom: 15px;\">Vitesse de lecture et d&#8217;\u00e9criture<br \/>\nLa vitesse de lecture et d&#8217;\u00e9criture peut varier selon le p\u00e9riph\u00e9rique h\u00f4te, les conditions et la taille des fichiers.<\/li>\n<li style=\"margin-bottom: 15px;\">Poids<br \/>\nLe poids peut varier en fonction de la configuration du produit, des composants du fournisseur, de la variabilit\u00e9 des techniques de fabrication et des options s\u00e9lectionn\u00e9es.<\/li>\n<li style=\"margin-bottom: 15px;\">LAN sans fil pour 802.11b, g et n<br \/>\nLa vitesse de transmission et la distance accessible sur un r\u00e9seau LAN sans fil peuvent varier en fonction de l&#8217;environnement \u00e9lectromagn\u00e9tique, des obstacles, de la conception et de la configuration du point d&#8217;acc\u00e8s, de la conception du client et des configurations logicielles\/mat\u00e9rielles. La vitesse de transmission r\u00e9elle peut \u00eatre inf\u00e9rieure \u00e0 la vitesse maximale th\u00e9orique.<\/li>\n<li style=\"margin-bottom: 15px;\">Sous r\u00e9serve de modifications<br \/>\nToshiba a d\u00e9ploy\u00e9 tous les efforts au moment de la publication pour garantir l&#8217;exactitude des informations fournies, mais les caract\u00e9ristiques techniques des produits, les configurations, les prix<br \/>\net la disponibilit\u00e9 des composants\/options ou du syst\u00e8me peuvent tous faire l&#8217;objet de modifications sans pr\u00e9avis. Les sp\u00e9cifications des produits et les couleurs peuvent faire l&#8217;objet de modifications sans pr\u00e9avis et diff\u00e9rer des exemples illustr\u00e9s. Document non garanti exempt d&#8217;erreurs et d&#8217;omissions.<\/li>\n<li style=\"margin-bottom: 15px;\">Images<br \/>\nLes images figurant sur les pages du site Web ne sont fournies qu&#8217;\u00e0 des fins d&#8217;illustration. Les images visent \u00e0 illustrer une fonction et n&#8217;indiquent pas de diff\u00e9rences relatives r\u00e9elles.<\/li>\n<\/ol>\n<p>[\/vc_column_text][\/vc_column][vc_column width=&#8221;1\/2&#8243;][vc_column_text css=&#8221;&#8221;]<\/p>\n<h2>Avis de non-responsabilit\u00e9 concernant les mod\u00e8les et r\u00e9f\u00e9rences juridiques en bas de page<\/h2>\n<ol>\n<li style=\"margin-bottom: 15px;\">Windows est une marque commerciale, d\u00e9pos\u00e9e ou non, de Microsoft\u00a0Corporation aux \u00c9tats- Unis et\/ou dans d&#8217;autres pays.<\/li>\n<li style=\"margin-bottom: 15px;\">Mac, OS\u00a0X et Time\u00a0Machine sont des marques commerciales d&#8217;Apple\u00a0Inc., d\u00e9pos\u00e9es aux \u00c9tats-Unis et dans d&#8217;autres pays.<\/li>\n<li style=\"margin-bottom: 15px;\">Android TM est une marque commerciale de Google\u00a0Inc.<\/li>\n<li style=\"margin-bottom: 15px;\">USB Type-C\u00ae et USB-C\u00ae sont des marque commerciale de USB Implementers Forum et ne peuvent \u00eatre utilis\u00e9es qu&#8217;avec des produits bas\u00e9s sur et conformes \u00e0 la sp\u00e9cification du c\u00e2ble et du connecteur USB Type-C\u00ae.<\/li>\n<\/ol>\n<p>Canvio for Smartphone<\/p>\n<ol start=\"5\">\n<li style=\"margin-bottom: 15px;\">Pour que la sauvegarde et la charge automatiques puissent \u00eatre activ\u00e9es, le smartphone Android doit \u00eatre allum\u00e9 et disposer d&#8217;une charge de batterie suffisante, et l&#8217;application associ\u00e9e doit \u00eatre install\u00e9e.<\/li>\n<li style=\"margin-bottom: 15px;\">Selon le niveau de charge de la batterie du smartphone, la sauvegarde risque de ne pas s&#8217;ex\u00e9cuter.<\/li>\n<\/ol>\n<p>E300, P300, N300, X300<\/p>\n<ol start=\"7\">\n<li style=\"margin-bottom: 15px;\">En ce qui concerne les Racks de disque pris en charge, veuillez contacter votre fournisseur de solutions\u00a0; en effet, la compatibilit\u00e9 avec le p\u00e9riph\u00e9rique h\u00f4te varie en fonction du syst\u00e8me.<\/li>\n<li style=\"margin-bottom: 15px;\">L&#8217;emplacement de l&#8217;orifice de montage inf\u00e9rieur peut varier d&#8217;un produit \u00e0 l&#8217;autre. Pour plus d&#8217;informations, veuillez consulter le site Web suivant\u00a0: https:\/\/toshiba.semicon-storage.com\/us\/design-support\/faq\/storage- holes.html<\/li>\n<\/ol>\n<p>Canvio Gaming<\/p>\n<ol start=\"9\">\n<li style=\"margin-bottom: 15px;\">L&#8217;estimation du volume de stockage des jeux s&#8217;appuie sur l\u2019hypoth\u00e8se que les jeux de la g\u00e9n\u00e9ration actuelle occupent en moyenne 36\u00a0Go. Le nombre r\u00e9el de jeux stock\u00e9s varie en fonction de la taille des fichiers, du formatage, du logiciel de la console, des autres programmes et d&#8217;autres facteurs. La confirmation de la propri\u00e9t\u00e9 des jeux achet\u00e9s et charg\u00e9s depuis un disque peut n\u00e9cessiter les disques d&#8217;origine. Une connexion Internet et le compte d&#8217;origine du propri\u00e9taire du jeu peuvent \u00e9galement \u00eatre requis.<\/li>\n<\/ol>\n<p>[\/vc_column_text][\/vc_column][\/vc_row]<\/p>\n<\/div>","protected":false},"excerpt":{"rendered":"<p>[vc_row][vc_column width=&#8221;1\/2&#8243;][vc_column_text css=&#8221;&#8221;] Avis de non-responsabilit\u00e9 g\u00e9n\u00e9ral Caract\u00e9ristiques techniques des produits Toutes les caract\u00e9ristiques des produits mentionn\u00e9es varient selon le mod\u00e8le, la configuration et la disponibilit\u00e9 locale. Garantie Toshiba d\u00e9cline toute autre responsabilit\u00e9 au-del\u00e0 de celles contenues dans la description par Toshiba du produit ou conform\u00e9ment \u00e0 la loi. Capacit\u00e9 Un gigaoctet (1\u00a0Go) correspond \u00e0 &hellip;<\/p>\n","protected":false},"author":43,"featured_media":0,"parent":0,"menu_order":0,"comment_status":"closed","ping_status":"closed","template":"page-legal.php","meta":{"_acf_changed":false,"footnotes":""},"class_list":["post-11865","page","type-page","status-publish","hentry"],"acf":[],"yoast_head":"<!-- This site is optimized with the Yoast SEO Premium plugin v27.3 (Yoast SEO v27.3) - https:\/\/yoast.com\/product\/yoast-seo-premium-wordpress\/ -->\n<title>Responsabilit\u00e9s pour le produit - EMEA<\/title>\n<meta name=\"robots\" content=\"index, follow, max-snippet:-1, max-image-preview:large, max-video-preview:-1\" \/>\n<link rel=\"canonical\" href=\"https:\/\/www.toshiba-storage.com\/fr\/product-disclaimer\/\" \/>\n<meta property=\"og:locale\" content=\"fr_FR\" \/>\n<meta property=\"og:type\" content=\"article\" \/>\n<meta property=\"og:title\" content=\"Responsabilit\u00e9s pour le produit\" \/>\n<meta property=\"og:description\" content=\"[vc_row][vc_column width=&#8221;1\/2&#8243;][vc_column_text css=&#8221;&#8221;] Avis de non-responsabilit\u00e9 g\u00e9n\u00e9ral Caract\u00e9ristiques techniques des produits Toutes les caract\u00e9ristiques des produits mentionn\u00e9es varient selon le mod\u00e8le, la configuration et la disponibilit\u00e9 locale. Garantie Toshiba d\u00e9cline toute autre responsabilit\u00e9 au-del\u00e0 de celles contenues dans la description par Toshiba du produit ou conform\u00e9ment \u00e0 la loi. Capacit\u00e9 Un gigaoctet (1\u00a0Go) correspond \u00e0 &hellip;\" \/>\n<meta property=\"og:url\" content=\"https:\/\/www.toshiba-storage.com\/fr\/product-disclaimer\/\" \/>\n<meta property=\"og:site_name\" content=\"EMEA\" \/>\n<meta property=\"article:publisher\" content=\"https:\/\/www.facebook.com\/ToshibaStorageEU\/\" \/>\n<meta property=\"article:modified_time\" content=\"2025-03-17T14:13:28+00:00\" \/>\n<meta name=\"twitter:card\" content=\"summary_large_image\" \/>\n<meta name=\"twitter:label1\" content=\"Est. reading time\" \/>\n\t<meta name=\"twitter:data1\" content=\"3 minutes\" \/>\n<script type=\"application\/ld+json\" class=\"yoast-schema-graph\">{\"@context\":\"https:\\\/\\\/schema.org\",\"@graph\":[{\"@type\":\"WebPage\",\"@id\":\"https:\\\/\\\/www.toshiba-storage.com\\\/fr\\\/product-disclaimer\\\/\",\"url\":\"https:\\\/\\\/www.toshiba-storage.com\\\/fr\\\/product-disclaimer\\\/\",\"name\":\"Responsabilit\u00e9s pour le produit - EMEA\",\"isPartOf\":{\"@id\":\"https:\\\/\\\/www.toshiba-storage.com\\\/fr\\\/#website\"},\"datePublished\":\"2017-10-26T11:00:58+00:00\",\"dateModified\":\"2025-03-17T14:13:28+00:00\",\"inLanguage\":\"fr-FR\",\"potentialAction\":[{\"@type\":\"ReadAction\",\"target\":[\"https:\\\/\\\/www.toshiba-storage.com\\\/fr\\\/product-disclaimer\\\/\"]}]},{\"@type\":\"WebSite\",\"@id\":\"https:\\\/\\\/www.toshiba-storage.com\\\/fr\\\/#website\",\"url\":\"https:\\\/\\\/www.toshiba-storage.com\\\/fr\\\/\",\"name\":\"Toshiba Storage Solutions \u2013 EMEA Region\",\"description\":\"Toshiba in Europe and Middle East Asia provides reliable and innovative storage solutions and internal and external HDDs \u2013for Laptops, PC, NAS, Surveillance and Enterprise.\",\"publisher\":{\"@id\":\"https:\\\/\\\/www.toshiba-storage.com\\\/fr\\\/#organization\"},\"potentialAction\":[{\"@type\":\"SearchAction\",\"target\":{\"@type\":\"EntryPoint\",\"urlTemplate\":\"https:\\\/\\\/www.toshiba-storage.com\\\/fr\\\/?s={search_term_string}\"},\"query-input\":{\"@type\":\"PropertyValueSpecification\",\"valueRequired\":true,\"valueName\":\"search_term_string\"}}],\"inLanguage\":\"fr-FR\"},{\"@type\":\"Organization\",\"@id\":\"https:\\\/\\\/www.toshiba-storage.com\\\/fr\\\/#organization\",\"name\":\"Toshiba Electronics Europe GmbH\",\"url\":\"https:\\\/\\\/www.toshiba-storage.com\\\/fr\\\/\",\"logo\":{\"@type\":\"ImageObject\",\"inLanguage\":\"fr-FR\",\"@id\":\"https:\\\/\\\/www.toshiba-storage.com\\\/fr\\\/#\\\/schema\\\/logo\\\/image\\\/\",\"url\":\"https:\\\/\\\/www.toshiba-storage.com\\\/wp\\\/wp-content\\\/uploads\\\/2024\\\/02\\\/toshiba-logo.png\",\"contentUrl\":\"https:\\\/\\\/www.toshiba-storage.com\\\/wp\\\/wp-content\\\/uploads\\\/2024\\\/02\\\/toshiba-logo.png\",\"width\":263,\"height\":40,\"caption\":\"Toshiba Electronics Europe GmbH\"},\"image\":{\"@id\":\"https:\\\/\\\/www.toshiba-storage.com\\\/fr\\\/#\\\/schema\\\/logo\\\/image\\\/\"},\"sameAs\":[\"https:\\\/\\\/www.facebook.com\\\/ToshibaStorageEU\\\/\",\"https:\\\/\\\/www.linkedin.com\\\/company\\\/toshiba-electronics-europe-gmbh\\\/?originalSubdomain=de\",\"https:\\\/\\\/www.youtube.com\\\/user\\\/ToshibaElectronics1\"]}]}<\/script>\n<!-- \/ Yoast SEO Premium plugin. -->","yoast_head_json":{"title":"Responsabilit\u00e9s pour le produit - EMEA","robots":{"index":"index","follow":"follow","max-snippet":"max-snippet:-1","max-image-preview":"max-image-preview:large","max-video-preview":"max-video-preview:-1"},"canonical":"https:\/\/www.toshiba-storage.com\/fr\/product-disclaimer\/","og_locale":"fr_FR","og_type":"article","og_title":"Responsabilit\u00e9s pour le produit","og_description":"[vc_row][vc_column width=&#8221;1\/2&#8243;][vc_column_text css=&#8221;&#8221;] Avis de non-responsabilit\u00e9 g\u00e9n\u00e9ral Caract\u00e9ristiques techniques des produits Toutes les caract\u00e9ristiques des produits mentionn\u00e9es varient selon le mod\u00e8le, la configuration et la disponibilit\u00e9 locale. Garantie Toshiba d\u00e9cline toute autre responsabilit\u00e9 au-del\u00e0 de celles contenues dans la description par Toshiba du produit ou conform\u00e9ment \u00e0 la loi. Capacit\u00e9 Un gigaoctet (1\u00a0Go) correspond \u00e0 &hellip;","og_url":"https:\/\/www.toshiba-storage.com\/fr\/product-disclaimer\/","og_site_name":"EMEA","article_publisher":"https:\/\/www.facebook.com\/ToshibaStorageEU\/","article_modified_time":"2025-03-17T14:13:28+00:00","twitter_card":"summary_large_image","twitter_misc":{"Est. reading time":"3 minutes"},"schema":{"@context":"https:\/\/schema.org","@graph":[{"@type":"WebPage","@id":"https:\/\/www.toshiba-storage.com\/fr\/product-disclaimer\/","url":"https:\/\/www.toshiba-storage.com\/fr\/product-disclaimer\/","name":"Responsabilit\u00e9s pour le produit - EMEA","isPartOf":{"@id":"https:\/\/www.toshiba-storage.com\/fr\/#website"},"datePublished":"2017-10-26T11:00:58+00:00","dateModified":"2025-03-17T14:13:28+00:00","inLanguage":"fr-FR","potentialAction":[{"@type":"ReadAction","target":["https:\/\/www.toshiba-storage.com\/fr\/product-disclaimer\/"]}]},{"@type":"WebSite","@id":"https:\/\/www.toshiba-storage.com\/fr\/#website","url":"https:\/\/www.toshiba-storage.com\/fr\/","name":"Toshiba Storage Solutions \u2013 EMEA Region","description":"Toshiba in Europe and Middle East Asia provides reliable and innovative storage solutions and internal and external HDDs \u2013for Laptops, PC, NAS, Surveillance and Enterprise.","publisher":{"@id":"https:\/\/www.toshiba-storage.com\/fr\/#organization"},"potentialAction":[{"@type":"SearchAction","target":{"@type":"EntryPoint","urlTemplate":"https:\/\/www.toshiba-storage.com\/fr\/?s={search_term_string}"},"query-input":{"@type":"PropertyValueSpecification","valueRequired":true,"valueName":"search_term_string"}}],"inLanguage":"fr-FR"},{"@type":"Organization","@id":"https:\/\/www.toshiba-storage.com\/fr\/#organization","name":"Toshiba Electronics Europe GmbH","url":"https:\/\/www.toshiba-storage.com\/fr\/","logo":{"@type":"ImageObject","inLanguage":"fr-FR","@id":"https:\/\/www.toshiba-storage.com\/fr\/#\/schema\/logo\/image\/","url":"https:\/\/www.toshiba-storage.com\/wp\/wp-content\/uploads\/2024\/02\/toshiba-logo.png","contentUrl":"https:\/\/www.toshiba-storage.com\/wp\/wp-content\/uploads\/2024\/02\/toshiba-logo.png","width":263,"height":40,"caption":"Toshiba Electronics Europe GmbH"},"image":{"@id":"https:\/\/www.toshiba-storage.com\/fr\/#\/schema\/logo\/image\/"},"sameAs":["https:\/\/www.facebook.com\/ToshibaStorageEU\/","https:\/\/www.linkedin.com\/company\/toshiba-electronics-europe-gmbh\/?originalSubdomain=de","https:\/\/www.youtube.com\/user\/ToshibaElectronics1"]}]}},"_links":{"self":[{"href":"https:\/\/www.toshiba-storage.com\/fr\/wp-json\/wp\/v2\/pages\/11865","targetHints":{"allow":["GET"]}}],"collection":[{"href":"https:\/\/www.toshiba-storage.com\/fr\/wp-json\/wp\/v2\/pages"}],"about":[{"href":"https:\/\/www.toshiba-storage.com\/fr\/wp-json\/wp\/v2\/types\/page"}],"author":[{"embeddable":true,"href":"https:\/\/www.toshiba-storage.com\/fr\/wp-json\/wp\/v2\/users\/43"}],"replies":[{"embeddable":true,"href":"https:\/\/www.toshiba-storage.com\/fr\/wp-json\/wp\/v2\/comments?post=11865"}],"version-history":[{"count":0,"href":"https:\/\/www.toshiba-storage.com\/fr\/wp-json\/wp\/v2\/pages\/11865\/revisions"}],"wp:attachment":[{"href":"https:\/\/www.toshiba-storage.com\/fr\/wp-json\/wp\/v2\/media?parent=11865"}],"curies":[{"name":"wp","href":"https:\/\/api.w.org\/{rel}","templated":true}]}}