{"id":10515,"date":"2017-10-15T14:26:57","date_gmt":"2017-10-15T12:26:57","guid":{"rendered":"https:\/\/toshibaelectronicseuropegmbh.preview.pslsrv.com\/contact\/"},"modified":"2025-12-03T08:49:32","modified_gmt":"2025-12-03T07:49:32","slug":"contact","status":"publish","type":"page","link":"https:\/\/www.toshiba-storage.com\/fr\/contact\/","title":{"rendered":"Contact"},"content":{"rendered":"<div class=\"wpb-content-wrapper\"><p>[vc_row][vc_column width=&#8221;1\/3&#8243;][vc_column_text]<strong>\u00c9tape 1:<\/strong><\/p>\n<p>Quelles informations recherchez-vous ?[\/vc_column_text][\/vc_column][vc_column width=&#8221;1\/3&#8243;][vc_column_text]<strong>\u00c9tape 2:<\/strong><\/p>\n<p>Commencez par faire des recherches sur cette page, par exemple dans les FAQ, les archives, les didacticiels vid\u00e9o, etc.[\/vc_column_text][\/vc_column][vc_column width=&#8221;1\/3&#8243;][vc_column_text css=&#8221;&#8221;]<strong>\u00c9tape 3:<\/strong><\/p>\n<p>Pour les demandes de garantie, veuillez suivre le lien ci-dessous. Pour toute question d&#8217;ordre g\u00e9n\u00e9ral, contactez notre centre de service.<\/p>\n<p><a href=\"https:\/\/www.toshiba-storage.com\/warranty-claims\/\">En savoir plus sur les demandes de garantie<\/a>[\/vc_column_text][\/vc_column][\/vc_row][vc_row][vc_column][vc_column_text]Veuillez contacter notre ligne d&#8217;assistance gratuite (uniquement en anglais et en allemand) si vous avez besoin d&#8217;autres informations.<\/p>\n<p><strong>00800-THOTLINE (84685463)<\/strong>[\/vc_column_text][\/vc_column][\/vc_row][vc_row css=&#8221;.vc_custom_1542152086144{padding-bottom: 0px !important;}&#8221;][vc_column][vc_column_text css=&#8221;.vc_custom_1543530962428{margin-bottom: 0px !important;border-bottom-width: 0px !important;padding-bottom: 0px !important;}&#8221;]<strong>Pays pris en charge:<\/strong>[\/vc_column_text][vc_row_inner css=&#8221;.vc_custom_1542151967621{padding-bottom: 0px !important;}&#8221;][vc_column_inner width=&#8221;1\/3&#8243;]<p class=\"toshiba-country-list-item\" style=\"background-image: url(https:\/\/www.toshiba-storage.com\/wp\/wp-content\/themes\/toshiba\/assets\/images\/icon-at.png);\">Autriche<\/p><p class=\"toshiba-country-list-item\" style=\"background-image: url(https:\/\/www.toshiba-storage.com\/wp\/wp-content\/themes\/toshiba\/assets\/images\/icon-be.png);\">Belgique<\/p><p class=\"toshiba-country-list-item\" style=\"background-image: url(https:\/\/www.toshiba-storage.com\/wp\/wp-content\/themes\/toshiba\/assets\/images\/icon-dk.png);\">Danemark<\/p><p class=\"toshiba-country-list-item\" style=\"background-image: url(https:\/\/www.toshiba-storage.com\/wp\/wp-content\/themes\/toshiba\/assets\/images\/icon-fi.png);\">Finlande<\/p><p class=\"toshiba-country-list-item\" style=\"background-image: url(https:\/\/www.toshiba-storage.com\/wp\/wp-content\/themes\/toshiba\/assets\/images\/icon-fr.png);\">France<\/p>[\/vc_column_inner][vc_column_inner width=&#8221;1\/3&#8243;]<p class=\"toshiba-country-list-item\" style=\"background-image: url(https:\/\/www.toshiba-storage.com\/wp\/wp-content\/themes\/toshiba\/assets\/images\/icon-de.png);\">Allemagne<\/p><p class=\"toshiba-country-list-item\" style=\"background-image: url(https:\/\/www.toshiba-storage.com\/wp\/wp-content\/themes\/toshiba\/assets\/images\/icon-ie.png);\">Irlande<\/p><p class=\"toshiba-country-list-item\" style=\"background-image: url(https:\/\/www.toshiba-storage.com\/wp\/wp-content\/themes\/toshiba\/assets\/images\/icon-il.png);\">Isra\u00ebl<\/p><p class=\"toshiba-country-list-item\" style=\"background-image: url(https:\/\/www.toshiba-storage.com\/wp\/wp-content\/themes\/toshiba\/assets\/images\/icon-it.png);\">Italie<\/p><p class=\"toshiba-country-list-item\" style=\"background-image: url(https:\/\/www.toshiba-storage.com\/wp\/wp-content\/themes\/toshiba\/assets\/images\/icon-nl.png);\">Pays-Bas<\/p>[\/vc_column_inner][vc_column_inner width=&#8221;1\/3&#8243;]<p class=\"toshiba-country-list-item\" style=\"background-image: url(https:\/\/www.toshiba-storage.com\/wp\/wp-content\/themes\/toshiba\/assets\/images\/icon-no.png);\">Norv\u00e8ge<\/p><p class=\"toshiba-country-list-item\" style=\"background-image: url(https:\/\/www.toshiba-storage.com\/wp\/wp-content\/themes\/toshiba\/assets\/images\/icon-es.png);\">Espagne<\/p><p class=\"toshiba-country-list-item\" style=\"background-image: url(https:\/\/www.toshiba-storage.com\/wp\/wp-content\/themes\/toshiba\/assets\/images\/icon-se.png);\">Su\u00e8de<\/p><p class=\"toshiba-country-list-item\" style=\"background-image: url(https:\/\/www.toshiba-storage.com\/wp\/wp-content\/themes\/toshiba\/assets\/images\/icon-ch.png);\">Suisse<\/p><p class=\"toshiba-country-list-item\" style=\"background-image: url(https:\/\/www.toshiba-storage.com\/wp\/wp-content\/themes\/toshiba\/assets\/images\/icon-gb.png);\">Royaume-Uni<\/p>[\/vc_column_inner][\/vc_row_inner][vc_row_inner css=&#8221;.vc_custom_1542152023653{padding-bottom: 0px !important;}&#8221; el_class=&#8221;toshiba-note&#8221;][vc_column_inner width=&#8221;1\/3&#8243;][vc_column_text]Pour tous les autres pays\u00a0: +49 (0) 1805-834373 (appel payant)*[\/vc_column_text][\/vc_column_inner][vc_column_inner width=&#8221;1\/3&#8243;][vc_column_text]*0,14\u00a0\u20ac\/min depuis une ligne fixe Deutsche Telekom (ce tarif peut \u00eatre diff\u00e9rent pour les appels pass\u00e9s depuis un t\u00e9l\u00e9phone portable)[\/vc_column_text][\/vc_column_inner][vc_column_inner width=&#8221;1\/3&#8243;][vc_column_text]Ce service est actuellement disponible du lundi au vendredi de 09\u00a0h 00 \u00e0 18\u00a0h 00 (CET)\/08\u00a0h 00 \u00e0 17\u00a0h 00 (GMT)[\/vc_column_text][\/vc_column_inner][\/vc_row_inner][\/vc_column][\/vc_row][vc_row][vc_column]<div class=\"wpforms-container wpforms-container-full toshiba-contat-form\" id=\"wpforms-51737\"><form id=\"wpforms-form-51737\" class=\"wpforms-validate wpforms-form wpforms-ajax-form\" data-formid=\"51737\" method=\"post\" enctype=\"multipart\/form-data\" action=\"\/fr\/wp-json\/wp\/v2\/pages\/10515\" data-token=\"695f3c57d7fdd5528900fb0a32d927e4\" data-token-time=\"1775546126\"><noscript class=\"wpforms-error-noscript\">Please enable JavaScript in your browser to complete this form.<\/noscript><div class=\"wpforms-field-container\"><div id=\"wpforms-51737-field_0-container\" class=\"wpforms-field wpforms-field-name\" data-field-id=\"0\"><label class=\"wpforms-field-label\" for=\"wpforms-51737-field_0\">Nom <span class=\"wpforms-required-label\">*<\/span><\/label><input type=\"text\" id=\"wpforms-51737-field_0\" class=\"wpforms-field-large wpforms-field-required\" name=\"wpforms[fields][0]\" required><\/div><div id=\"wpforms-51737-field_12-container\" class=\"wpforms-field wpforms-field-name\" data-field-id=\"12\"><label class=\"wpforms-field-label\" for=\"wpforms-51737-field_12\">Pr\u00e9nom <span class=\"wpforms-required-label\">*<\/span><\/label><input type=\"text\" id=\"wpforms-51737-field_12\" class=\"wpforms-field-large wpforms-field-required\" name=\"wpforms[fields][12]\" required><\/div><div id=\"wpforms-51737-field_1-container\" class=\"wpforms-field wpforms-field-email\" data-field-id=\"1\"><label class=\"wpforms-field-label\" for=\"wpforms-51737-field_1\">Courriel <span class=\"wpforms-required-label\">*<\/span><\/label><input type=\"email\" id=\"wpforms-51737-field_1\" class=\"wpforms-field-large wpforms-field-required\" name=\"wpforms[fields][1]\" spellcheck=\"false\" required><\/div><div id=\"wpforms-51737-field_11-container\" class=\"wpforms-field wpforms-field-text\" data-field-id=\"11\"><label class=\"wpforms-field-label\" for=\"wpforms-51737-field_11\">Pays<\/label><input type=\"text\" id=\"wpforms-51737-field_11\" class=\"wpforms-field-large\" name=\"wpforms[fields][11]\" ><\/div><div id=\"wpforms-51737-field_10-container\" class=\"wpforms-field wpforms-field-text\" data-field-id=\"10\"><label class=\"wpforms-field-label\" for=\"wpforms-51737-field_10\">Adresse<\/label><input type=\"text\" id=\"wpforms-51737-field_10\" class=\"wpforms-field-large\" name=\"wpforms[fields][10]\" ><\/div><div id=\"wpforms-51737-field_4-container\" class=\"wpforms-field wpforms-field-select wpforms-field-select-style-classic\" data-field-id=\"4\"><label class=\"wpforms-field-label\" for=\"wpforms-51737-field_4\">S\u00e9lectionnez la cat\u00e9gorie du produit<\/label><select id=\"wpforms-51737-field_4\" class=\"wpforms-field-large\" name=\"wpforms[fields][4]\"><option value=\"\" class=\"placeholder\" disabled  selected='selected'>S\u00e9lectionnez la cat\u00e9gorie du produit<\/option><option value=\"254\"  class=\"choice-0 depth-1\"  >Bureau<\/option><option value=\"1189\"  class=\"choice-1 depth-1\"  >Disques Internes<\/option><option value=\"6587\"  class=\"choice-2 depth-1\"  >Entreprise<\/option><option value=\"65\"  class=\"choice-3 depth-1\"  >Mobil<\/option><option value=\"9344\"  class=\"choice-4 depth-1\"  >NAS<\/option><option value=\"9333\"  class=\"choice-5 depth-1\"  >PC<\/option><option value=\"269\"  class=\"choice-6 depth-1\"  >Portables<\/option><option value=\"261\"  class=\"choice-7 depth-1\"  >Stockage sur Smartphone<\/option><option value=\"9322\"  class=\"choice-8 depth-1\"  >Surveillance\/vid\u00e9o<\/option><option value=\"14148\"  class=\"choice-9 depth-1\"  >Video\/Surveillance<\/option><\/select><\/div><div id=\"wpforms-51737-field_5-container\" class=\"wpforms-field wpforms-field-select wpforms-field-select-style-classic\" data-field-id=\"5\"><label class=\"wpforms-field-label\" for=\"wpforms-51737-field_5\">S\u00e9lectionnez un sujet<\/label><select id=\"wpforms-51737-field_5\" class=\"wpforms-field-large\" name=\"wpforms[fields][5]\"><option value=\"\" class=\"placeholder\" disabled  selected='selected'>S\u00e9lectionnez un sujet<\/option><option value=\"Informations g\u00e9n\u00e9rales\"  class=\"choice-1 depth-1\"  >Informations g\u00e9n\u00e9rales<\/option><option value=\"Assistance sur la garantie\"  class=\"choice-2 depth-1\"  >Assistance sur la garantie<\/option><option value=\"Services\"  class=\"choice-3 depth-1\"  >Services<\/option><\/select><\/div><div id=\"wpforms-51737-field_2-container\" class=\"wpforms-field wpforms-field-textarea\" data-field-id=\"2\"><label class=\"wpforms-field-label\" for=\"wpforms-51737-field_2\">Ins\u00e9rez vos commentaires <span class=\"wpforms-required-label\">*<\/span><\/label><textarea id=\"wpforms-51737-field_2\" class=\"wpforms-field-medium wpforms-field-required\" name=\"wpforms[fields][2]\" required><\/textarea><\/div><div id=\"wpforms-51737-field_7-container\" class=\"wpforms-field wpforms-field-checkbox contact-form-terms\" data-field-id=\"7\"><label class=\"wpforms-field-label wpforms-label-hide\">Terms <span class=\"wpforms-required-label\">*<\/span><\/label><ul id=\"wpforms-51737-field_7\" class=\"wpforms-field-required\"><li class=\"choice-1 depth-1\"><input type=\"checkbox\" id=\"wpforms-51737-field_7_1\" name=\"wpforms[fields][7][]\" value=\"J&#039;ai lu la &lt;a href=&quot;\/fr\/privacy-policy\/&quot;&gt;d\u00e9claration de confidentialit\u00e9&lt;\/a&gt; de Toshiba et je l&#039;accepte.\" required ><label class=\"wpforms-field-label-inline\" for=\"wpforms-51737-field_7_1\">J'ai lu la <a href=\"\/fr\/privacy-policy\/\">d\u00e9claration de confidentialit\u00e9<\/a> de Toshiba et je l'accepte.<\/label><\/li><\/ul><\/div><div id=\"wpforms-51737-field_9-container\" class=\"wpforms-field wpforms-field-html\" data-field-id=\"9\"><div id=\"wpforms-51737-field_9\">* entr\u00e9es obligatoires<\/div><\/div><\/div><!-- .wpforms-field-container --><div class=\"wpforms-submit-container\" ><input type=\"hidden\" name=\"wpforms[id]\" value=\"51737\"><input type=\"hidden\" name=\"page_title\" value=\"\"><input type=\"hidden\" name=\"page_url\" value=\"https:\/\/www.toshiba-storage.com\/fr\/wp-json\/wp\/v2\/pages\/10515\"><input type=\"hidden\" name=\"url_referer\" value=\"\"><button type=\"submit\" name=\"wpforms[submit]\" id=\"wpforms-submit-51737\" class=\"wpforms-submit form-submit-button\" data-alt-text=\"Wird sendet\u2026\" data-submit-text=\"Envoyer email\" aria-live=\"assertive\" value=\"wpforms-submit\">Envoyer email<\/button><img loading=\"lazy\" decoding=\"async\" src=\"https:\/\/www.toshiba-storage.com\/wp\/wp-content\/plugins\/wpforms\/assets\/images\/submit-spin.svg\" class=\"wpforms-submit-spinner\" style=\"display: none;\" width=\"26\" height=\"26\" alt=\"Loading\"><\/div><\/form><\/div>  <!-- .wpforms-container -->[\/vc_column][\/vc_row]<\/p>\n<\/div>","protected":false},"excerpt":{"rendered":"<p>[vc_row][vc_column width=&#8221;1\/3&#8243;][vc_column_text]\u00c9tape 1: Quelles informations recherchez-vous ?[\/vc_column_text][\/vc_column][vc_column width=&#8221;1\/3&#8243;][vc_column_text]\u00c9tape 2: Commencez par faire des recherches sur cette page, par exemple dans les FAQ, les archives, les didacticiels vid\u00e9o, etc.[\/vc_column_text][\/vc_column][vc_column width=&#8221;1\/3&#8243;][vc_column_text css=&#8221;&#8221;]\u00c9tape 3: Pour les demandes de garantie, veuillez suivre le lien ci-dessous. Pour toute question d&#8217;ordre g\u00e9n\u00e9ral, contactez notre centre de service. En savoir plus sur &hellip;<\/p>\n","protected":false},"author":43,"featured_media":24183,"parent":0,"menu_order":0,"comment_status":"closed","ping_status":"closed","template":"page-support-contact.php","meta":{"_acf_changed":false,"footnotes":""},"class_list":["post-10515","page","type-page","status-publish","has-post-thumbnail","hentry"],"acf":[],"yoast_head":"<!-- This site is optimized with the Yoast SEO Premium plugin v27.2 (Yoast SEO v27.2) - https:\/\/yoast.com\/product\/yoast-seo-premium-wordpress\/ -->\n<title>Contact - EMEA<\/title>\n<meta name=\"robots\" content=\"index, follow, max-snippet:-1, max-image-preview:large, max-video-preview:-1\" \/>\n<link rel=\"canonical\" href=\"https:\/\/www.toshiba-storage.com\/fr\/contact\/\" \/>\n<meta property=\"og:locale\" content=\"fr_FR\" \/>\n<meta property=\"og:type\" content=\"article\" \/>\n<meta property=\"og:title\" content=\"Contact\" \/>\n<meta property=\"og:description\" content=\"[vc_row][vc_column width=&#8221;1\/3&#8243;][vc_column_text]\u00c9tape 1: Quelles informations recherchez-vous ?[\/vc_column_text][\/vc_column][vc_column width=&#8221;1\/3&#8243;][vc_column_text]\u00c9tape 2: Commencez par faire des recherches sur cette page, par exemple dans les FAQ, les archives, les didacticiels vid\u00e9o, etc.[\/vc_column_text][\/vc_column][vc_column width=&#8221;1\/3&#8243;][vc_column_text css=&#8221;&#8221;]\u00c9tape 3: Pour les demandes de garantie, veuillez suivre le lien ci-dessous. Pour toute question d&#8217;ordre g\u00e9n\u00e9ral, contactez notre centre de service. En savoir plus sur &hellip;\" \/>\n<meta property=\"og:url\" content=\"https:\/\/www.toshiba-storage.com\/fr\/contact\/\" \/>\n<meta property=\"og:site_name\" content=\"EMEA\" \/>\n<meta property=\"article:publisher\" content=\"https:\/\/www.facebook.com\/ToshibaStorageEU\/\" \/>\n<meta property=\"article:modified_time\" content=\"2025-12-03T07:49:32+00:00\" \/>\n<meta name=\"twitter:card\" content=\"summary_large_image\" \/>\n<meta name=\"twitter:label1\" content=\"Est. reading time\" \/>\n\t<meta name=\"twitter:data1\" content=\"2 minutes\" \/>\n<script type=\"application\/ld+json\" class=\"yoast-schema-graph\">{\"@context\":\"https:\/\/schema.org\",\"@graph\":[{\"@type\":\"WebPage\",\"@id\":\"https:\/\/www.toshiba-storage.com\/fr\/contact\/\",\"url\":\"https:\/\/www.toshiba-storage.com\/fr\/contact\/\",\"name\":\"Contact - EMEA\",\"isPartOf\":{\"@id\":\"https:\/\/www.toshiba-storage.com\/fr\/#website\"},\"primaryImageOfPage\":{\"@id\":\"https:\/\/www.toshiba-storage.com\/fr\/contact\/#primaryimage\"},\"image\":{\"@id\":\"https:\/\/www.toshiba-storage.com\/fr\/contact\/#primaryimage\"},\"thumbnailUrl\":\"\",\"datePublished\":\"2017-10-15T12:26:57+00:00\",\"dateModified\":\"2025-12-03T07:49:32+00:00\",\"inLanguage\":\"fr-FR\",\"potentialAction\":[{\"@type\":\"ReadAction\",\"target\":[\"https:\/\/www.toshiba-storage.com\/fr\/contact\/\"]}]},{\"@type\":\"ImageObject\",\"inLanguage\":\"fr-FR\",\"@id\":\"https:\/\/www.toshiba-storage.com\/fr\/contact\/#primaryimage\",\"url\":\"\",\"contentUrl\":\"\",\"width\":2000,\"height\":1333},{\"@type\":\"WebSite\",\"@id\":\"https:\/\/www.toshiba-storage.com\/fr\/#website\",\"url\":\"https:\/\/www.toshiba-storage.com\/fr\/\",\"name\":\"Toshiba Storage Solutions \u2013 EMEA Region\",\"description\":\"Toshiba in Europe and Middle East Asia provides reliable and innovative storage solutions and internal and external HDDs \u2013for Laptops, PC, NAS, Surveillance and Enterprise.\",\"publisher\":{\"@id\":\"https:\/\/www.toshiba-storage.com\/fr\/#organization\"},\"potentialAction\":[{\"@type\":\"SearchAction\",\"target\":{\"@type\":\"EntryPoint\",\"urlTemplate\":\"https:\/\/www.toshiba-storage.com\/fr\/?s={search_term_string}\"},\"query-input\":{\"@type\":\"PropertyValueSpecification\",\"valueRequired\":true,\"valueName\":\"search_term_string\"}}],\"inLanguage\":\"fr-FR\"},{\"@type\":\"Organization\",\"@id\":\"https:\/\/www.toshiba-storage.com\/fr\/#organization\",\"name\":\"Toshiba Electronics Europe GmbH\",\"url\":\"https:\/\/www.toshiba-storage.com\/fr\/\",\"logo\":{\"@type\":\"ImageObject\",\"inLanguage\":\"fr-FR\",\"@id\":\"https:\/\/www.toshiba-storage.com\/fr\/#\/schema\/logo\/image\/\",\"url\":\"https:\/\/www.toshiba-storage.com\/wp\/wp-content\/uploads\/2024\/02\/toshiba-logo.png\",\"contentUrl\":\"https:\/\/www.toshiba-storage.com\/wp\/wp-content\/uploads\/2024\/02\/toshiba-logo.png\",\"width\":263,\"height\":40,\"caption\":\"Toshiba Electronics Europe GmbH\"},\"image\":{\"@id\":\"https:\/\/www.toshiba-storage.com\/fr\/#\/schema\/logo\/image\/\"},\"sameAs\":[\"https:\/\/www.facebook.com\/ToshibaStorageEU\/\",\"https:\/\/www.linkedin.com\/company\/toshiba-electronics-europe-gmbh\/?originalSubdomain=de\",\"https:\/\/www.youtube.com\/user\/ToshibaElectronics1\"]}]}<\/script>\n<!-- \/ Yoast SEO Premium plugin. -->","yoast_head_json":{"title":"Contact - EMEA","robots":{"index":"index","follow":"follow","max-snippet":"max-snippet:-1","max-image-preview":"max-image-preview:large","max-video-preview":"max-video-preview:-1"},"canonical":"https:\/\/www.toshiba-storage.com\/fr\/contact\/","og_locale":"fr_FR","og_type":"article","og_title":"Contact","og_description":"[vc_row][vc_column width=&#8221;1\/3&#8243;][vc_column_text]\u00c9tape 1: Quelles informations recherchez-vous ?[\/vc_column_text][\/vc_column][vc_column width=&#8221;1\/3&#8243;][vc_column_text]\u00c9tape 2: Commencez par faire des recherches sur cette page, par exemple dans les FAQ, les archives, les didacticiels vid\u00e9o, etc.[\/vc_column_text][\/vc_column][vc_column width=&#8221;1\/3&#8243;][vc_column_text css=&#8221;&#8221;]\u00c9tape 3: Pour les demandes de garantie, veuillez suivre le lien ci-dessous. Pour toute question d&#8217;ordre g\u00e9n\u00e9ral, contactez notre centre de service. En savoir plus sur &hellip;","og_url":"https:\/\/www.toshiba-storage.com\/fr\/contact\/","og_site_name":"EMEA","article_publisher":"https:\/\/www.facebook.com\/ToshibaStorageEU\/","article_modified_time":"2025-12-03T07:49:32+00:00","twitter_card":"summary_large_image","twitter_misc":{"Est. reading time":"2 minutes"},"schema":{"@context":"https:\/\/schema.org","@graph":[{"@type":"WebPage","@id":"https:\/\/www.toshiba-storage.com\/fr\/contact\/","url":"https:\/\/www.toshiba-storage.com\/fr\/contact\/","name":"Contact - EMEA","isPartOf":{"@id":"https:\/\/www.toshiba-storage.com\/fr\/#website"},"primaryImageOfPage":{"@id":"https:\/\/www.toshiba-storage.com\/fr\/contact\/#primaryimage"},"image":{"@id":"https:\/\/www.toshiba-storage.com\/fr\/contact\/#primaryimage"},"thumbnailUrl":"","datePublished":"2017-10-15T12:26:57+00:00","dateModified":"2025-12-03T07:49:32+00:00","inLanguage":"fr-FR","potentialAction":[{"@type":"ReadAction","target":["https:\/\/www.toshiba-storage.com\/fr\/contact\/"]}]},{"@type":"ImageObject","inLanguage":"fr-FR","@id":"https:\/\/www.toshiba-storage.com\/fr\/contact\/#primaryimage","url":"","contentUrl":"","width":2000,"height":1333},{"@type":"WebSite","@id":"https:\/\/www.toshiba-storage.com\/fr\/#website","url":"https:\/\/www.toshiba-storage.com\/fr\/","name":"Toshiba Storage Solutions \u2013 EMEA Region","description":"Toshiba in Europe and Middle East Asia provides reliable and innovative storage solutions and internal and external HDDs \u2013for Laptops, PC, NAS, Surveillance and Enterprise.","publisher":{"@id":"https:\/\/www.toshiba-storage.com\/fr\/#organization"},"potentialAction":[{"@type":"SearchAction","target":{"@type":"EntryPoint","urlTemplate":"https:\/\/www.toshiba-storage.com\/fr\/?s={search_term_string}"},"query-input":{"@type":"PropertyValueSpecification","valueRequired":true,"valueName":"search_term_string"}}],"inLanguage":"fr-FR"},{"@type":"Organization","@id":"https:\/\/www.toshiba-storage.com\/fr\/#organization","name":"Toshiba Electronics Europe GmbH","url":"https:\/\/www.toshiba-storage.com\/fr\/","logo":{"@type":"ImageObject","inLanguage":"fr-FR","@id":"https:\/\/www.toshiba-storage.com\/fr\/#\/schema\/logo\/image\/","url":"https:\/\/www.toshiba-storage.com\/wp\/wp-content\/uploads\/2024\/02\/toshiba-logo.png","contentUrl":"https:\/\/www.toshiba-storage.com\/wp\/wp-content\/uploads\/2024\/02\/toshiba-logo.png","width":263,"height":40,"caption":"Toshiba Electronics Europe GmbH"},"image":{"@id":"https:\/\/www.toshiba-storage.com\/fr\/#\/schema\/logo\/image\/"},"sameAs":["https:\/\/www.facebook.com\/ToshibaStorageEU\/","https:\/\/www.linkedin.com\/company\/toshiba-electronics-europe-gmbh\/?originalSubdomain=de","https:\/\/www.youtube.com\/user\/ToshibaElectronics1"]}]}},"_links":{"self":[{"href":"https:\/\/www.toshiba-storage.com\/fr\/wp-json\/wp\/v2\/pages\/10515","targetHints":{"allow":["GET"]}}],"collection":[{"href":"https:\/\/www.toshiba-storage.com\/fr\/wp-json\/wp\/v2\/pages"}],"about":[{"href":"https:\/\/www.toshiba-storage.com\/fr\/wp-json\/wp\/v2\/types\/page"}],"author":[{"embeddable":true,"href":"https:\/\/www.toshiba-storage.com\/fr\/wp-json\/wp\/v2\/users\/43"}],"replies":[{"embeddable":true,"href":"https:\/\/www.toshiba-storage.com\/fr\/wp-json\/wp\/v2\/comments?post=10515"}],"version-history":[{"count":0,"href":"https:\/\/www.toshiba-storage.com\/fr\/wp-json\/wp\/v2\/pages\/10515\/revisions"}],"wp:featuredmedia":[{"embeddable":true,"href":"https:\/\/www.toshiba-storage.com\/fr\/wp-json\/"}],"wp:attachment":[{"href":"https:\/\/www.toshiba-storage.com\/fr\/wp-json\/wp\/v2\/media?parent=10515"}],"curies":[{"name":"wp","href":"https:\/\/api.w.org\/{rel}","templated":true}]}}