{"id":65206,"date":"2025-11-18T16:00:52","date_gmt":"2025-11-18T15:00:52","guid":{"rendered":"https:\/\/www.toshiba-storage.com\/?page_id=65206"},"modified":"2025-11-18T16:20:50","modified_gmt":"2025-11-18T15:20:50","slug":"declaracion-de-mision","status":"publish","type":"page","link":"https:\/\/www.toshiba-storage.com\/es\/declaracion-de-mision\/","title":{"rendered":"Declaraci\u00f3n de misi\u00f3n"},"content":{"rendered":"<section class=\"section padding-top-md padding-bottom-md bg-white\">\n    <div class=\"container\">\n<div class=\"block block--text margin-bottom-md\">\n                            <div class=\"row\">\n            <div class=\"col-xs-12 col-md-8 col-md-push-2\">\n                                    <p style=\"text-align: center\">En un mundo impulsado por los datos, nuestra misi\u00f3n es clara: proteger la base digital de la vida moderna. Con tecnolog\u00eda HDD de vanguardia y una amplia gama de productos, garantizamos que los datos del mundo sigan siendo seguros, accesibles y duraderos, tanto hoy como para las generaciones futuras.<\/p>\n                                            <\/div>\n        <\/div>\n    <\/div>\n\n\n    <div class=\"row block block--video margin-bottom-md center-width\">\n        <div class=\"col-12 col-sm-10 col-lg-8 col-sm-offset-1 col-lg-offset-2\">\n                <div class=\"wp-block-embed is-type-video wp-embed-aspect-16-9 wp-has-aspect-ratio\">\n        <div class=\"wp-block-embed__wrapper\">\n                            <div class=\"BorlabsCookie _brlbs-cb-youtube\"><div class=\"_brlbs-content-blocker\"> <div class=\"_brlbs-embed _brlbs-video-youtube\"> <img class=\"_brlbs-thumbnail\" src=\"https:\/\/www.toshiba-storage.com\/wp\/wp-content\/plugins\/borlabs-cookie\/assets\/images\/cb-no-thumbnail.png\" alt=\"YouTube\"> <div class=\"_brlbs-caption\"> <p>By loading the video, you agree to YouTube's privacy policy.<br><a href=\"https:\/\/policies.google.com\/privacy?hl=en&gl=en\" target=\"_blank\" rel=\"nofollow noopener noreferrer\">Learn more<\/a><\/p> <p><a class=\"_brlbs-btn _brlbs-icon-play-white\" href=\"#\" data-borlabs-cookie-unblock role=\"button\">Load video<\/a><\/p> <p><label><input type=\"checkbox\" name=\"unblockAll\" value=\"1\" checked> <small>Always unblock YouTube<\/small><\/label><\/p> <\/div> <\/div> <\/div><div class=\"borlabs-hide\" data-borlabs-cookie-type=\"content-blocker\" data-borlabs-cookie-id=\"youtube\"><script type=\"text\/template\">PGlmcmFtZSBsb2FkaW5nPSJsYXp5IiB3aWR0aD0iNTI1IiBoZWlnaHQ9IjI5NSIgc3JjPSJodHRwczovL3d3dy55b3V0dWJlLW5vY29va2llLmNvbS9lbWJlZC9FTmZYMlhDWDVTaz9mZWF0dXJlPW9lbWJlZCYjMDM4O3JlbD0wIiBmcmFtZWJvcmRlcj0iMCIgYWxsb3c9ImFjY2VsZXJvbWV0ZXI7IGF1dG9wbGF5OyBjbGlwYm9hcmQtd3JpdGU7IGVuY3J5cHRlZC1tZWRpYTsgZ3lyb3Njb3BlOyBwaWN0dXJlLWluLXBpY3R1cmU7IHdlYi1zaGFyZSIgcmVmZXJyZXJwb2xpY3k9InN0cmljdC1vcmlnaW4td2hlbi1jcm9zcy1vcmlnaW4iIGFsbG93ZnVsbHNjcmVlbj0iIj48L2lmcmFtZT4=<\/script><\/div><\/div>\n                    <\/div>\n    <\/div>\n        <\/div>\n    <\/div>\n\n<\/div>\n<\/section>\n\n\n<section class=\"section padding-top-md padding-bottom-md bg-white\">\n    <div class=\"container container--wide\">\n<div class=\"block block--text-image block--text-image--text-image margin-bottom-md\">\n    <div class=\"row block--text-image__row\">\n        <div class=\"col-xs-12 col-md-5 block--text-image__text\">\n                                <h2 class=\"h2 align-left \">HDD para empresas<\/h2>\n                                        <p>Nuestros productos de almacenamiento empresarial contribuyen a una sociedad conectada digitalmente, ya que protegen los datos cr\u00edticos para las empresas. Nuestros conocimientos \u00fanicos de ingenier\u00eda de HDD ofrecen la calidad que nuestros clientes y socios esperan.<\/p>\n<p>Nuestro compromiso con los requisitos de nuestros clientes nos lleva a desarrollar soluciones que cumplan sus necesidades de funcionalidad avanzada con grandes cargas de trabajo.<\/p>\n                                        <div class=\"block--button align-left\">\n                                                <a href=\"https:\/\/www.toshiba-storage.com\/es\/products\/?product_category=enterprise-hard-drives\"         class=\"button button-default \"\n            >\n        M\u00e1s informaci\u00f3n            <\/a>\n                                    <\/div>\n                    <\/div>\n        <div class=\"col-xs-12 col-md-7 block--text-image__image block--text-image__image--full\">\n                                            <img decoding=\"async\" src=\"https:\/\/www.toshiba-storage.com\/wp\/wp-content\/uploads\/2025\/10\/mission-statement-teaser-enterprise-hdd.jpg\"\n            width=\"525\"            height=\"296\"            alt=\"Enterprise HDD\"\n            class=\"\"\n            loading=\"lazy\"        \/>\n                        <\/div>\n    <\/div>\n<\/div>\n\n\n<div class=\"block block--text-image block--text-image--image-text margin-bottom-md\">\n    <div class=\"row block--text-image__row\">\n        <div class=\"col-xs-12 col-md-5 block--text-image__text\">\n                                <h2 class=\"h2 align-left \">HDD de vigilancia<\/h2>\n                                        <p>Nuestros productos de almacenamiento para vigilancia protegen a la sociedad con una tecnolog\u00eda de confianza que no descansa. Nuestra gran experiencia en ingenier\u00eda de HDD ofrece soluciones destacables para distintas aplicaciones.<\/p>\n<p>Los m\u00e1s altos est\u00e1ndares de calidad garantizan un rendimiento superior con cargas de trabajo de gran volumen. Nuestra pasi\u00f3n por las colaboraciones genera confianza a lo largo de la cadena de valor.<\/p>\n                                        <div class=\"block--button align-left\">\n                                                <a href=\"https:\/\/www.toshiba-storage.com\/es\/surveillance-solutions\/\"         class=\"button button-default \"\n            >\n        M\u00e1s informaci\u00f3n            <\/a>\n                                    <\/div>\n                    <\/div>\n        <div class=\"col-xs-12 col-md-7 block--text-image__image block--text-image__image--full\">\n                                            <img decoding=\"async\" src=\"https:\/\/www.toshiba-storage.com\/wp\/wp-content\/uploads\/2025\/10\/Toshiba_Mission_Bild4-2-1024x576.jpg\"\n            width=\"525\"            height=\"295\"            alt=\"\"\n            class=\"\"\n            loading=\"lazy\"        \/>\n                        <\/div>\n    <\/div>\n<\/div>\n\n\n<div class=\"block block--text-image block--text-image--text-image margin-bottom-md\">\n    <div class=\"row block--text-image__row\">\n        <div class=\"col-xs-12 col-md-5 block--text-image__text\">\n                                <h2 class=\"h2 align-left \">HDD NAS<\/h2>\n                                        <p>Nuestros discos duros NAS permiten a los usuarios almacenar con confianza y administrar localmente sus datos de red. Nuestra experiencia en ingenier\u00eda proporciona soluciones innovadoras al servicio de las necesidades del mundo real.<\/p>\n<p>Nuestro historial de calidad anima a los clientes a confiarnos sus datos m\u00e1s valiosos. Las relaciones consolidadas con proveedores NAS garantizan una compatibilidad sin problemas.<\/p>\n                                        <div class=\"block--button align-left\">\n                                                <a href=\"https:\/\/www.toshiba-storage.com\/es\/products\/?product_category=nas-hard-drives\"         class=\"button button-default \"\n            >\n        M\u00e1s informaci\u00f3n            <\/a>\n                                    <\/div>\n                    <\/div>\n        <div class=\"col-xs-12 col-md-7 block--text-image__image block--text-image__image--full\">\n                                            <img decoding=\"async\" src=\"https:\/\/www.toshiba-storage.com\/wp\/wp-content\/uploads\/2025\/10\/mission-statement-teaser-nas-hdd.jpg\"\n            width=\"525\"            height=\"296\"            alt=\"NAS HDD\"\n            class=\"\"\n            loading=\"lazy\"        \/>\n                        <\/div>\n    <\/div>\n<\/div>\n\n\n<div class=\"block block--text-image block--text-image--image-text margin-bottom-md\">\n    <div class=\"row block--text-image__row\">\n        <div class=\"col-xs-12 col-md-5 block--text-image__text\">\n                                <h2 class=\"h2 align-left \">Almacenamiento personal<\/h2>\n                                        <p>Nuestros productos de almacenamiento personal permiten a nuestros usuarios almacenar sus datos personales de una forma totalmente f\u00e1cil y fiable. Debido a nuestra pasi\u00f3n por la calidad, los clientes conf\u00edan en nosotros para que les ofrezcamos soluciones de confianza.<\/p>\n<p>Recurrimos a nuestra experiencia en ingenier\u00eda para crear soluciones especiales para los requisitos de los clientes. Nos esforzamos por mantener a nuestros colaboradores minoristas a largo plazo.<\/p>\n                                        <div class=\"block--button align-left\">\n                                                <a href=\"https:\/\/www.toshiba-storage.com\/es\/external-hard-drives\/\"         class=\"button button-default \"\n            >\n        M\u00e1s informaci\u00f3n            <\/a>\n                                    <\/div>\n                    <\/div>\n        <div class=\"col-xs-12 col-md-7 block--text-image__image block--text-image__image--full\">\n                                            <img decoding=\"async\" src=\"https:\/\/www.toshiba-storage.com\/wp\/wp-content\/uploads\/2025\/10\/mission-statement-teaser-personal-storage.jpg\"\n            width=\"525\"            height=\"296\"            alt=\"Personal Storage\"\n            class=\"\"\n            loading=\"lazy\"        \/>\n                        <\/div>\n    <\/div>\n<\/div>\n\n<\/div>\n<\/section>\n\n\n<section class=\"section padding-top-md padding-bottom-md bg-light-grey\">\n    <div class=\"container\">\n<div class=\"block block--text margin-bottom-md\">\n                <h2 class=\"h2 align-center \">Toshiba&#8217;s packaging concept<\/h2>\n                <div class=\"row\">\n            <div class=\"col-xs-12 col-md-8 col-md-push-2\">\n                                    <p style=\"text-align: center\">Toshiba Personal Storage\u2019s product range is clearly sorted according to performance criteria and features. With the clear colour coding and the shopping guide, customers immediately know which products best meet their requirements.<\/p>\n                                            <\/div>\n        <\/div>\n    <\/div>\n\n\n<div class=\"block block--feature-grid margin-bottom-md\">\n    <div class=\"row block--feature-grid__row\">\n                                <div class=\"col-xs-12 col-sm-6 block--feature-grid__item\">\n                                                    <img decoding=\"async\" src=\"https:\/\/www.toshiba-storage.com\/wp\/wp-content\/uploads\/2020\/08\/Shopping_Guide_Specialty_100x59.png\"\n            width=\"100\"            height=\"59\"            alt=\"Toshiba Premium\"\n            class=\"\"\n            loading=\"lazy\"        \/>\n                                                        <p><strong>Especialidad<\/strong><\/p>\n                                                    <p>La l\u00ednea de productos de especialidad de Toshiba se ha dise\u00f1ado para usuarios con requisitos de almacenamiento concretos.<\/p>\n                                            <\/div>\n                                <div class=\"col-xs-12 col-sm-6 block--feature-grid__item\">\n                                                    <img decoding=\"async\" src=\"https:\/\/www.toshiba-storage.com\/wp\/wp-content\/uploads\/2020\/08\/Shopping_Guide_Premium_100x59.png\"\n            width=\"100\"            height=\"59\"            alt=\"Toshiba Premium\"\n            class=\"\"\n            loading=\"lazy\"        \/>\n                                                        <p><strong>Premium<\/strong><\/p>\n                                                    <p>Productos Toshiba para usuarios premium que buscan un dise\u00f1o elegante, total fiabilidad y otras funciones sofisticadas. Almacenamiento Toshiba sin l\u00edmites.<\/p>\n                                            <\/div>\n                                <div class=\"col-xs-12 col-sm-6 block--feature-grid__item\">\n                                                    <img decoding=\"async\" src=\"https:\/\/www.toshiba-storage.com\/wp\/wp-content\/uploads\/2020\/08\/Shopping_Guide_Advanced_100x59.png\"\n            width=\"100\"            height=\"59\"            alt=\"Toshiba Advanced\"\n            class=\"\"\n            loading=\"lazy\"        \/>\n                                                        <p><strong>Advanced<\/strong><\/p>\n                                                    <p>Los productos de almacenamiento Advanced se han dise\u00f1ado para usuarios avanzados, para proporcionar calidad y velocidad con importantes funciones adicionales en un estuche con un dise\u00f1o moderno.<\/p>\n                                            <\/div>\n                                <div class=\"col-xs-12 col-sm-6 block--feature-grid__item\">\n                                                    <img decoding=\"async\" src=\"https:\/\/www.toshiba-storage.com\/wp\/wp-content\/uploads\/2020\/08\/Shopping_Guide_Standard.png\"\n            width=\"100\"            height=\"59\"            alt=\"Toshiba Standard\"\n            class=\"\"\n            loading=\"lazy\"        \/>\n                                                        <p><strong>Standard<\/strong><\/p>\n                                                    <p>La gama de productos para usuarios que buscan una calidad superior, una funcionalidad fiable y funciones esenciales.<\/p>\n                                            <\/div>\n            <\/div>\n<\/div>\n\n<\/div>\n<\/section>\n\n\n\n<p><\/p>\n","protected":false},"excerpt":{"rendered":"","protected":false},"author":41,"featured_media":0,"parent":0,"menu_order":0,"comment_status":"closed","ping_status":"closed","template":"page-content-sections.php","meta":{"_acf_changed":false,"footnotes":""},"class_list":["post-65206","page","type-page","status-publish","hentry"],"acf":[],"yoast_head":"<!-- This site is optimized with the Yoast SEO Premium plugin v27.3 (Yoast SEO v27.3) - https:\/\/yoast.com\/product\/yoast-seo-premium-wordpress\/ -->\n<title>Declaraci\u00f3n de misi\u00f3n - EMEA<\/title>\n<meta name=\"robots\" content=\"index, follow, max-snippet:-1, max-image-preview:large, max-video-preview:-1\" \/>\n<link rel=\"canonical\" href=\"https:\/\/www.toshiba-storage.com\/es\/declaracion-de-mision\/\" \/>\n<meta property=\"og:locale\" content=\"es_ES\" \/>\n<meta property=\"og:type\" content=\"article\" \/>\n<meta property=\"og:title\" content=\"Declaraci\u00f3n de misi\u00f3n\" \/>\n<meta property=\"og:url\" content=\"https:\/\/www.toshiba-storage.com\/es\/declaracion-de-mision\/\" \/>\n<meta property=\"og:site_name\" content=\"EMEA\" \/>\n<meta property=\"article:publisher\" content=\"https:\/\/www.facebook.com\/ToshibaStorageEU\/\" \/>\n<meta property=\"article:modified_time\" content=\"2025-11-18T15:20:50+00:00\" \/>\n<meta name=\"twitter:card\" content=\"summary_large_image\" \/>\n<script type=\"application\/ld+json\" class=\"yoast-schema-graph\">{\"@context\":\"https:\\\/\\\/schema.org\",\"@graph\":[{\"@type\":\"WebPage\",\"@id\":\"https:\\\/\\\/www.toshiba-storage.com\\\/es\\\/declaracion-de-mision\\\/\",\"url\":\"https:\\\/\\\/www.toshiba-storage.com\\\/es\\\/declaracion-de-mision\\\/\",\"name\":\"Declaraci\u00f3n de misi\u00f3n - EMEA\",\"isPartOf\":{\"@id\":\"https:\\\/\\\/www.toshiba-storage.com\\\/es\\\/#website\"},\"datePublished\":\"2025-11-18T15:00:52+00:00\",\"dateModified\":\"2025-11-18T15:20:50+00:00\",\"inLanguage\":\"es-ES\",\"potentialAction\":[{\"@type\":\"ReadAction\",\"target\":[\"https:\\\/\\\/www.toshiba-storage.com\\\/es\\\/declaracion-de-mision\\\/\"]}]},{\"@type\":\"WebSite\",\"@id\":\"https:\\\/\\\/www.toshiba-storage.com\\\/es\\\/#website\",\"url\":\"https:\\\/\\\/www.toshiba-storage.com\\\/es\\\/\",\"name\":\"Toshiba Storage Solutions \u2013 EMEA Region\",\"description\":\"Toshiba in Europe and Middle East Asia provides reliable and innovative storage solutions and internal and external HDDs \u2013for Laptops, PC, NAS, Surveillance and Enterprise.\",\"publisher\":{\"@id\":\"https:\\\/\\\/www.toshiba-storage.com\\\/es\\\/#organization\"},\"potentialAction\":[{\"@type\":\"SearchAction\",\"target\":{\"@type\":\"EntryPoint\",\"urlTemplate\":\"https:\\\/\\\/www.toshiba-storage.com\\\/es\\\/?s={search_term_string}\"},\"query-input\":{\"@type\":\"PropertyValueSpecification\",\"valueRequired\":true,\"valueName\":\"search_term_string\"}}],\"inLanguage\":\"es-ES\"},{\"@type\":\"Organization\",\"@id\":\"https:\\\/\\\/www.toshiba-storage.com\\\/es\\\/#organization\",\"name\":\"Toshiba Electronics Europe GmbH\",\"url\":\"https:\\\/\\\/www.toshiba-storage.com\\\/es\\\/\",\"logo\":{\"@type\":\"ImageObject\",\"inLanguage\":\"es-ES\",\"@id\":\"https:\\\/\\\/www.toshiba-storage.com\\\/es\\\/#\\\/schema\\\/logo\\\/image\\\/\",\"url\":\"https:\\\/\\\/www.toshiba-storage.com\\\/wp\\\/wp-content\\\/uploads\\\/2024\\\/02\\\/toshiba-logo.png\",\"contentUrl\":\"https:\\\/\\\/www.toshiba-storage.com\\\/wp\\\/wp-content\\\/uploads\\\/2024\\\/02\\\/toshiba-logo.png\",\"width\":263,\"height\":40,\"caption\":\"Toshiba Electronics Europe GmbH\"},\"image\":{\"@id\":\"https:\\\/\\\/www.toshiba-storage.com\\\/es\\\/#\\\/schema\\\/logo\\\/image\\\/\"},\"sameAs\":[\"https:\\\/\\\/www.facebook.com\\\/ToshibaStorageEU\\\/\",\"https:\\\/\\\/www.linkedin.com\\\/company\\\/toshiba-electronics-europe-gmbh\\\/?originalSubdomain=de\",\"https:\\\/\\\/www.youtube.com\\\/user\\\/ToshibaElectronics1\"]}]}<\/script>\n<!-- \/ Yoast SEO Premium plugin. -->","yoast_head_json":{"title":"Declaraci\u00f3n de misi\u00f3n - EMEA","robots":{"index":"index","follow":"follow","max-snippet":"max-snippet:-1","max-image-preview":"max-image-preview:large","max-video-preview":"max-video-preview:-1"},"canonical":"https:\/\/www.toshiba-storage.com\/es\/declaracion-de-mision\/","og_locale":"es_ES","og_type":"article","og_title":"Declaraci\u00f3n de misi\u00f3n","og_url":"https:\/\/www.toshiba-storage.com\/es\/declaracion-de-mision\/","og_site_name":"EMEA","article_publisher":"https:\/\/www.facebook.com\/ToshibaStorageEU\/","article_modified_time":"2025-11-18T15:20:50+00:00","twitter_card":"summary_large_image","schema":{"@context":"https:\/\/schema.org","@graph":[{"@type":"WebPage","@id":"https:\/\/www.toshiba-storage.com\/es\/declaracion-de-mision\/","url":"https:\/\/www.toshiba-storage.com\/es\/declaracion-de-mision\/","name":"Declaraci\u00f3n de misi\u00f3n - EMEA","isPartOf":{"@id":"https:\/\/www.toshiba-storage.com\/es\/#website"},"datePublished":"2025-11-18T15:00:52+00:00","dateModified":"2025-11-18T15:20:50+00:00","inLanguage":"es-ES","potentialAction":[{"@type":"ReadAction","target":["https:\/\/www.toshiba-storage.com\/es\/declaracion-de-mision\/"]}]},{"@type":"WebSite","@id":"https:\/\/www.toshiba-storage.com\/es\/#website","url":"https:\/\/www.toshiba-storage.com\/es\/","name":"Toshiba Storage Solutions \u2013 EMEA Region","description":"Toshiba in Europe and Middle East Asia provides reliable and innovative storage solutions and internal and external HDDs \u2013for Laptops, PC, NAS, Surveillance and Enterprise.","publisher":{"@id":"https:\/\/www.toshiba-storage.com\/es\/#organization"},"potentialAction":[{"@type":"SearchAction","target":{"@type":"EntryPoint","urlTemplate":"https:\/\/www.toshiba-storage.com\/es\/?s={search_term_string}"},"query-input":{"@type":"PropertyValueSpecification","valueRequired":true,"valueName":"search_term_string"}}],"inLanguage":"es-ES"},{"@type":"Organization","@id":"https:\/\/www.toshiba-storage.com\/es\/#organization","name":"Toshiba Electronics Europe GmbH","url":"https:\/\/www.toshiba-storage.com\/es\/","logo":{"@type":"ImageObject","inLanguage":"es-ES","@id":"https:\/\/www.toshiba-storage.com\/es\/#\/schema\/logo\/image\/","url":"https:\/\/www.toshiba-storage.com\/wp\/wp-content\/uploads\/2024\/02\/toshiba-logo.png","contentUrl":"https:\/\/www.toshiba-storage.com\/wp\/wp-content\/uploads\/2024\/02\/toshiba-logo.png","width":263,"height":40,"caption":"Toshiba Electronics Europe GmbH"},"image":{"@id":"https:\/\/www.toshiba-storage.com\/es\/#\/schema\/logo\/image\/"},"sameAs":["https:\/\/www.facebook.com\/ToshibaStorageEU\/","https:\/\/www.linkedin.com\/company\/toshiba-electronics-europe-gmbh\/?originalSubdomain=de","https:\/\/www.youtube.com\/user\/ToshibaElectronics1"]}]}},"_links":{"self":[{"href":"https:\/\/www.toshiba-storage.com\/es\/wp-json\/wp\/v2\/pages\/65206","targetHints":{"allow":["GET"]}}],"collection":[{"href":"https:\/\/www.toshiba-storage.com\/es\/wp-json\/wp\/v2\/pages"}],"about":[{"href":"https:\/\/www.toshiba-storage.com\/es\/wp-json\/wp\/v2\/types\/page"}],"author":[{"embeddable":true,"href":"https:\/\/www.toshiba-storage.com\/es\/wp-json\/wp\/v2\/users\/41"}],"replies":[{"embeddable":true,"href":"https:\/\/www.toshiba-storage.com\/es\/wp-json\/wp\/v2\/comments?post=65206"}],"version-history":[{"count":0,"href":"https:\/\/www.toshiba-storage.com\/es\/wp-json\/wp\/v2\/pages\/65206\/revisions"}],"wp:attachment":[{"href":"https:\/\/www.toshiba-storage.com\/es\/wp-json\/wp\/v2\/media?parent=65206"}],"curies":[{"name":"wp","href":"https:\/\/api.w.org\/{rel}","templated":true}]}}