{"id":41346,"date":"2020-06-30T15:44:09","date_gmt":"2020-06-30T13:44:09","guid":{"rendered":"https:\/\/toshibastoragecom-preview.preview.pslsrv.com\/data-recovery\/"},"modified":"2025-12-03T08:56:28","modified_gmt":"2025-12-03T07:56:28","slug":"data-recovery","status":"publish","type":"page","link":"https:\/\/www.toshiba-storage.com\/es\/data-recovery\/","title":{"rendered":"Recuperaci\u00f3n de datos"},"content":{"rendered":"<h1 class=\"has-large-font-size\" style=\"color: #e61e1e;margin: 40px 0 40px;text-align: center;line-height: 1.1\">\u00bfQuieres recuperar los datos perdidos de tu disco duro?<\/h1>\n<ul class=\"listCase\" style=\"font-size: 20px;line-height: 24px;text-align: center;max-width: 530px;margin-left: auto;margin-right: auto\">\n<li style=\"text-align: left\">\u00bfHas perdido todos tus recuerdos por un virus?<\/li>\n<li style=\"text-align: left\">\u00bfHas reformateado* tu disco duro por error?<\/li>\n<li style=\"text-align: left\">\u00bfHas borrado o sobrescrito archivos importantes por error?<\/li>\n<li style=\"text-align: left\">\u00bfSe te ha ca\u00eddo el disco duro y ya no puedes acceder a \u00e9l?<\/li>\n<\/ul>\n<p style=\"text-align: center;font-size: 15px\">* Hay dos tipos de formateo para disco duro: formateo l\u00f3gico y formateo f\u00edsico. Ten en cuenta que, si llevas a cabo el formateo f\u00edsico del disco duro, se borrar\u00e1 todo el contenido y no podr\u00e1s recuperar los datos.<\/p>\n<p class=\"p1\" style=\"text-align: center;font-size: 20px\">Antes de darlos por perdidos, puedes recurrir a una empresa externa de servicios de recuperaci\u00f3n de datos para recuperarlos. Para tu comodidad, te facilitamos enlaces a proveedores de servicios de recuperaci\u00f3n de datos.<\/p>\n<p style=\"text-align: center;margin-top: 30px\"><img loading=\"lazy\" decoding=\"async\" class=\"size-full wp-image-34842 aligncenter\" src=\"https:\/\/www.toshiba-storage.com\/wp\/wp-content\/uploads\/2020\/06\/20200630_Toshiba_Storage_Data_Recovery_Icon.gif\" alt=\"\" width=\"89\" height=\"96\" \/><\/p>\n<p style=\"text-align: center\">Al hacer clic en los logotipos que hay a continuaci\u00f3n, aceptas las exenciones de responsabilidad espec\u00edficas anteriores.<br \/>Los proveedores de servicios siguientes ofrecen servicios de recuperaci\u00f3n de datos con un descuento a los compradores de discos duros de Toshiba.<\/p>\n<div class=\"row\">\n<div class=\"col-xs-6\" style=\"text-align: center;flex-direction: column\">\n<p style=\"flex-grow: 1;flex-direction: column;justify-content: center;align-items: center\"><a href=\"https:\/\/www.toshiba-storage.com\/link-ontrack\/\"><img loading=\"lazy\" decoding=\"async\" class=\"alignnone wp-image-39402 \" src=\"https:\/\/www.toshiba-storage.com\/wp\/wp-content\/uploads\/2020\/09\/ontrack_c-300x71.png\" alt=\"Ontrack\" width=\"232\" height=\"55\" srcset=\"https:\/\/www.toshiba-storage.com\/wp\/wp-content\/uploads\/2020\/09\/ontrack_c-300x71.png 300w, https:\/\/www.toshiba-storage.com\/wp\/wp-content\/uploads\/2020\/09\/ontrack_c-768x181.png 768w, https:\/\/www.toshiba-storage.com\/wp\/wp-content\/uploads\/2020\/09\/ontrack_c-1024x241.png 1024w, https:\/\/www.toshiba-storage.com\/wp\/wp-content\/uploads\/2020\/09\/ontrack_c.png 1785w\" sizes=\"auto, (max-width: 232px) 100vw, 232px\" \/><\/a><\/p>\n<p class=\"p1\"><a href=\"https:\/\/www.toshiba-storage.com\/link-ontrack\/\">M\u00e1s informaci\u00f3n sobre Ontrack<\/a><\/p>\n<\/div>\n<div class=\"col-xs-6\" style=\"text-align: center;flex-direction: column\">\n<p style=\"flex-grow: 1;flex-direction: column;justify-content: center;align-items: center\"><a href=\"https:\/\/www.toshiba-storage.com\/drivesavers\/\"><img loading=\"lazy\" decoding=\"async\" class=\"alignnone wp-image-39389 \" src=\"https:\/\/www.toshiba-storage.com\/wp\/wp-content\/uploads\/2020\/09\/DR_DSLogo-300x300.png\" alt=\"DriveSavers\" width=\"156\" height=\"156\" srcset=\"https:\/\/www.toshiba-storage.com\/wp\/wp-content\/uploads\/2020\/09\/DR_DSLogo-300x300.png 300w, https:\/\/www.toshiba-storage.com\/wp\/wp-content\/uploads\/2020\/09\/DR_DSLogo-150x150.png 150w, https:\/\/www.toshiba-storage.com\/wp\/wp-content\/uploads\/2020\/09\/DR_DSLogo-768x769.png 768w, https:\/\/www.toshiba-storage.com\/wp\/wp-content\/uploads\/2020\/09\/DR_DSLogo-1024x1024.png 1024w, https:\/\/www.toshiba-storage.com\/wp\/wp-content\/uploads\/2020\/09\/DR_DSLogo-450x450.png 450w, https:\/\/www.toshiba-storage.com\/wp\/wp-content\/uploads\/2020\/09\/DR_DSLogo.png 1502w\" sizes=\"auto, (max-width: 156px) 100vw, 156px\" \/><\/a><\/p>\n<p class=\"p1\"><a href=\"https:\/\/www.toshiba-storage.com\/drivesavers\/\">M\u00e1s informaci\u00f3n sobre DriveSavers<\/a><\/p>\n<\/div>\n<\/div>\n\n\n<div style=\"height:100px\" aria-hidden=\"true\" class=\"wp-block-spacer\"><\/div>\n\n\n\n<h2 class=\"wp-block-heading has-text-align-center has-large-font-size\" id=\"h-descargo-de-responsabilidad\">Descargo de responsabilidad<\/h2>\n\n\n\n<p class=\"p1\"><br>(a) Si seleccionas uno de los proveedores de servicios independientes y externos que se indican a continuaci\u00f3n (\u00abProveedor de servicios\u00bb) es bajo tu responsabilidad. Puedes seleccionar otro proveedor de servicios de recuperaci\u00f3n de datos que no aparezca en la lista.<\/p>\n\n\n\n<p class=\"p1\">(b) Los contratos que formalices con un Proveedor de Servicios para los servicios de recuperaci\u00f3n de datos se ejecutan exclusivamente entre t\u00fa y el Proveedor de Servicios. En ning\u00fan caso Toshiba Electronics Europe GmbH y sus afiliados (en conjunto, \u00abTOSHIBA\u00bb) formar\u00e1n parte de dicho contrato.<\/p>\n\n\n\n<p class=\"p1\">(c) TOSHIBA NO OFRECE NINGUNA GARANT\u00cdA, EXPRESA O IMPL\u00cdCITA, Y RENUNCIA EXPRESAMENTE A TODAS LAS GARANT\u00cdAS RELATIVAS A LOS SERVICIOS PROPORCIONADOS POR UN PROVEEDOR DE SERVICIOS EXTERNO E INDEPENDIENTE, INCLUYENDO, POR EJEMPLO, CUALQUIER GARANT\u00cdA RELATIVA A LA CALIDAD O LA FIABILIDAD DE LOS SERVICIOS DEL PROVEEDOR EXTERNO O INDEPENDIENTE, AS\u00cd COMO SU INCUMPLIMIENTO, COMERCIABILIDAD O ADECUACI\u00d3N PARA UN FIN ESPEC\u00cdFICO.<\/p>\n\n\n\n<p class=\"p1\">(d) El uso de los servicios de recuperaci\u00f3n de un Proveedor de Servicios no invalidar\u00e1 la garant\u00eda de Toshiba para discos duros externos e internos de Toshiba (\u00abdisco duro\u00bb) que se haya concedido a un usuario final que haya comprado un disco duro (\u00abGarant\u00eda de Toshiba\u00bb). No obstante, la Garant\u00eda de Toshiba no cubrir\u00e1 los da\u00f1os o defectos ocasionados al disco duro por el uso de los servicios de recuperaci\u00f3n de datos de un Proveedor de Servicios.<\/p>\n\n\n\n<p class=\"p1\">(e) En virtud de la Garant\u00eda de Toshiba, TOSHIBA no se responsabiliza de ning\u00fan tipo de p\u00e9rdida o da\u00f1o relacionado con o que surja del uso de los servicios de un Proveedor de Servicios, incluyendo, entre otros, cualquier p\u00e9rdida o da\u00f1o a los datos contenidos en un disco duro Toshiba atribuibles, por ejemplo, al mal uso, la alteraci\u00f3n, la manipulaci\u00f3n inadecuada u otras causas, tal y como se especifica en la Garant\u00eda de Toshiba. La responsabilidad de guardar los datos, es decir, de realizar una copia de seguridad de los datos es tuya. TOSHIBA no garantiza ni cubre ning\u00fan perjuicio econ\u00f3mico ni de otro tipo cuyo motivo sea la p\u00e9rdida de datos.<\/p>\n\n\n\n<p class=\"p1\">(f) Las condiciones reales de los servicios de recuperaci\u00f3n de datos est\u00e1n sujetas a las instrucciones que figuran en la p\u00e1gina web del proveedor de cada servicio.<\/p>\n\n\n\n<p class=\"has-text-align-center\">&nbsp;<\/p>\n\n\n\n<p>&nbsp;<\/p>\n","protected":false},"excerpt":{"rendered":"<p>\u00bfQuieres recuperar los datos perdidos de tu disco duro? \u00bfHas perdido todos tus recuerdos por un virus? \u00bfHas reformateado* tu disco duro por error? \u00bfHas borrado o sobrescrito archivos importantes por error? \u00bfSe te ha ca\u00eddo el disco duro y ya no puedes acceder a \u00e9l? * Hay dos tipos de formateo para disco duro: &hellip;<\/p>\n","protected":false},"author":30,"featured_media":45690,"parent":0,"menu_order":0,"comment_status":"closed","ping_status":"closed","template":"page-content-with-hero.php","meta":{"_acf_changed":false,"footnotes":""},"class_list":["post-41346","page","type-page","status-publish","has-post-thumbnail","hentry"],"acf":[],"yoast_head":"<!-- This site is optimized with the Yoast SEO Premium plugin v27.4 (Yoast SEO v27.4) - https:\/\/yoast.com\/product\/yoast-seo-premium-wordpress\/ -->\n<title>Recuperaci\u00f3n de datos - EMEA<\/title>\n<meta name=\"robots\" content=\"index, follow, max-snippet:-1, max-image-preview:large, max-video-preview:-1\" \/>\n<link rel=\"canonical\" href=\"https:\/\/www.toshiba-storage.com\/es\/data-recovery\/\" \/>\n<meta property=\"og:locale\" content=\"es_ES\" \/>\n<meta property=\"og:type\" content=\"article\" \/>\n<meta property=\"og:title\" content=\"Recuperaci\u00f3n de datos\" \/>\n<meta property=\"og:description\" content=\"\u00bfQuieres recuperar los datos perdidos de tu disco duro? \u00bfHas perdido todos tus recuerdos por un virus? \u00bfHas reformateado* tu disco duro por error? \u00bfHas borrado o sobrescrito archivos importantes por error? \u00bfSe te ha ca\u00eddo el disco duro y ya no puedes acceder a \u00e9l? * Hay dos tipos de formateo para disco duro: &hellip;\" \/>\n<meta property=\"og:url\" content=\"https:\/\/www.toshiba-storage.com\/es\/data-recovery\/\" \/>\n<meta property=\"og:site_name\" content=\"EMEA\" \/>\n<meta property=\"article:publisher\" content=\"https:\/\/www.facebook.com\/ToshibaStorageEU\/\" \/>\n<meta property=\"article:modified_time\" content=\"2025-12-03T07:56:28+00:00\" \/>\n<meta property=\"og:image\" content=\"https:\/\/www.toshiba-storage.com\/wp\/wp-content\/uploads\/2021\/06\/TOSH_Kachel_Data_Recovery_450x450_V2.jpg\" \/>\n\t<meta property=\"og:image:width\" content=\"450\" \/>\n\t<meta property=\"og:image:height\" content=\"450\" \/>\n\t<meta property=\"og:image:type\" content=\"image\/jpeg\" \/>\n<meta name=\"twitter:card\" content=\"summary_large_image\" \/>\n<meta name=\"twitter:label1\" content=\"Est. reading time\" \/>\n\t<meta name=\"twitter:data1\" content=\"4 minutes\" \/>\n<script type=\"application\/ld+json\" class=\"yoast-schema-graph\">{\"@context\":\"https:\\\/\\\/schema.org\",\"@graph\":[{\"@type\":\"WebPage\",\"@id\":\"https:\\\/\\\/www.toshiba-storage.com\\\/es\\\/data-recovery\\\/\",\"url\":\"https:\\\/\\\/www.toshiba-storage.com\\\/es\\\/data-recovery\\\/\",\"name\":\"Recuperaci\u00f3n de datos - EMEA\",\"isPartOf\":{\"@id\":\"https:\\\/\\\/www.toshiba-storage.com\\\/es\\\/#website\"},\"primaryImageOfPage\":{\"@id\":\"https:\\\/\\\/www.toshiba-storage.com\\\/es\\\/data-recovery\\\/#primaryimage\"},\"image\":{\"@id\":\"https:\\\/\\\/www.toshiba-storage.com\\\/es\\\/data-recovery\\\/#primaryimage\"},\"thumbnailUrl\":\"https:\\\/\\\/www.toshiba-storage.com\\\/wp\\\/wp-content\\\/uploads\\\/2021\\\/06\\\/TOSH_Kachel_Data_Recovery_450x450_V2.jpg\",\"datePublished\":\"2020-06-30T13:44:09+00:00\",\"dateModified\":\"2025-12-03T07:56:28+00:00\",\"inLanguage\":\"es-ES\",\"potentialAction\":[{\"@type\":\"ReadAction\",\"target\":[\"https:\\\/\\\/www.toshiba-storage.com\\\/es\\\/data-recovery\\\/\"]}]},{\"@type\":\"ImageObject\",\"inLanguage\":\"es-ES\",\"@id\":\"https:\\\/\\\/www.toshiba-storage.com\\\/es\\\/data-recovery\\\/#primaryimage\",\"url\":\"https:\\\/\\\/www.toshiba-storage.com\\\/wp\\\/wp-content\\\/uploads\\\/2021\\\/06\\\/TOSH_Kachel_Data_Recovery_450x450_V2.jpg\",\"contentUrl\":\"https:\\\/\\\/www.toshiba-storage.com\\\/wp\\\/wp-content\\\/uploads\\\/2021\\\/06\\\/TOSH_Kachel_Data_Recovery_450x450_V2.jpg\",\"width\":450,\"height\":450},{\"@type\":\"WebSite\",\"@id\":\"https:\\\/\\\/www.toshiba-storage.com\\\/es\\\/#website\",\"url\":\"https:\\\/\\\/www.toshiba-storage.com\\\/es\\\/\",\"name\":\"Toshiba Storage Solutions \u2013 EMEA Region\",\"description\":\"Toshiba in Europe and Middle East Asia provides reliable and innovative storage solutions and internal and external HDDs \u2013for Laptops, PC, NAS, Surveillance and Enterprise.\",\"publisher\":{\"@id\":\"https:\\\/\\\/www.toshiba-storage.com\\\/es\\\/#organization\"},\"potentialAction\":[{\"@type\":\"SearchAction\",\"target\":{\"@type\":\"EntryPoint\",\"urlTemplate\":\"https:\\\/\\\/www.toshiba-storage.com\\\/es\\\/?s={search_term_string}\"},\"query-input\":{\"@type\":\"PropertyValueSpecification\",\"valueRequired\":true,\"valueName\":\"search_term_string\"}}],\"inLanguage\":\"es-ES\"},{\"@type\":\"Organization\",\"@id\":\"https:\\\/\\\/www.toshiba-storage.com\\\/es\\\/#organization\",\"name\":\"Toshiba Electronics Europe GmbH\",\"url\":\"https:\\\/\\\/www.toshiba-storage.com\\\/es\\\/\",\"logo\":{\"@type\":\"ImageObject\",\"inLanguage\":\"es-ES\",\"@id\":\"https:\\\/\\\/www.toshiba-storage.com\\\/es\\\/#\\\/schema\\\/logo\\\/image\\\/\",\"url\":\"https:\\\/\\\/www.toshiba-storage.com\\\/wp\\\/wp-content\\\/uploads\\\/2024\\\/02\\\/toshiba-logo.png\",\"contentUrl\":\"https:\\\/\\\/www.toshiba-storage.com\\\/wp\\\/wp-content\\\/uploads\\\/2024\\\/02\\\/toshiba-logo.png\",\"width\":263,\"height\":40,\"caption\":\"Toshiba Electronics Europe GmbH\"},\"image\":{\"@id\":\"https:\\\/\\\/www.toshiba-storage.com\\\/es\\\/#\\\/schema\\\/logo\\\/image\\\/\"},\"sameAs\":[\"https:\\\/\\\/www.facebook.com\\\/ToshibaStorageEU\\\/\",\"https:\\\/\\\/www.linkedin.com\\\/company\\\/toshiba-electronics-europe-gmbh\\\/?originalSubdomain=de\",\"https:\\\/\\\/www.youtube.com\\\/user\\\/ToshibaElectronics1\"]}]}<\/script>\n<!-- \/ Yoast SEO Premium plugin. -->","yoast_head_json":{"title":"Recuperaci\u00f3n de datos - EMEA","robots":{"index":"index","follow":"follow","max-snippet":"max-snippet:-1","max-image-preview":"max-image-preview:large","max-video-preview":"max-video-preview:-1"},"canonical":"https:\/\/www.toshiba-storage.com\/es\/data-recovery\/","og_locale":"es_ES","og_type":"article","og_title":"Recuperaci\u00f3n de datos","og_description":"\u00bfQuieres recuperar los datos perdidos de tu disco duro? \u00bfHas perdido todos tus recuerdos por un virus? \u00bfHas reformateado* tu disco duro por error? \u00bfHas borrado o sobrescrito archivos importantes por error? \u00bfSe te ha ca\u00eddo el disco duro y ya no puedes acceder a \u00e9l? * Hay dos tipos de formateo para disco duro: &hellip;","og_url":"https:\/\/www.toshiba-storage.com\/es\/data-recovery\/","og_site_name":"EMEA","article_publisher":"https:\/\/www.facebook.com\/ToshibaStorageEU\/","article_modified_time":"2025-12-03T07:56:28+00:00","og_image":[{"width":450,"height":450,"url":"https:\/\/www.toshiba-storage.com\/wp\/wp-content\/uploads\/2021\/06\/TOSH_Kachel_Data_Recovery_450x450_V2.jpg","type":"image\/jpeg"}],"twitter_card":"summary_large_image","twitter_misc":{"Est. reading time":"4 minutes"},"schema":{"@context":"https:\/\/schema.org","@graph":[{"@type":"WebPage","@id":"https:\/\/www.toshiba-storage.com\/es\/data-recovery\/","url":"https:\/\/www.toshiba-storage.com\/es\/data-recovery\/","name":"Recuperaci\u00f3n de datos - EMEA","isPartOf":{"@id":"https:\/\/www.toshiba-storage.com\/es\/#website"},"primaryImageOfPage":{"@id":"https:\/\/www.toshiba-storage.com\/es\/data-recovery\/#primaryimage"},"image":{"@id":"https:\/\/www.toshiba-storage.com\/es\/data-recovery\/#primaryimage"},"thumbnailUrl":"https:\/\/www.toshiba-storage.com\/wp\/wp-content\/uploads\/2021\/06\/TOSH_Kachel_Data_Recovery_450x450_V2.jpg","datePublished":"2020-06-30T13:44:09+00:00","dateModified":"2025-12-03T07:56:28+00:00","inLanguage":"es-ES","potentialAction":[{"@type":"ReadAction","target":["https:\/\/www.toshiba-storage.com\/es\/data-recovery\/"]}]},{"@type":"ImageObject","inLanguage":"es-ES","@id":"https:\/\/www.toshiba-storage.com\/es\/data-recovery\/#primaryimage","url":"https:\/\/www.toshiba-storage.com\/wp\/wp-content\/uploads\/2021\/06\/TOSH_Kachel_Data_Recovery_450x450_V2.jpg","contentUrl":"https:\/\/www.toshiba-storage.com\/wp\/wp-content\/uploads\/2021\/06\/TOSH_Kachel_Data_Recovery_450x450_V2.jpg","width":450,"height":450},{"@type":"WebSite","@id":"https:\/\/www.toshiba-storage.com\/es\/#website","url":"https:\/\/www.toshiba-storage.com\/es\/","name":"Toshiba Storage Solutions \u2013 EMEA Region","description":"Toshiba in Europe and Middle East Asia provides reliable and innovative storage solutions and internal and external HDDs \u2013for Laptops, PC, NAS, Surveillance and Enterprise.","publisher":{"@id":"https:\/\/www.toshiba-storage.com\/es\/#organization"},"potentialAction":[{"@type":"SearchAction","target":{"@type":"EntryPoint","urlTemplate":"https:\/\/www.toshiba-storage.com\/es\/?s={search_term_string}"},"query-input":{"@type":"PropertyValueSpecification","valueRequired":true,"valueName":"search_term_string"}}],"inLanguage":"es-ES"},{"@type":"Organization","@id":"https:\/\/www.toshiba-storage.com\/es\/#organization","name":"Toshiba Electronics Europe GmbH","url":"https:\/\/www.toshiba-storage.com\/es\/","logo":{"@type":"ImageObject","inLanguage":"es-ES","@id":"https:\/\/www.toshiba-storage.com\/es\/#\/schema\/logo\/image\/","url":"https:\/\/www.toshiba-storage.com\/wp\/wp-content\/uploads\/2024\/02\/toshiba-logo.png","contentUrl":"https:\/\/www.toshiba-storage.com\/wp\/wp-content\/uploads\/2024\/02\/toshiba-logo.png","width":263,"height":40,"caption":"Toshiba Electronics Europe GmbH"},"image":{"@id":"https:\/\/www.toshiba-storage.com\/es\/#\/schema\/logo\/image\/"},"sameAs":["https:\/\/www.facebook.com\/ToshibaStorageEU\/","https:\/\/www.linkedin.com\/company\/toshiba-electronics-europe-gmbh\/?originalSubdomain=de","https:\/\/www.youtube.com\/user\/ToshibaElectronics1"]}]}},"_links":{"self":[{"href":"https:\/\/www.toshiba-storage.com\/es\/wp-json\/wp\/v2\/pages\/41346","targetHints":{"allow":["GET"]}}],"collection":[{"href":"https:\/\/www.toshiba-storage.com\/es\/wp-json\/wp\/v2\/pages"}],"about":[{"href":"https:\/\/www.toshiba-storage.com\/es\/wp-json\/wp\/v2\/types\/page"}],"author":[{"embeddable":true,"href":"https:\/\/www.toshiba-storage.com\/es\/wp-json\/wp\/v2\/users\/30"}],"replies":[{"embeddable":true,"href":"https:\/\/www.toshiba-storage.com\/es\/wp-json\/wp\/v2\/comments?post=41346"}],"version-history":[{"count":0,"href":"https:\/\/www.toshiba-storage.com\/es\/wp-json\/wp\/v2\/pages\/41346\/revisions"}],"wp:featuredmedia":[{"embeddable":true,"href":"https:\/\/www.toshiba-storage.com\/es\/wp-json\/wp\/v2\/media\/45690"}],"wp:attachment":[{"href":"https:\/\/www.toshiba-storage.com\/es\/wp-json\/wp\/v2\/media?parent=41346"}],"curies":[{"name":"wp","href":"https:\/\/api.w.org\/{rel}","templated":true}]}}