{"id":41305,"date":"2020-07-02T12:10:12","date_gmt":"2020-07-02T10:10:12","guid":{"rendered":"https:\/\/toshibastoragecom-preview.preview.pslsrv.com\/data_recovery_service_provider_info\/"},"modified":"2021-03-04T09:06:42","modified_gmt":"2021-03-04T08:06:42","slug":"data_recovery_service_provider_info","status":"publish","type":"page","link":"https:\/\/www.toshiba-storage.com\/es\/data_recovery_service_provider_info\/","title":{"rendered":"Informaci\u00f3n sobre proveedores de servicios de recuperaci\u00f3n de datos"},"content":{"rendered":"<div id=\"main\">\r\n<div id=\"mainInner\">\r\n<section id=\"cont\">\r\n<div class=\"titWrap\">\r\n<h2 id=\"faqTit\" class=\"titMain\" style=\"text-align: center;\"><span class=\"mdlImg\"><br \/><img loading=\"lazy\" decoding=\"async\" class=\"size-full wp-image-34847 aligncenter\" src=\"https:\/\/www.toshiba-storage.com\/wp-content\/uploads\/2020\/06\/20200630_Toshiba_Storage_Data_Recovery_Icon.gif\" alt=\"\" width=\"89\" height=\"96\" \/><\/span><\/h2>\r\n<p>&nbsp;<\/p>\r\n<\/div>\r\n<p class=\"clickNote attention\" style=\"text-align: center; color: red;\"><strong>Accede a uno de los proveedores de servicios que aparecen a continuaci\u00f3n despu\u00e9s de entender y aceptar el siguiente descargo de responsabilidad..<\/strong><\/p>\r\n<p>&nbsp;<\/p>\r\n<div class=\"blockNote block20\">\r\n<p class=\"text\" style=\"text-align: left; font-size: 25px;\">Descargo de responsabilidad<\/p>\r\n<p class=\"p1\">(a) Si seleccionas uno de los proveedores de servicios independientes y externos que se indican a continuaci\u00f3n (\u00abProveedor de servicios\u00bb) es bajo tu responsabilidad. Puedes seleccionar otro proveedor de servicios de recuperaci\u00f3n de datos que no aparezca en la lista.<\/p>\r\n<p class=\"p1\">(b) Los contratos que formalices con un Proveedor de Servicios para los servicios de recuperaci\u00f3n de datos se ejecutan exclusivamente entre t\u00fa y el Proveedor de Servicios. En ning\u00fan caso Toshiba Electronics Europe GmbH y sus afiliados (en conjunto, \u00abTOSHIBA\u00bb) formar\u00e1n parte de dicho contrato.<\/p>\r\n<p class=\"p1\">(c) TOSHIBA NO OFRECE NINGUNA GARANT\u00cdA, EXPRESA O IMPL\u00cdCITA, Y RENUNCIA EXPRESAMENTE A TODAS LAS GARANT\u00cdAS RELATIVAS A LOS SERVICIOS PROPORCIONADOS POR UN PROVEEDOR DE SERVICIOS EXTERNO E INDEPENDIENTE, INCLUYENDO, POR EJEMPLO, CUALQUIER GARANT\u00cdA RELATIVA A LA CALIDAD O LA FIABILIDAD DE LOS SERVICIOS DEL PROVEEDOR EXTERNO O INDEPENDIENTE, AS\u00cd COMO SU INCUMPLIMIENTO, COMERCIABILIDAD O ADECUACI\u00d3N PARA UN FIN ESPEC\u00cdFICO.<\/p>\r\n<p class=\"p1\">(d) El uso de los servicios de recuperaci\u00f3n de un Proveedor de Servicios no invalidar\u00e1 la garant\u00eda de Toshiba para discos duros externos e internos de Toshiba (\u00abdisco duro\u00bb) que se haya concedido a un usuario final que haya comprado un disco duro (\u00abGarant\u00eda de Toshiba\u00bb). No obstante, la Garant\u00eda de Toshiba no cubrir\u00e1 los da\u00f1os o defectos ocasionados al disco duro por el uso de los servicios de recuperaci\u00f3n de datos de un Proveedor de Servicios.<\/p>\r\n<p class=\"p1\">(e) En virtud de la Garant\u00eda de Toshiba, TOSHIBA no se responsabiliza de ning\u00fan tipo de p\u00e9rdida o da\u00f1o relacionado con o que surja del uso de los servicios de un Proveedor de Servicios, incluyendo, entre otros, cualquier p\u00e9rdida o da\u00f1o a los datos contenidos en un disco duro Toshiba atribuibles, por ejemplo, al mal uso, la alteraci\u00f3n, la manipulaci\u00f3n inadecuada u otras causas, tal y como se especifica en la Garant\u00eda de Toshiba. La responsabilidad de guardar los datos, es decir, de realizar una copia de seguridad de los datos es tuya. TOSHIBA no garantiza ni cubre ning\u00fan perjuicio econ\u00f3mico ni de otro tipo cuyo motivo sea la p\u00e9rdida de datos.<\/p>\r\n<p class=\"p1\">(f) Las condiciones reales de los servicios de recuperaci\u00f3n de datos est\u00e1n sujetas a las instrucciones que figuran en la p\u00e1gina web del proveedor de cada servicio.<\/p>\r\n<\/div>\r\n<br \/><br \/>\r\n<p style=\"text-align: center;\">Al hacer clic en los logotipos que hay a continuaci\u00f3n, aceptas las exenciones de responsabilidad espec\u00edficas anteriores.<br \/>Los proveedores de servicios siguientes ofrecen servicios de recuperaci\u00f3n de datos con un descuento a los compradores de discos duros de Toshiba.<\/p>\r\n<div>\r\n<table style=\"width: 100%;\">\r\n<tbody>\r\n<tr>\r\n<th style=\"text-align: center;\"><img loading=\"lazy\" decoding=\"async\" class=\"alignnone wp-image-39407 \" src=\"https:\/\/www.toshiba-storage.com\/wp-content\/uploads\/2020\/09\/ontrack_c-300x71.png\" alt=\"\" width=\"232\" height=\"55\" srcset=\"https:\/\/www.toshiba-storage.com\/wp\/wp-content\/uploads\/2020\/09\/ontrack_c-300x71.png 300w, https:\/\/www.toshiba-storage.com\/wp\/wp-content\/uploads\/2020\/09\/ontrack_c-768x181.png 768w, https:\/\/www.toshiba-storage.com\/wp\/wp-content\/uploads\/2020\/09\/ontrack_c-1024x241.png 1024w, https:\/\/www.toshiba-storage.com\/wp\/wp-content\/uploads\/2020\/09\/ontrack_c.png 1785w\" sizes=\"auto, (max-width: 232px) 100vw, 232px\" \/><\/th>\r\n<th style=\"text-align: center;\"><a href=\"https:\/\/www.toshiba-storage.com\/es\/drivesavers\/\"><img loading=\"lazy\" decoding=\"async\" class=\"alignnone wp-image-39395 \" src=\"https:\/\/www.toshiba-storage.com\/wp-content\/uploads\/2020\/09\/DR_DSLogo-300x300.png\" alt=\"\" width=\"156\" height=\"156\" srcset=\"https:\/\/www.toshiba-storage.com\/wp\/wp-content\/uploads\/2020\/09\/DR_DSLogo-300x300.png 300w, https:\/\/www.toshiba-storage.com\/wp\/wp-content\/uploads\/2020\/09\/DR_DSLogo-150x150.png 150w, https:\/\/www.toshiba-storage.com\/wp\/wp-content\/uploads\/2020\/09\/DR_DSLogo-768x769.png 768w, https:\/\/www.toshiba-storage.com\/wp\/wp-content\/uploads\/2020\/09\/DR_DSLogo-1024x1024.png 1024w, https:\/\/www.toshiba-storage.com\/wp\/wp-content\/uploads\/2020\/09\/DR_DSLogo-450x450.png 450w, https:\/\/www.toshiba-storage.com\/wp\/wp-content\/uploads\/2020\/09\/DR_DSLogo.png 1502w\" sizes=\"auto, (max-width: 156px) 100vw, 156px\" \/><\/a><\/th>\r\n<\/tr>\r\n<tr>\r\n<th style=\"text-align: center;\">\r\n<p><a href=\"https:\/\/www.toshiba-storage.com\/es\/link-ontrack\/\"><strong>Ontrack<\/strong><\/a><\/p>\r\n<p class=\"p1\"><a href=\"https:\/\/www.toshiba-storage.com\/es\/link-ontrack\/\">Haz clic aqu\u00ed<\/a>; hay un descuento disponible.<\/p>\r\n<\/th>\r\n<th style=\"text-align: center;\">\r\n<p><a href=\"https:\/\/www.toshiba-storage.com\/es\/drivesavers\/\"><strong>Drivesavers<\/strong><\/a><\/p>\r\n<p>&nbsp;<\/p>\r\n<p class=\"p1\"><a href=\"https:\/\/www.toshiba-storage.com\/es\/drivesavers\/\">Haz clic aqu\u00ed;<\/a> hay un descuento disponible.<\/p>\r\n<\/th>\r\n<\/tr>\r\n<\/tbody>\r\n<\/table>\r\n<\/div>\r\n<\/section>\r\n<\/div>\r\n<p><strong><!-- \/#mainInner --><\/strong><\/p>\r\n<\/div>\r\n\r\n<p>&nbsp;<\/p>\r\n","protected":false},"excerpt":{"rendered":"<p>&nbsp; Accede a uno de los proveedores de servicios que aparecen a continuaci\u00f3n despu\u00e9s de entender y aceptar el siguiente descargo de responsabilidad.. &nbsp; Descargo de responsabilidad (a) Si seleccionas uno de los proveedores de servicios independientes y externos que se indican a continuaci\u00f3n (\u00abProveedor de servicios\u00bb) es bajo tu responsabilidad. Puedes seleccionar otro proveedor &hellip;<\/p>\n","protected":false},"author":30,"featured_media":0,"parent":0,"menu_order":0,"comment_status":"closed","ping_status":"closed","template":"page-legal.php","meta":{"_acf_changed":false,"footnotes":""},"class_list":["post-41305","page","type-page","status-publish","hentry"],"acf":[],"yoast_head":"<!-- This site is optimized with the Yoast SEO Premium plugin v27.3 (Yoast SEO v27.3) - https:\/\/yoast.com\/product\/yoast-seo-premium-wordpress\/ -->\n<title>Informaci\u00f3n sobre proveedores de servicios de recuperaci\u00f3n de datos - EMEA<\/title>\n<meta name=\"robots\" content=\"index, follow, max-snippet:-1, max-image-preview:large, max-video-preview:-1\" \/>\n<link rel=\"canonical\" href=\"https:\/\/www.toshiba-storage.com\/es\/data_recovery_service_provider_info\/\" \/>\n<meta property=\"og:locale\" content=\"es_ES\" \/>\n<meta property=\"og:type\" content=\"article\" \/>\n<meta property=\"og:title\" content=\"Informaci\u00f3n sobre proveedores de servicios de recuperaci\u00f3n de datos\" \/>\n<meta property=\"og:description\" content=\"&nbsp; Accede a uno de los proveedores de servicios que aparecen a continuaci\u00f3n despu\u00e9s de entender y aceptar el siguiente descargo de responsabilidad.. &nbsp; Descargo de responsabilidad (a) Si seleccionas uno de los proveedores de servicios independientes y externos que se indican a continuaci\u00f3n (\u00abProveedor de servicios\u00bb) es bajo tu responsabilidad. Puedes seleccionar otro proveedor &hellip;\" \/>\n<meta property=\"og:url\" content=\"https:\/\/www.toshiba-storage.com\/es\/data_recovery_service_provider_info\/\" \/>\n<meta property=\"og:site_name\" content=\"EMEA\" \/>\n<meta property=\"article:publisher\" content=\"https:\/\/www.facebook.com\/ToshibaStorageEU\/\" \/>\n<meta property=\"article:modified_time\" content=\"2021-03-04T08:06:42+00:00\" \/>\n<meta property=\"og:image\" content=\"https:\/\/www.wwwtoshibastoragecom.psl.dev\/wp-content\/uploads\/2020\/06\/20200630_Toshiba_Storage_Data_Recovery_Icon.gif\" \/>\n<meta name=\"twitter:card\" content=\"summary_large_image\" \/>\n<meta name=\"twitter:label1\" content=\"Est. reading time\" \/>\n\t<meta name=\"twitter:data1\" content=\"2 minutes\" \/>\n<script type=\"application\/ld+json\" class=\"yoast-schema-graph\">{\"@context\":\"https:\\\/\\\/schema.org\",\"@graph\":[{\"@type\":\"WebPage\",\"@id\":\"https:\\\/\\\/www.toshiba-storage.com\\\/es\\\/data_recovery_service_provider_info\\\/\",\"url\":\"https:\\\/\\\/www.toshiba-storage.com\\\/es\\\/data_recovery_service_provider_info\\\/\",\"name\":\"Informaci\u00f3n sobre proveedores de servicios de recuperaci\u00f3n de datos - EMEA\",\"isPartOf\":{\"@id\":\"https:\\\/\\\/www.toshiba-storage.com\\\/es\\\/#website\"},\"primaryImageOfPage\":{\"@id\":\"https:\\\/\\\/www.toshiba-storage.com\\\/es\\\/data_recovery_service_provider_info\\\/#primaryimage\"},\"image\":{\"@id\":\"https:\\\/\\\/www.toshiba-storage.com\\\/es\\\/data_recovery_service_provider_info\\\/#primaryimage\"},\"thumbnailUrl\":\"https:\\\/\\\/www.toshiba-storage.com\\\/wp-content\\\/uploads\\\/2020\\\/06\\\/20200630_Toshiba_Storage_Data_Recovery_Icon.gif\",\"datePublished\":\"2020-07-02T10:10:12+00:00\",\"dateModified\":\"2021-03-04T08:06:42+00:00\",\"inLanguage\":\"es-ES\",\"potentialAction\":[{\"@type\":\"ReadAction\",\"target\":[\"https:\\\/\\\/www.toshiba-storage.com\\\/es\\\/data_recovery_service_provider_info\\\/\"]}]},{\"@type\":\"ImageObject\",\"inLanguage\":\"es-ES\",\"@id\":\"https:\\\/\\\/www.toshiba-storage.com\\\/es\\\/data_recovery_service_provider_info\\\/#primaryimage\",\"url\":\"https:\\\/\\\/www.toshiba-storage.com\\\/wp-content\\\/uploads\\\/2020\\\/06\\\/20200630_Toshiba_Storage_Data_Recovery_Icon.gif\",\"contentUrl\":\"https:\\\/\\\/www.toshiba-storage.com\\\/wp-content\\\/uploads\\\/2020\\\/06\\\/20200630_Toshiba_Storage_Data_Recovery_Icon.gif\"},{\"@type\":\"WebSite\",\"@id\":\"https:\\\/\\\/www.toshiba-storage.com\\\/es\\\/#website\",\"url\":\"https:\\\/\\\/www.toshiba-storage.com\\\/es\\\/\",\"name\":\"Toshiba Storage Solutions \u2013 EMEA Region\",\"description\":\"Toshiba in Europe and Middle East Asia provides reliable and innovative storage solutions and internal and external HDDs \u2013for Laptops, PC, NAS, Surveillance and Enterprise.\",\"publisher\":{\"@id\":\"https:\\\/\\\/www.toshiba-storage.com\\\/es\\\/#organization\"},\"potentialAction\":[{\"@type\":\"SearchAction\",\"target\":{\"@type\":\"EntryPoint\",\"urlTemplate\":\"https:\\\/\\\/www.toshiba-storage.com\\\/es\\\/?s={search_term_string}\"},\"query-input\":{\"@type\":\"PropertyValueSpecification\",\"valueRequired\":true,\"valueName\":\"search_term_string\"}}],\"inLanguage\":\"es-ES\"},{\"@type\":\"Organization\",\"@id\":\"https:\\\/\\\/www.toshiba-storage.com\\\/es\\\/#organization\",\"name\":\"Toshiba Electronics Europe GmbH\",\"url\":\"https:\\\/\\\/www.toshiba-storage.com\\\/es\\\/\",\"logo\":{\"@type\":\"ImageObject\",\"inLanguage\":\"es-ES\",\"@id\":\"https:\\\/\\\/www.toshiba-storage.com\\\/es\\\/#\\\/schema\\\/logo\\\/image\\\/\",\"url\":\"https:\\\/\\\/www.toshiba-storage.com\\\/wp\\\/wp-content\\\/uploads\\\/2024\\\/02\\\/toshiba-logo.png\",\"contentUrl\":\"https:\\\/\\\/www.toshiba-storage.com\\\/wp\\\/wp-content\\\/uploads\\\/2024\\\/02\\\/toshiba-logo.png\",\"width\":263,\"height\":40,\"caption\":\"Toshiba Electronics Europe GmbH\"},\"image\":{\"@id\":\"https:\\\/\\\/www.toshiba-storage.com\\\/es\\\/#\\\/schema\\\/logo\\\/image\\\/\"},\"sameAs\":[\"https:\\\/\\\/www.facebook.com\\\/ToshibaStorageEU\\\/\",\"https:\\\/\\\/www.linkedin.com\\\/company\\\/toshiba-electronics-europe-gmbh\\\/?originalSubdomain=de\",\"https:\\\/\\\/www.youtube.com\\\/user\\\/ToshibaElectronics1\"]}]}<\/script>\n<!-- \/ Yoast SEO Premium plugin. -->","yoast_head_json":{"title":"Informaci\u00f3n sobre proveedores de servicios de recuperaci\u00f3n de datos - EMEA","robots":{"index":"index","follow":"follow","max-snippet":"max-snippet:-1","max-image-preview":"max-image-preview:large","max-video-preview":"max-video-preview:-1"},"canonical":"https:\/\/www.toshiba-storage.com\/es\/data_recovery_service_provider_info\/","og_locale":"es_ES","og_type":"article","og_title":"Informaci\u00f3n sobre proveedores de servicios de recuperaci\u00f3n de datos","og_description":"&nbsp; Accede a uno de los proveedores de servicios que aparecen a continuaci\u00f3n despu\u00e9s de entender y aceptar el siguiente descargo de responsabilidad.. &nbsp; Descargo de responsabilidad (a) Si seleccionas uno de los proveedores de servicios independientes y externos que se indican a continuaci\u00f3n (\u00abProveedor de servicios\u00bb) es bajo tu responsabilidad. Puedes seleccionar otro proveedor &hellip;","og_url":"https:\/\/www.toshiba-storage.com\/es\/data_recovery_service_provider_info\/","og_site_name":"EMEA","article_publisher":"https:\/\/www.facebook.com\/ToshibaStorageEU\/","article_modified_time":"2021-03-04T08:06:42+00:00","og_image":[{"url":"https:\/\/www.wwwtoshibastoragecom.psl.dev\/wp-content\/uploads\/2020\/06\/20200630_Toshiba_Storage_Data_Recovery_Icon.gif","type":"","width":"","height":""}],"twitter_card":"summary_large_image","twitter_misc":{"Est. reading time":"2 minutes"},"schema":{"@context":"https:\/\/schema.org","@graph":[{"@type":"WebPage","@id":"https:\/\/www.toshiba-storage.com\/es\/data_recovery_service_provider_info\/","url":"https:\/\/www.toshiba-storage.com\/es\/data_recovery_service_provider_info\/","name":"Informaci\u00f3n sobre proveedores de servicios de recuperaci\u00f3n de datos - EMEA","isPartOf":{"@id":"https:\/\/www.toshiba-storage.com\/es\/#website"},"primaryImageOfPage":{"@id":"https:\/\/www.toshiba-storage.com\/es\/data_recovery_service_provider_info\/#primaryimage"},"image":{"@id":"https:\/\/www.toshiba-storage.com\/es\/data_recovery_service_provider_info\/#primaryimage"},"thumbnailUrl":"https:\/\/www.toshiba-storage.com\/wp-content\/uploads\/2020\/06\/20200630_Toshiba_Storage_Data_Recovery_Icon.gif","datePublished":"2020-07-02T10:10:12+00:00","dateModified":"2021-03-04T08:06:42+00:00","inLanguage":"es-ES","potentialAction":[{"@type":"ReadAction","target":["https:\/\/www.toshiba-storage.com\/es\/data_recovery_service_provider_info\/"]}]},{"@type":"ImageObject","inLanguage":"es-ES","@id":"https:\/\/www.toshiba-storage.com\/es\/data_recovery_service_provider_info\/#primaryimage","url":"https:\/\/www.toshiba-storage.com\/wp-content\/uploads\/2020\/06\/20200630_Toshiba_Storage_Data_Recovery_Icon.gif","contentUrl":"https:\/\/www.toshiba-storage.com\/wp-content\/uploads\/2020\/06\/20200630_Toshiba_Storage_Data_Recovery_Icon.gif"},{"@type":"WebSite","@id":"https:\/\/www.toshiba-storage.com\/es\/#website","url":"https:\/\/www.toshiba-storage.com\/es\/","name":"Toshiba Storage Solutions \u2013 EMEA Region","description":"Toshiba in Europe and Middle East Asia provides reliable and innovative storage solutions and internal and external HDDs \u2013for Laptops, PC, NAS, Surveillance and Enterprise.","publisher":{"@id":"https:\/\/www.toshiba-storage.com\/es\/#organization"},"potentialAction":[{"@type":"SearchAction","target":{"@type":"EntryPoint","urlTemplate":"https:\/\/www.toshiba-storage.com\/es\/?s={search_term_string}"},"query-input":{"@type":"PropertyValueSpecification","valueRequired":true,"valueName":"search_term_string"}}],"inLanguage":"es-ES"},{"@type":"Organization","@id":"https:\/\/www.toshiba-storage.com\/es\/#organization","name":"Toshiba Electronics Europe GmbH","url":"https:\/\/www.toshiba-storage.com\/es\/","logo":{"@type":"ImageObject","inLanguage":"es-ES","@id":"https:\/\/www.toshiba-storage.com\/es\/#\/schema\/logo\/image\/","url":"https:\/\/www.toshiba-storage.com\/wp\/wp-content\/uploads\/2024\/02\/toshiba-logo.png","contentUrl":"https:\/\/www.toshiba-storage.com\/wp\/wp-content\/uploads\/2024\/02\/toshiba-logo.png","width":263,"height":40,"caption":"Toshiba Electronics Europe GmbH"},"image":{"@id":"https:\/\/www.toshiba-storage.com\/es\/#\/schema\/logo\/image\/"},"sameAs":["https:\/\/www.facebook.com\/ToshibaStorageEU\/","https:\/\/www.linkedin.com\/company\/toshiba-electronics-europe-gmbh\/?originalSubdomain=de","https:\/\/www.youtube.com\/user\/ToshibaElectronics1"]}]}},"_links":{"self":[{"href":"https:\/\/www.toshiba-storage.com\/es\/wp-json\/wp\/v2\/pages\/41305","targetHints":{"allow":["GET"]}}],"collection":[{"href":"https:\/\/www.toshiba-storage.com\/es\/wp-json\/wp\/v2\/pages"}],"about":[{"href":"https:\/\/www.toshiba-storage.com\/es\/wp-json\/wp\/v2\/types\/page"}],"author":[{"embeddable":true,"href":"https:\/\/www.toshiba-storage.com\/es\/wp-json\/wp\/v2\/users\/30"}],"replies":[{"embeddable":true,"href":"https:\/\/www.toshiba-storage.com\/es\/wp-json\/wp\/v2\/comments?post=41305"}],"version-history":[{"count":0,"href":"https:\/\/www.toshiba-storage.com\/es\/wp-json\/wp\/v2\/pages\/41305\/revisions"}],"wp:attachment":[{"href":"https:\/\/www.toshiba-storage.com\/es\/wp-json\/wp\/v2\/media?parent=41305"}],"curies":[{"name":"wp","href":"https:\/\/api.w.org\/{rel}","templated":true}]}}