{"id":25508,"date":"2019-03-11T09:31:27","date_gmt":"2019-03-11T08:31:27","guid":{"rendered":"https:\/\/www.toshiba-storage.com\/external-hard-drives\/"},"modified":"2025-11-19T13:24:05","modified_gmt":"2025-11-19T12:24:05","slug":"external-hard-drives","status":"publish","type":"page","link":"https:\/\/www.toshiba-storage.com\/es\/external-hard-drives\/","title":{"rendered":"Discos duros externos"},"content":{"rendered":"","protected":false},"excerpt":{"rendered":"","protected":false},"author":1,"featured_media":27140,"parent":0,"menu_order":0,"comment_status":"closed","ping_status":"closed","template":"page-products.php","meta":{"_acf_changed":false,"footnotes":""},"class_list":["post-25508","page","type-page","status-publish","has-post-thumbnail","hentry"],"acf":[],"yoast_head":"<!-- This site is optimized with the Yoast SEO Premium plugin v27.3 (Yoast SEO v27.3) - https:\/\/yoast.com\/product\/yoast-seo-premium-wordpress\/ -->\n<title>Discos duros externos - EMEA<\/title>\n<meta name=\"description\" content=\"Regi\u00f3n EMEA Toshiba Discos duros externos. El tiempo en el que est\u00e1 buscando HDD port\u00e1tiles o de escritorio Toshiba ofrece una amplia gama de discos duros externos.\" \/>\n<meta name=\"robots\" content=\"index, follow, max-snippet:-1, max-image-preview:large, max-video-preview:-1\" \/>\n<link rel=\"canonical\" href=\"https:\/\/www.toshiba-storage.com\/es\/external-hard-drives\/\" \/>\n<meta property=\"og:locale\" content=\"es_ES\" \/>\n<meta property=\"og:type\" content=\"article\" \/>\n<meta property=\"og:title\" content=\"Discos duros externos\" \/>\n<meta property=\"og:description\" content=\"Regi\u00f3n EMEA Toshiba Discos duros externos. El tiempo en el que est\u00e1 buscando HDD port\u00e1tiles o de escritorio Toshiba ofrece una amplia gama de discos duros externos.\" \/>\n<meta property=\"og:url\" content=\"https:\/\/www.toshiba-storage.com\/es\/external-hard-drives\/\" \/>\n<meta property=\"og:site_name\" content=\"EMEA\" \/>\n<meta property=\"article:publisher\" content=\"https:\/\/www.facebook.com\/ToshibaStorageEU\/\" \/>\n<meta property=\"article:modified_time\" content=\"2025-11-19T12:24:05+00:00\" \/>\n<meta name=\"twitter:card\" content=\"summary_large_image\" \/>\n<script type=\"application\/ld+json\" class=\"yoast-schema-graph\">{\"@context\":\"https:\\\/\\\/schema.org\",\"@graph\":[{\"@type\":\"WebPage\",\"@id\":\"https:\\\/\\\/www.toshiba-storage.com\\\/es\\\/external-hard-drives\\\/\",\"url\":\"https:\\\/\\\/www.toshiba-storage.com\\\/es\\\/external-hard-drives\\\/\",\"name\":\"Discos duros externos - EMEA\",\"isPartOf\":{\"@id\":\"https:\\\/\\\/www.toshiba-storage.com\\\/es\\\/#website\"},\"primaryImageOfPage\":{\"@id\":\"https:\\\/\\\/www.toshiba-storage.com\\\/es\\\/external-hard-drives\\\/#primaryimage\"},\"image\":{\"@id\":\"https:\\\/\\\/www.toshiba-storage.com\\\/es\\\/external-hard-drives\\\/#primaryimage\"},\"thumbnailUrl\":\"\",\"datePublished\":\"2019-03-11T08:31:27+00:00\",\"dateModified\":\"2025-11-19T12:24:05+00:00\",\"description\":\"Regi\u00f3n EMEA Toshiba Discos duros externos. El tiempo en el que est\u00e1 buscando HDD port\u00e1tiles o de escritorio Toshiba ofrece una amplia gama de discos duros externos.\",\"inLanguage\":\"es-ES\",\"potentialAction\":[{\"@type\":\"ReadAction\",\"target\":[\"https:\\\/\\\/www.toshiba-storage.com\\\/es\\\/external-hard-drives\\\/\"]}]},{\"@type\":\"ImageObject\",\"inLanguage\":\"es-ES\",\"@id\":\"https:\\\/\\\/www.toshiba-storage.com\\\/es\\\/external-hard-drives\\\/#primaryimage\",\"url\":\"\",\"contentUrl\":\"\",\"width\":2276,\"height\":850},{\"@type\":\"WebSite\",\"@id\":\"https:\\\/\\\/www.toshiba-storage.com\\\/es\\\/#website\",\"url\":\"https:\\\/\\\/www.toshiba-storage.com\\\/es\\\/\",\"name\":\"Toshiba Storage Solutions \u2013 EMEA Region\",\"description\":\"Toshiba in Europe and Middle East Asia provides reliable and innovative storage solutions and internal and external HDDs \u2013for Laptops, PC, NAS, Surveillance and Enterprise.\",\"publisher\":{\"@id\":\"https:\\\/\\\/www.toshiba-storage.com\\\/es\\\/#organization\"},\"potentialAction\":[{\"@type\":\"SearchAction\",\"target\":{\"@type\":\"EntryPoint\",\"urlTemplate\":\"https:\\\/\\\/www.toshiba-storage.com\\\/es\\\/?s={search_term_string}\"},\"query-input\":{\"@type\":\"PropertyValueSpecification\",\"valueRequired\":true,\"valueName\":\"search_term_string\"}}],\"inLanguage\":\"es-ES\"},{\"@type\":\"Organization\",\"@id\":\"https:\\\/\\\/www.toshiba-storage.com\\\/es\\\/#organization\",\"name\":\"Toshiba Electronics Europe GmbH\",\"url\":\"https:\\\/\\\/www.toshiba-storage.com\\\/es\\\/\",\"logo\":{\"@type\":\"ImageObject\",\"inLanguage\":\"es-ES\",\"@id\":\"https:\\\/\\\/www.toshiba-storage.com\\\/es\\\/#\\\/schema\\\/logo\\\/image\\\/\",\"url\":\"https:\\\/\\\/www.toshiba-storage.com\\\/wp\\\/wp-content\\\/uploads\\\/2024\\\/02\\\/toshiba-logo.png\",\"contentUrl\":\"https:\\\/\\\/www.toshiba-storage.com\\\/wp\\\/wp-content\\\/uploads\\\/2024\\\/02\\\/toshiba-logo.png\",\"width\":263,\"height\":40,\"caption\":\"Toshiba Electronics Europe GmbH\"},\"image\":{\"@id\":\"https:\\\/\\\/www.toshiba-storage.com\\\/es\\\/#\\\/schema\\\/logo\\\/image\\\/\"},\"sameAs\":[\"https:\\\/\\\/www.facebook.com\\\/ToshibaStorageEU\\\/\",\"https:\\\/\\\/www.linkedin.com\\\/company\\\/toshiba-electronics-europe-gmbh\\\/?originalSubdomain=de\",\"https:\\\/\\\/www.youtube.com\\\/user\\\/ToshibaElectronics1\"]}]}<\/script>\n<!-- \/ Yoast SEO Premium plugin. -->","yoast_head_json":{"title":"Discos duros externos - EMEA","description":"Regi\u00f3n EMEA Toshiba Discos duros externos. El tiempo en el que est\u00e1 buscando HDD port\u00e1tiles o de escritorio Toshiba ofrece una amplia gama de discos duros externos.","robots":{"index":"index","follow":"follow","max-snippet":"max-snippet:-1","max-image-preview":"max-image-preview:large","max-video-preview":"max-video-preview:-1"},"canonical":"https:\/\/www.toshiba-storage.com\/es\/external-hard-drives\/","og_locale":"es_ES","og_type":"article","og_title":"Discos duros externos","og_description":"Regi\u00f3n EMEA Toshiba Discos duros externos. El tiempo en el que est\u00e1 buscando HDD port\u00e1tiles o de escritorio Toshiba ofrece una amplia gama de discos duros externos.","og_url":"https:\/\/www.toshiba-storage.com\/es\/external-hard-drives\/","og_site_name":"EMEA","article_publisher":"https:\/\/www.facebook.com\/ToshibaStorageEU\/","article_modified_time":"2025-11-19T12:24:05+00:00","twitter_card":"summary_large_image","schema":{"@context":"https:\/\/schema.org","@graph":[{"@type":"WebPage","@id":"https:\/\/www.toshiba-storage.com\/es\/external-hard-drives\/","url":"https:\/\/www.toshiba-storage.com\/es\/external-hard-drives\/","name":"Discos duros externos - EMEA","isPartOf":{"@id":"https:\/\/www.toshiba-storage.com\/es\/#website"},"primaryImageOfPage":{"@id":"https:\/\/www.toshiba-storage.com\/es\/external-hard-drives\/#primaryimage"},"image":{"@id":"https:\/\/www.toshiba-storage.com\/es\/external-hard-drives\/#primaryimage"},"thumbnailUrl":"","datePublished":"2019-03-11T08:31:27+00:00","dateModified":"2025-11-19T12:24:05+00:00","description":"Regi\u00f3n EMEA Toshiba Discos duros externos. El tiempo en el que est\u00e1 buscando HDD port\u00e1tiles o de escritorio Toshiba ofrece una amplia gama de discos duros externos.","inLanguage":"es-ES","potentialAction":[{"@type":"ReadAction","target":["https:\/\/www.toshiba-storage.com\/es\/external-hard-drives\/"]}]},{"@type":"ImageObject","inLanguage":"es-ES","@id":"https:\/\/www.toshiba-storage.com\/es\/external-hard-drives\/#primaryimage","url":"","contentUrl":"","width":2276,"height":850},{"@type":"WebSite","@id":"https:\/\/www.toshiba-storage.com\/es\/#website","url":"https:\/\/www.toshiba-storage.com\/es\/","name":"Toshiba Storage Solutions \u2013 EMEA Region","description":"Toshiba in Europe and Middle East Asia provides reliable and innovative storage solutions and internal and external HDDs \u2013for Laptops, PC, NAS, Surveillance and Enterprise.","publisher":{"@id":"https:\/\/www.toshiba-storage.com\/es\/#organization"},"potentialAction":[{"@type":"SearchAction","target":{"@type":"EntryPoint","urlTemplate":"https:\/\/www.toshiba-storage.com\/es\/?s={search_term_string}"},"query-input":{"@type":"PropertyValueSpecification","valueRequired":true,"valueName":"search_term_string"}}],"inLanguage":"es-ES"},{"@type":"Organization","@id":"https:\/\/www.toshiba-storage.com\/es\/#organization","name":"Toshiba Electronics Europe GmbH","url":"https:\/\/www.toshiba-storage.com\/es\/","logo":{"@type":"ImageObject","inLanguage":"es-ES","@id":"https:\/\/www.toshiba-storage.com\/es\/#\/schema\/logo\/image\/","url":"https:\/\/www.toshiba-storage.com\/wp\/wp-content\/uploads\/2024\/02\/toshiba-logo.png","contentUrl":"https:\/\/www.toshiba-storage.com\/wp\/wp-content\/uploads\/2024\/02\/toshiba-logo.png","width":263,"height":40,"caption":"Toshiba Electronics Europe GmbH"},"image":{"@id":"https:\/\/www.toshiba-storage.com\/es\/#\/schema\/logo\/image\/"},"sameAs":["https:\/\/www.facebook.com\/ToshibaStorageEU\/","https:\/\/www.linkedin.com\/company\/toshiba-electronics-europe-gmbh\/?originalSubdomain=de","https:\/\/www.youtube.com\/user\/ToshibaElectronics1"]}]}},"_links":{"self":[{"href":"https:\/\/www.toshiba-storage.com\/es\/wp-json\/wp\/v2\/pages\/25508","targetHints":{"allow":["GET"]}}],"collection":[{"href":"https:\/\/www.toshiba-storage.com\/es\/wp-json\/wp\/v2\/pages"}],"about":[{"href":"https:\/\/www.toshiba-storage.com\/es\/wp-json\/wp\/v2\/types\/page"}],"author":[{"embeddable":true,"href":"https:\/\/www.toshiba-storage.com\/es\/wp-json\/wp\/v2\/users\/1"}],"replies":[{"embeddable":true,"href":"https:\/\/www.toshiba-storage.com\/es\/wp-json\/wp\/v2\/comments?post=25508"}],"version-history":[{"count":0,"href":"https:\/\/www.toshiba-storage.com\/es\/wp-json\/wp\/v2\/pages\/25508\/revisions"}],"wp:featuredmedia":[{"embeddable":true,"href":"https:\/\/www.toshiba-storage.com\/es\/wp-json\/"}],"wp:attachment":[{"href":"https:\/\/www.toshiba-storage.com\/es\/wp-json\/wp\/v2\/media?parent=25508"}],"curies":[{"name":"wp","href":"https:\/\/api.w.org\/{rel}","templated":true}]}}