{"id":16460,"date":"2017-10-06T15:30:40","date_gmt":"2017-10-06T13:30:40","guid":{"rendered":"https:\/\/toshibaelectronicseuropegmbh.preview.pslsrv.com\/overview\/product-disclaimer\/"},"modified":"2017-12-21T15:29:22","modified_gmt":"2017-12-21T14:29:22","slug":"product-disclaimer","status":"publish","type":"page","link":"https:\/\/www.toshiba-storage.com\/es\/overview\/product-disclaimer\/","title":{"rendered":"Aviso legal"},"content":{"rendered":"<div class=\"wpb-content-wrapper\">[vc_row][vc_column width=\"1\/2\"][vc_column_text css=\"\"]\r\n<h2>Exenci\u00f3n de responsabilidad general<\/h2>\r\n1. Especificaciones del producto\r\nTodas las especificaciones de producto mencionadas dependen del modelo, de la configuraci\u00f3n y de la disponibilidad local.\r\n\r\n2. Garant\u00eda\r\nToshiba no otorga ninguna garant\u00eda adicional que no sea la contenida en la descripci\u00f3n que esta empresa ofrece del producto en particular o que determine la legislaci\u00f3n.\r\n\r\n3. Capacidad\r\nUn Gigabyte (1 GB) equivale a 10 9 = 1 000 000 000 bytes, mientras que un Terabyte (1 TB) equivale a 10 12 = 1 000 000 000 000 bytes utilizando potencias de 10. Sin embargo, el sistema operativo inform\u00e1tico indica la capacidad de almacenamiento utilizando potencias de 2 a la hora de definir 1GB= 2 30 = 1 073 741 824 bytes y 1TB = 2 40 1\u00a0099 511 627 776 bytes, por lo que la capacidad de almacenamiento mostrada ser\u00e1 inferior. La capacidad de almacenamiento disponible (incluidos ejemplos de distintos archivos multimedia) variar\u00e1 en funci\u00f3n del tama\u00f1o de archivo, el formato, la configuraci\u00f3n, el software, el sistema operativo y otros factores.\r\n\r\n4. Velocidad de lectura y escritura\r\nLa velocidad de lectura y escritura pueden variar en funci\u00f3n del dispositivo host, las condiciones de lectura y escritura y del tama\u00f1o del archivo.\r\n\r\n5. Peso\r\nEl peso puede variar en funci\u00f3n de la configuraci\u00f3n del producto, los componentes del proveedor, las variaciones durante la fabricaci\u00f3n y las opciones seleccionadas.\r\n\r\n6. LAN inal\u00e1mbrica para 802.11b, g y n\r\nLa velocidad de transmisi\u00f3n por LAN inal\u00e1mbrica y la distancia de alcance de la LAN inal\u00e1mbrica pueden variar en funci\u00f3n del entorno electromagn\u00e9tico existente, los obst\u00e1culos, el dise\u00f1o y la configuraci\u00f3n del punto de acceso, as\u00ed como de las configuraciones del software\/hardware y del dise\u00f1o del cliente. La velocidad de transmisi\u00f3n real ser\u00e1 inferior a la velocidad m\u00e1xima te\u00f3rica.\r\n\r\n7. Sujeto a cambios\r\nSi bien Toshiba ha realizado todos los esfuerzos posibles en el momento de la publicaci\u00f3n por garantizar la precisi\u00f3n de la informaci\u00f3n aqu\u00ed ofrecida, las especificaciones de producto, las configuraciones, los precios y la disponibilidad de sistemas\/opciones\/componentes pueden variar sin aviso previo.\u00a0 Las especificaciones de dise\u00f1o y los colores del producto pueden variar sin aviso previo y pueden ser diferentes de los que se muestran. Salvo error u omisi\u00f3n.\r\n\r\n8. Im\u00e1genes\r\nLas im\u00e1genes que aparecen en las p\u00e1ginas del sitio web se presentan solamente con fines ilustrativos. El objetivo de las im\u00e1genes es mostrar de forma sencilla c\u00f3mo funciona una caracter\u00edstica y no reflejan las diferencias relativas reales.[\/vc_column_text][\/vc_column][vc_column width=\"1\/2\"][vc_column_text css=\"\"]\r\n<h2>Exenciones de responsabilidad sobre modelos y notas legales al pie<\/h2>\r\n1. Windows es una marca comercial registrada o una marca comercial de Microsoft Corporation enlos Estados Unidos y\/o en otros pa\u00edses.\r\n2. Mac, OS X y Time Machine son marcas comerciales de Apple Inc., registradas en los Estados Unidos y en otros pa\u00edses.\r\n3. Android TM es una marca comercial de Google Inc.\r\n4. USB Type-C TM es una marca comercial de USB Implementers Forum y solo pueden utilizarse con productos basados en la especificaci\u00f3n de cable y conector USB Type-C\u00ae y que la cumplan.\r\n\r\nCanvio for Smartphone\r\n5. Para activar la copia de seguridad autom\u00e1tica y la carga, el smartphone Android debe estar encendido con un nivel de bater\u00eda suficiente y la aplicaci\u00f3n espec\u00edfica instalada.\r\n6. Puede que la copia de seguridad no se ejecute si el nivel de carga de la bater\u00eda restante del smartphone es bajo.\r\n\r\nE300, P300, N300, X300\r\n7. Para conocer los compartimentos de unidad admitidos, p\u00f3ngase en contacto con su proveedor de soluciones, ya que la compatibilidad con el dispositivo host variar\u00e1 en funci\u00f3n del sistema.\r\n\r\n8. La ubicaci\u00f3n del orificio de montaje inferior puede variar en funci\u00f3n del producto. Para obtener m\u00e1s informaci\u00f3n, visite este sitio web: https:\/\/toshiba.semicon-storage.com\/us\/design-support\/faq\/storage-holes.html\r\n\r\n9. Canvio Gaming\r\nEl almacenamiento de juegos estimado se basa en la suposici\u00f3n de un tama\u00f1o medio de juego de 36\u00a0GB en el caso de los juegos de la generaci\u00f3n actual. El n\u00famero de juegos realmente almacenados puede variar en funci\u00f3n del tama\u00f1o y el formato del archivo, el software de la consola y otros programas o factores. Es posible que se soliciten los discos originales para verificar la propiedad de los juegos comprados y cargados desde el disco. Se puede necesitar una conexi\u00f3n a internet y la cuenta de propietario del juego original.[\/vc_column_text][\/vc_column][\/vc_row]<\/div>","protected":false},"excerpt":{"rendered":"<p>[vc_row][vc_column width=&#8221;1\/2&#8243;][vc_column_text css=&#8221;&#8221;] Exenci\u00f3n de responsabilidad general 1. Especificaciones del producto Todas las especificaciones de producto mencionadas dependen del modelo, de la configuraci\u00f3n y de la disponibilidad local. 2. Garant\u00eda Toshiba no otorga ninguna garant\u00eda adicional que no sea la contenida en la descripci\u00f3n que esta empresa ofrece del producto en particular o que determine &hellip;<\/p>\n","protected":false},"author":11,"featured_media":0,"parent":16065,"menu_order":0,"comment_status":"closed","ping_status":"closed","template":"page-overwrite.php","meta":{"_acf_changed":false,"footnotes":""},"class_list":["post-16460","page","type-page","status-publish","hentry"],"acf":[],"yoast_head":"<!-- This site is optimized with the Yoast SEO Premium plugin v27.3 (Yoast SEO v27.3) - https:\/\/yoast.com\/product\/yoast-seo-premium-wordpress\/ -->\n<title>EMEA<\/title>\n<meta name=\"robots\" content=\"index, follow, max-snippet:-1, max-image-preview:large, max-video-preview:-1\" \/>\n<link rel=\"canonical\" href=\"https:\/\/www.toshiba-storage.com\/es\/overview\/product-disclaimer\/\" \/>\n<meta property=\"og:locale\" content=\"es_ES\" \/>\n<meta property=\"og:type\" content=\"article\" \/>\n<meta property=\"og:title\" content=\"Aviso legal\" \/>\n<meta property=\"og:description\" content=\"We at Toshiba believe that personal data is a valuable commodity that is worth to be stored in the fastest, most reliable and safest way possible.\" \/>\n<meta property=\"og:url\" content=\"https:\/\/www.toshiba-storage.com\/es\/overview\/product-disclaimer\/\" \/>\n<meta property=\"og:site_name\" content=\"EMEA\" \/>\n<meta property=\"article:publisher\" content=\"https:\/\/www.facebook.com\/ToshibaStorageEU\/\" \/>\n<meta property=\"article:modified_time\" content=\"2017-12-21T14:29:22+00:00\" \/>\n<meta name=\"twitter:card\" content=\"summary_large_image\" \/>\n<script type=\"application\/ld+json\" class=\"yoast-schema-graph\">{\"@context\":\"https:\\\/\\\/schema.org\",\"@graph\":[{\"@type\":\"WebPage\",\"@id\":\"https:\\\/\\\/www.toshiba-storage.com\\\/es\\\/overview\\\/product-disclaimer\\\/\",\"url\":\"https:\\\/\\\/www.toshiba-storage.com\\\/es\\\/overview\\\/product-disclaimer\\\/\",\"name\":\"Toshiba Personal Storage Solutions - Product Disclaimer\",\"isPartOf\":{\"@id\":\"https:\\\/\\\/www.toshiba-storage.com\\\/es\\\/#website\"},\"datePublished\":\"2017-10-06T13:30:40+00:00\",\"dateModified\":\"2017-12-21T14:29:22+00:00\",\"description\":\"We at Toshiba believe that personal data is a valuable commodity that is worth to be stored in the fastest, most reliable and safest way possible.\",\"breadcrumb\":{\"@id\":\"https:\\\/\\\/www.toshiba-storage.com\\\/es\\\/overview\\\/product-disclaimer\\\/#breadcrumb\"},\"inLanguage\":\"es-ES\",\"potentialAction\":[{\"@type\":\"ReadAction\",\"target\":[\"https:\\\/\\\/www.toshiba-storage.com\\\/es\\\/overview\\\/product-disclaimer\\\/\"]}]},{\"@type\":\"BreadcrumbList\",\"@id\":\"https:\\\/\\\/www.toshiba-storage.com\\\/es\\\/overview\\\/product-disclaimer\\\/#breadcrumb\",\"itemListElement\":[{\"@type\":\"ListItem\",\"position\":1,\"name\":\"Resumen\",\"item\":\"https:\\\/\\\/www.toshiba-storage.com\\\/es\\\/?page_id=9989\"},{\"@type\":\"ListItem\",\"position\":2,\"name\":\"Aviso legal\"}]},{\"@type\":\"WebSite\",\"@id\":\"https:\\\/\\\/www.toshiba-storage.com\\\/es\\\/#website\",\"url\":\"https:\\\/\\\/www.toshiba-storage.com\\\/es\\\/\",\"name\":\"Toshiba Storage Solutions \u2013 EMEA Region\",\"description\":\"Toshiba in Europe and Middle East Asia provides reliable and innovative storage solutions and internal and external HDDs \u2013for Laptops, PC, NAS, Surveillance and Enterprise.\",\"publisher\":{\"@id\":\"https:\\\/\\\/www.toshiba-storage.com\\\/es\\\/#organization\"},\"potentialAction\":[{\"@type\":\"SearchAction\",\"target\":{\"@type\":\"EntryPoint\",\"urlTemplate\":\"https:\\\/\\\/www.toshiba-storage.com\\\/es\\\/?s={search_term_string}\"},\"query-input\":{\"@type\":\"PropertyValueSpecification\",\"valueRequired\":true,\"valueName\":\"search_term_string\"}}],\"inLanguage\":\"es-ES\"},{\"@type\":\"Organization\",\"@id\":\"https:\\\/\\\/www.toshiba-storage.com\\\/es\\\/#organization\",\"name\":\"Toshiba Electronics Europe GmbH\",\"url\":\"https:\\\/\\\/www.toshiba-storage.com\\\/es\\\/\",\"logo\":{\"@type\":\"ImageObject\",\"inLanguage\":\"es-ES\",\"@id\":\"https:\\\/\\\/www.toshiba-storage.com\\\/es\\\/#\\\/schema\\\/logo\\\/image\\\/\",\"url\":\"https:\\\/\\\/www.toshiba-storage.com\\\/wp\\\/wp-content\\\/uploads\\\/2024\\\/02\\\/toshiba-logo.png\",\"contentUrl\":\"https:\\\/\\\/www.toshiba-storage.com\\\/wp\\\/wp-content\\\/uploads\\\/2024\\\/02\\\/toshiba-logo.png\",\"width\":263,\"height\":40,\"caption\":\"Toshiba Electronics Europe GmbH\"},\"image\":{\"@id\":\"https:\\\/\\\/www.toshiba-storage.com\\\/es\\\/#\\\/schema\\\/logo\\\/image\\\/\"},\"sameAs\":[\"https:\\\/\\\/www.facebook.com\\\/ToshibaStorageEU\\\/\",\"https:\\\/\\\/www.linkedin.com\\\/company\\\/toshiba-electronics-europe-gmbh\\\/?originalSubdomain=de\",\"https:\\\/\\\/www.youtube.com\\\/user\\\/ToshibaElectronics1\"]}]}<\/script>\n<!-- \/ Yoast SEO Premium plugin. -->","yoast_head_json":{"title":"EMEA","robots":{"index":"index","follow":"follow","max-snippet":"max-snippet:-1","max-image-preview":"max-image-preview:large","max-video-preview":"max-video-preview:-1"},"canonical":"https:\/\/www.toshiba-storage.com\/es\/overview\/product-disclaimer\/","og_locale":"es_ES","og_type":"article","og_title":"Aviso legal","og_description":"We at Toshiba believe that personal data is a valuable commodity that is worth to be stored in the fastest, most reliable and safest way possible.","og_url":"https:\/\/www.toshiba-storage.com\/es\/overview\/product-disclaimer\/","og_site_name":"EMEA","article_publisher":"https:\/\/www.facebook.com\/ToshibaStorageEU\/","article_modified_time":"2017-12-21T14:29:22+00:00","twitter_card":"summary_large_image","schema":{"@context":"https:\/\/schema.org","@graph":[{"@type":"WebPage","@id":"https:\/\/www.toshiba-storage.com\/es\/overview\/product-disclaimer\/","url":"https:\/\/www.toshiba-storage.com\/es\/overview\/product-disclaimer\/","name":"Toshiba Personal Storage Solutions - Product Disclaimer","isPartOf":{"@id":"https:\/\/www.toshiba-storage.com\/es\/#website"},"datePublished":"2017-10-06T13:30:40+00:00","dateModified":"2017-12-21T14:29:22+00:00","description":"We at Toshiba believe that personal data is a valuable commodity that is worth to be stored in the fastest, most reliable and safest way possible.","breadcrumb":{"@id":"https:\/\/www.toshiba-storage.com\/es\/overview\/product-disclaimer\/#breadcrumb"},"inLanguage":"es-ES","potentialAction":[{"@type":"ReadAction","target":["https:\/\/www.toshiba-storage.com\/es\/overview\/product-disclaimer\/"]}]},{"@type":"BreadcrumbList","@id":"https:\/\/www.toshiba-storage.com\/es\/overview\/product-disclaimer\/#breadcrumb","itemListElement":[{"@type":"ListItem","position":1,"name":"Resumen","item":"https:\/\/www.toshiba-storage.com\/es\/?page_id=9989"},{"@type":"ListItem","position":2,"name":"Aviso legal"}]},{"@type":"WebSite","@id":"https:\/\/www.toshiba-storage.com\/es\/#website","url":"https:\/\/www.toshiba-storage.com\/es\/","name":"Toshiba Storage Solutions \u2013 EMEA Region","description":"Toshiba in Europe and Middle East Asia provides reliable and innovative storage solutions and internal and external HDDs \u2013for Laptops, PC, NAS, Surveillance and Enterprise.","publisher":{"@id":"https:\/\/www.toshiba-storage.com\/es\/#organization"},"potentialAction":[{"@type":"SearchAction","target":{"@type":"EntryPoint","urlTemplate":"https:\/\/www.toshiba-storage.com\/es\/?s={search_term_string}"},"query-input":{"@type":"PropertyValueSpecification","valueRequired":true,"valueName":"search_term_string"}}],"inLanguage":"es-ES"},{"@type":"Organization","@id":"https:\/\/www.toshiba-storage.com\/es\/#organization","name":"Toshiba Electronics Europe GmbH","url":"https:\/\/www.toshiba-storage.com\/es\/","logo":{"@type":"ImageObject","inLanguage":"es-ES","@id":"https:\/\/www.toshiba-storage.com\/es\/#\/schema\/logo\/image\/","url":"https:\/\/www.toshiba-storage.com\/wp\/wp-content\/uploads\/2024\/02\/toshiba-logo.png","contentUrl":"https:\/\/www.toshiba-storage.com\/wp\/wp-content\/uploads\/2024\/02\/toshiba-logo.png","width":263,"height":40,"caption":"Toshiba Electronics Europe GmbH"},"image":{"@id":"https:\/\/www.toshiba-storage.com\/es\/#\/schema\/logo\/image\/"},"sameAs":["https:\/\/www.facebook.com\/ToshibaStorageEU\/","https:\/\/www.linkedin.com\/company\/toshiba-electronics-europe-gmbh\/?originalSubdomain=de","https:\/\/www.youtube.com\/user\/ToshibaElectronics1"]}]}},"_links":{"self":[{"href":"https:\/\/www.toshiba-storage.com\/es\/wp-json\/wp\/v2\/pages\/16460","targetHints":{"allow":["GET"]}}],"collection":[{"href":"https:\/\/www.toshiba-storage.com\/es\/wp-json\/wp\/v2\/pages"}],"about":[{"href":"https:\/\/www.toshiba-storage.com\/es\/wp-json\/wp\/v2\/types\/page"}],"author":[{"embeddable":true,"href":"https:\/\/www.toshiba-storage.com\/es\/wp-json\/wp\/v2\/users\/11"}],"replies":[{"embeddable":true,"href":"https:\/\/www.toshiba-storage.com\/es\/wp-json\/wp\/v2\/comments?post=16460"}],"version-history":[{"count":0,"href":"https:\/\/www.toshiba-storage.com\/es\/wp-json\/wp\/v2\/pages\/16460\/revisions"}],"up":[{"embeddable":true,"href":"https:\/\/www.toshiba-storage.com\/es\/wp-json\/wp\/v2\/pages\/16065"}],"wp:attachment":[{"href":"https:\/\/www.toshiba-storage.com\/es\/wp-json\/wp\/v2\/media?parent=16460"}],"curies":[{"name":"wp","href":"https:\/\/api.w.org\/{rel}","templated":true}]}}