{"id":11783,"date":"2017-10-26T10:26:00","date_gmt":"2017-10-26T08:26:00","guid":{"rendered":"https:\/\/toshibaelectronicseuropegmbh.preview.pslsrv.com\/archivo-de-descargas-y-productos\/"},"modified":"2020-08-10T09:10:17","modified_gmt":"2020-08-10T07:10:17","slug":"archives","status":"publish","type":"page","link":"https:\/\/www.toshiba-storage.com\/es\/archives\/","title":{"rendered":"Archivo: desc. y productos"},"content":{"rendered":"<h1><strong>CAUTION: DO NOT DELETE THIS PAGE!<\/strong><\/h1>\n<p>This page&nbsp;represents the tab &#8220;Archives&#8221; on the page &#8220;Downloads &amp; Products Archive&#8221;.<\/p>\n","protected":false},"excerpt":{"rendered":"<p>CAUTION: DO NOT DELETE THIS PAGE! This page&nbsp;represents the tab &#8220;Archives&#8221; on the page &#8220;Downloads &amp; Products Archive&#8221;.<\/p>\n","protected":false},"author":13,"featured_media":0,"parent":0,"menu_order":0,"comment_status":"closed","ping_status":"closed","template":"page-archives.php","meta":{"_acf_changed":false,"footnotes":""},"class_list":["post-11783","page","type-page","status-publish","hentry"],"acf":[],"yoast_head":"<!-- This site is optimized with the Yoast SEO Premium plugin v27.2 (Yoast SEO v27.2) - https:\/\/yoast.com\/product\/yoast-seo-premium-wordpress\/ -->\n<title>Archivo: desc. y productos - EMEA<\/title>\n<meta name=\"description\" content=\"Soluciones de almacenamiento Toshiba de la regi\u00f3n EMEA. Aqu\u00ed puede descargar hojas de datos t\u00e9cnicas, manuales de productos, im\u00e1genes, cierto software y otros documentos relacionados con el producto.\" \/>\n<meta name=\"robots\" content=\"index, follow, max-snippet:-1, max-image-preview:large, max-video-preview:-1\" \/>\n<link rel=\"canonical\" href=\"https:\/\/www.toshiba-storage.com\/es\/archives\/\" \/>\n<meta property=\"og:locale\" content=\"es_ES\" \/>\n<meta property=\"og:type\" content=\"article\" \/>\n<meta property=\"og:title\" content=\"Archivo: desc. y productos\" \/>\n<meta property=\"og:description\" content=\"Soluciones de almacenamiento Toshiba de la regi\u00f3n EMEA. Aqu\u00ed puede descargar hojas de datos t\u00e9cnicas, manuales de productos, im\u00e1genes, cierto software y otros documentos relacionados con el producto.\" \/>\n<meta property=\"og:url\" content=\"https:\/\/www.toshiba-storage.com\/es\/archives\/\" \/>\n<meta property=\"og:site_name\" content=\"EMEA\" \/>\n<meta property=\"article:publisher\" content=\"https:\/\/www.facebook.com\/ToshibaStorageEU\/\" \/>\n<meta property=\"article:modified_time\" content=\"2020-08-10T07:10:17+00:00\" \/>\n<meta name=\"twitter:card\" content=\"summary_large_image\" \/>\n<script type=\"application\/ld+json\" class=\"yoast-schema-graph\">{\"@context\":\"https:\/\/schema.org\",\"@graph\":[{\"@type\":\"WebPage\",\"@id\":\"https:\/\/www.toshiba-storage.com\/es\/archives\/\",\"url\":\"https:\/\/www.toshiba-storage.com\/es\/archives\/\",\"name\":\"Archivo: desc. y productos - EMEA\",\"isPartOf\":{\"@id\":\"https:\/\/www.toshiba-storage.com\/es\/#website\"},\"datePublished\":\"2017-10-26T08:26:00+00:00\",\"dateModified\":\"2020-08-10T07:10:17+00:00\",\"description\":\"Soluciones de almacenamiento Toshiba de la regi\u00f3n EMEA. Aqu\u00ed puede descargar hojas de datos t\u00e9cnicas, manuales de productos, im\u00e1genes, cierto software y otros documentos relacionados con el producto.\",\"inLanguage\":\"es-ES\",\"potentialAction\":[{\"@type\":\"ReadAction\",\"target\":[\"https:\/\/www.toshiba-storage.com\/es\/archives\/\"]}]},{\"@type\":\"WebSite\",\"@id\":\"https:\/\/www.toshiba-storage.com\/es\/#website\",\"url\":\"https:\/\/www.toshiba-storage.com\/es\/\",\"name\":\"Toshiba Storage Solutions \u2013 EMEA Region\",\"description\":\"Toshiba in Europe and Middle East Asia provides reliable and innovative storage solutions and internal and external HDDs \u2013for Laptops, PC, NAS, Surveillance and Enterprise.\",\"publisher\":{\"@id\":\"https:\/\/www.toshiba-storage.com\/es\/#organization\"},\"potentialAction\":[{\"@type\":\"SearchAction\",\"target\":{\"@type\":\"EntryPoint\",\"urlTemplate\":\"https:\/\/www.toshiba-storage.com\/es\/?s={search_term_string}\"},\"query-input\":{\"@type\":\"PropertyValueSpecification\",\"valueRequired\":true,\"valueName\":\"search_term_string\"}}],\"inLanguage\":\"es-ES\"},{\"@type\":\"Organization\",\"@id\":\"https:\/\/www.toshiba-storage.com\/es\/#organization\",\"name\":\"Toshiba Electronics Europe GmbH\",\"url\":\"https:\/\/www.toshiba-storage.com\/es\/\",\"logo\":{\"@type\":\"ImageObject\",\"inLanguage\":\"es-ES\",\"@id\":\"https:\/\/www.toshiba-storage.com\/es\/#\/schema\/logo\/image\/\",\"url\":\"https:\/\/www.toshiba-storage.com\/wp\/wp-content\/uploads\/2024\/02\/toshiba-logo.png\",\"contentUrl\":\"https:\/\/www.toshiba-storage.com\/wp\/wp-content\/uploads\/2024\/02\/toshiba-logo.png\",\"width\":263,\"height\":40,\"caption\":\"Toshiba Electronics Europe GmbH\"},\"image\":{\"@id\":\"https:\/\/www.toshiba-storage.com\/es\/#\/schema\/logo\/image\/\"},\"sameAs\":[\"https:\/\/www.facebook.com\/ToshibaStorageEU\/\",\"https:\/\/www.linkedin.com\/company\/toshiba-electronics-europe-gmbh\/?originalSubdomain=de\",\"https:\/\/www.youtube.com\/user\/ToshibaElectronics1\"]}]}<\/script>\n<!-- \/ Yoast SEO Premium plugin. -->","yoast_head_json":{"title":"Archivo: desc. y productos - EMEA","description":"Soluciones de almacenamiento Toshiba de la regi\u00f3n EMEA. Aqu\u00ed puede descargar hojas de datos t\u00e9cnicas, manuales de productos, im\u00e1genes, cierto software y otros documentos relacionados con el producto.","robots":{"index":"index","follow":"follow","max-snippet":"max-snippet:-1","max-image-preview":"max-image-preview:large","max-video-preview":"max-video-preview:-1"},"canonical":"https:\/\/www.toshiba-storage.com\/es\/archives\/","og_locale":"es_ES","og_type":"article","og_title":"Archivo: desc. y productos","og_description":"Soluciones de almacenamiento Toshiba de la regi\u00f3n EMEA. Aqu\u00ed puede descargar hojas de datos t\u00e9cnicas, manuales de productos, im\u00e1genes, cierto software y otros documentos relacionados con el producto.","og_url":"https:\/\/www.toshiba-storage.com\/es\/archives\/","og_site_name":"EMEA","article_publisher":"https:\/\/www.facebook.com\/ToshibaStorageEU\/","article_modified_time":"2020-08-10T07:10:17+00:00","twitter_card":"summary_large_image","schema":{"@context":"https:\/\/schema.org","@graph":[{"@type":"WebPage","@id":"https:\/\/www.toshiba-storage.com\/es\/archives\/","url":"https:\/\/www.toshiba-storage.com\/es\/archives\/","name":"Archivo: desc. y productos - EMEA","isPartOf":{"@id":"https:\/\/www.toshiba-storage.com\/es\/#website"},"datePublished":"2017-10-26T08:26:00+00:00","dateModified":"2020-08-10T07:10:17+00:00","description":"Soluciones de almacenamiento Toshiba de la regi\u00f3n EMEA. Aqu\u00ed puede descargar hojas de datos t\u00e9cnicas, manuales de productos, im\u00e1genes, cierto software y otros documentos relacionados con el producto.","inLanguage":"es-ES","potentialAction":[{"@type":"ReadAction","target":["https:\/\/www.toshiba-storage.com\/es\/archives\/"]}]},{"@type":"WebSite","@id":"https:\/\/www.toshiba-storage.com\/es\/#website","url":"https:\/\/www.toshiba-storage.com\/es\/","name":"Toshiba Storage Solutions \u2013 EMEA Region","description":"Toshiba in Europe and Middle East Asia provides reliable and innovative storage solutions and internal and external HDDs \u2013for Laptops, PC, NAS, Surveillance and Enterprise.","publisher":{"@id":"https:\/\/www.toshiba-storage.com\/es\/#organization"},"potentialAction":[{"@type":"SearchAction","target":{"@type":"EntryPoint","urlTemplate":"https:\/\/www.toshiba-storage.com\/es\/?s={search_term_string}"},"query-input":{"@type":"PropertyValueSpecification","valueRequired":true,"valueName":"search_term_string"}}],"inLanguage":"es-ES"},{"@type":"Organization","@id":"https:\/\/www.toshiba-storage.com\/es\/#organization","name":"Toshiba Electronics Europe GmbH","url":"https:\/\/www.toshiba-storage.com\/es\/","logo":{"@type":"ImageObject","inLanguage":"es-ES","@id":"https:\/\/www.toshiba-storage.com\/es\/#\/schema\/logo\/image\/","url":"https:\/\/www.toshiba-storage.com\/wp\/wp-content\/uploads\/2024\/02\/toshiba-logo.png","contentUrl":"https:\/\/www.toshiba-storage.com\/wp\/wp-content\/uploads\/2024\/02\/toshiba-logo.png","width":263,"height":40,"caption":"Toshiba Electronics Europe GmbH"},"image":{"@id":"https:\/\/www.toshiba-storage.com\/es\/#\/schema\/logo\/image\/"},"sameAs":["https:\/\/www.facebook.com\/ToshibaStorageEU\/","https:\/\/www.linkedin.com\/company\/toshiba-electronics-europe-gmbh\/?originalSubdomain=de","https:\/\/www.youtube.com\/user\/ToshibaElectronics1"]}]}},"_links":{"self":[{"href":"https:\/\/www.toshiba-storage.com\/es\/wp-json\/wp\/v2\/pages\/11783","targetHints":{"allow":["GET"]}}],"collection":[{"href":"https:\/\/www.toshiba-storage.com\/es\/wp-json\/wp\/v2\/pages"}],"about":[{"href":"https:\/\/www.toshiba-storage.com\/es\/wp-json\/wp\/v2\/types\/page"}],"author":[{"embeddable":true,"href":"https:\/\/www.toshiba-storage.com\/es\/wp-json\/wp\/v2\/users\/13"}],"replies":[{"embeddable":true,"href":"https:\/\/www.toshiba-storage.com\/es\/wp-json\/wp\/v2\/comments?post=11783"}],"version-history":[{"count":0,"href":"https:\/\/www.toshiba-storage.com\/es\/wp-json\/wp\/v2\/pages\/11783\/revisions"}],"wp:attachment":[{"href":"https:\/\/www.toshiba-storage.com\/es\/wp-json\/wp\/v2\/media?parent=11783"}],"curies":[{"name":"wp","href":"https:\/\/api.w.org\/{rel}","templated":true}]}}