{"id":65195,"date":"2025-11-18T15:56:01","date_gmt":"2025-11-18T14:56:01","guid":{"rendered":"https:\/\/www.toshiba-storage.com\/?page_id=65195"},"modified":"2025-11-18T16:24:40","modified_gmt":"2025-11-18T15:24:40","slug":"erklaerung-zu-unserer-mission","status":"publish","type":"page","link":"https:\/\/www.toshiba-storage.com\/de\/erklaerung-zu-unserer-mission\/","title":{"rendered":"Erkl\u00e4rung zu unserer Mission"},"content":{"rendered":"<section class=\"section padding-top-md padding-bottom-md bg-white\">\n    <div class=\"container\">\n<div class=\"block block--text margin-bottom-md\">\n                            <div class=\"row\">\n            <div class=\"col-xs-12 col-md-8 col-md-push-2\">\n                                    <p style=\"text-align: center\">In einer datengesteuerten Welt ist unsere Mission klar: Wir wollen die digitale Grundlage des modernen Lebens sch\u00fctzen. Mit modernster HDD-Technologie und einem umfassenden Produktportfolio sorgen wir daf\u00fcr, dass die Daten der Welt sicher, zug\u00e4nglich und dauerhaft erhalten bleiben \u2013 heute und f\u00fcr k\u00fcnftige Generationen.<\/p>\n                                            <\/div>\n        <\/div>\n    <\/div>\n\n\n    <div class=\"row block block--video margin-bottom-md center-width\">\n        <div class=\"col-12 col-sm-10 col-lg-8 col-sm-offset-1 col-lg-offset-2\">\n                <div class=\"wp-block-embed is-type-video wp-embed-aspect-16-9 wp-has-aspect-ratio\">\n        <div class=\"wp-block-embed__wrapper\">\n                            <div class=\"BorlabsCookie _brlbs-cb-youtube\"><div class=\"_brlbs-content-blocker\"> <div class=\"_brlbs-embed _brlbs-video-youtube\"> <img class=\"_brlbs-thumbnail\" src=\"https:\/\/www.toshiba-storage.com\/wp\/wp-content\/plugins\/borlabs-cookie\/assets\/images\/cb-no-thumbnail.png\" alt=\"YouTube\"> <div class=\"_brlbs-caption\"> <p>By loading the video, you agree to YouTube's privacy policy.<br><a href=\"https:\/\/policies.google.com\/privacy?hl=en&gl=en\" target=\"_blank\" rel=\"nofollow noopener noreferrer\">Learn more<\/a><\/p> <p><a class=\"_brlbs-btn _brlbs-icon-play-white\" href=\"#\" data-borlabs-cookie-unblock role=\"button\">Load video<\/a><\/p> <p><label><input type=\"checkbox\" name=\"unblockAll\" value=\"1\" checked> <small>Always unblock YouTube<\/small><\/label><\/p> <\/div> <\/div> <\/div><div class=\"borlabs-hide\" data-borlabs-cookie-type=\"content-blocker\" data-borlabs-cookie-id=\"youtube\"><script type=\"text\/template\">PGlmcmFtZSBsb2FkaW5nPSJsYXp5IiB3aWR0aD0iNTI1IiBoZWlnaHQ9IjI5NSIgc3JjPSJodHRwczovL3d3dy55b3V0dWJlLW5vY29va2llLmNvbS9lbWJlZC9FTmZYMlhDWDVTaz9mZWF0dXJlPW9lbWJlZCYjMDM4O3JlbD0wIiBmcmFtZWJvcmRlcj0iMCIgYWxsb3c9ImFjY2VsZXJvbWV0ZXI7IGF1dG9wbGF5OyBjbGlwYm9hcmQtd3JpdGU7IGVuY3J5cHRlZC1tZWRpYTsgZ3lyb3Njb3BlOyBwaWN0dXJlLWluLXBpY3R1cmU7IHdlYi1zaGFyZSIgcmVmZXJyZXJwb2xpY3k9InN0cmljdC1vcmlnaW4td2hlbi1jcm9zcy1vcmlnaW4iIGFsbG93ZnVsbHNjcmVlbj0iIj48L2lmcmFtZT4=<\/script><\/div><\/div>\n                    <\/div>\n    <\/div>\n        <\/div>\n    <\/div>\n\n<\/div>\n<\/section>\n\n\n<section class=\"section padding-top-md padding-bottom-md bg-white\">\n    <div class=\"container container--wide\">\n<div class=\"block block--text-image block--text-image--text-image margin-bottom-md\">\n    <div class=\"row block--text-image__row\">\n        <div class=\"col-xs-12 col-md-5 block--text-image__text\">\n                                <h2 class=\"h2 align-left \">Festplattenlaufwerke f\u00fcr Unternehmen<\/h2>\n                                        <p>Unternehmen sch\u00e4tzen unsere \u201eEnterprise\u201c-Speicherprodukte zur sicheren Aufbewahrung ihrer gesch\u00e4ftskritischen Daten. Unsere Speicherl\u00f6sungen bringen die Digitalisierung unserer Welt voran. Mit unserem Erfahrungsvorsprung in der Laufwerkstechnik bieten wir die Qualit\u00e4t, die unsere Kunden und Partner erwarten.<\/p>\n<p>Unser Anspruch, unsere Kunden stets zufriedenstellen zu wollen, treibt uns an, immer neue L\u00f6sungen f\u00fcr herausfordernde Anwendungsf\u00e4lle und gro\u00dfe Workloads zu entwickeln.<\/p>\n                                        <div class=\"block--button align-left\">\n                                                <a href=\"https:\/\/www.toshiba-storage.com\/de\/products\/?product_category=enterprise-hard-drives\"         class=\"button button-default \"\n            >\n        Weitere Informationen            <\/a>\n                                    <\/div>\n                    <\/div>\n        <div class=\"col-xs-12 col-md-7 block--text-image__image block--text-image__image--full\">\n                                            <img decoding=\"async\" src=\"https:\/\/www.toshiba-storage.com\/wp\/wp-content\/uploads\/2025\/10\/mission-statement-teaser-enterprise-hdd.jpg\"\n            width=\"525\"            height=\"296\"            alt=\"Enterprise HDD\"\n            class=\"\"\n            loading=\"lazy\"        \/>\n                        <\/div>\n    <\/div>\n<\/div>\n\n\n<div class=\"block block--text-image block--text-image--image-text margin-bottom-md\">\n    <div class=\"row block--text-image__row\">\n        <div class=\"col-xs-12 col-md-5 block--text-image__text\">\n                                <h2 class=\"h2 align-left \">Festplatten f\u00fcr Sicherheitssysteme<\/h2>\n                                        <p>Unseren \u201eSurveillance\u201c-Speicherl\u00f6sungen zum Schutz von Personen und Anlagen kann man rund um die Uhr vertrauen. Festplattentechnik ist seit Langem unsere Spezialit\u00e4t und so bieten wir herausragende L\u00f6sungen f\u00fcr die unterschiedlichsten Anwendungsf\u00e4lle.<\/p>\n<p>Nach h\u00f6chsten Qualit\u00e4tsstandards gefertigte Produkte leisten selbst bei Volllast zuverl\u00e4ssig ihren Dienst. Und nat\u00fcrlich agieren wir nicht allein, deshalb liegt unser Fokus auf wertsch\u00f6pfenden Partnerschaften und vertrauensw\u00fcrdigen Lieferketten.<\/p>\n                                        <div class=\"block--button align-left\">\n                                                <a href=\"https:\/\/www.toshiba-storage.com\/de\/surveillance-solutions\/\"         class=\"button button-default \"\n            >\n        Weitere Informationen            <\/a>\n                                    <\/div>\n                    <\/div>\n        <div class=\"col-xs-12 col-md-7 block--text-image__image block--text-image__image--full\">\n                                            <img decoding=\"async\" src=\"https:\/\/www.toshiba-storage.com\/wp\/wp-content\/uploads\/2025\/10\/Toshiba_Mission_Bild4-2-1024x576.jpg\"\n            width=\"525\"            height=\"295\"            alt=\"\"\n            class=\"\"\n            loading=\"lazy\"        \/>\n                        <\/div>\n    <\/div>\n<\/div>\n\n\n<div class=\"block block--text-image block--text-image--text-image margin-bottom-md\">\n    <div class=\"row block--text-image__row\">\n        <div class=\"col-xs-12 col-md-5 block--text-image__text\">\n                                <h2 class=\"h2 align-left \">Festplatten f\u00fcr NAS<\/h2>\n                                        <p>Auf unseren NAS-Festplatten lassen sich Netzwerkdaten sicher ablegen und zuverl\u00e4ssig lokal verwalten. Den Anforderungen der Praxis begegnen wir mit herausragenden Innovationen, die wir unserem technischen Know-how verdanken.<\/p>\n<p>Wir sind bekannt f\u00fcr Qualit\u00e4t und das l\u00e4dt Kunden dazu ein, unseren Produkten ihre kritischsten Daten anzuvertrauen. Starke Partnerschaften mit NAS-Anbietern sorgen f\u00fcr nahtlose Kompatibilit\u00e4t.<\/p>\n                                        <div class=\"block--button align-left\">\n                                                <a href=\"https:\/\/www.toshiba-storage.com\/de\/products\/?product_category=nas-hard-drives\"         class=\"button button-default \"\n            >\n        Weitere Informationen            <\/a>\n                                    <\/div>\n                    <\/div>\n        <div class=\"col-xs-12 col-md-7 block--text-image__image block--text-image__image--full\">\n                                            <img decoding=\"async\" src=\"https:\/\/www.toshiba-storage.com\/wp\/wp-content\/uploads\/2025\/10\/mission-statement-teaser-nas-hdd.jpg\"\n            width=\"525\"            height=\"296\"            alt=\"NAS HDD\"\n            class=\"\"\n            loading=\"lazy\"        \/>\n                        <\/div>\n    <\/div>\n<\/div>\n\n\n<div class=\"block block--text-image block--text-image--image-text margin-bottom-md\">\n    <div class=\"row block--text-image__row\">\n        <div class=\"col-xs-12 col-md-5 block--text-image__text\">\n                                <h2 class=\"h2 align-left \">Speicherprodukte f\u00fcr Privatanwender<\/h2>\n                                        <p>Auf unseren \u201ePersonal Storage\u201c-Speicherprodukten lassen sich pers\u00f6nliche Daten unkompliziert und zuverl\u00e4ssig ablegen. Es funktioniert einfach \u2013 daf\u00fcr sind wir dank unserer Leidenschaft f\u00fcr Qualit\u00e4t bekannt.<\/p>\n<p>Unsere Erfahrung erlaubt es uns, kundenspezifische L\u00f6sungen anzubieten. Au\u00dferdem pflegen wir mit unseren Einzelhandelspartnern langfristige Beziehungen.<\/p>\n                                        <div class=\"block--button align-left\">\n                                                <a href=\"https:\/\/www.toshiba-storage.com\/de\/external-hard-drives\/\"         class=\"button button-default \"\n            >\n        Weitere Informationen            <\/a>\n                                    <\/div>\n                    <\/div>\n        <div class=\"col-xs-12 col-md-7 block--text-image__image block--text-image__image--full\">\n                                            <img decoding=\"async\" src=\"https:\/\/www.toshiba-storage.com\/wp\/wp-content\/uploads\/2025\/10\/mission-statement-teaser-personal-storage.jpg\"\n            width=\"525\"            height=\"296\"            alt=\"Personal Storage\"\n            class=\"\"\n            loading=\"lazy\"        \/>\n                        <\/div>\n    <\/div>\n<\/div>\n\n<\/div>\n<\/section>\n\n\n<section class=\"section padding-top-md padding-bottom-md bg-light-grey\">\n    <div class=\"container\">\n<div class=\"block block--text margin-bottom-md\">\n                <h2 class=\"h2 align-center \">Das Verpackungskonzept von Toshiba<\/h2>\n                <div class=\"row\">\n            <div class=\"col-xs-12 col-md-8 col-md-push-2\">\n                                    <p style=\"text-align: center\">Die Produktpalette von Toshiba Personal Storage ist nach Leistungskriterien und Merkmalen sortiert. Dank des einfachen Farbcodes und des Auswahlleitfadens finden Kunden sofort die Produkte, die ihren Anforderungen am besten entsprechen.<\/p>\n                                            <\/div>\n        <\/div>\n    <\/div>\n\n\n<div class=\"block block--feature-grid margin-bottom-md\">\n    <div class=\"row block--feature-grid__row\">\n                                <div class=\"col-xs-12 col-sm-6 block--feature-grid__item\">\n                                                    <img decoding=\"async\" src=\"https:\/\/www.toshiba-storage.com\/wp\/wp-content\/uploads\/2020\/08\/Shopping_Guide_Specialty_100x59.png\"\n            width=\"100\"            height=\"59\"            alt=\"Toshiba Premium\"\n            class=\"\"\n            loading=\"lazy\"        \/>\n                                                        <p><strong>Specialty<\/strong><\/p>\n                                                    <p>Die Sonderformen von Toshiba richten sich an Anwender mit sehr speziellen Speicheranforderungen.<\/p>\n                                            <\/div>\n                                <div class=\"col-xs-12 col-sm-6 block--feature-grid__item\">\n                                                    <img decoding=\"async\" src=\"https:\/\/www.toshiba-storage.com\/wp\/wp-content\/uploads\/2020\/08\/Shopping_Guide_Premium_100x59.png\"\n            width=\"100\"            height=\"59\"            alt=\"Toshiba Premium\"\n            class=\"\"\n            loading=\"lazy\"        \/>\n                                                        <p><strong>Premium<\/strong><\/p>\n                                                    <p>Toshiba Produkte f\u00fcr Anwender mit Premium-Anspr\u00fcchen, die Wert auf elegantes Design, absolute Zuverl\u00e4ssigkeit und raffinierte Extras legen. Speicherl\u00f6sungen von Toshiba \u2013 ohne Beschr\u00e4nkungen.<\/p>\n                                            <\/div>\n                                <div class=\"col-xs-12 col-sm-6 block--feature-grid__item\">\n                                                    <img decoding=\"async\" src=\"https:\/\/www.toshiba-storage.com\/wp\/wp-content\/uploads\/2020\/08\/Shopping_Guide_Advanced_100x59.png\"\n            width=\"100\"            height=\"59\"            alt=\"Toshiba Advanced\"\n            class=\"\"\n            loading=\"lazy\"        \/>\n                                                        <p><strong>Erweiterte Produkte<\/strong><\/p>\n                                                    <p>Speicherprodukte der \u201eAdvanced\u201c-Reihe richten sich an fortgeschrittene Benutzer, die hohe Qualit\u00e4t, Geschwindigkeit und wichtige Zusatzfunktionen w\u00fcnschen \u2013 und alles in einem modernen Design.<\/p>\n                                            <\/div>\n                                <div class=\"col-xs-12 col-sm-6 block--feature-grid__item\">\n                                                    <img decoding=\"async\" src=\"https:\/\/www.toshiba-storage.com\/wp\/wp-content\/uploads\/2020\/08\/Shopping_Guide_Standard.png\"\n            width=\"100\"            height=\"59\"            alt=\"Toshiba Standard\"\n            class=\"\"\n            loading=\"lazy\"        \/>\n                                                        <p><strong>Standard<\/strong><\/p>\n                                                    <p>Die Produktreihe f\u00fcr Benutzer, die zuverl\u00e4ssige Qualit\u00e4t und wesentliche Funktionen erwarten.<\/p>\n                                            <\/div>\n            <\/div>\n<\/div>\n\n<\/div>\n<\/section>\n\n\n\n<p><\/p>\n","protected":false},"excerpt":{"rendered":"","protected":false},"author":41,"featured_media":0,"parent":0,"menu_order":0,"comment_status":"closed","ping_status":"closed","template":"page-content-sections.php","meta":{"_acf_changed":false,"footnotes":""},"class_list":["post-65195","page","type-page","status-publish","hentry"],"acf":[],"yoast_head":"<!-- This site is optimized with the Yoast SEO Premium plugin v27.3 (Yoast SEO v27.3) - https:\/\/yoast.com\/product\/yoast-seo-premium-wordpress\/ -->\n<title>Erkl\u00e4rung zu unserer Mission - EMEA<\/title>\n<meta name=\"robots\" content=\"index, follow, max-snippet:-1, max-image-preview:large, max-video-preview:-1\" \/>\n<link rel=\"canonical\" href=\"https:\/\/www.toshiba-storage.com\/de\/erklaerung-zu-unserer-mission\/\" \/>\n<meta property=\"og:locale\" content=\"de_DE\" \/>\n<meta property=\"og:type\" content=\"article\" \/>\n<meta property=\"og:title\" content=\"Erkl\u00e4rung zu unserer Mission\" \/>\n<meta property=\"og:url\" content=\"https:\/\/www.toshiba-storage.com\/de\/erklaerung-zu-unserer-mission\/\" \/>\n<meta property=\"og:site_name\" content=\"EMEA\" \/>\n<meta property=\"article:publisher\" content=\"https:\/\/www.facebook.com\/ToshibaStorageEU\/\" \/>\n<meta property=\"article:modified_time\" content=\"2025-11-18T15:24:40+00:00\" \/>\n<meta name=\"twitter:card\" content=\"summary_large_image\" \/>\n<script type=\"application\/ld+json\" class=\"yoast-schema-graph\">{\"@context\":\"https:\\\/\\\/schema.org\",\"@graph\":[{\"@type\":\"WebPage\",\"@id\":\"https:\\\/\\\/www.toshiba-storage.com\\\/de\\\/erklaerung-zu-unserer-mission\\\/\",\"url\":\"https:\\\/\\\/www.toshiba-storage.com\\\/de\\\/erklaerung-zu-unserer-mission\\\/\",\"name\":\"Erkl\u00e4rung zu unserer Mission - EMEA\",\"isPartOf\":{\"@id\":\"https:\\\/\\\/www.toshiba-storage.com\\\/de\\\/#website\"},\"datePublished\":\"2025-11-18T14:56:01+00:00\",\"dateModified\":\"2025-11-18T15:24:40+00:00\",\"inLanguage\":\"de-DE\",\"potentialAction\":[{\"@type\":\"ReadAction\",\"target\":[\"https:\\\/\\\/www.toshiba-storage.com\\\/de\\\/erklaerung-zu-unserer-mission\\\/\"]}]},{\"@type\":\"WebSite\",\"@id\":\"https:\\\/\\\/www.toshiba-storage.com\\\/de\\\/#website\",\"url\":\"https:\\\/\\\/www.toshiba-storage.com\\\/de\\\/\",\"name\":\"Toshiba Storage Solutions \u2013 EMEA Region\",\"description\":\"Toshiba in Europe and Middle East Asia provides reliable and innovative storage solutions and internal and external HDDs \u2013for Laptops, PC, NAS, Surveillance and Enterprise.\",\"publisher\":{\"@id\":\"https:\\\/\\\/www.toshiba-storage.com\\\/de\\\/#organization\"},\"potentialAction\":[{\"@type\":\"SearchAction\",\"target\":{\"@type\":\"EntryPoint\",\"urlTemplate\":\"https:\\\/\\\/www.toshiba-storage.com\\\/de\\\/?s={search_term_string}\"},\"query-input\":{\"@type\":\"PropertyValueSpecification\",\"valueRequired\":true,\"valueName\":\"search_term_string\"}}],\"inLanguage\":\"de-DE\"},{\"@type\":\"Organization\",\"@id\":\"https:\\\/\\\/www.toshiba-storage.com\\\/de\\\/#organization\",\"name\":\"Toshiba Electronics Europe GmbH\",\"url\":\"https:\\\/\\\/www.toshiba-storage.com\\\/de\\\/\",\"logo\":{\"@type\":\"ImageObject\",\"inLanguage\":\"de-DE\",\"@id\":\"https:\\\/\\\/www.toshiba-storage.com\\\/de\\\/#\\\/schema\\\/logo\\\/image\\\/\",\"url\":\"https:\\\/\\\/www.toshiba-storage.com\\\/wp\\\/wp-content\\\/uploads\\\/2024\\\/02\\\/toshiba-logo.png\",\"contentUrl\":\"https:\\\/\\\/www.toshiba-storage.com\\\/wp\\\/wp-content\\\/uploads\\\/2024\\\/02\\\/toshiba-logo.png\",\"width\":263,\"height\":40,\"caption\":\"Toshiba Electronics Europe GmbH\"},\"image\":{\"@id\":\"https:\\\/\\\/www.toshiba-storage.com\\\/de\\\/#\\\/schema\\\/logo\\\/image\\\/\"},\"sameAs\":[\"https:\\\/\\\/www.facebook.com\\\/ToshibaStorageEU\\\/\",\"https:\\\/\\\/www.linkedin.com\\\/company\\\/toshiba-electronics-europe-gmbh\\\/?originalSubdomain=de\",\"https:\\\/\\\/www.youtube.com\\\/user\\\/ToshibaElectronics1\"]}]}<\/script>\n<!-- \/ Yoast SEO Premium plugin. -->","yoast_head_json":{"title":"Erkl\u00e4rung zu unserer Mission - EMEA","robots":{"index":"index","follow":"follow","max-snippet":"max-snippet:-1","max-image-preview":"max-image-preview:large","max-video-preview":"max-video-preview:-1"},"canonical":"https:\/\/www.toshiba-storage.com\/de\/erklaerung-zu-unserer-mission\/","og_locale":"de_DE","og_type":"article","og_title":"Erkl\u00e4rung zu unserer Mission","og_url":"https:\/\/www.toshiba-storage.com\/de\/erklaerung-zu-unserer-mission\/","og_site_name":"EMEA","article_publisher":"https:\/\/www.facebook.com\/ToshibaStorageEU\/","article_modified_time":"2025-11-18T15:24:40+00:00","twitter_card":"summary_large_image","schema":{"@context":"https:\/\/schema.org","@graph":[{"@type":"WebPage","@id":"https:\/\/www.toshiba-storage.com\/de\/erklaerung-zu-unserer-mission\/","url":"https:\/\/www.toshiba-storage.com\/de\/erklaerung-zu-unserer-mission\/","name":"Erkl\u00e4rung zu unserer Mission - EMEA","isPartOf":{"@id":"https:\/\/www.toshiba-storage.com\/de\/#website"},"datePublished":"2025-11-18T14:56:01+00:00","dateModified":"2025-11-18T15:24:40+00:00","inLanguage":"de-DE","potentialAction":[{"@type":"ReadAction","target":["https:\/\/www.toshiba-storage.com\/de\/erklaerung-zu-unserer-mission\/"]}]},{"@type":"WebSite","@id":"https:\/\/www.toshiba-storage.com\/de\/#website","url":"https:\/\/www.toshiba-storage.com\/de\/","name":"Toshiba Storage Solutions \u2013 EMEA Region","description":"Toshiba in Europe and Middle East Asia provides reliable and innovative storage solutions and internal and external HDDs \u2013for Laptops, PC, NAS, Surveillance and Enterprise.","publisher":{"@id":"https:\/\/www.toshiba-storage.com\/de\/#organization"},"potentialAction":[{"@type":"SearchAction","target":{"@type":"EntryPoint","urlTemplate":"https:\/\/www.toshiba-storage.com\/de\/?s={search_term_string}"},"query-input":{"@type":"PropertyValueSpecification","valueRequired":true,"valueName":"search_term_string"}}],"inLanguage":"de-DE"},{"@type":"Organization","@id":"https:\/\/www.toshiba-storage.com\/de\/#organization","name":"Toshiba Electronics Europe GmbH","url":"https:\/\/www.toshiba-storage.com\/de\/","logo":{"@type":"ImageObject","inLanguage":"de-DE","@id":"https:\/\/www.toshiba-storage.com\/de\/#\/schema\/logo\/image\/","url":"https:\/\/www.toshiba-storage.com\/wp\/wp-content\/uploads\/2024\/02\/toshiba-logo.png","contentUrl":"https:\/\/www.toshiba-storage.com\/wp\/wp-content\/uploads\/2024\/02\/toshiba-logo.png","width":263,"height":40,"caption":"Toshiba Electronics Europe GmbH"},"image":{"@id":"https:\/\/www.toshiba-storage.com\/de\/#\/schema\/logo\/image\/"},"sameAs":["https:\/\/www.facebook.com\/ToshibaStorageEU\/","https:\/\/www.linkedin.com\/company\/toshiba-electronics-europe-gmbh\/?originalSubdomain=de","https:\/\/www.youtube.com\/user\/ToshibaElectronics1"]}]}},"_links":{"self":[{"href":"https:\/\/www.toshiba-storage.com\/de\/wp-json\/wp\/v2\/pages\/65195","targetHints":{"allow":["GET"]}}],"collection":[{"href":"https:\/\/www.toshiba-storage.com\/de\/wp-json\/wp\/v2\/pages"}],"about":[{"href":"https:\/\/www.toshiba-storage.com\/de\/wp-json\/wp\/v2\/types\/page"}],"author":[{"embeddable":true,"href":"https:\/\/www.toshiba-storage.com\/de\/wp-json\/wp\/v2\/users\/41"}],"replies":[{"embeddable":true,"href":"https:\/\/www.toshiba-storage.com\/de\/wp-json\/wp\/v2\/comments?post=65195"}],"version-history":[{"count":0,"href":"https:\/\/www.toshiba-storage.com\/de\/wp-json\/wp\/v2\/pages\/65195\/revisions"}],"wp:attachment":[{"href":"https:\/\/www.toshiba-storage.com\/de\/wp-json\/wp\/v2\/media?parent=65195"}],"curies":[{"name":"wp","href":"https:\/\/api.w.org\/{rel}","templated":true}]}}