{"id":47234,"date":"2021-08-10T23:20:53","date_gmt":"2021-08-10T21:20:53","guid":{"rendered":"https:\/\/www.toshiba-storage.com\/surveillance-solutions\/"},"modified":"2025-11-04T08:27:19","modified_gmt":"2025-11-04T07:27:19","slug":"surveillance-solutions","status":"publish","type":"page","link":"https:\/\/www.toshiba-storage.com\/de\/surveillance-solutions\/","title":{"rendered":"Surveillance"},"content":{"rendered":"<div class=\"wpb-content-wrapper\"><p>[vc_row][vc_column][toshiba_text_block]<\/p>\n<h1 style=\"text-align: center\"><strong>\u00dcberwachungsl\u00f6sungen von Toshiba<\/strong><\/h1>\n<p>Toshiba hat ein umfangreiches Sortiment an Festplatten speziell f\u00fcr die Speicherung von \u00dcberwachungsdaten entwickelt, die den wachsenden Anspr\u00fcchen kleiner und mittlerer Unternehmen gerecht werden, sich insbesondere f\u00fcr Big Data und Analytics eignen und sowohl in Betrieben als auch in der \u00d6ffentlichkeit eingesetzt werden k\u00f6nnen. Sie sind optimiert f\u00fcr Netzwerk-Videorecorder (NVR), digitale Videorecorder (DVR) und zentralisierte Backend-Speicherungen.[\/toshiba_text_block][\/vc_column][\/vc_row][vc_row][vc_column width=&#8221;1\/3&#8243;][toshiba_product_teaser product=&#8221;Festplatte S300 f\u00fcr \u00dcberwachungssysteme (62008)&#8221;][\/vc_column][vc_column width=&#8221;1\/3&#8243;][toshiba_product_teaser product=&#8221;S300 Pro Surveillance Hard Drive (56375)&#8221;][\/vc_column][vc_column width=&#8221;1\/3&#8243;][toshiba_product_teaser product=&#8221;Festplatte S300\u00a0AI f\u00fcr \u00dcberwachungssysteme (64058)&#8221;][\/vc_column][\/vc_row][vc_row][vc_column][toshiba_text_block]<\/p>\n<h2 style=\"text-align: center\">Anwendungsbereich<\/h2>\n<p>Die Speicherl\u00f6sungen von Toshiba werden speziell f\u00fcr \u00dcberwachungssysteme entwickelt und erf\u00fcllen die Anforderungen verschiedener Anwendungsbereiche im schnell wachsenden \u00dcberwachungsmarkt. Sie bieten einen stabilen Rund-um-die-Uhr-Betrieb und sind optimiert f\u00fcr den Bedarf f\u00fchrender \u00dcberwachungs-DVRs und -NVRs.[\/toshiba_text_block][\/vc_column][\/vc_row][vc_row][vc_column][toshiba_applications applications=&#8221;%5B%7B%22application%22%3A%22Handel%20(47381)%22%7D%2C%7B%22application%22%3A%22Transportwesen%20(47403)%22%7D%2C%7B%22application%22%3A%22Gesch%C3%A4ftsumfeld%20(47425)%22%7D%2C%7B%22application%22%3A%22Logistik%20(47528)%22%7D%2C%7B%22application%22%3A%22Beh%C3%B6rden%20und%20%C3%96ffentlichkeit%20(47447)%22%7D%2C%7B%22application%22%3A%22Finanzen%20(47359)%22%7D%2C%7B%22application%22%3A%22Gastgewerbe%20(47469)%22%7D%2C%7B%22application%22%3A%22Smart%20City%20(47491)%22%7D%5D&#8221;][\/vc_column][\/vc_row][vc_row][vc_column][toshiba_text_block]<\/p>\n<h2 style=\"text-align: center\">Produktvergleich<\/h2>\n<p>[\/toshiba_text_block][\/vc_column][\/vc_row][vc_row][vc_column][toshiba_product_comparison comparison=&#8221;Surveillance Solution DE (47313)&#8221;][\/vc_column][\/vc_row]<\/p>\n<\/div>","protected":false},"excerpt":{"rendered":"<p>[vc_row][vc_column][toshiba_text_block] \u00dcberwachungsl\u00f6sungen von Toshiba Toshiba hat ein umfangreiches Sortiment an Festplatten speziell f\u00fcr die Speicherung von \u00dcberwachungsdaten entwickelt, die den wachsenden Anspr\u00fcchen kleiner und mittlerer Unternehmen gerecht werden, sich insbesondere f\u00fcr Big Data und Analytics eignen und sowohl in Betrieben als auch in der \u00d6ffentlichkeit eingesetzt werden k\u00f6nnen. Sie sind optimiert f\u00fcr Netzwerk-Videorecorder (NVR), digitale &hellip;<\/p>\n","protected":false},"author":1,"featured_media":0,"parent":0,"menu_order":0,"comment_status":"closed","ping_status":"closed","template":"page-content-wide.php","meta":{"_acf_changed":false,"footnotes":""},"class_list":["post-47234","page","type-page","status-publish","hentry"],"acf":[],"yoast_head":"<!-- This site is optimized with the Yoast SEO Premium plugin v27.3 (Yoast SEO v27.3) - https:\/\/yoast.com\/product\/yoast-seo-premium-wordpress\/ -->\n<title>Surveillance - EMEA<\/title>\n<meta name=\"robots\" content=\"index, follow, max-snippet:-1, max-image-preview:large, max-video-preview:-1\" \/>\n<link rel=\"canonical\" href=\"https:\/\/www.toshiba-storage.com\/de\/surveillance-solutions\/\" \/>\n<meta property=\"og:locale\" content=\"de_DE\" \/>\n<meta property=\"og:type\" content=\"article\" \/>\n<meta property=\"og:title\" content=\"Surveillance\" \/>\n<meta property=\"og:description\" content=\"[vc_row][vc_column][toshiba_text_block] \u00dcberwachungsl\u00f6sungen von Toshiba Toshiba hat ein umfangreiches Sortiment an Festplatten speziell f\u00fcr die Speicherung von \u00dcberwachungsdaten entwickelt, die den wachsenden Anspr\u00fcchen kleiner und mittlerer Unternehmen gerecht werden, sich insbesondere f\u00fcr Big Data und Analytics eignen und sowohl in Betrieben als auch in der \u00d6ffentlichkeit eingesetzt werden k\u00f6nnen. Sie sind optimiert f\u00fcr Netzwerk-Videorecorder (NVR), digitale &hellip;\" \/>\n<meta property=\"og:url\" content=\"https:\/\/www.toshiba-storage.com\/de\/surveillance-solutions\/\" \/>\n<meta property=\"og:site_name\" content=\"EMEA\" \/>\n<meta property=\"article:publisher\" content=\"https:\/\/www.facebook.com\/ToshibaStorageEU\/\" \/>\n<meta property=\"article:modified_time\" content=\"2025-11-04T07:27:19+00:00\" \/>\n<meta name=\"twitter:card\" content=\"summary_large_image\" \/>\n<meta name=\"twitter:label1\" content=\"Est. reading time\" \/>\n\t<meta name=\"twitter:data1\" content=\"1 minute\" \/>\n<script type=\"application\/ld+json\" class=\"yoast-schema-graph\">{\"@context\":\"https:\\\/\\\/schema.org\",\"@graph\":[{\"@type\":\"WebPage\",\"@id\":\"https:\\\/\\\/www.toshiba-storage.com\\\/de\\\/surveillance-solutions\\\/\",\"url\":\"https:\\\/\\\/www.toshiba-storage.com\\\/de\\\/surveillance-solutions\\\/\",\"name\":\"Surveillance - EMEA\",\"isPartOf\":{\"@id\":\"https:\\\/\\\/www.toshiba-storage.com\\\/de\\\/#website\"},\"datePublished\":\"2021-08-10T21:20:53+00:00\",\"dateModified\":\"2025-11-04T07:27:19+00:00\",\"inLanguage\":\"de-DE\",\"potentialAction\":[{\"@type\":\"ReadAction\",\"target\":[\"https:\\\/\\\/www.toshiba-storage.com\\\/de\\\/surveillance-solutions\\\/\"]}]},{\"@type\":\"WebSite\",\"@id\":\"https:\\\/\\\/www.toshiba-storage.com\\\/de\\\/#website\",\"url\":\"https:\\\/\\\/www.toshiba-storage.com\\\/de\\\/\",\"name\":\"Toshiba Storage Solutions \u2013 EMEA Region\",\"description\":\"Toshiba in Europe and Middle East Asia provides reliable and innovative storage solutions and internal and external HDDs \u2013for Laptops, PC, NAS, Surveillance and Enterprise.\",\"publisher\":{\"@id\":\"https:\\\/\\\/www.toshiba-storage.com\\\/de\\\/#organization\"},\"potentialAction\":[{\"@type\":\"SearchAction\",\"target\":{\"@type\":\"EntryPoint\",\"urlTemplate\":\"https:\\\/\\\/www.toshiba-storage.com\\\/de\\\/?s={search_term_string}\"},\"query-input\":{\"@type\":\"PropertyValueSpecification\",\"valueRequired\":true,\"valueName\":\"search_term_string\"}}],\"inLanguage\":\"de-DE\"},{\"@type\":\"Organization\",\"@id\":\"https:\\\/\\\/www.toshiba-storage.com\\\/de\\\/#organization\",\"name\":\"Toshiba Electronics Europe GmbH\",\"url\":\"https:\\\/\\\/www.toshiba-storage.com\\\/de\\\/\",\"logo\":{\"@type\":\"ImageObject\",\"inLanguage\":\"de-DE\",\"@id\":\"https:\\\/\\\/www.toshiba-storage.com\\\/de\\\/#\\\/schema\\\/logo\\\/image\\\/\",\"url\":\"https:\\\/\\\/www.toshiba-storage.com\\\/wp\\\/wp-content\\\/uploads\\\/2024\\\/02\\\/toshiba-logo.png\",\"contentUrl\":\"https:\\\/\\\/www.toshiba-storage.com\\\/wp\\\/wp-content\\\/uploads\\\/2024\\\/02\\\/toshiba-logo.png\",\"width\":263,\"height\":40,\"caption\":\"Toshiba Electronics Europe GmbH\"},\"image\":{\"@id\":\"https:\\\/\\\/www.toshiba-storage.com\\\/de\\\/#\\\/schema\\\/logo\\\/image\\\/\"},\"sameAs\":[\"https:\\\/\\\/www.facebook.com\\\/ToshibaStorageEU\\\/\",\"https:\\\/\\\/www.linkedin.com\\\/company\\\/toshiba-electronics-europe-gmbh\\\/?originalSubdomain=de\",\"https:\\\/\\\/www.youtube.com\\\/user\\\/ToshibaElectronics1\"]}]}<\/script>\n<!-- \/ Yoast SEO Premium plugin. -->","yoast_head_json":{"title":"Surveillance - EMEA","robots":{"index":"index","follow":"follow","max-snippet":"max-snippet:-1","max-image-preview":"max-image-preview:large","max-video-preview":"max-video-preview:-1"},"canonical":"https:\/\/www.toshiba-storage.com\/de\/surveillance-solutions\/","og_locale":"de_DE","og_type":"article","og_title":"Surveillance","og_description":"[vc_row][vc_column][toshiba_text_block] \u00dcberwachungsl\u00f6sungen von Toshiba Toshiba hat ein umfangreiches Sortiment an Festplatten speziell f\u00fcr die Speicherung von \u00dcberwachungsdaten entwickelt, die den wachsenden Anspr\u00fcchen kleiner und mittlerer Unternehmen gerecht werden, sich insbesondere f\u00fcr Big Data und Analytics eignen und sowohl in Betrieben als auch in der \u00d6ffentlichkeit eingesetzt werden k\u00f6nnen. Sie sind optimiert f\u00fcr Netzwerk-Videorecorder (NVR), digitale &hellip;","og_url":"https:\/\/www.toshiba-storage.com\/de\/surveillance-solutions\/","og_site_name":"EMEA","article_publisher":"https:\/\/www.facebook.com\/ToshibaStorageEU\/","article_modified_time":"2025-11-04T07:27:19+00:00","twitter_card":"summary_large_image","twitter_misc":{"Est. reading time":"1 minute"},"schema":{"@context":"https:\/\/schema.org","@graph":[{"@type":"WebPage","@id":"https:\/\/www.toshiba-storage.com\/de\/surveillance-solutions\/","url":"https:\/\/www.toshiba-storage.com\/de\/surveillance-solutions\/","name":"Surveillance - EMEA","isPartOf":{"@id":"https:\/\/www.toshiba-storage.com\/de\/#website"},"datePublished":"2021-08-10T21:20:53+00:00","dateModified":"2025-11-04T07:27:19+00:00","inLanguage":"de-DE","potentialAction":[{"@type":"ReadAction","target":["https:\/\/www.toshiba-storage.com\/de\/surveillance-solutions\/"]}]},{"@type":"WebSite","@id":"https:\/\/www.toshiba-storage.com\/de\/#website","url":"https:\/\/www.toshiba-storage.com\/de\/","name":"Toshiba Storage Solutions \u2013 EMEA Region","description":"Toshiba in Europe and Middle East Asia provides reliable and innovative storage solutions and internal and external HDDs \u2013for Laptops, PC, NAS, Surveillance and Enterprise.","publisher":{"@id":"https:\/\/www.toshiba-storage.com\/de\/#organization"},"potentialAction":[{"@type":"SearchAction","target":{"@type":"EntryPoint","urlTemplate":"https:\/\/www.toshiba-storage.com\/de\/?s={search_term_string}"},"query-input":{"@type":"PropertyValueSpecification","valueRequired":true,"valueName":"search_term_string"}}],"inLanguage":"de-DE"},{"@type":"Organization","@id":"https:\/\/www.toshiba-storage.com\/de\/#organization","name":"Toshiba Electronics Europe GmbH","url":"https:\/\/www.toshiba-storage.com\/de\/","logo":{"@type":"ImageObject","inLanguage":"de-DE","@id":"https:\/\/www.toshiba-storage.com\/de\/#\/schema\/logo\/image\/","url":"https:\/\/www.toshiba-storage.com\/wp\/wp-content\/uploads\/2024\/02\/toshiba-logo.png","contentUrl":"https:\/\/www.toshiba-storage.com\/wp\/wp-content\/uploads\/2024\/02\/toshiba-logo.png","width":263,"height":40,"caption":"Toshiba Electronics Europe GmbH"},"image":{"@id":"https:\/\/www.toshiba-storage.com\/de\/#\/schema\/logo\/image\/"},"sameAs":["https:\/\/www.facebook.com\/ToshibaStorageEU\/","https:\/\/www.linkedin.com\/company\/toshiba-electronics-europe-gmbh\/?originalSubdomain=de","https:\/\/www.youtube.com\/user\/ToshibaElectronics1"]}]}},"_links":{"self":[{"href":"https:\/\/www.toshiba-storage.com\/de\/wp-json\/wp\/v2\/pages\/47234","targetHints":{"allow":["GET"]}}],"collection":[{"href":"https:\/\/www.toshiba-storage.com\/de\/wp-json\/wp\/v2\/pages"}],"about":[{"href":"https:\/\/www.toshiba-storage.com\/de\/wp-json\/wp\/v2\/types\/page"}],"author":[{"embeddable":true,"href":"https:\/\/www.toshiba-storage.com\/de\/wp-json\/wp\/v2\/users\/1"}],"replies":[{"embeddable":true,"href":"https:\/\/www.toshiba-storage.com\/de\/wp-json\/wp\/v2\/comments?post=47234"}],"version-history":[{"count":0,"href":"https:\/\/www.toshiba-storage.com\/de\/wp-json\/wp\/v2\/pages\/47234\/revisions"}],"wp:attachment":[{"href":"https:\/\/www.toshiba-storage.com\/de\/wp-json\/wp\/v2\/media?parent=47234"}],"curies":[{"name":"wp","href":"https:\/\/api.w.org\/{rel}","templated":true}]}}