{"id":41274,"date":"2020-07-02T12:10:12","date_gmt":"2020-07-02T10:10:12","guid":{"rendered":"https:\/\/toshibastoragecom-preview.preview.pslsrv.com\/data_recovery_service_provider_info\/"},"modified":"2021-03-04T11:49:08","modified_gmt":"2021-03-04T10:49:08","slug":"data_recovery_service_provider_info","status":"publish","type":"page","link":"https:\/\/www.toshiba-storage.com\/de\/data_recovery_service_provider_info\/","title":{"rendered":"Informationen zu Anbietern von Datenrettungsservices"},"content":{"rendered":"<div id=\"main\">\r\n<div id=\"mainInner\">\r\n<section id=\"cont\">\r\n<div class=\"titWrap\">\r\n<h2 id=\"faqTit\" class=\"titMain\" style=\"text-align: center;\"><span class=\"mdlImg\"><br \/><img loading=\"lazy\" decoding=\"async\" class=\"size-full wp-image-34840 aligncenter\" src=\"https:\/\/www.toshiba-storage.com\/wp-content\/uploads\/2020\/06\/20200630_Toshiba_Storage_Data_Recovery_Icon.gif\" alt=\"\" width=\"89\" height=\"96\" \/><\/span><\/h2>\r\n<p>\u00a0<\/p>\r\n<\/div>\r\n<p class=\"clickNote attention\" style=\"text-align: center; color: red;\"><strong>Wenn Sie den folgenden Haftungsausschluss gelesen und akzeptiert haben, k\u00f6nnen Sie sich an einen der nachstehend aufgef\u00fchrten Serviceanbieter wenden.<\/strong><\/p>\r\n<p>\u00a0<\/p>\r\n<div class=\"blockNote block20\">\r\n<p class=\"text\" style=\"text-align: left; font-size: 25px;\">Haftungsausschluss<\/p>\r\n<p class=\"p1\">(a) Die Auswahl von einem der nachstehend aufgef\u00fchrten unabh\u00e4ngigen und externen Serviceanbieter (\u201eServiceanbieter\u201c) geschieht auf eigenes Risiko. Ihre Auswahl eines Datenrettungs-Serviceanbieters ist keinesfalls auf die nachstehend aufgef\u00fchrten beschr\u00e4nkt.<\/p>\r\n<p class=\"p1\">(b) Jegliche Vereinbarung mit einem Datenrettungs-Serviceanbieter gilt ausschlie\u00dflich zwischen Ihnen und dem Serviceanbieter. Toshiba Electronics Europe\u00a0GmbH und seine verbundenen Gesellschaften (zusammen im Folgenden \u201eTOSHIBA\u201c) werden in keinem Fall Teil einer solchen Vereinbarung.<\/p>\r\n<p class=\"p1\">(c) TOSHIBA \u00dcBERNIMMT KEINERLEI EXPLIZITE ODER KONKLUDENTE GARANTIE UND SCHLIESST JEDE WEITERE HAFTUNG F\u00dcR DIE SERVICES VON UNABH\u00c4NGIGEN UND EXTERNEN SERVICEANBIETERN AUSDR\u00dcCKLICH AUS, DARUNTER DIE HAFTUNG F\u00dcR DIE QUALIT\u00c4T ODER ZUVERL\u00c4SSIGKEIT DER SERVICES DES UNABH\u00c4NGIGEN UND EXTERNEN SERVICEANBIETERS, DIE VERLETZUNG VON RECHTEN DRITTER, DIE VERMARKTUNGSF\u00c4HIGKEIT ODER DIE EIGNUNG F\u00dcR EINEN BESTIMMTEN ZWECK.<\/p>\r\n<p class=\"p1\">(d) Die Inanspruchnahme von Datenrettungsservices eines Serviceanbieters macht die Toshiba\u00a0Garantie f\u00fcr externe und interne Toshiba\u00a0Festplatten (\u201eFestplatten\u201c) nicht ung\u00fcltig, die Anwendern beim Kauf einer Festplatte gew\u00e4hrt wird (\u201eToshiba\u00a0Garantie\u201c). Sollten die Datenrettungsservices des Serviceanbieters allerdings zu Sch\u00e4den an der Festplatte, bis hin zur Funktionsunf\u00e4higkeit, f\u00fchren, deckt die Toshiba\u00a0Garantie diesen Schaden oder Defekt nicht ab.<\/p>\r\n<p class=\"p1\">(e) Gem\u00e4\u00df der Toshiba\u00a0Garantie haftet TOSHIBA nicht f\u00fcr Verluste oder Sch\u00e4den jeglicher Art, die im Zusammenhang mit der Erbringung von Services durch einen Serviceanbieter stehen oder sich daraus ergeben. Dies betrifft unter anderem jegliche Verluste oder Sch\u00e4den bez\u00fcglich Daten auf einer Toshiba\u00a0Festplatte, z.\u00a0B. zur\u00fcckzuf\u00fchren auf missbr\u00e4uchliche Nutzung oder Manipulation, nicht sachgem\u00e4\u00dfen Umgang oder andere, in der Toshiba\u00a0Garantie genannte Ursachen. Sie sind f\u00fcr das Sichern von Daten (Backups) selbst verantwortlich. Aus diesem Grund sichert TOSHIBA keine Entsch\u00e4digung bei finanziellen oder anderen Verlusten zu, die durch Datenverlust entstehen, und leistet eine solche auch nicht.<\/p>\r\n<p class=\"p1\">(f) Die tats\u00e4chlichen Bedingungen der Datenrettungsservices unterliegen den Anweisungen auf der Webseite des jeweiligen Serviceproviders.<\/p>\r\n<\/div>\r\n<br><br>\r\n<p style=\"text-align: center;\">Per Klick auf die nachfolgenden Logos stimmen Sie den jeweiligen Haftungsausschl\u00fcssen oben zu. <br \/>Die folgenden Serviceprovider bieten Kunden mit Toshiba\u00a0Festplatten rabattierte Datenrettungsservices.<\/p>\r\n<div>\r\n<table style=\"width: 100%;\">\r\n<tbody>\r\n<tr>\r\n<th style=\"text-align: center;\"><a href=\"https:\/\/www.toshiba-storage.com\/de\/link-ontrack\/\"><img loading=\"lazy\" decoding=\"async\" class=\"alignnone wp-image-39400 \" src=\"https:\/\/www.toshiba-storage.com\/wp-content\/uploads\/2020\/09\/ontrack_c-300x71.png\" alt=\"\" width=\"232\" height=\"55\" srcset=\"https:\/\/www.toshiba-storage.com\/wp\/wp-content\/uploads\/2020\/09\/ontrack_c-300x71.png 300w, https:\/\/www.toshiba-storage.com\/wp\/wp-content\/uploads\/2020\/09\/ontrack_c-768x181.png 768w, https:\/\/www.toshiba-storage.com\/wp\/wp-content\/uploads\/2020\/09\/ontrack_c-1024x241.png 1024w, https:\/\/www.toshiba-storage.com\/wp\/wp-content\/uploads\/2020\/09\/ontrack_c.png 1785w\" sizes=\"auto, (max-width: 232px) 100vw, 232px\" \/><\/a><\/th>\r\n<th style=\"text-align: center;\"><a href=\"https:\/\/www.toshiba-storage.com\/de\/drivesavers\/\"><img loading=\"lazy\" decoding=\"async\" class=\"alignnone wp-image-39388 \" src=\"https:\/\/www.toshiba-storage.com\/wp-content\/uploads\/2020\/09\/DR_DSLogo-300x300.png\" alt=\"\" width=\"156\" height=\"156\" srcset=\"https:\/\/www.toshiba-storage.com\/wp\/wp-content\/uploads\/2020\/09\/DR_DSLogo-300x300.png 300w, https:\/\/www.toshiba-storage.com\/wp\/wp-content\/uploads\/2020\/09\/DR_DSLogo-150x150.png 150w, https:\/\/www.toshiba-storage.com\/wp\/wp-content\/uploads\/2020\/09\/DR_DSLogo-768x769.png 768w, https:\/\/www.toshiba-storage.com\/wp\/wp-content\/uploads\/2020\/09\/DR_DSLogo-1024x1024.png 1024w, https:\/\/www.toshiba-storage.com\/wp\/wp-content\/uploads\/2020\/09\/DR_DSLogo-450x450.png 450w, https:\/\/www.toshiba-storage.com\/wp\/wp-content\/uploads\/2020\/09\/DR_DSLogo.png 1502w\" sizes=\"auto, (max-width: 156px) 100vw, 156px\" \/><\/a><\/th>\r\n<\/tr>\r\n<tr>\r\n<th style=\"text-align: center;\">\r\n<p><a href=\"https:\/\/www.toshiba-storage.com\/de\/link-ontrack\/\"><strong>Ontrack<\/strong><\/a><\/p>\r\n<p class=\"p1\"><a href=\"https:\/\/www.toshiba-storage.com\/de\/link-ontrack\/\">Hier klicken<\/a>\u00a0\u2013 Rabatt m\u00f6glich<\/p>\r\n<\/th>\r\n<th style=\"text-align: center;\">\r\n<p><a href=\"https:\/\/www.toshiba-storage.com\/de\/drivesavers\/\"><strong>Drivesavers<\/strong><\/a><\/p>\r\n<p class=\"p1\"><a href=\"https:\/\/www.toshiba-storage.com\/de\/drivesavers\/\">Hier klicken<\/a>\u00a0\u2013 Rabatt m\u00f6glich<\/p>\r\n<\/th>\r\n<\/tr>\r\n<\/tbody>\r\n<\/table>\r\n<\/div>\r\n<\/section>\r\n<\/div>\r\n<p><strong><!-- \/#mainInner --><\/strong><\/p>\r\n<\/div>\r\n\r\n\r\n<p>&nbsp;<\/p>\r\n","protected":false},"excerpt":{"rendered":"<p>\u00a0 Wenn Sie den folgenden Haftungsausschluss gelesen und akzeptiert haben, k\u00f6nnen Sie sich an einen der nachstehend aufgef\u00fchrten Serviceanbieter wenden. \u00a0 Haftungsausschluss (a) Die Auswahl von einem der nachstehend aufgef\u00fchrten unabh\u00e4ngigen und externen Serviceanbieter (\u201eServiceanbieter\u201c) geschieht auf eigenes Risiko. Ihre Auswahl eines Datenrettungs-Serviceanbieters ist keinesfalls auf die nachstehend aufgef\u00fchrten beschr\u00e4nkt. (b) Jegliche Vereinbarung mit einem &hellip;<\/p>\n","protected":false},"author":30,"featured_media":0,"parent":0,"menu_order":0,"comment_status":"closed","ping_status":"closed","template":"page-legal.php","meta":{"_acf_changed":false,"footnotes":""},"class_list":["post-41274","page","type-page","status-publish","hentry"],"acf":[],"yoast_head":"<!-- This site is optimized with the Yoast SEO Premium plugin v27.3 (Yoast SEO v27.3) - https:\/\/yoast.com\/product\/yoast-seo-premium-wordpress\/ -->\n<title>Informationen zu Anbietern von Datenrettungsservices - EMEA<\/title>\n<meta name=\"robots\" content=\"index, follow, max-snippet:-1, max-image-preview:large, max-video-preview:-1\" \/>\n<link rel=\"canonical\" href=\"https:\/\/www.toshiba-storage.com\/de\/data_recovery_service_provider_info\/\" \/>\n<meta property=\"og:locale\" content=\"de_DE\" \/>\n<meta property=\"og:type\" content=\"article\" \/>\n<meta property=\"og:title\" content=\"Informationen zu Anbietern von Datenrettungsservices\" \/>\n<meta property=\"og:description\" content=\"\u00a0 Wenn Sie den folgenden Haftungsausschluss gelesen und akzeptiert haben, k\u00f6nnen Sie sich an einen der nachstehend aufgef\u00fchrten Serviceanbieter wenden. \u00a0 Haftungsausschluss (a) Die Auswahl von einem der nachstehend aufgef\u00fchrten unabh\u00e4ngigen und externen Serviceanbieter (\u201eServiceanbieter\u201c) geschieht auf eigenes Risiko. Ihre Auswahl eines Datenrettungs-Serviceanbieters ist keinesfalls auf die nachstehend aufgef\u00fchrten beschr\u00e4nkt. (b) Jegliche Vereinbarung mit einem &hellip;\" \/>\n<meta property=\"og:url\" content=\"https:\/\/www.toshiba-storage.com\/de\/data_recovery_service_provider_info\/\" \/>\n<meta property=\"og:site_name\" content=\"EMEA\" \/>\n<meta property=\"article:publisher\" content=\"https:\/\/www.facebook.com\/ToshibaStorageEU\/\" \/>\n<meta property=\"article:modified_time\" content=\"2021-03-04T10:49:08+00:00\" \/>\n<meta property=\"og:image\" content=\"https:\/\/www.wwwtoshibastoragecom.psl.dev\/wp-content\/uploads\/2020\/06\/20200630_Toshiba_Storage_Data_Recovery_Icon.gif\" \/>\n<meta name=\"twitter:card\" content=\"summary_large_image\" \/>\n<meta name=\"twitter:label1\" content=\"Est. reading time\" \/>\n\t<meta name=\"twitter:data1\" content=\"2 minutes\" \/>\n<script type=\"application\/ld+json\" class=\"yoast-schema-graph\">{\"@context\":\"https:\\\/\\\/schema.org\",\"@graph\":[{\"@type\":\"WebPage\",\"@id\":\"https:\\\/\\\/www.toshiba-storage.com\\\/de\\\/data_recovery_service_provider_info\\\/\",\"url\":\"https:\\\/\\\/www.toshiba-storage.com\\\/de\\\/data_recovery_service_provider_info\\\/\",\"name\":\"Informationen zu Anbietern von Datenrettungsservices - EMEA\",\"isPartOf\":{\"@id\":\"https:\\\/\\\/www.toshiba-storage.com\\\/de\\\/#website\"},\"primaryImageOfPage\":{\"@id\":\"https:\\\/\\\/www.toshiba-storage.com\\\/de\\\/data_recovery_service_provider_info\\\/#primaryimage\"},\"image\":{\"@id\":\"https:\\\/\\\/www.toshiba-storage.com\\\/de\\\/data_recovery_service_provider_info\\\/#primaryimage\"},\"thumbnailUrl\":\"https:\\\/\\\/www.toshiba-storage.com\\\/wp-content\\\/uploads\\\/2020\\\/06\\\/20200630_Toshiba_Storage_Data_Recovery_Icon.gif\",\"datePublished\":\"2020-07-02T10:10:12+00:00\",\"dateModified\":\"2021-03-04T10:49:08+00:00\",\"inLanguage\":\"de-DE\",\"potentialAction\":[{\"@type\":\"ReadAction\",\"target\":[\"https:\\\/\\\/www.toshiba-storage.com\\\/de\\\/data_recovery_service_provider_info\\\/\"]}]},{\"@type\":\"ImageObject\",\"inLanguage\":\"de-DE\",\"@id\":\"https:\\\/\\\/www.toshiba-storage.com\\\/de\\\/data_recovery_service_provider_info\\\/#primaryimage\",\"url\":\"https:\\\/\\\/www.toshiba-storage.com\\\/wp-content\\\/uploads\\\/2020\\\/06\\\/20200630_Toshiba_Storage_Data_Recovery_Icon.gif\",\"contentUrl\":\"https:\\\/\\\/www.toshiba-storage.com\\\/wp-content\\\/uploads\\\/2020\\\/06\\\/20200630_Toshiba_Storage_Data_Recovery_Icon.gif\"},{\"@type\":\"WebSite\",\"@id\":\"https:\\\/\\\/www.toshiba-storage.com\\\/de\\\/#website\",\"url\":\"https:\\\/\\\/www.toshiba-storage.com\\\/de\\\/\",\"name\":\"Toshiba Storage Solutions \u2013 EMEA Region\",\"description\":\"Toshiba in Europe and Middle East Asia provides reliable and innovative storage solutions and internal and external HDDs \u2013for Laptops, PC, NAS, Surveillance and Enterprise.\",\"publisher\":{\"@id\":\"https:\\\/\\\/www.toshiba-storage.com\\\/de\\\/#organization\"},\"potentialAction\":[{\"@type\":\"SearchAction\",\"target\":{\"@type\":\"EntryPoint\",\"urlTemplate\":\"https:\\\/\\\/www.toshiba-storage.com\\\/de\\\/?s={search_term_string}\"},\"query-input\":{\"@type\":\"PropertyValueSpecification\",\"valueRequired\":true,\"valueName\":\"search_term_string\"}}],\"inLanguage\":\"de-DE\"},{\"@type\":\"Organization\",\"@id\":\"https:\\\/\\\/www.toshiba-storage.com\\\/de\\\/#organization\",\"name\":\"Toshiba Electronics Europe GmbH\",\"url\":\"https:\\\/\\\/www.toshiba-storage.com\\\/de\\\/\",\"logo\":{\"@type\":\"ImageObject\",\"inLanguage\":\"de-DE\",\"@id\":\"https:\\\/\\\/www.toshiba-storage.com\\\/de\\\/#\\\/schema\\\/logo\\\/image\\\/\",\"url\":\"https:\\\/\\\/www.toshiba-storage.com\\\/wp\\\/wp-content\\\/uploads\\\/2024\\\/02\\\/toshiba-logo.png\",\"contentUrl\":\"https:\\\/\\\/www.toshiba-storage.com\\\/wp\\\/wp-content\\\/uploads\\\/2024\\\/02\\\/toshiba-logo.png\",\"width\":263,\"height\":40,\"caption\":\"Toshiba Electronics Europe GmbH\"},\"image\":{\"@id\":\"https:\\\/\\\/www.toshiba-storage.com\\\/de\\\/#\\\/schema\\\/logo\\\/image\\\/\"},\"sameAs\":[\"https:\\\/\\\/www.facebook.com\\\/ToshibaStorageEU\\\/\",\"https:\\\/\\\/www.linkedin.com\\\/company\\\/toshiba-electronics-europe-gmbh\\\/?originalSubdomain=de\",\"https:\\\/\\\/www.youtube.com\\\/user\\\/ToshibaElectronics1\"]}]}<\/script>\n<!-- \/ Yoast SEO Premium plugin. -->","yoast_head_json":{"title":"Informationen zu Anbietern von Datenrettungsservices - EMEA","robots":{"index":"index","follow":"follow","max-snippet":"max-snippet:-1","max-image-preview":"max-image-preview:large","max-video-preview":"max-video-preview:-1"},"canonical":"https:\/\/www.toshiba-storage.com\/de\/data_recovery_service_provider_info\/","og_locale":"de_DE","og_type":"article","og_title":"Informationen zu Anbietern von Datenrettungsservices","og_description":"\u00a0 Wenn Sie den folgenden Haftungsausschluss gelesen und akzeptiert haben, k\u00f6nnen Sie sich an einen der nachstehend aufgef\u00fchrten Serviceanbieter wenden. \u00a0 Haftungsausschluss (a) Die Auswahl von einem der nachstehend aufgef\u00fchrten unabh\u00e4ngigen und externen Serviceanbieter (\u201eServiceanbieter\u201c) geschieht auf eigenes Risiko. Ihre Auswahl eines Datenrettungs-Serviceanbieters ist keinesfalls auf die nachstehend aufgef\u00fchrten beschr\u00e4nkt. (b) Jegliche Vereinbarung mit einem &hellip;","og_url":"https:\/\/www.toshiba-storage.com\/de\/data_recovery_service_provider_info\/","og_site_name":"EMEA","article_publisher":"https:\/\/www.facebook.com\/ToshibaStorageEU\/","article_modified_time":"2021-03-04T10:49:08+00:00","og_image":[{"url":"https:\/\/www.wwwtoshibastoragecom.psl.dev\/wp-content\/uploads\/2020\/06\/20200630_Toshiba_Storage_Data_Recovery_Icon.gif","type":"","width":"","height":""}],"twitter_card":"summary_large_image","twitter_misc":{"Est. reading time":"2 minutes"},"schema":{"@context":"https:\/\/schema.org","@graph":[{"@type":"WebPage","@id":"https:\/\/www.toshiba-storage.com\/de\/data_recovery_service_provider_info\/","url":"https:\/\/www.toshiba-storage.com\/de\/data_recovery_service_provider_info\/","name":"Informationen zu Anbietern von Datenrettungsservices - EMEA","isPartOf":{"@id":"https:\/\/www.toshiba-storage.com\/de\/#website"},"primaryImageOfPage":{"@id":"https:\/\/www.toshiba-storage.com\/de\/data_recovery_service_provider_info\/#primaryimage"},"image":{"@id":"https:\/\/www.toshiba-storage.com\/de\/data_recovery_service_provider_info\/#primaryimage"},"thumbnailUrl":"https:\/\/www.toshiba-storage.com\/wp-content\/uploads\/2020\/06\/20200630_Toshiba_Storage_Data_Recovery_Icon.gif","datePublished":"2020-07-02T10:10:12+00:00","dateModified":"2021-03-04T10:49:08+00:00","inLanguage":"de-DE","potentialAction":[{"@type":"ReadAction","target":["https:\/\/www.toshiba-storage.com\/de\/data_recovery_service_provider_info\/"]}]},{"@type":"ImageObject","inLanguage":"de-DE","@id":"https:\/\/www.toshiba-storage.com\/de\/data_recovery_service_provider_info\/#primaryimage","url":"https:\/\/www.toshiba-storage.com\/wp-content\/uploads\/2020\/06\/20200630_Toshiba_Storage_Data_Recovery_Icon.gif","contentUrl":"https:\/\/www.toshiba-storage.com\/wp-content\/uploads\/2020\/06\/20200630_Toshiba_Storage_Data_Recovery_Icon.gif"},{"@type":"WebSite","@id":"https:\/\/www.toshiba-storage.com\/de\/#website","url":"https:\/\/www.toshiba-storage.com\/de\/","name":"Toshiba Storage Solutions \u2013 EMEA Region","description":"Toshiba in Europe and Middle East Asia provides reliable and innovative storage solutions and internal and external HDDs \u2013for Laptops, PC, NAS, Surveillance and Enterprise.","publisher":{"@id":"https:\/\/www.toshiba-storage.com\/de\/#organization"},"potentialAction":[{"@type":"SearchAction","target":{"@type":"EntryPoint","urlTemplate":"https:\/\/www.toshiba-storage.com\/de\/?s={search_term_string}"},"query-input":{"@type":"PropertyValueSpecification","valueRequired":true,"valueName":"search_term_string"}}],"inLanguage":"de-DE"},{"@type":"Organization","@id":"https:\/\/www.toshiba-storage.com\/de\/#organization","name":"Toshiba Electronics Europe GmbH","url":"https:\/\/www.toshiba-storage.com\/de\/","logo":{"@type":"ImageObject","inLanguage":"de-DE","@id":"https:\/\/www.toshiba-storage.com\/de\/#\/schema\/logo\/image\/","url":"https:\/\/www.toshiba-storage.com\/wp\/wp-content\/uploads\/2024\/02\/toshiba-logo.png","contentUrl":"https:\/\/www.toshiba-storage.com\/wp\/wp-content\/uploads\/2024\/02\/toshiba-logo.png","width":263,"height":40,"caption":"Toshiba Electronics Europe GmbH"},"image":{"@id":"https:\/\/www.toshiba-storage.com\/de\/#\/schema\/logo\/image\/"},"sameAs":["https:\/\/www.facebook.com\/ToshibaStorageEU\/","https:\/\/www.linkedin.com\/company\/toshiba-electronics-europe-gmbh\/?originalSubdomain=de","https:\/\/www.youtube.com\/user\/ToshibaElectronics1"]}]}},"_links":{"self":[{"href":"https:\/\/www.toshiba-storage.com\/de\/wp-json\/wp\/v2\/pages\/41274","targetHints":{"allow":["GET"]}}],"collection":[{"href":"https:\/\/www.toshiba-storage.com\/de\/wp-json\/wp\/v2\/pages"}],"about":[{"href":"https:\/\/www.toshiba-storage.com\/de\/wp-json\/wp\/v2\/types\/page"}],"author":[{"embeddable":true,"href":"https:\/\/www.toshiba-storage.com\/de\/wp-json\/wp\/v2\/users\/30"}],"replies":[{"embeddable":true,"href":"https:\/\/www.toshiba-storage.com\/de\/wp-json\/wp\/v2\/comments?post=41274"}],"version-history":[{"count":0,"href":"https:\/\/www.toshiba-storage.com\/de\/wp-json\/wp\/v2\/pages\/41274\/revisions"}],"wp:attachment":[{"href":"https:\/\/www.toshiba-storage.com\/de\/wp-json\/wp\/v2\/media?parent=41274"}],"curies":[{"name":"wp","href":"https:\/\/api.w.org\/{rel}","templated":true}]}}