{"id":11834,"date":"2017-10-26T12:45:46","date_gmt":"2017-10-26T10:45:46","guid":{"rendered":"https:\/\/toshibaelectronicseuropegmbh.preview.pslsrv.com\/?page_id=11834\/"},"modified":"2025-03-17T15:14:27","modified_gmt":"2025-03-17T14:14:27","slug":"product-disclaimer","status":"publish","type":"page","link":"https:\/\/www.toshiba-storage.com\/de\/product-disclaimer\/","title":{"rendered":"Rechtliche Produkthinweise"},"content":{"rendered":"<div class=\"wpb-content-wrapper\"><p>[vc_row][vc_column width=&#8221;1\/2&#8243;][vc_column_text css=&#8221;&#8221;]<\/p>\n<h2><strong>Allgemeiner Haftungsausschluss<\/strong><\/h2>\n<ol>\n<li style=\"margin-bottom: 15px;\">Produktspezifikationen<br \/>\nAlle erw\u00e4hnten Produktspezifikationen sind jeweils von Modell und Konfiguration und lokaler Verf\u00fcgbarkeit abh\u00e4ngig.<\/li>\n<li style=\"margin-bottom: 15px;\">Garantie<br \/>\nToshiba gew\u00e4hrt keine zus\u00e4tzlichen Garantien \u00fcber die hinaus, die in der von Toshiba bereitgestellten Beschreibung des jeweiligen Produkts enthalten oder gesetzlich vorgeschrieben sind.<\/li>\n<li style=\"margin-bottom: 15px;\">Kapazit\u00e4t<br \/>\nIn Zehnerpotenzen sind ein Gigabyte (1\u00a0GB) 10<sup>9<\/sup> = 1.000.000.000 Byte und ein Terabyte (1\u00a0TB) 10<sup>12<\/sup> = 1.000.000.000.000 Byte. Ein Computerbetriebssystem erkennt Speicherplatz allerdings in Zweierpotenzen, d.\u00a0h., 1\u00a0GB= 2<sup>30<\/sup> = 1.073.741.824 Byte und 1\u00a0TB = 2<sup>40<\/sup> = 1.099.511.627.776 Byte. Der angezeigte Speicherplatz ist also geringer. Der verf\u00fcgbare Speicherplatz (inklusive Beispielen diverser Mediendateien) wird je nach Dateigr\u00f6\u00dfe, Formatierung, Einstellungen, Software und Betriebssystem sowie anderen Faktoren variieren.<\/li>\n<li style=\"margin-bottom: 15px;\">Lese- und Schreibgeschwindigkeit<br \/>\nDie Lese- und Schreibgeschwindigkeit h\u00e4ngt vom jeweiligen Host-Ger\u00e4t, den Lese- und Schreibbedingungen und der Dateigr\u00f6\u00dfe ab.<\/li>\n<li style=\"margin-bottom: 15px;\">Gewicht<br \/>\nDas Gewicht ist abh\u00e4ngig von der Produktkonfiguration, den Herstellerkomponenten, fertigungsbedingten Unterschieden und ausgew\u00e4hlten Optionen.<\/li>\n<li style=\"margin-bottom: 15px;\">WLAN-Standards 802.11b\/g\/n<br \/>\nDie \u00dcbertragungsgeschwindigkeit und -reichweite im WLAN ist abh\u00e4ngig von den elektromagnetischen Feldern in der Umgebung, Hindernissen, der Auslegung und Konfiguration des Zugriffspunkts, der Auslegung des Clients und der Konfiguration von Software\/Hardware. Die tats\u00e4chliche \u00dcbertragungsgeschwindigkeit wird die theoretische Maximalgeschwindigkeit unterschreiten.<\/li>\n<li style=\"margin-bottom: 15px;\">\u00c4nderungen vorbehalten<br \/>\nToshiba hat alle Anstrengungen unternommen, die Genauigkeit der hierin enthaltenen Informationen zum Ver\u00f6ffentlichungszeitpunkt sicherzustellen. Dennoch sind \u00c4nderungen von Produktspezifikationen, Konfigurationen und Preisen sowie der Verf\u00fcgbarkeit von Systemen\/Komponenten\/Optionen vorbehalten.Produktgestaltung, technische Daten und Farben k\u00f6nnen jederzeit ohne vorherige Ank\u00fcndigung ge\u00e4ndert werden und k\u00f6nnen von den Abbildungen abweichen. Irrtum vorbehalten.<\/li>\n<li style=\"margin-bottom: 15px;\">Bilder<br \/>\nDie Bilder auf allen Seiten der Website dienen nur der Veranschaulichung. Sie sollen beispielhaft zeigen, was die jeweilige Funktion bietet, und lassen nicht auf tats\u00e4chliche relative Unterschiede schlie\u00dfen.<\/li>\n<\/ol>\n<p>[\/vc_column_text][\/vc_column][vc_column width=&#8221;1\/2&#8243;][vc_column_text css=&#8221;&#8221;]<\/p>\n<h2><strong>Modellrelevante Haftungsausschl\u00fcsse und rechtliche Hinweise<\/strong><\/h2>\n<ol>\n<li style=\"margin-bottom: 15px;\">Windows ist eine eingetragene Marke oder Marke der Microsoft Corporation in den USA und\/oder anderen L\u00e4ndern.<\/li>\n<li style=\"margin-bottom: 15px;\">Mac, OS X und Time Machine sind Marken von Apple Inc., eingetragen in den USA und anderen L\u00e4ndern.<\/li>\n<li style=\"margin-bottom: 15px;\">Android<sup>TM<\/sup> ist eine Marke von Google Inc.<\/li>\n<li style=\"margin-bottom: 15px;\">USB Type-C\u00ae und USB-C\u00ae sind Marken des USB Implementers Forum und d\u00fcrfen nur mit Produkten verwendet werden, die auf der USB Type-C\u00ae Kabel- und Steckerspezifikation basieren und mit dieser konform sind.<\/li>\n<\/ol>\n<p>Canvio for Smartphone<\/p>\n<ol start=\"5\">\n<li style=\"margin-bottom: 15px;\">Voraussetzungen f\u00fcr die automatische Datensicherung und Akkuladung: Das Android-Smartphone muss eingeschaltet sein, \u00fcber ausreichend Akkuladung verf\u00fcgen und die zugeh\u00f6rige App muss darauf installiert sein.<\/li>\n<li style=\"margin-bottom: 15px;\">Es kann sein, dass das Backup aufgrund mangelnder Akkuladung des Smartphones nicht durchgef\u00fchrt wird.<\/li>\n<\/ol>\n<p>E300, P300, N300, X300<\/p>\n<ol start=\"7\">\n<li style=\"margin-bottom: 15px;\">Erfragen Sie Informationen zu den unterst\u00fctzen Laufwerkssch\u00e4chten von Ihrem L\u00f6sungsanbieter, denn die Kompatibilit\u00e4t mit dem Host-Ger\u00e4t h\u00e4ngt vom System ab.<\/li>\n<li style=\"margin-bottom: 15px;\">Die Position der unteren Montagebohrung kann je nach Produkt abweichen. Weitere Informationen erhalten Sie auf dieser Website: <a href=\"https:\/\/toshiba.semicon-storage.com\/de\/design-support\/faq\/storage-holes.html\">https:\/\/toshiba.semicon-storage.com\/de\/design-support\/faq\/storage-holes.html<\/a><\/li>\n<\/ol>\n<p>Canvio Gaming<\/p>\n<ol start=\"9\">\n<li style=\"margin-bottom: 15px;\">Beim Gaming-Speicher handelt es sich um einen Sch\u00e4tzwert auf Annahmenbasis. Angenommen wird eine durchschnittliche Game-Gr\u00f6\u00dfe von 36\u00a0GB bei aktuellen Games. Die Anzahl der Games variiert je nach Dateigr\u00f6\u00dfe, Formatierung, Konsolensoftware und anderen Programmen oder Faktoren. Erworbene und per Disc geladene Games m\u00fcssen eventuell anhand der Original-Disc \u00fcberpr\u00fcft werden. Eine Internetverbindung und das Konto des urspr\u00fcnglichen Game-Eigent\u00fcmers k\u00f6nnen erforderlich sein.<\/li>\n<\/ol>\n<p>[\/vc_column_text][\/vc_column][\/vc_row]<\/p>\n<\/div>","protected":false},"excerpt":{"rendered":"<p>[vc_row][vc_column width=&#8221;1\/2&#8243;][vc_column_text css=&#8221;&#8221;] Allgemeiner Haftungsausschluss Produktspezifikationen Alle erw\u00e4hnten Produktspezifikationen sind jeweils von Modell und Konfiguration und lokaler Verf\u00fcgbarkeit abh\u00e4ngig. Garantie Toshiba gew\u00e4hrt keine zus\u00e4tzlichen Garantien \u00fcber die hinaus, die in der von Toshiba bereitgestellten Beschreibung des jeweiligen Produkts enthalten oder gesetzlich vorgeschrieben sind. Kapazit\u00e4t In Zehnerpotenzen sind ein Gigabyte (1\u00a0GB) 109 = 1.000.000.000 Byte und &hellip;<\/p>\n","protected":false},"author":43,"featured_media":0,"parent":0,"menu_order":0,"comment_status":"closed","ping_status":"closed","template":"page-legal.php","meta":{"_acf_changed":false,"footnotes":""},"class_list":["post-11834","page","type-page","status-publish","hentry"],"acf":[],"yoast_head":"<!-- This site is optimized with the Yoast SEO Premium plugin v27.3 (Yoast SEO v27.3) - https:\/\/yoast.com\/product\/yoast-seo-premium-wordpress\/ -->\n<title>Rechtliche Produkthinweise - EMEA<\/title>\n<meta name=\"robots\" content=\"index, follow, max-snippet:-1, max-image-preview:large, max-video-preview:-1\" \/>\n<link rel=\"canonical\" href=\"https:\/\/www.toshiba-storage.com\/de\/product-disclaimer\/\" \/>\n<meta property=\"og:locale\" content=\"de_DE\" \/>\n<meta property=\"og:type\" content=\"article\" \/>\n<meta property=\"og:title\" content=\"Rechtliche Produkthinweise\" \/>\n<meta property=\"og:description\" content=\"[vc_row][vc_column width=&#8221;1\/2&#8243;][vc_column_text css=&#8221;&#8221;] Allgemeiner Haftungsausschluss Produktspezifikationen Alle erw\u00e4hnten Produktspezifikationen sind jeweils von Modell und Konfiguration und lokaler Verf\u00fcgbarkeit abh\u00e4ngig. Garantie Toshiba gew\u00e4hrt keine zus\u00e4tzlichen Garantien \u00fcber die hinaus, die in der von Toshiba bereitgestellten Beschreibung des jeweiligen Produkts enthalten oder gesetzlich vorgeschrieben sind. Kapazit\u00e4t In Zehnerpotenzen sind ein Gigabyte (1\u00a0GB) 109 = 1.000.000.000 Byte und &hellip;\" \/>\n<meta property=\"og:url\" content=\"https:\/\/www.toshiba-storage.com\/de\/product-disclaimer\/\" \/>\n<meta property=\"og:site_name\" content=\"EMEA\" \/>\n<meta property=\"article:publisher\" content=\"https:\/\/www.facebook.com\/ToshibaStorageEU\/\" \/>\n<meta property=\"article:modified_time\" content=\"2025-03-17T14:14:27+00:00\" \/>\n<meta name=\"twitter:card\" content=\"summary_large_image\" \/>\n<meta name=\"twitter:label1\" content=\"Est. reading time\" \/>\n\t<meta name=\"twitter:data1\" content=\"3 minutes\" \/>\n<script type=\"application\/ld+json\" class=\"yoast-schema-graph\">{\"@context\":\"https:\\\/\\\/schema.org\",\"@graph\":[{\"@type\":\"WebPage\",\"@id\":\"https:\\\/\\\/www.toshiba-storage.com\\\/de\\\/product-disclaimer\\\/\",\"url\":\"https:\\\/\\\/www.toshiba-storage.com\\\/de\\\/product-disclaimer\\\/\",\"name\":\"Rechtliche Produkthinweise - EMEA\",\"isPartOf\":{\"@id\":\"https:\\\/\\\/www.toshiba-storage.com\\\/de\\\/#website\"},\"datePublished\":\"2017-10-26T10:45:46+00:00\",\"dateModified\":\"2025-03-17T14:14:27+00:00\",\"inLanguage\":\"de-DE\",\"potentialAction\":[{\"@type\":\"ReadAction\",\"target\":[\"https:\\\/\\\/www.toshiba-storage.com\\\/de\\\/product-disclaimer\\\/\"]}]},{\"@type\":\"WebSite\",\"@id\":\"https:\\\/\\\/www.toshiba-storage.com\\\/de\\\/#website\",\"url\":\"https:\\\/\\\/www.toshiba-storage.com\\\/de\\\/\",\"name\":\"Toshiba Storage Solutions \u2013 EMEA Region\",\"description\":\"Toshiba in Europe and Middle East Asia provides reliable and innovative storage solutions and internal and external HDDs \u2013for Laptops, PC, NAS, Surveillance and Enterprise.\",\"publisher\":{\"@id\":\"https:\\\/\\\/www.toshiba-storage.com\\\/de\\\/#organization\"},\"potentialAction\":[{\"@type\":\"SearchAction\",\"target\":{\"@type\":\"EntryPoint\",\"urlTemplate\":\"https:\\\/\\\/www.toshiba-storage.com\\\/de\\\/?s={search_term_string}\"},\"query-input\":{\"@type\":\"PropertyValueSpecification\",\"valueRequired\":true,\"valueName\":\"search_term_string\"}}],\"inLanguage\":\"de-DE\"},{\"@type\":\"Organization\",\"@id\":\"https:\\\/\\\/www.toshiba-storage.com\\\/de\\\/#organization\",\"name\":\"Toshiba Electronics Europe GmbH\",\"url\":\"https:\\\/\\\/www.toshiba-storage.com\\\/de\\\/\",\"logo\":{\"@type\":\"ImageObject\",\"inLanguage\":\"de-DE\",\"@id\":\"https:\\\/\\\/www.toshiba-storage.com\\\/de\\\/#\\\/schema\\\/logo\\\/image\\\/\",\"url\":\"https:\\\/\\\/www.toshiba-storage.com\\\/wp\\\/wp-content\\\/uploads\\\/2024\\\/02\\\/toshiba-logo.png\",\"contentUrl\":\"https:\\\/\\\/www.toshiba-storage.com\\\/wp\\\/wp-content\\\/uploads\\\/2024\\\/02\\\/toshiba-logo.png\",\"width\":263,\"height\":40,\"caption\":\"Toshiba Electronics Europe GmbH\"},\"image\":{\"@id\":\"https:\\\/\\\/www.toshiba-storage.com\\\/de\\\/#\\\/schema\\\/logo\\\/image\\\/\"},\"sameAs\":[\"https:\\\/\\\/www.facebook.com\\\/ToshibaStorageEU\\\/\",\"https:\\\/\\\/www.linkedin.com\\\/company\\\/toshiba-electronics-europe-gmbh\\\/?originalSubdomain=de\",\"https:\\\/\\\/www.youtube.com\\\/user\\\/ToshibaElectronics1\"]}]}<\/script>\n<!-- \/ Yoast SEO Premium plugin. -->","yoast_head_json":{"title":"Rechtliche Produkthinweise - EMEA","robots":{"index":"index","follow":"follow","max-snippet":"max-snippet:-1","max-image-preview":"max-image-preview:large","max-video-preview":"max-video-preview:-1"},"canonical":"https:\/\/www.toshiba-storage.com\/de\/product-disclaimer\/","og_locale":"de_DE","og_type":"article","og_title":"Rechtliche Produkthinweise","og_description":"[vc_row][vc_column width=&#8221;1\/2&#8243;][vc_column_text css=&#8221;&#8221;] Allgemeiner Haftungsausschluss Produktspezifikationen Alle erw\u00e4hnten Produktspezifikationen sind jeweils von Modell und Konfiguration und lokaler Verf\u00fcgbarkeit abh\u00e4ngig. Garantie Toshiba gew\u00e4hrt keine zus\u00e4tzlichen Garantien \u00fcber die hinaus, die in der von Toshiba bereitgestellten Beschreibung des jeweiligen Produkts enthalten oder gesetzlich vorgeschrieben sind. Kapazit\u00e4t In Zehnerpotenzen sind ein Gigabyte (1\u00a0GB) 109 = 1.000.000.000 Byte und &hellip;","og_url":"https:\/\/www.toshiba-storage.com\/de\/product-disclaimer\/","og_site_name":"EMEA","article_publisher":"https:\/\/www.facebook.com\/ToshibaStorageEU\/","article_modified_time":"2025-03-17T14:14:27+00:00","twitter_card":"summary_large_image","twitter_misc":{"Est. reading time":"3 minutes"},"schema":{"@context":"https:\/\/schema.org","@graph":[{"@type":"WebPage","@id":"https:\/\/www.toshiba-storage.com\/de\/product-disclaimer\/","url":"https:\/\/www.toshiba-storage.com\/de\/product-disclaimer\/","name":"Rechtliche Produkthinweise - EMEA","isPartOf":{"@id":"https:\/\/www.toshiba-storage.com\/de\/#website"},"datePublished":"2017-10-26T10:45:46+00:00","dateModified":"2025-03-17T14:14:27+00:00","inLanguage":"de-DE","potentialAction":[{"@type":"ReadAction","target":["https:\/\/www.toshiba-storage.com\/de\/product-disclaimer\/"]}]},{"@type":"WebSite","@id":"https:\/\/www.toshiba-storage.com\/de\/#website","url":"https:\/\/www.toshiba-storage.com\/de\/","name":"Toshiba Storage Solutions \u2013 EMEA Region","description":"Toshiba in Europe and Middle East Asia provides reliable and innovative storage solutions and internal and external HDDs \u2013for Laptops, PC, NAS, Surveillance and Enterprise.","publisher":{"@id":"https:\/\/www.toshiba-storage.com\/de\/#organization"},"potentialAction":[{"@type":"SearchAction","target":{"@type":"EntryPoint","urlTemplate":"https:\/\/www.toshiba-storage.com\/de\/?s={search_term_string}"},"query-input":{"@type":"PropertyValueSpecification","valueRequired":true,"valueName":"search_term_string"}}],"inLanguage":"de-DE"},{"@type":"Organization","@id":"https:\/\/www.toshiba-storage.com\/de\/#organization","name":"Toshiba Electronics Europe GmbH","url":"https:\/\/www.toshiba-storage.com\/de\/","logo":{"@type":"ImageObject","inLanguage":"de-DE","@id":"https:\/\/www.toshiba-storage.com\/de\/#\/schema\/logo\/image\/","url":"https:\/\/www.toshiba-storage.com\/wp\/wp-content\/uploads\/2024\/02\/toshiba-logo.png","contentUrl":"https:\/\/www.toshiba-storage.com\/wp\/wp-content\/uploads\/2024\/02\/toshiba-logo.png","width":263,"height":40,"caption":"Toshiba Electronics Europe GmbH"},"image":{"@id":"https:\/\/www.toshiba-storage.com\/de\/#\/schema\/logo\/image\/"},"sameAs":["https:\/\/www.facebook.com\/ToshibaStorageEU\/","https:\/\/www.linkedin.com\/company\/toshiba-electronics-europe-gmbh\/?originalSubdomain=de","https:\/\/www.youtube.com\/user\/ToshibaElectronics1"]}]}},"_links":{"self":[{"href":"https:\/\/www.toshiba-storage.com\/de\/wp-json\/wp\/v2\/pages\/11834","targetHints":{"allow":["GET"]}}],"collection":[{"href":"https:\/\/www.toshiba-storage.com\/de\/wp-json\/wp\/v2\/pages"}],"about":[{"href":"https:\/\/www.toshiba-storage.com\/de\/wp-json\/wp\/v2\/types\/page"}],"author":[{"embeddable":true,"href":"https:\/\/www.toshiba-storage.com\/de\/wp-json\/wp\/v2\/users\/43"}],"replies":[{"embeddable":true,"href":"https:\/\/www.toshiba-storage.com\/de\/wp-json\/wp\/v2\/comments?post=11834"}],"version-history":[{"count":0,"href":"https:\/\/www.toshiba-storage.com\/de\/wp-json\/wp\/v2\/pages\/11834\/revisions"}],"wp:attachment":[{"href":"https:\/\/www.toshiba-storage.com\/de\/wp-json\/wp\/v2\/media?parent=11834"}],"curies":[{"name":"wp","href":"https:\/\/api.w.org\/{rel}","templated":true}]}}